{"id":12398,"date":"2026-03-11T19:28:23","date_gmt":"2026-03-11T19:28:23","guid":{"rendered":"https:\/\/ksproducts.ca\/?post_type=product&#038;p=12398"},"modified":"2026-03-16T15:52:34","modified_gmt":"2026-03-16T15:52:34","slug":"walex-porta-pak-desodorisant-de-reservoir-de-retention-pour-rv-et-marine-paquet-de-10-senteurs-fraiches","status":"publish","type":"product","link":"https:\/\/ksproducts.ca\/fr\/product\/walex-porta-pak-holding-tank-deodorizer-drop-ins-for-rv-and-marine-10-pack-fresh-scent\/","title":{"rendered":"Walex Porta-Pak D\u00e9sodorisant pour r\u00e9servoir d'eaux us\u00e9es pour v\u00e9hicules de loisirs et bateaux - paquet de 10 - Senteur fra\u00eeche"},"content":{"rendered":"<ul>\n<li data-start=\"642\" data-end=\"695\">Des sachets hydrosolubles pr\u00e9-dos\u00e9s pour une utilisation facile<\/li>\n<li data-start=\"698\" data-end=\"747\">Contr\u00f4le efficacement les odeurs dans les r\u00e9servoirs de stockage<\/li>\n<li data-start=\"750\" data-end=\"795\">Aide \u00e0 d\u00e9composer les d\u00e9chets et le papier hygi\u00e9nique<\/li>\n<li data-start=\"798\" data-end=\"854\">Lubrifie les soupapes et les joints pour un fonctionnement plus souple<\/li>\n<li data-start=\"857\" data-end=\"919\">Con\u00e7u pour les syst\u00e8mes d'assainissement des v\u00e9hicules de loisirs, des bateaux et des installations portables<\/li>\n<li data-start=\"922\" data-end=\"974\">Syst\u00e8me de contr\u00f4le des portions pour plus de commodit\u00e9<\/li>\n<li data-start=\"977\" data-end=\"1032\">Sachets recyclables pour r\u00e9duire l'impact sur l'environnement<\/li>\n<\/ul>","protected":false},"excerpt":{"rendered":"<p>Le d\u00e9sodorisant pour r\u00e9servoir de r\u00e9tention Walex Porta-Pak est un sachet hydrosoluble pr\u00e9emball\u00e9 qui contr\u00f4le les odeurs, aide \u00e0 d\u00e9composer les d\u00e9chets et le papier, et lubrifie les vannes et les joints. Walex a cr\u00e9\u00e9 Porta-Pak pour l'industrie des installations sanitaires portables avant de l'introduire sur le march\u00e9 des v\u00e9hicules de plaisance et des bateaux, o\u00f9 le syst\u00e8me unique de contr\u00f4le des portions reste le d\u00e9sodorisant \u00e0 usage unique le plus vendu dans le monde. Les clients peuvent recycler les sachets vides dans les bacs de recyclage des sacs en plastique, r\u00e9duisant ainsi leur impact sur la plan\u00e8te qu'ils aiment explorer.<\/p>","protected":false},"featured_media":12399,"comment_status":"open","ping_status":"closed","template":"","meta":[],"product_cat":[451],"product_tag":[],"class_list":{"0":"post-12398","1":"product","2":"type-product","3":"status-publish","4":"has-post-thumbnail","6":"product_cat-tools-equipment","7":"product_shipping_class-class-1","9":"first","10":"instock","11":"taxable","12":"shipping-taxable","13":"purchasable","14":"product-type-simple"},"yoast_head":"<!-- This site is optimized with the Yoast SEO plugin v27.3 - https:\/\/yoast.com\/product\/yoast-seo-wordpress\/ -->\n<title>Walex Porta-Pak Holding Tank Deodorizer Drop-ins for RV and Marine - 10 pack - Fresh Scent - Ks Products<\/title>\n<meta name=\"robots\" content=\"index, follow, max-snippet:-1, max-image-preview:large, max-video-preview:-1\" \/>\n<link rel=\"canonical\" href=\"https:\/\/ksproducts.ca\/fr\/product\/walex-porta-pak-desodorisant-de-reservoir-de-retention-pour-rv-et-marine-paquet-de-10-senteurs-fraiches\/\" \/>\n<meta property=\"og:locale\" content=\"fr_CA\" \/>\n<meta property=\"og:type\" content=\"article\" \/>\n<meta property=\"og:title\" content=\"Walex Porta-Pak Holding Tank Deodorizer Drop-ins for RV and Marine - 10 pack - Fresh Scent - Ks Products\" \/>\n<meta property=\"og:description\" content=\"Walex Porta-Pak Holding Tank Deodorizer is a pre-packaged water-soluble packet that controls odours, helps to break apart waste and paper, and lubricates valves and seals. Walex created Porta-Pak for the portable sanitation industry before bringing it to the RV\/Marine market, where the unique portion-control system remains the best-selling drop-in deodorizer worldwide. Customers can recycle the empty pouches in plastic bag recycling bins, thereby lowering their impact on the planet they love to explore.\" \/>\n<meta property=\"og:url\" content=\"https:\/\/ksproducts.ca\/fr\/product\/walex-porta-pak-desodorisant-de-reservoir-de-retention-pour-rv-et-marine-paquet-de-10-senteurs-fraiches\/\" \/>\n<meta property=\"og:site_name\" content=\"Ks Products\" \/>\n<meta property=\"article:modified_time\" content=\"2026-03-16T15:52:34+00:00\" \/>\n<meta property=\"og:image\" content=\"https:\/\/ksproducts.ca\/wp-content\/uploads\/2026\/03\/Walex-Porta-Pak-Holding-Tank-Deodorizer-Drop-ins-for-RV-and-Marine-10-pack-Fresh-Scent.jpg\" \/>\n\t<meta property=\"og:image:width\" content=\"711\" \/>\n\t<meta property=\"og:image:height\" content=\"800\" \/>\n\t<meta property=\"og:image:type\" content=\"image\/jpeg\" \/>\n<meta name=\"twitter:card\" content=\"summary_large_image\" \/>\n<meta name=\"twitter:label1\" content=\"Estimation du temps de lecture\" \/>\n\t<meta name=\"twitter:data1\" content=\"1 minute\" \/>\n<script type=\"application\/ld+json\" class=\"yoast-schema-graph\">{\"@context\":\"https:\\\/\\\/schema.org\",\"@graph\":[{\"@type\":\"WebPage\",\"@id\":\"https:\\\/\\\/ksproducts.ca\\\/product\\\/walex-porta-pak-holding-tank-deodorizer-drop-ins-for-rv-and-marine-10-pack-fresh-scent\\\/\",\"url\":\"https:\\\/\\\/ksproducts.ca\\\/product\\\/walex-porta-pak-holding-tank-deodorizer-drop-ins-for-rv-and-marine-10-pack-fresh-scent\\\/\",\"name\":\"Walex Porta-Pak Holding Tank Deodorizer Drop-ins for RV and Marine - 10 pack - Fresh Scent - Ks Products\",\"isPartOf\":{\"@id\":\"https:\\\/\\\/ksproducts.ca\\\/#website\"},\"primaryImageOfPage\":{\"@id\":\"https:\\\/\\\/ksproducts.ca\\\/product\\\/walex-porta-pak-holding-tank-deodorizer-drop-ins-for-rv-and-marine-10-pack-fresh-scent\\\/#primaryimage\"},\"image\":{\"@id\":\"https:\\\/\\\/ksproducts.ca\\\/product\\\/walex-porta-pak-holding-tank-deodorizer-drop-ins-for-rv-and-marine-10-pack-fresh-scent\\\/#primaryimage\"},\"thumbnailUrl\":\"https:\\\/\\\/ksproducts.ca\\\/wp-content\\\/uploads\\\/2026\\\/03\\\/Walex-Porta-Pak-Holding-Tank-Deodorizer-Drop-ins-for-RV-and-Marine-10-pack-Fresh-Scent.jpg\",\"datePublished\":\"2026-03-11T19:28:23+00:00\",\"dateModified\":\"2026-03-16T15:52:34+00:00\",\"breadcrumb\":{\"@id\":\"https:\\\/\\\/ksproducts.ca\\\/product\\\/walex-porta-pak-holding-tank-deodorizer-drop-ins-for-rv-and-marine-10-pack-fresh-scent\\\/#breadcrumb\"},\"inLanguage\":\"fr-CA\",\"potentialAction\":[{\"@type\":\"ReadAction\",\"target\":[\"https:\\\/\\\/ksproducts.ca\\\/product\\\/walex-porta-pak-holding-tank-deodorizer-drop-ins-for-rv-and-marine-10-pack-fresh-scent\\\/\"]}]},{\"@type\":\"ImageObject\",\"inLanguage\":\"fr-CA\",\"@id\":\"https:\\\/\\\/ksproducts.ca\\\/product\\\/walex-porta-pak-holding-tank-deodorizer-drop-ins-for-rv-and-marine-10-pack-fresh-scent\\\/#primaryimage\",\"url\":\"https:\\\/\\\/ksproducts.ca\\\/wp-content\\\/uploads\\\/2026\\\/03\\\/Walex-Porta-Pak-Holding-Tank-Deodorizer-Drop-ins-for-RV-and-Marine-10-pack-Fresh-Scent.jpg\",\"contentUrl\":\"https:\\\/\\\/ksproducts.ca\\\/wp-content\\\/uploads\\\/2026\\\/03\\\/Walex-Porta-Pak-Holding-Tank-Deodorizer-Drop-ins-for-RV-and-Marine-10-pack-Fresh-Scent.jpg\",\"width\":711,\"height\":800,\"caption\":\"Walex Porta Pak Holding Tank Deodorizer Drop ins for RV and Marine 10 pack Fresh Scent\"},{\"@type\":\"BreadcrumbList\",\"@id\":\"https:\\\/\\\/ksproducts.ca\\\/product\\\/walex-porta-pak-holding-tank-deodorizer-drop-ins-for-rv-and-marine-10-pack-fresh-scent\\\/#breadcrumb\",\"itemListElement\":[{\"@type\":\"ListItem\",\"position\":1,\"name\":\"Home\",\"item\":\"https:\\\/\\\/ksproducts.ca\\\/\"},{\"@type\":\"ListItem\",\"position\":2,\"name\":\"Shop\",\"item\":\"https:\\\/\\\/ksproducts.ca\\\/shop\\\/\"},{\"@type\":\"ListItem\",\"position\":3,\"name\":\"Walex Porta-Pak Holding Tank Deodorizer Drop-ins for RV and Marine &#8211; 10 pack &#8211; Fresh Scent\"}]},{\"@type\":\"WebSite\",\"@id\":\"https:\\\/\\\/ksproducts.ca\\\/#website\",\"url\":\"https:\\\/\\\/ksproducts.ca\\\/\",\"name\":\"Ks Products\",\"description\":\"Outdoor cooking and living, made easy in Canada\",\"publisher\":{\"@id\":\"https:\\\/\\\/ksproducts.ca\\\/#organization\"},\"potentialAction\":[{\"@type\":\"SearchAction\",\"target\":{\"@type\":\"EntryPoint\",\"urlTemplate\":\"https:\\\/\\\/ksproducts.ca\\\/?s={search_term_string}\"},\"query-input\":{\"@type\":\"PropertyValueSpecification\",\"valueRequired\":true,\"valueName\":\"search_term_string\"}}],\"inLanguage\":\"fr-CA\"},{\"@type\":\"Organization\",\"@id\":\"https:\\\/\\\/ksproducts.ca\\\/#organization\",\"name\":\"Ks Products\",\"url\":\"https:\\\/\\\/ksproducts.ca\\\/\",\"logo\":{\"@type\":\"ImageObject\",\"inLanguage\":\"fr-CA\",\"@id\":\"https:\\\/\\\/ksproducts.ca\\\/#\\\/schema\\\/logo\\\/image\\\/\",\"url\":\"https:\\\/\\\/ksproducts.ca\\\/wp-content\\\/uploads\\\/2023\\\/09\\\/Kennedy-Sales-Logo-header-1.png\",\"contentUrl\":\"https:\\\/\\\/ksproducts.ca\\\/wp-content\\\/uploads\\\/2023\\\/09\\\/Kennedy-Sales-Logo-header-1.png\",\"width\":150,\"height\":77,\"caption\":\"Ks Products\"},\"image\":{\"@id\":\"https:\\\/\\\/ksproducts.ca\\\/#\\\/schema\\\/logo\\\/image\\\/\"}}]}<\/script>\n<!-- \/ Yoast SEO plugin. -->","yoast_head_json":{"title":"Walex Porta-Pak D\u00e9sodorisant pour r\u00e9servoir d'eaux us\u00e9es pour v\u00e9hicules de loisirs et bateaux - paquet de 10 - Senteur fra\u00eeche - Ks Products","robots":{"index":"index","follow":"follow","max-snippet":"max-snippet:-1","max-image-preview":"max-image-preview:large","max-video-preview":"max-video-preview:-1"},"canonical":"https:\/\/ksproducts.ca\/fr\/product\/walex-porta-pak-desodorisant-de-reservoir-de-retention-pour-rv-et-marine-paquet-de-10-senteurs-fraiches\/","og_locale":"fr_CA","og_type":"article","og_title":"Walex Porta-Pak Holding Tank Deodorizer Drop-ins for RV and Marine - 10 pack - Fresh Scent - Ks Products","og_description":"Walex Porta-Pak Holding Tank Deodorizer is a pre-packaged water-soluble packet that controls odours, helps to break apart waste and paper, and lubricates valves and seals. Walex created Porta-Pak for the portable sanitation industry before bringing it to the RV\/Marine market, where the unique portion-control system remains the best-selling drop-in deodorizer worldwide. Customers can recycle the empty pouches in plastic bag recycling bins, thereby lowering their impact on the planet they love to explore.","og_url":"https:\/\/ksproducts.ca\/fr\/product\/walex-porta-pak-desodorisant-de-reservoir-de-retention-pour-rv-et-marine-paquet-de-10-senteurs-fraiches\/","og_site_name":"Ks Products","article_modified_time":"2026-03-16T15:52:34+00:00","og_image":[{"width":711,"height":800,"url":"https:\/\/ksproducts.ca\/wp-content\/uploads\/2026\/03\/Walex-Porta-Pak-Holding-Tank-Deodorizer-Drop-ins-for-RV-and-Marine-10-pack-Fresh-Scent.jpg","type":"image\/jpeg"}],"twitter_card":"summary_large_image","twitter_misc":{"Estimation du temps de lecture":"1 minute"},"schema":{"@context":"https:\/\/schema.org","@graph":[{"@type":"WebPage","@id":"https:\/\/ksproducts.ca\/product\/walex-porta-pak-holding-tank-deodorizer-drop-ins-for-rv-and-marine-10-pack-fresh-scent\/","url":"https:\/\/ksproducts.ca\/product\/walex-porta-pak-holding-tank-deodorizer-drop-ins-for-rv-and-marine-10-pack-fresh-scent\/","name":"Walex Porta-Pak D\u00e9sodorisant pour r\u00e9servoir d'eaux us\u00e9es pour v\u00e9hicules de loisirs et bateaux - paquet de 10 - Senteur fra\u00eeche - Ks Products","isPartOf":{"@id":"https:\/\/ksproducts.ca\/#website"},"primaryImageOfPage":{"@id":"https:\/\/ksproducts.ca\/product\/walex-porta-pak-holding-tank-deodorizer-drop-ins-for-rv-and-marine-10-pack-fresh-scent\/#primaryimage"},"image":{"@id":"https:\/\/ksproducts.ca\/product\/walex-porta-pak-holding-tank-deodorizer-drop-ins-for-rv-and-marine-10-pack-fresh-scent\/#primaryimage"},"thumbnailUrl":"https:\/\/ksproducts.ca\/wp-content\/uploads\/2026\/03\/Walex-Porta-Pak-Holding-Tank-Deodorizer-Drop-ins-for-RV-and-Marine-10-pack-Fresh-Scent.jpg","datePublished":"2026-03-11T19:28:23+00:00","dateModified":"2026-03-16T15:52:34+00:00","breadcrumb":{"@id":"https:\/\/ksproducts.ca\/product\/walex-porta-pak-holding-tank-deodorizer-drop-ins-for-rv-and-marine-10-pack-fresh-scent\/#breadcrumb"},"inLanguage":"fr-CA","potentialAction":[{"@type":"ReadAction","target":["https:\/\/ksproducts.ca\/product\/walex-porta-pak-holding-tank-deodorizer-drop-ins-for-rv-and-marine-10-pack-fresh-scent\/"]}]},{"@type":"ImageObject","inLanguage":"fr-CA","@id":"https:\/\/ksproducts.ca\/product\/walex-porta-pak-holding-tank-deodorizer-drop-ins-for-rv-and-marine-10-pack-fresh-scent\/#primaryimage","url":"https:\/\/ksproducts.ca\/wp-content\/uploads\/2026\/03\/Walex-Porta-Pak-Holding-Tank-Deodorizer-Drop-ins-for-RV-and-Marine-10-pack-Fresh-Scent.jpg","contentUrl":"https:\/\/ksproducts.ca\/wp-content\/uploads\/2026\/03\/Walex-Porta-Pak-Holding-Tank-Deodorizer-Drop-ins-for-RV-and-Marine-10-pack-Fresh-Scent.jpg","width":711,"height":800,"caption":"Walex Porta Pak Holding Tank Deodorizer Drop ins for RV and Marine 10 pack Fresh Scent"},{"@type":"BreadcrumbList","@id":"https:\/\/ksproducts.ca\/product\/walex-porta-pak-holding-tank-deodorizer-drop-ins-for-rv-and-marine-10-pack-fresh-scent\/#breadcrumb","itemListElement":[{"@type":"ListItem","position":1,"name":"Home","item":"https:\/\/ksproducts.ca\/"},{"@type":"ListItem","position":2,"name":"Shop","item":"https:\/\/ksproducts.ca\/shop\/"},{"@type":"ListItem","position":3,"name":"Walex Porta-Pak Holding Tank Deodorizer Drop-ins for RV and Marine &#8211; 10 pack &#8211; Fresh Scent"}]},{"@type":"WebSite","@id":"https:\/\/ksproducts.ca\/#website","url":"https:\/\/ksproducts.ca\/","name":"Produits Ks","description":"Cuisiner et vivre en plein air, c'est facile au Canada","publisher":{"@id":"https:\/\/ksproducts.ca\/#organization"},"potentialAction":[{"@type":"SearchAction","target":{"@type":"EntryPoint","urlTemplate":"https:\/\/ksproducts.ca\/?s={search_term_string}"},"query-input":{"@type":"PropertyValueSpecification","valueRequired":true,"valueName":"search_term_string"}}],"inLanguage":"fr-CA"},{"@type":"Organization","@id":"https:\/\/ksproducts.ca\/#organization","name":"Produits Ks","url":"https:\/\/ksproducts.ca\/","logo":{"@type":"ImageObject","inLanguage":"fr-CA","@id":"https:\/\/ksproducts.ca\/#\/schema\/logo\/image\/","url":"https:\/\/ksproducts.ca\/wp-content\/uploads\/2023\/09\/Kennedy-Sales-Logo-header-1.png","contentUrl":"https:\/\/ksproducts.ca\/wp-content\/uploads\/2023\/09\/Kennedy-Sales-Logo-header-1.png","width":150,"height":77,"caption":"Ks Products"},"image":{"@id":"https:\/\/ksproducts.ca\/#\/schema\/logo\/image\/"}}]}},"_links":{"self":[{"href":"https:\/\/ksproducts.ca\/fr\/wp-json\/wp\/v2\/product\/12398","targetHints":{"allow":["GET"]}}],"collection":[{"href":"https:\/\/ksproducts.ca\/fr\/wp-json\/wp\/v2\/product"}],"about":[{"href":"https:\/\/ksproducts.ca\/fr\/wp-json\/wp\/v2\/types\/product"}],"replies":[{"embeddable":true,"href":"https:\/\/ksproducts.ca\/fr\/wp-json\/wp\/v2\/comments?post=12398"}],"version-history":[{"count":1,"href":"https:\/\/ksproducts.ca\/fr\/wp-json\/wp\/v2\/product\/12398\/revisions"}],"predecessor-version":[{"id":12400,"href":"https:\/\/ksproducts.ca\/fr\/wp-json\/wp\/v2\/product\/12398\/revisions\/12400"}],"wp:featuredmedia":[{"embeddable":true,"href":"https:\/\/ksproducts.ca\/fr\/wp-json\/wp\/v2\/media\/12399"}],"wp:attachment":[{"href":"https:\/\/ksproducts.ca\/fr\/wp-json\/wp\/v2\/media?parent=12398"}],"wp:term":[{"taxonomy":"product_cat","embeddable":true,"href":"https:\/\/ksproducts.ca\/fr\/wp-json\/wp\/v2\/product_cat?post=12398"},{"taxonomy":"product_tag","embeddable":true,"href":"https:\/\/ksproducts.ca\/fr\/wp-json\/wp\/v2\/product_tag?post=12398"}],"curies":[{"name":"wp","href":"https:\/\/api.w.org\/{rel}","templated":true}]}}