{"id":12401,"date":"2026-03-11T19:31:42","date_gmt":"2026-03-11T19:31:42","guid":{"rendered":"https:\/\/ksproducts.ca\/?post_type=product&#038;p=12401"},"modified":"2026-03-16T15:53:27","modified_gmt":"2026-03-16T15:53:27","slug":"walex-porta-pak-desodorisant-de-reservoir-de-retention-pour-rv-et-marine-paquet-de-10-senteur-lavande","status":"publish","type":"product","link":"https:\/\/ksproducts.ca\/fr\/product\/walex-porta-pak-holding-tank-deodorizer-drop-ins-for-rv-and-marine-10-pack-lavender-scent\/","title":{"rendered":"Walex Porta-Pak D\u00e9sodorisant pour r\u00e9servoir d'eaux us\u00e9es pour v\u00e9hicules de loisirs et bateaux - paquet de 10 - Senteur lavande"},"content":{"rendered":"<ul class=\"a-unordered-list a-vertical a-spacing-mini\">\n<li class=\"a-spacing-mini\"><span class=\"a-list-item\">#1 D\u00e9sodorisant pour le contr\u00f4le des portions dans le monde<\/span><\/li>\n<li class=\"a-spacing-mini\"><span class=\"a-list-item\">Pr\u00e9vention imbattable des odeurs<\/span><\/li>\n<li class=\"a-spacing-mini\"><span class=\"a-list-item\">Sans formald\u00e9hyde<\/span><\/li>\n<li class=\"a-spacing-mini\"><span class=\"a-list-item\">D\u00e9sodorise et d\u00e9compose les d\u00e9chets et le papier<\/span><\/li>\n<li class=\"a-spacing-mini\"><span class=\"a-list-item\">Fra\u00eecheur de la \u201cNOUVELLE\u201d odeur de lavande<\/span><\/li>\n<\/ul>","protected":false},"excerpt":{"rendered":"<p>Le d\u00e9sodorisant pour r\u00e9servoir de r\u00e9tention Walex Porta-Pak est le d\u00e9sodorisant \u00e0 contr\u00f4le de portion #1 au monde, con\u00e7u pour garder les r\u00e9servoirs de r\u00e9tention des v\u00e9hicules de plaisance et des bateaux frais et sans odeur. Sa formule puissante offre une pr\u00e9vention imbattable des odeurs tout en aidant \u00e0 d\u00e9composer les d\u00e9chets et le papier hygi\u00e9nique pour un fonctionnement plus doux du r\u00e9servoir. La formule sans formald\u00e9hyde est plus s\u00fbre pour l'environnement et pr\u00e9sente maintenant un nouveau parfum frais de lavande pour une odeur agr\u00e9able.<\/p>","protected":false},"featured_media":12402,"comment_status":"open","ping_status":"closed","template":"","meta":[],"product_cat":[451],"product_tag":[],"class_list":{"0":"post-12401","1":"product","2":"type-product","3":"status-publish","4":"has-post-thumbnail","6":"product_cat-tools-equipment","7":"product_shipping_class-class-1","9":"first","10":"instock","11":"taxable","12":"shipping-taxable","13":"purchasable","14":"product-type-simple"},"yoast_head":"<!-- This site is optimized with the Yoast SEO plugin v27.3 - https:\/\/yoast.com\/product\/yoast-seo-wordpress\/ -->\n<title>Walex Porta-Pak Holding Tank Deodorizer Drop-ins for RV and Marine - 10 pack - Lavender Scent - Ks Products<\/title>\n<meta name=\"robots\" content=\"index, follow, max-snippet:-1, max-image-preview:large, max-video-preview:-1\" \/>\n<link rel=\"canonical\" href=\"https:\/\/ksproducts.ca\/fr\/product\/walex-porta-pak-desodorisant-de-reservoir-de-retention-pour-rv-et-marine-paquet-de-10-senteur-lavande\/\" \/>\n<meta property=\"og:locale\" content=\"fr_CA\" \/>\n<meta property=\"og:type\" content=\"article\" \/>\n<meta property=\"og:title\" content=\"Walex Porta-Pak Holding Tank Deodorizer Drop-ins for RV and Marine - 10 pack - Lavender Scent - Ks Products\" \/>\n<meta property=\"og:description\" content=\"The Walex Porta-Pak Holding Tank Deodorizer is the #1 portion-control deodorizer in the world, designed to keep RV and marine holding tanks fresh and odor-free. Its powerful formula provides unbeatable odor prevention while helping break down waste and toilet paper for smoother tank operation. The formaldehyde-free formula is safer for the environment and now features a fresh new lavender scent for a pleasant fragrance.\" \/>\n<meta property=\"og:url\" content=\"https:\/\/ksproducts.ca\/fr\/product\/walex-porta-pak-desodorisant-de-reservoir-de-retention-pour-rv-et-marine-paquet-de-10-senteur-lavande\/\" \/>\n<meta property=\"og:site_name\" content=\"Ks Products\" \/>\n<meta property=\"article:modified_time\" content=\"2026-03-16T15:53:27+00:00\" \/>\n<meta property=\"og:image\" content=\"https:\/\/ksproducts.ca\/wp-content\/uploads\/2026\/03\/Walex-Porta-Pak-Holding-Tank-Deodorizer-Drop-ins-for-RV-and-Marine-10-pack-Lavender-Scent.jpg\" \/>\n\t<meta property=\"og:image:width\" content=\"679\" \/>\n\t<meta property=\"og:image:height\" content=\"769\" \/>\n\t<meta property=\"og:image:type\" content=\"image\/jpeg\" \/>\n<meta name=\"twitter:card\" content=\"summary_large_image\" \/>\n<meta name=\"twitter:label1\" content=\"Estimation du temps de lecture\" \/>\n\t<meta name=\"twitter:data1\" content=\"1 minute\" \/>\n<script type=\"application\/ld+json\" class=\"yoast-schema-graph\">{\"@context\":\"https:\\\/\\\/schema.org\",\"@graph\":[{\"@type\":\"WebPage\",\"@id\":\"https:\\\/\\\/ksproducts.ca\\\/product\\\/walex-porta-pak-holding-tank-deodorizer-drop-ins-for-rv-and-marine-10-pack-lavender-scent\\\/\",\"url\":\"https:\\\/\\\/ksproducts.ca\\\/product\\\/walex-porta-pak-holding-tank-deodorizer-drop-ins-for-rv-and-marine-10-pack-lavender-scent\\\/\",\"name\":\"Walex Porta-Pak Holding Tank Deodorizer Drop-ins for RV and Marine - 10 pack - Lavender Scent - Ks Products\",\"isPartOf\":{\"@id\":\"https:\\\/\\\/ksproducts.ca\\\/#website\"},\"primaryImageOfPage\":{\"@id\":\"https:\\\/\\\/ksproducts.ca\\\/product\\\/walex-porta-pak-holding-tank-deodorizer-drop-ins-for-rv-and-marine-10-pack-lavender-scent\\\/#primaryimage\"},\"image\":{\"@id\":\"https:\\\/\\\/ksproducts.ca\\\/product\\\/walex-porta-pak-holding-tank-deodorizer-drop-ins-for-rv-and-marine-10-pack-lavender-scent\\\/#primaryimage\"},\"thumbnailUrl\":\"https:\\\/\\\/ksproducts.ca\\\/wp-content\\\/uploads\\\/2026\\\/03\\\/Walex-Porta-Pak-Holding-Tank-Deodorizer-Drop-ins-for-RV-and-Marine-10-pack-Lavender-Scent.jpg\",\"datePublished\":\"2026-03-11T19:31:42+00:00\",\"dateModified\":\"2026-03-16T15:53:27+00:00\",\"breadcrumb\":{\"@id\":\"https:\\\/\\\/ksproducts.ca\\\/product\\\/walex-porta-pak-holding-tank-deodorizer-drop-ins-for-rv-and-marine-10-pack-lavender-scent\\\/#breadcrumb\"},\"inLanguage\":\"fr-CA\",\"potentialAction\":[{\"@type\":\"ReadAction\",\"target\":[\"https:\\\/\\\/ksproducts.ca\\\/product\\\/walex-porta-pak-holding-tank-deodorizer-drop-ins-for-rv-and-marine-10-pack-lavender-scent\\\/\"]}]},{\"@type\":\"ImageObject\",\"inLanguage\":\"fr-CA\",\"@id\":\"https:\\\/\\\/ksproducts.ca\\\/product\\\/walex-porta-pak-holding-tank-deodorizer-drop-ins-for-rv-and-marine-10-pack-lavender-scent\\\/#primaryimage\",\"url\":\"https:\\\/\\\/ksproducts.ca\\\/wp-content\\\/uploads\\\/2026\\\/03\\\/Walex-Porta-Pak-Holding-Tank-Deodorizer-Drop-ins-for-RV-and-Marine-10-pack-Lavender-Scent.jpg\",\"contentUrl\":\"https:\\\/\\\/ksproducts.ca\\\/wp-content\\\/uploads\\\/2026\\\/03\\\/Walex-Porta-Pak-Holding-Tank-Deodorizer-Drop-ins-for-RV-and-Marine-10-pack-Lavender-Scent.jpg\",\"width\":679,\"height\":769,\"caption\":\"Walex Porta Pak Holding Tank Deodorizer Drop ins for RV and Marine 10 pack Lavender Scent\"},{\"@type\":\"BreadcrumbList\",\"@id\":\"https:\\\/\\\/ksproducts.ca\\\/product\\\/walex-porta-pak-holding-tank-deodorizer-drop-ins-for-rv-and-marine-10-pack-lavender-scent\\\/#breadcrumb\",\"itemListElement\":[{\"@type\":\"ListItem\",\"position\":1,\"name\":\"Home\",\"item\":\"https:\\\/\\\/ksproducts.ca\\\/\"},{\"@type\":\"ListItem\",\"position\":2,\"name\":\"Shop\",\"item\":\"https:\\\/\\\/ksproducts.ca\\\/shop\\\/\"},{\"@type\":\"ListItem\",\"position\":3,\"name\":\"Walex Porta-Pak Holding Tank Deodorizer Drop-ins for RV and Marine &#8211; 10 pack &#8211; Lavender Scent\"}]},{\"@type\":\"WebSite\",\"@id\":\"https:\\\/\\\/ksproducts.ca\\\/#website\",\"url\":\"https:\\\/\\\/ksproducts.ca\\\/\",\"name\":\"Ks Products\",\"description\":\"Outdoor cooking and living, made easy in Canada\",\"publisher\":{\"@id\":\"https:\\\/\\\/ksproducts.ca\\\/#organization\"},\"potentialAction\":[{\"@type\":\"SearchAction\",\"target\":{\"@type\":\"EntryPoint\",\"urlTemplate\":\"https:\\\/\\\/ksproducts.ca\\\/?s={search_term_string}\"},\"query-input\":{\"@type\":\"PropertyValueSpecification\",\"valueRequired\":true,\"valueName\":\"search_term_string\"}}],\"inLanguage\":\"fr-CA\"},{\"@type\":\"Organization\",\"@id\":\"https:\\\/\\\/ksproducts.ca\\\/#organization\",\"name\":\"Ks Products\",\"url\":\"https:\\\/\\\/ksproducts.ca\\\/\",\"logo\":{\"@type\":\"ImageObject\",\"inLanguage\":\"fr-CA\",\"@id\":\"https:\\\/\\\/ksproducts.ca\\\/#\\\/schema\\\/logo\\\/image\\\/\",\"url\":\"https:\\\/\\\/ksproducts.ca\\\/wp-content\\\/uploads\\\/2023\\\/09\\\/Kennedy-Sales-Logo-header-1.png\",\"contentUrl\":\"https:\\\/\\\/ksproducts.ca\\\/wp-content\\\/uploads\\\/2023\\\/09\\\/Kennedy-Sales-Logo-header-1.png\",\"width\":150,\"height\":77,\"caption\":\"Ks Products\"},\"image\":{\"@id\":\"https:\\\/\\\/ksproducts.ca\\\/#\\\/schema\\\/logo\\\/image\\\/\"}}]}<\/script>\n<!-- \/ Yoast SEO plugin. -->","yoast_head_json":{"title":"Walex Porta-Pak D\u00e9sodorisant pour r\u00e9servoir de r\u00e9tention pour v\u00e9hicules de loisirs et bateaux - paquet de 10 - Senteur lavande - Ks Products","robots":{"index":"index","follow":"follow","max-snippet":"max-snippet:-1","max-image-preview":"max-image-preview:large","max-video-preview":"max-video-preview:-1"},"canonical":"https:\/\/ksproducts.ca\/fr\/product\/walex-porta-pak-desodorisant-de-reservoir-de-retention-pour-rv-et-marine-paquet-de-10-senteur-lavande\/","og_locale":"fr_CA","og_type":"article","og_title":"Walex Porta-Pak Holding Tank Deodorizer Drop-ins for RV and Marine - 10 pack - Lavender Scent - Ks Products","og_description":"The Walex Porta-Pak Holding Tank Deodorizer is the #1 portion-control deodorizer in the world, designed to keep RV and marine holding tanks fresh and odor-free. Its powerful formula provides unbeatable odor prevention while helping break down waste and toilet paper for smoother tank operation. The formaldehyde-free formula is safer for the environment and now features a fresh new lavender scent for a pleasant fragrance.","og_url":"https:\/\/ksproducts.ca\/fr\/product\/walex-porta-pak-desodorisant-de-reservoir-de-retention-pour-rv-et-marine-paquet-de-10-senteur-lavande\/","og_site_name":"Ks Products","article_modified_time":"2026-03-16T15:53:27+00:00","og_image":[{"width":679,"height":769,"url":"https:\/\/ksproducts.ca\/wp-content\/uploads\/2026\/03\/Walex-Porta-Pak-Holding-Tank-Deodorizer-Drop-ins-for-RV-and-Marine-10-pack-Lavender-Scent.jpg","type":"image\/jpeg"}],"twitter_card":"summary_large_image","twitter_misc":{"Estimation du temps de lecture":"1 minute"},"schema":{"@context":"https:\/\/schema.org","@graph":[{"@type":"WebPage","@id":"https:\/\/ksproducts.ca\/product\/walex-porta-pak-holding-tank-deodorizer-drop-ins-for-rv-and-marine-10-pack-lavender-scent\/","url":"https:\/\/ksproducts.ca\/product\/walex-porta-pak-holding-tank-deodorizer-drop-ins-for-rv-and-marine-10-pack-lavender-scent\/","name":"Walex Porta-Pak D\u00e9sodorisant pour r\u00e9servoir de r\u00e9tention pour v\u00e9hicules de loisirs et bateaux - paquet de 10 - Senteur lavande - Ks Products","isPartOf":{"@id":"https:\/\/ksproducts.ca\/#website"},"primaryImageOfPage":{"@id":"https:\/\/ksproducts.ca\/product\/walex-porta-pak-holding-tank-deodorizer-drop-ins-for-rv-and-marine-10-pack-lavender-scent\/#primaryimage"},"image":{"@id":"https:\/\/ksproducts.ca\/product\/walex-porta-pak-holding-tank-deodorizer-drop-ins-for-rv-and-marine-10-pack-lavender-scent\/#primaryimage"},"thumbnailUrl":"https:\/\/ksproducts.ca\/wp-content\/uploads\/2026\/03\/Walex-Porta-Pak-Holding-Tank-Deodorizer-Drop-ins-for-RV-and-Marine-10-pack-Lavender-Scent.jpg","datePublished":"2026-03-11T19:31:42+00:00","dateModified":"2026-03-16T15:53:27+00:00","breadcrumb":{"@id":"https:\/\/ksproducts.ca\/product\/walex-porta-pak-holding-tank-deodorizer-drop-ins-for-rv-and-marine-10-pack-lavender-scent\/#breadcrumb"},"inLanguage":"fr-CA","potentialAction":[{"@type":"ReadAction","target":["https:\/\/ksproducts.ca\/product\/walex-porta-pak-holding-tank-deodorizer-drop-ins-for-rv-and-marine-10-pack-lavender-scent\/"]}]},{"@type":"ImageObject","inLanguage":"fr-CA","@id":"https:\/\/ksproducts.ca\/product\/walex-porta-pak-holding-tank-deodorizer-drop-ins-for-rv-and-marine-10-pack-lavender-scent\/#primaryimage","url":"https:\/\/ksproducts.ca\/wp-content\/uploads\/2026\/03\/Walex-Porta-Pak-Holding-Tank-Deodorizer-Drop-ins-for-RV-and-Marine-10-pack-Lavender-Scent.jpg","contentUrl":"https:\/\/ksproducts.ca\/wp-content\/uploads\/2026\/03\/Walex-Porta-Pak-Holding-Tank-Deodorizer-Drop-ins-for-RV-and-Marine-10-pack-Lavender-Scent.jpg","width":679,"height":769,"caption":"Walex Porta Pak Holding Tank Deodorizer Drop ins for RV and Marine 10 pack Lavender Scent"},{"@type":"BreadcrumbList","@id":"https:\/\/ksproducts.ca\/product\/walex-porta-pak-holding-tank-deodorizer-drop-ins-for-rv-and-marine-10-pack-lavender-scent\/#breadcrumb","itemListElement":[{"@type":"ListItem","position":1,"name":"Home","item":"https:\/\/ksproducts.ca\/"},{"@type":"ListItem","position":2,"name":"Shop","item":"https:\/\/ksproducts.ca\/shop\/"},{"@type":"ListItem","position":3,"name":"Walex Porta-Pak Holding Tank Deodorizer Drop-ins for RV and Marine &#8211; 10 pack &#8211; Lavender Scent"}]},{"@type":"WebSite","@id":"https:\/\/ksproducts.ca\/#website","url":"https:\/\/ksproducts.ca\/","name":"Produits Ks","description":"Cuisiner et vivre en plein air, c'est facile au Canada","publisher":{"@id":"https:\/\/ksproducts.ca\/#organization"},"potentialAction":[{"@type":"SearchAction","target":{"@type":"EntryPoint","urlTemplate":"https:\/\/ksproducts.ca\/?s={search_term_string}"},"query-input":{"@type":"PropertyValueSpecification","valueRequired":true,"valueName":"search_term_string"}}],"inLanguage":"fr-CA"},{"@type":"Organization","@id":"https:\/\/ksproducts.ca\/#organization","name":"Produits Ks","url":"https:\/\/ksproducts.ca\/","logo":{"@type":"ImageObject","inLanguage":"fr-CA","@id":"https:\/\/ksproducts.ca\/#\/schema\/logo\/image\/","url":"https:\/\/ksproducts.ca\/wp-content\/uploads\/2023\/09\/Kennedy-Sales-Logo-header-1.png","contentUrl":"https:\/\/ksproducts.ca\/wp-content\/uploads\/2023\/09\/Kennedy-Sales-Logo-header-1.png","width":150,"height":77,"caption":"Ks Products"},"image":{"@id":"https:\/\/ksproducts.ca\/#\/schema\/logo\/image\/"}}]}},"_links":{"self":[{"href":"https:\/\/ksproducts.ca\/fr\/wp-json\/wp\/v2\/product\/12401","targetHints":{"allow":["GET"]}}],"collection":[{"href":"https:\/\/ksproducts.ca\/fr\/wp-json\/wp\/v2\/product"}],"about":[{"href":"https:\/\/ksproducts.ca\/fr\/wp-json\/wp\/v2\/types\/product"}],"replies":[{"embeddable":true,"href":"https:\/\/ksproducts.ca\/fr\/wp-json\/wp\/v2\/comments?post=12401"}],"version-history":[{"count":1,"href":"https:\/\/ksproducts.ca\/fr\/wp-json\/wp\/v2\/product\/12401\/revisions"}],"predecessor-version":[{"id":12403,"href":"https:\/\/ksproducts.ca\/fr\/wp-json\/wp\/v2\/product\/12401\/revisions\/12403"}],"wp:featuredmedia":[{"embeddable":true,"href":"https:\/\/ksproducts.ca\/fr\/wp-json\/wp\/v2\/media\/12402"}],"wp:attachment":[{"href":"https:\/\/ksproducts.ca\/fr\/wp-json\/wp\/v2\/media?parent=12401"}],"wp:term":[{"taxonomy":"product_cat","embeddable":true,"href":"https:\/\/ksproducts.ca\/fr\/wp-json\/wp\/v2\/product_cat?post=12401"},{"taxonomy":"product_tag","embeddable":true,"href":"https:\/\/ksproducts.ca\/fr\/wp-json\/wp\/v2\/product_tag?post=12401"}],"curies":[{"name":"wp","href":"https:\/\/api.w.org\/{rel}","templated":true}]}}