{"id":12404,"date":"2026-03-11T19:35:32","date_gmt":"2026-03-11T19:35:32","guid":{"rendered":"https:\/\/ksproducts.ca\/?post_type=product&#038;p=12404"},"modified":"2026-03-16T15:55:08","modified_gmt":"2026-03-16T15:55:08","slug":"walex-porta-pak-desodorisant-de-reservoir-de-retention-pour-rv-et-marine-50-pack-fresh-scent","status":"publish","type":"product","link":"https:\/\/ksproducts.ca\/fr\/product\/walex-porta-pak-holding-tank-deodorizer-drop-ins-for-rv-and-marine-50-pack-fresh-scent\/","title":{"rendered":"Walex Porta-Pak D\u00e9sodorisant pour r\u00e9servoir d'eaux us\u00e9es pour v\u00e9hicules de loisirs et bateaux - 50 pi\u00e8ces - Senteur fra\u00eeche"},"content":{"rendered":"<ul class=\"a-unordered-list a-vertical a-spacing-mini\">\n<li class=\"a-spacing-mini\"><span class=\"a-list-item\">Num\u00e9ro 1 mondial des d\u00e9sodorisants pour le contr\u00f4le des portions<\/span><\/li>\n<li class=\"a-spacing-mini\"><span class=\"a-list-item\">Pr\u00e9vention imbattable des odeurs<\/span><\/li>\n<li class=\"a-spacing-mini\"><span class=\"a-list-item\">Sans formald\u00e9hyde<\/span><\/li>\n<li class=\"a-spacing-mini\"><span class=\"a-list-item\">Couleur non tachante<\/span><\/li>\n<li class=\"a-spacing-mini\"><span class=\"a-list-item\">D\u00e9sodorise et d\u00e9compose les d\u00e9chets et le papier<\/span><\/li>\n<\/ul>","protected":false},"excerpt":{"rendered":"<p>Ce d\u00e9sodorisant de r\u00e9servoir de r\u00e9tention \u00e0 contr\u00f4le de portion est con\u00e7u pour garder les r\u00e9servoirs des v\u00e9hicules de loisirs et des bateaux frais et sans odeurs. Connu comme le d\u00e9sodorisant \u00e0 contr\u00f4le de portion #1 dans le monde, il offre une pr\u00e9vention puissante des odeurs tout en aidant \u00e0 d\u00e9composer les d\u00e9chets et le papier hygi\u00e9nique pour une meilleure performance du r\u00e9servoir. La formule sans formald\u00e9hyde est s\u00fbre \u00e0 utiliser et sa couleur ne tache pas, ce qui en fait une solution pratique et fiable pour l'entretien de votre r\u00e9servoir de r\u00e9tention.<\/p>","protected":false},"featured_media":12405,"comment_status":"open","ping_status":"closed","template":"","meta":[],"product_cat":[451],"product_tag":[],"class_list":{"0":"post-12404","1":"product","2":"type-product","3":"status-publish","4":"has-post-thumbnail","6":"product_cat-tools-equipment","7":"product_shipping_class-class-1","9":"first","10":"instock","11":"taxable","12":"shipping-taxable","13":"purchasable","14":"product-type-simple"},"yoast_head":"<!-- This site is optimized with the Yoast SEO plugin v27.3 - https:\/\/yoast.com\/product\/yoast-seo-wordpress\/ -->\n<title>Walex Porta-Pak Holding Tank Deodorizer Drop-ins for RV and Marine - 50 pack - Fresh Scent - Ks Products<\/title>\n<meta name=\"robots\" content=\"index, follow, max-snippet:-1, max-image-preview:large, max-video-preview:-1\" \/>\n<link rel=\"canonical\" href=\"https:\/\/ksproducts.ca\/fr\/product\/walex-porta-pak-desodorisant-de-reservoir-de-retention-pour-rv-et-marine-50-pack-fresh-scent\/\" \/>\n<meta property=\"og:locale\" content=\"fr_CA\" \/>\n<meta property=\"og:type\" content=\"article\" \/>\n<meta property=\"og:title\" content=\"Walex Porta-Pak Holding Tank Deodorizer Drop-ins for RV and Marine - 50 pack - Fresh Scent - Ks Products\" \/>\n<meta property=\"og:description\" content=\"This portion-control holding tank deodorizer is designed to keep RV and marine tanks fresh and odor-free. Known as the #1 portion-control deodorizer in the world, it delivers powerful odor prevention while helping break down waste and toilet paper for smoother tank performance. The formaldehyde-free formula is safe to use and features a non-staining color, making it a convenient and reliable solution for maintaining your holding tank.\" \/>\n<meta property=\"og:url\" content=\"https:\/\/ksproducts.ca\/fr\/product\/walex-porta-pak-desodorisant-de-reservoir-de-retention-pour-rv-et-marine-50-pack-fresh-scent\/\" \/>\n<meta property=\"og:site_name\" content=\"Ks Products\" \/>\n<meta property=\"article:modified_time\" content=\"2026-03-16T15:55:08+00:00\" \/>\n<meta property=\"og:image\" content=\"https:\/\/ksproducts.ca\/wp-content\/uploads\/2026\/03\/Walex-Porta-Pak-Holding-Tank-Deodorizer-Drop-ins-for-RV-and-Marine-50-pack-Fresh-Scent.jpg\" \/>\n\t<meta property=\"og:image:width\" content=\"425\" \/>\n\t<meta property=\"og:image:height\" content=\"473\" \/>\n\t<meta property=\"og:image:type\" content=\"image\/jpeg\" \/>\n<meta name=\"twitter:card\" content=\"summary_large_image\" \/>\n<meta name=\"twitter:label1\" content=\"Estimation du temps de lecture\" \/>\n\t<meta name=\"twitter:data1\" content=\"1 minute\" \/>\n<script type=\"application\/ld+json\" class=\"yoast-schema-graph\">{\"@context\":\"https:\\\/\\\/schema.org\",\"@graph\":[{\"@type\":\"WebPage\",\"@id\":\"https:\\\/\\\/ksproducts.ca\\\/product\\\/walex-porta-pak-holding-tank-deodorizer-drop-ins-for-rv-and-marine-50-pack-fresh-scent\\\/\",\"url\":\"https:\\\/\\\/ksproducts.ca\\\/product\\\/walex-porta-pak-holding-tank-deodorizer-drop-ins-for-rv-and-marine-50-pack-fresh-scent\\\/\",\"name\":\"Walex Porta-Pak Holding Tank Deodorizer Drop-ins for RV and Marine - 50 pack - Fresh Scent - Ks Products\",\"isPartOf\":{\"@id\":\"https:\\\/\\\/ksproducts.ca\\\/#website\"},\"primaryImageOfPage\":{\"@id\":\"https:\\\/\\\/ksproducts.ca\\\/product\\\/walex-porta-pak-holding-tank-deodorizer-drop-ins-for-rv-and-marine-50-pack-fresh-scent\\\/#primaryimage\"},\"image\":{\"@id\":\"https:\\\/\\\/ksproducts.ca\\\/product\\\/walex-porta-pak-holding-tank-deodorizer-drop-ins-for-rv-and-marine-50-pack-fresh-scent\\\/#primaryimage\"},\"thumbnailUrl\":\"https:\\\/\\\/ksproducts.ca\\\/wp-content\\\/uploads\\\/2026\\\/03\\\/Walex-Porta-Pak-Holding-Tank-Deodorizer-Drop-ins-for-RV-and-Marine-50-pack-Fresh-Scent.jpg\",\"datePublished\":\"2026-03-11T19:35:32+00:00\",\"dateModified\":\"2026-03-16T15:55:08+00:00\",\"breadcrumb\":{\"@id\":\"https:\\\/\\\/ksproducts.ca\\\/product\\\/walex-porta-pak-holding-tank-deodorizer-drop-ins-for-rv-and-marine-50-pack-fresh-scent\\\/#breadcrumb\"},\"inLanguage\":\"fr-CA\",\"potentialAction\":[{\"@type\":\"ReadAction\",\"target\":[\"https:\\\/\\\/ksproducts.ca\\\/product\\\/walex-porta-pak-holding-tank-deodorizer-drop-ins-for-rv-and-marine-50-pack-fresh-scent\\\/\"]}]},{\"@type\":\"ImageObject\",\"inLanguage\":\"fr-CA\",\"@id\":\"https:\\\/\\\/ksproducts.ca\\\/product\\\/walex-porta-pak-holding-tank-deodorizer-drop-ins-for-rv-and-marine-50-pack-fresh-scent\\\/#primaryimage\",\"url\":\"https:\\\/\\\/ksproducts.ca\\\/wp-content\\\/uploads\\\/2026\\\/03\\\/Walex-Porta-Pak-Holding-Tank-Deodorizer-Drop-ins-for-RV-and-Marine-50-pack-Fresh-Scent.jpg\",\"contentUrl\":\"https:\\\/\\\/ksproducts.ca\\\/wp-content\\\/uploads\\\/2026\\\/03\\\/Walex-Porta-Pak-Holding-Tank-Deodorizer-Drop-ins-for-RV-and-Marine-50-pack-Fresh-Scent.jpg\",\"width\":425,\"height\":473,\"caption\":\"Walex Porta Pak Holding Tank Deodorizer Drop ins for RV and Marine 50 pack Fresh Scent\"},{\"@type\":\"BreadcrumbList\",\"@id\":\"https:\\\/\\\/ksproducts.ca\\\/product\\\/walex-porta-pak-holding-tank-deodorizer-drop-ins-for-rv-and-marine-50-pack-fresh-scent\\\/#breadcrumb\",\"itemListElement\":[{\"@type\":\"ListItem\",\"position\":1,\"name\":\"Home\",\"item\":\"https:\\\/\\\/ksproducts.ca\\\/\"},{\"@type\":\"ListItem\",\"position\":2,\"name\":\"Shop\",\"item\":\"https:\\\/\\\/ksproducts.ca\\\/shop\\\/\"},{\"@type\":\"ListItem\",\"position\":3,\"name\":\"Walex Porta-Pak Holding Tank Deodorizer Drop-ins for RV and Marine &#8211; 50 pack &#8211; Fresh Scent\"}]},{\"@type\":\"WebSite\",\"@id\":\"https:\\\/\\\/ksproducts.ca\\\/#website\",\"url\":\"https:\\\/\\\/ksproducts.ca\\\/\",\"name\":\"Ks Products\",\"description\":\"Outdoor cooking and living, made easy in Canada\",\"publisher\":{\"@id\":\"https:\\\/\\\/ksproducts.ca\\\/#organization\"},\"potentialAction\":[{\"@type\":\"SearchAction\",\"target\":{\"@type\":\"EntryPoint\",\"urlTemplate\":\"https:\\\/\\\/ksproducts.ca\\\/?s={search_term_string}\"},\"query-input\":{\"@type\":\"PropertyValueSpecification\",\"valueRequired\":true,\"valueName\":\"search_term_string\"}}],\"inLanguage\":\"fr-CA\"},{\"@type\":\"Organization\",\"@id\":\"https:\\\/\\\/ksproducts.ca\\\/#organization\",\"name\":\"Ks Products\",\"url\":\"https:\\\/\\\/ksproducts.ca\\\/\",\"logo\":{\"@type\":\"ImageObject\",\"inLanguage\":\"fr-CA\",\"@id\":\"https:\\\/\\\/ksproducts.ca\\\/#\\\/schema\\\/logo\\\/image\\\/\",\"url\":\"https:\\\/\\\/ksproducts.ca\\\/wp-content\\\/uploads\\\/2023\\\/09\\\/Kennedy-Sales-Logo-header-1.png\",\"contentUrl\":\"https:\\\/\\\/ksproducts.ca\\\/wp-content\\\/uploads\\\/2023\\\/09\\\/Kennedy-Sales-Logo-header-1.png\",\"width\":150,\"height\":77,\"caption\":\"Ks Products\"},\"image\":{\"@id\":\"https:\\\/\\\/ksproducts.ca\\\/#\\\/schema\\\/logo\\\/image\\\/\"}}]}<\/script>\n<!-- \/ Yoast SEO plugin. -->","yoast_head_json":{"title":"Walex Porta-Pak D\u00e9sodorisant pour r\u00e9servoir d'eaux us\u00e9es pour v\u00e9hicules de loisirs et bateaux - 50 pi\u00e8ces - Senteur fra\u00eeche - Ks Products","robots":{"index":"index","follow":"follow","max-snippet":"max-snippet:-1","max-image-preview":"max-image-preview:large","max-video-preview":"max-video-preview:-1"},"canonical":"https:\/\/ksproducts.ca\/fr\/product\/walex-porta-pak-desodorisant-de-reservoir-de-retention-pour-rv-et-marine-50-pack-fresh-scent\/","og_locale":"fr_CA","og_type":"article","og_title":"Walex Porta-Pak Holding Tank Deodorizer Drop-ins for RV and Marine - 50 pack - Fresh Scent - Ks Products","og_description":"This portion-control holding tank deodorizer is designed to keep RV and marine tanks fresh and odor-free. Known as the #1 portion-control deodorizer in the world, it delivers powerful odor prevention while helping break down waste and toilet paper for smoother tank performance. The formaldehyde-free formula is safe to use and features a non-staining color, making it a convenient and reliable solution for maintaining your holding tank.","og_url":"https:\/\/ksproducts.ca\/fr\/product\/walex-porta-pak-desodorisant-de-reservoir-de-retention-pour-rv-et-marine-50-pack-fresh-scent\/","og_site_name":"Ks Products","article_modified_time":"2026-03-16T15:55:08+00:00","og_image":[{"width":425,"height":473,"url":"https:\/\/ksproducts.ca\/wp-content\/uploads\/2026\/03\/Walex-Porta-Pak-Holding-Tank-Deodorizer-Drop-ins-for-RV-and-Marine-50-pack-Fresh-Scent.jpg","type":"image\/jpeg"}],"twitter_card":"summary_large_image","twitter_misc":{"Estimation du temps de lecture":"1 minute"},"schema":{"@context":"https:\/\/schema.org","@graph":[{"@type":"WebPage","@id":"https:\/\/ksproducts.ca\/product\/walex-porta-pak-holding-tank-deodorizer-drop-ins-for-rv-and-marine-50-pack-fresh-scent\/","url":"https:\/\/ksproducts.ca\/product\/walex-porta-pak-holding-tank-deodorizer-drop-ins-for-rv-and-marine-50-pack-fresh-scent\/","name":"Walex Porta-Pak D\u00e9sodorisant pour r\u00e9servoir d'eaux us\u00e9es pour v\u00e9hicules de loisirs et bateaux - 50 pi\u00e8ces - Senteur fra\u00eeche - Ks Products","isPartOf":{"@id":"https:\/\/ksproducts.ca\/#website"},"primaryImageOfPage":{"@id":"https:\/\/ksproducts.ca\/product\/walex-porta-pak-holding-tank-deodorizer-drop-ins-for-rv-and-marine-50-pack-fresh-scent\/#primaryimage"},"image":{"@id":"https:\/\/ksproducts.ca\/product\/walex-porta-pak-holding-tank-deodorizer-drop-ins-for-rv-and-marine-50-pack-fresh-scent\/#primaryimage"},"thumbnailUrl":"https:\/\/ksproducts.ca\/wp-content\/uploads\/2026\/03\/Walex-Porta-Pak-Holding-Tank-Deodorizer-Drop-ins-for-RV-and-Marine-50-pack-Fresh-Scent.jpg","datePublished":"2026-03-11T19:35:32+00:00","dateModified":"2026-03-16T15:55:08+00:00","breadcrumb":{"@id":"https:\/\/ksproducts.ca\/product\/walex-porta-pak-holding-tank-deodorizer-drop-ins-for-rv-and-marine-50-pack-fresh-scent\/#breadcrumb"},"inLanguage":"fr-CA","potentialAction":[{"@type":"ReadAction","target":["https:\/\/ksproducts.ca\/product\/walex-porta-pak-holding-tank-deodorizer-drop-ins-for-rv-and-marine-50-pack-fresh-scent\/"]}]},{"@type":"ImageObject","inLanguage":"fr-CA","@id":"https:\/\/ksproducts.ca\/product\/walex-porta-pak-holding-tank-deodorizer-drop-ins-for-rv-and-marine-50-pack-fresh-scent\/#primaryimage","url":"https:\/\/ksproducts.ca\/wp-content\/uploads\/2026\/03\/Walex-Porta-Pak-Holding-Tank-Deodorizer-Drop-ins-for-RV-and-Marine-50-pack-Fresh-Scent.jpg","contentUrl":"https:\/\/ksproducts.ca\/wp-content\/uploads\/2026\/03\/Walex-Porta-Pak-Holding-Tank-Deodorizer-Drop-ins-for-RV-and-Marine-50-pack-Fresh-Scent.jpg","width":425,"height":473,"caption":"Walex Porta Pak Holding Tank Deodorizer Drop ins for RV and Marine 50 pack Fresh Scent"},{"@type":"BreadcrumbList","@id":"https:\/\/ksproducts.ca\/product\/walex-porta-pak-holding-tank-deodorizer-drop-ins-for-rv-and-marine-50-pack-fresh-scent\/#breadcrumb","itemListElement":[{"@type":"ListItem","position":1,"name":"Home","item":"https:\/\/ksproducts.ca\/"},{"@type":"ListItem","position":2,"name":"Shop","item":"https:\/\/ksproducts.ca\/shop\/"},{"@type":"ListItem","position":3,"name":"Walex Porta-Pak Holding Tank Deodorizer Drop-ins for RV and Marine &#8211; 50 pack &#8211; Fresh Scent"}]},{"@type":"WebSite","@id":"https:\/\/ksproducts.ca\/#website","url":"https:\/\/ksproducts.ca\/","name":"Produits Ks","description":"Cuisiner et vivre en plein air, c'est facile au Canada","publisher":{"@id":"https:\/\/ksproducts.ca\/#organization"},"potentialAction":[{"@type":"SearchAction","target":{"@type":"EntryPoint","urlTemplate":"https:\/\/ksproducts.ca\/?s={search_term_string}"},"query-input":{"@type":"PropertyValueSpecification","valueRequired":true,"valueName":"search_term_string"}}],"inLanguage":"fr-CA"},{"@type":"Organization","@id":"https:\/\/ksproducts.ca\/#organization","name":"Produits Ks","url":"https:\/\/ksproducts.ca\/","logo":{"@type":"ImageObject","inLanguage":"fr-CA","@id":"https:\/\/ksproducts.ca\/#\/schema\/logo\/image\/","url":"https:\/\/ksproducts.ca\/wp-content\/uploads\/2023\/09\/Kennedy-Sales-Logo-header-1.png","contentUrl":"https:\/\/ksproducts.ca\/wp-content\/uploads\/2023\/09\/Kennedy-Sales-Logo-header-1.png","width":150,"height":77,"caption":"Ks Products"},"image":{"@id":"https:\/\/ksproducts.ca\/#\/schema\/logo\/image\/"}}]}},"_links":{"self":[{"href":"https:\/\/ksproducts.ca\/fr\/wp-json\/wp\/v2\/product\/12404","targetHints":{"allow":["GET"]}}],"collection":[{"href":"https:\/\/ksproducts.ca\/fr\/wp-json\/wp\/v2\/product"}],"about":[{"href":"https:\/\/ksproducts.ca\/fr\/wp-json\/wp\/v2\/types\/product"}],"replies":[{"embeddable":true,"href":"https:\/\/ksproducts.ca\/fr\/wp-json\/wp\/v2\/comments?post=12404"}],"version-history":[{"count":2,"href":"https:\/\/ksproducts.ca\/fr\/wp-json\/wp\/v2\/product\/12404\/revisions"}],"predecessor-version":[{"id":12408,"href":"https:\/\/ksproducts.ca\/fr\/wp-json\/wp\/v2\/product\/12404\/revisions\/12408"}],"wp:featuredmedia":[{"embeddable":true,"href":"https:\/\/ksproducts.ca\/fr\/wp-json\/wp\/v2\/media\/12405"}],"wp:attachment":[{"href":"https:\/\/ksproducts.ca\/fr\/wp-json\/wp\/v2\/media?parent=12404"}],"wp:term":[{"taxonomy":"product_cat","embeddable":true,"href":"https:\/\/ksproducts.ca\/fr\/wp-json\/wp\/v2\/product_cat?post=12404"},{"taxonomy":"product_tag","embeddable":true,"href":"https:\/\/ksproducts.ca\/fr\/wp-json\/wp\/v2\/product_tag?post=12404"}],"curies":[{"name":"wp","href":"https:\/\/api.w.org\/{rel}","templated":true}]}}