{"id":12407,"date":"2026-03-11T19:42:14","date_gmt":"2026-03-11T19:42:14","guid":{"rendered":"https:\/\/ksproducts.ca\/?post_type=product&#038;p=12407"},"modified":"2026-03-16T15:24:56","modified_gmt":"2026-03-16T15:24:56","slug":"luxor-station-de-presentation-a-deux-niveaux-de-45-pouces-a-hauteur-reglable-avec-cadre-en-acier-et-roulettes-noir","status":"publish","type":"product","link":"https:\/\/ksproducts.ca\/fr\/product\/luxor-two-tier-45inch-adjustable-height-presentation-station-with-steel-frame-and-casters-black\/","title":{"rendered":"Luxor Reclaim Panneau acoustique recouvert de tissu \u00e0 coller - 12 pi\u00e8ces - Gris"},"content":{"rendered":"<ul>\n<li>Poste de travail polyvalent id\u00e9al pour une utilisation comme bureau d'ordinateur<\/li>\n<li>Cadre en acier peint par poudrage noir et surfaces de travail en bois stratifi\u00e9.<\/li>\n<li>Quatre roulettes de 3 pouces<\/li>\n<li>Capacit\u00e9 de poids maximale (stationnaire) : 176 lbs - Plateau sup\u00e9rieur -77 lbs<\/li>\n<li>Capacit\u00e9 de poids maximale (mobile) : 110 lbs : Tablette sup\u00e9rieure - 44 lbs<\/li>\n<\/ul>","protected":false},"excerpt":{"rendered":"<p>Le poste de travail de pr\u00e9sentation \u00e0 hauteur r\u00e9glable est une unit\u00e9 flexible, polyvalente et rentable, id\u00e9ale pour une utilisation comme petit bureau d'ordinateur, poste de pr\u00e9sentation ou pupitre. Une hauteur debout ou assise et quatre roulettes de 3 pouces avec deux freins de blocage rendent l'unit\u00e9 facile \u00e0 d\u00e9placer ou \u00e0 stabiliser. La structure en acier peint par poudrage noir et les surfaces de travail en bois stratifi\u00e9 offrent une construction l\u00e9g\u00e8re mais robuste, con\u00e7ue pour durer.<\/p>","protected":false},"featured_media":12412,"comment_status":"open","ping_status":"closed","template":"","meta":[],"product_cat":[391],"product_tag":[],"class_list":{"0":"post-12407","1":"product","2":"type-product","3":"status-publish","4":"has-post-thumbnail","6":"product_cat-home-office-furnishings","7":"product_shipping_class-class-1","9":"first","10":"instock","11":"taxable","12":"shipping-taxable","13":"purchasable","14":"product-type-simple"},"yoast_head":"<!-- This site is optimized with the Yoast SEO plugin v27.3 - https:\/\/yoast.com\/product\/yoast-seo-wordpress\/ -->\n<title>Luxor Reclaim Stick-On Fabric Covered Acoustic Panel - 12 pack - Grey - Ks Products<\/title>\n<meta name=\"robots\" content=\"index, follow, max-snippet:-1, max-image-preview:large, max-video-preview:-1\" \/>\n<link rel=\"canonical\" href=\"https:\/\/ksproducts.ca\/fr\/product\/luxor-station-de-presentation-a-deux-niveaux-de-45-pouces-a-hauteur-reglable-avec-cadre-en-acier-et-roulettes-noir\/\" \/>\n<meta property=\"og:locale\" content=\"fr_CA\" \/>\n<meta property=\"og:type\" content=\"article\" \/>\n<meta property=\"og:title\" content=\"Luxor Reclaim Stick-On Fabric Covered Acoustic Panel - 12 pack - Grey - Ks Products\" \/>\n<meta property=\"og:description\" content=\"The adjustable-height presentation workstation is a flexible, multipurpose and cost-effective unit ideal for use as a small computer desk, presentation station or lectern. A standing or sitting height and four 3-in rolling casters with two locking brakes make the unit easy to relocate or stabilize. A black powder coat steel frame and wood laminate work surfaces offer lightweight yet sturdy construction that&#039;s built to last.\" \/>\n<meta property=\"og:url\" content=\"https:\/\/ksproducts.ca\/fr\/product\/luxor-station-de-presentation-a-deux-niveaux-de-45-pouces-a-hauteur-reglable-avec-cadre-en-acier-et-roulettes-noir\/\" \/>\n<meta property=\"og:site_name\" content=\"Ks Products\" \/>\n<meta property=\"article:modified_time\" content=\"2026-03-16T15:24:56+00:00\" \/>\n<meta property=\"og:image\" content=\"https:\/\/ksproducts.ca\/wp-content\/uploads\/2026\/03\/Luxor-Reclaim-Stick-On-Fabric-Covered-Acoustic-Panel-12-pack-Grey.jpg\" \/>\n\t<meta property=\"og:image:width\" content=\"600\" \/>\n\t<meta property=\"og:image:height\" content=\"600\" \/>\n\t<meta property=\"og:image:type\" content=\"image\/jpeg\" \/>\n<meta name=\"twitter:card\" content=\"summary_large_image\" \/>\n<meta name=\"twitter:label1\" content=\"Estimation du temps de lecture\" \/>\n\t<meta name=\"twitter:data1\" content=\"1 minute\" \/>\n<script type=\"application\/ld+json\" class=\"yoast-schema-graph\">{\"@context\":\"https:\\\/\\\/schema.org\",\"@graph\":[{\"@type\":\"WebPage\",\"@id\":\"https:\\\/\\\/ksproducts.ca\\\/product\\\/luxor-two-tier-45inch-adjustable-height-presentation-station-with-steel-frame-and-casters-black\\\/\",\"url\":\"https:\\\/\\\/ksproducts.ca\\\/product\\\/luxor-two-tier-45inch-adjustable-height-presentation-station-with-steel-frame-and-casters-black\\\/\",\"name\":\"Luxor Reclaim Stick-On Fabric Covered Acoustic Panel - 12 pack - Grey - Ks Products\",\"isPartOf\":{\"@id\":\"https:\\\/\\\/ksproducts.ca\\\/#website\"},\"primaryImageOfPage\":{\"@id\":\"https:\\\/\\\/ksproducts.ca\\\/product\\\/luxor-two-tier-45inch-adjustable-height-presentation-station-with-steel-frame-and-casters-black\\\/#primaryimage\"},\"image\":{\"@id\":\"https:\\\/\\\/ksproducts.ca\\\/product\\\/luxor-two-tier-45inch-adjustable-height-presentation-station-with-steel-frame-and-casters-black\\\/#primaryimage\"},\"thumbnailUrl\":\"https:\\\/\\\/ksproducts.ca\\\/wp-content\\\/uploads\\\/2026\\\/03\\\/Luxor-Reclaim-Stick-On-Fabric-Covered-Acoustic-Panel-12-pack-Grey.jpg\",\"datePublished\":\"2026-03-11T19:42:14+00:00\",\"dateModified\":\"2026-03-16T15:24:56+00:00\",\"breadcrumb\":{\"@id\":\"https:\\\/\\\/ksproducts.ca\\\/product\\\/luxor-two-tier-45inch-adjustable-height-presentation-station-with-steel-frame-and-casters-black\\\/#breadcrumb\"},\"inLanguage\":\"fr-CA\",\"potentialAction\":[{\"@type\":\"ReadAction\",\"target\":[\"https:\\\/\\\/ksproducts.ca\\\/product\\\/luxor-two-tier-45inch-adjustable-height-presentation-station-with-steel-frame-and-casters-black\\\/\"]}]},{\"@type\":\"ImageObject\",\"inLanguage\":\"fr-CA\",\"@id\":\"https:\\\/\\\/ksproducts.ca\\\/product\\\/luxor-two-tier-45inch-adjustable-height-presentation-station-with-steel-frame-and-casters-black\\\/#primaryimage\",\"url\":\"https:\\\/\\\/ksproducts.ca\\\/wp-content\\\/uploads\\\/2026\\\/03\\\/Luxor-Reclaim-Stick-On-Fabric-Covered-Acoustic-Panel-12-pack-Grey.jpg\",\"contentUrl\":\"https:\\\/\\\/ksproducts.ca\\\/wp-content\\\/uploads\\\/2026\\\/03\\\/Luxor-Reclaim-Stick-On-Fabric-Covered-Acoustic-Panel-12-pack-Grey.jpg\",\"width\":600,\"height\":600,\"caption\":\"Luxor Reclaim Stick On Fabric Covered Acoustic Panel 12 pack Grey\"},{\"@type\":\"BreadcrumbList\",\"@id\":\"https:\\\/\\\/ksproducts.ca\\\/product\\\/luxor-two-tier-45inch-adjustable-height-presentation-station-with-steel-frame-and-casters-black\\\/#breadcrumb\",\"itemListElement\":[{\"@type\":\"ListItem\",\"position\":1,\"name\":\"Home\",\"item\":\"https:\\\/\\\/ksproducts.ca\\\/\"},{\"@type\":\"ListItem\",\"position\":2,\"name\":\"Shop\",\"item\":\"https:\\\/\\\/ksproducts.ca\\\/shop\\\/\"},{\"@type\":\"ListItem\",\"position\":3,\"name\":\"Luxor Reclaim Stick-On Fabric Covered Acoustic Panel &#8211; 12 pack &#8211; Grey\"}]},{\"@type\":\"WebSite\",\"@id\":\"https:\\\/\\\/ksproducts.ca\\\/#website\",\"url\":\"https:\\\/\\\/ksproducts.ca\\\/\",\"name\":\"Ks Products\",\"description\":\"Outdoor cooking and living, made easy in Canada\",\"publisher\":{\"@id\":\"https:\\\/\\\/ksproducts.ca\\\/#organization\"},\"potentialAction\":[{\"@type\":\"SearchAction\",\"target\":{\"@type\":\"EntryPoint\",\"urlTemplate\":\"https:\\\/\\\/ksproducts.ca\\\/?s={search_term_string}\"},\"query-input\":{\"@type\":\"PropertyValueSpecification\",\"valueRequired\":true,\"valueName\":\"search_term_string\"}}],\"inLanguage\":\"fr-CA\"},{\"@type\":\"Organization\",\"@id\":\"https:\\\/\\\/ksproducts.ca\\\/#organization\",\"name\":\"Ks Products\",\"url\":\"https:\\\/\\\/ksproducts.ca\\\/\",\"logo\":{\"@type\":\"ImageObject\",\"inLanguage\":\"fr-CA\",\"@id\":\"https:\\\/\\\/ksproducts.ca\\\/#\\\/schema\\\/logo\\\/image\\\/\",\"url\":\"https:\\\/\\\/ksproducts.ca\\\/wp-content\\\/uploads\\\/2023\\\/09\\\/Kennedy-Sales-Logo-header-1.png\",\"contentUrl\":\"https:\\\/\\\/ksproducts.ca\\\/wp-content\\\/uploads\\\/2023\\\/09\\\/Kennedy-Sales-Logo-header-1.png\",\"width\":150,\"height\":77,\"caption\":\"Ks Products\"},\"image\":{\"@id\":\"https:\\\/\\\/ksproducts.ca\\\/#\\\/schema\\\/logo\\\/image\\\/\"}}]}<\/script>\n<!-- \/ Yoast SEO plugin. -->","yoast_head_json":{"title":"Luxor Reclaim Panneau acoustique recouvert de tissu \u00e0 coller - 12 pi\u00e8ces - Gris - Ks Products","robots":{"index":"index","follow":"follow","max-snippet":"max-snippet:-1","max-image-preview":"max-image-preview:large","max-video-preview":"max-video-preview:-1"},"canonical":"https:\/\/ksproducts.ca\/fr\/product\/luxor-station-de-presentation-a-deux-niveaux-de-45-pouces-a-hauteur-reglable-avec-cadre-en-acier-et-roulettes-noir\/","og_locale":"fr_CA","og_type":"article","og_title":"Luxor Reclaim Stick-On Fabric Covered Acoustic Panel - 12 pack - Grey - Ks Products","og_description":"The adjustable-height presentation workstation is a flexible, multipurpose and cost-effective unit ideal for use as a small computer desk, presentation station or lectern. A standing or sitting height and four 3-in rolling casters with two locking brakes make the unit easy to relocate or stabilize. A black powder coat steel frame and wood laminate work surfaces offer lightweight yet sturdy construction that's built to last.","og_url":"https:\/\/ksproducts.ca\/fr\/product\/luxor-station-de-presentation-a-deux-niveaux-de-45-pouces-a-hauteur-reglable-avec-cadre-en-acier-et-roulettes-noir\/","og_site_name":"Ks Products","article_modified_time":"2026-03-16T15:24:56+00:00","og_image":[{"width":600,"height":600,"url":"https:\/\/ksproducts.ca\/wp-content\/uploads\/2026\/03\/Luxor-Reclaim-Stick-On-Fabric-Covered-Acoustic-Panel-12-pack-Grey.jpg","type":"image\/jpeg"}],"twitter_card":"summary_large_image","twitter_misc":{"Estimation du temps de lecture":"1 minute"},"schema":{"@context":"https:\/\/schema.org","@graph":[{"@type":"WebPage","@id":"https:\/\/ksproducts.ca\/product\/luxor-two-tier-45inch-adjustable-height-presentation-station-with-steel-frame-and-casters-black\/","url":"https:\/\/ksproducts.ca\/product\/luxor-two-tier-45inch-adjustable-height-presentation-station-with-steel-frame-and-casters-black\/","name":"Luxor Reclaim Panneau acoustique recouvert de tissu \u00e0 coller - 12 pi\u00e8ces - Gris - Ks Products","isPartOf":{"@id":"https:\/\/ksproducts.ca\/#website"},"primaryImageOfPage":{"@id":"https:\/\/ksproducts.ca\/product\/luxor-two-tier-45inch-adjustable-height-presentation-station-with-steel-frame-and-casters-black\/#primaryimage"},"image":{"@id":"https:\/\/ksproducts.ca\/product\/luxor-two-tier-45inch-adjustable-height-presentation-station-with-steel-frame-and-casters-black\/#primaryimage"},"thumbnailUrl":"https:\/\/ksproducts.ca\/wp-content\/uploads\/2026\/03\/Luxor-Reclaim-Stick-On-Fabric-Covered-Acoustic-Panel-12-pack-Grey.jpg","datePublished":"2026-03-11T19:42:14+00:00","dateModified":"2026-03-16T15:24:56+00:00","breadcrumb":{"@id":"https:\/\/ksproducts.ca\/product\/luxor-two-tier-45inch-adjustable-height-presentation-station-with-steel-frame-and-casters-black\/#breadcrumb"},"inLanguage":"fr-CA","potentialAction":[{"@type":"ReadAction","target":["https:\/\/ksproducts.ca\/product\/luxor-two-tier-45inch-adjustable-height-presentation-station-with-steel-frame-and-casters-black\/"]}]},{"@type":"ImageObject","inLanguage":"fr-CA","@id":"https:\/\/ksproducts.ca\/product\/luxor-two-tier-45inch-adjustable-height-presentation-station-with-steel-frame-and-casters-black\/#primaryimage","url":"https:\/\/ksproducts.ca\/wp-content\/uploads\/2026\/03\/Luxor-Reclaim-Stick-On-Fabric-Covered-Acoustic-Panel-12-pack-Grey.jpg","contentUrl":"https:\/\/ksproducts.ca\/wp-content\/uploads\/2026\/03\/Luxor-Reclaim-Stick-On-Fabric-Covered-Acoustic-Panel-12-pack-Grey.jpg","width":600,"height":600,"caption":"Luxor Reclaim Stick On Fabric Covered Acoustic Panel 12 pack Grey"},{"@type":"BreadcrumbList","@id":"https:\/\/ksproducts.ca\/product\/luxor-two-tier-45inch-adjustable-height-presentation-station-with-steel-frame-and-casters-black\/#breadcrumb","itemListElement":[{"@type":"ListItem","position":1,"name":"Home","item":"https:\/\/ksproducts.ca\/"},{"@type":"ListItem","position":2,"name":"Shop","item":"https:\/\/ksproducts.ca\/shop\/"},{"@type":"ListItem","position":3,"name":"Luxor Reclaim Stick-On Fabric Covered Acoustic Panel &#8211; 12 pack &#8211; Grey"}]},{"@type":"WebSite","@id":"https:\/\/ksproducts.ca\/#website","url":"https:\/\/ksproducts.ca\/","name":"Produits Ks","description":"Cuisiner et vivre en plein air, c'est facile au Canada","publisher":{"@id":"https:\/\/ksproducts.ca\/#organization"},"potentialAction":[{"@type":"SearchAction","target":{"@type":"EntryPoint","urlTemplate":"https:\/\/ksproducts.ca\/?s={search_term_string}"},"query-input":{"@type":"PropertyValueSpecification","valueRequired":true,"valueName":"search_term_string"}}],"inLanguage":"fr-CA"},{"@type":"Organization","@id":"https:\/\/ksproducts.ca\/#organization","name":"Produits Ks","url":"https:\/\/ksproducts.ca\/","logo":{"@type":"ImageObject","inLanguage":"fr-CA","@id":"https:\/\/ksproducts.ca\/#\/schema\/logo\/image\/","url":"https:\/\/ksproducts.ca\/wp-content\/uploads\/2023\/09\/Kennedy-Sales-Logo-header-1.png","contentUrl":"https:\/\/ksproducts.ca\/wp-content\/uploads\/2023\/09\/Kennedy-Sales-Logo-header-1.png","width":150,"height":77,"caption":"Ks Products"},"image":{"@id":"https:\/\/ksproducts.ca\/#\/schema\/logo\/image\/"}}]}},"_links":{"self":[{"href":"https:\/\/ksproducts.ca\/fr\/wp-json\/wp\/v2\/product\/12407","targetHints":{"allow":["GET"]}}],"collection":[{"href":"https:\/\/ksproducts.ca\/fr\/wp-json\/wp\/v2\/product"}],"about":[{"href":"https:\/\/ksproducts.ca\/fr\/wp-json\/wp\/v2\/types\/product"}],"replies":[{"embeddable":true,"href":"https:\/\/ksproducts.ca\/fr\/wp-json\/wp\/v2\/comments?post=12407"}],"version-history":[{"count":3,"href":"https:\/\/ksproducts.ca\/fr\/wp-json\/wp\/v2\/product\/12407\/revisions"}],"predecessor-version":[{"id":12413,"href":"https:\/\/ksproducts.ca\/fr\/wp-json\/wp\/v2\/product\/12407\/revisions\/12413"}],"wp:featuredmedia":[{"embeddable":true,"href":"https:\/\/ksproducts.ca\/fr\/wp-json\/wp\/v2\/media\/12412"}],"wp:attachment":[{"href":"https:\/\/ksproducts.ca\/fr\/wp-json\/wp\/v2\/media?parent=12407"}],"wp:term":[{"taxonomy":"product_cat","embeddable":true,"href":"https:\/\/ksproducts.ca\/fr\/wp-json\/wp\/v2\/product_cat?post=12407"},{"taxonomy":"product_tag","embeddable":true,"href":"https:\/\/ksproducts.ca\/fr\/wp-json\/wp\/v2\/product_tag?post=12407"}],"curies":[{"name":"wp","href":"https:\/\/api.w.org\/{rel}","templated":true}]}}