{"id":12420,"date":"2026-03-11T19:56:01","date_gmt":"2026-03-11T19:56:01","guid":{"rendered":"https:\/\/ksproducts.ca\/?post_type=product&#038;p=12420"},"modified":"2026-03-11T19:56:02","modified_gmt":"2026-03-11T19:56:02","slug":"luxor-reclaim-stick-on-fabric-covered-acoustic-panel-6-pack-midnight-blue","status":"publish","type":"product","link":"https:\/\/ksproducts.ca\/fr\/product\/luxor-reclaim-stick-on-fabric-covered-acoustic-panel-6-pack-midnight-blue\/","title":{"rendered":"Luxor Reclaim Panneau acoustique recouvert de tissu \u00e0 coller - 6 pi\u00e8ces - Bleu nuit"},"content":{"rendered":"<section class=\"page-product__section page-product__section--top page-product__section--bordered\" data-track-section-name=\"description\">\n<div class=\"row\">\n<div class=\"col-xs-12\">\n<div class=\"page-product__description\">\n<ul>\n<li>L\u00e9ger et facile \u00e0 fixer gr\u00e2ce aux bandes adh\u00e9sives de type crochet et boucle incluses.<\/li>\n<li>Absorbe les bruits ambiants qui traversent le mat\u00e9riau<\/li>\n<li>Chaque kit comprend deux \u00e9paisseurs de panneaux pour cr\u00e9er un effet tridimensionnel visuellement int\u00e9ressant.<\/li>\n<li>Fabriqu\u00e9 \u00e0 partir de PET recycl\u00e9 50%, respectueux de l'environnement.<\/li>\n<\/ul>\n<\/div>\n<div class=\"page-product__section__icons\"><\/div>\n<\/div>\n<\/div>\n<\/section>","protected":false},"excerpt":{"rendered":"<p>Les panneaux acoustiques autocollants Luxor RECLAIM\u00ae embellissent une pi\u00e8ce tout en aidant \u00e0 absorber la r\u00e9flexion pour r\u00e9duire l'\u00e9cho flottant et d'autres probl\u00e8mes acoustiques courants. Ils sont con\u00e7us pour absorber 75% du bruit ambiant qui passe \u00e0 travers le mat\u00e9riau, r\u00e9duisant ainsi la quantit\u00e9 de son qui rebondit sur les murs. Si vous avez d\u00e9j\u00e0 frapp\u00e9 dans vos mains et entendu un \u00e9cho, c'est ce qu'on appelle la r\u00e9flexion. Dans un bureau ou une salle de classe, la r\u00e9flexion peut rendre la concentration plus difficile, emp\u00eacher les gens de se comprendre lorsqu'ils conversent, causer des probl\u00e8mes audio lors des conf\u00e9rences t\u00e9l\u00e9phoniques et, d'une mani\u00e8re g\u00e9n\u00e9rale, donner l'impression que la pi\u00e8ce est plus bruyante. Ces panneaux muraux 3D se fixent facilement \u00e0 l'aide des bandes adh\u00e9sives fournies pour cr\u00e9er un environnement plus calme et plus accueillant. De plus, la forme hexagonale attrayante et les couleurs douces ajoutent un int\u00e9r\u00eat visuel pour une meilleure esth\u00e9tique.<\/p>","protected":false},"featured_media":12421,"comment_status":"open","ping_status":"closed","template":"","meta":[],"product_cat":[391],"product_tag":[],"class_list":{"0":"post-12420","1":"product","2":"type-product","3":"status-publish","4":"has-post-thumbnail","6":"product_cat-home-office-furnishings","7":"product_shipping_class-class-1","9":"first","10":"instock","11":"taxable","12":"shipping-taxable","13":"purchasable","14":"product-type-simple"},"yoast_head":"<!-- This site is optimized with the Yoast SEO plugin v27.3 - https:\/\/yoast.com\/product\/yoast-seo-wordpress\/ -->\n<title>Luxor Reclaim Stick-On Fabric Covered Acoustic Panel - 6 pack - Midnight Blue - Ks Products<\/title>\n<meta name=\"robots\" content=\"index, follow, max-snippet:-1, max-image-preview:large, max-video-preview:-1\" \/>\n<link rel=\"canonical\" href=\"https:\/\/ksproducts.ca\/fr\/product\/luxor-reclaim-stick-on-fabric-covered-acoustic-panel-6-pack-midnight-blue\/\" \/>\n<meta property=\"og:locale\" content=\"fr_CA\" \/>\n<meta property=\"og:type\" content=\"article\" \/>\n<meta property=\"og:title\" content=\"Luxor Reclaim Stick-On Fabric Covered Acoustic Panel - 6 pack - Midnight Blue - Ks Products\" \/>\n<meta property=\"og:description\" content=\"Luxor RECLAIM\u00ae stick-on acoustic panels beautify a room while helping to absorb reflection to reduce flutter echo and other common acoustic problems. Rated to absorb 75% of ambient noise that passes through the material, they reduce the amount of sound bouncing off of walls. If you\u2019ve ever clapped your hands and heard an echo, that\u2019s called reflection. In an office or classroom setting, reflection can make it harder to concentrate, more difficult for people to understand each other when conversing, cause audio issues during conference calls, and generally make a room seem noisier. These 3D wall panels easily attach using included adhesive strips to help create a quieter and more inviting environment. In addition, the attractive hexagonal shape and soft colours add visual interest for enhanced aesthetics.\" \/>\n<meta property=\"og:url\" content=\"https:\/\/ksproducts.ca\/fr\/product\/luxor-reclaim-stick-on-fabric-covered-acoustic-panel-6-pack-midnight-blue\/\" \/>\n<meta property=\"og:site_name\" content=\"Ks Products\" \/>\n<meta property=\"article:modified_time\" content=\"2026-03-11T19:56:02+00:00\" \/>\n<meta property=\"og:image\" content=\"https:\/\/ksproducts.ca\/wp-content\/uploads\/2026\/03\/Luxor-Reclaim-Stick-On-Fabric-Covered-Acoustic-Panel-6-pack-Midnight-Blue.jpg\" \/>\n\t<meta property=\"og:image:width\" content=\"600\" \/>\n\t<meta property=\"og:image:height\" content=\"600\" \/>\n\t<meta property=\"og:image:type\" content=\"image\/jpeg\" \/>\n<meta name=\"twitter:card\" content=\"summary_large_image\" \/>\n<meta name=\"twitter:label1\" content=\"Estimation du temps de lecture\" \/>\n\t<meta name=\"twitter:data1\" content=\"1 minute\" \/>\n<script type=\"application\/ld+json\" class=\"yoast-schema-graph\">{\"@context\":\"https:\\\/\\\/schema.org\",\"@graph\":[{\"@type\":\"WebPage\",\"@id\":\"https:\\\/\\\/ksproducts.ca\\\/product\\\/luxor-reclaim-stick-on-fabric-covered-acoustic-panel-6-pack-midnight-blue\\\/\",\"url\":\"https:\\\/\\\/ksproducts.ca\\\/product\\\/luxor-reclaim-stick-on-fabric-covered-acoustic-panel-6-pack-midnight-blue\\\/\",\"name\":\"Luxor Reclaim Stick-On Fabric Covered Acoustic Panel - 6 pack - Midnight Blue - Ks Products\",\"isPartOf\":{\"@id\":\"https:\\\/\\\/ksproducts.ca\\\/#website\"},\"primaryImageOfPage\":{\"@id\":\"https:\\\/\\\/ksproducts.ca\\\/product\\\/luxor-reclaim-stick-on-fabric-covered-acoustic-panel-6-pack-midnight-blue\\\/#primaryimage\"},\"image\":{\"@id\":\"https:\\\/\\\/ksproducts.ca\\\/product\\\/luxor-reclaim-stick-on-fabric-covered-acoustic-panel-6-pack-midnight-blue\\\/#primaryimage\"},\"thumbnailUrl\":\"https:\\\/\\\/ksproducts.ca\\\/wp-content\\\/uploads\\\/2026\\\/03\\\/Luxor-Reclaim-Stick-On-Fabric-Covered-Acoustic-Panel-6-pack-Midnight-Blue.jpg\",\"datePublished\":\"2026-03-11T19:56:01+00:00\",\"dateModified\":\"2026-03-11T19:56:02+00:00\",\"breadcrumb\":{\"@id\":\"https:\\\/\\\/ksproducts.ca\\\/product\\\/luxor-reclaim-stick-on-fabric-covered-acoustic-panel-6-pack-midnight-blue\\\/#breadcrumb\"},\"inLanguage\":\"fr-CA\",\"potentialAction\":[{\"@type\":\"ReadAction\",\"target\":[\"https:\\\/\\\/ksproducts.ca\\\/product\\\/luxor-reclaim-stick-on-fabric-covered-acoustic-panel-6-pack-midnight-blue\\\/\"]}]},{\"@type\":\"ImageObject\",\"inLanguage\":\"fr-CA\",\"@id\":\"https:\\\/\\\/ksproducts.ca\\\/product\\\/luxor-reclaim-stick-on-fabric-covered-acoustic-panel-6-pack-midnight-blue\\\/#primaryimage\",\"url\":\"https:\\\/\\\/ksproducts.ca\\\/wp-content\\\/uploads\\\/2026\\\/03\\\/Luxor-Reclaim-Stick-On-Fabric-Covered-Acoustic-Panel-6-pack-Midnight-Blue.jpg\",\"contentUrl\":\"https:\\\/\\\/ksproducts.ca\\\/wp-content\\\/uploads\\\/2026\\\/03\\\/Luxor-Reclaim-Stick-On-Fabric-Covered-Acoustic-Panel-6-pack-Midnight-Blue.jpg\",\"width\":600,\"height\":600,\"caption\":\"Luxor Reclaim Stick On Fabric Covered Acoustic Panel 6 pack Midnight Blue\"},{\"@type\":\"BreadcrumbList\",\"@id\":\"https:\\\/\\\/ksproducts.ca\\\/product\\\/luxor-reclaim-stick-on-fabric-covered-acoustic-panel-6-pack-midnight-blue\\\/#breadcrumb\",\"itemListElement\":[{\"@type\":\"ListItem\",\"position\":1,\"name\":\"Home\",\"item\":\"https:\\\/\\\/ksproducts.ca\\\/\"},{\"@type\":\"ListItem\",\"position\":2,\"name\":\"Shop\",\"item\":\"https:\\\/\\\/ksproducts.ca\\\/shop\\\/\"},{\"@type\":\"ListItem\",\"position\":3,\"name\":\"Luxor Reclaim Stick-On Fabric Covered Acoustic Panel &#8211; 6 pack &#8211; Midnight Blue\"}]},{\"@type\":\"WebSite\",\"@id\":\"https:\\\/\\\/ksproducts.ca\\\/#website\",\"url\":\"https:\\\/\\\/ksproducts.ca\\\/\",\"name\":\"Ks Products\",\"description\":\"Outdoor cooking and living, made easy in Canada\",\"publisher\":{\"@id\":\"https:\\\/\\\/ksproducts.ca\\\/#organization\"},\"potentialAction\":[{\"@type\":\"SearchAction\",\"target\":{\"@type\":\"EntryPoint\",\"urlTemplate\":\"https:\\\/\\\/ksproducts.ca\\\/?s={search_term_string}\"},\"query-input\":{\"@type\":\"PropertyValueSpecification\",\"valueRequired\":true,\"valueName\":\"search_term_string\"}}],\"inLanguage\":\"fr-CA\"},{\"@type\":\"Organization\",\"@id\":\"https:\\\/\\\/ksproducts.ca\\\/#organization\",\"name\":\"Ks Products\",\"url\":\"https:\\\/\\\/ksproducts.ca\\\/\",\"logo\":{\"@type\":\"ImageObject\",\"inLanguage\":\"fr-CA\",\"@id\":\"https:\\\/\\\/ksproducts.ca\\\/#\\\/schema\\\/logo\\\/image\\\/\",\"url\":\"https:\\\/\\\/ksproducts.ca\\\/wp-content\\\/uploads\\\/2023\\\/09\\\/Kennedy-Sales-Logo-header-1.png\",\"contentUrl\":\"https:\\\/\\\/ksproducts.ca\\\/wp-content\\\/uploads\\\/2023\\\/09\\\/Kennedy-Sales-Logo-header-1.png\",\"width\":150,\"height\":77,\"caption\":\"Ks Products\"},\"image\":{\"@id\":\"https:\\\/\\\/ksproducts.ca\\\/#\\\/schema\\\/logo\\\/image\\\/\"}}]}<\/script>\n<!-- \/ Yoast SEO plugin. -->","yoast_head_json":{"title":"Luxor Reclaim Panneau acoustique recouvert de tissu coll\u00e9 - 6 packs - Bleu nuit - Ks Products","robots":{"index":"index","follow":"follow","max-snippet":"max-snippet:-1","max-image-preview":"max-image-preview:large","max-video-preview":"max-video-preview:-1"},"canonical":"https:\/\/ksproducts.ca\/fr\/product\/luxor-reclaim-stick-on-fabric-covered-acoustic-panel-6-pack-midnight-blue\/","og_locale":"fr_CA","og_type":"article","og_title":"Luxor Reclaim Stick-On Fabric Covered Acoustic Panel - 6 pack - Midnight Blue - Ks Products","og_description":"Luxor RECLAIM\u00ae stick-on acoustic panels beautify a room while helping to absorb reflection to reduce flutter echo and other common acoustic problems. Rated to absorb 75% of ambient noise that passes through the material, they reduce the amount of sound bouncing off of walls. If you\u2019ve ever clapped your hands and heard an echo, that\u2019s called reflection. In an office or classroom setting, reflection can make it harder to concentrate, more difficult for people to understand each other when conversing, cause audio issues during conference calls, and generally make a room seem noisier. These 3D wall panels easily attach using included adhesive strips to help create a quieter and more inviting environment. In addition, the attractive hexagonal shape and soft colours add visual interest for enhanced aesthetics.","og_url":"https:\/\/ksproducts.ca\/fr\/product\/luxor-reclaim-stick-on-fabric-covered-acoustic-panel-6-pack-midnight-blue\/","og_site_name":"Ks Products","article_modified_time":"2026-03-11T19:56:02+00:00","og_image":[{"width":600,"height":600,"url":"https:\/\/ksproducts.ca\/wp-content\/uploads\/2026\/03\/Luxor-Reclaim-Stick-On-Fabric-Covered-Acoustic-Panel-6-pack-Midnight-Blue.jpg","type":"image\/jpeg"}],"twitter_card":"summary_large_image","twitter_misc":{"Estimation du temps de lecture":"1 minute"},"schema":{"@context":"https:\/\/schema.org","@graph":[{"@type":"WebPage","@id":"https:\/\/ksproducts.ca\/product\/luxor-reclaim-stick-on-fabric-covered-acoustic-panel-6-pack-midnight-blue\/","url":"https:\/\/ksproducts.ca\/product\/luxor-reclaim-stick-on-fabric-covered-acoustic-panel-6-pack-midnight-blue\/","name":"Luxor Reclaim Panneau acoustique recouvert de tissu coll\u00e9 - 6 packs - Bleu nuit - Ks Products","isPartOf":{"@id":"https:\/\/ksproducts.ca\/#website"},"primaryImageOfPage":{"@id":"https:\/\/ksproducts.ca\/product\/luxor-reclaim-stick-on-fabric-covered-acoustic-panel-6-pack-midnight-blue\/#primaryimage"},"image":{"@id":"https:\/\/ksproducts.ca\/product\/luxor-reclaim-stick-on-fabric-covered-acoustic-panel-6-pack-midnight-blue\/#primaryimage"},"thumbnailUrl":"https:\/\/ksproducts.ca\/wp-content\/uploads\/2026\/03\/Luxor-Reclaim-Stick-On-Fabric-Covered-Acoustic-Panel-6-pack-Midnight-Blue.jpg","datePublished":"2026-03-11T19:56:01+00:00","dateModified":"2026-03-11T19:56:02+00:00","breadcrumb":{"@id":"https:\/\/ksproducts.ca\/product\/luxor-reclaim-stick-on-fabric-covered-acoustic-panel-6-pack-midnight-blue\/#breadcrumb"},"inLanguage":"fr-CA","potentialAction":[{"@type":"ReadAction","target":["https:\/\/ksproducts.ca\/product\/luxor-reclaim-stick-on-fabric-covered-acoustic-panel-6-pack-midnight-blue\/"]}]},{"@type":"ImageObject","inLanguage":"fr-CA","@id":"https:\/\/ksproducts.ca\/product\/luxor-reclaim-stick-on-fabric-covered-acoustic-panel-6-pack-midnight-blue\/#primaryimage","url":"https:\/\/ksproducts.ca\/wp-content\/uploads\/2026\/03\/Luxor-Reclaim-Stick-On-Fabric-Covered-Acoustic-Panel-6-pack-Midnight-Blue.jpg","contentUrl":"https:\/\/ksproducts.ca\/wp-content\/uploads\/2026\/03\/Luxor-Reclaim-Stick-On-Fabric-Covered-Acoustic-Panel-6-pack-Midnight-Blue.jpg","width":600,"height":600,"caption":"Luxor Reclaim Stick On Fabric Covered Acoustic Panel 6 pack Midnight Blue"},{"@type":"BreadcrumbList","@id":"https:\/\/ksproducts.ca\/product\/luxor-reclaim-stick-on-fabric-covered-acoustic-panel-6-pack-midnight-blue\/#breadcrumb","itemListElement":[{"@type":"ListItem","position":1,"name":"Home","item":"https:\/\/ksproducts.ca\/"},{"@type":"ListItem","position":2,"name":"Shop","item":"https:\/\/ksproducts.ca\/shop\/"},{"@type":"ListItem","position":3,"name":"Luxor Reclaim Stick-On Fabric Covered Acoustic Panel &#8211; 6 pack &#8211; Midnight Blue"}]},{"@type":"WebSite","@id":"https:\/\/ksproducts.ca\/#website","url":"https:\/\/ksproducts.ca\/","name":"Produits Ks","description":"Cuisiner et vivre en plein air, c'est facile au Canada","publisher":{"@id":"https:\/\/ksproducts.ca\/#organization"},"potentialAction":[{"@type":"SearchAction","target":{"@type":"EntryPoint","urlTemplate":"https:\/\/ksproducts.ca\/?s={search_term_string}"},"query-input":{"@type":"PropertyValueSpecification","valueRequired":true,"valueName":"search_term_string"}}],"inLanguage":"fr-CA"},{"@type":"Organization","@id":"https:\/\/ksproducts.ca\/#organization","name":"Produits Ks","url":"https:\/\/ksproducts.ca\/","logo":{"@type":"ImageObject","inLanguage":"fr-CA","@id":"https:\/\/ksproducts.ca\/#\/schema\/logo\/image\/","url":"https:\/\/ksproducts.ca\/wp-content\/uploads\/2023\/09\/Kennedy-Sales-Logo-header-1.png","contentUrl":"https:\/\/ksproducts.ca\/wp-content\/uploads\/2023\/09\/Kennedy-Sales-Logo-header-1.png","width":150,"height":77,"caption":"Ks Products"},"image":{"@id":"https:\/\/ksproducts.ca\/#\/schema\/logo\/image\/"}}]}},"_links":{"self":[{"href":"https:\/\/ksproducts.ca\/fr\/wp-json\/wp\/v2\/product\/12420","targetHints":{"allow":["GET"]}}],"collection":[{"href":"https:\/\/ksproducts.ca\/fr\/wp-json\/wp\/v2\/product"}],"about":[{"href":"https:\/\/ksproducts.ca\/fr\/wp-json\/wp\/v2\/types\/product"}],"replies":[{"embeddable":true,"href":"https:\/\/ksproducts.ca\/fr\/wp-json\/wp\/v2\/comments?post=12420"}],"version-history":[{"count":1,"href":"https:\/\/ksproducts.ca\/fr\/wp-json\/wp\/v2\/product\/12420\/revisions"}],"predecessor-version":[{"id":12422,"href":"https:\/\/ksproducts.ca\/fr\/wp-json\/wp\/v2\/product\/12420\/revisions\/12422"}],"wp:featuredmedia":[{"embeddable":true,"href":"https:\/\/ksproducts.ca\/fr\/wp-json\/wp\/v2\/media\/12421"}],"wp:attachment":[{"href":"https:\/\/ksproducts.ca\/fr\/wp-json\/wp\/v2\/media?parent=12420"}],"wp:term":[{"taxonomy":"product_cat","embeddable":true,"href":"https:\/\/ksproducts.ca\/fr\/wp-json\/wp\/v2\/product_cat?post=12420"},{"taxonomy":"product_tag","embeddable":true,"href":"https:\/\/ksproducts.ca\/fr\/wp-json\/wp\/v2\/product_tag?post=12420"}],"curies":[{"name":"wp","href":"https:\/\/api.w.org\/{rel}","templated":true}]}}