{"id":12423,"date":"2026-03-11T19:58:24","date_gmt":"2026-03-11T19:58:24","guid":{"rendered":"https:\/\/ksproducts.ca\/?post_type=product&#038;p=12423"},"modified":"2026-03-16T15:27:50","modified_gmt":"2026-03-16T15:27:50","slug":"luxor-reclaim-stick-on-fabric-covered-acoustic-panel-6-pack-storm-blue","status":"publish","type":"product","link":"https:\/\/ksproducts.ca\/fr\/product\/luxor-reclaim-stick-on-fabric-covered-acoustic-panel-6-pack-storm-blue\/","title":{"rendered":"Luxor Reclaim Panneau acoustique recouvert de tissu \u00e0 coller - 6 pi\u00e8ces - Storm Blue"},"content":{"rendered":"<ul>\n<li>Coloris : bleu orage<\/li>\n<li>L\u00e9ger et facile \u00e0 fixer gr\u00e2ce aux bandes adh\u00e9sives de type crochet et boucle incluses.<\/li>\n<li>Absorbe les bruits ambiants qui traversent le mat\u00e9riau<\/li>\n<li>Chaque kit comprend deux \u00e9paisseurs de panneaux pour cr\u00e9er un effet tridimensionnel visuellement int\u00e9ressant.<\/li>\n<li>Fabriqu\u00e9 \u00e0 partir de PET recycl\u00e9 50%, respectueux de l'environnement.<\/li>\n<\/ul>","protected":false},"excerpt":{"rendered":"<p>Les panneaux acoustiques d\u00e9coratifs autocollants Luxor RECLAIM embellissent une pi\u00e8ce tout en aidant \u00e0 absorber les reflets afin de r\u00e9duire les \u00e9chos parasites et autres probl\u00e8mes acoustiques courants. Comme nos s\u00e9parateurs de pi\u00e8ces et de bureaux acoustiques les plus vendus, ces panneaux en forme d'hexagone sont fabriqu\u00e9s \u00e0 partir de PET recycl\u00e9 post-consommation. Ils sont con\u00e7us pour absorber 75% du bruit ambiant qui passe \u00e0 travers le mat\u00e9riau (NRC 0,75), ce qui r\u00e9duit la quantit\u00e9 de son qui rebondit sur les murs. Dans un bureau ou une salle de classe, la r\u00e9flexion peut rendre la concentration plus difficile, emp\u00eacher les gens de se comprendre lorsqu'ils conversent, causer des probl\u00e8mes audio pendant les conf\u00e9rences t\u00e9l\u00e9phoniques et, d'une mani\u00e8re g\u00e9n\u00e9rale, rendre une pi\u00e8ce plus bruyante.Ces panneaux muraux 3D se fixent facilement \u00e0 l'aide des bandes adh\u00e9sives fournies pour aider \u00e0 cr\u00e9er un environnement plus calme et plus accueillant. En outre, la forme hexagonale attrayante et les couleurs douces ajoutent un int\u00e9r\u00eat visuel pour une esth\u00e9tique am\u00e9lior\u00e9e.<\/p>","protected":false},"featured_media":12424,"comment_status":"open","ping_status":"closed","template":"","meta":[],"product_cat":[391],"product_tag":[],"class_list":{"0":"post-12423","1":"product","2":"type-product","3":"status-publish","4":"has-post-thumbnail","6":"product_cat-home-office-furnishings","7":"product_shipping_class-class-1","9":"first","10":"instock","11":"taxable","12":"shipping-taxable","13":"purchasable","14":"product-type-simple"},"yoast_head":"<!-- This site is optimized with the Yoast SEO plugin v27.3 - https:\/\/yoast.com\/product\/yoast-seo-wordpress\/ -->\n<title>Luxor Reclaim Stick-On Fabric Covered Acoustic Panel - 6 pack - Storm Blue - Ks Products<\/title>\n<meta name=\"robots\" content=\"index, follow, max-snippet:-1, max-image-preview:large, max-video-preview:-1\" \/>\n<link rel=\"canonical\" href=\"https:\/\/ksproducts.ca\/fr\/product\/luxor-reclaim-stick-on-fabric-covered-acoustic-panel-6-pack-storm-blue\/\" \/>\n<meta property=\"og:locale\" content=\"fr_CA\" \/>\n<meta property=\"og:type\" content=\"article\" \/>\n<meta property=\"og:title\" content=\"Luxor Reclaim Stick-On Fabric Covered Acoustic Panel - 6 pack - Storm Blue - Ks Products\" \/>\n<meta property=\"og:description\" content=\"Luxor RECLAIM Stick-On Decorative Acoustic Panels beautify a room while helping to absorb reflection to reduce flutter echo and other common acoustic problems. Like our top-selling acoustic room dividers and desk dividers, these hexagon-shaped panels are made from post-consumer recycled PET. Rated to absorb 75% of ambient noise that passes through the material (NRC 0.75), they reduce the amount of sound bouncing off of walls.If youve ever clapped your hands and heard an echo, thats called reflection. In an office or classroom setting, reflection can make it harder to concentrate, more difficult for people to understand each other when conversing, cause audio issues during conference calls, and generally make a room seem noisier.These 3D wall panels easily attach using included adhesive strips to help create a quieter and more inviting environment. In addition, the attractive hexagonal shape and soft colors add visual interest for enhanced aesthetics.\" \/>\n<meta property=\"og:url\" content=\"https:\/\/ksproducts.ca\/fr\/product\/luxor-reclaim-stick-on-fabric-covered-acoustic-panel-6-pack-storm-blue\/\" \/>\n<meta property=\"og:site_name\" content=\"Ks Products\" \/>\n<meta property=\"article:modified_time\" content=\"2026-03-16T15:27:50+00:00\" \/>\n<meta property=\"og:image\" content=\"https:\/\/ksproducts.ca\/wp-content\/uploads\/2023\/09\/Kennedy-Sales-Logo-header-1.png\" \/>\n\t<meta property=\"og:image:width\" content=\"150\" \/>\n\t<meta property=\"og:image:height\" content=\"77\" \/>\n\t<meta property=\"og:image:type\" content=\"image\/png\" \/>\n<meta name=\"twitter:card\" content=\"summary_large_image\" \/>\n<meta name=\"twitter:label1\" content=\"Estimation du temps de lecture\" \/>\n\t<meta name=\"twitter:data1\" content=\"1 minute\" \/>\n<script type=\"application\/ld+json\" class=\"yoast-schema-graph\">{\"@context\":\"https:\\\/\\\/schema.org\",\"@graph\":[{\"@type\":\"WebPage\",\"@id\":\"https:\\\/\\\/ksproducts.ca\\\/product\\\/luxor-reclaim-stick-on-fabric-covered-acoustic-panel-6-pack-storm-blue\\\/\",\"url\":\"https:\\\/\\\/ksproducts.ca\\\/product\\\/luxor-reclaim-stick-on-fabric-covered-acoustic-panel-6-pack-storm-blue\\\/\",\"name\":\"Luxor Reclaim Stick-On Fabric Covered Acoustic Panel - 6 pack - Storm Blue - Ks Products\",\"isPartOf\":{\"@id\":\"https:\\\/\\\/ksproducts.ca\\\/#website\"},\"primaryImageOfPage\":{\"@id\":\"https:\\\/\\\/ksproducts.ca\\\/product\\\/luxor-reclaim-stick-on-fabric-covered-acoustic-panel-6-pack-storm-blue\\\/#primaryimage\"},\"image\":{\"@id\":\"https:\\\/\\\/ksproducts.ca\\\/product\\\/luxor-reclaim-stick-on-fabric-covered-acoustic-panel-6-pack-storm-blue\\\/#primaryimage\"},\"thumbnailUrl\":\"https:\\\/\\\/ksproducts.ca\\\/wp-content\\\/uploads\\\/2026\\\/03\\\/Luxor-Reclaim-Stick-On-Fabric-Covered-Acoustic-Panel-6-pack-Storm-Blue.avif\",\"datePublished\":\"2026-03-11T19:58:24+00:00\",\"dateModified\":\"2026-03-16T15:27:50+00:00\",\"breadcrumb\":{\"@id\":\"https:\\\/\\\/ksproducts.ca\\\/product\\\/luxor-reclaim-stick-on-fabric-covered-acoustic-panel-6-pack-storm-blue\\\/#breadcrumb\"},\"inLanguage\":\"fr-CA\",\"potentialAction\":[{\"@type\":\"ReadAction\",\"target\":[\"https:\\\/\\\/ksproducts.ca\\\/product\\\/luxor-reclaim-stick-on-fabric-covered-acoustic-panel-6-pack-storm-blue\\\/\"]}]},{\"@type\":\"ImageObject\",\"inLanguage\":\"fr-CA\",\"@id\":\"https:\\\/\\\/ksproducts.ca\\\/product\\\/luxor-reclaim-stick-on-fabric-covered-acoustic-panel-6-pack-storm-blue\\\/#primaryimage\",\"url\":\"https:\\\/\\\/ksproducts.ca\\\/wp-content\\\/uploads\\\/2026\\\/03\\\/Luxor-Reclaim-Stick-On-Fabric-Covered-Acoustic-Panel-6-pack-Storm-Blue.avif\",\"contentUrl\":\"https:\\\/\\\/ksproducts.ca\\\/wp-content\\\/uploads\\\/2026\\\/03\\\/Luxor-Reclaim-Stick-On-Fabric-Covered-Acoustic-Panel-6-pack-Storm-Blue.avif\",\"width\":1000,\"height\":1000,\"caption\":\"Luxor Reclaim Stick On Fabric Covered Acoustic Panel 6 pack Storm Blue\"},{\"@type\":\"BreadcrumbList\",\"@id\":\"https:\\\/\\\/ksproducts.ca\\\/product\\\/luxor-reclaim-stick-on-fabric-covered-acoustic-panel-6-pack-storm-blue\\\/#breadcrumb\",\"itemListElement\":[{\"@type\":\"ListItem\",\"position\":1,\"name\":\"Home\",\"item\":\"https:\\\/\\\/ksproducts.ca\\\/\"},{\"@type\":\"ListItem\",\"position\":2,\"name\":\"Shop\",\"item\":\"https:\\\/\\\/ksproducts.ca\\\/shop\\\/\"},{\"@type\":\"ListItem\",\"position\":3,\"name\":\"Luxor Reclaim Stick-On Fabric Covered Acoustic Panel &#8211; 6 pack &#8211; Storm Blue\"}]},{\"@type\":\"WebSite\",\"@id\":\"https:\\\/\\\/ksproducts.ca\\\/#website\",\"url\":\"https:\\\/\\\/ksproducts.ca\\\/\",\"name\":\"Ks Products\",\"description\":\"Outdoor cooking and living, made easy in Canada\",\"publisher\":{\"@id\":\"https:\\\/\\\/ksproducts.ca\\\/#organization\"},\"potentialAction\":[{\"@type\":\"SearchAction\",\"target\":{\"@type\":\"EntryPoint\",\"urlTemplate\":\"https:\\\/\\\/ksproducts.ca\\\/?s={search_term_string}\"},\"query-input\":{\"@type\":\"PropertyValueSpecification\",\"valueRequired\":true,\"valueName\":\"search_term_string\"}}],\"inLanguage\":\"fr-CA\"},{\"@type\":\"Organization\",\"@id\":\"https:\\\/\\\/ksproducts.ca\\\/#organization\",\"name\":\"Ks Products\",\"url\":\"https:\\\/\\\/ksproducts.ca\\\/\",\"logo\":{\"@type\":\"ImageObject\",\"inLanguage\":\"fr-CA\",\"@id\":\"https:\\\/\\\/ksproducts.ca\\\/#\\\/schema\\\/logo\\\/image\\\/\",\"url\":\"https:\\\/\\\/ksproducts.ca\\\/wp-content\\\/uploads\\\/2023\\\/09\\\/Kennedy-Sales-Logo-header-1.png\",\"contentUrl\":\"https:\\\/\\\/ksproducts.ca\\\/wp-content\\\/uploads\\\/2023\\\/09\\\/Kennedy-Sales-Logo-header-1.png\",\"width\":150,\"height\":77,\"caption\":\"Ks Products\"},\"image\":{\"@id\":\"https:\\\/\\\/ksproducts.ca\\\/#\\\/schema\\\/logo\\\/image\\\/\"}}]}<\/script>\n<!-- \/ Yoast SEO plugin. -->","yoast_head_json":{"title":"Luxor Reclaim Panneau acoustique recouvert de tissu coll\u00e9 - 6 packs - Storm Blue - Ks Products","robots":{"index":"index","follow":"follow","max-snippet":"max-snippet:-1","max-image-preview":"max-image-preview:large","max-video-preview":"max-video-preview:-1"},"canonical":"https:\/\/ksproducts.ca\/fr\/product\/luxor-reclaim-stick-on-fabric-covered-acoustic-panel-6-pack-storm-blue\/","og_locale":"fr_CA","og_type":"article","og_title":"Luxor Reclaim Stick-On Fabric Covered Acoustic Panel - 6 pack - Storm Blue - Ks Products","og_description":"Luxor RECLAIM Stick-On Decorative Acoustic Panels beautify a room while helping to absorb reflection to reduce flutter echo and other common acoustic problems. Like our top-selling acoustic room dividers and desk dividers, these hexagon-shaped panels are made from post-consumer recycled PET. Rated to absorb 75% of ambient noise that passes through the material (NRC 0.75), they reduce the amount of sound bouncing off of walls.If youve ever clapped your hands and heard an echo, thats called reflection. In an office or classroom setting, reflection can make it harder to concentrate, more difficult for people to understand each other when conversing, cause audio issues during conference calls, and generally make a room seem noisier.These 3D wall panels easily attach using included adhesive strips to help create a quieter and more inviting environment. In addition, the attractive hexagonal shape and soft colors add visual interest for enhanced aesthetics.","og_url":"https:\/\/ksproducts.ca\/fr\/product\/luxor-reclaim-stick-on-fabric-covered-acoustic-panel-6-pack-storm-blue\/","og_site_name":"Ks Products","article_modified_time":"2026-03-16T15:27:50+00:00","og_image":[{"width":150,"height":77,"url":"https:\/\/ksproducts.ca\/wp-content\/uploads\/2023\/09\/Kennedy-Sales-Logo-header-1.png","type":"image\/png"}],"twitter_card":"summary_large_image","twitter_misc":{"Estimation du temps de lecture":"1 minute"},"schema":{"@context":"https:\/\/schema.org","@graph":[{"@type":"WebPage","@id":"https:\/\/ksproducts.ca\/product\/luxor-reclaim-stick-on-fabric-covered-acoustic-panel-6-pack-storm-blue\/","url":"https:\/\/ksproducts.ca\/product\/luxor-reclaim-stick-on-fabric-covered-acoustic-panel-6-pack-storm-blue\/","name":"Luxor Reclaim Panneau acoustique recouvert de tissu coll\u00e9 - 6 packs - Storm Blue - Ks Products","isPartOf":{"@id":"https:\/\/ksproducts.ca\/#website"},"primaryImageOfPage":{"@id":"https:\/\/ksproducts.ca\/product\/luxor-reclaim-stick-on-fabric-covered-acoustic-panel-6-pack-storm-blue\/#primaryimage"},"image":{"@id":"https:\/\/ksproducts.ca\/product\/luxor-reclaim-stick-on-fabric-covered-acoustic-panel-6-pack-storm-blue\/#primaryimage"},"thumbnailUrl":"https:\/\/ksproducts.ca\/wp-content\/uploads\/2026\/03\/Luxor-Reclaim-Stick-On-Fabric-Covered-Acoustic-Panel-6-pack-Storm-Blue.avif","datePublished":"2026-03-11T19:58:24+00:00","dateModified":"2026-03-16T15:27:50+00:00","breadcrumb":{"@id":"https:\/\/ksproducts.ca\/product\/luxor-reclaim-stick-on-fabric-covered-acoustic-panel-6-pack-storm-blue\/#breadcrumb"},"inLanguage":"fr-CA","potentialAction":[{"@type":"ReadAction","target":["https:\/\/ksproducts.ca\/product\/luxor-reclaim-stick-on-fabric-covered-acoustic-panel-6-pack-storm-blue\/"]}]},{"@type":"ImageObject","inLanguage":"fr-CA","@id":"https:\/\/ksproducts.ca\/product\/luxor-reclaim-stick-on-fabric-covered-acoustic-panel-6-pack-storm-blue\/#primaryimage","url":"https:\/\/ksproducts.ca\/wp-content\/uploads\/2026\/03\/Luxor-Reclaim-Stick-On-Fabric-Covered-Acoustic-Panel-6-pack-Storm-Blue.avif","contentUrl":"https:\/\/ksproducts.ca\/wp-content\/uploads\/2026\/03\/Luxor-Reclaim-Stick-On-Fabric-Covered-Acoustic-Panel-6-pack-Storm-Blue.avif","width":1000,"height":1000,"caption":"Luxor Reclaim Stick On Fabric Covered Acoustic Panel 6 pack Storm Blue"},{"@type":"BreadcrumbList","@id":"https:\/\/ksproducts.ca\/product\/luxor-reclaim-stick-on-fabric-covered-acoustic-panel-6-pack-storm-blue\/#breadcrumb","itemListElement":[{"@type":"ListItem","position":1,"name":"Home","item":"https:\/\/ksproducts.ca\/"},{"@type":"ListItem","position":2,"name":"Shop","item":"https:\/\/ksproducts.ca\/shop\/"},{"@type":"ListItem","position":3,"name":"Luxor Reclaim Stick-On Fabric Covered Acoustic Panel &#8211; 6 pack &#8211; Storm Blue"}]},{"@type":"WebSite","@id":"https:\/\/ksproducts.ca\/#website","url":"https:\/\/ksproducts.ca\/","name":"Produits Ks","description":"Cuisiner et vivre en plein air, c'est facile au Canada","publisher":{"@id":"https:\/\/ksproducts.ca\/#organization"},"potentialAction":[{"@type":"SearchAction","target":{"@type":"EntryPoint","urlTemplate":"https:\/\/ksproducts.ca\/?s={search_term_string}"},"query-input":{"@type":"PropertyValueSpecification","valueRequired":true,"valueName":"search_term_string"}}],"inLanguage":"fr-CA"},{"@type":"Organization","@id":"https:\/\/ksproducts.ca\/#organization","name":"Produits Ks","url":"https:\/\/ksproducts.ca\/","logo":{"@type":"ImageObject","inLanguage":"fr-CA","@id":"https:\/\/ksproducts.ca\/#\/schema\/logo\/image\/","url":"https:\/\/ksproducts.ca\/wp-content\/uploads\/2023\/09\/Kennedy-Sales-Logo-header-1.png","contentUrl":"https:\/\/ksproducts.ca\/wp-content\/uploads\/2023\/09\/Kennedy-Sales-Logo-header-1.png","width":150,"height":77,"caption":"Ks Products"},"image":{"@id":"https:\/\/ksproducts.ca\/#\/schema\/logo\/image\/"}}]}},"_links":{"self":[{"href":"https:\/\/ksproducts.ca\/fr\/wp-json\/wp\/v2\/product\/12423","targetHints":{"allow":["GET"]}}],"collection":[{"href":"https:\/\/ksproducts.ca\/fr\/wp-json\/wp\/v2\/product"}],"about":[{"href":"https:\/\/ksproducts.ca\/fr\/wp-json\/wp\/v2\/types\/product"}],"replies":[{"embeddable":true,"href":"https:\/\/ksproducts.ca\/fr\/wp-json\/wp\/v2\/comments?post=12423"}],"version-history":[{"count":2,"href":"https:\/\/ksproducts.ca\/fr\/wp-json\/wp\/v2\/product\/12423\/revisions"}],"predecessor-version":[{"id":12427,"href":"https:\/\/ksproducts.ca\/fr\/wp-json\/wp\/v2\/product\/12423\/revisions\/12427"}],"wp:featuredmedia":[{"embeddable":true,"href":"https:\/\/ksproducts.ca\/fr\/wp-json\/wp\/v2\/media\/12424"}],"wp:attachment":[{"href":"https:\/\/ksproducts.ca\/fr\/wp-json\/wp\/v2\/media?parent=12423"}],"wp:term":[{"taxonomy":"product_cat","embeddable":true,"href":"https:\/\/ksproducts.ca\/fr\/wp-json\/wp\/v2\/product_cat?post=12423"},{"taxonomy":"product_tag","embeddable":true,"href":"https:\/\/ksproducts.ca\/fr\/wp-json\/wp\/v2\/product_tag?post=12423"}],"curies":[{"name":"wp","href":"https:\/\/api.w.org\/{rel}","templated":true}]}}