{"id":12426,"date":"2026-03-12T12:24:08","date_gmt":"2026-03-12T12:24:08","guid":{"rendered":"https:\/\/ksproducts.ca\/?post_type=product&#038;p=12426"},"modified":"2026-03-12T12:24:08","modified_gmt":"2026-03-12T12:24:08","slug":"luxor-3-shelters-plastic-utility-cart-with-spacious-tub-shelves-300lb-weight-capacity-red-24-x-18","status":"publish","type":"product","link":"https:\/\/ksproducts.ca\/fr\/product\/luxor-3-shelf-plastic-utility-cart-with-spacious-tub-shelves-300lb-weight-capacity-red-24-x-18\/","title":{"rendered":"Luxor Chariot utilitaire en plastique \u00e0 3 \u00e9tages avec \u00e9tag\u00e8res spacieuses - Capacit\u00e9 de charge de 300 lb - Rouge - 24 x 18"},"content":{"rendered":"<ul>\n<li>Les \u00e9tag\u00e8res et les pieds ne rouillent pas, ne se cabossent pas, ne se rayent pas et ne se tachent pas.<\/li>\n<li>Les \u00e9tag\u00e8res en forme de baignoire permettent de ranger en toute s\u00e9curit\u00e9 des articles dans des murs d'une profondeur de 2,75\u2033.<\/li>\n<li>Tablettes en PEHD (poly\u00e9thyl\u00e8ne haute densit\u00e9) ; pieds en PVC<\/li>\n<li>Peut supporter jusqu'\u00e0 100 livres par \u00e9tag\u00e8re, r\u00e9parties de fa\u00e7on homog\u00e8ne.<\/li>\n<li>Transport ais\u00e9 du chariot gr\u00e2ce \u00e0 des roulettes de 4\u2033 et deux freins de blocage<\/li>\n<li>Poign\u00e9e de pouss\u00e9e ergonomique moul\u00e9e dans l'\u00e9tag\u00e8re sup\u00e9rieure<\/li>\n<li>Assemblage facile<\/li>\n<\/ul>","protected":false},"excerpt":{"rendered":"<p>Qu'il s'agisse de transport, de stockage ou d'entretien, ce chariot durable supporte facilement la charge gr\u00e2ce \u00e0 ses trois \u00e9tag\u00e8res robustes. Avec un poids maximum de 100 livres par \u00e9tag\u00e8re, r\u00e9parti uniform\u00e9ment, et un corps solide qui ne se cabosse pas et ne se raye pas, les utilisateurs peuvent faire confiance \u00e0 la fiabilit\u00e9 des chariots fabriqu\u00e9s aux \u00c9tats-Unis.<\/p>","protected":false},"featured_media":12428,"comment_status":"open","ping_status":"closed","template":"","meta":[],"product_cat":[433],"product_tag":[],"class_list":{"0":"post-12426","1":"product","2":"type-product","3":"status-publish","4":"has-post-thumbnail","6":"product_cat-utility-carts","7":"product_shipping_class-class-2","9":"first","10":"instock","11":"taxable","12":"shipping-taxable","13":"purchasable","14":"product-type-simple"},"yoast_head":"<!-- This site is optimized with the Yoast SEO plugin v27.3 - https:\/\/yoast.com\/product\/yoast-seo-wordpress\/ -->\n<title>Luxor 3-Shelf Plastic Utility Cart with Spacious Tub Shelves - 300lb Weight Capacity - Red - 24 x 18 - Ks Products<\/title>\n<meta name=\"robots\" content=\"index, follow, max-snippet:-1, max-image-preview:large, max-video-preview:-1\" \/>\n<link rel=\"canonical\" href=\"https:\/\/ksproducts.ca\/fr\/product\/luxor-3-shelters-plastic-utility-cart-with-spacious-tub-shelves-300lb-weight-capacity-red-24-x-18\/\" \/>\n<meta property=\"og:locale\" content=\"fr_CA\" \/>\n<meta property=\"og:type\" content=\"article\" \/>\n<meta property=\"og:title\" content=\"Luxor 3-Shelf Plastic Utility Cart with Spacious Tub Shelves - 300lb Weight Capacity - Red - 24 x 18 - Ks Products\" \/>\n<meta property=\"og:description\" content=\"Whether transporting, storing, or using for service, the durable cart easily bears the load in three sturdy tub shelves. With a maximum weight of 100 lbs. per shelf, evenly distributed and a strong body that will never dent or scratch, users can trust the reliability of the USA made carts.\" \/>\n<meta property=\"og:url\" content=\"https:\/\/ksproducts.ca\/fr\/product\/luxor-3-shelters-plastic-utility-cart-with-spacious-tub-shelves-300lb-weight-capacity-red-24-x-18\/\" \/>\n<meta property=\"og:site_name\" content=\"Ks Products\" \/>\n<meta property=\"og:image\" content=\"https:\/\/ksproducts.ca\/wp-content\/uploads\/2026\/03\/Luxor-3-Shelf-Plastic-Utility-Cart-with-Spacious-Tub-Shelves-300lb-Weight-Capacity-Red-24-x-18.jpg\" \/>\n\t<meta property=\"og:image:width\" content=\"600\" \/>\n\t<meta property=\"og:image:height\" content=\"600\" \/>\n\t<meta property=\"og:image:type\" content=\"image\/jpeg\" \/>\n<meta name=\"twitter:card\" content=\"summary_large_image\" \/>\n<meta name=\"twitter:label1\" content=\"Estimation du temps de lecture\" \/>\n\t<meta name=\"twitter:data1\" content=\"1 minute\" \/>\n<script type=\"application\/ld+json\" class=\"yoast-schema-graph\">{\"@context\":\"https:\\\/\\\/schema.org\",\"@graph\":[{\"@type\":\"WebPage\",\"@id\":\"https:\\\/\\\/ksproducts.ca\\\/product\\\/luxor-3-shelf-plastic-utility-cart-with-spacious-tub-shelves-300lb-weight-capacity-red-24-x-18\\\/\",\"url\":\"https:\\\/\\\/ksproducts.ca\\\/product\\\/luxor-3-shelf-plastic-utility-cart-with-spacious-tub-shelves-300lb-weight-capacity-red-24-x-18\\\/\",\"name\":\"Luxor 3-Shelf Plastic Utility Cart with Spacious Tub Shelves - 300lb Weight Capacity - Red - 24 x 18 - Ks Products\",\"isPartOf\":{\"@id\":\"https:\\\/\\\/ksproducts.ca\\\/#website\"},\"primaryImageOfPage\":{\"@id\":\"https:\\\/\\\/ksproducts.ca\\\/product\\\/luxor-3-shelf-plastic-utility-cart-with-spacious-tub-shelves-300lb-weight-capacity-red-24-x-18\\\/#primaryimage\"},\"image\":{\"@id\":\"https:\\\/\\\/ksproducts.ca\\\/product\\\/luxor-3-shelf-plastic-utility-cart-with-spacious-tub-shelves-300lb-weight-capacity-red-24-x-18\\\/#primaryimage\"},\"thumbnailUrl\":\"https:\\\/\\\/ksproducts.ca\\\/wp-content\\\/uploads\\\/2026\\\/03\\\/Luxor-3-Shelf-Plastic-Utility-Cart-with-Spacious-Tub-Shelves-300lb-Weight-Capacity-Red-24-x-18.jpg\",\"datePublished\":\"2026-03-12T12:24:08+00:00\",\"breadcrumb\":{\"@id\":\"https:\\\/\\\/ksproducts.ca\\\/product\\\/luxor-3-shelf-plastic-utility-cart-with-spacious-tub-shelves-300lb-weight-capacity-red-24-x-18\\\/#breadcrumb\"},\"inLanguage\":\"fr-CA\",\"potentialAction\":[{\"@type\":\"ReadAction\",\"target\":[\"https:\\\/\\\/ksproducts.ca\\\/product\\\/luxor-3-shelf-plastic-utility-cart-with-spacious-tub-shelves-300lb-weight-capacity-red-24-x-18\\\/\"]}]},{\"@type\":\"ImageObject\",\"inLanguage\":\"fr-CA\",\"@id\":\"https:\\\/\\\/ksproducts.ca\\\/product\\\/luxor-3-shelf-plastic-utility-cart-with-spacious-tub-shelves-300lb-weight-capacity-red-24-x-18\\\/#primaryimage\",\"url\":\"https:\\\/\\\/ksproducts.ca\\\/wp-content\\\/uploads\\\/2026\\\/03\\\/Luxor-3-Shelf-Plastic-Utility-Cart-with-Spacious-Tub-Shelves-300lb-Weight-Capacity-Red-24-x-18.jpg\",\"contentUrl\":\"https:\\\/\\\/ksproducts.ca\\\/wp-content\\\/uploads\\\/2026\\\/03\\\/Luxor-3-Shelf-Plastic-Utility-Cart-with-Spacious-Tub-Shelves-300lb-Weight-Capacity-Red-24-x-18.jpg\",\"width\":600,\"height\":600,\"caption\":\"Luxor 3 Shelf Plastic Utility Cart with Spacious Tub Shelves 300lb Weight Capacity Red 24 x 18\"},{\"@type\":\"BreadcrumbList\",\"@id\":\"https:\\\/\\\/ksproducts.ca\\\/product\\\/luxor-3-shelf-plastic-utility-cart-with-spacious-tub-shelves-300lb-weight-capacity-red-24-x-18\\\/#breadcrumb\",\"itemListElement\":[{\"@type\":\"ListItem\",\"position\":1,\"name\":\"Home\",\"item\":\"https:\\\/\\\/ksproducts.ca\\\/\"},{\"@type\":\"ListItem\",\"position\":2,\"name\":\"Shop\",\"item\":\"https:\\\/\\\/ksproducts.ca\\\/shop\\\/\"},{\"@type\":\"ListItem\",\"position\":3,\"name\":\"Luxor 3-Shelf Plastic Utility Cart with Spacious Tub Shelves &#8211; 300lb Weight Capacity &#8211; Red &#8211; 24 x 18\"}]},{\"@type\":\"WebSite\",\"@id\":\"https:\\\/\\\/ksproducts.ca\\\/#website\",\"url\":\"https:\\\/\\\/ksproducts.ca\\\/\",\"name\":\"Ks Products\",\"description\":\"Outdoor cooking and living, made easy in Canada\",\"publisher\":{\"@id\":\"https:\\\/\\\/ksproducts.ca\\\/#organization\"},\"potentialAction\":[{\"@type\":\"SearchAction\",\"target\":{\"@type\":\"EntryPoint\",\"urlTemplate\":\"https:\\\/\\\/ksproducts.ca\\\/?s={search_term_string}\"},\"query-input\":{\"@type\":\"PropertyValueSpecification\",\"valueRequired\":true,\"valueName\":\"search_term_string\"}}],\"inLanguage\":\"fr-CA\"},{\"@type\":\"Organization\",\"@id\":\"https:\\\/\\\/ksproducts.ca\\\/#organization\",\"name\":\"Ks Products\",\"url\":\"https:\\\/\\\/ksproducts.ca\\\/\",\"logo\":{\"@type\":\"ImageObject\",\"inLanguage\":\"fr-CA\",\"@id\":\"https:\\\/\\\/ksproducts.ca\\\/#\\\/schema\\\/logo\\\/image\\\/\",\"url\":\"https:\\\/\\\/ksproducts.ca\\\/wp-content\\\/uploads\\\/2023\\\/09\\\/Kennedy-Sales-Logo-header-1.png\",\"contentUrl\":\"https:\\\/\\\/ksproducts.ca\\\/wp-content\\\/uploads\\\/2023\\\/09\\\/Kennedy-Sales-Logo-header-1.png\",\"width\":150,\"height\":77,\"caption\":\"Ks Products\"},\"image\":{\"@id\":\"https:\\\/\\\/ksproducts.ca\\\/#\\\/schema\\\/logo\\\/image\\\/\"}}]}<\/script>\n<!-- \/ Yoast SEO plugin. -->","yoast_head_json":{"title":"Luxor Chariot utilitaire en plastique \u00e0 3 \u00e9tages avec \u00e9tag\u00e8res spacieuses - Capacit\u00e9 de charge de 300 lb - Rouge - 24 x 18 - Ks Products","robots":{"index":"index","follow":"follow","max-snippet":"max-snippet:-1","max-image-preview":"max-image-preview:large","max-video-preview":"max-video-preview:-1"},"canonical":"https:\/\/ksproducts.ca\/fr\/product\/luxor-3-shelters-plastic-utility-cart-with-spacious-tub-shelves-300lb-weight-capacity-red-24-x-18\/","og_locale":"fr_CA","og_type":"article","og_title":"Luxor 3-Shelf Plastic Utility Cart with Spacious Tub Shelves - 300lb Weight Capacity - Red - 24 x 18 - Ks Products","og_description":"Whether transporting, storing, or using for service, the durable cart easily bears the load in three sturdy tub shelves. With a maximum weight of 100 lbs. per shelf, evenly distributed and a strong body that will never dent or scratch, users can trust the reliability of the USA made carts.","og_url":"https:\/\/ksproducts.ca\/fr\/product\/luxor-3-shelters-plastic-utility-cart-with-spacious-tub-shelves-300lb-weight-capacity-red-24-x-18\/","og_site_name":"Ks Products","og_image":[{"width":600,"height":600,"url":"https:\/\/ksproducts.ca\/wp-content\/uploads\/2026\/03\/Luxor-3-Shelf-Plastic-Utility-Cart-with-Spacious-Tub-Shelves-300lb-Weight-Capacity-Red-24-x-18.jpg","type":"image\/jpeg"}],"twitter_card":"summary_large_image","twitter_misc":{"Estimation du temps de lecture":"1 minute"},"schema":{"@context":"https:\/\/schema.org","@graph":[{"@type":"WebPage","@id":"https:\/\/ksproducts.ca\/product\/luxor-3-shelf-plastic-utility-cart-with-spacious-tub-shelves-300lb-weight-capacity-red-24-x-18\/","url":"https:\/\/ksproducts.ca\/product\/luxor-3-shelf-plastic-utility-cart-with-spacious-tub-shelves-300lb-weight-capacity-red-24-x-18\/","name":"Luxor Chariot utilitaire en plastique \u00e0 3 \u00e9tages avec \u00e9tag\u00e8res spacieuses - Capacit\u00e9 de charge de 300 lb - Rouge - 24 x 18 - Ks Products","isPartOf":{"@id":"https:\/\/ksproducts.ca\/#website"},"primaryImageOfPage":{"@id":"https:\/\/ksproducts.ca\/product\/luxor-3-shelf-plastic-utility-cart-with-spacious-tub-shelves-300lb-weight-capacity-red-24-x-18\/#primaryimage"},"image":{"@id":"https:\/\/ksproducts.ca\/product\/luxor-3-shelf-plastic-utility-cart-with-spacious-tub-shelves-300lb-weight-capacity-red-24-x-18\/#primaryimage"},"thumbnailUrl":"https:\/\/ksproducts.ca\/wp-content\/uploads\/2026\/03\/Luxor-3-Shelf-Plastic-Utility-Cart-with-Spacious-Tub-Shelves-300lb-Weight-Capacity-Red-24-x-18.jpg","datePublished":"2026-03-12T12:24:08+00:00","breadcrumb":{"@id":"https:\/\/ksproducts.ca\/product\/luxor-3-shelf-plastic-utility-cart-with-spacious-tub-shelves-300lb-weight-capacity-red-24-x-18\/#breadcrumb"},"inLanguage":"fr-CA","potentialAction":[{"@type":"ReadAction","target":["https:\/\/ksproducts.ca\/product\/luxor-3-shelf-plastic-utility-cart-with-spacious-tub-shelves-300lb-weight-capacity-red-24-x-18\/"]}]},{"@type":"ImageObject","inLanguage":"fr-CA","@id":"https:\/\/ksproducts.ca\/product\/luxor-3-shelf-plastic-utility-cart-with-spacious-tub-shelves-300lb-weight-capacity-red-24-x-18\/#primaryimage","url":"https:\/\/ksproducts.ca\/wp-content\/uploads\/2026\/03\/Luxor-3-Shelf-Plastic-Utility-Cart-with-Spacious-Tub-Shelves-300lb-Weight-Capacity-Red-24-x-18.jpg","contentUrl":"https:\/\/ksproducts.ca\/wp-content\/uploads\/2026\/03\/Luxor-3-Shelf-Plastic-Utility-Cart-with-Spacious-Tub-Shelves-300lb-Weight-Capacity-Red-24-x-18.jpg","width":600,"height":600,"caption":"Luxor 3 Shelf Plastic Utility Cart with Spacious Tub Shelves 300lb Weight Capacity Red 24 x 18"},{"@type":"BreadcrumbList","@id":"https:\/\/ksproducts.ca\/product\/luxor-3-shelf-plastic-utility-cart-with-spacious-tub-shelves-300lb-weight-capacity-red-24-x-18\/#breadcrumb","itemListElement":[{"@type":"ListItem","position":1,"name":"Home","item":"https:\/\/ksproducts.ca\/"},{"@type":"ListItem","position":2,"name":"Shop","item":"https:\/\/ksproducts.ca\/shop\/"},{"@type":"ListItem","position":3,"name":"Luxor 3-Shelf Plastic Utility Cart with Spacious Tub Shelves &#8211; 300lb Weight Capacity &#8211; Red &#8211; 24 x 18"}]},{"@type":"WebSite","@id":"https:\/\/ksproducts.ca\/#website","url":"https:\/\/ksproducts.ca\/","name":"Produits Ks","description":"Cuisiner et vivre en plein air, c'est facile au Canada","publisher":{"@id":"https:\/\/ksproducts.ca\/#organization"},"potentialAction":[{"@type":"SearchAction","target":{"@type":"EntryPoint","urlTemplate":"https:\/\/ksproducts.ca\/?s={search_term_string}"},"query-input":{"@type":"PropertyValueSpecification","valueRequired":true,"valueName":"search_term_string"}}],"inLanguage":"fr-CA"},{"@type":"Organization","@id":"https:\/\/ksproducts.ca\/#organization","name":"Produits Ks","url":"https:\/\/ksproducts.ca\/","logo":{"@type":"ImageObject","inLanguage":"fr-CA","@id":"https:\/\/ksproducts.ca\/#\/schema\/logo\/image\/","url":"https:\/\/ksproducts.ca\/wp-content\/uploads\/2023\/09\/Kennedy-Sales-Logo-header-1.png","contentUrl":"https:\/\/ksproducts.ca\/wp-content\/uploads\/2023\/09\/Kennedy-Sales-Logo-header-1.png","width":150,"height":77,"caption":"Ks Products"},"image":{"@id":"https:\/\/ksproducts.ca\/#\/schema\/logo\/image\/"}}]}},"_links":{"self":[{"href":"https:\/\/ksproducts.ca\/fr\/wp-json\/wp\/v2\/product\/12426","targetHints":{"allow":["GET"]}}],"collection":[{"href":"https:\/\/ksproducts.ca\/fr\/wp-json\/wp\/v2\/product"}],"about":[{"href":"https:\/\/ksproducts.ca\/fr\/wp-json\/wp\/v2\/types\/product"}],"replies":[{"embeddable":true,"href":"https:\/\/ksproducts.ca\/fr\/wp-json\/wp\/v2\/comments?post=12426"}],"version-history":[{"count":1,"href":"https:\/\/ksproducts.ca\/fr\/wp-json\/wp\/v2\/product\/12426\/revisions"}],"predecessor-version":[{"id":12429,"href":"https:\/\/ksproducts.ca\/fr\/wp-json\/wp\/v2\/product\/12426\/revisions\/12429"}],"wp:featuredmedia":[{"embeddable":true,"href":"https:\/\/ksproducts.ca\/fr\/wp-json\/wp\/v2\/media\/12428"}],"wp:attachment":[{"href":"https:\/\/ksproducts.ca\/fr\/wp-json\/wp\/v2\/media?parent=12426"}],"wp:term":[{"taxonomy":"product_cat","embeddable":true,"href":"https:\/\/ksproducts.ca\/fr\/wp-json\/wp\/v2\/product_cat?post=12426"},{"taxonomy":"product_tag","embeddable":true,"href":"https:\/\/ksproducts.ca\/fr\/wp-json\/wp\/v2\/product_tag?post=12426"}],"curies":[{"name":"wp","href":"https:\/\/api.w.org\/{rel}","templated":true}]}}