{"id":12430,"date":"2026-03-12T12:35:01","date_gmt":"2026-03-12T12:35:01","guid":{"rendered":"https:\/\/ksproducts.ca\/?post_type=product&#038;p=12430"},"modified":"2026-03-12T12:35:02","modified_gmt":"2026-03-12T12:35:02","slug":"luxor-ec111hd-b-en-emballage-de-vente-au-detail","status":"publish","type":"product","link":"https:\/\/ksproducts.ca\/fr\/product\/luxor-ec111hd-b-in-retail-packaging\/","title":{"rendered":"Luxor EC111HD-B en emballage de vente au d\u00e9tail"},"content":{"rendered":"<ul>\n<li>Chariot utilitaire polyvalent<\/li>\n<li>Les \u00e9tag\u00e8res et les pieds sont fabriqu\u00e9s en r\u00e9sine thermoplastique moul\u00e9e par injection qui ne se tache pas, ne se raye pas, ne se cabosse pas et ne rouille pas.<\/li>\n<li>Tablettes en PEHD (poly\u00e9thyl\u00e8ne haute densit\u00e9) ; pieds en PVC<\/li>\n<li>Comprend trois \u00e9tag\u00e8res de 2,75\u2033 de profondeur.<\/li>\n<li>Poign\u00e9e de pouss\u00e9e ergonomique moul\u00e9e dans l'\u00e9tag\u00e8re sup\u00e9rieure<\/li>\n<li>Chariot roulant avec quatre roulettes robustes de 4\u2033, dont deux avec frein de blocage<\/li>\n<li>Capacit\u00e9 de charge maximale de 400 livres (r\u00e9parties uniform\u00e9ment)<\/li>\n<li>Assemblage n\u00e9cessaire<\/li>\n<\/ul>","protected":false},"excerpt":{"rendered":"<p>Robuste, fiable et spacieux, ce chariot dispose de trois bacs de 2,75\u2033 de profondeur pour contenir et transporter de plus grandes quantit\u00e9s de fournitures. Les bacs sont fabriqu\u00e9s \u00e0 partir d'une r\u00e9sine thermoplastique durable qui r\u00e9siste aux rayures, aux bosses, aux taches et \u00e0 la rouille. M\u00eame lorsqu'il a une capacit\u00e9 maximale de 400 livres, les quatre roulettes robustes de 4\u2033 et la poign\u00e9e de pouss\u00e9e moul\u00e9e dans l'\u00e9tag\u00e8re sup\u00e9rieure vous aident \u00e0 d\u00e9placer le chariot en douceur ; deux freins de verrouillage aident \u00e0 le maintenir fermement en place lorsque vous le souhaitez.<\/p>","protected":false},"featured_media":12432,"comment_status":"open","ping_status":"closed","template":"","meta":[],"product_cat":[433],"product_tag":[],"class_list":{"0":"post-12430","1":"product","2":"type-product","3":"status-publish","4":"has-post-thumbnail","6":"product_cat-utility-carts","7":"product_shipping_class-class-3","9":"first","10":"instock","11":"taxable","12":"shipping-taxable","13":"purchasable","14":"product-type-simple"},"yoast_head":"<!-- This site is optimized with the Yoast SEO plugin v27.4 - https:\/\/yoast.com\/product\/yoast-seo-wordpress\/ -->\n<title>Luxor EC111HD-B in Retail Packaging - Ks Products<\/title>\n<meta name=\"robots\" content=\"index, follow, max-snippet:-1, max-image-preview:large, max-video-preview:-1\" \/>\n<link rel=\"canonical\" href=\"https:\/\/ksproducts.ca\/fr\/product\/luxor-ec111hd-b-en-emballage-de-vente-au-detail\/\" \/>\n<meta property=\"og:locale\" content=\"fr_CA\" \/>\n<meta property=\"og:type\" content=\"article\" \/>\n<meta property=\"og:title\" content=\"Luxor EC111HD-B in Retail Packaging - Ks Products\" \/>\n<meta property=\"og:description\" content=\"Rugged, reliable and spacious, this cart has three 2.75&quot;-deep tubs to hold and haul larger supply quantities. Tubs are made from a durable thermoplastic resin that&#039;s resistant to scratching, dents, stains and rust. Even when holding its max capacity of 400 lbs., the four 4&quot; heavy-duty casters and a push handle molded into top shelf help you smoothly move the cart; two locking brakes help keep it firmly in place when desired.\" \/>\n<meta property=\"og:url\" content=\"https:\/\/ksproducts.ca\/fr\/product\/luxor-ec111hd-b-en-emballage-de-vente-au-detail\/\" \/>\n<meta property=\"og:site_name\" content=\"Ks Products\" \/>\n<meta property=\"article:modified_time\" content=\"2026-03-12T12:35:02+00:00\" \/>\n<meta property=\"og:image\" content=\"https:\/\/ksproducts.ca\/wp-content\/uploads\/2026\/03\/Luxor-EC111HD-B-in-Retail-Packaging.webp\" \/>\n\t<meta property=\"og:image:width\" content=\"800\" \/>\n\t<meta property=\"og:image:height\" content=\"800\" \/>\n\t<meta property=\"og:image:type\" content=\"image\/webp\" \/>\n<meta name=\"twitter:card\" content=\"summary_large_image\" \/>\n<meta name=\"twitter:label1\" content=\"Estimation du temps de lecture\" \/>\n\t<meta name=\"twitter:data1\" content=\"1 minute\" \/>\n<script type=\"application\/ld+json\" class=\"yoast-schema-graph\">{\"@context\":\"https:\\\/\\\/schema.org\",\"@graph\":[{\"@type\":\"WebPage\",\"@id\":\"https:\\\/\\\/ksproducts.ca\\\/product\\\/luxor-ec111hd-b-in-retail-packaging\\\/\",\"url\":\"https:\\\/\\\/ksproducts.ca\\\/product\\\/luxor-ec111hd-b-in-retail-packaging\\\/\",\"name\":\"Luxor EC111HD-B in Retail Packaging - Ks Products\",\"isPartOf\":{\"@id\":\"https:\\\/\\\/ksproducts.ca\\\/#website\"},\"primaryImageOfPage\":{\"@id\":\"https:\\\/\\\/ksproducts.ca\\\/product\\\/luxor-ec111hd-b-in-retail-packaging\\\/#primaryimage\"},\"image\":{\"@id\":\"https:\\\/\\\/ksproducts.ca\\\/product\\\/luxor-ec111hd-b-in-retail-packaging\\\/#primaryimage\"},\"thumbnailUrl\":\"https:\\\/\\\/ksproducts.ca\\\/wp-content\\\/uploads\\\/2026\\\/03\\\/Luxor-EC111HD-B-in-Retail-Packaging.webp\",\"datePublished\":\"2026-03-12T12:35:01+00:00\",\"dateModified\":\"2026-03-12T12:35:02+00:00\",\"breadcrumb\":{\"@id\":\"https:\\\/\\\/ksproducts.ca\\\/product\\\/luxor-ec111hd-b-in-retail-packaging\\\/#breadcrumb\"},\"inLanguage\":\"fr-CA\",\"potentialAction\":[{\"@type\":\"ReadAction\",\"target\":[\"https:\\\/\\\/ksproducts.ca\\\/product\\\/luxor-ec111hd-b-in-retail-packaging\\\/\"]}]},{\"@type\":\"ImageObject\",\"inLanguage\":\"fr-CA\",\"@id\":\"https:\\\/\\\/ksproducts.ca\\\/product\\\/luxor-ec111hd-b-in-retail-packaging\\\/#primaryimage\",\"url\":\"https:\\\/\\\/ksproducts.ca\\\/wp-content\\\/uploads\\\/2026\\\/03\\\/Luxor-EC111HD-B-in-Retail-Packaging.webp\",\"contentUrl\":\"https:\\\/\\\/ksproducts.ca\\\/wp-content\\\/uploads\\\/2026\\\/03\\\/Luxor-EC111HD-B-in-Retail-Packaging.webp\",\"width\":800,\"height\":800,\"caption\":\"Luxor EC111HD B in Retail Packaging\"},{\"@type\":\"BreadcrumbList\",\"@id\":\"https:\\\/\\\/ksproducts.ca\\\/product\\\/luxor-ec111hd-b-in-retail-packaging\\\/#breadcrumb\",\"itemListElement\":[{\"@type\":\"ListItem\",\"position\":1,\"name\":\"Home\",\"item\":\"https:\\\/\\\/ksproducts.ca\\\/\"},{\"@type\":\"ListItem\",\"position\":2,\"name\":\"Shop\",\"item\":\"https:\\\/\\\/ksproducts.ca\\\/shop\\\/\"},{\"@type\":\"ListItem\",\"position\":3,\"name\":\"Luxor EC111HD-B in Retail Packaging\"}]},{\"@type\":\"WebSite\",\"@id\":\"https:\\\/\\\/ksproducts.ca\\\/#website\",\"url\":\"https:\\\/\\\/ksproducts.ca\\\/\",\"name\":\"Ks Products\",\"description\":\"Outdoor cooking and living, made easy in Canada\",\"publisher\":{\"@id\":\"https:\\\/\\\/ksproducts.ca\\\/#organization\"},\"potentialAction\":[{\"@type\":\"SearchAction\",\"target\":{\"@type\":\"EntryPoint\",\"urlTemplate\":\"https:\\\/\\\/ksproducts.ca\\\/?s={search_term_string}\"},\"query-input\":{\"@type\":\"PropertyValueSpecification\",\"valueRequired\":true,\"valueName\":\"search_term_string\"}}],\"inLanguage\":\"fr-CA\"},{\"@type\":\"Organization\",\"@id\":\"https:\\\/\\\/ksproducts.ca\\\/#organization\",\"name\":\"Ks Products\",\"url\":\"https:\\\/\\\/ksproducts.ca\\\/\",\"logo\":{\"@type\":\"ImageObject\",\"inLanguage\":\"fr-CA\",\"@id\":\"https:\\\/\\\/ksproducts.ca\\\/#\\\/schema\\\/logo\\\/image\\\/\",\"url\":\"https:\\\/\\\/ksproducts.ca\\\/wp-content\\\/uploads\\\/2023\\\/09\\\/Kennedy-Sales-Logo-header-1.png\",\"contentUrl\":\"https:\\\/\\\/ksproducts.ca\\\/wp-content\\\/uploads\\\/2023\\\/09\\\/Kennedy-Sales-Logo-header-1.png\",\"width\":150,\"height\":77,\"caption\":\"Ks Products\"},\"image\":{\"@id\":\"https:\\\/\\\/ksproducts.ca\\\/#\\\/schema\\\/logo\\\/image\\\/\"}}]}<\/script>\n<!-- \/ Yoast SEO plugin. -->","yoast_head_json":{"title":"Luxor EC111HD-B en emballage de vente au d\u00e9tail - Ks Products","robots":{"index":"index","follow":"follow","max-snippet":"max-snippet:-1","max-image-preview":"max-image-preview:large","max-video-preview":"max-video-preview:-1"},"canonical":"https:\/\/ksproducts.ca\/fr\/product\/luxor-ec111hd-b-en-emballage-de-vente-au-detail\/","og_locale":"fr_CA","og_type":"article","og_title":"Luxor EC111HD-B in Retail Packaging - Ks Products","og_description":"Rugged, reliable and spacious, this cart has three 2.75\"-deep tubs to hold and haul larger supply quantities. Tubs are made from a durable thermoplastic resin that's resistant to scratching, dents, stains and rust. Even when holding its max capacity of 400 lbs., the four 4\" heavy-duty casters and a push handle molded into top shelf help you smoothly move the cart; two locking brakes help keep it firmly in place when desired.","og_url":"https:\/\/ksproducts.ca\/fr\/product\/luxor-ec111hd-b-en-emballage-de-vente-au-detail\/","og_site_name":"Ks Products","article_modified_time":"2026-03-12T12:35:02+00:00","og_image":[{"width":800,"height":800,"url":"https:\/\/ksproducts.ca\/wp-content\/uploads\/2026\/03\/Luxor-EC111HD-B-in-Retail-Packaging.webp","type":"image\/webp"}],"twitter_card":"summary_large_image","twitter_misc":{"Estimation du temps de lecture":"1 minute"},"schema":{"@context":"https:\/\/schema.org","@graph":[{"@type":"WebPage","@id":"https:\/\/ksproducts.ca\/product\/luxor-ec111hd-b-in-retail-packaging\/","url":"https:\/\/ksproducts.ca\/product\/luxor-ec111hd-b-in-retail-packaging\/","name":"Luxor EC111HD-B en emballage de vente au d\u00e9tail - Ks Products","isPartOf":{"@id":"https:\/\/ksproducts.ca\/#website"},"primaryImageOfPage":{"@id":"https:\/\/ksproducts.ca\/product\/luxor-ec111hd-b-in-retail-packaging\/#primaryimage"},"image":{"@id":"https:\/\/ksproducts.ca\/product\/luxor-ec111hd-b-in-retail-packaging\/#primaryimage"},"thumbnailUrl":"https:\/\/ksproducts.ca\/wp-content\/uploads\/2026\/03\/Luxor-EC111HD-B-in-Retail-Packaging.webp","datePublished":"2026-03-12T12:35:01+00:00","dateModified":"2026-03-12T12:35:02+00:00","breadcrumb":{"@id":"https:\/\/ksproducts.ca\/product\/luxor-ec111hd-b-in-retail-packaging\/#breadcrumb"},"inLanguage":"fr-CA","potentialAction":[{"@type":"ReadAction","target":["https:\/\/ksproducts.ca\/product\/luxor-ec111hd-b-in-retail-packaging\/"]}]},{"@type":"ImageObject","inLanguage":"fr-CA","@id":"https:\/\/ksproducts.ca\/product\/luxor-ec111hd-b-in-retail-packaging\/#primaryimage","url":"https:\/\/ksproducts.ca\/wp-content\/uploads\/2026\/03\/Luxor-EC111HD-B-in-Retail-Packaging.webp","contentUrl":"https:\/\/ksproducts.ca\/wp-content\/uploads\/2026\/03\/Luxor-EC111HD-B-in-Retail-Packaging.webp","width":800,"height":800,"caption":"Luxor EC111HD B in Retail Packaging"},{"@type":"BreadcrumbList","@id":"https:\/\/ksproducts.ca\/product\/luxor-ec111hd-b-in-retail-packaging\/#breadcrumb","itemListElement":[{"@type":"ListItem","position":1,"name":"Home","item":"https:\/\/ksproducts.ca\/"},{"@type":"ListItem","position":2,"name":"Shop","item":"https:\/\/ksproducts.ca\/shop\/"},{"@type":"ListItem","position":3,"name":"Luxor EC111HD-B in Retail Packaging"}]},{"@type":"WebSite","@id":"https:\/\/ksproducts.ca\/#website","url":"https:\/\/ksproducts.ca\/","name":"Produits Ks","description":"Cuisiner et vivre en plein air, c'est facile au Canada","publisher":{"@id":"https:\/\/ksproducts.ca\/#organization"},"potentialAction":[{"@type":"SearchAction","target":{"@type":"EntryPoint","urlTemplate":"https:\/\/ksproducts.ca\/?s={search_term_string}"},"query-input":{"@type":"PropertyValueSpecification","valueRequired":true,"valueName":"search_term_string"}}],"inLanguage":"fr-CA"},{"@type":"Organization","@id":"https:\/\/ksproducts.ca\/#organization","name":"Produits Ks","url":"https:\/\/ksproducts.ca\/","logo":{"@type":"ImageObject","inLanguage":"fr-CA","@id":"https:\/\/ksproducts.ca\/#\/schema\/logo\/image\/","url":"https:\/\/ksproducts.ca\/wp-content\/uploads\/2023\/09\/Kennedy-Sales-Logo-header-1.png","contentUrl":"https:\/\/ksproducts.ca\/wp-content\/uploads\/2023\/09\/Kennedy-Sales-Logo-header-1.png","width":150,"height":77,"caption":"Ks Products"},"image":{"@id":"https:\/\/ksproducts.ca\/#\/schema\/logo\/image\/"}}]}},"_links":{"self":[{"href":"https:\/\/ksproducts.ca\/fr\/wp-json\/wp\/v2\/product\/12430","targetHints":{"allow":["GET"]}}],"collection":[{"href":"https:\/\/ksproducts.ca\/fr\/wp-json\/wp\/v2\/product"}],"about":[{"href":"https:\/\/ksproducts.ca\/fr\/wp-json\/wp\/v2\/types\/product"}],"replies":[{"embeddable":true,"href":"https:\/\/ksproducts.ca\/fr\/wp-json\/wp\/v2\/comments?post=12430"}],"version-history":[{"count":1,"href":"https:\/\/ksproducts.ca\/fr\/wp-json\/wp\/v2\/product\/12430\/revisions"}],"predecessor-version":[{"id":12433,"href":"https:\/\/ksproducts.ca\/fr\/wp-json\/wp\/v2\/product\/12430\/revisions\/12433"}],"wp:featuredmedia":[{"embeddable":true,"href":"https:\/\/ksproducts.ca\/fr\/wp-json\/wp\/v2\/media\/12432"}],"wp:attachment":[{"href":"https:\/\/ksproducts.ca\/fr\/wp-json\/wp\/v2\/media?parent=12430"}],"wp:term":[{"taxonomy":"product_cat","embeddable":true,"href":"https:\/\/ksproducts.ca\/fr\/wp-json\/wp\/v2\/product_cat?post=12430"},{"taxonomy":"product_tag","embeddable":true,"href":"https:\/\/ksproducts.ca\/fr\/wp-json\/wp\/v2\/product_tag?post=12430"}],"curies":[{"name":"wp","href":"https:\/\/api.w.org\/{rel}","templated":true}]}}