{"id":12434,"date":"2026-03-12T12:40:09","date_gmt":"2026-03-12T12:40:09","guid":{"rendered":"https:\/\/ksproducts.ca\/?post_type=product&#038;p=12434"},"modified":"2026-03-12T12:40:09","modified_gmt":"2026-03-12T12:40:09","slug":"intro-tech-pitstop-furniture-grand-prix-series-racing-recliner-chair-black","status":"publish","type":"product","link":"https:\/\/ksproducts.ca\/fr\/product\/intro-tech-pitstop-furniture-grand-prix-series-racing-recliner-chair-black\/","title":{"rendered":"Intro-Tech Pitstop Furniture Grand Prix Series Racing Recliner Chair - Noir"},"content":{"rendered":"<p>&nbsp;<\/p>\n<ul>\n<li>Disponible en 3 couleurs de similicuir avec surpiq\u00fbres contrast\u00e9es<\/li>\n<li>Fonction d'inclinaison compl\u00e8te<\/li>\n<li>26.5\u2033 base en acier chrom\u00e9<\/li>\n<li>Con\u00e7u et assembl\u00e9 aux \u00c9tats-Unis<\/li>\n<li>Garantie \u00e0 vie<\/li>\n<\/ul>","protected":false},"excerpt":{"rendered":"<p>Inspir\u00e9s par les voitures de sport exotiques, ils sont recouverts de deux couleurs rac\u00e9es de similicuir : le rouge hotrod et le noir furtif en fibre de carbone avec des surpiq\u00fbres rouges contrast\u00e9es. Vous pouvez vous allonger compl\u00e8tement, et la base robuste en acier chrom\u00e9 d'un diam\u00e8tre de 26 1\/2 pouces vous maintient parfaitement stable. Ces fauteuils inclinables supportent jusqu'\u00e0 400 lb et sont assortis d'une garantie \u00e0 vie limit\u00e9e du fabricant.<\/p>","protected":false},"featured_media":12435,"comment_status":"open","ping_status":"closed","template":"","meta":[],"product_cat":[444],"product_tag":[],"class_list":{"0":"post-12434","1":"product","2":"type-product","3":"status-publish","4":"has-post-thumbnail","6":"product_cat-furniture","7":"product_shipping_class-class-5","9":"first","10":"instock","11":"taxable","12":"shipping-taxable","13":"purchasable","14":"product-type-simple"},"yoast_head":"<!-- This site is optimized with the Yoast SEO plugin v27.3 - https:\/\/yoast.com\/product\/yoast-seo-wordpress\/ -->\n<title>Intro-Tech Pitstop Furniture Grand Prix Series Racing Recliner Chair - Black - Ks Products<\/title>\n<meta name=\"robots\" content=\"index, follow, max-snippet:-1, max-image-preview:large, max-video-preview:-1\" \/>\n<link rel=\"canonical\" href=\"https:\/\/ksproducts.ca\/fr\/product\/intro-tech-pitstop-furniture-grand-prix-series-racing-recliner-chair-black\/\" \/>\n<meta property=\"og:locale\" content=\"fr_CA\" \/>\n<meta property=\"og:type\" content=\"article\" \/>\n<meta property=\"og:title\" content=\"Intro-Tech Pitstop Furniture Grand Prix Series Racing Recliner Chair - Black - Ks Products\" \/>\n<meta property=\"og:description\" content=\"Inspired by exotic sports cars, they are covered in two racy colors of leatherette: hotrod red and a stealthy black carbon fiber-look with red contrast stitching. Kick back into a full recline position, and the heavy-duty 26 1\/2 in. diameter chrome steel base keeps you completely stable. These recliners support up to 400 lbs. and come with a manufacturer&#039;s limited lifetime warranty.\" \/>\n<meta property=\"og:url\" content=\"https:\/\/ksproducts.ca\/fr\/product\/intro-tech-pitstop-furniture-grand-prix-series-racing-recliner-chair-black\/\" \/>\n<meta property=\"og:site_name\" content=\"Ks Products\" \/>\n<meta property=\"og:image\" content=\"https:\/\/ksproducts.ca\/wp-content\/uploads\/2026\/03\/Intro-Tech-Pitstop-Furniture-Grand-Prix-Series-Racing-Recliner-Chair-Black.jpg\" \/>\n\t<meta property=\"og:image:width\" content=\"300\" \/>\n\t<meta property=\"og:image:height\" content=\"300\" \/>\n\t<meta property=\"og:image:type\" content=\"image\/jpeg\" \/>\n<meta name=\"twitter:card\" content=\"summary_large_image\" \/>\n<meta name=\"twitter:label1\" content=\"Estimation du temps de lecture\" \/>\n\t<meta name=\"twitter:data1\" content=\"1 minute\" \/>\n<script type=\"application\/ld+json\" class=\"yoast-schema-graph\">{\"@context\":\"https:\\\/\\\/schema.org\",\"@graph\":[{\"@type\":\"WebPage\",\"@id\":\"https:\\\/\\\/ksproducts.ca\\\/product\\\/intro-tech-pitstop-furniture-grand-prix-series-racing-recliner-chair-black\\\/\",\"url\":\"https:\\\/\\\/ksproducts.ca\\\/product\\\/intro-tech-pitstop-furniture-grand-prix-series-racing-recliner-chair-black\\\/\",\"name\":\"Intro-Tech Pitstop Furniture Grand Prix Series Racing Recliner Chair - Black - Ks Products\",\"isPartOf\":{\"@id\":\"https:\\\/\\\/ksproducts.ca\\\/#website\"},\"primaryImageOfPage\":{\"@id\":\"https:\\\/\\\/ksproducts.ca\\\/product\\\/intro-tech-pitstop-furniture-grand-prix-series-racing-recliner-chair-black\\\/#primaryimage\"},\"image\":{\"@id\":\"https:\\\/\\\/ksproducts.ca\\\/product\\\/intro-tech-pitstop-furniture-grand-prix-series-racing-recliner-chair-black\\\/#primaryimage\"},\"thumbnailUrl\":\"https:\\\/\\\/ksproducts.ca\\\/wp-content\\\/uploads\\\/2026\\\/03\\\/Intro-Tech-Pitstop-Furniture-Grand-Prix-Series-Racing-Recliner-Chair-Black.jpg\",\"datePublished\":\"2026-03-12T12:40:09+00:00\",\"breadcrumb\":{\"@id\":\"https:\\\/\\\/ksproducts.ca\\\/product\\\/intro-tech-pitstop-furniture-grand-prix-series-racing-recliner-chair-black\\\/#breadcrumb\"},\"inLanguage\":\"fr-CA\",\"potentialAction\":[{\"@type\":\"ReadAction\",\"target\":[\"https:\\\/\\\/ksproducts.ca\\\/product\\\/intro-tech-pitstop-furniture-grand-prix-series-racing-recliner-chair-black\\\/\"]}]},{\"@type\":\"ImageObject\",\"inLanguage\":\"fr-CA\",\"@id\":\"https:\\\/\\\/ksproducts.ca\\\/product\\\/intro-tech-pitstop-furniture-grand-prix-series-racing-recliner-chair-black\\\/#primaryimage\",\"url\":\"https:\\\/\\\/ksproducts.ca\\\/wp-content\\\/uploads\\\/2026\\\/03\\\/Intro-Tech-Pitstop-Furniture-Grand-Prix-Series-Racing-Recliner-Chair-Black.jpg\",\"contentUrl\":\"https:\\\/\\\/ksproducts.ca\\\/wp-content\\\/uploads\\\/2026\\\/03\\\/Intro-Tech-Pitstop-Furniture-Grand-Prix-Series-Racing-Recliner-Chair-Black.jpg\",\"width\":300,\"height\":300,\"caption\":\"Intro Tech Pitstop Furniture Grand Prix Series Racing Recliner Chair Black\"},{\"@type\":\"BreadcrumbList\",\"@id\":\"https:\\\/\\\/ksproducts.ca\\\/product\\\/intro-tech-pitstop-furniture-grand-prix-series-racing-recliner-chair-black\\\/#breadcrumb\",\"itemListElement\":[{\"@type\":\"ListItem\",\"position\":1,\"name\":\"Home\",\"item\":\"https:\\\/\\\/ksproducts.ca\\\/\"},{\"@type\":\"ListItem\",\"position\":2,\"name\":\"Shop\",\"item\":\"https:\\\/\\\/ksproducts.ca\\\/shop\\\/\"},{\"@type\":\"ListItem\",\"position\":3,\"name\":\"Intro-Tech Pitstop Furniture Grand Prix Series Racing Recliner Chair &#8211; Black\"}]},{\"@type\":\"WebSite\",\"@id\":\"https:\\\/\\\/ksproducts.ca\\\/#website\",\"url\":\"https:\\\/\\\/ksproducts.ca\\\/\",\"name\":\"Ks Products\",\"description\":\"Outdoor cooking and living, made easy in Canada\",\"publisher\":{\"@id\":\"https:\\\/\\\/ksproducts.ca\\\/#organization\"},\"potentialAction\":[{\"@type\":\"SearchAction\",\"target\":{\"@type\":\"EntryPoint\",\"urlTemplate\":\"https:\\\/\\\/ksproducts.ca\\\/?s={search_term_string}\"},\"query-input\":{\"@type\":\"PropertyValueSpecification\",\"valueRequired\":true,\"valueName\":\"search_term_string\"}}],\"inLanguage\":\"fr-CA\"},{\"@type\":\"Organization\",\"@id\":\"https:\\\/\\\/ksproducts.ca\\\/#organization\",\"name\":\"Ks Products\",\"url\":\"https:\\\/\\\/ksproducts.ca\\\/\",\"logo\":{\"@type\":\"ImageObject\",\"inLanguage\":\"fr-CA\",\"@id\":\"https:\\\/\\\/ksproducts.ca\\\/#\\\/schema\\\/logo\\\/image\\\/\",\"url\":\"https:\\\/\\\/ksproducts.ca\\\/wp-content\\\/uploads\\\/2023\\\/09\\\/Kennedy-Sales-Logo-header-1.png\",\"contentUrl\":\"https:\\\/\\\/ksproducts.ca\\\/wp-content\\\/uploads\\\/2023\\\/09\\\/Kennedy-Sales-Logo-header-1.png\",\"width\":150,\"height\":77,\"caption\":\"Ks Products\"},\"image\":{\"@id\":\"https:\\\/\\\/ksproducts.ca\\\/#\\\/schema\\\/logo\\\/image\\\/\"}}]}<\/script>\n<!-- \/ Yoast SEO plugin. -->","yoast_head_json":{"title":"Intro-Tech Pitstop Furniture Grand Prix Series Racing Recliner Chair - Black - Ks Products","robots":{"index":"index","follow":"follow","max-snippet":"max-snippet:-1","max-image-preview":"max-image-preview:large","max-video-preview":"max-video-preview:-1"},"canonical":"https:\/\/ksproducts.ca\/fr\/product\/intro-tech-pitstop-furniture-grand-prix-series-racing-recliner-chair-black\/","og_locale":"fr_CA","og_type":"article","og_title":"Intro-Tech Pitstop Furniture Grand Prix Series Racing Recliner Chair - Black - Ks Products","og_description":"Inspired by exotic sports cars, they are covered in two racy colors of leatherette: hotrod red and a stealthy black carbon fiber-look with red contrast stitching. Kick back into a full recline position, and the heavy-duty 26 1\/2 in. diameter chrome steel base keeps you completely stable. These recliners support up to 400 lbs. and come with a manufacturer's limited lifetime warranty.","og_url":"https:\/\/ksproducts.ca\/fr\/product\/intro-tech-pitstop-furniture-grand-prix-series-racing-recliner-chair-black\/","og_site_name":"Ks Products","og_image":[{"width":300,"height":300,"url":"https:\/\/ksproducts.ca\/wp-content\/uploads\/2026\/03\/Intro-Tech-Pitstop-Furniture-Grand-Prix-Series-Racing-Recliner-Chair-Black.jpg","type":"image\/jpeg"}],"twitter_card":"summary_large_image","twitter_misc":{"Estimation du temps de lecture":"1 minute"},"schema":{"@context":"https:\/\/schema.org","@graph":[{"@type":"WebPage","@id":"https:\/\/ksproducts.ca\/product\/intro-tech-pitstop-furniture-grand-prix-series-racing-recliner-chair-black\/","url":"https:\/\/ksproducts.ca\/product\/intro-tech-pitstop-furniture-grand-prix-series-racing-recliner-chair-black\/","name":"Intro-Tech Pitstop Furniture Grand Prix Series Racing Recliner Chair - Black - Ks Products","isPartOf":{"@id":"https:\/\/ksproducts.ca\/#website"},"primaryImageOfPage":{"@id":"https:\/\/ksproducts.ca\/product\/intro-tech-pitstop-furniture-grand-prix-series-racing-recliner-chair-black\/#primaryimage"},"image":{"@id":"https:\/\/ksproducts.ca\/product\/intro-tech-pitstop-furniture-grand-prix-series-racing-recliner-chair-black\/#primaryimage"},"thumbnailUrl":"https:\/\/ksproducts.ca\/wp-content\/uploads\/2026\/03\/Intro-Tech-Pitstop-Furniture-Grand-Prix-Series-Racing-Recliner-Chair-Black.jpg","datePublished":"2026-03-12T12:40:09+00:00","breadcrumb":{"@id":"https:\/\/ksproducts.ca\/product\/intro-tech-pitstop-furniture-grand-prix-series-racing-recliner-chair-black\/#breadcrumb"},"inLanguage":"fr-CA","potentialAction":[{"@type":"ReadAction","target":["https:\/\/ksproducts.ca\/product\/intro-tech-pitstop-furniture-grand-prix-series-racing-recliner-chair-black\/"]}]},{"@type":"ImageObject","inLanguage":"fr-CA","@id":"https:\/\/ksproducts.ca\/product\/intro-tech-pitstop-furniture-grand-prix-series-racing-recliner-chair-black\/#primaryimage","url":"https:\/\/ksproducts.ca\/wp-content\/uploads\/2026\/03\/Intro-Tech-Pitstop-Furniture-Grand-Prix-Series-Racing-Recliner-Chair-Black.jpg","contentUrl":"https:\/\/ksproducts.ca\/wp-content\/uploads\/2026\/03\/Intro-Tech-Pitstop-Furniture-Grand-Prix-Series-Racing-Recliner-Chair-Black.jpg","width":300,"height":300,"caption":"Intro Tech Pitstop Furniture Grand Prix Series Racing Recliner Chair Black"},{"@type":"BreadcrumbList","@id":"https:\/\/ksproducts.ca\/product\/intro-tech-pitstop-furniture-grand-prix-series-racing-recliner-chair-black\/#breadcrumb","itemListElement":[{"@type":"ListItem","position":1,"name":"Home","item":"https:\/\/ksproducts.ca\/"},{"@type":"ListItem","position":2,"name":"Shop","item":"https:\/\/ksproducts.ca\/shop\/"},{"@type":"ListItem","position":3,"name":"Intro-Tech Pitstop Furniture Grand Prix Series Racing Recliner Chair &#8211; Black"}]},{"@type":"WebSite","@id":"https:\/\/ksproducts.ca\/#website","url":"https:\/\/ksproducts.ca\/","name":"Produits Ks","description":"Cuisiner et vivre en plein air, c'est facile au Canada","publisher":{"@id":"https:\/\/ksproducts.ca\/#organization"},"potentialAction":[{"@type":"SearchAction","target":{"@type":"EntryPoint","urlTemplate":"https:\/\/ksproducts.ca\/?s={search_term_string}"},"query-input":{"@type":"PropertyValueSpecification","valueRequired":true,"valueName":"search_term_string"}}],"inLanguage":"fr-CA"},{"@type":"Organization","@id":"https:\/\/ksproducts.ca\/#organization","name":"Produits Ks","url":"https:\/\/ksproducts.ca\/","logo":{"@type":"ImageObject","inLanguage":"fr-CA","@id":"https:\/\/ksproducts.ca\/#\/schema\/logo\/image\/","url":"https:\/\/ksproducts.ca\/wp-content\/uploads\/2023\/09\/Kennedy-Sales-Logo-header-1.png","contentUrl":"https:\/\/ksproducts.ca\/wp-content\/uploads\/2023\/09\/Kennedy-Sales-Logo-header-1.png","width":150,"height":77,"caption":"Ks Products"},"image":{"@id":"https:\/\/ksproducts.ca\/#\/schema\/logo\/image\/"}}]}},"_links":{"self":[{"href":"https:\/\/ksproducts.ca\/fr\/wp-json\/wp\/v2\/product\/12434","targetHints":{"allow":["GET"]}}],"collection":[{"href":"https:\/\/ksproducts.ca\/fr\/wp-json\/wp\/v2\/product"}],"about":[{"href":"https:\/\/ksproducts.ca\/fr\/wp-json\/wp\/v2\/types\/product"}],"replies":[{"embeddable":true,"href":"https:\/\/ksproducts.ca\/fr\/wp-json\/wp\/v2\/comments?post=12434"}],"version-history":[{"count":1,"href":"https:\/\/ksproducts.ca\/fr\/wp-json\/wp\/v2\/product\/12434\/revisions"}],"predecessor-version":[{"id":12436,"href":"https:\/\/ksproducts.ca\/fr\/wp-json\/wp\/v2\/product\/12434\/revisions\/12436"}],"wp:featuredmedia":[{"embeddable":true,"href":"https:\/\/ksproducts.ca\/fr\/wp-json\/wp\/v2\/media\/12435"}],"wp:attachment":[{"href":"https:\/\/ksproducts.ca\/fr\/wp-json\/wp\/v2\/media?parent=12434"}],"wp:term":[{"taxonomy":"product_cat","embeddable":true,"href":"https:\/\/ksproducts.ca\/fr\/wp-json\/wp\/v2\/product_cat?post=12434"},{"taxonomy":"product_tag","embeddable":true,"href":"https:\/\/ksproducts.ca\/fr\/wp-json\/wp\/v2\/product_tag?post=12434"}],"curies":[{"name":"wp","href":"https:\/\/api.w.org\/{rel}","templated":true}]}}