{"id":12437,"date":"2026-03-12T12:45:01","date_gmt":"2026-03-12T12:45:01","guid":{"rendered":"https:\/\/ksproducts.ca\/?post_type=product&#038;p=12437"},"modified":"2026-03-12T12:45:44","modified_gmt":"2026-03-12T12:45:44","slug":"klymit-waterport-15l-reservoir-deau-avec-buse-de-pulverisation-haute-pression","status":"publish","type":"product","link":"https:\/\/ksproducts.ca\/fr\/product\/klymit-waterport-15l-water-tank-with-high-pressure-spray-nozzle\/","title":{"rendered":"Klymit Waterport R\u00e9servoir d'eau 15L avec buse de pulv\u00e9risation haute pression"},"content":{"rendered":"<ul class=\"sui-w-full sui-list-disc sui-px-6 sui-flex sui-flex-col sui-gap-2 sui-mt-2\" data-testid=\"bullet-list\">\n<li data-testid=\"bullet-list-item\">Capacit\u00e9 de 3,85 gal.<\/li>\n<li class=\"!sui-p-0 sui-text-base sui-leading-normal sui-font-regular\">Comprend une buse de pulv\u00e9risation haute pression \u00e0 5 motifs pour une pulv\u00e9risation facile<\/li>\n<li class=\"!sui-p-0 sui-text-base sui-leading-normal sui-font-regular\">Fabriqu\u00e9 en plastique de qualit\u00e9 alimentaire sans BPA pour une plus grande durabilit\u00e9<\/li>\n<li class=\"!sui-p-0 sui-text-base sui-leading-normal sui-font-regular\">L'absorption automatique de l'eau maintient un d\u00e9bit d'eau r\u00e9gulier<\/li>\n<\/ul>","protected":false},"excerpt":{"rendered":"<p>Le Day Tank \u00e9limine le probl\u00e8me de la pressurisation manuelle de l'eau en absorbant la pression de l'eau de votre maison. Branchez simplement votre tuyau d'arrosage dans le raccord rapide du r\u00e9servoir et votre Day Tank se mettra automatiquement sous pression au fur et \u00e0 mesure qu'il se remplit. Remarque : si vous commandez le Day Tank avec des articles suppl\u00e9mentaires, vous recevrez deux envois. Le Day Tank sera dans une bo\u00eete et les autres articles (supports, capuchon de pompe, etc.) seront dans une autre.<\/p>","protected":false},"featured_media":12438,"comment_status":"open","ping_status":"closed","template":"","meta":[],"product_cat":[389,451],"product_tag":[],"class_list":{"0":"post-12437","1":"product","2":"type-product","3":"status-publish","4":"has-post-thumbnail","6":"product_cat-outdoor-living","7":"product_cat-tools-equipment","8":"product_shipping_class-class-2","10":"first","11":"instock","12":"taxable","13":"shipping-taxable","14":"purchasable","15":"product-type-simple"},"yoast_head":"<!-- This site is optimized with the Yoast SEO plugin v27.4 - https:\/\/yoast.com\/product\/yoast-seo-wordpress\/ -->\n<title>Klymit Waterport 15L Water Tank with High-Pressure Spray Nozzle - Ks Products<\/title>\n<meta name=\"robots\" content=\"index, follow, max-snippet:-1, max-image-preview:large, max-video-preview:-1\" \/>\n<link rel=\"canonical\" href=\"https:\/\/ksproducts.ca\/fr\/product\/klymit-waterport-15l-reservoir-deau-avec-buse-de-pulverisation-haute-pression\/\" \/>\n<meta property=\"og:locale\" content=\"fr_CA\" \/>\n<meta property=\"og:type\" content=\"article\" \/>\n<meta property=\"og:title\" content=\"Klymit Waterport 15L Water Tank with High-Pressure Spray Nozzle - Ks Products\" \/>\n<meta property=\"og:description\" content=\"The Day Tank takes the hassle out of manually pressurizing water by conveniently absorbing the water pressure from your house. Simply plug your garden hose into the tank&#039;s quick connect and your Day Tank will automatically pressurize as it fills. Please note: If you order the Day Tank with additional items you&#039;ll be getting 2 shipments. The Day Tank will be in 1 box and the other items (mounts, Pump Cap, etc) will be in another.\" \/>\n<meta property=\"og:url\" content=\"https:\/\/ksproducts.ca\/fr\/product\/klymit-waterport-15l-reservoir-deau-avec-buse-de-pulverisation-haute-pression\/\" \/>\n<meta property=\"og:site_name\" content=\"Ks Products\" \/>\n<meta property=\"article:modified_time\" content=\"2026-03-12T12:45:44+00:00\" \/>\n<meta property=\"og:image\" content=\"https:\/\/ksproducts.ca\/wp-content\/uploads\/2026\/03\/Klymit-Waterport-15L-Water-Tank-with-High-Pressure-Spray-Nozzle.webp\" \/>\n\t<meta property=\"og:image:width\" content=\"800\" \/>\n\t<meta property=\"og:image:height\" content=\"800\" \/>\n\t<meta property=\"og:image:type\" content=\"image\/webp\" \/>\n<meta name=\"twitter:card\" content=\"summary_large_image\" \/>\n<meta name=\"twitter:label1\" content=\"Estimation du temps de lecture\" \/>\n\t<meta name=\"twitter:data1\" content=\"1 minute\" \/>\n<script type=\"application\/ld+json\" class=\"yoast-schema-graph\">{\"@context\":\"https:\\\/\\\/schema.org\",\"@graph\":[{\"@type\":\"WebPage\",\"@id\":\"https:\\\/\\\/ksproducts.ca\\\/product\\\/klymit-waterport-15l-water-tank-with-high-pressure-spray-nozzle\\\/\",\"url\":\"https:\\\/\\\/ksproducts.ca\\\/product\\\/klymit-waterport-15l-water-tank-with-high-pressure-spray-nozzle\\\/\",\"name\":\"Klymit Waterport 15L Water Tank with High-Pressure Spray Nozzle - Ks Products\",\"isPartOf\":{\"@id\":\"https:\\\/\\\/ksproducts.ca\\\/#website\"},\"primaryImageOfPage\":{\"@id\":\"https:\\\/\\\/ksproducts.ca\\\/product\\\/klymit-waterport-15l-water-tank-with-high-pressure-spray-nozzle\\\/#primaryimage\"},\"image\":{\"@id\":\"https:\\\/\\\/ksproducts.ca\\\/product\\\/klymit-waterport-15l-water-tank-with-high-pressure-spray-nozzle\\\/#primaryimage\"},\"thumbnailUrl\":\"https:\\\/\\\/ksproducts.ca\\\/wp-content\\\/uploads\\\/2026\\\/03\\\/Klymit-Waterport-15L-Water-Tank-with-High-Pressure-Spray-Nozzle.webp\",\"datePublished\":\"2026-03-12T12:45:01+00:00\",\"dateModified\":\"2026-03-12T12:45:44+00:00\",\"breadcrumb\":{\"@id\":\"https:\\\/\\\/ksproducts.ca\\\/product\\\/klymit-waterport-15l-water-tank-with-high-pressure-spray-nozzle\\\/#breadcrumb\"},\"inLanguage\":\"fr-CA\",\"potentialAction\":[{\"@type\":\"ReadAction\",\"target\":[\"https:\\\/\\\/ksproducts.ca\\\/product\\\/klymit-waterport-15l-water-tank-with-high-pressure-spray-nozzle\\\/\"]}]},{\"@type\":\"ImageObject\",\"inLanguage\":\"fr-CA\",\"@id\":\"https:\\\/\\\/ksproducts.ca\\\/product\\\/klymit-waterport-15l-water-tank-with-high-pressure-spray-nozzle\\\/#primaryimage\",\"url\":\"https:\\\/\\\/ksproducts.ca\\\/wp-content\\\/uploads\\\/2026\\\/03\\\/Klymit-Waterport-15L-Water-Tank-with-High-Pressure-Spray-Nozzle.webp\",\"contentUrl\":\"https:\\\/\\\/ksproducts.ca\\\/wp-content\\\/uploads\\\/2026\\\/03\\\/Klymit-Waterport-15L-Water-Tank-with-High-Pressure-Spray-Nozzle.webp\",\"width\":800,\"height\":800,\"caption\":\"Klymit Waterport 15L Water Tank with High Pressure Spray Nozzle\"},{\"@type\":\"BreadcrumbList\",\"@id\":\"https:\\\/\\\/ksproducts.ca\\\/product\\\/klymit-waterport-15l-water-tank-with-high-pressure-spray-nozzle\\\/#breadcrumb\",\"itemListElement\":[{\"@type\":\"ListItem\",\"position\":1,\"name\":\"Home\",\"item\":\"https:\\\/\\\/ksproducts.ca\\\/\"},{\"@type\":\"ListItem\",\"position\":2,\"name\":\"Shop\",\"item\":\"https:\\\/\\\/ksproducts.ca\\\/shop\\\/\"},{\"@type\":\"ListItem\",\"position\":3,\"name\":\"Klymit Waterport 15L Water Tank with High-Pressure Spray Nozzle\"}]},{\"@type\":\"WebSite\",\"@id\":\"https:\\\/\\\/ksproducts.ca\\\/#website\",\"url\":\"https:\\\/\\\/ksproducts.ca\\\/\",\"name\":\"Ks Products\",\"description\":\"Outdoor cooking and living, made easy in Canada\",\"publisher\":{\"@id\":\"https:\\\/\\\/ksproducts.ca\\\/#organization\"},\"potentialAction\":[{\"@type\":\"SearchAction\",\"target\":{\"@type\":\"EntryPoint\",\"urlTemplate\":\"https:\\\/\\\/ksproducts.ca\\\/?s={search_term_string}\"},\"query-input\":{\"@type\":\"PropertyValueSpecification\",\"valueRequired\":true,\"valueName\":\"search_term_string\"}}],\"inLanguage\":\"fr-CA\"},{\"@type\":\"Organization\",\"@id\":\"https:\\\/\\\/ksproducts.ca\\\/#organization\",\"name\":\"Ks Products\",\"url\":\"https:\\\/\\\/ksproducts.ca\\\/\",\"logo\":{\"@type\":\"ImageObject\",\"inLanguage\":\"fr-CA\",\"@id\":\"https:\\\/\\\/ksproducts.ca\\\/#\\\/schema\\\/logo\\\/image\\\/\",\"url\":\"https:\\\/\\\/ksproducts.ca\\\/wp-content\\\/uploads\\\/2023\\\/09\\\/Kennedy-Sales-Logo-header-1.png\",\"contentUrl\":\"https:\\\/\\\/ksproducts.ca\\\/wp-content\\\/uploads\\\/2023\\\/09\\\/Kennedy-Sales-Logo-header-1.png\",\"width\":150,\"height\":77,\"caption\":\"Ks Products\"},\"image\":{\"@id\":\"https:\\\/\\\/ksproducts.ca\\\/#\\\/schema\\\/logo\\\/image\\\/\"}}]}<\/script>\n<!-- \/ Yoast SEO plugin. -->","yoast_head_json":{"title":"Klymit Waterport R\u00e9servoir d'eau 15L avec buse de pulv\u00e9risation haute pression - Ks Products","robots":{"index":"index","follow":"follow","max-snippet":"max-snippet:-1","max-image-preview":"max-image-preview:large","max-video-preview":"max-video-preview:-1"},"canonical":"https:\/\/ksproducts.ca\/fr\/product\/klymit-waterport-15l-reservoir-deau-avec-buse-de-pulverisation-haute-pression\/","og_locale":"fr_CA","og_type":"article","og_title":"Klymit Waterport 15L Water Tank with High-Pressure Spray Nozzle - Ks Products","og_description":"The Day Tank takes the hassle out of manually pressurizing water by conveniently absorbing the water pressure from your house. Simply plug your garden hose into the tank's quick connect and your Day Tank will automatically pressurize as it fills. Please note: If you order the Day Tank with additional items you'll be getting 2 shipments. The Day Tank will be in 1 box and the other items (mounts, Pump Cap, etc) will be in another.","og_url":"https:\/\/ksproducts.ca\/fr\/product\/klymit-waterport-15l-reservoir-deau-avec-buse-de-pulverisation-haute-pression\/","og_site_name":"Ks Products","article_modified_time":"2026-03-12T12:45:44+00:00","og_image":[{"width":800,"height":800,"url":"https:\/\/ksproducts.ca\/wp-content\/uploads\/2026\/03\/Klymit-Waterport-15L-Water-Tank-with-High-Pressure-Spray-Nozzle.webp","type":"image\/webp"}],"twitter_card":"summary_large_image","twitter_misc":{"Estimation du temps de lecture":"1 minute"},"schema":{"@context":"https:\/\/schema.org","@graph":[{"@type":"WebPage","@id":"https:\/\/ksproducts.ca\/product\/klymit-waterport-15l-water-tank-with-high-pressure-spray-nozzle\/","url":"https:\/\/ksproducts.ca\/product\/klymit-waterport-15l-water-tank-with-high-pressure-spray-nozzle\/","name":"Klymit Waterport R\u00e9servoir d'eau 15L avec buse de pulv\u00e9risation haute pression - Ks Products","isPartOf":{"@id":"https:\/\/ksproducts.ca\/#website"},"primaryImageOfPage":{"@id":"https:\/\/ksproducts.ca\/product\/klymit-waterport-15l-water-tank-with-high-pressure-spray-nozzle\/#primaryimage"},"image":{"@id":"https:\/\/ksproducts.ca\/product\/klymit-waterport-15l-water-tank-with-high-pressure-spray-nozzle\/#primaryimage"},"thumbnailUrl":"https:\/\/ksproducts.ca\/wp-content\/uploads\/2026\/03\/Klymit-Waterport-15L-Water-Tank-with-High-Pressure-Spray-Nozzle.webp","datePublished":"2026-03-12T12:45:01+00:00","dateModified":"2026-03-12T12:45:44+00:00","breadcrumb":{"@id":"https:\/\/ksproducts.ca\/product\/klymit-waterport-15l-water-tank-with-high-pressure-spray-nozzle\/#breadcrumb"},"inLanguage":"fr-CA","potentialAction":[{"@type":"ReadAction","target":["https:\/\/ksproducts.ca\/product\/klymit-waterport-15l-water-tank-with-high-pressure-spray-nozzle\/"]}]},{"@type":"ImageObject","inLanguage":"fr-CA","@id":"https:\/\/ksproducts.ca\/product\/klymit-waterport-15l-water-tank-with-high-pressure-spray-nozzle\/#primaryimage","url":"https:\/\/ksproducts.ca\/wp-content\/uploads\/2026\/03\/Klymit-Waterport-15L-Water-Tank-with-High-Pressure-Spray-Nozzle.webp","contentUrl":"https:\/\/ksproducts.ca\/wp-content\/uploads\/2026\/03\/Klymit-Waterport-15L-Water-Tank-with-High-Pressure-Spray-Nozzle.webp","width":800,"height":800,"caption":"Klymit Waterport 15L Water Tank with High Pressure Spray Nozzle"},{"@type":"BreadcrumbList","@id":"https:\/\/ksproducts.ca\/product\/klymit-waterport-15l-water-tank-with-high-pressure-spray-nozzle\/#breadcrumb","itemListElement":[{"@type":"ListItem","position":1,"name":"Home","item":"https:\/\/ksproducts.ca\/"},{"@type":"ListItem","position":2,"name":"Shop","item":"https:\/\/ksproducts.ca\/shop\/"},{"@type":"ListItem","position":3,"name":"Klymit Waterport 15L Water Tank with High-Pressure Spray Nozzle"}]},{"@type":"WebSite","@id":"https:\/\/ksproducts.ca\/#website","url":"https:\/\/ksproducts.ca\/","name":"Produits Ks","description":"Cuisiner et vivre en plein air, c'est facile au Canada","publisher":{"@id":"https:\/\/ksproducts.ca\/#organization"},"potentialAction":[{"@type":"SearchAction","target":{"@type":"EntryPoint","urlTemplate":"https:\/\/ksproducts.ca\/?s={search_term_string}"},"query-input":{"@type":"PropertyValueSpecification","valueRequired":true,"valueName":"search_term_string"}}],"inLanguage":"fr-CA"},{"@type":"Organization","@id":"https:\/\/ksproducts.ca\/#organization","name":"Produits Ks","url":"https:\/\/ksproducts.ca\/","logo":{"@type":"ImageObject","inLanguage":"fr-CA","@id":"https:\/\/ksproducts.ca\/#\/schema\/logo\/image\/","url":"https:\/\/ksproducts.ca\/wp-content\/uploads\/2023\/09\/Kennedy-Sales-Logo-header-1.png","contentUrl":"https:\/\/ksproducts.ca\/wp-content\/uploads\/2023\/09\/Kennedy-Sales-Logo-header-1.png","width":150,"height":77,"caption":"Ks Products"},"image":{"@id":"https:\/\/ksproducts.ca\/#\/schema\/logo\/image\/"}}]}},"_links":{"self":[{"href":"https:\/\/ksproducts.ca\/fr\/wp-json\/wp\/v2\/product\/12437","targetHints":{"allow":["GET"]}}],"collection":[{"href":"https:\/\/ksproducts.ca\/fr\/wp-json\/wp\/v2\/product"}],"about":[{"href":"https:\/\/ksproducts.ca\/fr\/wp-json\/wp\/v2\/types\/product"}],"replies":[{"embeddable":true,"href":"https:\/\/ksproducts.ca\/fr\/wp-json\/wp\/v2\/comments?post=12437"}],"version-history":[{"count":1,"href":"https:\/\/ksproducts.ca\/fr\/wp-json\/wp\/v2\/product\/12437\/revisions"}],"predecessor-version":[{"id":12439,"href":"https:\/\/ksproducts.ca\/fr\/wp-json\/wp\/v2\/product\/12437\/revisions\/12439"}],"wp:featuredmedia":[{"embeddable":true,"href":"https:\/\/ksproducts.ca\/fr\/wp-json\/wp\/v2\/media\/12438"}],"wp:attachment":[{"href":"https:\/\/ksproducts.ca\/fr\/wp-json\/wp\/v2\/media?parent=12437"}],"wp:term":[{"taxonomy":"product_cat","embeddable":true,"href":"https:\/\/ksproducts.ca\/fr\/wp-json\/wp\/v2\/product_cat?post=12437"},{"taxonomy":"product_tag","embeddable":true,"href":"https:\/\/ksproducts.ca\/fr\/wp-json\/wp\/v2\/product_tag?post=12437"}],"curies":[{"name":"wp","href":"https:\/\/api.w.org\/{rel}","templated":true}]}}