{"id":12440,"date":"2026-03-12T12:49:32","date_gmt":"2026-03-12T12:49:32","guid":{"rendered":"https:\/\/ksproducts.ca\/?post_type=product&#038;p=12440"},"modified":"2026-03-12T12:49:33","modified_gmt":"2026-03-12T12:49:33","slug":"luxor-3-shelf-plastic-serving-cart-with-aluminum-frame-and-casters-200lb-weight-capacity","status":"publish","type":"product","link":"https:\/\/ksproducts.ca\/fr\/product\/luxor-3-shelf-plastic-serving-cart-with-aluminum-frame-and-casters-200lb-weight-capacity\/","title":{"rendered":"Luxor 3-Shelf Plastic Serving Cart with Aluminum Frame and Casters - 200lb Weight Capacity"},"content":{"rendered":"<ul>\n<li>Chariot de service polyvalent id\u00e9al pour les applications industrielles l\u00e9g\u00e8res<\/li>\n<li>Etag\u00e8res en plastique polypropyl\u00e8ne durable.<\/li>\n<li>Montants l\u00e9gers en aluminium pour une meilleure r\u00e9sistance \u00e0 l'empilement<\/li>\n<li>Des l\u00e8vres de retenue de 1 pouce bordent les \u00e9tag\u00e8res.<\/li>\n<li>Poign\u00e9e de pouss\u00e9e ergonomique moul\u00e9e dans la tablette sup\u00e9rieure.<\/li>\n<li>Quatre roulettes en PVC de 4 pouces<\/li>\n<li>Capacit\u00e9 de poids maximale : 200 livres (r\u00e9parties uniform\u00e9ment)<\/li>\n<\/ul>","protected":false},"excerpt":{"rendered":"<p>L\u00e9ger mais robuste, le chariot de service Luxor \u00e0 3 \u00e9tag\u00e8res est le m\u00e9lange parfait de stockage et de maniabilit\u00e9 pour les services alimentaires, les soins de sant\u00e9 ou les applications l\u00e9g\u00e8res. Les \u00e9tag\u00e8res en polypropyl\u00e8ne sont r\u00e9sistantes aux rayures et faciles \u00e0 nettoyer, et les montants en aluminium offrent une r\u00e9sistance \u00e0 l'empilement qui permet une capacit\u00e9 de 200 livres. Toutes les \u00e9tag\u00e8res ont un rebord de 1 pouce sur les c\u00f4t\u00e9s et \u00e0 l'arri\u00e8re pour aider \u00e0 contr\u00f4ler le contenu tout en permettant de charger ou de d\u00e9charger les articles par l'avant. Le d\u00e9gagement de 12 pouces entre les \u00e9tag\u00e8res offre beaucoup d'espace ; deux poign\u00e9es de pouss\u00e9e ergonomiques, combin\u00e9es \u00e0 quatre roulettes de 4 pouces, rendent ce chariot utilitaire facile \u00e0 man\u0153uvrer.<\/p>","protected":false},"featured_media":12441,"comment_status":"open","ping_status":"closed","template":"","meta":[],"product_cat":[433],"product_tag":[],"class_list":{"0":"post-12440","1":"product","2":"type-product","3":"status-publish","4":"has-post-thumbnail","6":"product_cat-utility-carts","7":"product_shipping_class-class-3","9":"first","10":"instock","11":"taxable","12":"shipping-taxable","13":"purchasable","14":"product-type-simple"},"yoast_head":"<!-- This site is optimized with the Yoast SEO plugin v27.3 - https:\/\/yoast.com\/product\/yoast-seo-wordpress\/ -->\n<title>Luxor 3-Shelf Plastic Serving Cart with Aluminum Frame and Casters - 200lb Weight Capacity - Ks Products<\/title>\n<meta name=\"robots\" content=\"index, follow, max-snippet:-1, max-image-preview:large, max-video-preview:-1\" \/>\n<link rel=\"canonical\" href=\"https:\/\/ksproducts.ca\/fr\/product\/luxor-3-shelf-plastic-serving-cart-with-aluminum-frame-and-casters-200lb-weight-capacity\/\" \/>\n<meta property=\"og:locale\" content=\"fr_CA\" \/>\n<meta property=\"og:type\" content=\"article\" \/>\n<meta property=\"og:title\" content=\"Luxor 3-Shelf Plastic Serving Cart with Aluminum Frame and Casters - 200lb Weight Capacity - Ks Products\" \/>\n<meta property=\"og:description\" content=\"Lightweight yet sturdy, the Luxor 3-Shelf Serving Cart is the perfect blend of storage and manoeuvrability for food service, healthcare or light-duty applications. Polypropylene shelves are scratch-resistant and easy to clean, and aluminum uprights provide stacking strength that allows a 200-lb. capacity. All shelves have a 1-in lip on the sides and back to help control contents while still allowing items to load or unload from the front. The 12-in clearing between shelves offers ample space; two ergonomic push handles, combined with four 4-in rolling casters, make this utility cart easy to maneuver.\" \/>\n<meta property=\"og:url\" content=\"https:\/\/ksproducts.ca\/fr\/product\/luxor-3-shelf-plastic-serving-cart-with-aluminum-frame-and-casters-200lb-weight-capacity\/\" \/>\n<meta property=\"og:site_name\" content=\"Ks Products\" \/>\n<meta property=\"article:modified_time\" content=\"2026-03-12T12:49:33+00:00\" \/>\n<meta property=\"og:image\" content=\"https:\/\/ksproducts.ca\/wp-content\/uploads\/2026\/03\/Luxor-3-Shelf-Plastic-Serving-Cart-with-Aluminum-Frame-and-Casters-200lb-Weight-Capacity.jpg\" \/>\n\t<meta property=\"og:image:width\" content=\"600\" \/>\n\t<meta property=\"og:image:height\" content=\"600\" \/>\n\t<meta property=\"og:image:type\" content=\"image\/jpeg\" \/>\n<meta name=\"twitter:card\" content=\"summary_large_image\" \/>\n<meta name=\"twitter:label1\" content=\"Estimation du temps de lecture\" \/>\n\t<meta name=\"twitter:data1\" content=\"1 minute\" \/>\n<script type=\"application\/ld+json\" class=\"yoast-schema-graph\">{\"@context\":\"https:\\\/\\\/schema.org\",\"@graph\":[{\"@type\":\"WebPage\",\"@id\":\"https:\\\/\\\/ksproducts.ca\\\/product\\\/luxor-3-shelf-plastic-serving-cart-with-aluminum-frame-and-casters-200lb-weight-capacity\\\/\",\"url\":\"https:\\\/\\\/ksproducts.ca\\\/product\\\/luxor-3-shelf-plastic-serving-cart-with-aluminum-frame-and-casters-200lb-weight-capacity\\\/\",\"name\":\"Luxor 3-Shelf Plastic Serving Cart with Aluminum Frame and Casters - 200lb Weight Capacity - Ks Products\",\"isPartOf\":{\"@id\":\"https:\\\/\\\/ksproducts.ca\\\/#website\"},\"primaryImageOfPage\":{\"@id\":\"https:\\\/\\\/ksproducts.ca\\\/product\\\/luxor-3-shelf-plastic-serving-cart-with-aluminum-frame-and-casters-200lb-weight-capacity\\\/#primaryimage\"},\"image\":{\"@id\":\"https:\\\/\\\/ksproducts.ca\\\/product\\\/luxor-3-shelf-plastic-serving-cart-with-aluminum-frame-and-casters-200lb-weight-capacity\\\/#primaryimage\"},\"thumbnailUrl\":\"https:\\\/\\\/ksproducts.ca\\\/wp-content\\\/uploads\\\/2026\\\/03\\\/Luxor-3-Shelf-Plastic-Serving-Cart-with-Aluminum-Frame-and-Casters-200lb-Weight-Capacity.jpg\",\"datePublished\":\"2026-03-12T12:49:32+00:00\",\"dateModified\":\"2026-03-12T12:49:33+00:00\",\"breadcrumb\":{\"@id\":\"https:\\\/\\\/ksproducts.ca\\\/product\\\/luxor-3-shelf-plastic-serving-cart-with-aluminum-frame-and-casters-200lb-weight-capacity\\\/#breadcrumb\"},\"inLanguage\":\"fr-CA\",\"potentialAction\":[{\"@type\":\"ReadAction\",\"target\":[\"https:\\\/\\\/ksproducts.ca\\\/product\\\/luxor-3-shelf-plastic-serving-cart-with-aluminum-frame-and-casters-200lb-weight-capacity\\\/\"]}]},{\"@type\":\"ImageObject\",\"inLanguage\":\"fr-CA\",\"@id\":\"https:\\\/\\\/ksproducts.ca\\\/product\\\/luxor-3-shelf-plastic-serving-cart-with-aluminum-frame-and-casters-200lb-weight-capacity\\\/#primaryimage\",\"url\":\"https:\\\/\\\/ksproducts.ca\\\/wp-content\\\/uploads\\\/2026\\\/03\\\/Luxor-3-Shelf-Plastic-Serving-Cart-with-Aluminum-Frame-and-Casters-200lb-Weight-Capacity.jpg\",\"contentUrl\":\"https:\\\/\\\/ksproducts.ca\\\/wp-content\\\/uploads\\\/2026\\\/03\\\/Luxor-3-Shelf-Plastic-Serving-Cart-with-Aluminum-Frame-and-Casters-200lb-Weight-Capacity.jpg\",\"width\":600,\"height\":600,\"caption\":\"Luxor 3 Shelf Plastic Serving Cart with Aluminum Frame and Casters 200lb Weight Capacity\"},{\"@type\":\"BreadcrumbList\",\"@id\":\"https:\\\/\\\/ksproducts.ca\\\/product\\\/luxor-3-shelf-plastic-serving-cart-with-aluminum-frame-and-casters-200lb-weight-capacity\\\/#breadcrumb\",\"itemListElement\":[{\"@type\":\"ListItem\",\"position\":1,\"name\":\"Home\",\"item\":\"https:\\\/\\\/ksproducts.ca\\\/\"},{\"@type\":\"ListItem\",\"position\":2,\"name\":\"Shop\",\"item\":\"https:\\\/\\\/ksproducts.ca\\\/shop\\\/\"},{\"@type\":\"ListItem\",\"position\":3,\"name\":\"Luxor 3-Shelf Plastic Serving Cart with Aluminum Frame and Casters &#8211; 200lb Weight Capacity\"}]},{\"@type\":\"WebSite\",\"@id\":\"https:\\\/\\\/ksproducts.ca\\\/#website\",\"url\":\"https:\\\/\\\/ksproducts.ca\\\/\",\"name\":\"Ks Products\",\"description\":\"Outdoor cooking and living, made easy in Canada\",\"publisher\":{\"@id\":\"https:\\\/\\\/ksproducts.ca\\\/#organization\"},\"potentialAction\":[{\"@type\":\"SearchAction\",\"target\":{\"@type\":\"EntryPoint\",\"urlTemplate\":\"https:\\\/\\\/ksproducts.ca\\\/?s={search_term_string}\"},\"query-input\":{\"@type\":\"PropertyValueSpecification\",\"valueRequired\":true,\"valueName\":\"search_term_string\"}}],\"inLanguage\":\"fr-CA\"},{\"@type\":\"Organization\",\"@id\":\"https:\\\/\\\/ksproducts.ca\\\/#organization\",\"name\":\"Ks Products\",\"url\":\"https:\\\/\\\/ksproducts.ca\\\/\",\"logo\":{\"@type\":\"ImageObject\",\"inLanguage\":\"fr-CA\",\"@id\":\"https:\\\/\\\/ksproducts.ca\\\/#\\\/schema\\\/logo\\\/image\\\/\",\"url\":\"https:\\\/\\\/ksproducts.ca\\\/wp-content\\\/uploads\\\/2023\\\/09\\\/Kennedy-Sales-Logo-header-1.png\",\"contentUrl\":\"https:\\\/\\\/ksproducts.ca\\\/wp-content\\\/uploads\\\/2023\\\/09\\\/Kennedy-Sales-Logo-header-1.png\",\"width\":150,\"height\":77,\"caption\":\"Ks Products\"},\"image\":{\"@id\":\"https:\\\/\\\/ksproducts.ca\\\/#\\\/schema\\\/logo\\\/image\\\/\"}}]}<\/script>\n<!-- \/ Yoast SEO plugin. -->","yoast_head_json":{"title":"Luxor 3-Shelf Plastic Serving Cart with Aluminum Frame and Casters - 200lb Weight Capacity - Ks Products","robots":{"index":"index","follow":"follow","max-snippet":"max-snippet:-1","max-image-preview":"max-image-preview:large","max-video-preview":"max-video-preview:-1"},"canonical":"https:\/\/ksproducts.ca\/fr\/product\/luxor-3-shelf-plastic-serving-cart-with-aluminum-frame-and-casters-200lb-weight-capacity\/","og_locale":"fr_CA","og_type":"article","og_title":"Luxor 3-Shelf Plastic Serving Cart with Aluminum Frame and Casters - 200lb Weight Capacity - Ks Products","og_description":"Lightweight yet sturdy, the Luxor 3-Shelf Serving Cart is the perfect blend of storage and manoeuvrability for food service, healthcare or light-duty applications. Polypropylene shelves are scratch-resistant and easy to clean, and aluminum uprights provide stacking strength that allows a 200-lb. capacity. All shelves have a 1-in lip on the sides and back to help control contents while still allowing items to load or unload from the front. The 12-in clearing between shelves offers ample space; two ergonomic push handles, combined with four 4-in rolling casters, make this utility cart easy to maneuver.","og_url":"https:\/\/ksproducts.ca\/fr\/product\/luxor-3-shelf-plastic-serving-cart-with-aluminum-frame-and-casters-200lb-weight-capacity\/","og_site_name":"Ks Products","article_modified_time":"2026-03-12T12:49:33+00:00","og_image":[{"width":600,"height":600,"url":"https:\/\/ksproducts.ca\/wp-content\/uploads\/2026\/03\/Luxor-3-Shelf-Plastic-Serving-Cart-with-Aluminum-Frame-and-Casters-200lb-Weight-Capacity.jpg","type":"image\/jpeg"}],"twitter_card":"summary_large_image","twitter_misc":{"Estimation du temps de lecture":"1 minute"},"schema":{"@context":"https:\/\/schema.org","@graph":[{"@type":"WebPage","@id":"https:\/\/ksproducts.ca\/product\/luxor-3-shelf-plastic-serving-cart-with-aluminum-frame-and-casters-200lb-weight-capacity\/","url":"https:\/\/ksproducts.ca\/product\/luxor-3-shelf-plastic-serving-cart-with-aluminum-frame-and-casters-200lb-weight-capacity\/","name":"Luxor 3-Shelf Plastic Serving Cart with Aluminum Frame and Casters - 200lb Weight Capacity - Ks Products","isPartOf":{"@id":"https:\/\/ksproducts.ca\/#website"},"primaryImageOfPage":{"@id":"https:\/\/ksproducts.ca\/product\/luxor-3-shelf-plastic-serving-cart-with-aluminum-frame-and-casters-200lb-weight-capacity\/#primaryimage"},"image":{"@id":"https:\/\/ksproducts.ca\/product\/luxor-3-shelf-plastic-serving-cart-with-aluminum-frame-and-casters-200lb-weight-capacity\/#primaryimage"},"thumbnailUrl":"https:\/\/ksproducts.ca\/wp-content\/uploads\/2026\/03\/Luxor-3-Shelf-Plastic-Serving-Cart-with-Aluminum-Frame-and-Casters-200lb-Weight-Capacity.jpg","datePublished":"2026-03-12T12:49:32+00:00","dateModified":"2026-03-12T12:49:33+00:00","breadcrumb":{"@id":"https:\/\/ksproducts.ca\/product\/luxor-3-shelf-plastic-serving-cart-with-aluminum-frame-and-casters-200lb-weight-capacity\/#breadcrumb"},"inLanguage":"fr-CA","potentialAction":[{"@type":"ReadAction","target":["https:\/\/ksproducts.ca\/product\/luxor-3-shelf-plastic-serving-cart-with-aluminum-frame-and-casters-200lb-weight-capacity\/"]}]},{"@type":"ImageObject","inLanguage":"fr-CA","@id":"https:\/\/ksproducts.ca\/product\/luxor-3-shelf-plastic-serving-cart-with-aluminum-frame-and-casters-200lb-weight-capacity\/#primaryimage","url":"https:\/\/ksproducts.ca\/wp-content\/uploads\/2026\/03\/Luxor-3-Shelf-Plastic-Serving-Cart-with-Aluminum-Frame-and-Casters-200lb-Weight-Capacity.jpg","contentUrl":"https:\/\/ksproducts.ca\/wp-content\/uploads\/2026\/03\/Luxor-3-Shelf-Plastic-Serving-Cart-with-Aluminum-Frame-and-Casters-200lb-Weight-Capacity.jpg","width":600,"height":600,"caption":"Luxor 3 Shelf Plastic Serving Cart with Aluminum Frame and Casters 200lb Weight Capacity"},{"@type":"BreadcrumbList","@id":"https:\/\/ksproducts.ca\/product\/luxor-3-shelf-plastic-serving-cart-with-aluminum-frame-and-casters-200lb-weight-capacity\/#breadcrumb","itemListElement":[{"@type":"ListItem","position":1,"name":"Home","item":"https:\/\/ksproducts.ca\/"},{"@type":"ListItem","position":2,"name":"Shop","item":"https:\/\/ksproducts.ca\/shop\/"},{"@type":"ListItem","position":3,"name":"Luxor 3-Shelf Plastic Serving Cart with Aluminum Frame and Casters &#8211; 200lb Weight Capacity"}]},{"@type":"WebSite","@id":"https:\/\/ksproducts.ca\/#website","url":"https:\/\/ksproducts.ca\/","name":"Produits Ks","description":"Cuisiner et vivre en plein air, c'est facile au Canada","publisher":{"@id":"https:\/\/ksproducts.ca\/#organization"},"potentialAction":[{"@type":"SearchAction","target":{"@type":"EntryPoint","urlTemplate":"https:\/\/ksproducts.ca\/?s={search_term_string}"},"query-input":{"@type":"PropertyValueSpecification","valueRequired":true,"valueName":"search_term_string"}}],"inLanguage":"fr-CA"},{"@type":"Organization","@id":"https:\/\/ksproducts.ca\/#organization","name":"Produits Ks","url":"https:\/\/ksproducts.ca\/","logo":{"@type":"ImageObject","inLanguage":"fr-CA","@id":"https:\/\/ksproducts.ca\/#\/schema\/logo\/image\/","url":"https:\/\/ksproducts.ca\/wp-content\/uploads\/2023\/09\/Kennedy-Sales-Logo-header-1.png","contentUrl":"https:\/\/ksproducts.ca\/wp-content\/uploads\/2023\/09\/Kennedy-Sales-Logo-header-1.png","width":150,"height":77,"caption":"Ks Products"},"image":{"@id":"https:\/\/ksproducts.ca\/#\/schema\/logo\/image\/"}}]}},"_links":{"self":[{"href":"https:\/\/ksproducts.ca\/fr\/wp-json\/wp\/v2\/product\/12440","targetHints":{"allow":["GET"]}}],"collection":[{"href":"https:\/\/ksproducts.ca\/fr\/wp-json\/wp\/v2\/product"}],"about":[{"href":"https:\/\/ksproducts.ca\/fr\/wp-json\/wp\/v2\/types\/product"}],"replies":[{"embeddable":true,"href":"https:\/\/ksproducts.ca\/fr\/wp-json\/wp\/v2\/comments?post=12440"}],"version-history":[{"count":1,"href":"https:\/\/ksproducts.ca\/fr\/wp-json\/wp\/v2\/product\/12440\/revisions"}],"predecessor-version":[{"id":12442,"href":"https:\/\/ksproducts.ca\/fr\/wp-json\/wp\/v2\/product\/12440\/revisions\/12442"}],"wp:featuredmedia":[{"embeddable":true,"href":"https:\/\/ksproducts.ca\/fr\/wp-json\/wp\/v2\/media\/12441"}],"wp:attachment":[{"href":"https:\/\/ksproducts.ca\/fr\/wp-json\/wp\/v2\/media?parent=12440"}],"wp:term":[{"taxonomy":"product_cat","embeddable":true,"href":"https:\/\/ksproducts.ca\/fr\/wp-json\/wp\/v2\/product_cat?post=12440"},{"taxonomy":"product_tag","embeddable":true,"href":"https:\/\/ksproducts.ca\/fr\/wp-json\/wp\/v2\/product_tag?post=12440"}],"curies":[{"name":"wp","href":"https:\/\/api.w.org\/{rel}","templated":true}]}}