{"id":12443,"date":"2026-03-12T12:53:00","date_gmt":"2026-03-12T12:53:00","guid":{"rendered":"https:\/\/ksproducts.ca\/?post_type=product&#038;p=12443"},"modified":"2026-03-12T12:53:00","modified_gmt":"2026-03-12T12:53:00","slug":"luxor-3-shelf-plastic-serving-cart-with-aluminum-frame-and-casters-300lb-weight-capacity","status":"publish","type":"product","link":"https:\/\/ksproducts.ca\/fr\/product\/luxor-3-shelf-plastic-serving-cart-with-aluminum-frame-and-casters-300lb-weight-capacity\/","title":{"rendered":"Luxor 3-Shelf Plastic Serving Cart with Aluminum Frame and Casters - 300lb Weight Capacity"},"content":{"rendered":"<ul>\n<li>Chariot de service polyvalent id\u00e9al pour les applications industrielles l\u00e9g\u00e8res<\/li>\n<li>Etag\u00e8res en plastique polypropyl\u00e8ne durable.<\/li>\n<li>Montants l\u00e9gers en aluminium pour une meilleure r\u00e9sistance \u00e0 l'empilement<\/li>\n<li>Des l\u00e8vres de retenue de 1 pouce bordent les \u00e9tag\u00e8res.<\/li>\n<li>Poign\u00e9e de pouss\u00e9e ergonomique moul\u00e9e dans la tablette sup\u00e9rieure.<\/li>\n<li>Quatre roulettes en PVC de 4 pouces<\/li>\n<li>Capacit\u00e9 de poids maximale : 300 livres (r\u00e9parties uniform\u00e9ment)<\/li>\n<\/ul>","protected":false},"excerpt":{"rendered":"<p>Le Luxor 3-Shelf Large Serving Cart est con\u00e7u pour d\u00e9placer jusqu'\u00e0 300 livres d'articles avec facilit\u00e9. Les \u00e9tag\u00e8res sont fabriqu\u00e9es en polypropyl\u00e8ne durable qui r\u00e9siste aux \u00e9raflures et aux bosses et qui est facile \u00e0 nettoyer. Un rebord de 1 pouce sur les c\u00f4t\u00e9s et \u00e0 l'arri\u00e8re maintient le contenu \u00e0 bord tout en permettant aux articles de glisser sur ou hors du chariot \u00e0 partir de l'avant. Les montants en aluminium offrent un support solide et l\u00e9ger et les roulettes pivotantes, associ\u00e9es aux deux poign\u00e9es, permettent de le faire rouler facilement d'un endroit \u00e0 l'autre. Il s'agit d'un chariot utilitaire id\u00e9al pour les restaurants, les services alimentaires, les soins de sant\u00e9 et toutes les applications l\u00e9g\u00e8res.<\/p>","protected":false},"featured_media":12444,"comment_status":"open","ping_status":"closed","template":"","meta":[],"product_cat":[433],"product_tag":[],"class_list":{"0":"post-12443","1":"product","2":"type-product","3":"status-publish","4":"has-post-thumbnail","6":"product_cat-utility-carts","7":"product_shipping_class-class-3","9":"first","10":"instock","11":"taxable","12":"shipping-taxable","13":"purchasable","14":"product-type-simple"},"yoast_head":"<!-- This site is optimized with the Yoast SEO plugin v27.4 - https:\/\/yoast.com\/product\/yoast-seo-wordpress\/ -->\n<title>Luxor 3-Shelf Plastic Serving Cart with Aluminum Frame and Casters - 300lb Weight Capacity - Ks Products<\/title>\n<meta name=\"robots\" content=\"index, follow, max-snippet:-1, max-image-preview:large, max-video-preview:-1\" \/>\n<link rel=\"canonical\" href=\"https:\/\/ksproducts.ca\/fr\/product\/luxor-3-shelf-plastic-serving-cart-with-aluminum-frame-and-casters-300lb-weight-capacity\/\" \/>\n<meta property=\"og:locale\" content=\"fr_CA\" \/>\n<meta property=\"og:type\" content=\"article\" \/>\n<meta property=\"og:title\" content=\"Luxor 3-Shelf Plastic Serving Cart with Aluminum Frame and Casters - 300lb Weight Capacity - Ks Products\" \/>\n<meta property=\"og:description\" content=\"The Luxor 3-Shelf Large Serving Cart is made to move up to 300 lbs. of items with ease. The shelves are made from a durable polypropylene that&#039;s resistant to scrapes or dents and easy to clean. A 1-in lip on the sides and back keep contents on board while still allowing items to slide on or off from the front. Aluminum uprights provide strong, lightweight support and the swivelling casters, coupled with the dual handles, make it easy to roll from place to place. It&#039;s an ideal utility cart for restaurants, food service, healthcare or any light-duty applications.\" \/>\n<meta property=\"og:url\" content=\"https:\/\/ksproducts.ca\/fr\/product\/luxor-3-shelf-plastic-serving-cart-with-aluminum-frame-and-casters-300lb-weight-capacity\/\" \/>\n<meta property=\"og:site_name\" content=\"Ks Products\" \/>\n<meta property=\"og:image\" content=\"https:\/\/ksproducts.ca\/wp-content\/uploads\/2026\/03\/Luxor-3-Shelf-Plastic-Serving-Cart-with-Aluminum-Frame-and-Casters-300lb-Weight-Capacity.jpg\" \/>\n\t<meta property=\"og:image:width\" content=\"600\" \/>\n\t<meta property=\"og:image:height\" content=\"600\" \/>\n\t<meta property=\"og:image:type\" content=\"image\/jpeg\" \/>\n<meta name=\"twitter:card\" content=\"summary_large_image\" \/>\n<meta name=\"twitter:label1\" content=\"Estimation du temps de lecture\" \/>\n\t<meta name=\"twitter:data1\" content=\"1 minute\" \/>\n<script type=\"application\/ld+json\" class=\"yoast-schema-graph\">{\"@context\":\"https:\\\/\\\/schema.org\",\"@graph\":[{\"@type\":\"WebPage\",\"@id\":\"https:\\\/\\\/ksproducts.ca\\\/product\\\/luxor-3-shelf-plastic-serving-cart-with-aluminum-frame-and-casters-300lb-weight-capacity\\\/\",\"url\":\"https:\\\/\\\/ksproducts.ca\\\/product\\\/luxor-3-shelf-plastic-serving-cart-with-aluminum-frame-and-casters-300lb-weight-capacity\\\/\",\"name\":\"Luxor 3-Shelf Plastic Serving Cart with Aluminum Frame and Casters - 300lb Weight Capacity - Ks Products\",\"isPartOf\":{\"@id\":\"https:\\\/\\\/ksproducts.ca\\\/#website\"},\"primaryImageOfPage\":{\"@id\":\"https:\\\/\\\/ksproducts.ca\\\/product\\\/luxor-3-shelf-plastic-serving-cart-with-aluminum-frame-and-casters-300lb-weight-capacity\\\/#primaryimage\"},\"image\":{\"@id\":\"https:\\\/\\\/ksproducts.ca\\\/product\\\/luxor-3-shelf-plastic-serving-cart-with-aluminum-frame-and-casters-300lb-weight-capacity\\\/#primaryimage\"},\"thumbnailUrl\":\"https:\\\/\\\/ksproducts.ca\\\/wp-content\\\/uploads\\\/2026\\\/03\\\/Luxor-3-Shelf-Plastic-Serving-Cart-with-Aluminum-Frame-and-Casters-300lb-Weight-Capacity.jpg\",\"datePublished\":\"2026-03-12T12:53:00+00:00\",\"breadcrumb\":{\"@id\":\"https:\\\/\\\/ksproducts.ca\\\/product\\\/luxor-3-shelf-plastic-serving-cart-with-aluminum-frame-and-casters-300lb-weight-capacity\\\/#breadcrumb\"},\"inLanguage\":\"fr-CA\",\"potentialAction\":[{\"@type\":\"ReadAction\",\"target\":[\"https:\\\/\\\/ksproducts.ca\\\/product\\\/luxor-3-shelf-plastic-serving-cart-with-aluminum-frame-and-casters-300lb-weight-capacity\\\/\"]}]},{\"@type\":\"ImageObject\",\"inLanguage\":\"fr-CA\",\"@id\":\"https:\\\/\\\/ksproducts.ca\\\/product\\\/luxor-3-shelf-plastic-serving-cart-with-aluminum-frame-and-casters-300lb-weight-capacity\\\/#primaryimage\",\"url\":\"https:\\\/\\\/ksproducts.ca\\\/wp-content\\\/uploads\\\/2026\\\/03\\\/Luxor-3-Shelf-Plastic-Serving-Cart-with-Aluminum-Frame-and-Casters-300lb-Weight-Capacity.jpg\",\"contentUrl\":\"https:\\\/\\\/ksproducts.ca\\\/wp-content\\\/uploads\\\/2026\\\/03\\\/Luxor-3-Shelf-Plastic-Serving-Cart-with-Aluminum-Frame-and-Casters-300lb-Weight-Capacity.jpg\",\"width\":600,\"height\":600,\"caption\":\"Luxor 3 Shelf Plastic Serving Cart with Aluminum Frame and Casters 300lb Weight Capacity\"},{\"@type\":\"BreadcrumbList\",\"@id\":\"https:\\\/\\\/ksproducts.ca\\\/product\\\/luxor-3-shelf-plastic-serving-cart-with-aluminum-frame-and-casters-300lb-weight-capacity\\\/#breadcrumb\",\"itemListElement\":[{\"@type\":\"ListItem\",\"position\":1,\"name\":\"Home\",\"item\":\"https:\\\/\\\/ksproducts.ca\\\/\"},{\"@type\":\"ListItem\",\"position\":2,\"name\":\"Shop\",\"item\":\"https:\\\/\\\/ksproducts.ca\\\/shop\\\/\"},{\"@type\":\"ListItem\",\"position\":3,\"name\":\"Luxor 3-Shelf Plastic Serving Cart with Aluminum Frame and Casters &#8211; 300lb Weight Capacity\"}]},{\"@type\":\"WebSite\",\"@id\":\"https:\\\/\\\/ksproducts.ca\\\/#website\",\"url\":\"https:\\\/\\\/ksproducts.ca\\\/\",\"name\":\"Ks Products\",\"description\":\"Outdoor cooking and living, made easy in Canada\",\"publisher\":{\"@id\":\"https:\\\/\\\/ksproducts.ca\\\/#organization\"},\"potentialAction\":[{\"@type\":\"SearchAction\",\"target\":{\"@type\":\"EntryPoint\",\"urlTemplate\":\"https:\\\/\\\/ksproducts.ca\\\/?s={search_term_string}\"},\"query-input\":{\"@type\":\"PropertyValueSpecification\",\"valueRequired\":true,\"valueName\":\"search_term_string\"}}],\"inLanguage\":\"fr-CA\"},{\"@type\":\"Organization\",\"@id\":\"https:\\\/\\\/ksproducts.ca\\\/#organization\",\"name\":\"Ks Products\",\"url\":\"https:\\\/\\\/ksproducts.ca\\\/\",\"logo\":{\"@type\":\"ImageObject\",\"inLanguage\":\"fr-CA\",\"@id\":\"https:\\\/\\\/ksproducts.ca\\\/#\\\/schema\\\/logo\\\/image\\\/\",\"url\":\"https:\\\/\\\/ksproducts.ca\\\/wp-content\\\/uploads\\\/2023\\\/09\\\/Kennedy-Sales-Logo-header-1.png\",\"contentUrl\":\"https:\\\/\\\/ksproducts.ca\\\/wp-content\\\/uploads\\\/2023\\\/09\\\/Kennedy-Sales-Logo-header-1.png\",\"width\":150,\"height\":77,\"caption\":\"Ks Products\"},\"image\":{\"@id\":\"https:\\\/\\\/ksproducts.ca\\\/#\\\/schema\\\/logo\\\/image\\\/\"}}]}<\/script>\n<!-- \/ Yoast SEO plugin. -->","yoast_head_json":{"title":"Luxor Chariot de service en plastique \u00e0 3 \u00e9tag\u00e8res avec cadre en aluminium et roulettes - capacit\u00e9 de charge de 300 lb - Ks Products","robots":{"index":"index","follow":"follow","max-snippet":"max-snippet:-1","max-image-preview":"max-image-preview:large","max-video-preview":"max-video-preview:-1"},"canonical":"https:\/\/ksproducts.ca\/fr\/product\/luxor-3-shelf-plastic-serving-cart-with-aluminum-frame-and-casters-300lb-weight-capacity\/","og_locale":"fr_CA","og_type":"article","og_title":"Luxor 3-Shelf Plastic Serving Cart with Aluminum Frame and Casters - 300lb Weight Capacity - Ks Products","og_description":"The Luxor 3-Shelf Large Serving Cart is made to move up to 300 lbs. of items with ease. The shelves are made from a durable polypropylene that's resistant to scrapes or dents and easy to clean. A 1-in lip on the sides and back keep contents on board while still allowing items to slide on or off from the front. Aluminum uprights provide strong, lightweight support and the swivelling casters, coupled with the dual handles, make it easy to roll from place to place. It's an ideal utility cart for restaurants, food service, healthcare or any light-duty applications.","og_url":"https:\/\/ksproducts.ca\/fr\/product\/luxor-3-shelf-plastic-serving-cart-with-aluminum-frame-and-casters-300lb-weight-capacity\/","og_site_name":"Ks Products","og_image":[{"width":600,"height":600,"url":"https:\/\/ksproducts.ca\/wp-content\/uploads\/2026\/03\/Luxor-3-Shelf-Plastic-Serving-Cart-with-Aluminum-Frame-and-Casters-300lb-Weight-Capacity.jpg","type":"image\/jpeg"}],"twitter_card":"summary_large_image","twitter_misc":{"Estimation du temps de lecture":"1 minute"},"schema":{"@context":"https:\/\/schema.org","@graph":[{"@type":"WebPage","@id":"https:\/\/ksproducts.ca\/product\/luxor-3-shelf-plastic-serving-cart-with-aluminum-frame-and-casters-300lb-weight-capacity\/","url":"https:\/\/ksproducts.ca\/product\/luxor-3-shelf-plastic-serving-cart-with-aluminum-frame-and-casters-300lb-weight-capacity\/","name":"Luxor Chariot de service en plastique \u00e0 3 \u00e9tag\u00e8res avec cadre en aluminium et roulettes - capacit\u00e9 de charge de 300 lb - Ks Products","isPartOf":{"@id":"https:\/\/ksproducts.ca\/#website"},"primaryImageOfPage":{"@id":"https:\/\/ksproducts.ca\/product\/luxor-3-shelf-plastic-serving-cart-with-aluminum-frame-and-casters-300lb-weight-capacity\/#primaryimage"},"image":{"@id":"https:\/\/ksproducts.ca\/product\/luxor-3-shelf-plastic-serving-cart-with-aluminum-frame-and-casters-300lb-weight-capacity\/#primaryimage"},"thumbnailUrl":"https:\/\/ksproducts.ca\/wp-content\/uploads\/2026\/03\/Luxor-3-Shelf-Plastic-Serving-Cart-with-Aluminum-Frame-and-Casters-300lb-Weight-Capacity.jpg","datePublished":"2026-03-12T12:53:00+00:00","breadcrumb":{"@id":"https:\/\/ksproducts.ca\/product\/luxor-3-shelf-plastic-serving-cart-with-aluminum-frame-and-casters-300lb-weight-capacity\/#breadcrumb"},"inLanguage":"fr-CA","potentialAction":[{"@type":"ReadAction","target":["https:\/\/ksproducts.ca\/product\/luxor-3-shelf-plastic-serving-cart-with-aluminum-frame-and-casters-300lb-weight-capacity\/"]}]},{"@type":"ImageObject","inLanguage":"fr-CA","@id":"https:\/\/ksproducts.ca\/product\/luxor-3-shelf-plastic-serving-cart-with-aluminum-frame-and-casters-300lb-weight-capacity\/#primaryimage","url":"https:\/\/ksproducts.ca\/wp-content\/uploads\/2026\/03\/Luxor-3-Shelf-Plastic-Serving-Cart-with-Aluminum-Frame-and-Casters-300lb-Weight-Capacity.jpg","contentUrl":"https:\/\/ksproducts.ca\/wp-content\/uploads\/2026\/03\/Luxor-3-Shelf-Plastic-Serving-Cart-with-Aluminum-Frame-and-Casters-300lb-Weight-Capacity.jpg","width":600,"height":600,"caption":"Luxor 3 Shelf Plastic Serving Cart with Aluminum Frame and Casters 300lb Weight Capacity"},{"@type":"BreadcrumbList","@id":"https:\/\/ksproducts.ca\/product\/luxor-3-shelf-plastic-serving-cart-with-aluminum-frame-and-casters-300lb-weight-capacity\/#breadcrumb","itemListElement":[{"@type":"ListItem","position":1,"name":"Home","item":"https:\/\/ksproducts.ca\/"},{"@type":"ListItem","position":2,"name":"Shop","item":"https:\/\/ksproducts.ca\/shop\/"},{"@type":"ListItem","position":3,"name":"Luxor 3-Shelf Plastic Serving Cart with Aluminum Frame and Casters &#8211; 300lb Weight Capacity"}]},{"@type":"WebSite","@id":"https:\/\/ksproducts.ca\/#website","url":"https:\/\/ksproducts.ca\/","name":"Produits Ks","description":"Cuisiner et vivre en plein air, c'est facile au Canada","publisher":{"@id":"https:\/\/ksproducts.ca\/#organization"},"potentialAction":[{"@type":"SearchAction","target":{"@type":"EntryPoint","urlTemplate":"https:\/\/ksproducts.ca\/?s={search_term_string}"},"query-input":{"@type":"PropertyValueSpecification","valueRequired":true,"valueName":"search_term_string"}}],"inLanguage":"fr-CA"},{"@type":"Organization","@id":"https:\/\/ksproducts.ca\/#organization","name":"Produits Ks","url":"https:\/\/ksproducts.ca\/","logo":{"@type":"ImageObject","inLanguage":"fr-CA","@id":"https:\/\/ksproducts.ca\/#\/schema\/logo\/image\/","url":"https:\/\/ksproducts.ca\/wp-content\/uploads\/2023\/09\/Kennedy-Sales-Logo-header-1.png","contentUrl":"https:\/\/ksproducts.ca\/wp-content\/uploads\/2023\/09\/Kennedy-Sales-Logo-header-1.png","width":150,"height":77,"caption":"Ks Products"},"image":{"@id":"https:\/\/ksproducts.ca\/#\/schema\/logo\/image\/"}}]}},"_links":{"self":[{"href":"https:\/\/ksproducts.ca\/fr\/wp-json\/wp\/v2\/product\/12443","targetHints":{"allow":["GET"]}}],"collection":[{"href":"https:\/\/ksproducts.ca\/fr\/wp-json\/wp\/v2\/product"}],"about":[{"href":"https:\/\/ksproducts.ca\/fr\/wp-json\/wp\/v2\/types\/product"}],"replies":[{"embeddable":true,"href":"https:\/\/ksproducts.ca\/fr\/wp-json\/wp\/v2\/comments?post=12443"}],"version-history":[{"count":1,"href":"https:\/\/ksproducts.ca\/fr\/wp-json\/wp\/v2\/product\/12443\/revisions"}],"predecessor-version":[{"id":12445,"href":"https:\/\/ksproducts.ca\/fr\/wp-json\/wp\/v2\/product\/12443\/revisions\/12445"}],"wp:featuredmedia":[{"embeddable":true,"href":"https:\/\/ksproducts.ca\/fr\/wp-json\/wp\/v2\/media\/12444"}],"wp:attachment":[{"href":"https:\/\/ksproducts.ca\/fr\/wp-json\/wp\/v2\/media?parent=12443"}],"wp:term":[{"taxonomy":"product_cat","embeddable":true,"href":"https:\/\/ksproducts.ca\/fr\/wp-json\/wp\/v2\/product_cat?post=12443"},{"taxonomy":"product_tag","embeddable":true,"href":"https:\/\/ksproducts.ca\/fr\/wp-json\/wp\/v2\/product_tag?post=12443"}],"curies":[{"name":"wp","href":"https:\/\/api.w.org\/{rel}","templated":true}]}}