{"id":12446,"date":"2026-03-12T12:57:18","date_gmt":"2026-03-12T12:57:18","guid":{"rendered":"https:\/\/ksproducts.ca\/?post_type=product&#038;p=12446"},"modified":"2026-03-16T15:28:36","modified_gmt":"2026-03-16T15:28:36","slug":"luxor-48inch-single-column-adjustable-height-stand-up-desk-with-crank-handle-and-casters-black-with-white-stand","status":"publish","type":"product","link":"https:\/\/ksproducts.ca\/fr\/product\/luxor-48inch-single-column-adjustable-height-stand-up-desk-with-crank-handle-and-casters-black-with-white-stand\/","title":{"rendered":"Luxor 48inch Single-Column Adjustable-Height Stand Up Desk with Crank Handle and Casters - Black with White Stand"},"content":{"rendered":"<ul>\n<li>Le cylindre pneumatique actionn\u00e9 par un levier permet de r\u00e9gler facilement la hauteur entre 27,5 et 44,5 pouces.<\/li>\n<li>Soulever et abaisser jusqu'\u00e0 150 livres.<\/li>\n<li>Robuste<\/li>\n<li>Construit avec deux pieds en acier robustes<\/li>\n<li>Les bords chanfrein\u00e9s assurent le confort des avant-bras pendant la frappe et le travail.<\/li>\n<li>Assemblage minimal requis<\/li>\n<\/ul>","protected":false},"excerpt":{"rendered":"<p>Le bureau debout pneumatique r\u00e9glable en hauteur Luxor 48 pouces vous permet d'alterner en toute transparence entre la position assise et la position debout, pour un confort collaboratif et productif au cours de votre journ\u00e9e de travail. Son cylindre pneumatique activ\u00e9 par un levier vous permet de modifier facilement la hauteur du bureau entre 27,5 pouces et 44,5 pouces, en soulevant et en abaissant en douceur vos \u00e9crans, votre ordinateur et d'autres accessoires de bureau. Avec deux pieds en acier robustes, des pieds int\u00e9rieurs renforc\u00e9s et une finition en stratifi\u00e9 de haute qualit\u00e9, ce bureau debout est con\u00e7u pour durer. Ne n\u00e9cessitant pas de prise de courant, il est parfait pour les bureaux d'entreprise ou les bureaux \u00e0 domicile.<\/p>","protected":false},"featured_media":12447,"comment_status":"open","ping_status":"closed","template":"","meta":[],"product_cat":[434],"product_tag":[],"class_list":{"0":"post-12446","1":"product","2":"type-product","3":"status-publish","4":"has-post-thumbnail","6":"product_cat-desks","7":"product_shipping_class-class-4","9":"first","10":"instock","11":"taxable","12":"shipping-taxable","13":"purchasable","14":"product-type-simple"},"yoast_head":"<!-- This site is optimized with the Yoast SEO plugin v27.3 - https:\/\/yoast.com\/product\/yoast-seo-wordpress\/ -->\n<title>Luxor 48inch Single-Column Adjustable-Height Stand Up Desk with Crank Handle and Casters - Black with White Stand - Ks Products<\/title>\n<meta name=\"robots\" content=\"index, follow, max-snippet:-1, max-image-preview:large, max-video-preview:-1\" \/>\n<link rel=\"canonical\" href=\"https:\/\/ksproducts.ca\/fr\/product\/luxor-48inch-single-column-adjustable-height-stand-up-desk-with-crank-handle-and-casters-black-with-white-stand\/\" \/>\n<meta property=\"og:locale\" content=\"fr_CA\" \/>\n<meta property=\"og:type\" content=\"article\" \/>\n<meta property=\"og:title\" content=\"Luxor 48inch Single-Column Adjustable-Height Stand Up Desk with Crank Handle and Casters - Black with White Stand - Ks Products\" \/>\n<meta property=\"og:description\" content=\"Quickly deliver collaborative and productive comfort to your workday by seamlessly alternating between sitting and standing with the Luxor 48-in pneumatic adjustable height standing desk. Its lever-activated pneumatic air cylinder lets you easily alter the desk&#039;s height between 27.5-in and 44.5-in, smoothly lifting and lowering your monitors, computer and other office accessories. With two sturdy steel legs, reinforced inner legs and a high-quality laminate finish, this stand-up desk is built to last. With no power outlets required for use, it&#039;s perfect for any corporate or home office space.\" \/>\n<meta property=\"og:url\" content=\"https:\/\/ksproducts.ca\/fr\/product\/luxor-48inch-single-column-adjustable-height-stand-up-desk-with-crank-handle-and-casters-black-with-white-stand\/\" \/>\n<meta property=\"og:site_name\" content=\"Ks Products\" \/>\n<meta property=\"article:modified_time\" content=\"2026-03-16T15:28:36+00:00\" \/>\n<meta property=\"og:image\" content=\"https:\/\/ksproducts.ca\/wp-content\/uploads\/2026\/03\/Luxor-48inch-Single-Column-Adjustable-Height-Stand-Up-Desk-with-Crank-Handle-and-Casters-Black-with-White-Stand.jpg\" \/>\n\t<meta property=\"og:image:width\" content=\"600\" \/>\n\t<meta property=\"og:image:height\" content=\"600\" \/>\n\t<meta property=\"og:image:type\" content=\"image\/jpeg\" \/>\n<meta name=\"twitter:card\" content=\"summary_large_image\" \/>\n<meta name=\"twitter:label1\" content=\"Estimation du temps de lecture\" \/>\n\t<meta name=\"twitter:data1\" content=\"1 minute\" \/>\n<script type=\"application\/ld+json\" class=\"yoast-schema-graph\">{\"@context\":\"https:\\\/\\\/schema.org\",\"@graph\":[{\"@type\":\"WebPage\",\"@id\":\"https:\\\/\\\/ksproducts.ca\\\/product\\\/luxor-48inch-single-column-adjustable-height-stand-up-desk-with-crank-handle-and-casters-black-with-white-stand\\\/\",\"url\":\"https:\\\/\\\/ksproducts.ca\\\/product\\\/luxor-48inch-single-column-adjustable-height-stand-up-desk-with-crank-handle-and-casters-black-with-white-stand\\\/\",\"name\":\"Luxor 48inch Single-Column Adjustable-Height Stand Up Desk with Crank Handle and Casters - Black with White Stand - Ks Products\",\"isPartOf\":{\"@id\":\"https:\\\/\\\/ksproducts.ca\\\/#website\"},\"primaryImageOfPage\":{\"@id\":\"https:\\\/\\\/ksproducts.ca\\\/product\\\/luxor-48inch-single-column-adjustable-height-stand-up-desk-with-crank-handle-and-casters-black-with-white-stand\\\/#primaryimage\"},\"image\":{\"@id\":\"https:\\\/\\\/ksproducts.ca\\\/product\\\/luxor-48inch-single-column-adjustable-height-stand-up-desk-with-crank-handle-and-casters-black-with-white-stand\\\/#primaryimage\"},\"thumbnailUrl\":\"https:\\\/\\\/ksproducts.ca\\\/wp-content\\\/uploads\\\/2026\\\/03\\\/Luxor-48inch-Single-Column-Adjustable-Height-Stand-Up-Desk-with-Crank-Handle-and-Casters-Black-with-White-Stand.jpg\",\"datePublished\":\"2026-03-12T12:57:18+00:00\",\"dateModified\":\"2026-03-16T15:28:36+00:00\",\"breadcrumb\":{\"@id\":\"https:\\\/\\\/ksproducts.ca\\\/product\\\/luxor-48inch-single-column-adjustable-height-stand-up-desk-with-crank-handle-and-casters-black-with-white-stand\\\/#breadcrumb\"},\"inLanguage\":\"fr-CA\",\"potentialAction\":[{\"@type\":\"ReadAction\",\"target\":[\"https:\\\/\\\/ksproducts.ca\\\/product\\\/luxor-48inch-single-column-adjustable-height-stand-up-desk-with-crank-handle-and-casters-black-with-white-stand\\\/\"]}]},{\"@type\":\"ImageObject\",\"inLanguage\":\"fr-CA\",\"@id\":\"https:\\\/\\\/ksproducts.ca\\\/product\\\/luxor-48inch-single-column-adjustable-height-stand-up-desk-with-crank-handle-and-casters-black-with-white-stand\\\/#primaryimage\",\"url\":\"https:\\\/\\\/ksproducts.ca\\\/wp-content\\\/uploads\\\/2026\\\/03\\\/Luxor-48inch-Single-Column-Adjustable-Height-Stand-Up-Desk-with-Crank-Handle-and-Casters-Black-with-White-Stand.jpg\",\"contentUrl\":\"https:\\\/\\\/ksproducts.ca\\\/wp-content\\\/uploads\\\/2026\\\/03\\\/Luxor-48inch-Single-Column-Adjustable-Height-Stand-Up-Desk-with-Crank-Handle-and-Casters-Black-with-White-Stand.jpg\",\"width\":600,\"height\":600,\"caption\":\"Luxor 48inch Single Column Adjustable Height Stand Up Desk with Crank Handle and Casters Black with White Stand\"},{\"@type\":\"BreadcrumbList\",\"@id\":\"https:\\\/\\\/ksproducts.ca\\\/product\\\/luxor-48inch-single-column-adjustable-height-stand-up-desk-with-crank-handle-and-casters-black-with-white-stand\\\/#breadcrumb\",\"itemListElement\":[{\"@type\":\"ListItem\",\"position\":1,\"name\":\"Home\",\"item\":\"https:\\\/\\\/ksproducts.ca\\\/\"},{\"@type\":\"ListItem\",\"position\":2,\"name\":\"Shop\",\"item\":\"https:\\\/\\\/ksproducts.ca\\\/shop\\\/\"},{\"@type\":\"ListItem\",\"position\":3,\"name\":\"Luxor 48inch Single-Column Adjustable-Height Stand Up Desk with Crank Handle and Casters &#8211; Black with White Stand\"}]},{\"@type\":\"WebSite\",\"@id\":\"https:\\\/\\\/ksproducts.ca\\\/#website\",\"url\":\"https:\\\/\\\/ksproducts.ca\\\/\",\"name\":\"Ks Products\",\"description\":\"Outdoor cooking and living, made easy in Canada\",\"publisher\":{\"@id\":\"https:\\\/\\\/ksproducts.ca\\\/#organization\"},\"potentialAction\":[{\"@type\":\"SearchAction\",\"target\":{\"@type\":\"EntryPoint\",\"urlTemplate\":\"https:\\\/\\\/ksproducts.ca\\\/?s={search_term_string}\"},\"query-input\":{\"@type\":\"PropertyValueSpecification\",\"valueRequired\":true,\"valueName\":\"search_term_string\"}}],\"inLanguage\":\"fr-CA\"},{\"@type\":\"Organization\",\"@id\":\"https:\\\/\\\/ksproducts.ca\\\/#organization\",\"name\":\"Ks Products\",\"url\":\"https:\\\/\\\/ksproducts.ca\\\/\",\"logo\":{\"@type\":\"ImageObject\",\"inLanguage\":\"fr-CA\",\"@id\":\"https:\\\/\\\/ksproducts.ca\\\/#\\\/schema\\\/logo\\\/image\\\/\",\"url\":\"https:\\\/\\\/ksproducts.ca\\\/wp-content\\\/uploads\\\/2023\\\/09\\\/Kennedy-Sales-Logo-header-1.png\",\"contentUrl\":\"https:\\\/\\\/ksproducts.ca\\\/wp-content\\\/uploads\\\/2023\\\/09\\\/Kennedy-Sales-Logo-header-1.png\",\"width\":150,\"height\":77,\"caption\":\"Ks Products\"},\"image\":{\"@id\":\"https:\\\/\\\/ksproducts.ca\\\/#\\\/schema\\\/logo\\\/image\\\/\"}}]}<\/script>\n<!-- \/ Yoast SEO plugin. -->","yoast_head_json":{"title":"Luxor 48inch Single-Column Adjustable-Height Stand Up Desk with Crank Handle and Casters - Black with White Stand - Ks Products","robots":{"index":"index","follow":"follow","max-snippet":"max-snippet:-1","max-image-preview":"max-image-preview:large","max-video-preview":"max-video-preview:-1"},"canonical":"https:\/\/ksproducts.ca\/fr\/product\/luxor-48inch-single-column-adjustable-height-stand-up-desk-with-crank-handle-and-casters-black-with-white-stand\/","og_locale":"fr_CA","og_type":"article","og_title":"Luxor 48inch Single-Column Adjustable-Height Stand Up Desk with Crank Handle and Casters - Black with White Stand - Ks Products","og_description":"Quickly deliver collaborative and productive comfort to your workday by seamlessly alternating between sitting and standing with the Luxor 48-in pneumatic adjustable height standing desk. Its lever-activated pneumatic air cylinder lets you easily alter the desk's height between 27.5-in and 44.5-in, smoothly lifting and lowering your monitors, computer and other office accessories. With two sturdy steel legs, reinforced inner legs and a high-quality laminate finish, this stand-up desk is built to last. With no power outlets required for use, it's perfect for any corporate or home office space.","og_url":"https:\/\/ksproducts.ca\/fr\/product\/luxor-48inch-single-column-adjustable-height-stand-up-desk-with-crank-handle-and-casters-black-with-white-stand\/","og_site_name":"Ks Products","article_modified_time":"2026-03-16T15:28:36+00:00","og_image":[{"width":600,"height":600,"url":"https:\/\/ksproducts.ca\/wp-content\/uploads\/2026\/03\/Luxor-48inch-Single-Column-Adjustable-Height-Stand-Up-Desk-with-Crank-Handle-and-Casters-Black-with-White-Stand.jpg","type":"image\/jpeg"}],"twitter_card":"summary_large_image","twitter_misc":{"Estimation du temps de lecture":"1 minute"},"schema":{"@context":"https:\/\/schema.org","@graph":[{"@type":"WebPage","@id":"https:\/\/ksproducts.ca\/product\/luxor-48inch-single-column-adjustable-height-stand-up-desk-with-crank-handle-and-casters-black-with-white-stand\/","url":"https:\/\/ksproducts.ca\/product\/luxor-48inch-single-column-adjustable-height-stand-up-desk-with-crank-handle-and-casters-black-with-white-stand\/","name":"Luxor 48inch Single-Column Adjustable-Height Stand Up Desk with Crank Handle and Casters - Black with White Stand - Ks Products","isPartOf":{"@id":"https:\/\/ksproducts.ca\/#website"},"primaryImageOfPage":{"@id":"https:\/\/ksproducts.ca\/product\/luxor-48inch-single-column-adjustable-height-stand-up-desk-with-crank-handle-and-casters-black-with-white-stand\/#primaryimage"},"image":{"@id":"https:\/\/ksproducts.ca\/product\/luxor-48inch-single-column-adjustable-height-stand-up-desk-with-crank-handle-and-casters-black-with-white-stand\/#primaryimage"},"thumbnailUrl":"https:\/\/ksproducts.ca\/wp-content\/uploads\/2026\/03\/Luxor-48inch-Single-Column-Adjustable-Height-Stand-Up-Desk-with-Crank-Handle-and-Casters-Black-with-White-Stand.jpg","datePublished":"2026-03-12T12:57:18+00:00","dateModified":"2026-03-16T15:28:36+00:00","breadcrumb":{"@id":"https:\/\/ksproducts.ca\/product\/luxor-48inch-single-column-adjustable-height-stand-up-desk-with-crank-handle-and-casters-black-with-white-stand\/#breadcrumb"},"inLanguage":"fr-CA","potentialAction":[{"@type":"ReadAction","target":["https:\/\/ksproducts.ca\/product\/luxor-48inch-single-column-adjustable-height-stand-up-desk-with-crank-handle-and-casters-black-with-white-stand\/"]}]},{"@type":"ImageObject","inLanguage":"fr-CA","@id":"https:\/\/ksproducts.ca\/product\/luxor-48inch-single-column-adjustable-height-stand-up-desk-with-crank-handle-and-casters-black-with-white-stand\/#primaryimage","url":"https:\/\/ksproducts.ca\/wp-content\/uploads\/2026\/03\/Luxor-48inch-Single-Column-Adjustable-Height-Stand-Up-Desk-with-Crank-Handle-and-Casters-Black-with-White-Stand.jpg","contentUrl":"https:\/\/ksproducts.ca\/wp-content\/uploads\/2026\/03\/Luxor-48inch-Single-Column-Adjustable-Height-Stand-Up-Desk-with-Crank-Handle-and-Casters-Black-with-White-Stand.jpg","width":600,"height":600,"caption":"Luxor 48inch Single Column Adjustable Height Stand Up Desk with Crank Handle and Casters Black with White Stand"},{"@type":"BreadcrumbList","@id":"https:\/\/ksproducts.ca\/product\/luxor-48inch-single-column-adjustable-height-stand-up-desk-with-crank-handle-and-casters-black-with-white-stand\/#breadcrumb","itemListElement":[{"@type":"ListItem","position":1,"name":"Home","item":"https:\/\/ksproducts.ca\/"},{"@type":"ListItem","position":2,"name":"Shop","item":"https:\/\/ksproducts.ca\/shop\/"},{"@type":"ListItem","position":3,"name":"Luxor 48inch Single-Column Adjustable-Height Stand Up Desk with Crank Handle and Casters &#8211; Black with White Stand"}]},{"@type":"WebSite","@id":"https:\/\/ksproducts.ca\/#website","url":"https:\/\/ksproducts.ca\/","name":"Produits Ks","description":"Cuisiner et vivre en plein air, c'est facile au Canada","publisher":{"@id":"https:\/\/ksproducts.ca\/#organization"},"potentialAction":[{"@type":"SearchAction","target":{"@type":"EntryPoint","urlTemplate":"https:\/\/ksproducts.ca\/?s={search_term_string}"},"query-input":{"@type":"PropertyValueSpecification","valueRequired":true,"valueName":"search_term_string"}}],"inLanguage":"fr-CA"},{"@type":"Organization","@id":"https:\/\/ksproducts.ca\/#organization","name":"Produits Ks","url":"https:\/\/ksproducts.ca\/","logo":{"@type":"ImageObject","inLanguage":"fr-CA","@id":"https:\/\/ksproducts.ca\/#\/schema\/logo\/image\/","url":"https:\/\/ksproducts.ca\/wp-content\/uploads\/2023\/09\/Kennedy-Sales-Logo-header-1.png","contentUrl":"https:\/\/ksproducts.ca\/wp-content\/uploads\/2023\/09\/Kennedy-Sales-Logo-header-1.png","width":150,"height":77,"caption":"Ks Products"},"image":{"@id":"https:\/\/ksproducts.ca\/#\/schema\/logo\/image\/"}}]}},"_links":{"self":[{"href":"https:\/\/ksproducts.ca\/fr\/wp-json\/wp\/v2\/product\/12446","targetHints":{"allow":["GET"]}}],"collection":[{"href":"https:\/\/ksproducts.ca\/fr\/wp-json\/wp\/v2\/product"}],"about":[{"href":"https:\/\/ksproducts.ca\/fr\/wp-json\/wp\/v2\/types\/product"}],"replies":[{"embeddable":true,"href":"https:\/\/ksproducts.ca\/fr\/wp-json\/wp\/v2\/comments?post=12446"}],"version-history":[{"count":1,"href":"https:\/\/ksproducts.ca\/fr\/wp-json\/wp\/v2\/product\/12446\/revisions"}],"predecessor-version":[{"id":12448,"href":"https:\/\/ksproducts.ca\/fr\/wp-json\/wp\/v2\/product\/12446\/revisions\/12448"}],"wp:featuredmedia":[{"embeddable":true,"href":"https:\/\/ksproducts.ca\/fr\/wp-json\/wp\/v2\/media\/12447"}],"wp:attachment":[{"href":"https:\/\/ksproducts.ca\/fr\/wp-json\/wp\/v2\/media?parent=12446"}],"wp:term":[{"taxonomy":"product_cat","embeddable":true,"href":"https:\/\/ksproducts.ca\/fr\/wp-json\/wp\/v2\/product_cat?post=12446"},{"taxonomy":"product_tag","embeddable":true,"href":"https:\/\/ksproducts.ca\/fr\/wp-json\/wp\/v2\/product_tag?post=12446"}],"curies":[{"name":"wp","href":"https:\/\/api.w.org\/{rel}","templated":true}]}}