{"id":12449,"date":"2026-03-12T13:00:42","date_gmt":"2026-03-12T13:00:42","guid":{"rendered":"https:\/\/ksproducts.ca\/?post_type=product&#038;p=12449"},"modified":"2026-03-16T15:29:08","modified_gmt":"2026-03-16T15:29:08","slug":"luxor-56inch-single-column-adjustable-height-stand-up-desk-with-crank-handle-and-casters-black-with-white-stand","status":"publish","type":"product","link":"https:\/\/ksproducts.ca\/fr\/product\/luxor-56inch-single-column-adjustable-height-stand-up-desk-with-crank-handle-and-casters-black-with-white-stand\/","title":{"rendered":"Luxor 56inch Single-Column Adjustable-Height Stand Up Desk with Crank Handle and Casters - Black with White Stand"},"content":{"rendered":"<div class=\"\">\n<section id=\"productFeature\" class=\"acl-my--x-small acl-break-word\">\n<ul>\n<li>Le cylindre pneumatique actionn\u00e9 par un levier se r\u00e8gle facilement entre 27,5\u2033 et 44,5\u2033.<\/li>\n<li>La surface de travail g\u00e9n\u00e9reuse offre beaucoup d'espace pour plusieurs \u00e9crans.<\/li>\n<li>Construit avec deux pieds en acier robustes, chacun renforc\u00e9 par des pieds int\u00e9rieurs durables.<\/li>\n<\/ul>\n<\/section>\n<\/div>","protected":false},"excerpt":{"rendered":"<p>Le Luxor 56\u2033 Pneumatic Adjustable Height Standing Desk offre un confort collaboratif et productif \u00e0 votre journ\u00e9e de travail en alternant de mani\u00e8re transparente entre la position assise et la position debout. Son cylindre pneumatique activ\u00e9 par levier vous permet de modifier facilement la hauteur du bureau entre 27,5\u2033 et 44,5\u2033, soulevant en douceur vos \u00e9crans, votre ordinateur et d'autres accessoires de bureau. Avec deux pieds en acier robustes, des pieds int\u00e9rieurs renforc\u00e9s et une finition en stratifi\u00e9 de haute qualit\u00e9, ce bureau debout est con\u00e7u pour durer. Ne n\u00e9cessitant pas de prise de courant, il est parfait pour les bureaux d'entreprise ou les bureaux \u00e0 domicile.<\/p>","protected":false},"featured_media":12450,"comment_status":"open","ping_status":"closed","template":"","meta":[],"product_cat":[434],"product_tag":[],"class_list":{"0":"post-12449","1":"product","2":"type-product","3":"status-publish","4":"has-post-thumbnail","6":"product_cat-desks","7":"product_shipping_class-class-3","9":"first","10":"instock","11":"taxable","12":"shipping-taxable","13":"purchasable","14":"product-type-simple"},"yoast_head":"<!-- This site is optimized with the Yoast SEO plugin v27.4 - https:\/\/yoast.com\/product\/yoast-seo-wordpress\/ -->\n<title>Luxor 56inch Single-Column Adjustable-Height Stand Up Desk with Crank Handle and Casters - Black with White Stand - Ks Products<\/title>\n<meta name=\"robots\" content=\"index, follow, max-snippet:-1, max-image-preview:large, max-video-preview:-1\" \/>\n<link rel=\"canonical\" href=\"https:\/\/ksproducts.ca\/fr\/product\/luxor-56inch-single-column-adjustable-height-stand-up-desk-with-crank-handle-and-casters-black-with-white-stand\/\" \/>\n<meta property=\"og:locale\" content=\"fr_CA\" \/>\n<meta property=\"og:type\" content=\"article\" \/>\n<meta property=\"og:title\" content=\"Luxor 56inch Single-Column Adjustable-Height Stand Up Desk with Crank Handle and Casters - Black with White Stand - Ks Products\" \/>\n<meta property=\"og:description\" content=\"Quickly deliver collaborative and productive comfort to your workday by seamlessly alternating between sitting and standing with the Luxor 56&quot; Pneumatic Adjustable Height Standing Desk. Its lever-activated pneumatic air cylinder lets you easily alter the desk&#039;s height between 27.5&quot; and 44.5&quot;, smoothly lifting your monitors, computer and other office accessories. With two sturdy steel legs, reinforced inner legs and a high-quality laminate finish, this stand-up desk is built to last. With no power outlets required for use, it&#039;s perfect for any corporate or home office space.\" \/>\n<meta property=\"og:url\" content=\"https:\/\/ksproducts.ca\/fr\/product\/luxor-56inch-single-column-adjustable-height-stand-up-desk-with-crank-handle-and-casters-black-with-white-stand\/\" \/>\n<meta property=\"og:site_name\" content=\"Ks Products\" \/>\n<meta property=\"article:modified_time\" content=\"2026-03-16T15:29:08+00:00\" \/>\n<meta property=\"og:image\" content=\"https:\/\/ksproducts.ca\/wp-content\/uploads\/2026\/03\/Luxor-56inch-Single-Column-Adjustable-Height-Stand-Up-Desk-with-Crank-Handle-and-Casters-Black-with-White-Stand.png\" \/>\n\t<meta property=\"og:image:width\" content=\"440\" \/>\n\t<meta property=\"og:image:height\" content=\"440\" \/>\n\t<meta property=\"og:image:type\" content=\"image\/png\" \/>\n<meta name=\"twitter:card\" content=\"summary_large_image\" \/>\n<meta name=\"twitter:label1\" content=\"Estimation du temps de lecture\" \/>\n\t<meta name=\"twitter:data1\" content=\"1 minute\" \/>\n<script type=\"application\/ld+json\" class=\"yoast-schema-graph\">{\"@context\":\"https:\\\/\\\/schema.org\",\"@graph\":[{\"@type\":\"WebPage\",\"@id\":\"https:\\\/\\\/ksproducts.ca\\\/product\\\/luxor-56inch-single-column-adjustable-height-stand-up-desk-with-crank-handle-and-casters-black-with-white-stand\\\/\",\"url\":\"https:\\\/\\\/ksproducts.ca\\\/product\\\/luxor-56inch-single-column-adjustable-height-stand-up-desk-with-crank-handle-and-casters-black-with-white-stand\\\/\",\"name\":\"Luxor 56inch Single-Column Adjustable-Height Stand Up Desk with Crank Handle and Casters - Black with White Stand - Ks Products\",\"isPartOf\":{\"@id\":\"https:\\\/\\\/ksproducts.ca\\\/#website\"},\"primaryImageOfPage\":{\"@id\":\"https:\\\/\\\/ksproducts.ca\\\/product\\\/luxor-56inch-single-column-adjustable-height-stand-up-desk-with-crank-handle-and-casters-black-with-white-stand\\\/#primaryimage\"},\"image\":{\"@id\":\"https:\\\/\\\/ksproducts.ca\\\/product\\\/luxor-56inch-single-column-adjustable-height-stand-up-desk-with-crank-handle-and-casters-black-with-white-stand\\\/#primaryimage\"},\"thumbnailUrl\":\"https:\\\/\\\/ksproducts.ca\\\/wp-content\\\/uploads\\\/2026\\\/03\\\/Luxor-56inch-Single-Column-Adjustable-Height-Stand-Up-Desk-with-Crank-Handle-and-Casters-Black-with-White-Stand.png\",\"datePublished\":\"2026-03-12T13:00:42+00:00\",\"dateModified\":\"2026-03-16T15:29:08+00:00\",\"breadcrumb\":{\"@id\":\"https:\\\/\\\/ksproducts.ca\\\/product\\\/luxor-56inch-single-column-adjustable-height-stand-up-desk-with-crank-handle-and-casters-black-with-white-stand\\\/#breadcrumb\"},\"inLanguage\":\"fr-CA\",\"potentialAction\":[{\"@type\":\"ReadAction\",\"target\":[\"https:\\\/\\\/ksproducts.ca\\\/product\\\/luxor-56inch-single-column-adjustable-height-stand-up-desk-with-crank-handle-and-casters-black-with-white-stand\\\/\"]}]},{\"@type\":\"ImageObject\",\"inLanguage\":\"fr-CA\",\"@id\":\"https:\\\/\\\/ksproducts.ca\\\/product\\\/luxor-56inch-single-column-adjustable-height-stand-up-desk-with-crank-handle-and-casters-black-with-white-stand\\\/#primaryimage\",\"url\":\"https:\\\/\\\/ksproducts.ca\\\/wp-content\\\/uploads\\\/2026\\\/03\\\/Luxor-56inch-Single-Column-Adjustable-Height-Stand-Up-Desk-with-Crank-Handle-and-Casters-Black-with-White-Stand.png\",\"contentUrl\":\"https:\\\/\\\/ksproducts.ca\\\/wp-content\\\/uploads\\\/2026\\\/03\\\/Luxor-56inch-Single-Column-Adjustable-Height-Stand-Up-Desk-with-Crank-Handle-and-Casters-Black-with-White-Stand.png\",\"width\":440,\"height\":440,\"caption\":\"Luxor 56inch Single Column Adjustable Height Stand Up Desk with Crank Handle and Casters Black with White Stand\"},{\"@type\":\"BreadcrumbList\",\"@id\":\"https:\\\/\\\/ksproducts.ca\\\/product\\\/luxor-56inch-single-column-adjustable-height-stand-up-desk-with-crank-handle-and-casters-black-with-white-stand\\\/#breadcrumb\",\"itemListElement\":[{\"@type\":\"ListItem\",\"position\":1,\"name\":\"Home\",\"item\":\"https:\\\/\\\/ksproducts.ca\\\/\"},{\"@type\":\"ListItem\",\"position\":2,\"name\":\"Shop\",\"item\":\"https:\\\/\\\/ksproducts.ca\\\/shop\\\/\"},{\"@type\":\"ListItem\",\"position\":3,\"name\":\"Luxor 56inch Single-Column Adjustable-Height Stand Up Desk with Crank Handle and Casters &#8211; Black with White Stand\"}]},{\"@type\":\"WebSite\",\"@id\":\"https:\\\/\\\/ksproducts.ca\\\/#website\",\"url\":\"https:\\\/\\\/ksproducts.ca\\\/\",\"name\":\"Ks Products\",\"description\":\"Outdoor cooking and living, made easy in Canada\",\"publisher\":{\"@id\":\"https:\\\/\\\/ksproducts.ca\\\/#organization\"},\"potentialAction\":[{\"@type\":\"SearchAction\",\"target\":{\"@type\":\"EntryPoint\",\"urlTemplate\":\"https:\\\/\\\/ksproducts.ca\\\/?s={search_term_string}\"},\"query-input\":{\"@type\":\"PropertyValueSpecification\",\"valueRequired\":true,\"valueName\":\"search_term_string\"}}],\"inLanguage\":\"fr-CA\"},{\"@type\":\"Organization\",\"@id\":\"https:\\\/\\\/ksproducts.ca\\\/#organization\",\"name\":\"Ks Products\",\"url\":\"https:\\\/\\\/ksproducts.ca\\\/\",\"logo\":{\"@type\":\"ImageObject\",\"inLanguage\":\"fr-CA\",\"@id\":\"https:\\\/\\\/ksproducts.ca\\\/#\\\/schema\\\/logo\\\/image\\\/\",\"url\":\"https:\\\/\\\/ksproducts.ca\\\/wp-content\\\/uploads\\\/2023\\\/09\\\/Kennedy-Sales-Logo-header-1.png\",\"contentUrl\":\"https:\\\/\\\/ksproducts.ca\\\/wp-content\\\/uploads\\\/2023\\\/09\\\/Kennedy-Sales-Logo-header-1.png\",\"width\":150,\"height\":77,\"caption\":\"Ks Products\"},\"image\":{\"@id\":\"https:\\\/\\\/ksproducts.ca\\\/#\\\/schema\\\/logo\\\/image\\\/\"}}]}<\/script>\n<!-- \/ Yoast SEO plugin. -->","yoast_head_json":{"title":"Luxor 56inch Single-Column Adjustable-Height Stand Up Desk with Crank Handle and Casters - Black with White Stand - Ks Products","robots":{"index":"index","follow":"follow","max-snippet":"max-snippet:-1","max-image-preview":"max-image-preview:large","max-video-preview":"max-video-preview:-1"},"canonical":"https:\/\/ksproducts.ca\/fr\/product\/luxor-56inch-single-column-adjustable-height-stand-up-desk-with-crank-handle-and-casters-black-with-white-stand\/","og_locale":"fr_CA","og_type":"article","og_title":"Luxor 56inch Single-Column Adjustable-Height Stand Up Desk with Crank Handle and Casters - Black with White Stand - Ks Products","og_description":"Quickly deliver collaborative and productive comfort to your workday by seamlessly alternating between sitting and standing with the Luxor 56\" Pneumatic Adjustable Height Standing Desk. Its lever-activated pneumatic air cylinder lets you easily alter the desk's height between 27.5\" and 44.5\", smoothly lifting your monitors, computer and other office accessories. With two sturdy steel legs, reinforced inner legs and a high-quality laminate finish, this stand-up desk is built to last. With no power outlets required for use, it's perfect for any corporate or home office space.","og_url":"https:\/\/ksproducts.ca\/fr\/product\/luxor-56inch-single-column-adjustable-height-stand-up-desk-with-crank-handle-and-casters-black-with-white-stand\/","og_site_name":"Ks Products","article_modified_time":"2026-03-16T15:29:08+00:00","og_image":[{"width":440,"height":440,"url":"https:\/\/ksproducts.ca\/wp-content\/uploads\/2026\/03\/Luxor-56inch-Single-Column-Adjustable-Height-Stand-Up-Desk-with-Crank-Handle-and-Casters-Black-with-White-Stand.png","type":"image\/png"}],"twitter_card":"summary_large_image","twitter_misc":{"Estimation du temps de lecture":"1 minute"},"schema":{"@context":"https:\/\/schema.org","@graph":[{"@type":"WebPage","@id":"https:\/\/ksproducts.ca\/product\/luxor-56inch-single-column-adjustable-height-stand-up-desk-with-crank-handle-and-casters-black-with-white-stand\/","url":"https:\/\/ksproducts.ca\/product\/luxor-56inch-single-column-adjustable-height-stand-up-desk-with-crank-handle-and-casters-black-with-white-stand\/","name":"Luxor 56inch Single-Column Adjustable-Height Stand Up Desk with Crank Handle and Casters - Black with White Stand - Ks Products","isPartOf":{"@id":"https:\/\/ksproducts.ca\/#website"},"primaryImageOfPage":{"@id":"https:\/\/ksproducts.ca\/product\/luxor-56inch-single-column-adjustable-height-stand-up-desk-with-crank-handle-and-casters-black-with-white-stand\/#primaryimage"},"image":{"@id":"https:\/\/ksproducts.ca\/product\/luxor-56inch-single-column-adjustable-height-stand-up-desk-with-crank-handle-and-casters-black-with-white-stand\/#primaryimage"},"thumbnailUrl":"https:\/\/ksproducts.ca\/wp-content\/uploads\/2026\/03\/Luxor-56inch-Single-Column-Adjustable-Height-Stand-Up-Desk-with-Crank-Handle-and-Casters-Black-with-White-Stand.png","datePublished":"2026-03-12T13:00:42+00:00","dateModified":"2026-03-16T15:29:08+00:00","breadcrumb":{"@id":"https:\/\/ksproducts.ca\/product\/luxor-56inch-single-column-adjustable-height-stand-up-desk-with-crank-handle-and-casters-black-with-white-stand\/#breadcrumb"},"inLanguage":"fr-CA","potentialAction":[{"@type":"ReadAction","target":["https:\/\/ksproducts.ca\/product\/luxor-56inch-single-column-adjustable-height-stand-up-desk-with-crank-handle-and-casters-black-with-white-stand\/"]}]},{"@type":"ImageObject","inLanguage":"fr-CA","@id":"https:\/\/ksproducts.ca\/product\/luxor-56inch-single-column-adjustable-height-stand-up-desk-with-crank-handle-and-casters-black-with-white-stand\/#primaryimage","url":"https:\/\/ksproducts.ca\/wp-content\/uploads\/2026\/03\/Luxor-56inch-Single-Column-Adjustable-Height-Stand-Up-Desk-with-Crank-Handle-and-Casters-Black-with-White-Stand.png","contentUrl":"https:\/\/ksproducts.ca\/wp-content\/uploads\/2026\/03\/Luxor-56inch-Single-Column-Adjustable-Height-Stand-Up-Desk-with-Crank-Handle-and-Casters-Black-with-White-Stand.png","width":440,"height":440,"caption":"Luxor 56inch Single Column Adjustable Height Stand Up Desk with Crank Handle and Casters Black with White Stand"},{"@type":"BreadcrumbList","@id":"https:\/\/ksproducts.ca\/product\/luxor-56inch-single-column-adjustable-height-stand-up-desk-with-crank-handle-and-casters-black-with-white-stand\/#breadcrumb","itemListElement":[{"@type":"ListItem","position":1,"name":"Home","item":"https:\/\/ksproducts.ca\/"},{"@type":"ListItem","position":2,"name":"Shop","item":"https:\/\/ksproducts.ca\/shop\/"},{"@type":"ListItem","position":3,"name":"Luxor 56inch Single-Column Adjustable-Height Stand Up Desk with Crank Handle and Casters &#8211; Black with White Stand"}]},{"@type":"WebSite","@id":"https:\/\/ksproducts.ca\/#website","url":"https:\/\/ksproducts.ca\/","name":"Produits Ks","description":"Cuisiner et vivre en plein air, c'est facile au Canada","publisher":{"@id":"https:\/\/ksproducts.ca\/#organization"},"potentialAction":[{"@type":"SearchAction","target":{"@type":"EntryPoint","urlTemplate":"https:\/\/ksproducts.ca\/?s={search_term_string}"},"query-input":{"@type":"PropertyValueSpecification","valueRequired":true,"valueName":"search_term_string"}}],"inLanguage":"fr-CA"},{"@type":"Organization","@id":"https:\/\/ksproducts.ca\/#organization","name":"Produits Ks","url":"https:\/\/ksproducts.ca\/","logo":{"@type":"ImageObject","inLanguage":"fr-CA","@id":"https:\/\/ksproducts.ca\/#\/schema\/logo\/image\/","url":"https:\/\/ksproducts.ca\/wp-content\/uploads\/2023\/09\/Kennedy-Sales-Logo-header-1.png","contentUrl":"https:\/\/ksproducts.ca\/wp-content\/uploads\/2023\/09\/Kennedy-Sales-Logo-header-1.png","width":150,"height":77,"caption":"Ks Products"},"image":{"@id":"https:\/\/ksproducts.ca\/#\/schema\/logo\/image\/"}}]}},"_links":{"self":[{"href":"https:\/\/ksproducts.ca\/fr\/wp-json\/wp\/v2\/product\/12449","targetHints":{"allow":["GET"]}}],"collection":[{"href":"https:\/\/ksproducts.ca\/fr\/wp-json\/wp\/v2\/product"}],"about":[{"href":"https:\/\/ksproducts.ca\/fr\/wp-json\/wp\/v2\/types\/product"}],"replies":[{"embeddable":true,"href":"https:\/\/ksproducts.ca\/fr\/wp-json\/wp\/v2\/comments?post=12449"}],"version-history":[{"count":1,"href":"https:\/\/ksproducts.ca\/fr\/wp-json\/wp\/v2\/product\/12449\/revisions"}],"predecessor-version":[{"id":12451,"href":"https:\/\/ksproducts.ca\/fr\/wp-json\/wp\/v2\/product\/12449\/revisions\/12451"}],"wp:featuredmedia":[{"embeddable":true,"href":"https:\/\/ksproducts.ca\/fr\/wp-json\/wp\/v2\/media\/12450"}],"wp:attachment":[{"href":"https:\/\/ksproducts.ca\/fr\/wp-json\/wp\/v2\/media?parent=12449"}],"wp:term":[{"taxonomy":"product_cat","embeddable":true,"href":"https:\/\/ksproducts.ca\/fr\/wp-json\/wp\/v2\/product_cat?post=12449"},{"taxonomy":"product_tag","embeddable":true,"href":"https:\/\/ksproducts.ca\/fr\/wp-json\/wp\/v2\/product_tag?post=12449"}],"curies":[{"name":"wp","href":"https:\/\/api.w.org\/{rel}","templated":true}]}}