{"id":12452,"date":"2026-03-12T13:04:05","date_gmt":"2026-03-12T13:04:05","guid":{"rendered":"https:\/\/ksproducts.ca\/?post_type=product&#038;p=12452"},"modified":"2026-03-12T13:04:06","modified_gmt":"2026-03-12T13:04:06","slug":"storm-shell-outdoor-tv-enclosure-for-32inch-44inch-screens","status":"publish","type":"product","link":"https:\/\/ksproducts.ca\/fr\/product\/storm-shell-outdoor-tv-enclosure-for-32inch-44inch-screens\/","title":{"rendered":"Storm Shell Outdoor TV Enclosure for 32inch - 44inch Screens"},"content":{"rendered":"<ul class=\"a-unordered-list a-vertical a-spacing-mini\">\n<li class=\"a-spacing-mini\"><span class=\"a-list-item\">R\u00e9sistant \u00e0 l'eau, aux chocs et aux UV. S'adapte \u00e0 divers mod\u00e8les de montage VESA, notamment 100 mm x 100 mm, 200 mm x 100 mm, 200 mm x 200 mm, 300 mm x 200 mm, 300 mm x 300 mm, 400 mm x 200 mm, 400 mm x 400 mm.<\/span><\/li>\n<li class=\"a-spacing-mini\"><span class=\"a-list-item\">La face avant est enti\u00e8rement amovible pour une vision et un son sans entrave \u00e0 partir du t\u00e9l\u00e9viseur.<\/span><\/li>\n<li class=\"a-spacing-mini\"><span class=\"a-list-item\">Le support mural pour TV est fabriqu\u00e9 \u00e0 partir d'un acier solide et \u00e9pais, avec une finition enduite durable.<\/span><\/li>\n<li class=\"a-spacing-mini\"><span class=\"a-list-item\">Convient \u00e0 la plupart des t\u00e9l\u00e9viseurs \u00e0 \u00e9cran plat de 32 \u00e0 44 pouces (diagonale de l'\u00e9cran). Dimensions maximales du t\u00e9l\u00e9viseur - (LxHxP) 41,75 po x 23,5 po x 3,75 po.<\/span><\/li>\n<li class=\"a-spacing-mini\"><span class=\"a-list-item\">Couvercle de t\u00e9l\u00e9vision en plastique ABS \u00e0 coque dure en 2 parties<\/span><\/li>\n<\/ul>","protected":false},"excerpt":{"rendered":"<p>Voici la housse de TV Storm Shell pour l'ext\u00e9rieur avec support mural pour TV. Ce bo\u00eetier \u00e0 coque dure convient \u00e0 un t\u00e9l\u00e9viseur \u00e0 \u00e9cran plat de 32 \u00e0 44 pouces. Il s'agit d'une solution de stockage \u00e9tanche et r\u00e9sistante aux chocs. Il est \u00e9galement livr\u00e9 avec un support de montage de t\u00e9l\u00e9vision articul\u00e9 avec un bras \u00e9tendu pour le visionnage. Capacit\u00e9 de poids - 33 livres. Profondeur maximale du t\u00e9l\u00e9viseur - 3,75 pouces.<\/p>","protected":false},"featured_media":12453,"comment_status":"open","ping_status":"closed","template":"","meta":[],"product_cat":[447],"product_tag":[],"class_list":{"0":"post-12452","1":"product","2":"type-product","3":"status-publish","4":"has-post-thumbnail","6":"product_cat-tv-stands-mounts","7":"product_shipping_class-class-4","9":"first","10":"instock","11":"taxable","12":"shipping-taxable","13":"purchasable","14":"product-type-simple"},"yoast_head":"<!-- This site is optimized with the Yoast SEO plugin v27.4 - https:\/\/yoast.com\/product\/yoast-seo-wordpress\/ -->\n<title>Storm Shell Outdoor TV Enclosure for 32inch - 44inch Screens - Ks Products<\/title>\n<meta name=\"robots\" content=\"index, follow, max-snippet:-1, max-image-preview:large, max-video-preview:-1\" \/>\n<link rel=\"canonical\" href=\"https:\/\/ksproducts.ca\/fr\/product\/storm-shell-outdoor-tv-enclosure-for-32inch-44inch-screens\/\" \/>\n<meta property=\"og:locale\" content=\"fr_CA\" \/>\n<meta property=\"og:type\" content=\"article\" \/>\n<meta property=\"og:title\" content=\"Storm Shell Outdoor TV Enclosure for 32inch - 44inch Screens - Ks Products\" \/>\n<meta property=\"og:description\" content=\"Introducing Storm Shell Outdoor Hard Shell TV Cover with TV Wall Mount Bracket. This hard shell enclosure Fits a 32 \u2013 44 Inch Flat Screen TV. It is a waterproof and impact resistant storage solution. It also comes with a full motion articulating TV mounting bracket with and extended arm for viewing. Weight Capacity- 33 pounds. Maximum depth TV \u2013 3.75 inches.\" \/>\n<meta property=\"og:url\" content=\"https:\/\/ksproducts.ca\/fr\/product\/storm-shell-outdoor-tv-enclosure-for-32inch-44inch-screens\/\" \/>\n<meta property=\"og:site_name\" content=\"Ks Products\" \/>\n<meta property=\"article:modified_time\" content=\"2026-03-12T13:04:06+00:00\" \/>\n<meta property=\"og:image\" content=\"https:\/\/ksproducts.ca\/wp-content\/uploads\/2026\/03\/Storm-Shell-Outdoor-TV-Enclosure-for-32inch-44inch-Screens.jpg\" \/>\n\t<meta property=\"og:image:width\" content=\"425\" \/>\n\t<meta property=\"og:image:height\" content=\"326\" \/>\n\t<meta property=\"og:image:type\" content=\"image\/jpeg\" \/>\n<meta name=\"twitter:card\" content=\"summary_large_image\" \/>\n<meta name=\"twitter:label1\" content=\"Estimation du temps de lecture\" \/>\n\t<meta name=\"twitter:data1\" content=\"1 minute\" \/>\n<script type=\"application\/ld+json\" class=\"yoast-schema-graph\">{\"@context\":\"https:\\\/\\\/schema.org\",\"@graph\":[{\"@type\":\"WebPage\",\"@id\":\"https:\\\/\\\/ksproducts.ca\\\/product\\\/storm-shell-outdoor-tv-enclosure-for-32inch-44inch-screens\\\/\",\"url\":\"https:\\\/\\\/ksproducts.ca\\\/product\\\/storm-shell-outdoor-tv-enclosure-for-32inch-44inch-screens\\\/\",\"name\":\"Storm Shell Outdoor TV Enclosure for 32inch - 44inch Screens - Ks Products\",\"isPartOf\":{\"@id\":\"https:\\\/\\\/ksproducts.ca\\\/#website\"},\"primaryImageOfPage\":{\"@id\":\"https:\\\/\\\/ksproducts.ca\\\/product\\\/storm-shell-outdoor-tv-enclosure-for-32inch-44inch-screens\\\/#primaryimage\"},\"image\":{\"@id\":\"https:\\\/\\\/ksproducts.ca\\\/product\\\/storm-shell-outdoor-tv-enclosure-for-32inch-44inch-screens\\\/#primaryimage\"},\"thumbnailUrl\":\"https:\\\/\\\/ksproducts.ca\\\/wp-content\\\/uploads\\\/2026\\\/03\\\/Storm-Shell-Outdoor-TV-Enclosure-for-32inch-44inch-Screens.jpg\",\"datePublished\":\"2026-03-12T13:04:05+00:00\",\"dateModified\":\"2026-03-12T13:04:06+00:00\",\"breadcrumb\":{\"@id\":\"https:\\\/\\\/ksproducts.ca\\\/product\\\/storm-shell-outdoor-tv-enclosure-for-32inch-44inch-screens\\\/#breadcrumb\"},\"inLanguage\":\"fr-CA\",\"potentialAction\":[{\"@type\":\"ReadAction\",\"target\":[\"https:\\\/\\\/ksproducts.ca\\\/product\\\/storm-shell-outdoor-tv-enclosure-for-32inch-44inch-screens\\\/\"]}]},{\"@type\":\"ImageObject\",\"inLanguage\":\"fr-CA\",\"@id\":\"https:\\\/\\\/ksproducts.ca\\\/product\\\/storm-shell-outdoor-tv-enclosure-for-32inch-44inch-screens\\\/#primaryimage\",\"url\":\"https:\\\/\\\/ksproducts.ca\\\/wp-content\\\/uploads\\\/2026\\\/03\\\/Storm-Shell-Outdoor-TV-Enclosure-for-32inch-44inch-Screens.jpg\",\"contentUrl\":\"https:\\\/\\\/ksproducts.ca\\\/wp-content\\\/uploads\\\/2026\\\/03\\\/Storm-Shell-Outdoor-TV-Enclosure-for-32inch-44inch-Screens.jpg\",\"width\":425,\"height\":326,\"caption\":\"Storm Shell Outdoor TV Enclosure for 32inch 44inch Screens\"},{\"@type\":\"BreadcrumbList\",\"@id\":\"https:\\\/\\\/ksproducts.ca\\\/product\\\/storm-shell-outdoor-tv-enclosure-for-32inch-44inch-screens\\\/#breadcrumb\",\"itemListElement\":[{\"@type\":\"ListItem\",\"position\":1,\"name\":\"Home\",\"item\":\"https:\\\/\\\/ksproducts.ca\\\/\"},{\"@type\":\"ListItem\",\"position\":2,\"name\":\"Shop\",\"item\":\"https:\\\/\\\/ksproducts.ca\\\/shop\\\/\"},{\"@type\":\"ListItem\",\"position\":3,\"name\":\"Storm Shell Outdoor TV Enclosure for 32inch &#8211; 44inch Screens\"}]},{\"@type\":\"WebSite\",\"@id\":\"https:\\\/\\\/ksproducts.ca\\\/#website\",\"url\":\"https:\\\/\\\/ksproducts.ca\\\/\",\"name\":\"Ks Products\",\"description\":\"Outdoor cooking and living, made easy in Canada\",\"publisher\":{\"@id\":\"https:\\\/\\\/ksproducts.ca\\\/#organization\"},\"potentialAction\":[{\"@type\":\"SearchAction\",\"target\":{\"@type\":\"EntryPoint\",\"urlTemplate\":\"https:\\\/\\\/ksproducts.ca\\\/?s={search_term_string}\"},\"query-input\":{\"@type\":\"PropertyValueSpecification\",\"valueRequired\":true,\"valueName\":\"search_term_string\"}}],\"inLanguage\":\"fr-CA\"},{\"@type\":\"Organization\",\"@id\":\"https:\\\/\\\/ksproducts.ca\\\/#organization\",\"name\":\"Ks Products\",\"url\":\"https:\\\/\\\/ksproducts.ca\\\/\",\"logo\":{\"@type\":\"ImageObject\",\"inLanguage\":\"fr-CA\",\"@id\":\"https:\\\/\\\/ksproducts.ca\\\/#\\\/schema\\\/logo\\\/image\\\/\",\"url\":\"https:\\\/\\\/ksproducts.ca\\\/wp-content\\\/uploads\\\/2023\\\/09\\\/Kennedy-Sales-Logo-header-1.png\",\"contentUrl\":\"https:\\\/\\\/ksproducts.ca\\\/wp-content\\\/uploads\\\/2023\\\/09\\\/Kennedy-Sales-Logo-header-1.png\",\"width\":150,\"height\":77,\"caption\":\"Ks Products\"},\"image\":{\"@id\":\"https:\\\/\\\/ksproducts.ca\\\/#\\\/schema\\\/logo\\\/image\\\/\"}}]}<\/script>\n<!-- \/ Yoast SEO plugin. -->","yoast_head_json":{"title":"Storm Shell Outdoor TV Enclosure for 32inch - 44inch Screens - Ks Products","robots":{"index":"index","follow":"follow","max-snippet":"max-snippet:-1","max-image-preview":"max-image-preview:large","max-video-preview":"max-video-preview:-1"},"canonical":"https:\/\/ksproducts.ca\/fr\/product\/storm-shell-outdoor-tv-enclosure-for-32inch-44inch-screens\/","og_locale":"fr_CA","og_type":"article","og_title":"Storm Shell Outdoor TV Enclosure for 32inch - 44inch Screens - Ks Products","og_description":"Introducing Storm Shell Outdoor Hard Shell TV Cover with TV Wall Mount Bracket. This hard shell enclosure Fits a 32 \u2013 44 Inch Flat Screen TV. It is a waterproof and impact resistant storage solution. It also comes with a full motion articulating TV mounting bracket with and extended arm for viewing. Weight Capacity- 33 pounds. Maximum depth TV \u2013 3.75 inches.","og_url":"https:\/\/ksproducts.ca\/fr\/product\/storm-shell-outdoor-tv-enclosure-for-32inch-44inch-screens\/","og_site_name":"Ks Products","article_modified_time":"2026-03-12T13:04:06+00:00","og_image":[{"width":425,"height":326,"url":"https:\/\/ksproducts.ca\/wp-content\/uploads\/2026\/03\/Storm-Shell-Outdoor-TV-Enclosure-for-32inch-44inch-Screens.jpg","type":"image\/jpeg"}],"twitter_card":"summary_large_image","twitter_misc":{"Estimation du temps de lecture":"1 minute"},"schema":{"@context":"https:\/\/schema.org","@graph":[{"@type":"WebPage","@id":"https:\/\/ksproducts.ca\/product\/storm-shell-outdoor-tv-enclosure-for-32inch-44inch-screens\/","url":"https:\/\/ksproducts.ca\/product\/storm-shell-outdoor-tv-enclosure-for-32inch-44inch-screens\/","name":"Storm Shell Outdoor TV Enclosure for 32inch - 44inch Screens - Ks Products","isPartOf":{"@id":"https:\/\/ksproducts.ca\/#website"},"primaryImageOfPage":{"@id":"https:\/\/ksproducts.ca\/product\/storm-shell-outdoor-tv-enclosure-for-32inch-44inch-screens\/#primaryimage"},"image":{"@id":"https:\/\/ksproducts.ca\/product\/storm-shell-outdoor-tv-enclosure-for-32inch-44inch-screens\/#primaryimage"},"thumbnailUrl":"https:\/\/ksproducts.ca\/wp-content\/uploads\/2026\/03\/Storm-Shell-Outdoor-TV-Enclosure-for-32inch-44inch-Screens.jpg","datePublished":"2026-03-12T13:04:05+00:00","dateModified":"2026-03-12T13:04:06+00:00","breadcrumb":{"@id":"https:\/\/ksproducts.ca\/product\/storm-shell-outdoor-tv-enclosure-for-32inch-44inch-screens\/#breadcrumb"},"inLanguage":"fr-CA","potentialAction":[{"@type":"ReadAction","target":["https:\/\/ksproducts.ca\/product\/storm-shell-outdoor-tv-enclosure-for-32inch-44inch-screens\/"]}]},{"@type":"ImageObject","inLanguage":"fr-CA","@id":"https:\/\/ksproducts.ca\/product\/storm-shell-outdoor-tv-enclosure-for-32inch-44inch-screens\/#primaryimage","url":"https:\/\/ksproducts.ca\/wp-content\/uploads\/2026\/03\/Storm-Shell-Outdoor-TV-Enclosure-for-32inch-44inch-Screens.jpg","contentUrl":"https:\/\/ksproducts.ca\/wp-content\/uploads\/2026\/03\/Storm-Shell-Outdoor-TV-Enclosure-for-32inch-44inch-Screens.jpg","width":425,"height":326,"caption":"Storm Shell Outdoor TV Enclosure for 32inch 44inch Screens"},{"@type":"BreadcrumbList","@id":"https:\/\/ksproducts.ca\/product\/storm-shell-outdoor-tv-enclosure-for-32inch-44inch-screens\/#breadcrumb","itemListElement":[{"@type":"ListItem","position":1,"name":"Home","item":"https:\/\/ksproducts.ca\/"},{"@type":"ListItem","position":2,"name":"Shop","item":"https:\/\/ksproducts.ca\/shop\/"},{"@type":"ListItem","position":3,"name":"Storm Shell Outdoor TV Enclosure for 32inch &#8211; 44inch Screens"}]},{"@type":"WebSite","@id":"https:\/\/ksproducts.ca\/#website","url":"https:\/\/ksproducts.ca\/","name":"Produits Ks","description":"Cuisiner et vivre en plein air, c'est facile au Canada","publisher":{"@id":"https:\/\/ksproducts.ca\/#organization"},"potentialAction":[{"@type":"SearchAction","target":{"@type":"EntryPoint","urlTemplate":"https:\/\/ksproducts.ca\/?s={search_term_string}"},"query-input":{"@type":"PropertyValueSpecification","valueRequired":true,"valueName":"search_term_string"}}],"inLanguage":"fr-CA"},{"@type":"Organization","@id":"https:\/\/ksproducts.ca\/#organization","name":"Produits Ks","url":"https:\/\/ksproducts.ca\/","logo":{"@type":"ImageObject","inLanguage":"fr-CA","@id":"https:\/\/ksproducts.ca\/#\/schema\/logo\/image\/","url":"https:\/\/ksproducts.ca\/wp-content\/uploads\/2023\/09\/Kennedy-Sales-Logo-header-1.png","contentUrl":"https:\/\/ksproducts.ca\/wp-content\/uploads\/2023\/09\/Kennedy-Sales-Logo-header-1.png","width":150,"height":77,"caption":"Ks Products"},"image":{"@id":"https:\/\/ksproducts.ca\/#\/schema\/logo\/image\/"}}]}},"_links":{"self":[{"href":"https:\/\/ksproducts.ca\/fr\/wp-json\/wp\/v2\/product\/12452","targetHints":{"allow":["GET"]}}],"collection":[{"href":"https:\/\/ksproducts.ca\/fr\/wp-json\/wp\/v2\/product"}],"about":[{"href":"https:\/\/ksproducts.ca\/fr\/wp-json\/wp\/v2\/types\/product"}],"replies":[{"embeddable":true,"href":"https:\/\/ksproducts.ca\/fr\/wp-json\/wp\/v2\/comments?post=12452"}],"version-history":[{"count":1,"href":"https:\/\/ksproducts.ca\/fr\/wp-json\/wp\/v2\/product\/12452\/revisions"}],"predecessor-version":[{"id":12454,"href":"https:\/\/ksproducts.ca\/fr\/wp-json\/wp\/v2\/product\/12452\/revisions\/12454"}],"wp:featuredmedia":[{"embeddable":true,"href":"https:\/\/ksproducts.ca\/fr\/wp-json\/wp\/v2\/media\/12453"}],"wp:attachment":[{"href":"https:\/\/ksproducts.ca\/fr\/wp-json\/wp\/v2\/media?parent=12452"}],"wp:term":[{"taxonomy":"product_cat","embeddable":true,"href":"https:\/\/ksproducts.ca\/fr\/wp-json\/wp\/v2\/product_cat?post=12452"},{"taxonomy":"product_tag","embeddable":true,"href":"https:\/\/ksproducts.ca\/fr\/wp-json\/wp\/v2\/product_tag?post=12452"}],"curies":[{"name":"wp","href":"https:\/\/api.w.org\/{rel}","templated":true}]}}