{"id":12455,"date":"2026-03-12T13:06:43","date_gmt":"2026-03-12T13:06:43","guid":{"rendered":"https:\/\/ksproducts.ca\/?post_type=product&#038;p=12455"},"modified":"2026-03-12T13:06:44","modified_gmt":"2026-03-12T13:06:44","slug":"storm-shell-outdoor-tv-enclosure-for-45inch-55inch-screens","status":"publish","type":"product","link":"https:\/\/ksproducts.ca\/fr\/product\/storm-shell-outdoor-tv-enclosure-for-45inch-55inch-screens\/","title":{"rendered":"Storm Shell Outdoor TV Enclosure for 45inch - 55inch Screens"},"content":{"rendered":"<ul class=\"a-unordered-list a-vertical a-spacing-mini\">\n<li class=\"a-spacing-mini\"><span class=\"a-list-item\">R\u00e9sistant \u00e0 l'eau, aux chocs et aux UV<\/span><\/li>\n<li class=\"a-spacing-mini\"><span class=\"a-list-item\">La face avant est enti\u00e8rement amovible pour une vision et un son sans entrave \u00e0 partir du t\u00e9l\u00e9viseur.<\/span><\/li>\n<li class=\"a-spacing-mini\"><span class=\"a-list-item\">Le support mural pour TV est fabriqu\u00e9 \u00e0 partir d'un acier solide et \u00e9pais, avec une finition enduite durable.<\/span><\/li>\n<li class=\"a-spacing-mini\"><span class=\"a-list-item\">Convient \u00e0 la plupart des t\u00e9l\u00e9viseurs \u00e0 \u00e9cran plat de 32 \u00e0 44 pouces (diagonale de l'\u00e9cran)<\/span><\/li>\n<li class=\"a-spacing-mini\"><span class=\"a-list-item\">Couvercle de t\u00e9l\u00e9vision en plastique ABS \u00e0 coque dure en 2 parties<\/span><\/li>\n<\/ul>","protected":false},"excerpt":{"rendered":"<div id=\"Desktop-Detailed-Evaluation-Zone\" class=\"celwidget\" data-feature-name=\"Desktop-Detailed-Evaluation-Zone\" data-csa-c-type=\"widget\" data-csa-c-content-id=\"Desktop-Detailed-Evaluation-Zone\" data-csa-c-slot-id=\"Desktop-Detailed-Evaluation-Zone\" data-csa-c-asin=\"\" data-csa-c-is-in-initial-active-row=\"false\" data-csa-c-id=\"1imtts-643zv9-80gnzi-a7gvw2\" data-cel-widget=\"Desktop-Detailed-Evaluation-Zone\">\n<div id=\"productDescription_feature_div\" class=\"celwidget pd_rd_w-91UD2 pd_rd_r-VW6YK55GEM490CABQ70E pd_rd_wg-hh88x\" data-feature-name=\"productDescription-3\" data-csa-c-type=\"widget\" data-csa-c-content-id=\"productDescription-3\" data-csa-c-slot-id=\"productDescription_feature_div\" data-csa-c-asin=\"\" data-csa-c-is-in-initial-active-row=\"false\" data-csa-c-id=\"rv198u-xsutsy-kpuq80-fion2u\" data-cel-widget=\"productDescription_feature_div\">\n<div>\n<div id=\"productDescription_feature_div\" class=\"a-row feature\" data-feature-name=\"productDescription\" data-template-name=\"productDescription\" data-cel-widget=\"productDescription_feature_div\">\n<div id=\"productDescription\" class=\"a-section a-spacing-small\">\n<p>Voici la housse de TV Storm Shell pour l'ext\u00e9rieur avec support mural pour TV. Ce bo\u00eetier \u00e0 coque dure convient \u00e0 un t\u00e9l\u00e9viseur \u00e0 \u00e9cran plat de 32 \u00e0 44 pouces. Il s'agit d'une solution de stockage \u00e9tanche et r\u00e9sistante aux chocs. Il est \u00e9galement \u00e9quip\u00e9 d'un support de montage articul\u00e9 avec un bras allong\u00e9 pour le visionnage.<\/p>\n<\/div>\n<\/div>\n<\/div>\n<\/div>\n<\/div>\n<div id=\"promotions_feature_div\" class=\"celwidget\" data-feature-name=\"promotions_US\" data-csa-c-type=\"widget\" data-csa-c-content-id=\"promotions_US\" data-csa-c-slot-id=\"promotions_feature_div\" data-csa-c-asin=\"\" data-csa-c-is-in-initial-active-row=\"false\" data-csa-c-id=\"k2pv6x-lbdf48-62ndd1-kzsqqq\" data-cel-widget=\"promotions_feature_div\"><\/div>\n<div id=\"cpsiaProductSafetyWarning-2_feature_div\" class=\"celwidget\" data-feature-name=\"cpsiaProductSafetyWarning-2\" data-csa-c-type=\"widget\" data-csa-c-content-id=\"cpsiaProductSafetyWarning-2\" data-csa-c-slot-id=\"cpsiaProductSafetyWarning-2_feature_div\" data-csa-c-asin=\"\" data-csa-c-is-in-initial-active-row=\"false\" data-csa-c-id=\"d908ta-fkcyc8-9h3dzh-r5zi5u\" data-cel-widget=\"cpsiaProductSafetyWarning-2_feature_div\">\n<div class=\"celwidget c-f\" data-csa-op-log-render=\"\" data-csa-c-content-id=\"DsUnknown\" data-csa-c-slot-id=\"DsUnknown-2\" data-csa-c-type=\"widget\" data-csa-c-painter=\"dp-cpsia-product-safety-warning-cards\" data-csa-c-id=\"l86sih-t830dj-lof98b-vqa64b\" data-cel-widget=\"dp-cpsia-product-safety-warning_DetailPage_1\"><\/div>\n<\/div>","protected":false},"featured_media":12456,"comment_status":"open","ping_status":"closed","template":"","meta":[],"product_cat":[447],"product_tag":[],"class_list":{"0":"post-12455","1":"product","2":"type-product","3":"status-publish","4":"has-post-thumbnail","6":"product_cat-tv-stands-mounts","7":"product_shipping_class-class-4","9":"first","10":"instock","11":"taxable","12":"shipping-taxable","13":"purchasable","14":"product-type-simple"},"yoast_head":"<!-- This site is optimized with the Yoast SEO plugin v27.3 - https:\/\/yoast.com\/product\/yoast-seo-wordpress\/ -->\n<title>Storm Shell Outdoor TV Enclosure for 45inch - 55inch Screens - Ks Products<\/title>\n<meta name=\"robots\" content=\"index, follow, max-snippet:-1, max-image-preview:large, max-video-preview:-1\" \/>\n<link rel=\"canonical\" href=\"https:\/\/ksproducts.ca\/fr\/product\/storm-shell-outdoor-tv-enclosure-for-45inch-55inch-screens\/\" \/>\n<meta property=\"og:locale\" content=\"fr_CA\" \/>\n<meta property=\"og:type\" content=\"article\" \/>\n<meta property=\"og:title\" content=\"Storm Shell Outdoor TV Enclosure for 45inch - 55inch Screens - Ks Products\" \/>\n<meta property=\"og:description\" content=\"Introducing Storm Shell Outdoor Hard Shell TV Cover with TV Wall Mount Bracket. This hard shell enclosure Fits a 32 \u2013 44 Inch Flat Screen TV. It is a waterproof and impact resistant storage solution. It also comes with a full motion articulating TV mounting bracket with and extended arm for viewing.\" \/>\n<meta property=\"og:url\" content=\"https:\/\/ksproducts.ca\/fr\/product\/storm-shell-outdoor-tv-enclosure-for-45inch-55inch-screens\/\" \/>\n<meta property=\"og:site_name\" content=\"Ks Products\" \/>\n<meta property=\"article:modified_time\" content=\"2026-03-12T13:06:44+00:00\" \/>\n<meta property=\"og:image\" content=\"https:\/\/ksproducts.ca\/wp-content\/uploads\/2026\/03\/Storm-Shell-Outdoor-TV-Enclosure-for-45inch-55inch-Screens.jpg\" \/>\n\t<meta property=\"og:image:width\" content=\"800\" \/>\n\t<meta property=\"og:image:height\" content=\"800\" \/>\n\t<meta property=\"og:image:type\" content=\"image\/jpeg\" \/>\n<meta name=\"twitter:card\" content=\"summary_large_image\" \/>\n<meta name=\"twitter:label1\" content=\"Estimation du temps de lecture\" \/>\n\t<meta name=\"twitter:data1\" content=\"1 minute\" \/>\n<script type=\"application\/ld+json\" class=\"yoast-schema-graph\">{\"@context\":\"https:\\\/\\\/schema.org\",\"@graph\":[{\"@type\":\"WebPage\",\"@id\":\"https:\\\/\\\/ksproducts.ca\\\/product\\\/storm-shell-outdoor-tv-enclosure-for-45inch-55inch-screens\\\/\",\"url\":\"https:\\\/\\\/ksproducts.ca\\\/product\\\/storm-shell-outdoor-tv-enclosure-for-45inch-55inch-screens\\\/\",\"name\":\"Storm Shell Outdoor TV Enclosure for 45inch - 55inch Screens - Ks Products\",\"isPartOf\":{\"@id\":\"https:\\\/\\\/ksproducts.ca\\\/#website\"},\"primaryImageOfPage\":{\"@id\":\"https:\\\/\\\/ksproducts.ca\\\/product\\\/storm-shell-outdoor-tv-enclosure-for-45inch-55inch-screens\\\/#primaryimage\"},\"image\":{\"@id\":\"https:\\\/\\\/ksproducts.ca\\\/product\\\/storm-shell-outdoor-tv-enclosure-for-45inch-55inch-screens\\\/#primaryimage\"},\"thumbnailUrl\":\"https:\\\/\\\/ksproducts.ca\\\/wp-content\\\/uploads\\\/2026\\\/03\\\/Storm-Shell-Outdoor-TV-Enclosure-for-45inch-55inch-Screens.jpg\",\"datePublished\":\"2026-03-12T13:06:43+00:00\",\"dateModified\":\"2026-03-12T13:06:44+00:00\",\"breadcrumb\":{\"@id\":\"https:\\\/\\\/ksproducts.ca\\\/product\\\/storm-shell-outdoor-tv-enclosure-for-45inch-55inch-screens\\\/#breadcrumb\"},\"inLanguage\":\"fr-CA\",\"potentialAction\":[{\"@type\":\"ReadAction\",\"target\":[\"https:\\\/\\\/ksproducts.ca\\\/product\\\/storm-shell-outdoor-tv-enclosure-for-45inch-55inch-screens\\\/\"]}]},{\"@type\":\"ImageObject\",\"inLanguage\":\"fr-CA\",\"@id\":\"https:\\\/\\\/ksproducts.ca\\\/product\\\/storm-shell-outdoor-tv-enclosure-for-45inch-55inch-screens\\\/#primaryimage\",\"url\":\"https:\\\/\\\/ksproducts.ca\\\/wp-content\\\/uploads\\\/2026\\\/03\\\/Storm-Shell-Outdoor-TV-Enclosure-for-45inch-55inch-Screens.jpg\",\"contentUrl\":\"https:\\\/\\\/ksproducts.ca\\\/wp-content\\\/uploads\\\/2026\\\/03\\\/Storm-Shell-Outdoor-TV-Enclosure-for-45inch-55inch-Screens.jpg\",\"width\":800,\"height\":800,\"caption\":\"Storm Shell Outdoor TV Enclosure for 45inch 55inch Screens\"},{\"@type\":\"BreadcrumbList\",\"@id\":\"https:\\\/\\\/ksproducts.ca\\\/product\\\/storm-shell-outdoor-tv-enclosure-for-45inch-55inch-screens\\\/#breadcrumb\",\"itemListElement\":[{\"@type\":\"ListItem\",\"position\":1,\"name\":\"Home\",\"item\":\"https:\\\/\\\/ksproducts.ca\\\/\"},{\"@type\":\"ListItem\",\"position\":2,\"name\":\"Shop\",\"item\":\"https:\\\/\\\/ksproducts.ca\\\/shop\\\/\"},{\"@type\":\"ListItem\",\"position\":3,\"name\":\"Storm Shell Outdoor TV Enclosure for 45inch &#8211; 55inch Screens\"}]},{\"@type\":\"WebSite\",\"@id\":\"https:\\\/\\\/ksproducts.ca\\\/#website\",\"url\":\"https:\\\/\\\/ksproducts.ca\\\/\",\"name\":\"Ks Products\",\"description\":\"Outdoor cooking and living, made easy in Canada\",\"publisher\":{\"@id\":\"https:\\\/\\\/ksproducts.ca\\\/#organization\"},\"potentialAction\":[{\"@type\":\"SearchAction\",\"target\":{\"@type\":\"EntryPoint\",\"urlTemplate\":\"https:\\\/\\\/ksproducts.ca\\\/?s={search_term_string}\"},\"query-input\":{\"@type\":\"PropertyValueSpecification\",\"valueRequired\":true,\"valueName\":\"search_term_string\"}}],\"inLanguage\":\"fr-CA\"},{\"@type\":\"Organization\",\"@id\":\"https:\\\/\\\/ksproducts.ca\\\/#organization\",\"name\":\"Ks Products\",\"url\":\"https:\\\/\\\/ksproducts.ca\\\/\",\"logo\":{\"@type\":\"ImageObject\",\"inLanguage\":\"fr-CA\",\"@id\":\"https:\\\/\\\/ksproducts.ca\\\/#\\\/schema\\\/logo\\\/image\\\/\",\"url\":\"https:\\\/\\\/ksproducts.ca\\\/wp-content\\\/uploads\\\/2023\\\/09\\\/Kennedy-Sales-Logo-header-1.png\",\"contentUrl\":\"https:\\\/\\\/ksproducts.ca\\\/wp-content\\\/uploads\\\/2023\\\/09\\\/Kennedy-Sales-Logo-header-1.png\",\"width\":150,\"height\":77,\"caption\":\"Ks Products\"},\"image\":{\"@id\":\"https:\\\/\\\/ksproducts.ca\\\/#\\\/schema\\\/logo\\\/image\\\/\"}}]}<\/script>\n<!-- \/ Yoast SEO plugin. -->","yoast_head_json":{"title":"Storm Shell Outdoor TV Enclosure for 45inch - 55inch Screens - Ks Products","robots":{"index":"index","follow":"follow","max-snippet":"max-snippet:-1","max-image-preview":"max-image-preview:large","max-video-preview":"max-video-preview:-1"},"canonical":"https:\/\/ksproducts.ca\/fr\/product\/storm-shell-outdoor-tv-enclosure-for-45inch-55inch-screens\/","og_locale":"fr_CA","og_type":"article","og_title":"Storm Shell Outdoor TV Enclosure for 45inch - 55inch Screens - Ks Products","og_description":"Introducing Storm Shell Outdoor Hard Shell TV Cover with TV Wall Mount Bracket. This hard shell enclosure Fits a 32 \u2013 44 Inch Flat Screen TV. It is a waterproof and impact resistant storage solution. It also comes with a full motion articulating TV mounting bracket with and extended arm for viewing.","og_url":"https:\/\/ksproducts.ca\/fr\/product\/storm-shell-outdoor-tv-enclosure-for-45inch-55inch-screens\/","og_site_name":"Ks Products","article_modified_time":"2026-03-12T13:06:44+00:00","og_image":[{"width":800,"height":800,"url":"https:\/\/ksproducts.ca\/wp-content\/uploads\/2026\/03\/Storm-Shell-Outdoor-TV-Enclosure-for-45inch-55inch-Screens.jpg","type":"image\/jpeg"}],"twitter_card":"summary_large_image","twitter_misc":{"Estimation du temps de lecture":"1 minute"},"schema":{"@context":"https:\/\/schema.org","@graph":[{"@type":"WebPage","@id":"https:\/\/ksproducts.ca\/product\/storm-shell-outdoor-tv-enclosure-for-45inch-55inch-screens\/","url":"https:\/\/ksproducts.ca\/product\/storm-shell-outdoor-tv-enclosure-for-45inch-55inch-screens\/","name":"Storm Shell Outdoor TV Enclosure for 45inch - 55inch Screens - Ks Products","isPartOf":{"@id":"https:\/\/ksproducts.ca\/#website"},"primaryImageOfPage":{"@id":"https:\/\/ksproducts.ca\/product\/storm-shell-outdoor-tv-enclosure-for-45inch-55inch-screens\/#primaryimage"},"image":{"@id":"https:\/\/ksproducts.ca\/product\/storm-shell-outdoor-tv-enclosure-for-45inch-55inch-screens\/#primaryimage"},"thumbnailUrl":"https:\/\/ksproducts.ca\/wp-content\/uploads\/2026\/03\/Storm-Shell-Outdoor-TV-Enclosure-for-45inch-55inch-Screens.jpg","datePublished":"2026-03-12T13:06:43+00:00","dateModified":"2026-03-12T13:06:44+00:00","breadcrumb":{"@id":"https:\/\/ksproducts.ca\/product\/storm-shell-outdoor-tv-enclosure-for-45inch-55inch-screens\/#breadcrumb"},"inLanguage":"fr-CA","potentialAction":[{"@type":"ReadAction","target":["https:\/\/ksproducts.ca\/product\/storm-shell-outdoor-tv-enclosure-for-45inch-55inch-screens\/"]}]},{"@type":"ImageObject","inLanguage":"fr-CA","@id":"https:\/\/ksproducts.ca\/product\/storm-shell-outdoor-tv-enclosure-for-45inch-55inch-screens\/#primaryimage","url":"https:\/\/ksproducts.ca\/wp-content\/uploads\/2026\/03\/Storm-Shell-Outdoor-TV-Enclosure-for-45inch-55inch-Screens.jpg","contentUrl":"https:\/\/ksproducts.ca\/wp-content\/uploads\/2026\/03\/Storm-Shell-Outdoor-TV-Enclosure-for-45inch-55inch-Screens.jpg","width":800,"height":800,"caption":"Storm Shell Outdoor TV Enclosure for 45inch 55inch Screens"},{"@type":"BreadcrumbList","@id":"https:\/\/ksproducts.ca\/product\/storm-shell-outdoor-tv-enclosure-for-45inch-55inch-screens\/#breadcrumb","itemListElement":[{"@type":"ListItem","position":1,"name":"Home","item":"https:\/\/ksproducts.ca\/"},{"@type":"ListItem","position":2,"name":"Shop","item":"https:\/\/ksproducts.ca\/shop\/"},{"@type":"ListItem","position":3,"name":"Storm Shell Outdoor TV Enclosure for 45inch &#8211; 55inch Screens"}]},{"@type":"WebSite","@id":"https:\/\/ksproducts.ca\/#website","url":"https:\/\/ksproducts.ca\/","name":"Produits Ks","description":"Cuisiner et vivre en plein air, c'est facile au Canada","publisher":{"@id":"https:\/\/ksproducts.ca\/#organization"},"potentialAction":[{"@type":"SearchAction","target":{"@type":"EntryPoint","urlTemplate":"https:\/\/ksproducts.ca\/?s={search_term_string}"},"query-input":{"@type":"PropertyValueSpecification","valueRequired":true,"valueName":"search_term_string"}}],"inLanguage":"fr-CA"},{"@type":"Organization","@id":"https:\/\/ksproducts.ca\/#organization","name":"Produits Ks","url":"https:\/\/ksproducts.ca\/","logo":{"@type":"ImageObject","inLanguage":"fr-CA","@id":"https:\/\/ksproducts.ca\/#\/schema\/logo\/image\/","url":"https:\/\/ksproducts.ca\/wp-content\/uploads\/2023\/09\/Kennedy-Sales-Logo-header-1.png","contentUrl":"https:\/\/ksproducts.ca\/wp-content\/uploads\/2023\/09\/Kennedy-Sales-Logo-header-1.png","width":150,"height":77,"caption":"Ks Products"},"image":{"@id":"https:\/\/ksproducts.ca\/#\/schema\/logo\/image\/"}}]}},"_links":{"self":[{"href":"https:\/\/ksproducts.ca\/fr\/wp-json\/wp\/v2\/product\/12455","targetHints":{"allow":["GET"]}}],"collection":[{"href":"https:\/\/ksproducts.ca\/fr\/wp-json\/wp\/v2\/product"}],"about":[{"href":"https:\/\/ksproducts.ca\/fr\/wp-json\/wp\/v2\/types\/product"}],"replies":[{"embeddable":true,"href":"https:\/\/ksproducts.ca\/fr\/wp-json\/wp\/v2\/comments?post=12455"}],"version-history":[{"count":1,"href":"https:\/\/ksproducts.ca\/fr\/wp-json\/wp\/v2\/product\/12455\/revisions"}],"predecessor-version":[{"id":12457,"href":"https:\/\/ksproducts.ca\/fr\/wp-json\/wp\/v2\/product\/12455\/revisions\/12457"}],"wp:featuredmedia":[{"embeddable":true,"href":"https:\/\/ksproducts.ca\/fr\/wp-json\/wp\/v2\/media\/12456"}],"wp:attachment":[{"href":"https:\/\/ksproducts.ca\/fr\/wp-json\/wp\/v2\/media?parent=12455"}],"wp:term":[{"taxonomy":"product_cat","embeddable":true,"href":"https:\/\/ksproducts.ca\/fr\/wp-json\/wp\/v2\/product_cat?post=12455"},{"taxonomy":"product_tag","embeddable":true,"href":"https:\/\/ksproducts.ca\/fr\/wp-json\/wp\/v2\/product_tag?post=12455"}],"curies":[{"name":"wp","href":"https:\/\/api.w.org\/{rel}","templated":true}]}}