{"id":12458,"date":"2026-03-12T13:09:02","date_gmt":"2026-03-12T13:09:02","guid":{"rendered":"https:\/\/ksproducts.ca\/?post_type=product&#038;p=12458"},"modified":"2026-03-12T13:09:02","modified_gmt":"2026-03-12T13:09:02","slug":"storm-shell-outdoor-tv-enclosure-for-56inch-65inch-screens","status":"publish","type":"product","link":"https:\/\/ksproducts.ca\/fr\/product\/storm-shell-outdoor-tv-enclosure-for-56inch-65inch-screens\/","title":{"rendered":"Storm Shell Outdoor TV Enclosure for 56inch - 65inch Screens"},"content":{"rendered":"<ul class=\"a-unordered-list a-vertical a-spacing-mini\">\n<li class=\"a-spacing-mini\"><span class=\"a-list-item\">Dimensions totales : 62.5\u2033L x 8\u2033D x 38.5\u2033H<\/span><\/li>\n<li class=\"a-spacing-mini\"><span class=\"a-list-item\">R\u00e9sistant \u00e0 l'eau, aux chocs et aux UV<\/span><\/li>\n<li class=\"a-spacing-mini\"><span class=\"a-list-item\">La face avant est enti\u00e8rement amovible pour une vision et un son sans entrave \u00e0 partir du t\u00e9l\u00e9viseur.<\/span><\/li>\n<li class=\"a-spacing-mini\"><span class=\"a-list-item\">Le support mural pour TV est fabriqu\u00e9 \u00e0 partir d'un acier solide et \u00e9pais, avec une finition enduite durable.<\/span><\/li>\n<li class=\"a-spacing-mini\"><span class=\"a-list-item\">Convient \u00e0 la plupart des t\u00e9l\u00e9viseurs \u00e0 \u00e9cran plat de 55 \u00e0 65 pouces (diagonale de l'\u00e9cran) Dimensions maximales du t\u00e9l\u00e9viseur - (LxHxP) 58,25 po x 34,5 po x 4,00 po. Profondeur maximale du t\u00e9l\u00e9viseur - 4 pouces<\/span><\/li>\n<li class=\"a-spacing-mini\"><span class=\"a-list-item\">Couvercle de t\u00e9l\u00e9vision en 2 pi\u00e8ces en plastique ABS \u00e0 coque dure - Assemblage n\u00e9cessaire<\/span><\/li>\n<\/ul>","protected":false},"excerpt":{"rendered":"<p>Voici la housse de TV Storm Shell pour l'ext\u00e9rieur avec support mural pour TV. Ce bo\u00eetier \u00e0 coque dure convient \u00e0 un t\u00e9l\u00e9viseur \u00e0 \u00e9cran plat de 56 \u00e0 65 pouces. Il s'agit d'une solution de stockage \u00e9tanche et r\u00e9sistante aux chocs. Il est \u00e9galement \u00e9quip\u00e9 d'un support de montage articul\u00e9 avec un bras allong\u00e9 pour le visionnage.<\/p>","protected":false},"featured_media":12459,"comment_status":"open","ping_status":"closed","template":"","meta":[],"product_cat":[447],"product_tag":[],"class_list":{"0":"post-12458","1":"product","2":"type-product","3":"status-publish","4":"has-post-thumbnail","6":"product_cat-tv-stands-mounts","7":"product_shipping_class-class-4","9":"first","10":"instock","11":"taxable","12":"shipping-taxable","13":"purchasable","14":"product-type-simple"},"yoast_head":"<!-- This site is optimized with the Yoast SEO plugin v27.3 - https:\/\/yoast.com\/product\/yoast-seo-wordpress\/ -->\n<title>Storm Shell Outdoor TV Enclosure for 56inch - 65inch Screens - Ks Products<\/title>\n<meta name=\"robots\" content=\"index, follow, max-snippet:-1, max-image-preview:large, max-video-preview:-1\" \/>\n<link rel=\"canonical\" href=\"https:\/\/ksproducts.ca\/fr\/product\/storm-shell-outdoor-tv-enclosure-for-56inch-65inch-screens\/\" \/>\n<meta property=\"og:locale\" content=\"fr_CA\" \/>\n<meta property=\"og:type\" content=\"article\" \/>\n<meta property=\"og:title\" content=\"Storm Shell Outdoor TV Enclosure for 56inch - 65inch Screens - Ks Products\" \/>\n<meta property=\"og:description\" content=\"Introducing Storm Shell Outdoor Hard Shell TV Cover with TV Wall Mount Bracket. This hard shell enclosure Fits a 56-65 Inch Flat Screen TV. It is a waterproof and impact resistant storage solution. It also comes with a full motion articulating TV mounting bracket with and extended arm for viewing.\" \/>\n<meta property=\"og:url\" content=\"https:\/\/ksproducts.ca\/fr\/product\/storm-shell-outdoor-tv-enclosure-for-56inch-65inch-screens\/\" \/>\n<meta property=\"og:site_name\" content=\"Ks Products\" \/>\n<meta property=\"og:image\" content=\"https:\/\/ksproducts.ca\/wp-content\/uploads\/2026\/03\/Storm-Shell-Outdoor-TV-Enclosure-for-56inch-65inch-Screens.jpg\" \/>\n\t<meta property=\"og:image:width\" content=\"425\" \/>\n\t<meta property=\"og:image:height\" content=\"366\" \/>\n\t<meta property=\"og:image:type\" content=\"image\/jpeg\" \/>\n<meta name=\"twitter:card\" content=\"summary_large_image\" \/>\n<meta name=\"twitter:label1\" content=\"Estimation du temps de lecture\" \/>\n\t<meta name=\"twitter:data1\" content=\"1 minute\" \/>\n<script type=\"application\/ld+json\" class=\"yoast-schema-graph\">{\"@context\":\"https:\\\/\\\/schema.org\",\"@graph\":[{\"@type\":\"WebPage\",\"@id\":\"https:\\\/\\\/ksproducts.ca\\\/product\\\/storm-shell-outdoor-tv-enclosure-for-56inch-65inch-screens\\\/\",\"url\":\"https:\\\/\\\/ksproducts.ca\\\/product\\\/storm-shell-outdoor-tv-enclosure-for-56inch-65inch-screens\\\/\",\"name\":\"Storm Shell Outdoor TV Enclosure for 56inch - 65inch Screens - Ks Products\",\"isPartOf\":{\"@id\":\"https:\\\/\\\/ksproducts.ca\\\/#website\"},\"primaryImageOfPage\":{\"@id\":\"https:\\\/\\\/ksproducts.ca\\\/product\\\/storm-shell-outdoor-tv-enclosure-for-56inch-65inch-screens\\\/#primaryimage\"},\"image\":{\"@id\":\"https:\\\/\\\/ksproducts.ca\\\/product\\\/storm-shell-outdoor-tv-enclosure-for-56inch-65inch-screens\\\/#primaryimage\"},\"thumbnailUrl\":\"https:\\\/\\\/ksproducts.ca\\\/wp-content\\\/uploads\\\/2026\\\/03\\\/Storm-Shell-Outdoor-TV-Enclosure-for-56inch-65inch-Screens.jpg\",\"datePublished\":\"2026-03-12T13:09:02+00:00\",\"breadcrumb\":{\"@id\":\"https:\\\/\\\/ksproducts.ca\\\/product\\\/storm-shell-outdoor-tv-enclosure-for-56inch-65inch-screens\\\/#breadcrumb\"},\"inLanguage\":\"fr-CA\",\"potentialAction\":[{\"@type\":\"ReadAction\",\"target\":[\"https:\\\/\\\/ksproducts.ca\\\/product\\\/storm-shell-outdoor-tv-enclosure-for-56inch-65inch-screens\\\/\"]}]},{\"@type\":\"ImageObject\",\"inLanguage\":\"fr-CA\",\"@id\":\"https:\\\/\\\/ksproducts.ca\\\/product\\\/storm-shell-outdoor-tv-enclosure-for-56inch-65inch-screens\\\/#primaryimage\",\"url\":\"https:\\\/\\\/ksproducts.ca\\\/wp-content\\\/uploads\\\/2026\\\/03\\\/Storm-Shell-Outdoor-TV-Enclosure-for-56inch-65inch-Screens.jpg\",\"contentUrl\":\"https:\\\/\\\/ksproducts.ca\\\/wp-content\\\/uploads\\\/2026\\\/03\\\/Storm-Shell-Outdoor-TV-Enclosure-for-56inch-65inch-Screens.jpg\",\"width\":425,\"height\":366,\"caption\":\"Storm Shell Outdoor TV Enclosure for 56inch 65inch Screens\"},{\"@type\":\"BreadcrumbList\",\"@id\":\"https:\\\/\\\/ksproducts.ca\\\/product\\\/storm-shell-outdoor-tv-enclosure-for-56inch-65inch-screens\\\/#breadcrumb\",\"itemListElement\":[{\"@type\":\"ListItem\",\"position\":1,\"name\":\"Home\",\"item\":\"https:\\\/\\\/ksproducts.ca\\\/\"},{\"@type\":\"ListItem\",\"position\":2,\"name\":\"Shop\",\"item\":\"https:\\\/\\\/ksproducts.ca\\\/shop\\\/\"},{\"@type\":\"ListItem\",\"position\":3,\"name\":\"Storm Shell Outdoor TV Enclosure for 56inch &#8211; 65inch Screens\"}]},{\"@type\":\"WebSite\",\"@id\":\"https:\\\/\\\/ksproducts.ca\\\/#website\",\"url\":\"https:\\\/\\\/ksproducts.ca\\\/\",\"name\":\"Ks Products\",\"description\":\"Outdoor cooking and living, made easy in Canada\",\"publisher\":{\"@id\":\"https:\\\/\\\/ksproducts.ca\\\/#organization\"},\"potentialAction\":[{\"@type\":\"SearchAction\",\"target\":{\"@type\":\"EntryPoint\",\"urlTemplate\":\"https:\\\/\\\/ksproducts.ca\\\/?s={search_term_string}\"},\"query-input\":{\"@type\":\"PropertyValueSpecification\",\"valueRequired\":true,\"valueName\":\"search_term_string\"}}],\"inLanguage\":\"fr-CA\"},{\"@type\":\"Organization\",\"@id\":\"https:\\\/\\\/ksproducts.ca\\\/#organization\",\"name\":\"Ks Products\",\"url\":\"https:\\\/\\\/ksproducts.ca\\\/\",\"logo\":{\"@type\":\"ImageObject\",\"inLanguage\":\"fr-CA\",\"@id\":\"https:\\\/\\\/ksproducts.ca\\\/#\\\/schema\\\/logo\\\/image\\\/\",\"url\":\"https:\\\/\\\/ksproducts.ca\\\/wp-content\\\/uploads\\\/2023\\\/09\\\/Kennedy-Sales-Logo-header-1.png\",\"contentUrl\":\"https:\\\/\\\/ksproducts.ca\\\/wp-content\\\/uploads\\\/2023\\\/09\\\/Kennedy-Sales-Logo-header-1.png\",\"width\":150,\"height\":77,\"caption\":\"Ks Products\"},\"image\":{\"@id\":\"https:\\\/\\\/ksproducts.ca\\\/#\\\/schema\\\/logo\\\/image\\\/\"}}]}<\/script>\n<!-- \/ Yoast SEO plugin. -->","yoast_head_json":{"title":"Storm Shell Outdoor TV Enclosure for 56inch - 65inch Screens - Ks Products","robots":{"index":"index","follow":"follow","max-snippet":"max-snippet:-1","max-image-preview":"max-image-preview:large","max-video-preview":"max-video-preview:-1"},"canonical":"https:\/\/ksproducts.ca\/fr\/product\/storm-shell-outdoor-tv-enclosure-for-56inch-65inch-screens\/","og_locale":"fr_CA","og_type":"article","og_title":"Storm Shell Outdoor TV Enclosure for 56inch - 65inch Screens - Ks Products","og_description":"Introducing Storm Shell Outdoor Hard Shell TV Cover with TV Wall Mount Bracket. This hard shell enclosure Fits a 56-65 Inch Flat Screen TV. It is a waterproof and impact resistant storage solution. It also comes with a full motion articulating TV mounting bracket with and extended arm for viewing.","og_url":"https:\/\/ksproducts.ca\/fr\/product\/storm-shell-outdoor-tv-enclosure-for-56inch-65inch-screens\/","og_site_name":"Ks Products","og_image":[{"width":425,"height":366,"url":"https:\/\/ksproducts.ca\/wp-content\/uploads\/2026\/03\/Storm-Shell-Outdoor-TV-Enclosure-for-56inch-65inch-Screens.jpg","type":"image\/jpeg"}],"twitter_card":"summary_large_image","twitter_misc":{"Estimation du temps de lecture":"1 minute"},"schema":{"@context":"https:\/\/schema.org","@graph":[{"@type":"WebPage","@id":"https:\/\/ksproducts.ca\/product\/storm-shell-outdoor-tv-enclosure-for-56inch-65inch-screens\/","url":"https:\/\/ksproducts.ca\/product\/storm-shell-outdoor-tv-enclosure-for-56inch-65inch-screens\/","name":"Storm Shell Outdoor TV Enclosure for 56inch - 65inch Screens - Ks Products","isPartOf":{"@id":"https:\/\/ksproducts.ca\/#website"},"primaryImageOfPage":{"@id":"https:\/\/ksproducts.ca\/product\/storm-shell-outdoor-tv-enclosure-for-56inch-65inch-screens\/#primaryimage"},"image":{"@id":"https:\/\/ksproducts.ca\/product\/storm-shell-outdoor-tv-enclosure-for-56inch-65inch-screens\/#primaryimage"},"thumbnailUrl":"https:\/\/ksproducts.ca\/wp-content\/uploads\/2026\/03\/Storm-Shell-Outdoor-TV-Enclosure-for-56inch-65inch-Screens.jpg","datePublished":"2026-03-12T13:09:02+00:00","breadcrumb":{"@id":"https:\/\/ksproducts.ca\/product\/storm-shell-outdoor-tv-enclosure-for-56inch-65inch-screens\/#breadcrumb"},"inLanguage":"fr-CA","potentialAction":[{"@type":"ReadAction","target":["https:\/\/ksproducts.ca\/product\/storm-shell-outdoor-tv-enclosure-for-56inch-65inch-screens\/"]}]},{"@type":"ImageObject","inLanguage":"fr-CA","@id":"https:\/\/ksproducts.ca\/product\/storm-shell-outdoor-tv-enclosure-for-56inch-65inch-screens\/#primaryimage","url":"https:\/\/ksproducts.ca\/wp-content\/uploads\/2026\/03\/Storm-Shell-Outdoor-TV-Enclosure-for-56inch-65inch-Screens.jpg","contentUrl":"https:\/\/ksproducts.ca\/wp-content\/uploads\/2026\/03\/Storm-Shell-Outdoor-TV-Enclosure-for-56inch-65inch-Screens.jpg","width":425,"height":366,"caption":"Storm Shell Outdoor TV Enclosure for 56inch 65inch Screens"},{"@type":"BreadcrumbList","@id":"https:\/\/ksproducts.ca\/product\/storm-shell-outdoor-tv-enclosure-for-56inch-65inch-screens\/#breadcrumb","itemListElement":[{"@type":"ListItem","position":1,"name":"Home","item":"https:\/\/ksproducts.ca\/"},{"@type":"ListItem","position":2,"name":"Shop","item":"https:\/\/ksproducts.ca\/shop\/"},{"@type":"ListItem","position":3,"name":"Storm Shell Outdoor TV Enclosure for 56inch &#8211; 65inch Screens"}]},{"@type":"WebSite","@id":"https:\/\/ksproducts.ca\/#website","url":"https:\/\/ksproducts.ca\/","name":"Produits Ks","description":"Cuisiner et vivre en plein air, c'est facile au Canada","publisher":{"@id":"https:\/\/ksproducts.ca\/#organization"},"potentialAction":[{"@type":"SearchAction","target":{"@type":"EntryPoint","urlTemplate":"https:\/\/ksproducts.ca\/?s={search_term_string}"},"query-input":{"@type":"PropertyValueSpecification","valueRequired":true,"valueName":"search_term_string"}}],"inLanguage":"fr-CA"},{"@type":"Organization","@id":"https:\/\/ksproducts.ca\/#organization","name":"Produits Ks","url":"https:\/\/ksproducts.ca\/","logo":{"@type":"ImageObject","inLanguage":"fr-CA","@id":"https:\/\/ksproducts.ca\/#\/schema\/logo\/image\/","url":"https:\/\/ksproducts.ca\/wp-content\/uploads\/2023\/09\/Kennedy-Sales-Logo-header-1.png","contentUrl":"https:\/\/ksproducts.ca\/wp-content\/uploads\/2023\/09\/Kennedy-Sales-Logo-header-1.png","width":150,"height":77,"caption":"Ks Products"},"image":{"@id":"https:\/\/ksproducts.ca\/#\/schema\/logo\/image\/"}}]}},"_links":{"self":[{"href":"https:\/\/ksproducts.ca\/fr\/wp-json\/wp\/v2\/product\/12458","targetHints":{"allow":["GET"]}}],"collection":[{"href":"https:\/\/ksproducts.ca\/fr\/wp-json\/wp\/v2\/product"}],"about":[{"href":"https:\/\/ksproducts.ca\/fr\/wp-json\/wp\/v2\/types\/product"}],"replies":[{"embeddable":true,"href":"https:\/\/ksproducts.ca\/fr\/wp-json\/wp\/v2\/comments?post=12458"}],"version-history":[{"count":1,"href":"https:\/\/ksproducts.ca\/fr\/wp-json\/wp\/v2\/product\/12458\/revisions"}],"predecessor-version":[{"id":12460,"href":"https:\/\/ksproducts.ca\/fr\/wp-json\/wp\/v2\/product\/12458\/revisions\/12460"}],"wp:featuredmedia":[{"embeddable":true,"href":"https:\/\/ksproducts.ca\/fr\/wp-json\/wp\/v2\/media\/12459"}],"wp:attachment":[{"href":"https:\/\/ksproducts.ca\/fr\/wp-json\/wp\/v2\/media?parent=12458"}],"wp:term":[{"taxonomy":"product_cat","embeddable":true,"href":"https:\/\/ksproducts.ca\/fr\/wp-json\/wp\/v2\/product_cat?post=12458"},{"taxonomy":"product_tag","embeddable":true,"href":"https:\/\/ksproducts.ca\/fr\/wp-json\/wp\/v2\/product_tag?post=12458"}],"curies":[{"name":"wp","href":"https:\/\/api.w.org\/{rel}","templated":true}]}}