{"id":12461,"date":"2026-03-12T13:11:03","date_gmt":"2026-03-12T13:11:03","guid":{"rendered":"https:\/\/ksproducts.ca\/?post_type=product&#038;p=12461"},"modified":"2026-03-12T13:11:03","modified_gmt":"2026-03-12T13:11:03","slug":"storm-shell-outdoor-tv-enclosure-for-65inch-75inch-screens","status":"publish","type":"product","link":"https:\/\/ksproducts.ca\/fr\/product\/storm-shell-outdoor-tv-enclosure-for-65inch-75inch-screens\/","title":{"rendered":"Storm Shell Outdoor TV Enclosure for 65inch - 75inch Screens"},"content":{"rendered":"<ul>\n<li>Convient \u00e0 la pose sur des montants en brique, en b\u00e9ton ou en bois, espac\u00e9s de 16, recouverts de plaques de pl\u00e2tre, de stuc ou de bardage.<\/li>\n<li>Le support mural pour TV est enti\u00e8rement articul\u00e9 avec une inclinaison de +5\/-15 et un pivotement de +\/- 180.<\/li>\n<li>Comprend une coque rigide, un support mural pour t\u00e9l\u00e9viseur, le mat\u00e9riel d'assemblage et de montage standard, ainsi que les instructions d'assemblage et d'installation.<\/li>\n<\/ul>","protected":false},"excerpt":{"rendered":"<p>Voici la housse de t\u00e9l\u00e9vision Storm Shell Outdoor Hard Shell avec un support de fixation murale pour la t\u00e9l\u00e9vision. Il s'agit d'une solution de stockage \u00e9tanche et r\u00e9sistante aux chocs. Il est \u00e9galement \u00e9quip\u00e9 d'un bras articul\u00e9 int\u00e9gr\u00e9 pour le visionnage.<\/p>","protected":false},"featured_media":12462,"comment_status":"open","ping_status":"closed","template":"","meta":[],"product_cat":[447],"product_tag":[],"class_list":{"0":"post-12461","1":"product","2":"type-product","3":"status-publish","4":"has-post-thumbnail","6":"product_cat-tv-stands-mounts","7":"product_shipping_class-class-4","9":"first","10":"instock","11":"taxable","12":"shipping-taxable","13":"purchasable","14":"product-type-simple"},"yoast_head":"<!-- This site is optimized with the Yoast SEO plugin v27.3 - https:\/\/yoast.com\/product\/yoast-seo-wordpress\/ -->\n<title>Storm Shell Outdoor TV Enclosure for 65inch - 75inch Screens - Ks Products<\/title>\n<meta name=\"robots\" content=\"index, follow, max-snippet:-1, max-image-preview:large, max-video-preview:-1\" \/>\n<link rel=\"canonical\" href=\"https:\/\/ksproducts.ca\/fr\/product\/storm-shell-outdoor-tv-enclosure-for-65inch-75inch-screens\/\" \/>\n<meta property=\"og:locale\" content=\"fr_CA\" \/>\n<meta property=\"og:type\" content=\"article\" \/>\n<meta property=\"og:title\" content=\"Storm Shell Outdoor TV Enclosure for 65inch - 75inch Screens - Ks Products\" \/>\n<meta property=\"og:description\" content=\"Introducing the Storm Shell Outdoor Hard Shell TV Cover with a TV Wall Mount Bracket. It is a waterproof and impact-resistant storage solution. It also comes with a built-in full motion articulating arm for viewing.\" \/>\n<meta property=\"og:url\" content=\"https:\/\/ksproducts.ca\/fr\/product\/storm-shell-outdoor-tv-enclosure-for-65inch-75inch-screens\/\" \/>\n<meta property=\"og:site_name\" content=\"Ks Products\" \/>\n<meta property=\"og:image\" content=\"https:\/\/ksproducts.ca\/wp-content\/uploads\/2023\/09\/Kennedy-Sales-Logo-header-1.png\" \/>\n\t<meta property=\"og:image:width\" content=\"150\" \/>\n\t<meta property=\"og:image:height\" content=\"77\" \/>\n\t<meta property=\"og:image:type\" content=\"image\/png\" \/>\n<meta name=\"twitter:card\" content=\"summary_large_image\" \/>\n<meta name=\"twitter:label1\" content=\"Estimation du temps de lecture\" \/>\n\t<meta name=\"twitter:data1\" content=\"1 minute\" \/>\n<script type=\"application\/ld+json\" class=\"yoast-schema-graph\">{\"@context\":\"https:\\\/\\\/schema.org\",\"@graph\":[{\"@type\":\"WebPage\",\"@id\":\"https:\\\/\\\/ksproducts.ca\\\/product\\\/storm-shell-outdoor-tv-enclosure-for-65inch-75inch-screens\\\/\",\"url\":\"https:\\\/\\\/ksproducts.ca\\\/product\\\/storm-shell-outdoor-tv-enclosure-for-65inch-75inch-screens\\\/\",\"name\":\"Storm Shell Outdoor TV Enclosure for 65inch - 75inch Screens - Ks Products\",\"isPartOf\":{\"@id\":\"https:\\\/\\\/ksproducts.ca\\\/#website\"},\"primaryImageOfPage\":{\"@id\":\"https:\\\/\\\/ksproducts.ca\\\/product\\\/storm-shell-outdoor-tv-enclosure-for-65inch-75inch-screens\\\/#primaryimage\"},\"image\":{\"@id\":\"https:\\\/\\\/ksproducts.ca\\\/product\\\/storm-shell-outdoor-tv-enclosure-for-65inch-75inch-screens\\\/#primaryimage\"},\"thumbnailUrl\":\"https:\\\/\\\/ksproducts.ca\\\/wp-content\\\/uploads\\\/2026\\\/03\\\/Storm-Shell-Outdoor-TV-Enclosure-for-65inch-75inch-Screens.avif\",\"datePublished\":\"2026-03-12T13:11:03+00:00\",\"breadcrumb\":{\"@id\":\"https:\\\/\\\/ksproducts.ca\\\/product\\\/storm-shell-outdoor-tv-enclosure-for-65inch-75inch-screens\\\/#breadcrumb\"},\"inLanguage\":\"fr-CA\",\"potentialAction\":[{\"@type\":\"ReadAction\",\"target\":[\"https:\\\/\\\/ksproducts.ca\\\/product\\\/storm-shell-outdoor-tv-enclosure-for-65inch-75inch-screens\\\/\"]}]},{\"@type\":\"ImageObject\",\"inLanguage\":\"fr-CA\",\"@id\":\"https:\\\/\\\/ksproducts.ca\\\/product\\\/storm-shell-outdoor-tv-enclosure-for-65inch-75inch-screens\\\/#primaryimage\",\"url\":\"https:\\\/\\\/ksproducts.ca\\\/wp-content\\\/uploads\\\/2026\\\/03\\\/Storm-Shell-Outdoor-TV-Enclosure-for-65inch-75inch-Screens.avif\",\"contentUrl\":\"https:\\\/\\\/ksproducts.ca\\\/wp-content\\\/uploads\\\/2026\\\/03\\\/Storm-Shell-Outdoor-TV-Enclosure-for-65inch-75inch-Screens.avif\",\"width\":1000,\"height\":1000,\"caption\":\"Storm Shell Outdoor TV Enclosure for 65inch 75inch Screens\"},{\"@type\":\"BreadcrumbList\",\"@id\":\"https:\\\/\\\/ksproducts.ca\\\/product\\\/storm-shell-outdoor-tv-enclosure-for-65inch-75inch-screens\\\/#breadcrumb\",\"itemListElement\":[{\"@type\":\"ListItem\",\"position\":1,\"name\":\"Home\",\"item\":\"https:\\\/\\\/ksproducts.ca\\\/\"},{\"@type\":\"ListItem\",\"position\":2,\"name\":\"Shop\",\"item\":\"https:\\\/\\\/ksproducts.ca\\\/shop\\\/\"},{\"@type\":\"ListItem\",\"position\":3,\"name\":\"Storm Shell Outdoor TV Enclosure for 65inch &#8211; 75inch Screens\"}]},{\"@type\":\"WebSite\",\"@id\":\"https:\\\/\\\/ksproducts.ca\\\/#website\",\"url\":\"https:\\\/\\\/ksproducts.ca\\\/\",\"name\":\"Ks Products\",\"description\":\"Outdoor cooking and living, made easy in Canada\",\"publisher\":{\"@id\":\"https:\\\/\\\/ksproducts.ca\\\/#organization\"},\"potentialAction\":[{\"@type\":\"SearchAction\",\"target\":{\"@type\":\"EntryPoint\",\"urlTemplate\":\"https:\\\/\\\/ksproducts.ca\\\/?s={search_term_string}\"},\"query-input\":{\"@type\":\"PropertyValueSpecification\",\"valueRequired\":true,\"valueName\":\"search_term_string\"}}],\"inLanguage\":\"fr-CA\"},{\"@type\":\"Organization\",\"@id\":\"https:\\\/\\\/ksproducts.ca\\\/#organization\",\"name\":\"Ks Products\",\"url\":\"https:\\\/\\\/ksproducts.ca\\\/\",\"logo\":{\"@type\":\"ImageObject\",\"inLanguage\":\"fr-CA\",\"@id\":\"https:\\\/\\\/ksproducts.ca\\\/#\\\/schema\\\/logo\\\/image\\\/\",\"url\":\"https:\\\/\\\/ksproducts.ca\\\/wp-content\\\/uploads\\\/2023\\\/09\\\/Kennedy-Sales-Logo-header-1.png\",\"contentUrl\":\"https:\\\/\\\/ksproducts.ca\\\/wp-content\\\/uploads\\\/2023\\\/09\\\/Kennedy-Sales-Logo-header-1.png\",\"width\":150,\"height\":77,\"caption\":\"Ks Products\"},\"image\":{\"@id\":\"https:\\\/\\\/ksproducts.ca\\\/#\\\/schema\\\/logo\\\/image\\\/\"}}]}<\/script>\n<!-- \/ Yoast SEO plugin. -->","yoast_head_json":{"title":"Storm Shell Outdoor TV Enclosure for 65inch - 75inch Screens - Ks Products","robots":{"index":"index","follow":"follow","max-snippet":"max-snippet:-1","max-image-preview":"max-image-preview:large","max-video-preview":"max-video-preview:-1"},"canonical":"https:\/\/ksproducts.ca\/fr\/product\/storm-shell-outdoor-tv-enclosure-for-65inch-75inch-screens\/","og_locale":"fr_CA","og_type":"article","og_title":"Storm Shell Outdoor TV Enclosure for 65inch - 75inch Screens - Ks Products","og_description":"Introducing the Storm Shell Outdoor Hard Shell TV Cover with a TV Wall Mount Bracket. It is a waterproof and impact-resistant storage solution. It also comes with a built-in full motion articulating arm for viewing.","og_url":"https:\/\/ksproducts.ca\/fr\/product\/storm-shell-outdoor-tv-enclosure-for-65inch-75inch-screens\/","og_site_name":"Ks Products","og_image":[{"width":150,"height":77,"url":"https:\/\/ksproducts.ca\/wp-content\/uploads\/2023\/09\/Kennedy-Sales-Logo-header-1.png","type":"image\/png"}],"twitter_card":"summary_large_image","twitter_misc":{"Estimation du temps de lecture":"1 minute"},"schema":{"@context":"https:\/\/schema.org","@graph":[{"@type":"WebPage","@id":"https:\/\/ksproducts.ca\/product\/storm-shell-outdoor-tv-enclosure-for-65inch-75inch-screens\/","url":"https:\/\/ksproducts.ca\/product\/storm-shell-outdoor-tv-enclosure-for-65inch-75inch-screens\/","name":"Storm Shell Outdoor TV Enclosure for 65inch - 75inch Screens - Ks Products","isPartOf":{"@id":"https:\/\/ksproducts.ca\/#website"},"primaryImageOfPage":{"@id":"https:\/\/ksproducts.ca\/product\/storm-shell-outdoor-tv-enclosure-for-65inch-75inch-screens\/#primaryimage"},"image":{"@id":"https:\/\/ksproducts.ca\/product\/storm-shell-outdoor-tv-enclosure-for-65inch-75inch-screens\/#primaryimage"},"thumbnailUrl":"https:\/\/ksproducts.ca\/wp-content\/uploads\/2026\/03\/Storm-Shell-Outdoor-TV-Enclosure-for-65inch-75inch-Screens.avif","datePublished":"2026-03-12T13:11:03+00:00","breadcrumb":{"@id":"https:\/\/ksproducts.ca\/product\/storm-shell-outdoor-tv-enclosure-for-65inch-75inch-screens\/#breadcrumb"},"inLanguage":"fr-CA","potentialAction":[{"@type":"ReadAction","target":["https:\/\/ksproducts.ca\/product\/storm-shell-outdoor-tv-enclosure-for-65inch-75inch-screens\/"]}]},{"@type":"ImageObject","inLanguage":"fr-CA","@id":"https:\/\/ksproducts.ca\/product\/storm-shell-outdoor-tv-enclosure-for-65inch-75inch-screens\/#primaryimage","url":"https:\/\/ksproducts.ca\/wp-content\/uploads\/2026\/03\/Storm-Shell-Outdoor-TV-Enclosure-for-65inch-75inch-Screens.avif","contentUrl":"https:\/\/ksproducts.ca\/wp-content\/uploads\/2026\/03\/Storm-Shell-Outdoor-TV-Enclosure-for-65inch-75inch-Screens.avif","width":1000,"height":1000,"caption":"Storm Shell Outdoor TV Enclosure for 65inch 75inch Screens"},{"@type":"BreadcrumbList","@id":"https:\/\/ksproducts.ca\/product\/storm-shell-outdoor-tv-enclosure-for-65inch-75inch-screens\/#breadcrumb","itemListElement":[{"@type":"ListItem","position":1,"name":"Home","item":"https:\/\/ksproducts.ca\/"},{"@type":"ListItem","position":2,"name":"Shop","item":"https:\/\/ksproducts.ca\/shop\/"},{"@type":"ListItem","position":3,"name":"Storm Shell Outdoor TV Enclosure for 65inch &#8211; 75inch Screens"}]},{"@type":"WebSite","@id":"https:\/\/ksproducts.ca\/#website","url":"https:\/\/ksproducts.ca\/","name":"Produits Ks","description":"Cuisiner et vivre en plein air, c'est facile au Canada","publisher":{"@id":"https:\/\/ksproducts.ca\/#organization"},"potentialAction":[{"@type":"SearchAction","target":{"@type":"EntryPoint","urlTemplate":"https:\/\/ksproducts.ca\/?s={search_term_string}"},"query-input":{"@type":"PropertyValueSpecification","valueRequired":true,"valueName":"search_term_string"}}],"inLanguage":"fr-CA"},{"@type":"Organization","@id":"https:\/\/ksproducts.ca\/#organization","name":"Produits Ks","url":"https:\/\/ksproducts.ca\/","logo":{"@type":"ImageObject","inLanguage":"fr-CA","@id":"https:\/\/ksproducts.ca\/#\/schema\/logo\/image\/","url":"https:\/\/ksproducts.ca\/wp-content\/uploads\/2023\/09\/Kennedy-Sales-Logo-header-1.png","contentUrl":"https:\/\/ksproducts.ca\/wp-content\/uploads\/2023\/09\/Kennedy-Sales-Logo-header-1.png","width":150,"height":77,"caption":"Ks Products"},"image":{"@id":"https:\/\/ksproducts.ca\/#\/schema\/logo\/image\/"}}]}},"_links":{"self":[{"href":"https:\/\/ksproducts.ca\/fr\/wp-json\/wp\/v2\/product\/12461","targetHints":{"allow":["GET"]}}],"collection":[{"href":"https:\/\/ksproducts.ca\/fr\/wp-json\/wp\/v2\/product"}],"about":[{"href":"https:\/\/ksproducts.ca\/fr\/wp-json\/wp\/v2\/types\/product"}],"replies":[{"embeddable":true,"href":"https:\/\/ksproducts.ca\/fr\/wp-json\/wp\/v2\/comments?post=12461"}],"version-history":[{"count":1,"href":"https:\/\/ksproducts.ca\/fr\/wp-json\/wp\/v2\/product\/12461\/revisions"}],"predecessor-version":[{"id":12463,"href":"https:\/\/ksproducts.ca\/fr\/wp-json\/wp\/v2\/product\/12461\/revisions\/12463"}],"wp:featuredmedia":[{"embeddable":true,"href":"https:\/\/ksproducts.ca\/fr\/wp-json\/wp\/v2\/media\/12462"}],"wp:attachment":[{"href":"https:\/\/ksproducts.ca\/fr\/wp-json\/wp\/v2\/media?parent=12461"}],"wp:term":[{"taxonomy":"product_cat","embeddable":true,"href":"https:\/\/ksproducts.ca\/fr\/wp-json\/wp\/v2\/product_cat?post=12461"},{"taxonomy":"product_tag","embeddable":true,"href":"https:\/\/ksproducts.ca\/fr\/wp-json\/wp\/v2\/product_tag?post=12461"}],"curies":[{"name":"wp","href":"https:\/\/api.w.org\/{rel}","templated":true}]}}