{"id":12464,"date":"2026-03-12T13:13:04","date_gmt":"2026-03-12T13:13:04","guid":{"rendered":"https:\/\/ksproducts.ca\/?post_type=product&#038;p=12464"},"modified":"2026-03-12T13:13:05","modified_gmt":"2026-03-12T13:13:05","slug":"storm-shell-enceinte-pour-barre-de-son-exterieure","status":"publish","type":"product","link":"https:\/\/ksproducts.ca\/fr\/product\/storm-shell-outdoor-sound-bar-enclosure\/","title":{"rendered":"Enceinte Storm Shell pour barre de son ext\u00e9rieure"},"content":{"rendered":"<ul>\n<li>Convient \u00e0 la pose sur des montants en brique, en b\u00e9ton ou en bois, espac\u00e9s de 16, recouverts de plaques de pl\u00e2tre, de stuc ou de bardage.<\/li>\n<li>gardez votre barre de son au sec<\/li>\n<li>Dimensions ext\u00e9rieures : 48\u2033x7\u2033x7\u2033<\/li>\n<\/ul>","protected":false},"excerpt":{"rendered":"<p>Vous pouvez d\u00e9sormais ajouter une barre de son \u00e0 votre installation TV ext\u00e9rieure en toute tranquillit\u00e9 ! Notre bo\u00eetier \u00e9tanche pour barre de son gardera votre barre de son au sec et \u00e0 l'abri des \u00e9l\u00e9ments.<\/p>","protected":false},"featured_media":12465,"comment_status":"open","ping_status":"closed","template":"","meta":[],"product_cat":[447],"product_tag":[],"class_list":{"0":"post-12464","1":"product","2":"type-product","3":"status-publish","4":"has-post-thumbnail","6":"product_cat-tv-stands-mounts","7":"product_shipping_class-class-3","9":"first","10":"instock","11":"taxable","12":"shipping-taxable","13":"purchasable","14":"product-type-simple"},"yoast_head":"<!-- This site is optimized with the Yoast SEO plugin v27.3 - https:\/\/yoast.com\/product\/yoast-seo-wordpress\/ -->\n<title>Storm Shell Outdoor Sound Bar Enclosure - Ks Products<\/title>\n<meta name=\"robots\" content=\"index, follow, max-snippet:-1, max-image-preview:large, max-video-preview:-1\" \/>\n<link rel=\"canonical\" href=\"https:\/\/ksproducts.ca\/fr\/product\/storm-shell-enceinte-pour-barre-de-son-exterieure\/\" \/>\n<meta property=\"og:locale\" content=\"fr_CA\" \/>\n<meta property=\"og:type\" content=\"article\" \/>\n<meta property=\"og:title\" content=\"Storm Shell Outdoor Sound Bar Enclosure - Ks Products\" \/>\n<meta property=\"og:description\" content=\"Now you can add a soundbar to your outdoor TV set up without any worry! Our weatherproof soundbar enclosure will keep your soundbar dry and protected from the elements.\" \/>\n<meta property=\"og:url\" content=\"https:\/\/ksproducts.ca\/fr\/product\/storm-shell-enceinte-pour-barre-de-son-exterieure\/\" \/>\n<meta property=\"og:site_name\" content=\"Ks Products\" \/>\n<meta property=\"article:modified_time\" content=\"2026-03-12T13:13:05+00:00\" \/>\n<meta property=\"og:image\" content=\"https:\/\/ksproducts.ca\/wp-content\/uploads\/2026\/03\/Storm-Shell-Outdoor-Sound-Bar-Enclosure.png\" \/>\n\t<meta property=\"og:image:width\" content=\"440\" \/>\n\t<meta property=\"og:image:height\" content=\"440\" \/>\n\t<meta property=\"og:image:type\" content=\"image\/png\" \/>\n<meta name=\"twitter:card\" content=\"summary_large_image\" \/>\n<meta name=\"twitter:label1\" content=\"Estimation du temps de lecture\" \/>\n\t<meta name=\"twitter:data1\" content=\"1 minute\" \/>\n<script type=\"application\/ld+json\" class=\"yoast-schema-graph\">{\"@context\":\"https:\\\/\\\/schema.org\",\"@graph\":[{\"@type\":\"WebPage\",\"@id\":\"https:\\\/\\\/ksproducts.ca\\\/product\\\/storm-shell-outdoor-sound-bar-enclosure\\\/\",\"url\":\"https:\\\/\\\/ksproducts.ca\\\/product\\\/storm-shell-outdoor-sound-bar-enclosure\\\/\",\"name\":\"Storm Shell Outdoor Sound Bar Enclosure - Ks Products\",\"isPartOf\":{\"@id\":\"https:\\\/\\\/ksproducts.ca\\\/#website\"},\"primaryImageOfPage\":{\"@id\":\"https:\\\/\\\/ksproducts.ca\\\/product\\\/storm-shell-outdoor-sound-bar-enclosure\\\/#primaryimage\"},\"image\":{\"@id\":\"https:\\\/\\\/ksproducts.ca\\\/product\\\/storm-shell-outdoor-sound-bar-enclosure\\\/#primaryimage\"},\"thumbnailUrl\":\"https:\\\/\\\/ksproducts.ca\\\/wp-content\\\/uploads\\\/2026\\\/03\\\/Storm-Shell-Outdoor-Sound-Bar-Enclosure.png\",\"datePublished\":\"2026-03-12T13:13:04+00:00\",\"dateModified\":\"2026-03-12T13:13:05+00:00\",\"breadcrumb\":{\"@id\":\"https:\\\/\\\/ksproducts.ca\\\/product\\\/storm-shell-outdoor-sound-bar-enclosure\\\/#breadcrumb\"},\"inLanguage\":\"fr-CA\",\"potentialAction\":[{\"@type\":\"ReadAction\",\"target\":[\"https:\\\/\\\/ksproducts.ca\\\/product\\\/storm-shell-outdoor-sound-bar-enclosure\\\/\"]}]},{\"@type\":\"ImageObject\",\"inLanguage\":\"fr-CA\",\"@id\":\"https:\\\/\\\/ksproducts.ca\\\/product\\\/storm-shell-outdoor-sound-bar-enclosure\\\/#primaryimage\",\"url\":\"https:\\\/\\\/ksproducts.ca\\\/wp-content\\\/uploads\\\/2026\\\/03\\\/Storm-Shell-Outdoor-Sound-Bar-Enclosure.png\",\"contentUrl\":\"https:\\\/\\\/ksproducts.ca\\\/wp-content\\\/uploads\\\/2026\\\/03\\\/Storm-Shell-Outdoor-Sound-Bar-Enclosure.png\",\"width\":440,\"height\":440,\"caption\":\"Storm Shell Outdoor Sound Bar Enclosure\"},{\"@type\":\"BreadcrumbList\",\"@id\":\"https:\\\/\\\/ksproducts.ca\\\/product\\\/storm-shell-outdoor-sound-bar-enclosure\\\/#breadcrumb\",\"itemListElement\":[{\"@type\":\"ListItem\",\"position\":1,\"name\":\"Home\",\"item\":\"https:\\\/\\\/ksproducts.ca\\\/\"},{\"@type\":\"ListItem\",\"position\":2,\"name\":\"Shop\",\"item\":\"https:\\\/\\\/ksproducts.ca\\\/shop\\\/\"},{\"@type\":\"ListItem\",\"position\":3,\"name\":\"Storm Shell Outdoor Sound Bar Enclosure\"}]},{\"@type\":\"WebSite\",\"@id\":\"https:\\\/\\\/ksproducts.ca\\\/#website\",\"url\":\"https:\\\/\\\/ksproducts.ca\\\/\",\"name\":\"Ks Products\",\"description\":\"Outdoor cooking and living, made easy in Canada\",\"publisher\":{\"@id\":\"https:\\\/\\\/ksproducts.ca\\\/#organization\"},\"potentialAction\":[{\"@type\":\"SearchAction\",\"target\":{\"@type\":\"EntryPoint\",\"urlTemplate\":\"https:\\\/\\\/ksproducts.ca\\\/?s={search_term_string}\"},\"query-input\":{\"@type\":\"PropertyValueSpecification\",\"valueRequired\":true,\"valueName\":\"search_term_string\"}}],\"inLanguage\":\"fr-CA\"},{\"@type\":\"Organization\",\"@id\":\"https:\\\/\\\/ksproducts.ca\\\/#organization\",\"name\":\"Ks Products\",\"url\":\"https:\\\/\\\/ksproducts.ca\\\/\",\"logo\":{\"@type\":\"ImageObject\",\"inLanguage\":\"fr-CA\",\"@id\":\"https:\\\/\\\/ksproducts.ca\\\/#\\\/schema\\\/logo\\\/image\\\/\",\"url\":\"https:\\\/\\\/ksproducts.ca\\\/wp-content\\\/uploads\\\/2023\\\/09\\\/Kennedy-Sales-Logo-header-1.png\",\"contentUrl\":\"https:\\\/\\\/ksproducts.ca\\\/wp-content\\\/uploads\\\/2023\\\/09\\\/Kennedy-Sales-Logo-header-1.png\",\"width\":150,\"height\":77,\"caption\":\"Ks Products\"},\"image\":{\"@id\":\"https:\\\/\\\/ksproducts.ca\\\/#\\\/schema\\\/logo\\\/image\\\/\"}}]}<\/script>\n<!-- \/ Yoast SEO plugin. -->","yoast_head_json":{"title":"Enceinte Storm Shell pour barre de son ext\u00e9rieure - Ks Products","robots":{"index":"index","follow":"follow","max-snippet":"max-snippet:-1","max-image-preview":"max-image-preview:large","max-video-preview":"max-video-preview:-1"},"canonical":"https:\/\/ksproducts.ca\/fr\/product\/storm-shell-enceinte-pour-barre-de-son-exterieure\/","og_locale":"fr_CA","og_type":"article","og_title":"Storm Shell Outdoor Sound Bar Enclosure - Ks Products","og_description":"Now you can add a soundbar to your outdoor TV set up without any worry! Our weatherproof soundbar enclosure will keep your soundbar dry and protected from the elements.","og_url":"https:\/\/ksproducts.ca\/fr\/product\/storm-shell-enceinte-pour-barre-de-son-exterieure\/","og_site_name":"Ks Products","article_modified_time":"2026-03-12T13:13:05+00:00","og_image":[{"width":440,"height":440,"url":"https:\/\/ksproducts.ca\/wp-content\/uploads\/2026\/03\/Storm-Shell-Outdoor-Sound-Bar-Enclosure.png","type":"image\/png"}],"twitter_card":"summary_large_image","twitter_misc":{"Estimation du temps de lecture":"1 minute"},"schema":{"@context":"https:\/\/schema.org","@graph":[{"@type":"WebPage","@id":"https:\/\/ksproducts.ca\/product\/storm-shell-outdoor-sound-bar-enclosure\/","url":"https:\/\/ksproducts.ca\/product\/storm-shell-outdoor-sound-bar-enclosure\/","name":"Enceinte Storm Shell pour barre de son ext\u00e9rieure - Ks Products","isPartOf":{"@id":"https:\/\/ksproducts.ca\/#website"},"primaryImageOfPage":{"@id":"https:\/\/ksproducts.ca\/product\/storm-shell-outdoor-sound-bar-enclosure\/#primaryimage"},"image":{"@id":"https:\/\/ksproducts.ca\/product\/storm-shell-outdoor-sound-bar-enclosure\/#primaryimage"},"thumbnailUrl":"https:\/\/ksproducts.ca\/wp-content\/uploads\/2026\/03\/Storm-Shell-Outdoor-Sound-Bar-Enclosure.png","datePublished":"2026-03-12T13:13:04+00:00","dateModified":"2026-03-12T13:13:05+00:00","breadcrumb":{"@id":"https:\/\/ksproducts.ca\/product\/storm-shell-outdoor-sound-bar-enclosure\/#breadcrumb"},"inLanguage":"fr-CA","potentialAction":[{"@type":"ReadAction","target":["https:\/\/ksproducts.ca\/product\/storm-shell-outdoor-sound-bar-enclosure\/"]}]},{"@type":"ImageObject","inLanguage":"fr-CA","@id":"https:\/\/ksproducts.ca\/product\/storm-shell-outdoor-sound-bar-enclosure\/#primaryimage","url":"https:\/\/ksproducts.ca\/wp-content\/uploads\/2026\/03\/Storm-Shell-Outdoor-Sound-Bar-Enclosure.png","contentUrl":"https:\/\/ksproducts.ca\/wp-content\/uploads\/2026\/03\/Storm-Shell-Outdoor-Sound-Bar-Enclosure.png","width":440,"height":440,"caption":"Storm Shell Outdoor Sound Bar Enclosure"},{"@type":"BreadcrumbList","@id":"https:\/\/ksproducts.ca\/product\/storm-shell-outdoor-sound-bar-enclosure\/#breadcrumb","itemListElement":[{"@type":"ListItem","position":1,"name":"Home","item":"https:\/\/ksproducts.ca\/"},{"@type":"ListItem","position":2,"name":"Shop","item":"https:\/\/ksproducts.ca\/shop\/"},{"@type":"ListItem","position":3,"name":"Storm Shell Outdoor Sound Bar Enclosure"}]},{"@type":"WebSite","@id":"https:\/\/ksproducts.ca\/#website","url":"https:\/\/ksproducts.ca\/","name":"Produits Ks","description":"Cuisiner et vivre en plein air, c'est facile au Canada","publisher":{"@id":"https:\/\/ksproducts.ca\/#organization"},"potentialAction":[{"@type":"SearchAction","target":{"@type":"EntryPoint","urlTemplate":"https:\/\/ksproducts.ca\/?s={search_term_string}"},"query-input":{"@type":"PropertyValueSpecification","valueRequired":true,"valueName":"search_term_string"}}],"inLanguage":"fr-CA"},{"@type":"Organization","@id":"https:\/\/ksproducts.ca\/#organization","name":"Produits Ks","url":"https:\/\/ksproducts.ca\/","logo":{"@type":"ImageObject","inLanguage":"fr-CA","@id":"https:\/\/ksproducts.ca\/#\/schema\/logo\/image\/","url":"https:\/\/ksproducts.ca\/wp-content\/uploads\/2023\/09\/Kennedy-Sales-Logo-header-1.png","contentUrl":"https:\/\/ksproducts.ca\/wp-content\/uploads\/2023\/09\/Kennedy-Sales-Logo-header-1.png","width":150,"height":77,"caption":"Ks Products"},"image":{"@id":"https:\/\/ksproducts.ca\/#\/schema\/logo\/image\/"}}]}},"_links":{"self":[{"href":"https:\/\/ksproducts.ca\/fr\/wp-json\/wp\/v2\/product\/12464","targetHints":{"allow":["GET"]}}],"collection":[{"href":"https:\/\/ksproducts.ca\/fr\/wp-json\/wp\/v2\/product"}],"about":[{"href":"https:\/\/ksproducts.ca\/fr\/wp-json\/wp\/v2\/types\/product"}],"replies":[{"embeddable":true,"href":"https:\/\/ksproducts.ca\/fr\/wp-json\/wp\/v2\/comments?post=12464"}],"version-history":[{"count":1,"href":"https:\/\/ksproducts.ca\/fr\/wp-json\/wp\/v2\/product\/12464\/revisions"}],"predecessor-version":[{"id":12466,"href":"https:\/\/ksproducts.ca\/fr\/wp-json\/wp\/v2\/product\/12464\/revisions\/12466"}],"wp:featuredmedia":[{"embeddable":true,"href":"https:\/\/ksproducts.ca\/fr\/wp-json\/wp\/v2\/media\/12465"}],"wp:attachment":[{"href":"https:\/\/ksproducts.ca\/fr\/wp-json\/wp\/v2\/media?parent=12464"}],"wp:term":[{"taxonomy":"product_cat","embeddable":true,"href":"https:\/\/ksproducts.ca\/fr\/wp-json\/wp\/v2\/product_cat?post=12464"},{"taxonomy":"product_tag","embeddable":true,"href":"https:\/\/ksproducts.ca\/fr\/wp-json\/wp\/v2\/product_tag?post=12464"}],"curies":[{"name":"wp","href":"https:\/\/api.w.org\/{rel}","templated":true}]}}