{"id":12471,"date":"2026-03-12T13:21:52","date_gmt":"2026-03-12T13:21:52","guid":{"rendered":"https:\/\/ksproducts.ca\/?post_type=product&#038;p=12471"},"modified":"2026-03-12T13:21:52","modified_gmt":"2026-03-12T13:21:52","slug":"table-luxor-a-hauteur-reglable-avec-manivelle-et-loquets-a-degagement-rapide-pour-un-rangement-facile-72-x-45","status":"publish","type":"product","link":"https:\/\/ksproducts.ca\/fr\/product\/luxor-adjustable-height-flip-top-table-with-crank-handle-and-quick-release-latches-for-easy-storage-72-x-45\/","title":{"rendered":"Table Luxor \u00e0 hauteur r\u00e9glable avec manivelle et loquets \u00e0 d\u00e9gagement rapide pour un rangement facile - 72 x 45"},"content":{"rendered":"<section class=\"page-product__section page-product__section--top page-product__section--bordered\" data-track-section-name=\"description\">\n<div class=\"row\">\n<div class=\"col-xs-12\">\n<div class=\"page-product__description\">\n<ul>\n<li>S'ajuste entre 30 et 45,25 pouces pour les utilisateurs assis ou debout.<\/li>\n<li>La table est l\u00e9g\u00e8re et se d\u00e9place facilement sur quatre roulettes de 3 pouces (dont deux avec frein).<\/li>\n<li>Trac\u00e9 des trous de passage<\/li>\n<li>Montage et d\u00e9montage faciles gr\u00e2ce \u00e0 des loquets de d\u00e9verrouillage sous la table<\/li>\n<li>Plusieurs tables s'embo\u00eetent les unes dans les autres pour faciliter le rangement.<\/li>\n<li>Capacit\u00e9 de poids de 150 livres.<\/li>\n<\/ul>\n<\/div>\n<div class=\"page-product__section__icons\"><\/div>\n<\/div>\n<\/div>\n<\/section>","protected":false},"excerpt":{"rendered":"<p>La table basculante Luxor est un bureau assis\/debout polyvalent, parfait pour les \u00e9coles, les salles de formation ou les bureaux en g\u00e9n\u00e9ral. La manivelle pratique permet de r\u00e9gler la hauteur de la table de 30 \u00e0 42,25 pouces pour s'adapter \u00e0 une gamme d'utilisateurs assis ou debout, tandis que les roulettes verrouillables de 3\u2033 permettent une mobilit\u00e9 ais\u00e9e. En plus de sa polyvalence, chaque table peut \u00eatre pli\u00e9e pour un rangement peu encombrant \u00e0 l'aide de deux poign\u00e9es qui la font basculer en position d'embo\u00eetement. Choisissez la table Luxor 72-in adjustable flip top pour cr\u00e9er un espace de travail professionnel et ergonomique.<\/p>","protected":false},"featured_media":12472,"comment_status":"open","ping_status":"closed","template":"","meta":[],"product_cat":[434],"product_tag":[],"class_list":{"0":"post-12471","1":"product","2":"type-product","3":"status-publish","4":"has-post-thumbnail","6":"product_cat-desks","7":"product_shipping_class-class-4","9":"first","10":"instock","11":"taxable","12":"shipping-taxable","13":"purchasable","14":"product-type-simple"},"yoast_head":"<!-- This site is optimized with the Yoast SEO plugin v27.4 - https:\/\/yoast.com\/product\/yoast-seo-wordpress\/ -->\n<title>Luxor Adjustable-Height Flip-Top Table with Crank Handle and Quick Release Latches for Easy Storage - 72 x 45 - Ks Products<\/title>\n<meta name=\"robots\" content=\"index, follow, max-snippet:-1, max-image-preview:large, max-video-preview:-1\" \/>\n<link rel=\"canonical\" href=\"https:\/\/ksproducts.ca\/fr\/product\/table-luxor-a-hauteur-reglable-avec-manivelle-et-loquets-a-degagement-rapide-pour-un-rangement-facile-72-x-45\/\" \/>\n<meta property=\"og:locale\" content=\"fr_CA\" \/>\n<meta property=\"og:type\" content=\"article\" \/>\n<meta property=\"og:title\" content=\"Luxor Adjustable-Height Flip-Top Table with Crank Handle and Quick Release Latches for Easy Storage - 72 x 45 - Ks Products\" \/>\n<meta property=\"og:description\" content=\"The Luxor flip-top table is a multipurpose sit\/stand desk that&#039;s perfect for schools, training rooms or general office use. The convenient crank handle adjusts the table height from 30-in to 42.25-in to accommodate a range of seated or standing users, while 3&quot; locking casters allow for easy mobility. Adding to its versatility, each table can be neatly folded for space-saving storage using two pull handles that flip the table into a nesting position. Choose the Luxor 72-in adjustable flip top table to create a professional, ergonomic workspace.\" \/>\n<meta property=\"og:url\" content=\"https:\/\/ksproducts.ca\/fr\/product\/table-luxor-a-hauteur-reglable-avec-manivelle-et-loquets-a-degagement-rapide-pour-un-rangement-facile-72-x-45\/\" \/>\n<meta property=\"og:site_name\" content=\"Ks Products\" \/>\n<meta property=\"og:image\" content=\"https:\/\/ksproducts.ca\/wp-content\/uploads\/2026\/03\/Luxor-Adjustable-Height-Flip-Top-Table-with-Crank-Handle-and-Quick-Release-Latches-for-Easy-Storage-72-x-45.jpg\" \/>\n\t<meta property=\"og:image:width\" content=\"600\" \/>\n\t<meta property=\"og:image:height\" content=\"600\" \/>\n\t<meta property=\"og:image:type\" content=\"image\/jpeg\" \/>\n<meta name=\"twitter:card\" content=\"summary_large_image\" \/>\n<meta name=\"twitter:label1\" content=\"Estimation du temps de lecture\" \/>\n\t<meta name=\"twitter:data1\" content=\"1 minute\" \/>\n<script type=\"application\/ld+json\" class=\"yoast-schema-graph\">{\"@context\":\"https:\\\/\\\/schema.org\",\"@graph\":[{\"@type\":\"WebPage\",\"@id\":\"https:\\\/\\\/ksproducts.ca\\\/product\\\/luxor-adjustable-height-flip-top-table-with-crank-handle-and-quick-release-latches-for-easy-storage-72-x-45\\\/\",\"url\":\"https:\\\/\\\/ksproducts.ca\\\/product\\\/luxor-adjustable-height-flip-top-table-with-crank-handle-and-quick-release-latches-for-easy-storage-72-x-45\\\/\",\"name\":\"Luxor Adjustable-Height Flip-Top Table with Crank Handle and Quick Release Latches for Easy Storage - 72 x 45 - Ks Products\",\"isPartOf\":{\"@id\":\"https:\\\/\\\/ksproducts.ca\\\/#website\"},\"primaryImageOfPage\":{\"@id\":\"https:\\\/\\\/ksproducts.ca\\\/product\\\/luxor-adjustable-height-flip-top-table-with-crank-handle-and-quick-release-latches-for-easy-storage-72-x-45\\\/#primaryimage\"},\"image\":{\"@id\":\"https:\\\/\\\/ksproducts.ca\\\/product\\\/luxor-adjustable-height-flip-top-table-with-crank-handle-and-quick-release-latches-for-easy-storage-72-x-45\\\/#primaryimage\"},\"thumbnailUrl\":\"https:\\\/\\\/ksproducts.ca\\\/wp-content\\\/uploads\\\/2026\\\/03\\\/Luxor-Adjustable-Height-Flip-Top-Table-with-Crank-Handle-and-Quick-Release-Latches-for-Easy-Storage-72-x-45.jpg\",\"datePublished\":\"2026-03-12T13:21:52+00:00\",\"breadcrumb\":{\"@id\":\"https:\\\/\\\/ksproducts.ca\\\/product\\\/luxor-adjustable-height-flip-top-table-with-crank-handle-and-quick-release-latches-for-easy-storage-72-x-45\\\/#breadcrumb\"},\"inLanguage\":\"fr-CA\",\"potentialAction\":[{\"@type\":\"ReadAction\",\"target\":[\"https:\\\/\\\/ksproducts.ca\\\/product\\\/luxor-adjustable-height-flip-top-table-with-crank-handle-and-quick-release-latches-for-easy-storage-72-x-45\\\/\"]}]},{\"@type\":\"ImageObject\",\"inLanguage\":\"fr-CA\",\"@id\":\"https:\\\/\\\/ksproducts.ca\\\/product\\\/luxor-adjustable-height-flip-top-table-with-crank-handle-and-quick-release-latches-for-easy-storage-72-x-45\\\/#primaryimage\",\"url\":\"https:\\\/\\\/ksproducts.ca\\\/wp-content\\\/uploads\\\/2026\\\/03\\\/Luxor-Adjustable-Height-Flip-Top-Table-with-Crank-Handle-and-Quick-Release-Latches-for-Easy-Storage-72-x-45.jpg\",\"contentUrl\":\"https:\\\/\\\/ksproducts.ca\\\/wp-content\\\/uploads\\\/2026\\\/03\\\/Luxor-Adjustable-Height-Flip-Top-Table-with-Crank-Handle-and-Quick-Release-Latches-for-Easy-Storage-72-x-45.jpg\",\"width\":600,\"height\":600,\"caption\":\"Luxor Adjustable Height Flip Top Table with Crank Handle and Quick Release Latches for Easy Storage 72 x 45\"},{\"@type\":\"BreadcrumbList\",\"@id\":\"https:\\\/\\\/ksproducts.ca\\\/product\\\/luxor-adjustable-height-flip-top-table-with-crank-handle-and-quick-release-latches-for-easy-storage-72-x-45\\\/#breadcrumb\",\"itemListElement\":[{\"@type\":\"ListItem\",\"position\":1,\"name\":\"Home\",\"item\":\"https:\\\/\\\/ksproducts.ca\\\/\"},{\"@type\":\"ListItem\",\"position\":2,\"name\":\"Shop\",\"item\":\"https:\\\/\\\/ksproducts.ca\\\/shop\\\/\"},{\"@type\":\"ListItem\",\"position\":3,\"name\":\"Luxor Adjustable-Height Flip-Top Table with Crank Handle and Quick Release Latches for Easy Storage &#8211; 72 x 45\"}]},{\"@type\":\"WebSite\",\"@id\":\"https:\\\/\\\/ksproducts.ca\\\/#website\",\"url\":\"https:\\\/\\\/ksproducts.ca\\\/\",\"name\":\"Ks Products\",\"description\":\"Outdoor cooking and living, made easy in Canada\",\"publisher\":{\"@id\":\"https:\\\/\\\/ksproducts.ca\\\/#organization\"},\"potentialAction\":[{\"@type\":\"SearchAction\",\"target\":{\"@type\":\"EntryPoint\",\"urlTemplate\":\"https:\\\/\\\/ksproducts.ca\\\/?s={search_term_string}\"},\"query-input\":{\"@type\":\"PropertyValueSpecification\",\"valueRequired\":true,\"valueName\":\"search_term_string\"}}],\"inLanguage\":\"fr-CA\"},{\"@type\":\"Organization\",\"@id\":\"https:\\\/\\\/ksproducts.ca\\\/#organization\",\"name\":\"Ks Products\",\"url\":\"https:\\\/\\\/ksproducts.ca\\\/\",\"logo\":{\"@type\":\"ImageObject\",\"inLanguage\":\"fr-CA\",\"@id\":\"https:\\\/\\\/ksproducts.ca\\\/#\\\/schema\\\/logo\\\/image\\\/\",\"url\":\"https:\\\/\\\/ksproducts.ca\\\/wp-content\\\/uploads\\\/2023\\\/09\\\/Kennedy-Sales-Logo-header-1.png\",\"contentUrl\":\"https:\\\/\\\/ksproducts.ca\\\/wp-content\\\/uploads\\\/2023\\\/09\\\/Kennedy-Sales-Logo-header-1.png\",\"width\":150,\"height\":77,\"caption\":\"Ks Products\"},\"image\":{\"@id\":\"https:\\\/\\\/ksproducts.ca\\\/#\\\/schema\\\/logo\\\/image\\\/\"}}]}<\/script>\n<!-- \/ Yoast SEO plugin. -->","yoast_head_json":{"title":"Table Luxor \u00e0 hauteur r\u00e9glable avec poign\u00e9e \u00e0 manivelle et loquets \u00e0 d\u00e9gagement rapide pour un rangement facile - 72 x 45 - Ks Products","robots":{"index":"index","follow":"follow","max-snippet":"max-snippet:-1","max-image-preview":"max-image-preview:large","max-video-preview":"max-video-preview:-1"},"canonical":"https:\/\/ksproducts.ca\/fr\/product\/table-luxor-a-hauteur-reglable-avec-manivelle-et-loquets-a-degagement-rapide-pour-un-rangement-facile-72-x-45\/","og_locale":"fr_CA","og_type":"article","og_title":"Luxor Adjustable-Height Flip-Top Table with Crank Handle and Quick Release Latches for Easy Storage - 72 x 45 - Ks Products","og_description":"The Luxor flip-top table is a multipurpose sit\/stand desk that's perfect for schools, training rooms or general office use. The convenient crank handle adjusts the table height from 30-in to 42.25-in to accommodate a range of seated or standing users, while 3\" locking casters allow for easy mobility. Adding to its versatility, each table can be neatly folded for space-saving storage using two pull handles that flip the table into a nesting position. Choose the Luxor 72-in adjustable flip top table to create a professional, ergonomic workspace.","og_url":"https:\/\/ksproducts.ca\/fr\/product\/table-luxor-a-hauteur-reglable-avec-manivelle-et-loquets-a-degagement-rapide-pour-un-rangement-facile-72-x-45\/","og_site_name":"Ks Products","og_image":[{"width":600,"height":600,"url":"https:\/\/ksproducts.ca\/wp-content\/uploads\/2026\/03\/Luxor-Adjustable-Height-Flip-Top-Table-with-Crank-Handle-and-Quick-Release-Latches-for-Easy-Storage-72-x-45.jpg","type":"image\/jpeg"}],"twitter_card":"summary_large_image","twitter_misc":{"Estimation du temps de lecture":"1 minute"},"schema":{"@context":"https:\/\/schema.org","@graph":[{"@type":"WebPage","@id":"https:\/\/ksproducts.ca\/product\/luxor-adjustable-height-flip-top-table-with-crank-handle-and-quick-release-latches-for-easy-storage-72-x-45\/","url":"https:\/\/ksproducts.ca\/product\/luxor-adjustable-height-flip-top-table-with-crank-handle-and-quick-release-latches-for-easy-storage-72-x-45\/","name":"Table Luxor \u00e0 hauteur r\u00e9glable avec poign\u00e9e \u00e0 manivelle et loquets \u00e0 d\u00e9gagement rapide pour un rangement facile - 72 x 45 - Ks Products","isPartOf":{"@id":"https:\/\/ksproducts.ca\/#website"},"primaryImageOfPage":{"@id":"https:\/\/ksproducts.ca\/product\/luxor-adjustable-height-flip-top-table-with-crank-handle-and-quick-release-latches-for-easy-storage-72-x-45\/#primaryimage"},"image":{"@id":"https:\/\/ksproducts.ca\/product\/luxor-adjustable-height-flip-top-table-with-crank-handle-and-quick-release-latches-for-easy-storage-72-x-45\/#primaryimage"},"thumbnailUrl":"https:\/\/ksproducts.ca\/wp-content\/uploads\/2026\/03\/Luxor-Adjustable-Height-Flip-Top-Table-with-Crank-Handle-and-Quick-Release-Latches-for-Easy-Storage-72-x-45.jpg","datePublished":"2026-03-12T13:21:52+00:00","breadcrumb":{"@id":"https:\/\/ksproducts.ca\/product\/luxor-adjustable-height-flip-top-table-with-crank-handle-and-quick-release-latches-for-easy-storage-72-x-45\/#breadcrumb"},"inLanguage":"fr-CA","potentialAction":[{"@type":"ReadAction","target":["https:\/\/ksproducts.ca\/product\/luxor-adjustable-height-flip-top-table-with-crank-handle-and-quick-release-latches-for-easy-storage-72-x-45\/"]}]},{"@type":"ImageObject","inLanguage":"fr-CA","@id":"https:\/\/ksproducts.ca\/product\/luxor-adjustable-height-flip-top-table-with-crank-handle-and-quick-release-latches-for-easy-storage-72-x-45\/#primaryimage","url":"https:\/\/ksproducts.ca\/wp-content\/uploads\/2026\/03\/Luxor-Adjustable-Height-Flip-Top-Table-with-Crank-Handle-and-Quick-Release-Latches-for-Easy-Storage-72-x-45.jpg","contentUrl":"https:\/\/ksproducts.ca\/wp-content\/uploads\/2026\/03\/Luxor-Adjustable-Height-Flip-Top-Table-with-Crank-Handle-and-Quick-Release-Latches-for-Easy-Storage-72-x-45.jpg","width":600,"height":600,"caption":"Luxor Adjustable Height Flip Top Table with Crank Handle and Quick Release Latches for Easy Storage 72 x 45"},{"@type":"BreadcrumbList","@id":"https:\/\/ksproducts.ca\/product\/luxor-adjustable-height-flip-top-table-with-crank-handle-and-quick-release-latches-for-easy-storage-72-x-45\/#breadcrumb","itemListElement":[{"@type":"ListItem","position":1,"name":"Home","item":"https:\/\/ksproducts.ca\/"},{"@type":"ListItem","position":2,"name":"Shop","item":"https:\/\/ksproducts.ca\/shop\/"},{"@type":"ListItem","position":3,"name":"Luxor Adjustable-Height Flip-Top Table with Crank Handle and Quick Release Latches for Easy Storage &#8211; 72 x 45"}]},{"@type":"WebSite","@id":"https:\/\/ksproducts.ca\/#website","url":"https:\/\/ksproducts.ca\/","name":"Produits Ks","description":"Cuisiner et vivre en plein air, c'est facile au Canada","publisher":{"@id":"https:\/\/ksproducts.ca\/#organization"},"potentialAction":[{"@type":"SearchAction","target":{"@type":"EntryPoint","urlTemplate":"https:\/\/ksproducts.ca\/?s={search_term_string}"},"query-input":{"@type":"PropertyValueSpecification","valueRequired":true,"valueName":"search_term_string"}}],"inLanguage":"fr-CA"},{"@type":"Organization","@id":"https:\/\/ksproducts.ca\/#organization","name":"Produits Ks","url":"https:\/\/ksproducts.ca\/","logo":{"@type":"ImageObject","inLanguage":"fr-CA","@id":"https:\/\/ksproducts.ca\/#\/schema\/logo\/image\/","url":"https:\/\/ksproducts.ca\/wp-content\/uploads\/2023\/09\/Kennedy-Sales-Logo-header-1.png","contentUrl":"https:\/\/ksproducts.ca\/wp-content\/uploads\/2023\/09\/Kennedy-Sales-Logo-header-1.png","width":150,"height":77,"caption":"Ks Products"},"image":{"@id":"https:\/\/ksproducts.ca\/#\/schema\/logo\/image\/"}}]}},"_links":{"self":[{"href":"https:\/\/ksproducts.ca\/fr\/wp-json\/wp\/v2\/product\/12471","targetHints":{"allow":["GET"]}}],"collection":[{"href":"https:\/\/ksproducts.ca\/fr\/wp-json\/wp\/v2\/product"}],"about":[{"href":"https:\/\/ksproducts.ca\/fr\/wp-json\/wp\/v2\/types\/product"}],"replies":[{"embeddable":true,"href":"https:\/\/ksproducts.ca\/fr\/wp-json\/wp\/v2\/comments?post=12471"}],"version-history":[{"count":1,"href":"https:\/\/ksproducts.ca\/fr\/wp-json\/wp\/v2\/product\/12471\/revisions"}],"predecessor-version":[{"id":12473,"href":"https:\/\/ksproducts.ca\/fr\/wp-json\/wp\/v2\/product\/12471\/revisions\/12473"}],"wp:featuredmedia":[{"embeddable":true,"href":"https:\/\/ksproducts.ca\/fr\/wp-json\/wp\/v2\/media\/12472"}],"wp:attachment":[{"href":"https:\/\/ksproducts.ca\/fr\/wp-json\/wp\/v2\/media?parent=12471"}],"wp:term":[{"taxonomy":"product_cat","embeddable":true,"href":"https:\/\/ksproducts.ca\/fr\/wp-json\/wp\/v2\/product_cat?post=12471"},{"taxonomy":"product_tag","embeddable":true,"href":"https:\/\/ksproducts.ca\/fr\/wp-json\/wp\/v2\/product_tag?post=12471"}],"curies":[{"name":"wp","href":"https:\/\/api.w.org\/{rel}","templated":true}]}}