{"id":12474,"date":"2026-03-12T13:34:41","date_gmt":"2026-03-12T13:34:41","guid":{"rendered":"https:\/\/ksproducts.ca\/?post_type=product&#038;p=12474"},"modified":"2026-03-12T13:34:41","modified_gmt":"2026-03-12T13:34:41","slug":"luxor-station-de-presentation-a-deux-niveaux-de-24-pouces-a-hauteur-reglable-avec-cadre-en-acier-et-roulettes-noir","status":"publish","type":"product","link":"https:\/\/ksproducts.ca\/fr\/product\/luxor-two-tier-24inch-adjustable-height-presentation-station-with-steel-frame-and-casters-black\/","title":{"rendered":"Luxor Poste de pr\u00e9sentation \u00e0 deux niveaux de 24 pouces \u00e0 hauteur r\u00e9glable avec cadre en acier et roulettes - Noir"},"content":{"rendered":"<ul>\n<li>Mobile et r\u00e9glable pour plus de confort et de productivit\u00e9<\/li>\n<li>Dimensions globales de 24\u2033L x 29\u2033D x hauteur variable<\/li>\n<li>L'\u00e9tag\u00e8re sup\u00e9rieure mesure 24\u2033L x 14\u2033D avec une hauteur r\u00e9glable de 33,98\u2033 \u00e0 45,79\u2033H.<\/li>\n<\/ul>","protected":false},"excerpt":{"rendered":"<p>Le bureau Luxor Manual Adjustable Stand-Up offre une conception polyvalente \u00e0 deux niveaux qui maintient les \u00e9crans \u00e0 hauteur des yeux tout en gardant les claviers \u00e0 une port\u00e9e ergonomique. La surface en bois stratifi\u00e9 ajoute une touche d'\u00e9l\u00e9gance et de durabilit\u00e9 \u00e0 l'espace de travail, tandis que le cadre en acier renforc\u00e9 soutient solidement les deux \u00e9tag\u00e8res \u00e0 n'importe quelle hauteur. Les roulettes, dont deux avec frein de blocage, assurent \u00e0 la fois mobilit\u00e9 et stabilit\u00e9. Profitez des avantages en termes de productivit\u00e9 et de sant\u00e9 d'un espace de travail mobile et debout.<\/p>","protected":false},"featured_media":12475,"comment_status":"open","ping_status":"closed","template":"","meta":[],"product_cat":[434],"product_tag":[],"class_list":{"0":"post-12474","1":"product","2":"type-product","3":"status-publish","4":"has-post-thumbnail","6":"product_cat-desks","7":"product_shipping_class-class-4","9":"first","10":"instock","11":"taxable","12":"shipping-taxable","13":"purchasable","14":"product-type-simple"},"yoast_head":"<!-- This site is optimized with the Yoast SEO plugin v27.3 - https:\/\/yoast.com\/product\/yoast-seo-wordpress\/ -->\n<title>Luxor Two-Tier 24inch Adjustable-Height Presentation Station with Steel Frame and Casters - Black - Ks Products<\/title>\n<meta name=\"robots\" content=\"index, follow, max-snippet:-1, max-image-preview:large, max-video-preview:-1\" \/>\n<link rel=\"canonical\" href=\"https:\/\/ksproducts.ca\/fr\/product\/luxor-station-de-presentation-a-deux-niveaux-de-24-pouces-a-hauteur-reglable-avec-cadre-en-acier-et-roulettes-noir\/\" \/>\n<meta property=\"og:locale\" content=\"fr_CA\" \/>\n<meta property=\"og:type\" content=\"article\" \/>\n<meta property=\"og:title\" content=\"Luxor Two-Tier 24inch Adjustable-Height Presentation Station with Steel Frame and Casters - Black - Ks Products\" \/>\n<meta property=\"og:description\" content=\"Taking stand-up design to new levels, the Luxor Manual Adjustable Stand-Up desk offers a versatile two-tier design that holds monitors at eye level while keeping keyboards within ergonomic reach. A laminate wood surface adds a stylish yet durable top that provides plenty of workspace, and a reinforced steel frame securely supports both shelves at any height. Rolling casters, two with locking brakes, provide both mobility and stability. Enjoy the productivity and health benefits of a moveable, stand-up workspace.\" \/>\n<meta property=\"og:url\" content=\"https:\/\/ksproducts.ca\/fr\/product\/luxor-station-de-presentation-a-deux-niveaux-de-24-pouces-a-hauteur-reglable-avec-cadre-en-acier-et-roulettes-noir\/\" \/>\n<meta property=\"og:site_name\" content=\"Ks Products\" \/>\n<meta property=\"og:image\" content=\"https:\/\/ksproducts.ca\/wp-content\/uploads\/2026\/03\/Luxor-Two-Tier-24inch-Adjustable-Height-Presentation-Station-with-Steel-Frame-and-Casters-Black.jpg\" \/>\n\t<meta property=\"og:image:width\" content=\"600\" \/>\n\t<meta property=\"og:image:height\" content=\"600\" \/>\n\t<meta property=\"og:image:type\" content=\"image\/jpeg\" \/>\n<meta name=\"twitter:card\" content=\"summary_large_image\" \/>\n<meta name=\"twitter:label1\" content=\"Estimation du temps de lecture\" \/>\n\t<meta name=\"twitter:data1\" content=\"1 minute\" \/>\n<script type=\"application\/ld+json\" class=\"yoast-schema-graph\">{\"@context\":\"https:\\\/\\\/schema.org\",\"@graph\":[{\"@type\":\"WebPage\",\"@id\":\"https:\\\/\\\/ksproducts.ca\\\/product\\\/luxor-two-tier-24inch-adjustable-height-presentation-station-with-steel-frame-and-casters-black\\\/\",\"url\":\"https:\\\/\\\/ksproducts.ca\\\/product\\\/luxor-two-tier-24inch-adjustable-height-presentation-station-with-steel-frame-and-casters-black\\\/\",\"name\":\"Luxor Two-Tier 24inch Adjustable-Height Presentation Station with Steel Frame and Casters - Black - Ks Products\",\"isPartOf\":{\"@id\":\"https:\\\/\\\/ksproducts.ca\\\/#website\"},\"primaryImageOfPage\":{\"@id\":\"https:\\\/\\\/ksproducts.ca\\\/product\\\/luxor-two-tier-24inch-adjustable-height-presentation-station-with-steel-frame-and-casters-black\\\/#primaryimage\"},\"image\":{\"@id\":\"https:\\\/\\\/ksproducts.ca\\\/product\\\/luxor-two-tier-24inch-adjustable-height-presentation-station-with-steel-frame-and-casters-black\\\/#primaryimage\"},\"thumbnailUrl\":\"https:\\\/\\\/ksproducts.ca\\\/wp-content\\\/uploads\\\/2026\\\/03\\\/Luxor-Two-Tier-24inch-Adjustable-Height-Presentation-Station-with-Steel-Frame-and-Casters-Black.jpg\",\"datePublished\":\"2026-03-12T13:34:41+00:00\",\"breadcrumb\":{\"@id\":\"https:\\\/\\\/ksproducts.ca\\\/product\\\/luxor-two-tier-24inch-adjustable-height-presentation-station-with-steel-frame-and-casters-black\\\/#breadcrumb\"},\"inLanguage\":\"fr-CA\",\"potentialAction\":[{\"@type\":\"ReadAction\",\"target\":[\"https:\\\/\\\/ksproducts.ca\\\/product\\\/luxor-two-tier-24inch-adjustable-height-presentation-station-with-steel-frame-and-casters-black\\\/\"]}]},{\"@type\":\"ImageObject\",\"inLanguage\":\"fr-CA\",\"@id\":\"https:\\\/\\\/ksproducts.ca\\\/product\\\/luxor-two-tier-24inch-adjustable-height-presentation-station-with-steel-frame-and-casters-black\\\/#primaryimage\",\"url\":\"https:\\\/\\\/ksproducts.ca\\\/wp-content\\\/uploads\\\/2026\\\/03\\\/Luxor-Two-Tier-24inch-Adjustable-Height-Presentation-Station-with-Steel-Frame-and-Casters-Black.jpg\",\"contentUrl\":\"https:\\\/\\\/ksproducts.ca\\\/wp-content\\\/uploads\\\/2026\\\/03\\\/Luxor-Two-Tier-24inch-Adjustable-Height-Presentation-Station-with-Steel-Frame-and-Casters-Black.jpg\",\"width\":600,\"height\":600,\"caption\":\"Luxor Two Tier 24inch Adjustable Height Presentation Station with Steel Frame and Casters Black\"},{\"@type\":\"BreadcrumbList\",\"@id\":\"https:\\\/\\\/ksproducts.ca\\\/product\\\/luxor-two-tier-24inch-adjustable-height-presentation-station-with-steel-frame-and-casters-black\\\/#breadcrumb\",\"itemListElement\":[{\"@type\":\"ListItem\",\"position\":1,\"name\":\"Home\",\"item\":\"https:\\\/\\\/ksproducts.ca\\\/\"},{\"@type\":\"ListItem\",\"position\":2,\"name\":\"Shop\",\"item\":\"https:\\\/\\\/ksproducts.ca\\\/shop\\\/\"},{\"@type\":\"ListItem\",\"position\":3,\"name\":\"Luxor Two-Tier 24inch Adjustable-Height Presentation Station with Steel Frame and Casters &#8211; Black\"}]},{\"@type\":\"WebSite\",\"@id\":\"https:\\\/\\\/ksproducts.ca\\\/#website\",\"url\":\"https:\\\/\\\/ksproducts.ca\\\/\",\"name\":\"Ks Products\",\"description\":\"Outdoor cooking and living, made easy in Canada\",\"publisher\":{\"@id\":\"https:\\\/\\\/ksproducts.ca\\\/#organization\"},\"potentialAction\":[{\"@type\":\"SearchAction\",\"target\":{\"@type\":\"EntryPoint\",\"urlTemplate\":\"https:\\\/\\\/ksproducts.ca\\\/?s={search_term_string}\"},\"query-input\":{\"@type\":\"PropertyValueSpecification\",\"valueRequired\":true,\"valueName\":\"search_term_string\"}}],\"inLanguage\":\"fr-CA\"},{\"@type\":\"Organization\",\"@id\":\"https:\\\/\\\/ksproducts.ca\\\/#organization\",\"name\":\"Ks Products\",\"url\":\"https:\\\/\\\/ksproducts.ca\\\/\",\"logo\":{\"@type\":\"ImageObject\",\"inLanguage\":\"fr-CA\",\"@id\":\"https:\\\/\\\/ksproducts.ca\\\/#\\\/schema\\\/logo\\\/image\\\/\",\"url\":\"https:\\\/\\\/ksproducts.ca\\\/wp-content\\\/uploads\\\/2023\\\/09\\\/Kennedy-Sales-Logo-header-1.png\",\"contentUrl\":\"https:\\\/\\\/ksproducts.ca\\\/wp-content\\\/uploads\\\/2023\\\/09\\\/Kennedy-Sales-Logo-header-1.png\",\"width\":150,\"height\":77,\"caption\":\"Ks Products\"},\"image\":{\"@id\":\"https:\\\/\\\/ksproducts.ca\\\/#\\\/schema\\\/logo\\\/image\\\/\"}}]}<\/script>\n<!-- \/ Yoast SEO plugin. -->","yoast_head_json":{"title":"Poste de pr\u00e9sentation Luxor \u00e0 deux niveaux de 24 pouces \u00e0 hauteur r\u00e9glable avec cadre en acier et roulettes - Noir - Ks Products","robots":{"index":"index","follow":"follow","max-snippet":"max-snippet:-1","max-image-preview":"max-image-preview:large","max-video-preview":"max-video-preview:-1"},"canonical":"https:\/\/ksproducts.ca\/fr\/product\/luxor-station-de-presentation-a-deux-niveaux-de-24-pouces-a-hauteur-reglable-avec-cadre-en-acier-et-roulettes-noir\/","og_locale":"fr_CA","og_type":"article","og_title":"Luxor Two-Tier 24inch Adjustable-Height Presentation Station with Steel Frame and Casters - Black - Ks Products","og_description":"Taking stand-up design to new levels, the Luxor Manual Adjustable Stand-Up desk offers a versatile two-tier design that holds monitors at eye level while keeping keyboards within ergonomic reach. A laminate wood surface adds a stylish yet durable top that provides plenty of workspace, and a reinforced steel frame securely supports both shelves at any height. Rolling casters, two with locking brakes, provide both mobility and stability. Enjoy the productivity and health benefits of a moveable, stand-up workspace.","og_url":"https:\/\/ksproducts.ca\/fr\/product\/luxor-station-de-presentation-a-deux-niveaux-de-24-pouces-a-hauteur-reglable-avec-cadre-en-acier-et-roulettes-noir\/","og_site_name":"Ks Products","og_image":[{"width":600,"height":600,"url":"https:\/\/ksproducts.ca\/wp-content\/uploads\/2026\/03\/Luxor-Two-Tier-24inch-Adjustable-Height-Presentation-Station-with-Steel-Frame-and-Casters-Black.jpg","type":"image\/jpeg"}],"twitter_card":"summary_large_image","twitter_misc":{"Estimation du temps de lecture":"1 minute"},"schema":{"@context":"https:\/\/schema.org","@graph":[{"@type":"WebPage","@id":"https:\/\/ksproducts.ca\/product\/luxor-two-tier-24inch-adjustable-height-presentation-station-with-steel-frame-and-casters-black\/","url":"https:\/\/ksproducts.ca\/product\/luxor-two-tier-24inch-adjustable-height-presentation-station-with-steel-frame-and-casters-black\/","name":"Poste de pr\u00e9sentation Luxor \u00e0 deux niveaux de 24 pouces \u00e0 hauteur r\u00e9glable avec cadre en acier et roulettes - Noir - Ks Products","isPartOf":{"@id":"https:\/\/ksproducts.ca\/#website"},"primaryImageOfPage":{"@id":"https:\/\/ksproducts.ca\/product\/luxor-two-tier-24inch-adjustable-height-presentation-station-with-steel-frame-and-casters-black\/#primaryimage"},"image":{"@id":"https:\/\/ksproducts.ca\/product\/luxor-two-tier-24inch-adjustable-height-presentation-station-with-steel-frame-and-casters-black\/#primaryimage"},"thumbnailUrl":"https:\/\/ksproducts.ca\/wp-content\/uploads\/2026\/03\/Luxor-Two-Tier-24inch-Adjustable-Height-Presentation-Station-with-Steel-Frame-and-Casters-Black.jpg","datePublished":"2026-03-12T13:34:41+00:00","breadcrumb":{"@id":"https:\/\/ksproducts.ca\/product\/luxor-two-tier-24inch-adjustable-height-presentation-station-with-steel-frame-and-casters-black\/#breadcrumb"},"inLanguage":"fr-CA","potentialAction":[{"@type":"ReadAction","target":["https:\/\/ksproducts.ca\/product\/luxor-two-tier-24inch-adjustable-height-presentation-station-with-steel-frame-and-casters-black\/"]}]},{"@type":"ImageObject","inLanguage":"fr-CA","@id":"https:\/\/ksproducts.ca\/product\/luxor-two-tier-24inch-adjustable-height-presentation-station-with-steel-frame-and-casters-black\/#primaryimage","url":"https:\/\/ksproducts.ca\/wp-content\/uploads\/2026\/03\/Luxor-Two-Tier-24inch-Adjustable-Height-Presentation-Station-with-Steel-Frame-and-Casters-Black.jpg","contentUrl":"https:\/\/ksproducts.ca\/wp-content\/uploads\/2026\/03\/Luxor-Two-Tier-24inch-Adjustable-Height-Presentation-Station-with-Steel-Frame-and-Casters-Black.jpg","width":600,"height":600,"caption":"Luxor Two Tier 24inch Adjustable Height Presentation Station with Steel Frame and Casters Black"},{"@type":"BreadcrumbList","@id":"https:\/\/ksproducts.ca\/product\/luxor-two-tier-24inch-adjustable-height-presentation-station-with-steel-frame-and-casters-black\/#breadcrumb","itemListElement":[{"@type":"ListItem","position":1,"name":"Home","item":"https:\/\/ksproducts.ca\/"},{"@type":"ListItem","position":2,"name":"Shop","item":"https:\/\/ksproducts.ca\/shop\/"},{"@type":"ListItem","position":3,"name":"Luxor Two-Tier 24inch Adjustable-Height Presentation Station with Steel Frame and Casters &#8211; Black"}]},{"@type":"WebSite","@id":"https:\/\/ksproducts.ca\/#website","url":"https:\/\/ksproducts.ca\/","name":"Produits Ks","description":"Cuisiner et vivre en plein air, c'est facile au Canada","publisher":{"@id":"https:\/\/ksproducts.ca\/#organization"},"potentialAction":[{"@type":"SearchAction","target":{"@type":"EntryPoint","urlTemplate":"https:\/\/ksproducts.ca\/?s={search_term_string}"},"query-input":{"@type":"PropertyValueSpecification","valueRequired":true,"valueName":"search_term_string"}}],"inLanguage":"fr-CA"},{"@type":"Organization","@id":"https:\/\/ksproducts.ca\/#organization","name":"Produits Ks","url":"https:\/\/ksproducts.ca\/","logo":{"@type":"ImageObject","inLanguage":"fr-CA","@id":"https:\/\/ksproducts.ca\/#\/schema\/logo\/image\/","url":"https:\/\/ksproducts.ca\/wp-content\/uploads\/2023\/09\/Kennedy-Sales-Logo-header-1.png","contentUrl":"https:\/\/ksproducts.ca\/wp-content\/uploads\/2023\/09\/Kennedy-Sales-Logo-header-1.png","width":150,"height":77,"caption":"Ks Products"},"image":{"@id":"https:\/\/ksproducts.ca\/#\/schema\/logo\/image\/"}}]}},"_links":{"self":[{"href":"https:\/\/ksproducts.ca\/fr\/wp-json\/wp\/v2\/product\/12474","targetHints":{"allow":["GET"]}}],"collection":[{"href":"https:\/\/ksproducts.ca\/fr\/wp-json\/wp\/v2\/product"}],"about":[{"href":"https:\/\/ksproducts.ca\/fr\/wp-json\/wp\/v2\/types\/product"}],"replies":[{"embeddable":true,"href":"https:\/\/ksproducts.ca\/fr\/wp-json\/wp\/v2\/comments?post=12474"}],"version-history":[{"count":1,"href":"https:\/\/ksproducts.ca\/fr\/wp-json\/wp\/v2\/product\/12474\/revisions"}],"predecessor-version":[{"id":12476,"href":"https:\/\/ksproducts.ca\/fr\/wp-json\/wp\/v2\/product\/12474\/revisions\/12476"}],"wp:featuredmedia":[{"embeddable":true,"href":"https:\/\/ksproducts.ca\/fr\/wp-json\/wp\/v2\/media\/12475"}],"wp:attachment":[{"href":"https:\/\/ksproducts.ca\/fr\/wp-json\/wp\/v2\/media?parent=12474"}],"wp:term":[{"taxonomy":"product_cat","embeddable":true,"href":"https:\/\/ksproducts.ca\/fr\/wp-json\/wp\/v2\/product_cat?post=12474"},{"taxonomy":"product_tag","embeddable":true,"href":"https:\/\/ksproducts.ca\/fr\/wp-json\/wp\/v2\/product_tag?post=12474"}],"curies":[{"name":"wp","href":"https:\/\/api.w.org\/{rel}","templated":true}]}}