{"id":12477,"date":"2026-03-12T13:37:56","date_gmt":"2026-03-12T13:37:56","guid":{"rendered":"https:\/\/ksproducts.ca\/?post_type=product&#038;p=12477"},"modified":"2026-03-12T13:37:56","modified_gmt":"2026-03-12T13:37:56","slug":"luxor-station-de-presentation-a-deux-niveaux-de-32-pouces-a-hauteur-reglable-avec-cadre-en-acier-et-roulettes-noir","status":"publish","type":"product","link":"https:\/\/ksproducts.ca\/fr\/product\/luxor-two-tier-32inch-adjustable-height-presentation-station-with-steel-frame-and-casters-black\/","title":{"rendered":"Luxor Poste de pr\u00e9sentation \u00e0 deux niveaux de 32 pouces \u00e0 hauteur r\u00e9glable avec cadre en acier et roulettes - Noir"},"content":{"rendered":"<ul>\n<li>Dimensions globales de 31,5 L x 29 P x hauteur variable<\/li>\n<li>Cadre en acier durable avec finition en peinture poudre.<\/li>\n<li>\u00c9tag\u00e8re \u00e0 deux niveaux avec double surface en bois stratifi\u00e9. L'\u00e9tag\u00e8re sup\u00e9rieure mesure 31,5 x 14 pouces avec une hauteur r\u00e9glable de 34 \u00e0 46 pouces. L'\u00e9tag\u00e8re inf\u00e9rieure mesure 31,5 x 16 pouces avec une hauteur r\u00e9glable de 28,5 \u00e0 40,5 pouces.<\/li>\n<li>La hauteur des \u00e9tag\u00e8res inf\u00e9rieure et sup\u00e9rieure se r\u00e8gle simultan\u00e9ment par incr\u00e9ments de 1 pouce.<\/li>\n<li>Quatre roulettes de 3 pouces pour meubles<\/li>\n<li>Comprend toute la quincaillerie et les outils n\u00e9cessaires \u00e0 l'assemblage.<\/li>\n<li>Conforme \u00e0 la norme ANSI\/BIFMA<\/li>\n<\/ul>","protected":false},"excerpt":{"rendered":"<p>Le bureau assis-debout Luxor 31,5 pouces, r\u00e9glable manuellement, offre une conception polyvalente \u00e0 deux niveaux qui maintient les \u00e9crans \u00e0 hauteur des yeux tout en gardant les claviers \u00e0 une port\u00e9e ergonomique. La surface en bois stratifi\u00e9 ajoute une touche d'\u00e9l\u00e9gance et de durabilit\u00e9 \u00e0 l'espace de travail, tandis que le cadre en acier renforc\u00e9 supporte les deux \u00e9tag\u00e8res en toute s\u00e9curit\u00e9 et \u00e0 n'importe quelle hauteur. Les roulettes, dont deux avec frein de blocage, assurent \u00e0 la fois mobilit\u00e9 et stabilit\u00e9. Profitez des avantages en termes de productivit\u00e9 et de sant\u00e9 d'un espace de travail mobile et debout.<\/p>","protected":false},"featured_media":12478,"comment_status":"open","ping_status":"closed","template":"","meta":[],"product_cat":[434],"product_tag":[],"class_list":{"0":"post-12477","1":"product","2":"type-product","3":"status-publish","4":"has-post-thumbnail","6":"product_cat-desks","7":"product_shipping_class-class-3","9":"first","10":"instock","11":"taxable","12":"shipping-taxable","13":"purchasable","14":"product-type-simple"},"yoast_head":"<!-- This site is optimized with the Yoast SEO plugin v27.4 - https:\/\/yoast.com\/product\/yoast-seo-wordpress\/ -->\n<title>Luxor Two-Tier 32inch Adjustable-Height Presentation Station with Steel Frame and Casters - Black - Ks Products<\/title>\n<meta name=\"robots\" content=\"index, follow, max-snippet:-1, max-image-preview:large, max-video-preview:-1\" \/>\n<link rel=\"canonical\" href=\"https:\/\/ksproducts.ca\/fr\/product\/luxor-station-de-presentation-a-deux-niveaux-de-32-pouces-a-hauteur-reglable-avec-cadre-en-acier-et-roulettes-noir\/\" \/>\n<meta property=\"og:locale\" content=\"fr_CA\" \/>\n<meta property=\"og:type\" content=\"article\" \/>\n<meta property=\"og:title\" content=\"Luxor Two-Tier 32inch Adjustable-Height Presentation Station with Steel Frame and Casters - Black - Ks Products\" \/>\n<meta property=\"og:description\" content=\"Taking stand-up design to new levels, the Luxor 31.5-in manual adjustable stand-up desk offers a versatile two-tier design that holds monitors at eye level while keeping keyboards within ergonomic reach. A laminate wood surface adds a stylish yet durable top that provides plenty of workspace, and a reinforced steel frame securely supports both shelves at any height. Rolling casters, two with locking brakes, provide both mobility and stability. Enjoy the productivity and health benefits of a moveable, stand-up workspace.\" \/>\n<meta property=\"og:url\" content=\"https:\/\/ksproducts.ca\/fr\/product\/luxor-station-de-presentation-a-deux-niveaux-de-32-pouces-a-hauteur-reglable-avec-cadre-en-acier-et-roulettes-noir\/\" \/>\n<meta property=\"og:site_name\" content=\"Ks Products\" \/>\n<meta property=\"og:image\" content=\"https:\/\/ksproducts.ca\/wp-content\/uploads\/2026\/03\/Luxor-Two-Tier-32inch-Adjustable-Height-Presentation-Station-with-Steel-Frame-and-Casters-Black.jpg\" \/>\n\t<meta property=\"og:image:width\" content=\"600\" \/>\n\t<meta property=\"og:image:height\" content=\"600\" \/>\n\t<meta property=\"og:image:type\" content=\"image\/jpeg\" \/>\n<meta name=\"twitter:card\" content=\"summary_large_image\" \/>\n<meta name=\"twitter:label1\" content=\"Estimation du temps de lecture\" \/>\n\t<meta name=\"twitter:data1\" content=\"1 minute\" \/>\n<script type=\"application\/ld+json\" class=\"yoast-schema-graph\">{\"@context\":\"https:\\\/\\\/schema.org\",\"@graph\":[{\"@type\":\"WebPage\",\"@id\":\"https:\\\/\\\/ksproducts.ca\\\/product\\\/luxor-two-tier-32inch-adjustable-height-presentation-station-with-steel-frame-and-casters-black\\\/\",\"url\":\"https:\\\/\\\/ksproducts.ca\\\/product\\\/luxor-two-tier-32inch-adjustable-height-presentation-station-with-steel-frame-and-casters-black\\\/\",\"name\":\"Luxor Two-Tier 32inch Adjustable-Height Presentation Station with Steel Frame and Casters - Black - Ks Products\",\"isPartOf\":{\"@id\":\"https:\\\/\\\/ksproducts.ca\\\/#website\"},\"primaryImageOfPage\":{\"@id\":\"https:\\\/\\\/ksproducts.ca\\\/product\\\/luxor-two-tier-32inch-adjustable-height-presentation-station-with-steel-frame-and-casters-black\\\/#primaryimage\"},\"image\":{\"@id\":\"https:\\\/\\\/ksproducts.ca\\\/product\\\/luxor-two-tier-32inch-adjustable-height-presentation-station-with-steel-frame-and-casters-black\\\/#primaryimage\"},\"thumbnailUrl\":\"https:\\\/\\\/ksproducts.ca\\\/wp-content\\\/uploads\\\/2026\\\/03\\\/Luxor-Two-Tier-32inch-Adjustable-Height-Presentation-Station-with-Steel-Frame-and-Casters-Black.jpg\",\"datePublished\":\"2026-03-12T13:37:56+00:00\",\"breadcrumb\":{\"@id\":\"https:\\\/\\\/ksproducts.ca\\\/product\\\/luxor-two-tier-32inch-adjustable-height-presentation-station-with-steel-frame-and-casters-black\\\/#breadcrumb\"},\"inLanguage\":\"fr-CA\",\"potentialAction\":[{\"@type\":\"ReadAction\",\"target\":[\"https:\\\/\\\/ksproducts.ca\\\/product\\\/luxor-two-tier-32inch-adjustable-height-presentation-station-with-steel-frame-and-casters-black\\\/\"]}]},{\"@type\":\"ImageObject\",\"inLanguage\":\"fr-CA\",\"@id\":\"https:\\\/\\\/ksproducts.ca\\\/product\\\/luxor-two-tier-32inch-adjustable-height-presentation-station-with-steel-frame-and-casters-black\\\/#primaryimage\",\"url\":\"https:\\\/\\\/ksproducts.ca\\\/wp-content\\\/uploads\\\/2026\\\/03\\\/Luxor-Two-Tier-32inch-Adjustable-Height-Presentation-Station-with-Steel-Frame-and-Casters-Black.jpg\",\"contentUrl\":\"https:\\\/\\\/ksproducts.ca\\\/wp-content\\\/uploads\\\/2026\\\/03\\\/Luxor-Two-Tier-32inch-Adjustable-Height-Presentation-Station-with-Steel-Frame-and-Casters-Black.jpg\",\"width\":600,\"height\":600,\"caption\":\"Luxor Two Tier 32inch Adjustable Height Presentation Station with Steel Frame and Casters Black\"},{\"@type\":\"BreadcrumbList\",\"@id\":\"https:\\\/\\\/ksproducts.ca\\\/product\\\/luxor-two-tier-32inch-adjustable-height-presentation-station-with-steel-frame-and-casters-black\\\/#breadcrumb\",\"itemListElement\":[{\"@type\":\"ListItem\",\"position\":1,\"name\":\"Home\",\"item\":\"https:\\\/\\\/ksproducts.ca\\\/\"},{\"@type\":\"ListItem\",\"position\":2,\"name\":\"Shop\",\"item\":\"https:\\\/\\\/ksproducts.ca\\\/shop\\\/\"},{\"@type\":\"ListItem\",\"position\":3,\"name\":\"Luxor Two-Tier 32inch Adjustable-Height Presentation Station with Steel Frame and Casters &#8211; Black\"}]},{\"@type\":\"WebSite\",\"@id\":\"https:\\\/\\\/ksproducts.ca\\\/#website\",\"url\":\"https:\\\/\\\/ksproducts.ca\\\/\",\"name\":\"Ks Products\",\"description\":\"Outdoor cooking and living, made easy in Canada\",\"publisher\":{\"@id\":\"https:\\\/\\\/ksproducts.ca\\\/#organization\"},\"potentialAction\":[{\"@type\":\"SearchAction\",\"target\":{\"@type\":\"EntryPoint\",\"urlTemplate\":\"https:\\\/\\\/ksproducts.ca\\\/?s={search_term_string}\"},\"query-input\":{\"@type\":\"PropertyValueSpecification\",\"valueRequired\":true,\"valueName\":\"search_term_string\"}}],\"inLanguage\":\"fr-CA\"},{\"@type\":\"Organization\",\"@id\":\"https:\\\/\\\/ksproducts.ca\\\/#organization\",\"name\":\"Ks Products\",\"url\":\"https:\\\/\\\/ksproducts.ca\\\/\",\"logo\":{\"@type\":\"ImageObject\",\"inLanguage\":\"fr-CA\",\"@id\":\"https:\\\/\\\/ksproducts.ca\\\/#\\\/schema\\\/logo\\\/image\\\/\",\"url\":\"https:\\\/\\\/ksproducts.ca\\\/wp-content\\\/uploads\\\/2023\\\/09\\\/Kennedy-Sales-Logo-header-1.png\",\"contentUrl\":\"https:\\\/\\\/ksproducts.ca\\\/wp-content\\\/uploads\\\/2023\\\/09\\\/Kennedy-Sales-Logo-header-1.png\",\"width\":150,\"height\":77,\"caption\":\"Ks Products\"},\"image\":{\"@id\":\"https:\\\/\\\/ksproducts.ca\\\/#\\\/schema\\\/logo\\\/image\\\/\"}}]}<\/script>\n<!-- \/ Yoast SEO plugin. -->","yoast_head_json":{"title":"Luxor Poste de pr\u00e9sentation \u00e0 deux niveaux de 32 pouces \u00e0 hauteur r\u00e9glable avec cadre en acier et roulettes - Noir - Ks Products","robots":{"index":"index","follow":"follow","max-snippet":"max-snippet:-1","max-image-preview":"max-image-preview:large","max-video-preview":"max-video-preview:-1"},"canonical":"https:\/\/ksproducts.ca\/fr\/product\/luxor-station-de-presentation-a-deux-niveaux-de-32-pouces-a-hauteur-reglable-avec-cadre-en-acier-et-roulettes-noir\/","og_locale":"fr_CA","og_type":"article","og_title":"Luxor Two-Tier 32inch Adjustable-Height Presentation Station with Steel Frame and Casters - Black - Ks Products","og_description":"Taking stand-up design to new levels, the Luxor 31.5-in manual adjustable stand-up desk offers a versatile two-tier design that holds monitors at eye level while keeping keyboards within ergonomic reach. A laminate wood surface adds a stylish yet durable top that provides plenty of workspace, and a reinforced steel frame securely supports both shelves at any height. Rolling casters, two with locking brakes, provide both mobility and stability. Enjoy the productivity and health benefits of a moveable, stand-up workspace.","og_url":"https:\/\/ksproducts.ca\/fr\/product\/luxor-station-de-presentation-a-deux-niveaux-de-32-pouces-a-hauteur-reglable-avec-cadre-en-acier-et-roulettes-noir\/","og_site_name":"Ks Products","og_image":[{"width":600,"height":600,"url":"https:\/\/ksproducts.ca\/wp-content\/uploads\/2026\/03\/Luxor-Two-Tier-32inch-Adjustable-Height-Presentation-Station-with-Steel-Frame-and-Casters-Black.jpg","type":"image\/jpeg"}],"twitter_card":"summary_large_image","twitter_misc":{"Estimation du temps de lecture":"1 minute"},"schema":{"@context":"https:\/\/schema.org","@graph":[{"@type":"WebPage","@id":"https:\/\/ksproducts.ca\/product\/luxor-two-tier-32inch-adjustable-height-presentation-station-with-steel-frame-and-casters-black\/","url":"https:\/\/ksproducts.ca\/product\/luxor-two-tier-32inch-adjustable-height-presentation-station-with-steel-frame-and-casters-black\/","name":"Luxor Poste de pr\u00e9sentation \u00e0 deux niveaux de 32 pouces \u00e0 hauteur r\u00e9glable avec cadre en acier et roulettes - Noir - Ks Products","isPartOf":{"@id":"https:\/\/ksproducts.ca\/#website"},"primaryImageOfPage":{"@id":"https:\/\/ksproducts.ca\/product\/luxor-two-tier-32inch-adjustable-height-presentation-station-with-steel-frame-and-casters-black\/#primaryimage"},"image":{"@id":"https:\/\/ksproducts.ca\/product\/luxor-two-tier-32inch-adjustable-height-presentation-station-with-steel-frame-and-casters-black\/#primaryimage"},"thumbnailUrl":"https:\/\/ksproducts.ca\/wp-content\/uploads\/2026\/03\/Luxor-Two-Tier-32inch-Adjustable-Height-Presentation-Station-with-Steel-Frame-and-Casters-Black.jpg","datePublished":"2026-03-12T13:37:56+00:00","breadcrumb":{"@id":"https:\/\/ksproducts.ca\/product\/luxor-two-tier-32inch-adjustable-height-presentation-station-with-steel-frame-and-casters-black\/#breadcrumb"},"inLanguage":"fr-CA","potentialAction":[{"@type":"ReadAction","target":["https:\/\/ksproducts.ca\/product\/luxor-two-tier-32inch-adjustable-height-presentation-station-with-steel-frame-and-casters-black\/"]}]},{"@type":"ImageObject","inLanguage":"fr-CA","@id":"https:\/\/ksproducts.ca\/product\/luxor-two-tier-32inch-adjustable-height-presentation-station-with-steel-frame-and-casters-black\/#primaryimage","url":"https:\/\/ksproducts.ca\/wp-content\/uploads\/2026\/03\/Luxor-Two-Tier-32inch-Adjustable-Height-Presentation-Station-with-Steel-Frame-and-Casters-Black.jpg","contentUrl":"https:\/\/ksproducts.ca\/wp-content\/uploads\/2026\/03\/Luxor-Two-Tier-32inch-Adjustable-Height-Presentation-Station-with-Steel-Frame-and-Casters-Black.jpg","width":600,"height":600,"caption":"Luxor Two Tier 32inch Adjustable Height Presentation Station with Steel Frame and Casters Black"},{"@type":"BreadcrumbList","@id":"https:\/\/ksproducts.ca\/product\/luxor-two-tier-32inch-adjustable-height-presentation-station-with-steel-frame-and-casters-black\/#breadcrumb","itemListElement":[{"@type":"ListItem","position":1,"name":"Home","item":"https:\/\/ksproducts.ca\/"},{"@type":"ListItem","position":2,"name":"Shop","item":"https:\/\/ksproducts.ca\/shop\/"},{"@type":"ListItem","position":3,"name":"Luxor Two-Tier 32inch Adjustable-Height Presentation Station with Steel Frame and Casters &#8211; Black"}]},{"@type":"WebSite","@id":"https:\/\/ksproducts.ca\/#website","url":"https:\/\/ksproducts.ca\/","name":"Produits Ks","description":"Cuisiner et vivre en plein air, c'est facile au Canada","publisher":{"@id":"https:\/\/ksproducts.ca\/#organization"},"potentialAction":[{"@type":"SearchAction","target":{"@type":"EntryPoint","urlTemplate":"https:\/\/ksproducts.ca\/?s={search_term_string}"},"query-input":{"@type":"PropertyValueSpecification","valueRequired":true,"valueName":"search_term_string"}}],"inLanguage":"fr-CA"},{"@type":"Organization","@id":"https:\/\/ksproducts.ca\/#organization","name":"Produits Ks","url":"https:\/\/ksproducts.ca\/","logo":{"@type":"ImageObject","inLanguage":"fr-CA","@id":"https:\/\/ksproducts.ca\/#\/schema\/logo\/image\/","url":"https:\/\/ksproducts.ca\/wp-content\/uploads\/2023\/09\/Kennedy-Sales-Logo-header-1.png","contentUrl":"https:\/\/ksproducts.ca\/wp-content\/uploads\/2023\/09\/Kennedy-Sales-Logo-header-1.png","width":150,"height":77,"caption":"Ks Products"},"image":{"@id":"https:\/\/ksproducts.ca\/#\/schema\/logo\/image\/"}}]}},"_links":{"self":[{"href":"https:\/\/ksproducts.ca\/fr\/wp-json\/wp\/v2\/product\/12477","targetHints":{"allow":["GET"]}}],"collection":[{"href":"https:\/\/ksproducts.ca\/fr\/wp-json\/wp\/v2\/product"}],"about":[{"href":"https:\/\/ksproducts.ca\/fr\/wp-json\/wp\/v2\/types\/product"}],"replies":[{"embeddable":true,"href":"https:\/\/ksproducts.ca\/fr\/wp-json\/wp\/v2\/comments?post=12477"}],"version-history":[{"count":1,"href":"https:\/\/ksproducts.ca\/fr\/wp-json\/wp\/v2\/product\/12477\/revisions"}],"predecessor-version":[{"id":12479,"href":"https:\/\/ksproducts.ca\/fr\/wp-json\/wp\/v2\/product\/12477\/revisions\/12479"}],"wp:featuredmedia":[{"embeddable":true,"href":"https:\/\/ksproducts.ca\/fr\/wp-json\/wp\/v2\/media\/12478"}],"wp:attachment":[{"href":"https:\/\/ksproducts.ca\/fr\/wp-json\/wp\/v2\/media?parent=12477"}],"wp:term":[{"taxonomy":"product_cat","embeddable":true,"href":"https:\/\/ksproducts.ca\/fr\/wp-json\/wp\/v2\/product_cat?post=12477"},{"taxonomy":"product_tag","embeddable":true,"href":"https:\/\/ksproducts.ca\/fr\/wp-json\/wp\/v2\/product_tag?post=12477"}],"curies":[{"name":"wp","href":"https:\/\/api.w.org\/{rel}","templated":true}]}}