{"id":12480,"date":"2026-03-12T13:40:11","date_gmt":"2026-03-12T13:40:11","guid":{"rendered":"https:\/\/ksproducts.ca\/?post_type=product&#038;p=12480"},"modified":"2026-03-12T13:43:07","modified_gmt":"2026-03-12T13:43:07","slug":"luxor-station-de-presentation-a-deux-niveaux-de-32-pouces-a-hauteur-reglable-avec-cadre-en-acier-et-roulettes-noyer-fonce","status":"publish","type":"product","link":"https:\/\/ksproducts.ca\/fr\/product\/luxor-two-tier-32inch-adjustable-height-presentation-station-with-steel-frame-and-casters-dark-walnut\/","title":{"rendered":"Luxor Poste de pr\u00e9sentation \u00e0 deux niveaux de 32 pouces \u00e0 hauteur r\u00e9glable avec cadre en acier et roulettes - Noyer fonc\u00e9"},"content":{"rendered":"<ul>\n<li>Cadre en acier durable avec finition en peinture poudre.<\/li>\n<li>\u00c9tag\u00e8re \u00e0 deux niveaux avec double surface en bois stratifi\u00e9.<\/li>\n<li>La hauteur des \u00e9tag\u00e8res inf\u00e9rieure et sup\u00e9rieure se r\u00e8gle simultan\u00e9ment par incr\u00e9ments de 1 pouce.<\/li>\n<li>Quatre roulettes de 3 pouces pour meubles<\/li>\n<li>Comprend toute la quincaillerie et les outils n\u00e9cessaires \u00e0 l'assemblage.<\/li>\n<\/ul>","protected":false},"excerpt":{"rendered":"<p>Le poste de travail debout mobile Luxor est un appareil multifonctionnel. Vous pouvez l'utiliser pour ranger du mat\u00e9riel de bureau, comme poste de travail ou comme station d'acc\u00e8s pour remplir des formulaires. Avec une hauteur r\u00e9glable et des roulettes, le poste de travail debout mobile de 31,5 pouces est un excellent compl\u00e9ment pour une vari\u00e9t\u00e9 d'environnements de travail. Dimensions globales de 31,5\u2033L x 29\u2033D x hauteur variable de 46 pouces.<\/p>","protected":false},"featured_media":12481,"comment_status":"open","ping_status":"closed","template":"","meta":[],"product_cat":[434],"product_tag":[],"class_list":{"0":"post-12480","1":"product","2":"type-product","3":"status-publish","4":"has-post-thumbnail","6":"product_cat-desks","7":"product_shipping_class-class-4","9":"first","10":"instock","11":"taxable","12":"shipping-taxable","13":"purchasable","14":"product-type-simple"},"yoast_head":"<!-- This site is optimized with the Yoast SEO plugin v27.3 - https:\/\/yoast.com\/product\/yoast-seo-wordpress\/ -->\n<title>Luxor Two-Tier 32inch Adjustable-Height Presentation Station with Steel Frame and Casters - Dark Walnut - Ks Products<\/title>\n<meta name=\"robots\" content=\"index, follow, max-snippet:-1, max-image-preview:large, max-video-preview:-1\" \/>\n<link rel=\"canonical\" href=\"https:\/\/ksproducts.ca\/fr\/product\/luxor-station-de-presentation-a-deux-niveaux-de-32-pouces-a-hauteur-reglable-avec-cadre-en-acier-et-roulettes-noyer-fonce\/\" \/>\n<meta property=\"og:locale\" content=\"fr_CA\" \/>\n<meta property=\"og:type\" content=\"article\" \/>\n<meta property=\"og:title\" content=\"Luxor Two-Tier 32inch Adjustable-Height Presentation Station with Steel Frame and Casters - Dark Walnut - Ks Products\" \/>\n<meta property=\"og:description\" content=\"The Luxor mobile standing workstation is a multifunctional unit. You can use it for holding office materials, as a workstation, or as a walk-up station to fill out forms. With an adjustable height and rolling casters, the 31.5-in Mobile Standing Workstation is a great addition for a variety of work environments. Overall dimensions of 31.5&quot;W x 29&quot;D x variable 46-in adjustable height range.\" \/>\n<meta property=\"og:url\" content=\"https:\/\/ksproducts.ca\/fr\/product\/luxor-station-de-presentation-a-deux-niveaux-de-32-pouces-a-hauteur-reglable-avec-cadre-en-acier-et-roulettes-noyer-fonce\/\" \/>\n<meta property=\"og:site_name\" content=\"Ks Products\" \/>\n<meta property=\"article:modified_time\" content=\"2026-03-12T13:43:07+00:00\" \/>\n<meta property=\"og:image\" content=\"https:\/\/ksproducts.ca\/wp-content\/uploads\/2023\/09\/Kennedy-Sales-Logo-header-1.png\" \/>\n\t<meta property=\"og:image:width\" content=\"150\" \/>\n\t<meta property=\"og:image:height\" content=\"77\" \/>\n\t<meta property=\"og:image:type\" content=\"image\/png\" \/>\n<meta name=\"twitter:card\" content=\"summary_large_image\" \/>\n<meta name=\"twitter:label1\" content=\"Estimation du temps de lecture\" \/>\n\t<meta name=\"twitter:data1\" content=\"1 minute\" \/>\n<script type=\"application\/ld+json\" class=\"yoast-schema-graph\">{\"@context\":\"https:\\\/\\\/schema.org\",\"@graph\":[{\"@type\":\"WebPage\",\"@id\":\"https:\\\/\\\/ksproducts.ca\\\/product\\\/luxor-two-tier-32inch-adjustable-height-presentation-station-with-steel-frame-and-casters-dark-walnut\\\/\",\"url\":\"https:\\\/\\\/ksproducts.ca\\\/product\\\/luxor-two-tier-32inch-adjustable-height-presentation-station-with-steel-frame-and-casters-dark-walnut\\\/\",\"name\":\"Luxor Two-Tier 32inch Adjustable-Height Presentation Station with Steel Frame and Casters - Dark Walnut - Ks Products\",\"isPartOf\":{\"@id\":\"https:\\\/\\\/ksproducts.ca\\\/#website\"},\"primaryImageOfPage\":{\"@id\":\"https:\\\/\\\/ksproducts.ca\\\/product\\\/luxor-two-tier-32inch-adjustable-height-presentation-station-with-steel-frame-and-casters-dark-walnut\\\/#primaryimage\"},\"image\":{\"@id\":\"https:\\\/\\\/ksproducts.ca\\\/product\\\/luxor-two-tier-32inch-adjustable-height-presentation-station-with-steel-frame-and-casters-dark-walnut\\\/#primaryimage\"},\"thumbnailUrl\":\"https:\\\/\\\/ksproducts.ca\\\/wp-content\\\/uploads\\\/2026\\\/03\\\/Luxor-Two-Tier-32inch-Adjustable-Height-Presentation-Station-with-Steel-Frame-and-Casters-Dark-Walnut.avif\",\"datePublished\":\"2026-03-12T13:40:11+00:00\",\"dateModified\":\"2026-03-12T13:43:07+00:00\",\"breadcrumb\":{\"@id\":\"https:\\\/\\\/ksproducts.ca\\\/product\\\/luxor-two-tier-32inch-adjustable-height-presentation-station-with-steel-frame-and-casters-dark-walnut\\\/#breadcrumb\"},\"inLanguage\":\"fr-CA\",\"potentialAction\":[{\"@type\":\"ReadAction\",\"target\":[\"https:\\\/\\\/ksproducts.ca\\\/product\\\/luxor-two-tier-32inch-adjustable-height-presentation-station-with-steel-frame-and-casters-dark-walnut\\\/\"]}]},{\"@type\":\"ImageObject\",\"inLanguage\":\"fr-CA\",\"@id\":\"https:\\\/\\\/ksproducts.ca\\\/product\\\/luxor-two-tier-32inch-adjustable-height-presentation-station-with-steel-frame-and-casters-dark-walnut\\\/#primaryimage\",\"url\":\"https:\\\/\\\/ksproducts.ca\\\/wp-content\\\/uploads\\\/2026\\\/03\\\/Luxor-Two-Tier-32inch-Adjustable-Height-Presentation-Station-with-Steel-Frame-and-Casters-Dark-Walnut.avif\",\"contentUrl\":\"https:\\\/\\\/ksproducts.ca\\\/wp-content\\\/uploads\\\/2026\\\/03\\\/Luxor-Two-Tier-32inch-Adjustable-Height-Presentation-Station-with-Steel-Frame-and-Casters-Dark-Walnut.avif\",\"width\":1000,\"height\":1000,\"caption\":\"Luxor Two Tier 32inch Adjustable Height Presentation Station with Steel Frame and Casters Dark Walnut\"},{\"@type\":\"BreadcrumbList\",\"@id\":\"https:\\\/\\\/ksproducts.ca\\\/product\\\/luxor-two-tier-32inch-adjustable-height-presentation-station-with-steel-frame-and-casters-dark-walnut\\\/#breadcrumb\",\"itemListElement\":[{\"@type\":\"ListItem\",\"position\":1,\"name\":\"Home\",\"item\":\"https:\\\/\\\/ksproducts.ca\\\/\"},{\"@type\":\"ListItem\",\"position\":2,\"name\":\"Shop\",\"item\":\"https:\\\/\\\/ksproducts.ca\\\/shop\\\/\"},{\"@type\":\"ListItem\",\"position\":3,\"name\":\"Luxor Two-Tier 32inch Adjustable-Height Presentation Station with Steel Frame and Casters &#8211; Dark Walnut\"}]},{\"@type\":\"WebSite\",\"@id\":\"https:\\\/\\\/ksproducts.ca\\\/#website\",\"url\":\"https:\\\/\\\/ksproducts.ca\\\/\",\"name\":\"Ks Products\",\"description\":\"Outdoor cooking and living, made easy in Canada\",\"publisher\":{\"@id\":\"https:\\\/\\\/ksproducts.ca\\\/#organization\"},\"potentialAction\":[{\"@type\":\"SearchAction\",\"target\":{\"@type\":\"EntryPoint\",\"urlTemplate\":\"https:\\\/\\\/ksproducts.ca\\\/?s={search_term_string}\"},\"query-input\":{\"@type\":\"PropertyValueSpecification\",\"valueRequired\":true,\"valueName\":\"search_term_string\"}}],\"inLanguage\":\"fr-CA\"},{\"@type\":\"Organization\",\"@id\":\"https:\\\/\\\/ksproducts.ca\\\/#organization\",\"name\":\"Ks Products\",\"url\":\"https:\\\/\\\/ksproducts.ca\\\/\",\"logo\":{\"@type\":\"ImageObject\",\"inLanguage\":\"fr-CA\",\"@id\":\"https:\\\/\\\/ksproducts.ca\\\/#\\\/schema\\\/logo\\\/image\\\/\",\"url\":\"https:\\\/\\\/ksproducts.ca\\\/wp-content\\\/uploads\\\/2023\\\/09\\\/Kennedy-Sales-Logo-header-1.png\",\"contentUrl\":\"https:\\\/\\\/ksproducts.ca\\\/wp-content\\\/uploads\\\/2023\\\/09\\\/Kennedy-Sales-Logo-header-1.png\",\"width\":150,\"height\":77,\"caption\":\"Ks Products\"},\"image\":{\"@id\":\"https:\\\/\\\/ksproducts.ca\\\/#\\\/schema\\\/logo\\\/image\\\/\"}}]}<\/script>\n<!-- \/ Yoast SEO plugin. -->","yoast_head_json":{"title":"Luxor Poste de pr\u00e9sentation \u00e0 deux niveaux de 32 pouces \u00e0 hauteur r\u00e9glable avec cadre en acier et roulettes - Noyer fonc\u00e9 - Ks Products","robots":{"index":"index","follow":"follow","max-snippet":"max-snippet:-1","max-image-preview":"max-image-preview:large","max-video-preview":"max-video-preview:-1"},"canonical":"https:\/\/ksproducts.ca\/fr\/product\/luxor-station-de-presentation-a-deux-niveaux-de-32-pouces-a-hauteur-reglable-avec-cadre-en-acier-et-roulettes-noyer-fonce\/","og_locale":"fr_CA","og_type":"article","og_title":"Luxor Two-Tier 32inch Adjustable-Height Presentation Station with Steel Frame and Casters - Dark Walnut - Ks Products","og_description":"The Luxor mobile standing workstation is a multifunctional unit. You can use it for holding office materials, as a workstation, or as a walk-up station to fill out forms. With an adjustable height and rolling casters, the 31.5-in Mobile Standing Workstation is a great addition for a variety of work environments. Overall dimensions of 31.5\"W x 29\"D x variable 46-in adjustable height range.","og_url":"https:\/\/ksproducts.ca\/fr\/product\/luxor-station-de-presentation-a-deux-niveaux-de-32-pouces-a-hauteur-reglable-avec-cadre-en-acier-et-roulettes-noyer-fonce\/","og_site_name":"Ks Products","article_modified_time":"2026-03-12T13:43:07+00:00","og_image":[{"width":150,"height":77,"url":"https:\/\/ksproducts.ca\/wp-content\/uploads\/2023\/09\/Kennedy-Sales-Logo-header-1.png","type":"image\/png"}],"twitter_card":"summary_large_image","twitter_misc":{"Estimation du temps de lecture":"1 minute"},"schema":{"@context":"https:\/\/schema.org","@graph":[{"@type":"WebPage","@id":"https:\/\/ksproducts.ca\/product\/luxor-two-tier-32inch-adjustable-height-presentation-station-with-steel-frame-and-casters-dark-walnut\/","url":"https:\/\/ksproducts.ca\/product\/luxor-two-tier-32inch-adjustable-height-presentation-station-with-steel-frame-and-casters-dark-walnut\/","name":"Luxor Poste de pr\u00e9sentation \u00e0 deux niveaux de 32 pouces \u00e0 hauteur r\u00e9glable avec cadre en acier et roulettes - Noyer fonc\u00e9 - Ks Products","isPartOf":{"@id":"https:\/\/ksproducts.ca\/#website"},"primaryImageOfPage":{"@id":"https:\/\/ksproducts.ca\/product\/luxor-two-tier-32inch-adjustable-height-presentation-station-with-steel-frame-and-casters-dark-walnut\/#primaryimage"},"image":{"@id":"https:\/\/ksproducts.ca\/product\/luxor-two-tier-32inch-adjustable-height-presentation-station-with-steel-frame-and-casters-dark-walnut\/#primaryimage"},"thumbnailUrl":"https:\/\/ksproducts.ca\/wp-content\/uploads\/2026\/03\/Luxor-Two-Tier-32inch-Adjustable-Height-Presentation-Station-with-Steel-Frame-and-Casters-Dark-Walnut.avif","datePublished":"2026-03-12T13:40:11+00:00","dateModified":"2026-03-12T13:43:07+00:00","breadcrumb":{"@id":"https:\/\/ksproducts.ca\/product\/luxor-two-tier-32inch-adjustable-height-presentation-station-with-steel-frame-and-casters-dark-walnut\/#breadcrumb"},"inLanguage":"fr-CA","potentialAction":[{"@type":"ReadAction","target":["https:\/\/ksproducts.ca\/product\/luxor-two-tier-32inch-adjustable-height-presentation-station-with-steel-frame-and-casters-dark-walnut\/"]}]},{"@type":"ImageObject","inLanguage":"fr-CA","@id":"https:\/\/ksproducts.ca\/product\/luxor-two-tier-32inch-adjustable-height-presentation-station-with-steel-frame-and-casters-dark-walnut\/#primaryimage","url":"https:\/\/ksproducts.ca\/wp-content\/uploads\/2026\/03\/Luxor-Two-Tier-32inch-Adjustable-Height-Presentation-Station-with-Steel-Frame-and-Casters-Dark-Walnut.avif","contentUrl":"https:\/\/ksproducts.ca\/wp-content\/uploads\/2026\/03\/Luxor-Two-Tier-32inch-Adjustable-Height-Presentation-Station-with-Steel-Frame-and-Casters-Dark-Walnut.avif","width":1000,"height":1000,"caption":"Luxor Two Tier 32inch Adjustable Height Presentation Station with Steel Frame and Casters Dark Walnut"},{"@type":"BreadcrumbList","@id":"https:\/\/ksproducts.ca\/product\/luxor-two-tier-32inch-adjustable-height-presentation-station-with-steel-frame-and-casters-dark-walnut\/#breadcrumb","itemListElement":[{"@type":"ListItem","position":1,"name":"Home","item":"https:\/\/ksproducts.ca\/"},{"@type":"ListItem","position":2,"name":"Shop","item":"https:\/\/ksproducts.ca\/shop\/"},{"@type":"ListItem","position":3,"name":"Luxor Two-Tier 32inch Adjustable-Height Presentation Station with Steel Frame and Casters &#8211; Dark Walnut"}]},{"@type":"WebSite","@id":"https:\/\/ksproducts.ca\/#website","url":"https:\/\/ksproducts.ca\/","name":"Produits Ks","description":"Cuisiner et vivre en plein air, c'est facile au Canada","publisher":{"@id":"https:\/\/ksproducts.ca\/#organization"},"potentialAction":[{"@type":"SearchAction","target":{"@type":"EntryPoint","urlTemplate":"https:\/\/ksproducts.ca\/?s={search_term_string}"},"query-input":{"@type":"PropertyValueSpecification","valueRequired":true,"valueName":"search_term_string"}}],"inLanguage":"fr-CA"},{"@type":"Organization","@id":"https:\/\/ksproducts.ca\/#organization","name":"Produits Ks","url":"https:\/\/ksproducts.ca\/","logo":{"@type":"ImageObject","inLanguage":"fr-CA","@id":"https:\/\/ksproducts.ca\/#\/schema\/logo\/image\/","url":"https:\/\/ksproducts.ca\/wp-content\/uploads\/2023\/09\/Kennedy-Sales-Logo-header-1.png","contentUrl":"https:\/\/ksproducts.ca\/wp-content\/uploads\/2023\/09\/Kennedy-Sales-Logo-header-1.png","width":150,"height":77,"caption":"Ks Products"},"image":{"@id":"https:\/\/ksproducts.ca\/#\/schema\/logo\/image\/"}}]}},"_links":{"self":[{"href":"https:\/\/ksproducts.ca\/fr\/wp-json\/wp\/v2\/product\/12480","targetHints":{"allow":["GET"]}}],"collection":[{"href":"https:\/\/ksproducts.ca\/fr\/wp-json\/wp\/v2\/product"}],"about":[{"href":"https:\/\/ksproducts.ca\/fr\/wp-json\/wp\/v2\/types\/product"}],"replies":[{"embeddable":true,"href":"https:\/\/ksproducts.ca\/fr\/wp-json\/wp\/v2\/comments?post=12480"}],"version-history":[{"count":1,"href":"https:\/\/ksproducts.ca\/fr\/wp-json\/wp\/v2\/product\/12480\/revisions"}],"predecessor-version":[{"id":12482,"href":"https:\/\/ksproducts.ca\/fr\/wp-json\/wp\/v2\/product\/12480\/revisions\/12482"}],"wp:featuredmedia":[{"embeddable":true,"href":"https:\/\/ksproducts.ca\/fr\/wp-json\/wp\/v2\/media\/12481"}],"wp:attachment":[{"href":"https:\/\/ksproducts.ca\/fr\/wp-json\/wp\/v2\/media?parent=12480"}],"wp:term":[{"taxonomy":"product_cat","embeddable":true,"href":"https:\/\/ksproducts.ca\/fr\/wp-json\/wp\/v2\/product_cat?post=12480"},{"taxonomy":"product_tag","embeddable":true,"href":"https:\/\/ksproducts.ca\/fr\/wp-json\/wp\/v2\/product_tag?post=12480"}],"curies":[{"name":"wp","href":"https:\/\/api.w.org\/{rel}","templated":true}]}}