{"id":12486,"date":"2026-03-12T17:24:23","date_gmt":"2026-03-12T17:24:23","guid":{"rendered":"https:\/\/ksproducts.ca\/?post_type=product&#038;p=12486"},"modified":"2026-03-12T17:24:23","modified_gmt":"2026-03-12T17:24:23","slug":"luxor-bureau-dangle-a-hauteur-reglable-avec-tablette-a-manivelle-et-roulettes-60-x-45","status":"publish","type":"product","link":"https:\/\/ksproducts.ca\/fr\/product\/luxor-adjustable-height-corner-desk-with-crank-handle-shelf-and-casters-60-x-45\/","title":{"rendered":"Luxor Bureau d'angle \u00e0 hauteur r\u00e9glable avec manivelle, \u00e9tag\u00e8re et roulettes - 60 x 45"},"content":{"rendered":"<section class=\"page-product__section page-product__section--top page-product__section--bordered\" data-track-section-name=\"description\">\n<div class=\"row\">\n<div class=\"col-xs-12\">\n<div class=\"page-product__description\">\n<ul>\n<li>Livr\u00e9 avec quatre roulettes de 3 pouces<\/li>\n<li>Structure en acier avec peinture en poudre.<\/li>\n<li>Les dimensions totales sont 28L x 56.75W x 29.5-45.25H en pouces.<\/li>\n<li>L'\u00e9tag\u00e8re se trouve \u00e0 5,5 pouces au-dessus de la surface de travail et mesure 6,25 L x 27,5 L en pouces.<\/li>\n<li>Tous les outils n\u00e9cessaires \u00e0 l'assemblage sont inclus.<\/li>\n<li>Garantie du fabricant de 1 an<\/li>\n<\/ul>\n<\/div>\n<div class=\"page-product__section__icons\"><\/div>\n<\/div>\n<\/div>\n<\/section>","protected":false},"excerpt":{"rendered":"<p>Ses bords strat\u00e9giquement form\u00e9s lui permettent d'\u00eatre positionn\u00e9 entre les coins et les murs et de conserver un espace suffisant pour l'\u00e9quipement et les c\u00e2bles. Plut\u00f4t que d'offrir des solutions \u00e0 trous ronds, soyez le premier \u00e0 proposer le bureau debout qui convient parfaitement \u00e0 une grande vari\u00e9t\u00e9 d'environnements.<\/p>","protected":false},"featured_media":12487,"comment_status":"open","ping_status":"closed","template":"","meta":[],"product_cat":[434],"product_tag":[],"class_list":{"0":"post-12486","1":"product","2":"type-product","3":"status-publish","4":"has-post-thumbnail","6":"product_cat-desks","7":"product_shipping_class-class-5","9":"first","10":"instock","11":"taxable","12":"shipping-taxable","13":"purchasable","14":"product-type-simple"},"yoast_head":"<!-- This site is optimized with the Yoast SEO plugin v27.3 - https:\/\/yoast.com\/product\/yoast-seo-wordpress\/ -->\n<title>Luxor Adjustable-Height Corner Desk with Crank Handle, Shelf, and Casters - 60 x 45 - Ks Products<\/title>\n<meta name=\"robots\" content=\"index, follow, max-snippet:-1, max-image-preview:large, max-video-preview:-1\" \/>\n<link rel=\"canonical\" href=\"https:\/\/ksproducts.ca\/fr\/product\/luxor-bureau-dangle-a-hauteur-reglable-avec-tablette-a-manivelle-et-roulettes-60-x-45\/\" \/>\n<meta property=\"og:locale\" content=\"fr_CA\" \/>\n<meta property=\"og:type\" content=\"article\" \/>\n<meta property=\"og:title\" content=\"Luxor Adjustable-Height Corner Desk with Crank Handle, Shelf, and Casters - 60 x 45 - Ks Products\" \/>\n<meta property=\"og:description\" content=\"Its strategically shaped edges allow it to be positioned between corners and walls and maintain ample space for equipment and cables. Rather than offering square pegs for round holes, be the one to deliver the standing desk that is ideally suited for a variety of environments.\" \/>\n<meta property=\"og:url\" content=\"https:\/\/ksproducts.ca\/fr\/product\/luxor-bureau-dangle-a-hauteur-reglable-avec-tablette-a-manivelle-et-roulettes-60-x-45\/\" \/>\n<meta property=\"og:site_name\" content=\"Ks Products\" \/>\n<meta property=\"og:image\" content=\"https:\/\/ksproducts.ca\/wp-content\/uploads\/2026\/03\/Luxor-Adjustable-Height-Corner-Desk-with-Crank-Handle-Shelf-and-Casters-60-x-45.jpg\" \/>\n\t<meta property=\"og:image:width\" content=\"600\" \/>\n\t<meta property=\"og:image:height\" content=\"600\" \/>\n\t<meta property=\"og:image:type\" content=\"image\/jpeg\" \/>\n<meta name=\"twitter:card\" content=\"summary_large_image\" \/>\n<meta name=\"twitter:label1\" content=\"Estimation du temps de lecture\" \/>\n\t<meta name=\"twitter:data1\" content=\"1 minute\" \/>\n<script type=\"application\/ld+json\" class=\"yoast-schema-graph\">{\"@context\":\"https:\\\/\\\/schema.org\",\"@graph\":[{\"@type\":\"WebPage\",\"@id\":\"https:\\\/\\\/ksproducts.ca\\\/product\\\/luxor-adjustable-height-corner-desk-with-crank-handle-shelf-and-casters-60-x-45\\\/\",\"url\":\"https:\\\/\\\/ksproducts.ca\\\/product\\\/luxor-adjustable-height-corner-desk-with-crank-handle-shelf-and-casters-60-x-45\\\/\",\"name\":\"Luxor Adjustable-Height Corner Desk with Crank Handle, Shelf, and Casters - 60 x 45 - Ks Products\",\"isPartOf\":{\"@id\":\"https:\\\/\\\/ksproducts.ca\\\/#website\"},\"primaryImageOfPage\":{\"@id\":\"https:\\\/\\\/ksproducts.ca\\\/product\\\/luxor-adjustable-height-corner-desk-with-crank-handle-shelf-and-casters-60-x-45\\\/#primaryimage\"},\"image\":{\"@id\":\"https:\\\/\\\/ksproducts.ca\\\/product\\\/luxor-adjustable-height-corner-desk-with-crank-handle-shelf-and-casters-60-x-45\\\/#primaryimage\"},\"thumbnailUrl\":\"https:\\\/\\\/ksproducts.ca\\\/wp-content\\\/uploads\\\/2026\\\/03\\\/Luxor-Adjustable-Height-Corner-Desk-with-Crank-Handle-Shelf-and-Casters-60-x-45.jpg\",\"datePublished\":\"2026-03-12T17:24:23+00:00\",\"breadcrumb\":{\"@id\":\"https:\\\/\\\/ksproducts.ca\\\/product\\\/luxor-adjustable-height-corner-desk-with-crank-handle-shelf-and-casters-60-x-45\\\/#breadcrumb\"},\"inLanguage\":\"fr-CA\",\"potentialAction\":[{\"@type\":\"ReadAction\",\"target\":[\"https:\\\/\\\/ksproducts.ca\\\/product\\\/luxor-adjustable-height-corner-desk-with-crank-handle-shelf-and-casters-60-x-45\\\/\"]}]},{\"@type\":\"ImageObject\",\"inLanguage\":\"fr-CA\",\"@id\":\"https:\\\/\\\/ksproducts.ca\\\/product\\\/luxor-adjustable-height-corner-desk-with-crank-handle-shelf-and-casters-60-x-45\\\/#primaryimage\",\"url\":\"https:\\\/\\\/ksproducts.ca\\\/wp-content\\\/uploads\\\/2026\\\/03\\\/Luxor-Adjustable-Height-Corner-Desk-with-Crank-Handle-Shelf-and-Casters-60-x-45.jpg\",\"contentUrl\":\"https:\\\/\\\/ksproducts.ca\\\/wp-content\\\/uploads\\\/2026\\\/03\\\/Luxor-Adjustable-Height-Corner-Desk-with-Crank-Handle-Shelf-and-Casters-60-x-45.jpg\",\"width\":600,\"height\":600,\"caption\":\"Luxor Adjustable Height Corner Desk with Crank Handle, Shelf, and Casters 60 x 45\"},{\"@type\":\"BreadcrumbList\",\"@id\":\"https:\\\/\\\/ksproducts.ca\\\/product\\\/luxor-adjustable-height-corner-desk-with-crank-handle-shelf-and-casters-60-x-45\\\/#breadcrumb\",\"itemListElement\":[{\"@type\":\"ListItem\",\"position\":1,\"name\":\"Home\",\"item\":\"https:\\\/\\\/ksproducts.ca\\\/\"},{\"@type\":\"ListItem\",\"position\":2,\"name\":\"Shop\",\"item\":\"https:\\\/\\\/ksproducts.ca\\\/shop\\\/\"},{\"@type\":\"ListItem\",\"position\":3,\"name\":\"Luxor Adjustable-Height Corner Desk with Crank Handle, Shelf, and Casters &#8211; 60 x 45\"}]},{\"@type\":\"WebSite\",\"@id\":\"https:\\\/\\\/ksproducts.ca\\\/#website\",\"url\":\"https:\\\/\\\/ksproducts.ca\\\/\",\"name\":\"Ks Products\",\"description\":\"Outdoor cooking and living, made easy in Canada\",\"publisher\":{\"@id\":\"https:\\\/\\\/ksproducts.ca\\\/#organization\"},\"potentialAction\":[{\"@type\":\"SearchAction\",\"target\":{\"@type\":\"EntryPoint\",\"urlTemplate\":\"https:\\\/\\\/ksproducts.ca\\\/?s={search_term_string}\"},\"query-input\":{\"@type\":\"PropertyValueSpecification\",\"valueRequired\":true,\"valueName\":\"search_term_string\"}}],\"inLanguage\":\"fr-CA\"},{\"@type\":\"Organization\",\"@id\":\"https:\\\/\\\/ksproducts.ca\\\/#organization\",\"name\":\"Ks Products\",\"url\":\"https:\\\/\\\/ksproducts.ca\\\/\",\"logo\":{\"@type\":\"ImageObject\",\"inLanguage\":\"fr-CA\",\"@id\":\"https:\\\/\\\/ksproducts.ca\\\/#\\\/schema\\\/logo\\\/image\\\/\",\"url\":\"https:\\\/\\\/ksproducts.ca\\\/wp-content\\\/uploads\\\/2023\\\/09\\\/Kennedy-Sales-Logo-header-1.png\",\"contentUrl\":\"https:\\\/\\\/ksproducts.ca\\\/wp-content\\\/uploads\\\/2023\\\/09\\\/Kennedy-Sales-Logo-header-1.png\",\"width\":150,\"height\":77,\"caption\":\"Ks Products\"},\"image\":{\"@id\":\"https:\\\/\\\/ksproducts.ca\\\/#\\\/schema\\\/logo\\\/image\\\/\"}}]}<\/script>\n<!-- \/ Yoast SEO plugin. -->","yoast_head_json":{"title":"Luxor Bureau d'angle \u00e0 hauteur r\u00e9glable avec manivelle, \u00e9tag\u00e8re et roulettes - 60 x 45 - Ks Products","robots":{"index":"index","follow":"follow","max-snippet":"max-snippet:-1","max-image-preview":"max-image-preview:large","max-video-preview":"max-video-preview:-1"},"canonical":"https:\/\/ksproducts.ca\/fr\/product\/luxor-bureau-dangle-a-hauteur-reglable-avec-tablette-a-manivelle-et-roulettes-60-x-45\/","og_locale":"fr_CA","og_type":"article","og_title":"Luxor Adjustable-Height Corner Desk with Crank Handle, Shelf, and Casters - 60 x 45 - Ks Products","og_description":"Its strategically shaped edges allow it to be positioned between corners and walls and maintain ample space for equipment and cables. Rather than offering square pegs for round holes, be the one to deliver the standing desk that is ideally suited for a variety of environments.","og_url":"https:\/\/ksproducts.ca\/fr\/product\/luxor-bureau-dangle-a-hauteur-reglable-avec-tablette-a-manivelle-et-roulettes-60-x-45\/","og_site_name":"Ks Products","og_image":[{"width":600,"height":600,"url":"https:\/\/ksproducts.ca\/wp-content\/uploads\/2026\/03\/Luxor-Adjustable-Height-Corner-Desk-with-Crank-Handle-Shelf-and-Casters-60-x-45.jpg","type":"image\/jpeg"}],"twitter_card":"summary_large_image","twitter_misc":{"Estimation du temps de lecture":"1 minute"},"schema":{"@context":"https:\/\/schema.org","@graph":[{"@type":"WebPage","@id":"https:\/\/ksproducts.ca\/product\/luxor-adjustable-height-corner-desk-with-crank-handle-shelf-and-casters-60-x-45\/","url":"https:\/\/ksproducts.ca\/product\/luxor-adjustable-height-corner-desk-with-crank-handle-shelf-and-casters-60-x-45\/","name":"Luxor Bureau d'angle \u00e0 hauteur r\u00e9glable avec manivelle, \u00e9tag\u00e8re et roulettes - 60 x 45 - Ks Products","isPartOf":{"@id":"https:\/\/ksproducts.ca\/#website"},"primaryImageOfPage":{"@id":"https:\/\/ksproducts.ca\/product\/luxor-adjustable-height-corner-desk-with-crank-handle-shelf-and-casters-60-x-45\/#primaryimage"},"image":{"@id":"https:\/\/ksproducts.ca\/product\/luxor-adjustable-height-corner-desk-with-crank-handle-shelf-and-casters-60-x-45\/#primaryimage"},"thumbnailUrl":"https:\/\/ksproducts.ca\/wp-content\/uploads\/2026\/03\/Luxor-Adjustable-Height-Corner-Desk-with-Crank-Handle-Shelf-and-Casters-60-x-45.jpg","datePublished":"2026-03-12T17:24:23+00:00","breadcrumb":{"@id":"https:\/\/ksproducts.ca\/product\/luxor-adjustable-height-corner-desk-with-crank-handle-shelf-and-casters-60-x-45\/#breadcrumb"},"inLanguage":"fr-CA","potentialAction":[{"@type":"ReadAction","target":["https:\/\/ksproducts.ca\/product\/luxor-adjustable-height-corner-desk-with-crank-handle-shelf-and-casters-60-x-45\/"]}]},{"@type":"ImageObject","inLanguage":"fr-CA","@id":"https:\/\/ksproducts.ca\/product\/luxor-adjustable-height-corner-desk-with-crank-handle-shelf-and-casters-60-x-45\/#primaryimage","url":"https:\/\/ksproducts.ca\/wp-content\/uploads\/2026\/03\/Luxor-Adjustable-Height-Corner-Desk-with-Crank-Handle-Shelf-and-Casters-60-x-45.jpg","contentUrl":"https:\/\/ksproducts.ca\/wp-content\/uploads\/2026\/03\/Luxor-Adjustable-Height-Corner-Desk-with-Crank-Handle-Shelf-and-Casters-60-x-45.jpg","width":600,"height":600,"caption":"Luxor Adjustable Height Corner Desk with Crank Handle, Shelf, and Casters 60 x 45"},{"@type":"BreadcrumbList","@id":"https:\/\/ksproducts.ca\/product\/luxor-adjustable-height-corner-desk-with-crank-handle-shelf-and-casters-60-x-45\/#breadcrumb","itemListElement":[{"@type":"ListItem","position":1,"name":"Home","item":"https:\/\/ksproducts.ca\/"},{"@type":"ListItem","position":2,"name":"Shop","item":"https:\/\/ksproducts.ca\/shop\/"},{"@type":"ListItem","position":3,"name":"Luxor Adjustable-Height Corner Desk with Crank Handle, Shelf, and Casters &#8211; 60 x 45"}]},{"@type":"WebSite","@id":"https:\/\/ksproducts.ca\/#website","url":"https:\/\/ksproducts.ca\/","name":"Produits Ks","description":"Cuisiner et vivre en plein air, c'est facile au Canada","publisher":{"@id":"https:\/\/ksproducts.ca\/#organization"},"potentialAction":[{"@type":"SearchAction","target":{"@type":"EntryPoint","urlTemplate":"https:\/\/ksproducts.ca\/?s={search_term_string}"},"query-input":{"@type":"PropertyValueSpecification","valueRequired":true,"valueName":"search_term_string"}}],"inLanguage":"fr-CA"},{"@type":"Organization","@id":"https:\/\/ksproducts.ca\/#organization","name":"Produits Ks","url":"https:\/\/ksproducts.ca\/","logo":{"@type":"ImageObject","inLanguage":"fr-CA","@id":"https:\/\/ksproducts.ca\/#\/schema\/logo\/image\/","url":"https:\/\/ksproducts.ca\/wp-content\/uploads\/2023\/09\/Kennedy-Sales-Logo-header-1.png","contentUrl":"https:\/\/ksproducts.ca\/wp-content\/uploads\/2023\/09\/Kennedy-Sales-Logo-header-1.png","width":150,"height":77,"caption":"Ks Products"},"image":{"@id":"https:\/\/ksproducts.ca\/#\/schema\/logo\/image\/"}}]}},"_links":{"self":[{"href":"https:\/\/ksproducts.ca\/fr\/wp-json\/wp\/v2\/product\/12486","targetHints":{"allow":["GET"]}}],"collection":[{"href":"https:\/\/ksproducts.ca\/fr\/wp-json\/wp\/v2\/product"}],"about":[{"href":"https:\/\/ksproducts.ca\/fr\/wp-json\/wp\/v2\/types\/product"}],"replies":[{"embeddable":true,"href":"https:\/\/ksproducts.ca\/fr\/wp-json\/wp\/v2\/comments?post=12486"}],"version-history":[{"count":1,"href":"https:\/\/ksproducts.ca\/fr\/wp-json\/wp\/v2\/product\/12486\/revisions"}],"predecessor-version":[{"id":12488,"href":"https:\/\/ksproducts.ca\/fr\/wp-json\/wp\/v2\/product\/12486\/revisions\/12488"}],"wp:featuredmedia":[{"embeddable":true,"href":"https:\/\/ksproducts.ca\/fr\/wp-json\/wp\/v2\/media\/12487"}],"wp:attachment":[{"href":"https:\/\/ksproducts.ca\/fr\/wp-json\/wp\/v2\/media?parent=12486"}],"wp:term":[{"taxonomy":"product_cat","embeddable":true,"href":"https:\/\/ksproducts.ca\/fr\/wp-json\/wp\/v2\/product_cat?post=12486"},{"taxonomy":"product_tag","embeddable":true,"href":"https:\/\/ksproducts.ca\/fr\/wp-json\/wp\/v2\/product_tag?post=12486"}],"curies":[{"name":"wp","href":"https:\/\/api.w.org\/{rel}","templated":true}]}}