{"id":12489,"date":"2026-03-12T17:38:12","date_gmt":"2026-03-12T17:38:12","guid":{"rendered":"https:\/\/ksproducts.ca\/?post_type=product&#038;p=12489"},"modified":"2026-03-12T17:38:12","modified_gmt":"2026-03-12T17:38:12","slug":"luxor-bureau-debout-reglable-en-hauteur-avec-manivelle-60-x-42","status":"publish","type":"product","link":"https:\/\/ksproducts.ca\/fr\/product\/luxor-adjustable-height-stand-up-desk-with-crank-handle-60-x-42\/","title":{"rendered":"Luxor Bureau debout \u00e0 hauteur r\u00e9glable avec manivelle - 60 x 42"},"content":{"rendered":"<ul>\n<li>La manivelle \u00e0 grande vitesse permet de passer rapidement de la position assise \u00e0 la position debout.<\/li>\n<li>La manivelle permet de relever rapidement la hauteur du bureau entre 32,6 et 48,5 (avec roulettes).<\/li>\n<li>La manivelle permet de r\u00e9gler rapidement la hauteur du bureau entre 29,6 et 45,5 (avec patins).<\/li>\n<\/ul>","protected":false},"excerpt":{"rendered":"<p>Le bureau debout r\u00e9glable \u00e0 manivelle \u00e0 grande vitesse Luxor permet aux utilisateurs de trouver un \u00e9quilibre ergonomique entre la position assise et la position debout tout au long de la journ\u00e9e de travail. D\u00e9sormais disponible avec un m\u00e9canisme de levage \u00e0 manivelle \u00e0 grande vitesse, la manivelle \u00e0 poign\u00e9e tournante d\u00e9place rapidement le bureau de la position la plus basse \u00e0 la position la plus haute en quelques secondes, sans n\u00e9cessiter d'alimentation \u00e9lectrique.<\/p>","protected":false},"featured_media":12490,"comment_status":"open","ping_status":"closed","template":"","meta":[],"product_cat":[434],"product_tag":[],"class_list":{"0":"post-12489","1":"product","2":"type-product","3":"status-publish","4":"has-post-thumbnail","6":"product_cat-desks","7":"product_shipping_class-class-5","9":"first","10":"instock","11":"taxable","12":"shipping-taxable","13":"purchasable","14":"product-type-simple"},"yoast_head":"<!-- This site is optimized with the Yoast SEO plugin v27.3 - https:\/\/yoast.com\/product\/yoast-seo-wordpress\/ -->\n<title>Luxor Adjustable-Height Stand Up Desk with Crank Handle - 60 x 42 - Ks Products<\/title>\n<meta name=\"robots\" content=\"index, follow, max-snippet:-1, max-image-preview:large, max-video-preview:-1\" \/>\n<link rel=\"canonical\" href=\"https:\/\/ksproducts.ca\/fr\/product\/luxor-bureau-debout-reglable-en-hauteur-avec-manivelle-60-x-42\/\" \/>\n<meta property=\"og:locale\" content=\"fr_CA\" \/>\n<meta property=\"og:type\" content=\"article\" \/>\n<meta property=\"og:title\" content=\"Luxor Adjustable-Height Stand Up Desk with Crank Handle - 60 x 42 - Ks Products\" \/>\n<meta property=\"og:description\" content=\"The Luxor high speed crank adjustable standing desk gives users the ability to find that ergonomic balance between sitting and standing throughout the workday. Now available with a high-speed crank operated lift mechanism, the turn-handle crank quickly moves the desk from the lowest to highest positions within seconds without requiring electric power.\" \/>\n<meta property=\"og:url\" content=\"https:\/\/ksproducts.ca\/fr\/product\/luxor-bureau-debout-reglable-en-hauteur-avec-manivelle-60-x-42\/\" \/>\n<meta property=\"og:site_name\" content=\"Ks Products\" \/>\n<meta property=\"og:image\" content=\"https:\/\/ksproducts.ca\/wp-content\/uploads\/2026\/03\/STANDUP-CF60-DW.png\" \/>\n\t<meta property=\"og:image:width\" content=\"440\" \/>\n\t<meta property=\"og:image:height\" content=\"440\" \/>\n\t<meta property=\"og:image:type\" content=\"image\/png\" \/>\n<meta name=\"twitter:card\" content=\"summary_large_image\" \/>\n<meta name=\"twitter:label1\" content=\"Estimation du temps de lecture\" \/>\n\t<meta name=\"twitter:data1\" content=\"1 minute\" \/>\n<script type=\"application\/ld+json\" class=\"yoast-schema-graph\">{\"@context\":\"https:\\\/\\\/schema.org\",\"@graph\":[{\"@type\":\"WebPage\",\"@id\":\"https:\\\/\\\/ksproducts.ca\\\/product\\\/luxor-adjustable-height-stand-up-desk-with-crank-handle-60-x-42\\\/\",\"url\":\"https:\\\/\\\/ksproducts.ca\\\/product\\\/luxor-adjustable-height-stand-up-desk-with-crank-handle-60-x-42\\\/\",\"name\":\"Luxor Adjustable-Height Stand Up Desk with Crank Handle - 60 x 42 - Ks Products\",\"isPartOf\":{\"@id\":\"https:\\\/\\\/ksproducts.ca\\\/#website\"},\"primaryImageOfPage\":{\"@id\":\"https:\\\/\\\/ksproducts.ca\\\/product\\\/luxor-adjustable-height-stand-up-desk-with-crank-handle-60-x-42\\\/#primaryimage\"},\"image\":{\"@id\":\"https:\\\/\\\/ksproducts.ca\\\/product\\\/luxor-adjustable-height-stand-up-desk-with-crank-handle-60-x-42\\\/#primaryimage\"},\"thumbnailUrl\":\"https:\\\/\\\/ksproducts.ca\\\/wp-content\\\/uploads\\\/2026\\\/03\\\/STANDUP-CF60-DW.png\",\"datePublished\":\"2026-03-12T17:38:12+00:00\",\"breadcrumb\":{\"@id\":\"https:\\\/\\\/ksproducts.ca\\\/product\\\/luxor-adjustable-height-stand-up-desk-with-crank-handle-60-x-42\\\/#breadcrumb\"},\"inLanguage\":\"fr-CA\",\"potentialAction\":[{\"@type\":\"ReadAction\",\"target\":[\"https:\\\/\\\/ksproducts.ca\\\/product\\\/luxor-adjustable-height-stand-up-desk-with-crank-handle-60-x-42\\\/\"]}]},{\"@type\":\"ImageObject\",\"inLanguage\":\"fr-CA\",\"@id\":\"https:\\\/\\\/ksproducts.ca\\\/product\\\/luxor-adjustable-height-stand-up-desk-with-crank-handle-60-x-42\\\/#primaryimage\",\"url\":\"https:\\\/\\\/ksproducts.ca\\\/wp-content\\\/uploads\\\/2026\\\/03\\\/STANDUP-CF60-DW.png\",\"contentUrl\":\"https:\\\/\\\/ksproducts.ca\\\/wp-content\\\/uploads\\\/2026\\\/03\\\/STANDUP-CF60-DW.png\",\"width\":440,\"height\":440,\"caption\":\"Luxor Adjustable-Height Stand Up Desk with Crank Handle - 60 x 42\"},{\"@type\":\"BreadcrumbList\",\"@id\":\"https:\\\/\\\/ksproducts.ca\\\/product\\\/luxor-adjustable-height-stand-up-desk-with-crank-handle-60-x-42\\\/#breadcrumb\",\"itemListElement\":[{\"@type\":\"ListItem\",\"position\":1,\"name\":\"Home\",\"item\":\"https:\\\/\\\/ksproducts.ca\\\/\"},{\"@type\":\"ListItem\",\"position\":2,\"name\":\"Shop\",\"item\":\"https:\\\/\\\/ksproducts.ca\\\/shop\\\/\"},{\"@type\":\"ListItem\",\"position\":3,\"name\":\"Luxor Adjustable-Height Stand Up Desk with Crank Handle &#8211; 60 x 42\"}]},{\"@type\":\"WebSite\",\"@id\":\"https:\\\/\\\/ksproducts.ca\\\/#website\",\"url\":\"https:\\\/\\\/ksproducts.ca\\\/\",\"name\":\"Ks Products\",\"description\":\"Outdoor cooking and living, made easy in Canada\",\"publisher\":{\"@id\":\"https:\\\/\\\/ksproducts.ca\\\/#organization\"},\"potentialAction\":[{\"@type\":\"SearchAction\",\"target\":{\"@type\":\"EntryPoint\",\"urlTemplate\":\"https:\\\/\\\/ksproducts.ca\\\/?s={search_term_string}\"},\"query-input\":{\"@type\":\"PropertyValueSpecification\",\"valueRequired\":true,\"valueName\":\"search_term_string\"}}],\"inLanguage\":\"fr-CA\"},{\"@type\":\"Organization\",\"@id\":\"https:\\\/\\\/ksproducts.ca\\\/#organization\",\"name\":\"Ks Products\",\"url\":\"https:\\\/\\\/ksproducts.ca\\\/\",\"logo\":{\"@type\":\"ImageObject\",\"inLanguage\":\"fr-CA\",\"@id\":\"https:\\\/\\\/ksproducts.ca\\\/#\\\/schema\\\/logo\\\/image\\\/\",\"url\":\"https:\\\/\\\/ksproducts.ca\\\/wp-content\\\/uploads\\\/2023\\\/09\\\/Kennedy-Sales-Logo-header-1.png\",\"contentUrl\":\"https:\\\/\\\/ksproducts.ca\\\/wp-content\\\/uploads\\\/2023\\\/09\\\/Kennedy-Sales-Logo-header-1.png\",\"width\":150,\"height\":77,\"caption\":\"Ks Products\"},\"image\":{\"@id\":\"https:\\\/\\\/ksproducts.ca\\\/#\\\/schema\\\/logo\\\/image\\\/\"}}]}<\/script>\n<!-- \/ Yoast SEO plugin. -->","yoast_head_json":{"title":"Luxor Bureau debout \u00e0 hauteur r\u00e9glable avec manivelle - 60 x 42 - Ks Products","robots":{"index":"index","follow":"follow","max-snippet":"max-snippet:-1","max-image-preview":"max-image-preview:large","max-video-preview":"max-video-preview:-1"},"canonical":"https:\/\/ksproducts.ca\/fr\/product\/luxor-bureau-debout-reglable-en-hauteur-avec-manivelle-60-x-42\/","og_locale":"fr_CA","og_type":"article","og_title":"Luxor Adjustable-Height Stand Up Desk with Crank Handle - 60 x 42 - Ks Products","og_description":"The Luxor high speed crank adjustable standing desk gives users the ability to find that ergonomic balance between sitting and standing throughout the workday. Now available with a high-speed crank operated lift mechanism, the turn-handle crank quickly moves the desk from the lowest to highest positions within seconds without requiring electric power.","og_url":"https:\/\/ksproducts.ca\/fr\/product\/luxor-bureau-debout-reglable-en-hauteur-avec-manivelle-60-x-42\/","og_site_name":"Ks Products","og_image":[{"width":440,"height":440,"url":"https:\/\/ksproducts.ca\/wp-content\/uploads\/2026\/03\/STANDUP-CF60-DW.png","type":"image\/png"}],"twitter_card":"summary_large_image","twitter_misc":{"Estimation du temps de lecture":"1 minute"},"schema":{"@context":"https:\/\/schema.org","@graph":[{"@type":"WebPage","@id":"https:\/\/ksproducts.ca\/product\/luxor-adjustable-height-stand-up-desk-with-crank-handle-60-x-42\/","url":"https:\/\/ksproducts.ca\/product\/luxor-adjustable-height-stand-up-desk-with-crank-handle-60-x-42\/","name":"Luxor Bureau debout \u00e0 hauteur r\u00e9glable avec manivelle - 60 x 42 - Ks Products","isPartOf":{"@id":"https:\/\/ksproducts.ca\/#website"},"primaryImageOfPage":{"@id":"https:\/\/ksproducts.ca\/product\/luxor-adjustable-height-stand-up-desk-with-crank-handle-60-x-42\/#primaryimage"},"image":{"@id":"https:\/\/ksproducts.ca\/product\/luxor-adjustable-height-stand-up-desk-with-crank-handle-60-x-42\/#primaryimage"},"thumbnailUrl":"https:\/\/ksproducts.ca\/wp-content\/uploads\/2026\/03\/STANDUP-CF60-DW.png","datePublished":"2026-03-12T17:38:12+00:00","breadcrumb":{"@id":"https:\/\/ksproducts.ca\/product\/luxor-adjustable-height-stand-up-desk-with-crank-handle-60-x-42\/#breadcrumb"},"inLanguage":"fr-CA","potentialAction":[{"@type":"ReadAction","target":["https:\/\/ksproducts.ca\/product\/luxor-adjustable-height-stand-up-desk-with-crank-handle-60-x-42\/"]}]},{"@type":"ImageObject","inLanguage":"fr-CA","@id":"https:\/\/ksproducts.ca\/product\/luxor-adjustable-height-stand-up-desk-with-crank-handle-60-x-42\/#primaryimage","url":"https:\/\/ksproducts.ca\/wp-content\/uploads\/2026\/03\/STANDUP-CF60-DW.png","contentUrl":"https:\/\/ksproducts.ca\/wp-content\/uploads\/2026\/03\/STANDUP-CF60-DW.png","width":440,"height":440,"caption":"Luxor Adjustable-Height Stand Up Desk with Crank Handle - 60 x 42"},{"@type":"BreadcrumbList","@id":"https:\/\/ksproducts.ca\/product\/luxor-adjustable-height-stand-up-desk-with-crank-handle-60-x-42\/#breadcrumb","itemListElement":[{"@type":"ListItem","position":1,"name":"Home","item":"https:\/\/ksproducts.ca\/"},{"@type":"ListItem","position":2,"name":"Shop","item":"https:\/\/ksproducts.ca\/shop\/"},{"@type":"ListItem","position":3,"name":"Luxor Adjustable-Height Stand Up Desk with Crank Handle &#8211; 60 x 42"}]},{"@type":"WebSite","@id":"https:\/\/ksproducts.ca\/#website","url":"https:\/\/ksproducts.ca\/","name":"Produits Ks","description":"Cuisiner et vivre en plein air, c'est facile au Canada","publisher":{"@id":"https:\/\/ksproducts.ca\/#organization"},"potentialAction":[{"@type":"SearchAction","target":{"@type":"EntryPoint","urlTemplate":"https:\/\/ksproducts.ca\/?s={search_term_string}"},"query-input":{"@type":"PropertyValueSpecification","valueRequired":true,"valueName":"search_term_string"}}],"inLanguage":"fr-CA"},{"@type":"Organization","@id":"https:\/\/ksproducts.ca\/#organization","name":"Produits Ks","url":"https:\/\/ksproducts.ca\/","logo":{"@type":"ImageObject","inLanguage":"fr-CA","@id":"https:\/\/ksproducts.ca\/#\/schema\/logo\/image\/","url":"https:\/\/ksproducts.ca\/wp-content\/uploads\/2023\/09\/Kennedy-Sales-Logo-header-1.png","contentUrl":"https:\/\/ksproducts.ca\/wp-content\/uploads\/2023\/09\/Kennedy-Sales-Logo-header-1.png","width":150,"height":77,"caption":"Ks Products"},"image":{"@id":"https:\/\/ksproducts.ca\/#\/schema\/logo\/image\/"}}]}},"_links":{"self":[{"href":"https:\/\/ksproducts.ca\/fr\/wp-json\/wp\/v2\/product\/12489","targetHints":{"allow":["GET"]}}],"collection":[{"href":"https:\/\/ksproducts.ca\/fr\/wp-json\/wp\/v2\/product"}],"about":[{"href":"https:\/\/ksproducts.ca\/fr\/wp-json\/wp\/v2\/types\/product"}],"replies":[{"embeddable":true,"href":"https:\/\/ksproducts.ca\/fr\/wp-json\/wp\/v2\/comments?post=12489"}],"version-history":[{"count":1,"href":"https:\/\/ksproducts.ca\/fr\/wp-json\/wp\/v2\/product\/12489\/revisions"}],"predecessor-version":[{"id":12491,"href":"https:\/\/ksproducts.ca\/fr\/wp-json\/wp\/v2\/product\/12489\/revisions\/12491"}],"wp:featuredmedia":[{"embeddable":true,"href":"https:\/\/ksproducts.ca\/fr\/wp-json\/wp\/v2\/media\/12490"}],"wp:attachment":[{"href":"https:\/\/ksproducts.ca\/fr\/wp-json\/wp\/v2\/media?parent=12489"}],"wp:term":[{"taxonomy":"product_cat","embeddable":true,"href":"https:\/\/ksproducts.ca\/fr\/wp-json\/wp\/v2\/product_cat?post=12489"},{"taxonomy":"product_tag","embeddable":true,"href":"https:\/\/ksproducts.ca\/fr\/wp-json\/wp\/v2\/product_tag?post=12489"}],"curies":[{"name":"wp","href":"https:\/\/api.w.org\/{rel}","templated":true}]}}