{"id":12495,"date":"2026-03-12T17:46:49","date_gmt":"2026-03-12T17:46:49","guid":{"rendered":"https:\/\/ksproducts.ca\/?post_type=product&#038;p=12495"},"modified":"2026-03-12T17:46:49","modified_gmt":"2026-03-12T17:46:49","slug":"luxor-2-shelters-plastic-utility-cart-with-spacious-tub-shelves-300lb-weight-capacity-grey","status":"publish","type":"product","link":"https:\/\/ksproducts.ca\/fr\/product\/luxor-2-shelf-plastic-utility-cart-with-spacious-tub-shelves-300lb-weight-capacity-grey\/","title":{"rendered":"Luxor 2-Shelf Plastic Utility Cart with Spacious Tub Shelves - 300lb Weight Capacity - Grey"},"content":{"rendered":"<ul class=\"a-unordered-list a-vertical a-spacing-mini\">\n<li class=\"a-spacing-mini\"><span class=\"a-list-item\">DURABLE : Les \u00e9tag\u00e8res robustes en HDPE et les pieds en PVC ne rouillent pas, ne se cabossent pas, ne se rayent pas et ne se tachent pas.<\/span><\/li>\n<li class=\"a-spacing-mini\"><span class=\"a-list-item\">HAUTE CAPACIT\u00c9 DE POIDS : les \u00e9tag\u00e8res robustes et tr\u00e8s profondes de la baignoire peuvent supporter jusqu'\u00e0 300 kg r\u00e9partis uniform\u00e9ment.<\/span><\/li>\n<li class=\"a-spacing-mini\"><span class=\"a-list-item\">MANIABLE : une largeur \u00e9troite de 18 pouces, une poign\u00e9e de pouss\u00e9e ergonomique et des roulettes enti\u00e8rement pivotantes de 4 pouces (dont deux avec freins de blocage) facilitent le passage dans les all\u00e9es \u00e9troites.<\/span><\/li>\n<li class=\"a-spacing-mini\"><span class=\"a-list-item\">SPACIEUX : Le chariot mesure 24 in. L x 18 po. D x 37,5 po H ; la profondeur de la cuve est de 2,75 po ; l'espace entre les \u00e9tag\u00e8res est de 26 po.<\/span><\/li>\n<li class=\"a-spacing-mini\"><span class=\"a-list-item\">Fabriqu\u00e9 aux \u00c9tats-Unis<\/span><\/li>\n<li class=\"a-spacing-mini\"><span class=\"a-list-item\">Construit pour durer<\/span><\/li>\n<li class=\"a-spacing-mini\"><span class=\"a-list-item\">assemblage facile<\/span><\/li>\n<\/ul>","protected":false},"excerpt":{"rendered":"<p>Chariot \u00e0 bacs - Deux \u00e9tag\u00e8res caract\u00e9ristiques : chariot utilitaire polyvalent id\u00e9al pour servir ou stocker, chariot de jardin, et plus encore, les \u00e9tag\u00e8res et les pieds sont construits avec une r\u00e9sine thermoplastique moul\u00e9e par injection, qui ne se tache pas, ne se raye pas, ne se cabosse pas et ne rouille pas, mesure 24 L x 18 P x 37,5 H avec un espace entre les \u00e9tag\u00e8res de 26 pour un acc\u00e8s facile, comprend deux \u00e9tag\u00e8res \u00e0 bacs d'une profondeur de 2,75.75 de profondeur, poign\u00e9e de pouss\u00e9e ergonomique moul\u00e9e dans l'\u00e9tag\u00e8re sup\u00e9rieure, chariot roulant avec quatre roulettes robustes, dont deux avec frein de blocage, capacit\u00e9 de poids maximale de 300 lb (r\u00e9partie uniform\u00e9ment), assemblage requis, gris, fabriqu\u00e9 aux \u00c9tats-Unis*Les images peuvent ne pas repr\u00e9senter la couleur du produit, les \u00e9l\u00e9ments inclus ou les accessoires.<\/p>","protected":false},"featured_media":12496,"comment_status":"open","ping_status":"closed","template":"","meta":[],"product_cat":[433],"product_tag":[],"class_list":{"0":"post-12495","1":"product","2":"type-product","3":"status-publish","4":"has-post-thumbnail","6":"product_cat-utility-carts","7":"product_shipping_class-class-3","9":"first","10":"instock","11":"taxable","12":"shipping-taxable","13":"purchasable","14":"product-type-simple"},"yoast_head":"<!-- This site is optimized with the Yoast SEO plugin v27.4 - https:\/\/yoast.com\/product\/yoast-seo-wordpress\/ -->\n<title>Luxor 2-Shelf Plastic Utility Cart with Spacious Tub Shelves - 300lb Weight Capacity - Grey - Ks Products<\/title>\n<meta name=\"robots\" content=\"index, follow, max-snippet:-1, max-image-preview:large, max-video-preview:-1\" \/>\n<link rel=\"canonical\" href=\"https:\/\/ksproducts.ca\/fr\/product\/luxor-2-shelters-plastic-utility-cart-with-spacious-tub-shelves-300lb-weight-capacity-grey\/\" \/>\n<meta property=\"og:locale\" content=\"fr_CA\" \/>\n<meta property=\"og:type\" content=\"article\" \/>\n<meta property=\"og:title\" content=\"Luxor 2-Shelf Plastic Utility Cart with Spacious Tub Shelves - 300lb Weight Capacity - Grey - Ks Products\" \/>\n<meta property=\"og:description\" content=\"Tub Cart - Two Shelves features: multipurpose utility cart ideal for use as serving or storage cart, garden wagon, and more, shelves and legs are constructed with an injection molded thermoplastic resin, which will not stain, scratch, dent or rust, measures 24 W x 18 D x 37.5 H with a clearance between shelves of 26 for easy access, includes two 2.75 deep tub shelves, ergonomic push handle molded into the top shelf, rolling cart with four heavy duty 4 casters, two with locking brake, maximum weight capacity of 300 lbs (evenly distributed), assembly required, gray, Made in the USA*Image may not depict product color, inclusions or accessories.\" \/>\n<meta property=\"og:url\" content=\"https:\/\/ksproducts.ca\/fr\/product\/luxor-2-shelters-plastic-utility-cart-with-spacious-tub-shelves-300lb-weight-capacity-grey\/\" \/>\n<meta property=\"og:site_name\" content=\"Ks Products\" \/>\n<meta property=\"og:image\" content=\"https:\/\/ksproducts.ca\/wp-content\/uploads\/2026\/03\/Luxor-2-Shelf-Plastic-Utility-Cart-with-Spacious-Tub-Shelves-300lb-Weight-Capacity-Grey.jpg\" \/>\n\t<meta property=\"og:image:width\" content=\"640\" \/>\n\t<meta property=\"og:image:height\" content=\"640\" \/>\n\t<meta property=\"og:image:type\" content=\"image\/jpeg\" \/>\n<meta name=\"twitter:card\" content=\"summary_large_image\" \/>\n<meta name=\"twitter:label1\" content=\"Estimation du temps de lecture\" \/>\n\t<meta name=\"twitter:data1\" content=\"1 minute\" \/>\n<script type=\"application\/ld+json\" class=\"yoast-schema-graph\">{\"@context\":\"https:\\\/\\\/schema.org\",\"@graph\":[{\"@type\":\"WebPage\",\"@id\":\"https:\\\/\\\/ksproducts.ca\\\/product\\\/luxor-2-shelf-plastic-utility-cart-with-spacious-tub-shelves-300lb-weight-capacity-grey\\\/\",\"url\":\"https:\\\/\\\/ksproducts.ca\\\/product\\\/luxor-2-shelf-plastic-utility-cart-with-spacious-tub-shelves-300lb-weight-capacity-grey\\\/\",\"name\":\"Luxor 2-Shelf Plastic Utility Cart with Spacious Tub Shelves - 300lb Weight Capacity - Grey - Ks Products\",\"isPartOf\":{\"@id\":\"https:\\\/\\\/ksproducts.ca\\\/#website\"},\"primaryImageOfPage\":{\"@id\":\"https:\\\/\\\/ksproducts.ca\\\/product\\\/luxor-2-shelf-plastic-utility-cart-with-spacious-tub-shelves-300lb-weight-capacity-grey\\\/#primaryimage\"},\"image\":{\"@id\":\"https:\\\/\\\/ksproducts.ca\\\/product\\\/luxor-2-shelf-plastic-utility-cart-with-spacious-tub-shelves-300lb-weight-capacity-grey\\\/#primaryimage\"},\"thumbnailUrl\":\"https:\\\/\\\/ksproducts.ca\\\/wp-content\\\/uploads\\\/2026\\\/03\\\/Luxor-2-Shelf-Plastic-Utility-Cart-with-Spacious-Tub-Shelves-300lb-Weight-Capacity-Grey.jpg\",\"datePublished\":\"2026-03-12T17:46:49+00:00\",\"breadcrumb\":{\"@id\":\"https:\\\/\\\/ksproducts.ca\\\/product\\\/luxor-2-shelf-plastic-utility-cart-with-spacious-tub-shelves-300lb-weight-capacity-grey\\\/#breadcrumb\"},\"inLanguage\":\"fr-CA\",\"potentialAction\":[{\"@type\":\"ReadAction\",\"target\":[\"https:\\\/\\\/ksproducts.ca\\\/product\\\/luxor-2-shelf-plastic-utility-cart-with-spacious-tub-shelves-300lb-weight-capacity-grey\\\/\"]}]},{\"@type\":\"ImageObject\",\"inLanguage\":\"fr-CA\",\"@id\":\"https:\\\/\\\/ksproducts.ca\\\/product\\\/luxor-2-shelf-plastic-utility-cart-with-spacious-tub-shelves-300lb-weight-capacity-grey\\\/#primaryimage\",\"url\":\"https:\\\/\\\/ksproducts.ca\\\/wp-content\\\/uploads\\\/2026\\\/03\\\/Luxor-2-Shelf-Plastic-Utility-Cart-with-Spacious-Tub-Shelves-300lb-Weight-Capacity-Grey.jpg\",\"contentUrl\":\"https:\\\/\\\/ksproducts.ca\\\/wp-content\\\/uploads\\\/2026\\\/03\\\/Luxor-2-Shelf-Plastic-Utility-Cart-with-Spacious-Tub-Shelves-300lb-Weight-Capacity-Grey.jpg\",\"width\":640,\"height\":640,\"caption\":\"Luxor 2 Shelf Plastic Utility Cart with Spacious Tub Shelves 300lb Weight Capacity Grey\"},{\"@type\":\"BreadcrumbList\",\"@id\":\"https:\\\/\\\/ksproducts.ca\\\/product\\\/luxor-2-shelf-plastic-utility-cart-with-spacious-tub-shelves-300lb-weight-capacity-grey\\\/#breadcrumb\",\"itemListElement\":[{\"@type\":\"ListItem\",\"position\":1,\"name\":\"Home\",\"item\":\"https:\\\/\\\/ksproducts.ca\\\/\"},{\"@type\":\"ListItem\",\"position\":2,\"name\":\"Shop\",\"item\":\"https:\\\/\\\/ksproducts.ca\\\/shop\\\/\"},{\"@type\":\"ListItem\",\"position\":3,\"name\":\"Luxor 2-Shelf Plastic Utility Cart with Spacious Tub Shelves &#8211; 300lb Weight Capacity &#8211; Grey\"}]},{\"@type\":\"WebSite\",\"@id\":\"https:\\\/\\\/ksproducts.ca\\\/#website\",\"url\":\"https:\\\/\\\/ksproducts.ca\\\/\",\"name\":\"Ks Products\",\"description\":\"Outdoor cooking and living, made easy in Canada\",\"publisher\":{\"@id\":\"https:\\\/\\\/ksproducts.ca\\\/#organization\"},\"potentialAction\":[{\"@type\":\"SearchAction\",\"target\":{\"@type\":\"EntryPoint\",\"urlTemplate\":\"https:\\\/\\\/ksproducts.ca\\\/?s={search_term_string}\"},\"query-input\":{\"@type\":\"PropertyValueSpecification\",\"valueRequired\":true,\"valueName\":\"search_term_string\"}}],\"inLanguage\":\"fr-CA\"},{\"@type\":\"Organization\",\"@id\":\"https:\\\/\\\/ksproducts.ca\\\/#organization\",\"name\":\"Ks Products\",\"url\":\"https:\\\/\\\/ksproducts.ca\\\/\",\"logo\":{\"@type\":\"ImageObject\",\"inLanguage\":\"fr-CA\",\"@id\":\"https:\\\/\\\/ksproducts.ca\\\/#\\\/schema\\\/logo\\\/image\\\/\",\"url\":\"https:\\\/\\\/ksproducts.ca\\\/wp-content\\\/uploads\\\/2023\\\/09\\\/Kennedy-Sales-Logo-header-1.png\",\"contentUrl\":\"https:\\\/\\\/ksproducts.ca\\\/wp-content\\\/uploads\\\/2023\\\/09\\\/Kennedy-Sales-Logo-header-1.png\",\"width\":150,\"height\":77,\"caption\":\"Ks Products\"},\"image\":{\"@id\":\"https:\\\/\\\/ksproducts.ca\\\/#\\\/schema\\\/logo\\\/image\\\/\"}}]}<\/script>\n<!-- \/ Yoast SEO plugin. -->","yoast_head_json":{"title":"Luxor 2-Shelf Plastic Utility Cart with Spacious Tub Shelves - 300lb Weight Capacity - Grey - Ks Products","robots":{"index":"index","follow":"follow","max-snippet":"max-snippet:-1","max-image-preview":"max-image-preview:large","max-video-preview":"max-video-preview:-1"},"canonical":"https:\/\/ksproducts.ca\/fr\/product\/luxor-2-shelters-plastic-utility-cart-with-spacious-tub-shelves-300lb-weight-capacity-grey\/","og_locale":"fr_CA","og_type":"article","og_title":"Luxor 2-Shelf Plastic Utility Cart with Spacious Tub Shelves - 300lb Weight Capacity - Grey - Ks Products","og_description":"Tub Cart - Two Shelves features: multipurpose utility cart ideal for use as serving or storage cart, garden wagon, and more, shelves and legs are constructed with an injection molded thermoplastic resin, which will not stain, scratch, dent or rust, measures 24 W x 18 D x 37.5 H with a clearance between shelves of 26 for easy access, includes two 2.75 deep tub shelves, ergonomic push handle molded into the top shelf, rolling cart with four heavy duty 4 casters, two with locking brake, maximum weight capacity of 300 lbs (evenly distributed), assembly required, gray, Made in the USA*Image may not depict product color, inclusions or accessories.","og_url":"https:\/\/ksproducts.ca\/fr\/product\/luxor-2-shelters-plastic-utility-cart-with-spacious-tub-shelves-300lb-weight-capacity-grey\/","og_site_name":"Ks Products","og_image":[{"width":640,"height":640,"url":"https:\/\/ksproducts.ca\/wp-content\/uploads\/2026\/03\/Luxor-2-Shelf-Plastic-Utility-Cart-with-Spacious-Tub-Shelves-300lb-Weight-Capacity-Grey.jpg","type":"image\/jpeg"}],"twitter_card":"summary_large_image","twitter_misc":{"Estimation du temps de lecture":"1 minute"},"schema":{"@context":"https:\/\/schema.org","@graph":[{"@type":"WebPage","@id":"https:\/\/ksproducts.ca\/product\/luxor-2-shelf-plastic-utility-cart-with-spacious-tub-shelves-300lb-weight-capacity-grey\/","url":"https:\/\/ksproducts.ca\/product\/luxor-2-shelf-plastic-utility-cart-with-spacious-tub-shelves-300lb-weight-capacity-grey\/","name":"Luxor 2-Shelf Plastic Utility Cart with Spacious Tub Shelves - 300lb Weight Capacity - Grey - Ks Products","isPartOf":{"@id":"https:\/\/ksproducts.ca\/#website"},"primaryImageOfPage":{"@id":"https:\/\/ksproducts.ca\/product\/luxor-2-shelf-plastic-utility-cart-with-spacious-tub-shelves-300lb-weight-capacity-grey\/#primaryimage"},"image":{"@id":"https:\/\/ksproducts.ca\/product\/luxor-2-shelf-plastic-utility-cart-with-spacious-tub-shelves-300lb-weight-capacity-grey\/#primaryimage"},"thumbnailUrl":"https:\/\/ksproducts.ca\/wp-content\/uploads\/2026\/03\/Luxor-2-Shelf-Plastic-Utility-Cart-with-Spacious-Tub-Shelves-300lb-Weight-Capacity-Grey.jpg","datePublished":"2026-03-12T17:46:49+00:00","breadcrumb":{"@id":"https:\/\/ksproducts.ca\/product\/luxor-2-shelf-plastic-utility-cart-with-spacious-tub-shelves-300lb-weight-capacity-grey\/#breadcrumb"},"inLanguage":"fr-CA","potentialAction":[{"@type":"ReadAction","target":["https:\/\/ksproducts.ca\/product\/luxor-2-shelf-plastic-utility-cart-with-spacious-tub-shelves-300lb-weight-capacity-grey\/"]}]},{"@type":"ImageObject","inLanguage":"fr-CA","@id":"https:\/\/ksproducts.ca\/product\/luxor-2-shelf-plastic-utility-cart-with-spacious-tub-shelves-300lb-weight-capacity-grey\/#primaryimage","url":"https:\/\/ksproducts.ca\/wp-content\/uploads\/2026\/03\/Luxor-2-Shelf-Plastic-Utility-Cart-with-Spacious-Tub-Shelves-300lb-Weight-Capacity-Grey.jpg","contentUrl":"https:\/\/ksproducts.ca\/wp-content\/uploads\/2026\/03\/Luxor-2-Shelf-Plastic-Utility-Cart-with-Spacious-Tub-Shelves-300lb-Weight-Capacity-Grey.jpg","width":640,"height":640,"caption":"Luxor 2 Shelf Plastic Utility Cart with Spacious Tub Shelves 300lb Weight Capacity Grey"},{"@type":"BreadcrumbList","@id":"https:\/\/ksproducts.ca\/product\/luxor-2-shelf-plastic-utility-cart-with-spacious-tub-shelves-300lb-weight-capacity-grey\/#breadcrumb","itemListElement":[{"@type":"ListItem","position":1,"name":"Home","item":"https:\/\/ksproducts.ca\/"},{"@type":"ListItem","position":2,"name":"Shop","item":"https:\/\/ksproducts.ca\/shop\/"},{"@type":"ListItem","position":3,"name":"Luxor 2-Shelf Plastic Utility Cart with Spacious Tub Shelves &#8211; 300lb Weight Capacity &#8211; Grey"}]},{"@type":"WebSite","@id":"https:\/\/ksproducts.ca\/#website","url":"https:\/\/ksproducts.ca\/","name":"Produits Ks","description":"Cuisiner et vivre en plein air, c'est facile au Canada","publisher":{"@id":"https:\/\/ksproducts.ca\/#organization"},"potentialAction":[{"@type":"SearchAction","target":{"@type":"EntryPoint","urlTemplate":"https:\/\/ksproducts.ca\/?s={search_term_string}"},"query-input":{"@type":"PropertyValueSpecification","valueRequired":true,"valueName":"search_term_string"}}],"inLanguage":"fr-CA"},{"@type":"Organization","@id":"https:\/\/ksproducts.ca\/#organization","name":"Produits Ks","url":"https:\/\/ksproducts.ca\/","logo":{"@type":"ImageObject","inLanguage":"fr-CA","@id":"https:\/\/ksproducts.ca\/#\/schema\/logo\/image\/","url":"https:\/\/ksproducts.ca\/wp-content\/uploads\/2023\/09\/Kennedy-Sales-Logo-header-1.png","contentUrl":"https:\/\/ksproducts.ca\/wp-content\/uploads\/2023\/09\/Kennedy-Sales-Logo-header-1.png","width":150,"height":77,"caption":"Ks Products"},"image":{"@id":"https:\/\/ksproducts.ca\/#\/schema\/logo\/image\/"}}]}},"_links":{"self":[{"href":"https:\/\/ksproducts.ca\/fr\/wp-json\/wp\/v2\/product\/12495","targetHints":{"allow":["GET"]}}],"collection":[{"href":"https:\/\/ksproducts.ca\/fr\/wp-json\/wp\/v2\/product"}],"about":[{"href":"https:\/\/ksproducts.ca\/fr\/wp-json\/wp\/v2\/types\/product"}],"replies":[{"embeddable":true,"href":"https:\/\/ksproducts.ca\/fr\/wp-json\/wp\/v2\/comments?post=12495"}],"version-history":[{"count":1,"href":"https:\/\/ksproducts.ca\/fr\/wp-json\/wp\/v2\/product\/12495\/revisions"}],"predecessor-version":[{"id":12497,"href":"https:\/\/ksproducts.ca\/fr\/wp-json\/wp\/v2\/product\/12495\/revisions\/12497"}],"wp:featuredmedia":[{"embeddable":true,"href":"https:\/\/ksproducts.ca\/fr\/wp-json\/wp\/v2\/media\/12496"}],"wp:attachment":[{"href":"https:\/\/ksproducts.ca\/fr\/wp-json\/wp\/v2\/media?parent=12495"}],"wp:term":[{"taxonomy":"product_cat","embeddable":true,"href":"https:\/\/ksproducts.ca\/fr\/wp-json\/wp\/v2\/product_cat?post=12495"},{"taxonomy":"product_tag","embeddable":true,"href":"https:\/\/ksproducts.ca\/fr\/wp-json\/wp\/v2\/product_tag?post=12495"}],"curies":[{"name":"wp","href":"https:\/\/api.w.org\/{rel}","templated":true}]}}