{"id":12498,"date":"2026-03-12T17:49:57","date_gmt":"2026-03-12T17:49:57","guid":{"rendered":"https:\/\/ksproducts.ca\/?post_type=product&#038;p=12498"},"modified":"2026-03-12T17:49:57","modified_gmt":"2026-03-12T17:49:57","slug":"luxor-3-shelters-plastic-utility-cart-with-spacious-tub-shelves-300lb-weight-capacity-black","status":"publish","type":"product","link":"https:\/\/ksproducts.ca\/fr\/product\/luxor-3-shelf-plastic-utility-cart-with-spacious-tub-shelves-300lb-weight-capacity-black\/","title":{"rendered":"Luxor 3-Shelf Plastic Utility Cart with Spacious Tub Shelves - 300lb Weight Capacity - Black"},"content":{"rendered":"<ul>\n<li>Chariot utilitaire polyvalent<\/li>\n<li>Tablettes en poly\u00e9thyl\u00e8ne haute densit\u00e9 (PEHD) et pieds en PVC.<\/li>\n<li>Les \u00e9tag\u00e8res en forme de baignoire permettent de ranger en toute s\u00e9curit\u00e9 des objets dans des murs d'une profondeur de 2,75 pouces.<\/li>\n<li>Quatre roulettes robustes de 4 pouces<\/li>\n<li>Poign\u00e9e de pouss\u00e9e ergonomique moul\u00e9e dans la tablette sup\u00e9rieure.<\/li>\n<li>Capacit\u00e9 de poids maximale : 300 livres (r\u00e9parties uniform\u00e9ment)<\/li>\n<\/ul>","protected":false},"excerpt":{"rendered":"<p>Qu'il s'agisse de transport ou de stockage, ce chariot en plastique tr\u00e8s r\u00e9sistant supporte facilement la charge. Sa force provient de trois \u00e9tag\u00e8res robustes qui peuvent supporter un poids maximal combin\u00e9 de 300 livres et d'un corps en poly\u00e9thyl\u00e8ne haute densit\u00e9 qui ne se cabossera pas et ne s'\u00e9gratignera pas. De plus, une poign\u00e9e de pouss\u00e9e moul\u00e9e et quatre roulettes de 4 pouces avec deux freins de blocage garantissent que ce chariot utilitaire mobile est facile \u00e0 d\u00e9placer.<\/p>","protected":false},"featured_media":12499,"comment_status":"open","ping_status":"closed","template":"","meta":[],"product_cat":[433],"product_tag":[],"class_list":{"0":"post-12498","1":"product","2":"type-product","3":"status-publish","4":"has-post-thumbnail","6":"product_cat-utility-carts","7":"product_shipping_class-class-3","9":"first","10":"instock","11":"taxable","12":"shipping-taxable","13":"purchasable","14":"product-type-simple"},"yoast_head":"<!-- This site is optimized with the Yoast SEO plugin v27.3 - https:\/\/yoast.com\/product\/yoast-seo-wordpress\/ -->\n<title>Luxor 3-Shelf Plastic Utility Cart with Spacious Tub Shelves - 300lb Weight Capacity - Black - Ks Products<\/title>\n<meta name=\"robots\" content=\"index, follow, max-snippet:-1, max-image-preview:large, max-video-preview:-1\" \/>\n<link rel=\"canonical\" href=\"https:\/\/ksproducts.ca\/fr\/product\/luxor-3-shelters-plastic-utility-cart-with-spacious-tub-shelves-300lb-weight-capacity-black\/\" \/>\n<meta property=\"og:locale\" content=\"fr_CA\" \/>\n<meta property=\"og:type\" content=\"article\" \/>\n<meta property=\"og:title\" content=\"Luxor 3-Shelf Plastic Utility Cart with Spacious Tub Shelves - 300lb Weight Capacity - Black - Ks Products\" \/>\n<meta property=\"og:description\" content=\"Whether transporting or storing, this high-strength plastic cart easily bears the load. Its strength comes from three sturdy tub shelves that can hold a combined maximum weight of 300 pounds and a high-density polyethylene body that will never dent or scratch. Plus, a moulded push handle and four rolling 4-in casters with two locking brakes ensure this mobile utility cart is easy to move.\" \/>\n<meta property=\"og:url\" content=\"https:\/\/ksproducts.ca\/fr\/product\/luxor-3-shelters-plastic-utility-cart-with-spacious-tub-shelves-300lb-weight-capacity-black\/\" \/>\n<meta property=\"og:site_name\" content=\"Ks Products\" \/>\n<meta property=\"og:image\" content=\"https:\/\/ksproducts.ca\/wp-content\/uploads\/2023\/09\/Kennedy-Sales-Logo-header-1.png\" \/>\n\t<meta property=\"og:image:width\" content=\"150\" \/>\n\t<meta property=\"og:image:height\" content=\"77\" \/>\n\t<meta property=\"og:image:type\" content=\"image\/png\" \/>\n<meta name=\"twitter:card\" content=\"summary_large_image\" \/>\n<meta name=\"twitter:label1\" content=\"Estimation du temps de lecture\" \/>\n\t<meta name=\"twitter:data1\" content=\"1 minute\" \/>\n<script type=\"application\/ld+json\" class=\"yoast-schema-graph\">{\"@context\":\"https:\\\/\\\/schema.org\",\"@graph\":[{\"@type\":\"WebPage\",\"@id\":\"https:\\\/\\\/ksproducts.ca\\\/product\\\/luxor-3-shelf-plastic-utility-cart-with-spacious-tub-shelves-300lb-weight-capacity-black\\\/\",\"url\":\"https:\\\/\\\/ksproducts.ca\\\/product\\\/luxor-3-shelf-plastic-utility-cart-with-spacious-tub-shelves-300lb-weight-capacity-black\\\/\",\"name\":\"Luxor 3-Shelf Plastic Utility Cart with Spacious Tub Shelves - 300lb Weight Capacity - Black - Ks Products\",\"isPartOf\":{\"@id\":\"https:\\\/\\\/ksproducts.ca\\\/#website\"},\"primaryImageOfPage\":{\"@id\":\"https:\\\/\\\/ksproducts.ca\\\/product\\\/luxor-3-shelf-plastic-utility-cart-with-spacious-tub-shelves-300lb-weight-capacity-black\\\/#primaryimage\"},\"image\":{\"@id\":\"https:\\\/\\\/ksproducts.ca\\\/product\\\/luxor-3-shelf-plastic-utility-cart-with-spacious-tub-shelves-300lb-weight-capacity-black\\\/#primaryimage\"},\"thumbnailUrl\":\"https:\\\/\\\/ksproducts.ca\\\/wp-content\\\/uploads\\\/2026\\\/03\\\/Luxor-3-Shelf-Plastic-Utility-Cart-with-Spacious-Tub-Shelves-300lb-Weight-Capacity-Black.avif\",\"datePublished\":\"2026-03-12T17:49:57+00:00\",\"breadcrumb\":{\"@id\":\"https:\\\/\\\/ksproducts.ca\\\/product\\\/luxor-3-shelf-plastic-utility-cart-with-spacious-tub-shelves-300lb-weight-capacity-black\\\/#breadcrumb\"},\"inLanguage\":\"fr-CA\",\"potentialAction\":[{\"@type\":\"ReadAction\",\"target\":[\"https:\\\/\\\/ksproducts.ca\\\/product\\\/luxor-3-shelf-plastic-utility-cart-with-spacious-tub-shelves-300lb-weight-capacity-black\\\/\"]}]},{\"@type\":\"ImageObject\",\"inLanguage\":\"fr-CA\",\"@id\":\"https:\\\/\\\/ksproducts.ca\\\/product\\\/luxor-3-shelf-plastic-utility-cart-with-spacious-tub-shelves-300lb-weight-capacity-black\\\/#primaryimage\",\"url\":\"https:\\\/\\\/ksproducts.ca\\\/wp-content\\\/uploads\\\/2026\\\/03\\\/Luxor-3-Shelf-Plastic-Utility-Cart-with-Spacious-Tub-Shelves-300lb-Weight-Capacity-Black.avif\",\"contentUrl\":\"https:\\\/\\\/ksproducts.ca\\\/wp-content\\\/uploads\\\/2026\\\/03\\\/Luxor-3-Shelf-Plastic-Utility-Cart-with-Spacious-Tub-Shelves-300lb-Weight-Capacity-Black.avif\",\"width\":1000,\"height\":1000,\"caption\":\"Luxor 3 Shelf Plastic Utility Cart with Spacious Tub Shelves 300lb Weight Capacity Black\"},{\"@type\":\"BreadcrumbList\",\"@id\":\"https:\\\/\\\/ksproducts.ca\\\/product\\\/luxor-3-shelf-plastic-utility-cart-with-spacious-tub-shelves-300lb-weight-capacity-black\\\/#breadcrumb\",\"itemListElement\":[{\"@type\":\"ListItem\",\"position\":1,\"name\":\"Home\",\"item\":\"https:\\\/\\\/ksproducts.ca\\\/\"},{\"@type\":\"ListItem\",\"position\":2,\"name\":\"Shop\",\"item\":\"https:\\\/\\\/ksproducts.ca\\\/shop\\\/\"},{\"@type\":\"ListItem\",\"position\":3,\"name\":\"Luxor 3-Shelf Plastic Utility Cart with Spacious Tub Shelves &#8211; 300lb Weight Capacity &#8211; Black\"}]},{\"@type\":\"WebSite\",\"@id\":\"https:\\\/\\\/ksproducts.ca\\\/#website\",\"url\":\"https:\\\/\\\/ksproducts.ca\\\/\",\"name\":\"Ks Products\",\"description\":\"Outdoor cooking and living, made easy in Canada\",\"publisher\":{\"@id\":\"https:\\\/\\\/ksproducts.ca\\\/#organization\"},\"potentialAction\":[{\"@type\":\"SearchAction\",\"target\":{\"@type\":\"EntryPoint\",\"urlTemplate\":\"https:\\\/\\\/ksproducts.ca\\\/?s={search_term_string}\"},\"query-input\":{\"@type\":\"PropertyValueSpecification\",\"valueRequired\":true,\"valueName\":\"search_term_string\"}}],\"inLanguage\":\"fr-CA\"},{\"@type\":\"Organization\",\"@id\":\"https:\\\/\\\/ksproducts.ca\\\/#organization\",\"name\":\"Ks Products\",\"url\":\"https:\\\/\\\/ksproducts.ca\\\/\",\"logo\":{\"@type\":\"ImageObject\",\"inLanguage\":\"fr-CA\",\"@id\":\"https:\\\/\\\/ksproducts.ca\\\/#\\\/schema\\\/logo\\\/image\\\/\",\"url\":\"https:\\\/\\\/ksproducts.ca\\\/wp-content\\\/uploads\\\/2023\\\/09\\\/Kennedy-Sales-Logo-header-1.png\",\"contentUrl\":\"https:\\\/\\\/ksproducts.ca\\\/wp-content\\\/uploads\\\/2023\\\/09\\\/Kennedy-Sales-Logo-header-1.png\",\"width\":150,\"height\":77,\"caption\":\"Ks Products\"},\"image\":{\"@id\":\"https:\\\/\\\/ksproducts.ca\\\/#\\\/schema\\\/logo\\\/image\\\/\"}}]}<\/script>\n<!-- \/ Yoast SEO plugin. -->","yoast_head_json":{"title":"Luxor Chariot utilitaire en plastique \u00e0 3 \u00e9tages avec \u00e9tag\u00e8res spacieuses - Capacit\u00e9 de charge de 300 lb - Noir - Ks Products","robots":{"index":"index","follow":"follow","max-snippet":"max-snippet:-1","max-image-preview":"max-image-preview:large","max-video-preview":"max-video-preview:-1"},"canonical":"https:\/\/ksproducts.ca\/fr\/product\/luxor-3-shelters-plastic-utility-cart-with-spacious-tub-shelves-300lb-weight-capacity-black\/","og_locale":"fr_CA","og_type":"article","og_title":"Luxor 3-Shelf Plastic Utility Cart with Spacious Tub Shelves - 300lb Weight Capacity - Black - Ks Products","og_description":"Whether transporting or storing, this high-strength plastic cart easily bears the load. Its strength comes from three sturdy tub shelves that can hold a combined maximum weight of 300 pounds and a high-density polyethylene body that will never dent or scratch. Plus, a moulded push handle and four rolling 4-in casters with two locking brakes ensure this mobile utility cart is easy to move.","og_url":"https:\/\/ksproducts.ca\/fr\/product\/luxor-3-shelters-plastic-utility-cart-with-spacious-tub-shelves-300lb-weight-capacity-black\/","og_site_name":"Ks Products","og_image":[{"width":150,"height":77,"url":"https:\/\/ksproducts.ca\/wp-content\/uploads\/2023\/09\/Kennedy-Sales-Logo-header-1.png","type":"image\/png"}],"twitter_card":"summary_large_image","twitter_misc":{"Estimation du temps de lecture":"1 minute"},"schema":{"@context":"https:\/\/schema.org","@graph":[{"@type":"WebPage","@id":"https:\/\/ksproducts.ca\/product\/luxor-3-shelf-plastic-utility-cart-with-spacious-tub-shelves-300lb-weight-capacity-black\/","url":"https:\/\/ksproducts.ca\/product\/luxor-3-shelf-plastic-utility-cart-with-spacious-tub-shelves-300lb-weight-capacity-black\/","name":"Luxor Chariot utilitaire en plastique \u00e0 3 \u00e9tages avec \u00e9tag\u00e8res spacieuses - Capacit\u00e9 de charge de 300 lb - Noir - Ks Products","isPartOf":{"@id":"https:\/\/ksproducts.ca\/#website"},"primaryImageOfPage":{"@id":"https:\/\/ksproducts.ca\/product\/luxor-3-shelf-plastic-utility-cart-with-spacious-tub-shelves-300lb-weight-capacity-black\/#primaryimage"},"image":{"@id":"https:\/\/ksproducts.ca\/product\/luxor-3-shelf-plastic-utility-cart-with-spacious-tub-shelves-300lb-weight-capacity-black\/#primaryimage"},"thumbnailUrl":"https:\/\/ksproducts.ca\/wp-content\/uploads\/2026\/03\/Luxor-3-Shelf-Plastic-Utility-Cart-with-Spacious-Tub-Shelves-300lb-Weight-Capacity-Black.avif","datePublished":"2026-03-12T17:49:57+00:00","breadcrumb":{"@id":"https:\/\/ksproducts.ca\/product\/luxor-3-shelf-plastic-utility-cart-with-spacious-tub-shelves-300lb-weight-capacity-black\/#breadcrumb"},"inLanguage":"fr-CA","potentialAction":[{"@type":"ReadAction","target":["https:\/\/ksproducts.ca\/product\/luxor-3-shelf-plastic-utility-cart-with-spacious-tub-shelves-300lb-weight-capacity-black\/"]}]},{"@type":"ImageObject","inLanguage":"fr-CA","@id":"https:\/\/ksproducts.ca\/product\/luxor-3-shelf-plastic-utility-cart-with-spacious-tub-shelves-300lb-weight-capacity-black\/#primaryimage","url":"https:\/\/ksproducts.ca\/wp-content\/uploads\/2026\/03\/Luxor-3-Shelf-Plastic-Utility-Cart-with-Spacious-Tub-Shelves-300lb-Weight-Capacity-Black.avif","contentUrl":"https:\/\/ksproducts.ca\/wp-content\/uploads\/2026\/03\/Luxor-3-Shelf-Plastic-Utility-Cart-with-Spacious-Tub-Shelves-300lb-Weight-Capacity-Black.avif","width":1000,"height":1000,"caption":"Luxor 3 Shelf Plastic Utility Cart with Spacious Tub Shelves 300lb Weight Capacity Black"},{"@type":"BreadcrumbList","@id":"https:\/\/ksproducts.ca\/product\/luxor-3-shelf-plastic-utility-cart-with-spacious-tub-shelves-300lb-weight-capacity-black\/#breadcrumb","itemListElement":[{"@type":"ListItem","position":1,"name":"Home","item":"https:\/\/ksproducts.ca\/"},{"@type":"ListItem","position":2,"name":"Shop","item":"https:\/\/ksproducts.ca\/shop\/"},{"@type":"ListItem","position":3,"name":"Luxor 3-Shelf Plastic Utility Cart with Spacious Tub Shelves &#8211; 300lb Weight Capacity &#8211; Black"}]},{"@type":"WebSite","@id":"https:\/\/ksproducts.ca\/#website","url":"https:\/\/ksproducts.ca\/","name":"Produits Ks","description":"Cuisiner et vivre en plein air, c'est facile au Canada","publisher":{"@id":"https:\/\/ksproducts.ca\/#organization"},"potentialAction":[{"@type":"SearchAction","target":{"@type":"EntryPoint","urlTemplate":"https:\/\/ksproducts.ca\/?s={search_term_string}"},"query-input":{"@type":"PropertyValueSpecification","valueRequired":true,"valueName":"search_term_string"}}],"inLanguage":"fr-CA"},{"@type":"Organization","@id":"https:\/\/ksproducts.ca\/#organization","name":"Produits Ks","url":"https:\/\/ksproducts.ca\/","logo":{"@type":"ImageObject","inLanguage":"fr-CA","@id":"https:\/\/ksproducts.ca\/#\/schema\/logo\/image\/","url":"https:\/\/ksproducts.ca\/wp-content\/uploads\/2023\/09\/Kennedy-Sales-Logo-header-1.png","contentUrl":"https:\/\/ksproducts.ca\/wp-content\/uploads\/2023\/09\/Kennedy-Sales-Logo-header-1.png","width":150,"height":77,"caption":"Ks Products"},"image":{"@id":"https:\/\/ksproducts.ca\/#\/schema\/logo\/image\/"}}]}},"_links":{"self":[{"href":"https:\/\/ksproducts.ca\/fr\/wp-json\/wp\/v2\/product\/12498","targetHints":{"allow":["GET"]}}],"collection":[{"href":"https:\/\/ksproducts.ca\/fr\/wp-json\/wp\/v2\/product"}],"about":[{"href":"https:\/\/ksproducts.ca\/fr\/wp-json\/wp\/v2\/types\/product"}],"replies":[{"embeddable":true,"href":"https:\/\/ksproducts.ca\/fr\/wp-json\/wp\/v2\/comments?post=12498"}],"version-history":[{"count":1,"href":"https:\/\/ksproducts.ca\/fr\/wp-json\/wp\/v2\/product\/12498\/revisions"}],"predecessor-version":[{"id":12500,"href":"https:\/\/ksproducts.ca\/fr\/wp-json\/wp\/v2\/product\/12498\/revisions\/12500"}],"wp:featuredmedia":[{"embeddable":true,"href":"https:\/\/ksproducts.ca\/fr\/wp-json\/wp\/v2\/media\/12499"}],"wp:attachment":[{"href":"https:\/\/ksproducts.ca\/fr\/wp-json\/wp\/v2\/media?parent=12498"}],"wp:term":[{"taxonomy":"product_cat","embeddable":true,"href":"https:\/\/ksproducts.ca\/fr\/wp-json\/wp\/v2\/product_cat?post=12498"},{"taxonomy":"product_tag","embeddable":true,"href":"https:\/\/ksproducts.ca\/fr\/wp-json\/wp\/v2\/product_tag?post=12498"}],"curies":[{"name":"wp","href":"https:\/\/api.w.org\/{rel}","templated":true}]}}