{"id":12501,"date":"2026-03-12T17:54:24","date_gmt":"2026-03-12T17:54:24","guid":{"rendered":"https:\/\/ksproducts.ca\/?post_type=product&#038;p=12501"},"modified":"2026-03-12T17:54:57","modified_gmt":"2026-03-12T17:54:57","slug":"luxor-3-shelters-plastic-utility-cart-with-spacious-tub-shelves-300lb-weight-capacity-grey","status":"publish","type":"product","link":"https:\/\/ksproducts.ca\/fr\/product\/luxor-3-shelf-plastic-utility-cart-with-spacious-tub-shelves-300lb-weight-capacity-grey\/","title":{"rendered":"Luxor 3-Shelf Plastic Utility Cart with Spacious Tub Shelves - 300lb Weight Capacity - Grey"},"content":{"rendered":"<ul class=\"a-unordered-list a-vertical a-spacing-mini\">\n<li class=\"a-spacing-mini\"><span class=\"a-list-item\">Chariot utilitaire polyvalentTablettes en poly\u00e9thyl\u00e8ne haute densit\u00e9 (HDPE) et pieds en PVC ne rouillent pas, ne se rayent pas et ne tachent pasTablettes tubulaires pour ranger en toute s\u00e9curit\u00e9 les articles dans les murs de 2,75\u2033 de profondeurChariot roulant avec quatre roulettes 4\u2033 enti\u00e8rement pivotantes, dont deux avec freins verrouillablesPoign\u00e9e de pouss\u00e9e ergonomique moul\u00e9e dans la tablette sup\u00e9rieureOptions de couleurs multiplesCapacit\u00e9 de poids maximale : 300 lb (uniform\u00e9ment r\u00e9partie)Assemblage requisFabrication am\u00e9ricaine. (Assemblage requisFabriqu\u00e9 aux \u00c9tats-UnisDIMENSIONS:Dimensions totales : 24\u2033L x 18\u2033D x 39.25\u2033HStablettes : 24\u2033L x 18\u2033DTub Depth : 2.75\u2033Clearance entre les tablettes : 12<\/span><\/li>\n<li class=\"a-spacing-mini\"><span class=\"a-list-item\">Fabriqu\u00e9 aux \u00c9tats-Unis<\/span><\/li>\n<li class=\"a-spacing-mini\"><span class=\"a-list-item\">Construit pour durer<\/span><\/li>\n<li class=\"a-spacing-mini\"><span class=\"a-list-item\">assemblage facile<\/span><\/li>\n<li class=\"a-spacing-mini\"><span class=\"a-list-item\">peut \u00eatre utilis\u00e9 comme chariot d'atelier ou d'esth\u00e9tique automobile<\/span><\/li>\n<\/ul>","protected":false},"excerpt":{"rendered":"<div class=\"mb3\">\n<div class=\"dangerous-html mb3\">Chariot pour baignoire - Trois \u00e9tag\u00e8res Caract\u00e9ristiques : Les \u00e9tag\u00e8res et les pieds ne rouilleront jamais, ne se boss\u00e8leront pas, ne se rayeront pas et ne se tacheront pas, les \u00e9tag\u00e8res de la baignoire permettent de ranger les articles en toute s\u00e9curit\u00e9 dans les murs de 2,75 de profondeur, peut supporter jusqu'\u00e0 300 livres (r\u00e9parti uniform\u00e9ment), transport en douceur du chariot avec 4 roulettes et deux freins de verrouillage, poign\u00e9e de pouss\u00e9e ergonomique moul\u00e9e dans l'\u00e9tag\u00e8re sup\u00e9rieure, assemblage facile, Dimensions : Chariot : 24 L x 18 P x 39.25 H ; Etag\u00e8re : 24 L x 18 P ; Profondeur du plateau : 2.75 ; Distance entre les \u00e9tag\u00e8res : 12 , gris, Fabriqu\u00e9 aux USA*L'image peut ne pas repr\u00e9senter la couleur du produit, les inclusions ou les accessoires.<\/div>\n<\/div>\n<div class=\"mb3 f6 mid-gray lh-title overflow-visible db\">\n<div class=\"dangerous-html mb3\">Luxor Furniture STC111-G Chariot utilitaire en polym\u00e8re \u00e0 3 niveaux avec capacit\u00e9 de 300 livres, rebords sur\u00e9lev\u00e9s<\/div>\n<\/div>","protected":false},"featured_media":12503,"comment_status":"open","ping_status":"closed","template":"","meta":[],"product_cat":[433],"product_tag":[],"class_list":{"0":"post-12501","1":"product","2":"type-product","3":"status-publish","4":"has-post-thumbnail","6":"product_cat-utility-carts","7":"product_shipping_class-class-3","9":"first","10":"instock","11":"taxable","12":"shipping-taxable","13":"purchasable","14":"product-type-simple"},"yoast_head":"<!-- This site is optimized with the Yoast SEO plugin v27.4 - https:\/\/yoast.com\/product\/yoast-seo-wordpress\/ -->\n<title>Luxor 3-Shelf Plastic Utility Cart with Spacious Tub Shelves - 300lb Weight Capacity - Grey - Ks Products<\/title>\n<meta name=\"robots\" content=\"index, follow, max-snippet:-1, max-image-preview:large, max-video-preview:-1\" \/>\n<link rel=\"canonical\" href=\"https:\/\/ksproducts.ca\/fr\/product\/luxor-3-shelters-plastic-utility-cart-with-spacious-tub-shelves-300lb-weight-capacity-grey\/\" \/>\n<meta property=\"og:locale\" content=\"fr_CA\" \/>\n<meta property=\"og:type\" content=\"article\" \/>\n<meta property=\"og:title\" content=\"Luxor 3-Shelf Plastic Utility Cart with Spacious Tub Shelves - 300lb Weight Capacity - Grey - Ks Products\" \/>\n<meta property=\"og:description\" content=\"Tub Cart - Three Shelves features: Shelves and legs will never rust, dent, scratch, or stain, tub shelves safely stow items within 2.75 deep walls, carries up to 300 lbs. (evenly distributed), smoothly transport cart with 4 casters and two locking brakes, ergonomic push handle molded into top shelf, easy assembly, Dimensions: Cart: 24 W x 18 D x 39.25 H; Shelf: 24 W x 18 D; Tray Depth: 2.75 ; Distance between shelves: 12 , gray, Made in USA*Image may not depict product color, inclusions or accessories.   Luxor Furniture STC111-G 3-Level Polymer Utility Cart w\/ 300-lb Capacity, Raised Ledges\" \/>\n<meta property=\"og:url\" content=\"https:\/\/ksproducts.ca\/fr\/product\/luxor-3-shelters-plastic-utility-cart-with-spacious-tub-shelves-300lb-weight-capacity-grey\/\" \/>\n<meta property=\"og:site_name\" content=\"Ks Products\" \/>\n<meta property=\"article:modified_time\" content=\"2026-03-12T17:54:57+00:00\" \/>\n<meta property=\"og:image\" content=\"https:\/\/ksproducts.ca\/wp-content\/uploads\/2026\/03\/Luxor-3-Shelf-Plastic-Utility-Cart-with-Spacious-Tub-Shelves-300lb-Weight-Capacity-Grey.webp\" \/>\n\t<meta property=\"og:image:width\" content=\"640\" \/>\n\t<meta property=\"og:image:height\" content=\"640\" \/>\n\t<meta property=\"og:image:type\" content=\"image\/webp\" \/>\n<meta name=\"twitter:card\" content=\"summary_large_image\" \/>\n<meta name=\"twitter:label1\" content=\"Estimation du temps de lecture\" \/>\n\t<meta name=\"twitter:data1\" content=\"1 minute\" \/>\n<script type=\"application\/ld+json\" class=\"yoast-schema-graph\">{\"@context\":\"https:\\\/\\\/schema.org\",\"@graph\":[{\"@type\":\"WebPage\",\"@id\":\"https:\\\/\\\/ksproducts.ca\\\/product\\\/luxor-3-shelf-plastic-utility-cart-with-spacious-tub-shelves-300lb-weight-capacity-grey\\\/\",\"url\":\"https:\\\/\\\/ksproducts.ca\\\/product\\\/luxor-3-shelf-plastic-utility-cart-with-spacious-tub-shelves-300lb-weight-capacity-grey\\\/\",\"name\":\"Luxor 3-Shelf Plastic Utility Cart with Spacious Tub Shelves - 300lb Weight Capacity - Grey - Ks Products\",\"isPartOf\":{\"@id\":\"https:\\\/\\\/ksproducts.ca\\\/#website\"},\"primaryImageOfPage\":{\"@id\":\"https:\\\/\\\/ksproducts.ca\\\/product\\\/luxor-3-shelf-plastic-utility-cart-with-spacious-tub-shelves-300lb-weight-capacity-grey\\\/#primaryimage\"},\"image\":{\"@id\":\"https:\\\/\\\/ksproducts.ca\\\/product\\\/luxor-3-shelf-plastic-utility-cart-with-spacious-tub-shelves-300lb-weight-capacity-grey\\\/#primaryimage\"},\"thumbnailUrl\":\"https:\\\/\\\/ksproducts.ca\\\/wp-content\\\/uploads\\\/2026\\\/03\\\/Luxor-3-Shelf-Plastic-Utility-Cart-with-Spacious-Tub-Shelves-300lb-Weight-Capacity-Grey.webp\",\"datePublished\":\"2026-03-12T17:54:24+00:00\",\"dateModified\":\"2026-03-12T17:54:57+00:00\",\"breadcrumb\":{\"@id\":\"https:\\\/\\\/ksproducts.ca\\\/product\\\/luxor-3-shelf-plastic-utility-cart-with-spacious-tub-shelves-300lb-weight-capacity-grey\\\/#breadcrumb\"},\"inLanguage\":\"fr-CA\",\"potentialAction\":[{\"@type\":\"ReadAction\",\"target\":[\"https:\\\/\\\/ksproducts.ca\\\/product\\\/luxor-3-shelf-plastic-utility-cart-with-spacious-tub-shelves-300lb-weight-capacity-grey\\\/\"]}]},{\"@type\":\"ImageObject\",\"inLanguage\":\"fr-CA\",\"@id\":\"https:\\\/\\\/ksproducts.ca\\\/product\\\/luxor-3-shelf-plastic-utility-cart-with-spacious-tub-shelves-300lb-weight-capacity-grey\\\/#primaryimage\",\"url\":\"https:\\\/\\\/ksproducts.ca\\\/wp-content\\\/uploads\\\/2026\\\/03\\\/Luxor-3-Shelf-Plastic-Utility-Cart-with-Spacious-Tub-Shelves-300lb-Weight-Capacity-Grey.webp\",\"contentUrl\":\"https:\\\/\\\/ksproducts.ca\\\/wp-content\\\/uploads\\\/2026\\\/03\\\/Luxor-3-Shelf-Plastic-Utility-Cart-with-Spacious-Tub-Shelves-300lb-Weight-Capacity-Grey.webp\",\"width\":640,\"height\":640,\"caption\":\"Luxor 3 Shelf Plastic Utility Cart with Spacious Tub Shelves 300lb Weight Capacity Grey\"},{\"@type\":\"BreadcrumbList\",\"@id\":\"https:\\\/\\\/ksproducts.ca\\\/product\\\/luxor-3-shelf-plastic-utility-cart-with-spacious-tub-shelves-300lb-weight-capacity-grey\\\/#breadcrumb\",\"itemListElement\":[{\"@type\":\"ListItem\",\"position\":1,\"name\":\"Home\",\"item\":\"https:\\\/\\\/ksproducts.ca\\\/\"},{\"@type\":\"ListItem\",\"position\":2,\"name\":\"Shop\",\"item\":\"https:\\\/\\\/ksproducts.ca\\\/shop\\\/\"},{\"@type\":\"ListItem\",\"position\":3,\"name\":\"Luxor 3-Shelf Plastic Utility Cart with Spacious Tub Shelves &#8211; 300lb Weight Capacity &#8211; Grey\"}]},{\"@type\":\"WebSite\",\"@id\":\"https:\\\/\\\/ksproducts.ca\\\/#website\",\"url\":\"https:\\\/\\\/ksproducts.ca\\\/\",\"name\":\"Ks Products\",\"description\":\"Outdoor cooking and living, made easy in Canada\",\"publisher\":{\"@id\":\"https:\\\/\\\/ksproducts.ca\\\/#organization\"},\"potentialAction\":[{\"@type\":\"SearchAction\",\"target\":{\"@type\":\"EntryPoint\",\"urlTemplate\":\"https:\\\/\\\/ksproducts.ca\\\/?s={search_term_string}\"},\"query-input\":{\"@type\":\"PropertyValueSpecification\",\"valueRequired\":true,\"valueName\":\"search_term_string\"}}],\"inLanguage\":\"fr-CA\"},{\"@type\":\"Organization\",\"@id\":\"https:\\\/\\\/ksproducts.ca\\\/#organization\",\"name\":\"Ks Products\",\"url\":\"https:\\\/\\\/ksproducts.ca\\\/\",\"logo\":{\"@type\":\"ImageObject\",\"inLanguage\":\"fr-CA\",\"@id\":\"https:\\\/\\\/ksproducts.ca\\\/#\\\/schema\\\/logo\\\/image\\\/\",\"url\":\"https:\\\/\\\/ksproducts.ca\\\/wp-content\\\/uploads\\\/2023\\\/09\\\/Kennedy-Sales-Logo-header-1.png\",\"contentUrl\":\"https:\\\/\\\/ksproducts.ca\\\/wp-content\\\/uploads\\\/2023\\\/09\\\/Kennedy-Sales-Logo-header-1.png\",\"width\":150,\"height\":77,\"caption\":\"Ks Products\"},\"image\":{\"@id\":\"https:\\\/\\\/ksproducts.ca\\\/#\\\/schema\\\/logo\\\/image\\\/\"}}]}<\/script>\n<!-- \/ Yoast SEO plugin. -->","yoast_head_json":{"title":"Luxor Chariot utilitaire en plastique \u00e0 3 \u00e9tag\u00e8res avec bacs spacieux - Capacit\u00e9 de charge de 300 lb - Gris - Ks Products","robots":{"index":"index","follow":"follow","max-snippet":"max-snippet:-1","max-image-preview":"max-image-preview:large","max-video-preview":"max-video-preview:-1"},"canonical":"https:\/\/ksproducts.ca\/fr\/product\/luxor-3-shelters-plastic-utility-cart-with-spacious-tub-shelves-300lb-weight-capacity-grey\/","og_locale":"fr_CA","og_type":"article","og_title":"Luxor 3-Shelf Plastic Utility Cart with Spacious Tub Shelves - 300lb Weight Capacity - Grey - Ks Products","og_description":"Tub Cart - Three Shelves features: Shelves and legs will never rust, dent, scratch, or stain, tub shelves safely stow items within 2.75 deep walls, carries up to 300 lbs. (evenly distributed), smoothly transport cart with 4 casters and two locking brakes, ergonomic push handle molded into top shelf, easy assembly, Dimensions: Cart: 24 W x 18 D x 39.25 H; Shelf: 24 W x 18 D; Tray Depth: 2.75 ; Distance between shelves: 12 , gray, Made in USA*Image may not depict product color, inclusions or accessories.   Luxor Furniture STC111-G 3-Level Polymer Utility Cart w\/ 300-lb Capacity, Raised Ledges","og_url":"https:\/\/ksproducts.ca\/fr\/product\/luxor-3-shelters-plastic-utility-cart-with-spacious-tub-shelves-300lb-weight-capacity-grey\/","og_site_name":"Ks Products","article_modified_time":"2026-03-12T17:54:57+00:00","og_image":[{"width":640,"height":640,"url":"https:\/\/ksproducts.ca\/wp-content\/uploads\/2026\/03\/Luxor-3-Shelf-Plastic-Utility-Cart-with-Spacious-Tub-Shelves-300lb-Weight-Capacity-Grey.webp","type":"image\/webp"}],"twitter_card":"summary_large_image","twitter_misc":{"Estimation du temps de lecture":"1 minute"},"schema":{"@context":"https:\/\/schema.org","@graph":[{"@type":"WebPage","@id":"https:\/\/ksproducts.ca\/product\/luxor-3-shelf-plastic-utility-cart-with-spacious-tub-shelves-300lb-weight-capacity-grey\/","url":"https:\/\/ksproducts.ca\/product\/luxor-3-shelf-plastic-utility-cart-with-spacious-tub-shelves-300lb-weight-capacity-grey\/","name":"Luxor Chariot utilitaire en plastique \u00e0 3 \u00e9tag\u00e8res avec bacs spacieux - Capacit\u00e9 de charge de 300 lb - Gris - Ks Products","isPartOf":{"@id":"https:\/\/ksproducts.ca\/#website"},"primaryImageOfPage":{"@id":"https:\/\/ksproducts.ca\/product\/luxor-3-shelf-plastic-utility-cart-with-spacious-tub-shelves-300lb-weight-capacity-grey\/#primaryimage"},"image":{"@id":"https:\/\/ksproducts.ca\/product\/luxor-3-shelf-plastic-utility-cart-with-spacious-tub-shelves-300lb-weight-capacity-grey\/#primaryimage"},"thumbnailUrl":"https:\/\/ksproducts.ca\/wp-content\/uploads\/2026\/03\/Luxor-3-Shelf-Plastic-Utility-Cart-with-Spacious-Tub-Shelves-300lb-Weight-Capacity-Grey.webp","datePublished":"2026-03-12T17:54:24+00:00","dateModified":"2026-03-12T17:54:57+00:00","breadcrumb":{"@id":"https:\/\/ksproducts.ca\/product\/luxor-3-shelf-plastic-utility-cart-with-spacious-tub-shelves-300lb-weight-capacity-grey\/#breadcrumb"},"inLanguage":"fr-CA","potentialAction":[{"@type":"ReadAction","target":["https:\/\/ksproducts.ca\/product\/luxor-3-shelf-plastic-utility-cart-with-spacious-tub-shelves-300lb-weight-capacity-grey\/"]}]},{"@type":"ImageObject","inLanguage":"fr-CA","@id":"https:\/\/ksproducts.ca\/product\/luxor-3-shelf-plastic-utility-cart-with-spacious-tub-shelves-300lb-weight-capacity-grey\/#primaryimage","url":"https:\/\/ksproducts.ca\/wp-content\/uploads\/2026\/03\/Luxor-3-Shelf-Plastic-Utility-Cart-with-Spacious-Tub-Shelves-300lb-Weight-Capacity-Grey.webp","contentUrl":"https:\/\/ksproducts.ca\/wp-content\/uploads\/2026\/03\/Luxor-3-Shelf-Plastic-Utility-Cart-with-Spacious-Tub-Shelves-300lb-Weight-Capacity-Grey.webp","width":640,"height":640,"caption":"Luxor 3 Shelf Plastic Utility Cart with Spacious Tub Shelves 300lb Weight Capacity Grey"},{"@type":"BreadcrumbList","@id":"https:\/\/ksproducts.ca\/product\/luxor-3-shelf-plastic-utility-cart-with-spacious-tub-shelves-300lb-weight-capacity-grey\/#breadcrumb","itemListElement":[{"@type":"ListItem","position":1,"name":"Home","item":"https:\/\/ksproducts.ca\/"},{"@type":"ListItem","position":2,"name":"Shop","item":"https:\/\/ksproducts.ca\/shop\/"},{"@type":"ListItem","position":3,"name":"Luxor 3-Shelf Plastic Utility Cart with Spacious Tub Shelves &#8211; 300lb Weight Capacity &#8211; Grey"}]},{"@type":"WebSite","@id":"https:\/\/ksproducts.ca\/#website","url":"https:\/\/ksproducts.ca\/","name":"Produits Ks","description":"Cuisiner et vivre en plein air, c'est facile au Canada","publisher":{"@id":"https:\/\/ksproducts.ca\/#organization"},"potentialAction":[{"@type":"SearchAction","target":{"@type":"EntryPoint","urlTemplate":"https:\/\/ksproducts.ca\/?s={search_term_string}"},"query-input":{"@type":"PropertyValueSpecification","valueRequired":true,"valueName":"search_term_string"}}],"inLanguage":"fr-CA"},{"@type":"Organization","@id":"https:\/\/ksproducts.ca\/#organization","name":"Produits Ks","url":"https:\/\/ksproducts.ca\/","logo":{"@type":"ImageObject","inLanguage":"fr-CA","@id":"https:\/\/ksproducts.ca\/#\/schema\/logo\/image\/","url":"https:\/\/ksproducts.ca\/wp-content\/uploads\/2023\/09\/Kennedy-Sales-Logo-header-1.png","contentUrl":"https:\/\/ksproducts.ca\/wp-content\/uploads\/2023\/09\/Kennedy-Sales-Logo-header-1.png","width":150,"height":77,"caption":"Ks Products"},"image":{"@id":"https:\/\/ksproducts.ca\/#\/schema\/logo\/image\/"}}]}},"_links":{"self":[{"href":"https:\/\/ksproducts.ca\/fr\/wp-json\/wp\/v2\/product\/12501","targetHints":{"allow":["GET"]}}],"collection":[{"href":"https:\/\/ksproducts.ca\/fr\/wp-json\/wp\/v2\/product"}],"about":[{"href":"https:\/\/ksproducts.ca\/fr\/wp-json\/wp\/v2\/types\/product"}],"replies":[{"embeddable":true,"href":"https:\/\/ksproducts.ca\/fr\/wp-json\/wp\/v2\/comments?post=12501"}],"version-history":[{"count":1,"href":"https:\/\/ksproducts.ca\/fr\/wp-json\/wp\/v2\/product\/12501\/revisions"}],"predecessor-version":[{"id":12502,"href":"https:\/\/ksproducts.ca\/fr\/wp-json\/wp\/v2\/product\/12501\/revisions\/12502"}],"wp:featuredmedia":[{"embeddable":true,"href":"https:\/\/ksproducts.ca\/fr\/wp-json\/wp\/v2\/media\/12503"}],"wp:attachment":[{"href":"https:\/\/ksproducts.ca\/fr\/wp-json\/wp\/v2\/media?parent=12501"}],"wp:term":[{"taxonomy":"product_cat","embeddable":true,"href":"https:\/\/ksproducts.ca\/fr\/wp-json\/wp\/v2\/product_cat?post=12501"},{"taxonomy":"product_tag","embeddable":true,"href":"https:\/\/ksproducts.ca\/fr\/wp-json\/wp\/v2\/product_tag?post=12501"}],"curies":[{"name":"wp","href":"https:\/\/api.w.org\/{rel}","templated":true}]}}