{"id":12505,"date":"2026-03-12T18:01:02","date_gmt":"2026-03-12T18:01:02","guid":{"rendered":"https:\/\/ksproducts.ca\/?post_type=product&#038;p=12505"},"modified":"2026-03-16T15:29:50","modified_gmt":"2026-03-16T15:29:50","slug":"luxor-3-shelters-heavy-duty-plastic-utility-cart-with-1-flat-shelf-2-tub-shelves-300lb-weight-capacity-black","status":"publish","type":"product","link":"https:\/\/ksproducts.ca\/fr\/product\/luxor-3-shelf-heavy-duty-plastic-utility-cart-with-1-flat-shelf-2-tub-shelves-300lb-weight-capacity-black\/","title":{"rendered":"Luxor 34inch 3-Shelf Plastic Utility Cart with Flat Shelves - 300lb Weight Capacity - Black"},"content":{"rendered":"<ul>\n<li>Chariot utilitaire polyvalent<\/li>\n<li>Tablettes en poly\u00e9thyl\u00e8ne haute densit\u00e9 (PEHD) et pieds en PVC.<\/li>\n<li>Les \u00e9tag\u00e8res en forme de baignoire permettent de ranger en toute s\u00e9curit\u00e9 des objets dans des murs d'une profondeur de 2,75 pouces.<\/li>\n<li>Quatre roulettes robustes de 4 pouces<\/li>\n<li>Poign\u00e9e de pouss\u00e9e ergonomique moul\u00e9e dans le plateau sup\u00e9rieur<\/li>\n<\/ul>","protected":false},"excerpt":{"rendered":"<p>u'il s'agisse de transport, de stockage ou de service, ce chariot en plastique tr\u00e8s r\u00e9sistant supporte facilement la charge. Sa force provient de trois \u00e9tag\u00e8res robustes qui peuvent supporter un poids maximum de 300 livres et d'un corps en poly\u00e9thyl\u00e8ne haute densit\u00e9 qui ne se cabossera pas et ne se rayera pas. De plus, une poign\u00e9e de pouss\u00e9e moul\u00e9e et quatre roulettes de 4 pouces avec deux freins de blocage garantissent que ce chariot utilitaire mobile est facile \u00e0 d\u00e9placer.<\/p>","protected":false},"featured_media":12511,"comment_status":"open","ping_status":"closed","template":"","meta":[],"product_cat":[433],"product_tag":[],"class_list":{"0":"post-12505","1":"product","2":"type-product","3":"status-publish","4":"has-post-thumbnail","6":"product_cat-utility-carts","7":"product_shipping_class-class-4","9":"first","10":"instock","11":"taxable","12":"shipping-taxable","13":"purchasable","14":"product-type-simple"},"yoast_head":"<!-- This site is optimized with the Yoast SEO plugin v27.4 - https:\/\/yoast.com\/product\/yoast-seo-wordpress\/ -->\n<title>Luxor 34inch 3-Shelf Plastic Utility Cart with Flat Shelves - 300lb Weight Capacity - Black - Ks Products<\/title>\n<meta name=\"robots\" content=\"index, follow, max-snippet:-1, max-image-preview:large, max-video-preview:-1\" \/>\n<link rel=\"canonical\" href=\"https:\/\/ksproducts.ca\/fr\/product\/luxor-3-shelters-heavy-duty-plastic-utility-cart-with-1-flat-shelf-2-tub-shelves-300lb-weight-capacity-black\/\" \/>\n<meta property=\"og:locale\" content=\"fr_CA\" \/>\n<meta property=\"og:type\" content=\"article\" \/>\n<meta property=\"og:title\" content=\"Luxor 34inch 3-Shelf Plastic Utility Cart with Flat Shelves - 300lb Weight Capacity - Black - Ks Products\" \/>\n<meta property=\"og:description\" content=\"hether transporting, storing, or using for service, this high-strength plastic cart easily bears the load. Its strength comes from three sturdy tub shelves that can hold a maximum weight of 300 pounds and a high-density polyethylene body that will never dent or scratch. Plus, a moulded push handle and four rolling 4-in casters with two locking brakes ensure this mobile utility cart is easy to move.\" \/>\n<meta property=\"og:url\" content=\"https:\/\/ksproducts.ca\/fr\/product\/luxor-3-shelters-heavy-duty-plastic-utility-cart-with-1-flat-shelf-2-tub-shelves-300lb-weight-capacity-black\/\" \/>\n<meta property=\"og:site_name\" content=\"Ks Products\" \/>\n<meta property=\"article:modified_time\" content=\"2026-03-16T15:29:50+00:00\" \/>\n<meta property=\"og:image\" content=\"https:\/\/ksproducts.ca\/wp-content\/uploads\/2026\/03\/Luxor-34inch-3-Shelf-Plastic-Utility-Cart-with-Flat-Shelves-300lb-Weight-Capacity-Black.webp\" \/>\n\t<meta property=\"og:image:width\" content=\"640\" \/>\n\t<meta property=\"og:image:height\" content=\"640\" \/>\n\t<meta property=\"og:image:type\" content=\"image\/webp\" \/>\n<meta name=\"twitter:card\" content=\"summary_large_image\" \/>\n<meta name=\"twitter:label1\" content=\"Estimation du temps de lecture\" \/>\n\t<meta name=\"twitter:data1\" content=\"1 minute\" \/>\n<script type=\"application\/ld+json\" class=\"yoast-schema-graph\">{\"@context\":\"https:\\\/\\\/schema.org\",\"@graph\":[{\"@type\":\"WebPage\",\"@id\":\"https:\\\/\\\/ksproducts.ca\\\/product\\\/luxor-3-shelf-heavy-duty-plastic-utility-cart-with-1-flat-shelf-2-tub-shelves-300lb-weight-capacity-black\\\/\",\"url\":\"https:\\\/\\\/ksproducts.ca\\\/product\\\/luxor-3-shelf-heavy-duty-plastic-utility-cart-with-1-flat-shelf-2-tub-shelves-300lb-weight-capacity-black\\\/\",\"name\":\"Luxor 34inch 3-Shelf Plastic Utility Cart with Flat Shelves - 300lb Weight Capacity - Black - Ks Products\",\"isPartOf\":{\"@id\":\"https:\\\/\\\/ksproducts.ca\\\/#website\"},\"primaryImageOfPage\":{\"@id\":\"https:\\\/\\\/ksproducts.ca\\\/product\\\/luxor-3-shelf-heavy-duty-plastic-utility-cart-with-1-flat-shelf-2-tub-shelves-300lb-weight-capacity-black\\\/#primaryimage\"},\"image\":{\"@id\":\"https:\\\/\\\/ksproducts.ca\\\/product\\\/luxor-3-shelf-heavy-duty-plastic-utility-cart-with-1-flat-shelf-2-tub-shelves-300lb-weight-capacity-black\\\/#primaryimage\"},\"thumbnailUrl\":\"https:\\\/\\\/ksproducts.ca\\\/wp-content\\\/uploads\\\/2026\\\/03\\\/Luxor-34inch-3-Shelf-Plastic-Utility-Cart-with-Flat-Shelves-300lb-Weight-Capacity-Black.webp\",\"datePublished\":\"2026-03-12T18:01:02+00:00\",\"dateModified\":\"2026-03-16T15:29:50+00:00\",\"breadcrumb\":{\"@id\":\"https:\\\/\\\/ksproducts.ca\\\/product\\\/luxor-3-shelf-heavy-duty-plastic-utility-cart-with-1-flat-shelf-2-tub-shelves-300lb-weight-capacity-black\\\/#breadcrumb\"},\"inLanguage\":\"fr-CA\",\"potentialAction\":[{\"@type\":\"ReadAction\",\"target\":[\"https:\\\/\\\/ksproducts.ca\\\/product\\\/luxor-3-shelf-heavy-duty-plastic-utility-cart-with-1-flat-shelf-2-tub-shelves-300lb-weight-capacity-black\\\/\"]}]},{\"@type\":\"ImageObject\",\"inLanguage\":\"fr-CA\",\"@id\":\"https:\\\/\\\/ksproducts.ca\\\/product\\\/luxor-3-shelf-heavy-duty-plastic-utility-cart-with-1-flat-shelf-2-tub-shelves-300lb-weight-capacity-black\\\/#primaryimage\",\"url\":\"https:\\\/\\\/ksproducts.ca\\\/wp-content\\\/uploads\\\/2026\\\/03\\\/Luxor-34inch-3-Shelf-Plastic-Utility-Cart-with-Flat-Shelves-300lb-Weight-Capacity-Black.webp\",\"contentUrl\":\"https:\\\/\\\/ksproducts.ca\\\/wp-content\\\/uploads\\\/2026\\\/03\\\/Luxor-34inch-3-Shelf-Plastic-Utility-Cart-with-Flat-Shelves-300lb-Weight-Capacity-Black.webp\",\"width\":640,\"height\":640,\"caption\":\"Luxor 34inch 3 Shelf Plastic Utility Cart with Flat Shelves 300lb Weight Capacity Black\"},{\"@type\":\"BreadcrumbList\",\"@id\":\"https:\\\/\\\/ksproducts.ca\\\/product\\\/luxor-3-shelf-heavy-duty-plastic-utility-cart-with-1-flat-shelf-2-tub-shelves-300lb-weight-capacity-black\\\/#breadcrumb\",\"itemListElement\":[{\"@type\":\"ListItem\",\"position\":1,\"name\":\"Home\",\"item\":\"https:\\\/\\\/ksproducts.ca\\\/\"},{\"@type\":\"ListItem\",\"position\":2,\"name\":\"Shop\",\"item\":\"https:\\\/\\\/ksproducts.ca\\\/shop\\\/\"},{\"@type\":\"ListItem\",\"position\":3,\"name\":\"Luxor 34inch 3-Shelf Plastic Utility Cart with Flat Shelves &#8211; 300lb Weight Capacity &#8211; Black\"}]},{\"@type\":\"WebSite\",\"@id\":\"https:\\\/\\\/ksproducts.ca\\\/#website\",\"url\":\"https:\\\/\\\/ksproducts.ca\\\/\",\"name\":\"Ks Products\",\"description\":\"Outdoor cooking and living, made easy in Canada\",\"publisher\":{\"@id\":\"https:\\\/\\\/ksproducts.ca\\\/#organization\"},\"potentialAction\":[{\"@type\":\"SearchAction\",\"target\":{\"@type\":\"EntryPoint\",\"urlTemplate\":\"https:\\\/\\\/ksproducts.ca\\\/?s={search_term_string}\"},\"query-input\":{\"@type\":\"PropertyValueSpecification\",\"valueRequired\":true,\"valueName\":\"search_term_string\"}}],\"inLanguage\":\"fr-CA\"},{\"@type\":\"Organization\",\"@id\":\"https:\\\/\\\/ksproducts.ca\\\/#organization\",\"name\":\"Ks Products\",\"url\":\"https:\\\/\\\/ksproducts.ca\\\/\",\"logo\":{\"@type\":\"ImageObject\",\"inLanguage\":\"fr-CA\",\"@id\":\"https:\\\/\\\/ksproducts.ca\\\/#\\\/schema\\\/logo\\\/image\\\/\",\"url\":\"https:\\\/\\\/ksproducts.ca\\\/wp-content\\\/uploads\\\/2023\\\/09\\\/Kennedy-Sales-Logo-header-1.png\",\"contentUrl\":\"https:\\\/\\\/ksproducts.ca\\\/wp-content\\\/uploads\\\/2023\\\/09\\\/Kennedy-Sales-Logo-header-1.png\",\"width\":150,\"height\":77,\"caption\":\"Ks Products\"},\"image\":{\"@id\":\"https:\\\/\\\/ksproducts.ca\\\/#\\\/schema\\\/logo\\\/image\\\/\"}}]}<\/script>\n<!-- \/ Yoast SEO plugin. -->","yoast_head_json":{"title":"Luxor 34inch 3-Shelf Plastic Utility Cart with Flat Shelves - 300lb Weight Capacity - Black - Ks Products","robots":{"index":"index","follow":"follow","max-snippet":"max-snippet:-1","max-image-preview":"max-image-preview:large","max-video-preview":"max-video-preview:-1"},"canonical":"https:\/\/ksproducts.ca\/fr\/product\/luxor-3-shelters-heavy-duty-plastic-utility-cart-with-1-flat-shelf-2-tub-shelves-300lb-weight-capacity-black\/","og_locale":"fr_CA","og_type":"article","og_title":"Luxor 34inch 3-Shelf Plastic Utility Cart with Flat Shelves - 300lb Weight Capacity - Black - Ks Products","og_description":"hether transporting, storing, or using for service, this high-strength plastic cart easily bears the load. Its strength comes from three sturdy tub shelves that can hold a maximum weight of 300 pounds and a high-density polyethylene body that will never dent or scratch. Plus, a moulded push handle and four rolling 4-in casters with two locking brakes ensure this mobile utility cart is easy to move.","og_url":"https:\/\/ksproducts.ca\/fr\/product\/luxor-3-shelters-heavy-duty-plastic-utility-cart-with-1-flat-shelf-2-tub-shelves-300lb-weight-capacity-black\/","og_site_name":"Ks Products","article_modified_time":"2026-03-16T15:29:50+00:00","og_image":[{"width":640,"height":640,"url":"https:\/\/ksproducts.ca\/wp-content\/uploads\/2026\/03\/Luxor-34inch-3-Shelf-Plastic-Utility-Cart-with-Flat-Shelves-300lb-Weight-Capacity-Black.webp","type":"image\/webp"}],"twitter_card":"summary_large_image","twitter_misc":{"Estimation du temps de lecture":"1 minute"},"schema":{"@context":"https:\/\/schema.org","@graph":[{"@type":"WebPage","@id":"https:\/\/ksproducts.ca\/product\/luxor-3-shelf-heavy-duty-plastic-utility-cart-with-1-flat-shelf-2-tub-shelves-300lb-weight-capacity-black\/","url":"https:\/\/ksproducts.ca\/product\/luxor-3-shelf-heavy-duty-plastic-utility-cart-with-1-flat-shelf-2-tub-shelves-300lb-weight-capacity-black\/","name":"Luxor 34inch 3-Shelf Plastic Utility Cart with Flat Shelves - 300lb Weight Capacity - Black - Ks Products","isPartOf":{"@id":"https:\/\/ksproducts.ca\/#website"},"primaryImageOfPage":{"@id":"https:\/\/ksproducts.ca\/product\/luxor-3-shelf-heavy-duty-plastic-utility-cart-with-1-flat-shelf-2-tub-shelves-300lb-weight-capacity-black\/#primaryimage"},"image":{"@id":"https:\/\/ksproducts.ca\/product\/luxor-3-shelf-heavy-duty-plastic-utility-cart-with-1-flat-shelf-2-tub-shelves-300lb-weight-capacity-black\/#primaryimage"},"thumbnailUrl":"https:\/\/ksproducts.ca\/wp-content\/uploads\/2026\/03\/Luxor-34inch-3-Shelf-Plastic-Utility-Cart-with-Flat-Shelves-300lb-Weight-Capacity-Black.webp","datePublished":"2026-03-12T18:01:02+00:00","dateModified":"2026-03-16T15:29:50+00:00","breadcrumb":{"@id":"https:\/\/ksproducts.ca\/product\/luxor-3-shelf-heavy-duty-plastic-utility-cart-with-1-flat-shelf-2-tub-shelves-300lb-weight-capacity-black\/#breadcrumb"},"inLanguage":"fr-CA","potentialAction":[{"@type":"ReadAction","target":["https:\/\/ksproducts.ca\/product\/luxor-3-shelf-heavy-duty-plastic-utility-cart-with-1-flat-shelf-2-tub-shelves-300lb-weight-capacity-black\/"]}]},{"@type":"ImageObject","inLanguage":"fr-CA","@id":"https:\/\/ksproducts.ca\/product\/luxor-3-shelf-heavy-duty-plastic-utility-cart-with-1-flat-shelf-2-tub-shelves-300lb-weight-capacity-black\/#primaryimage","url":"https:\/\/ksproducts.ca\/wp-content\/uploads\/2026\/03\/Luxor-34inch-3-Shelf-Plastic-Utility-Cart-with-Flat-Shelves-300lb-Weight-Capacity-Black.webp","contentUrl":"https:\/\/ksproducts.ca\/wp-content\/uploads\/2026\/03\/Luxor-34inch-3-Shelf-Plastic-Utility-Cart-with-Flat-Shelves-300lb-Weight-Capacity-Black.webp","width":640,"height":640,"caption":"Luxor 34inch 3 Shelf Plastic Utility Cart with Flat Shelves 300lb Weight Capacity Black"},{"@type":"BreadcrumbList","@id":"https:\/\/ksproducts.ca\/product\/luxor-3-shelf-heavy-duty-plastic-utility-cart-with-1-flat-shelf-2-tub-shelves-300lb-weight-capacity-black\/#breadcrumb","itemListElement":[{"@type":"ListItem","position":1,"name":"Home","item":"https:\/\/ksproducts.ca\/"},{"@type":"ListItem","position":2,"name":"Shop","item":"https:\/\/ksproducts.ca\/shop\/"},{"@type":"ListItem","position":3,"name":"Luxor 34inch 3-Shelf Plastic Utility Cart with Flat Shelves &#8211; 300lb Weight Capacity &#8211; Black"}]},{"@type":"WebSite","@id":"https:\/\/ksproducts.ca\/#website","url":"https:\/\/ksproducts.ca\/","name":"Produits Ks","description":"Cuisiner et vivre en plein air, c'est facile au Canada","publisher":{"@id":"https:\/\/ksproducts.ca\/#organization"},"potentialAction":[{"@type":"SearchAction","target":{"@type":"EntryPoint","urlTemplate":"https:\/\/ksproducts.ca\/?s={search_term_string}"},"query-input":{"@type":"PropertyValueSpecification","valueRequired":true,"valueName":"search_term_string"}}],"inLanguage":"fr-CA"},{"@type":"Organization","@id":"https:\/\/ksproducts.ca\/#organization","name":"Produits Ks","url":"https:\/\/ksproducts.ca\/","logo":{"@type":"ImageObject","inLanguage":"fr-CA","@id":"https:\/\/ksproducts.ca\/#\/schema\/logo\/image\/","url":"https:\/\/ksproducts.ca\/wp-content\/uploads\/2023\/09\/Kennedy-Sales-Logo-header-1.png","contentUrl":"https:\/\/ksproducts.ca\/wp-content\/uploads\/2023\/09\/Kennedy-Sales-Logo-header-1.png","width":150,"height":77,"caption":"Ks Products"},"image":{"@id":"https:\/\/ksproducts.ca\/#\/schema\/logo\/image\/"}}]}},"_links":{"self":[{"href":"https:\/\/ksproducts.ca\/fr\/wp-json\/wp\/v2\/product\/12505","targetHints":{"allow":["GET"]}}],"collection":[{"href":"https:\/\/ksproducts.ca\/fr\/wp-json\/wp\/v2\/product"}],"about":[{"href":"https:\/\/ksproducts.ca\/fr\/wp-json\/wp\/v2\/types\/product"}],"replies":[{"embeddable":true,"href":"https:\/\/ksproducts.ca\/fr\/wp-json\/wp\/v2\/comments?post=12505"}],"version-history":[{"count":3,"href":"https:\/\/ksproducts.ca\/fr\/wp-json\/wp\/v2\/product\/12505\/revisions"}],"predecessor-version":[{"id":12512,"href":"https:\/\/ksproducts.ca\/fr\/wp-json\/wp\/v2\/product\/12505\/revisions\/12512"}],"wp:featuredmedia":[{"embeddable":true,"href":"https:\/\/ksproducts.ca\/fr\/wp-json\/wp\/v2\/media\/12511"}],"wp:attachment":[{"href":"https:\/\/ksproducts.ca\/fr\/wp-json\/wp\/v2\/media?parent=12505"}],"wp:term":[{"taxonomy":"product_cat","embeddable":true,"href":"https:\/\/ksproducts.ca\/fr\/wp-json\/wp\/v2\/product_cat?post=12505"},{"taxonomy":"product_tag","embeddable":true,"href":"https:\/\/ksproducts.ca\/fr\/wp-json\/wp\/v2\/product_tag?post=12505"}],"curies":[{"name":"wp","href":"https:\/\/api.w.org\/{rel}","templated":true}]}}