{"id":12517,"date":"2026-03-12T18:36:37","date_gmt":"2026-03-12T18:36:37","guid":{"rendered":"https:\/\/ksproducts.ca\/?post_type=product&#038;p=12517"},"modified":"2026-03-12T18:36:37","modified_gmt":"2026-03-12T18:36:37","slug":"luxor-single-column-pneumatic-adjustable-height-stand-up-desk-with-bag-hook-cup-holder-and-pencil-rest","status":"publish","type":"product","link":"https:\/\/ksproducts.ca\/fr\/product\/luxor-single-column-pneumatic-adjustable-height-stand-up-desk-with-bag-hook-cup-holder-and-pencil-rest\/","title":{"rendered":"Luxor Stand Up Desk pneumatique \u00e0 une colonne, r\u00e9glable en hauteur, avec crochet pour sac, porte-gobelet et repose-crayon"},"content":{"rendered":"<ul>\n<li>Am\u00e9liore la concentration de l'\u00e9l\u00e8ve et sa capacit\u00e9 \u00e0 rester engag\u00e9 dans ses activit\u00e9s<\/li>\n<li>La p\u00e9dale pneumatique permet de passer de la position assise \u00e0 la position debout.<\/li>\n<li>Le bureau avec des supports permet de ranger facilement les crayons et la bouteille d'eau.<\/li>\n<li>Quatre roulettes et deux freins de blocage assurent une mobilit\u00e9 ais\u00e9e tout en favorisant la collaboration entre les \u00e9tudiants.<\/li>\n<li>Il a \u00e9t\u00e9 prouv\u00e9 que les \u00e9l\u00e8ves se concentrent davantage et sont plus aptes \u00e0 se concentrer sur leur t\u00e2che.<\/li>\n<li>Hauteur r\u00e9glable entre 29 pouces et 43,5 pouces<\/li>\n<li>Comprend un crochet pour suspendre les sacs de livres<\/li>\n<li>La construction en acier offre une durabilit\u00e9 et une r\u00e9sistance \u00e0 une utilisation prolong\u00e9e et rigoureuse.<\/li>\n<li>Adh\u00e8re aux normes ANSI\/BIFMA et CPSIA pour l'assurance de la qualit\u00e9 et de la s\u00e9curit\u00e9<\/li>\n<\/ul>","protected":false},"excerpt":{"rendered":"<p>Le bureau Luxor pour \u00e9tudiants peut avoir un impact positif sur la sant\u00e9 mentale et physique de vos \u00e9tudiants. La hauteur r\u00e9glable du bureau \u00e0 l'aide d'une p\u00e9dale pneumatique leur permet de choisir entre les positions assise et debout. Le plateau de la table est \u00e9quip\u00e9 d'emplacements pour ranger les crayons et la bouteille d'eau. Les roulettes faciles \u00e0 d\u00e9placer favorisent l'engagement des \u00e9l\u00e8ves et offrent des possibilit\u00e9s d'agencement flexibles pour les salles de classe.<\/p>","protected":false},"featured_media":12518,"comment_status":"open","ping_status":"closed","template":"","meta":[],"product_cat":[434],"product_tag":[],"class_list":{"0":"post-12517","1":"product","2":"type-product","3":"status-publish","4":"has-post-thumbnail","6":"product_cat-desks","7":"product_shipping_class-class-5","9":"first","10":"instock","11":"taxable","12":"shipping-taxable","13":"purchasable","14":"product-type-simple"},"yoast_head":"<!-- This site is optimized with the Yoast SEO plugin v27.4 - https:\/\/yoast.com\/product\/yoast-seo-wordpress\/ -->\n<title>Luxor Single-Column Pneumatic Adjustable-Height Stand Up Desk with Bag Hook, Cup Holder, and Pencil Rest - Ks Products<\/title>\n<meta name=\"robots\" content=\"index, follow, max-snippet:-1, max-image-preview:large, max-video-preview:-1\" \/>\n<link rel=\"canonical\" href=\"https:\/\/ksproducts.ca\/fr\/product\/luxor-single-column-pneumatic-adjustable-height-stand-up-desk-with-bag-hook-cup-holder-and-pencil-rest\/\" \/>\n<meta property=\"og:locale\" content=\"fr_CA\" \/>\n<meta property=\"og:type\" content=\"article\" \/>\n<meta property=\"og:title\" content=\"Luxor Single-Column Pneumatic Adjustable-Height Stand Up Desk with Bag Hook, Cup Holder, and Pencil Rest - Ks Products\" \/>\n<meta property=\"og:description\" content=\"The Luxor student desk can positively impact your student&#039;s mental and physical health. The adjustable desk height with a pneumatic foot pedal allows them to choose between sitting and standing positions. Its tabletop comes with placeholders to stash pencils and water bottle. Easy-moving casters promote student engagement and provide flexible layout choices for classrooms.\" \/>\n<meta property=\"og:url\" content=\"https:\/\/ksproducts.ca\/fr\/product\/luxor-single-column-pneumatic-adjustable-height-stand-up-desk-with-bag-hook-cup-holder-and-pencil-rest\/\" \/>\n<meta property=\"og:site_name\" content=\"Ks Products\" \/>\n<meta property=\"og:image\" content=\"https:\/\/ksproducts.ca\/wp-content\/uploads\/2026\/03\/Luxor-Single-Column-Pneumatic-Adjustable-Height-Stand-Up-Desk-with-Bag-Hook-Cup-Holder-and-Pencil-Rest.jpg\" \/>\n\t<meta property=\"og:image:width\" content=\"500\" \/>\n\t<meta property=\"og:image:height\" content=\"500\" \/>\n\t<meta property=\"og:image:type\" content=\"image\/jpeg\" \/>\n<meta name=\"twitter:card\" content=\"summary_large_image\" \/>\n<meta name=\"twitter:label1\" content=\"Estimation du temps de lecture\" \/>\n\t<meta name=\"twitter:data1\" content=\"1 minute\" \/>\n<script type=\"application\/ld+json\" class=\"yoast-schema-graph\">{\"@context\":\"https:\\\/\\\/schema.org\",\"@graph\":[{\"@type\":\"WebPage\",\"@id\":\"https:\\\/\\\/ksproducts.ca\\\/product\\\/luxor-single-column-pneumatic-adjustable-height-stand-up-desk-with-bag-hook-cup-holder-and-pencil-rest\\\/\",\"url\":\"https:\\\/\\\/ksproducts.ca\\\/product\\\/luxor-single-column-pneumatic-adjustable-height-stand-up-desk-with-bag-hook-cup-holder-and-pencil-rest\\\/\",\"name\":\"Luxor Single-Column Pneumatic Adjustable-Height Stand Up Desk with Bag Hook, Cup Holder, and Pencil Rest - Ks Products\",\"isPartOf\":{\"@id\":\"https:\\\/\\\/ksproducts.ca\\\/#website\"},\"primaryImageOfPage\":{\"@id\":\"https:\\\/\\\/ksproducts.ca\\\/product\\\/luxor-single-column-pneumatic-adjustable-height-stand-up-desk-with-bag-hook-cup-holder-and-pencil-rest\\\/#primaryimage\"},\"image\":{\"@id\":\"https:\\\/\\\/ksproducts.ca\\\/product\\\/luxor-single-column-pneumatic-adjustable-height-stand-up-desk-with-bag-hook-cup-holder-and-pencil-rest\\\/#primaryimage\"},\"thumbnailUrl\":\"https:\\\/\\\/ksproducts.ca\\\/wp-content\\\/uploads\\\/2026\\\/03\\\/Luxor-Single-Column-Pneumatic-Adjustable-Height-Stand-Up-Desk-with-Bag-Hook-Cup-Holder-and-Pencil-Rest.jpg\",\"datePublished\":\"2026-03-12T18:36:37+00:00\",\"breadcrumb\":{\"@id\":\"https:\\\/\\\/ksproducts.ca\\\/product\\\/luxor-single-column-pneumatic-adjustable-height-stand-up-desk-with-bag-hook-cup-holder-and-pencil-rest\\\/#breadcrumb\"},\"inLanguage\":\"fr-CA\",\"potentialAction\":[{\"@type\":\"ReadAction\",\"target\":[\"https:\\\/\\\/ksproducts.ca\\\/product\\\/luxor-single-column-pneumatic-adjustable-height-stand-up-desk-with-bag-hook-cup-holder-and-pencil-rest\\\/\"]}]},{\"@type\":\"ImageObject\",\"inLanguage\":\"fr-CA\",\"@id\":\"https:\\\/\\\/ksproducts.ca\\\/product\\\/luxor-single-column-pneumatic-adjustable-height-stand-up-desk-with-bag-hook-cup-holder-and-pencil-rest\\\/#primaryimage\",\"url\":\"https:\\\/\\\/ksproducts.ca\\\/wp-content\\\/uploads\\\/2026\\\/03\\\/Luxor-Single-Column-Pneumatic-Adjustable-Height-Stand-Up-Desk-with-Bag-Hook-Cup-Holder-and-Pencil-Rest.jpg\",\"contentUrl\":\"https:\\\/\\\/ksproducts.ca\\\/wp-content\\\/uploads\\\/2026\\\/03\\\/Luxor-Single-Column-Pneumatic-Adjustable-Height-Stand-Up-Desk-with-Bag-Hook-Cup-Holder-and-Pencil-Rest.jpg\",\"width\":500,\"height\":500,\"caption\":\"Luxor Single Column Pneumatic Adjustable Height Stand Up Desk with Bag Hook, Cup Holder, and Pencil Rest\"},{\"@type\":\"BreadcrumbList\",\"@id\":\"https:\\\/\\\/ksproducts.ca\\\/product\\\/luxor-single-column-pneumatic-adjustable-height-stand-up-desk-with-bag-hook-cup-holder-and-pencil-rest\\\/#breadcrumb\",\"itemListElement\":[{\"@type\":\"ListItem\",\"position\":1,\"name\":\"Home\",\"item\":\"https:\\\/\\\/ksproducts.ca\\\/\"},{\"@type\":\"ListItem\",\"position\":2,\"name\":\"Shop\",\"item\":\"https:\\\/\\\/ksproducts.ca\\\/shop\\\/\"},{\"@type\":\"ListItem\",\"position\":3,\"name\":\"Luxor Single-Column Pneumatic Adjustable-Height Stand Up Desk with Bag Hook, Cup Holder, and Pencil Rest\"}]},{\"@type\":\"WebSite\",\"@id\":\"https:\\\/\\\/ksproducts.ca\\\/#website\",\"url\":\"https:\\\/\\\/ksproducts.ca\\\/\",\"name\":\"Ks Products\",\"description\":\"Outdoor cooking and living, made easy in Canada\",\"publisher\":{\"@id\":\"https:\\\/\\\/ksproducts.ca\\\/#organization\"},\"potentialAction\":[{\"@type\":\"SearchAction\",\"target\":{\"@type\":\"EntryPoint\",\"urlTemplate\":\"https:\\\/\\\/ksproducts.ca\\\/?s={search_term_string}\"},\"query-input\":{\"@type\":\"PropertyValueSpecification\",\"valueRequired\":true,\"valueName\":\"search_term_string\"}}],\"inLanguage\":\"fr-CA\"},{\"@type\":\"Organization\",\"@id\":\"https:\\\/\\\/ksproducts.ca\\\/#organization\",\"name\":\"Ks Products\",\"url\":\"https:\\\/\\\/ksproducts.ca\\\/\",\"logo\":{\"@type\":\"ImageObject\",\"inLanguage\":\"fr-CA\",\"@id\":\"https:\\\/\\\/ksproducts.ca\\\/#\\\/schema\\\/logo\\\/image\\\/\",\"url\":\"https:\\\/\\\/ksproducts.ca\\\/wp-content\\\/uploads\\\/2023\\\/09\\\/Kennedy-Sales-Logo-header-1.png\",\"contentUrl\":\"https:\\\/\\\/ksproducts.ca\\\/wp-content\\\/uploads\\\/2023\\\/09\\\/Kennedy-Sales-Logo-header-1.png\",\"width\":150,\"height\":77,\"caption\":\"Ks Products\"},\"image\":{\"@id\":\"https:\\\/\\\/ksproducts.ca\\\/#\\\/schema\\\/logo\\\/image\\\/\"}}]}<\/script>\n<!-- \/ Yoast SEO plugin. -->","yoast_head_json":{"title":"Luxor Bureau debout pneumatique \u00e0 une colonne, r\u00e9glable en hauteur, avec crochet pour sac, porte-gobelet et repose-crayon - Ks Products","robots":{"index":"index","follow":"follow","max-snippet":"max-snippet:-1","max-image-preview":"max-image-preview:large","max-video-preview":"max-video-preview:-1"},"canonical":"https:\/\/ksproducts.ca\/fr\/product\/luxor-single-column-pneumatic-adjustable-height-stand-up-desk-with-bag-hook-cup-holder-and-pencil-rest\/","og_locale":"fr_CA","og_type":"article","og_title":"Luxor Single-Column Pneumatic Adjustable-Height Stand Up Desk with Bag Hook, Cup Holder, and Pencil Rest - Ks Products","og_description":"The Luxor student desk can positively impact your student's mental and physical health. The adjustable desk height with a pneumatic foot pedal allows them to choose between sitting and standing positions. Its tabletop comes with placeholders to stash pencils and water bottle. Easy-moving casters promote student engagement and provide flexible layout choices for classrooms.","og_url":"https:\/\/ksproducts.ca\/fr\/product\/luxor-single-column-pneumatic-adjustable-height-stand-up-desk-with-bag-hook-cup-holder-and-pencil-rest\/","og_site_name":"Ks Products","og_image":[{"width":500,"height":500,"url":"https:\/\/ksproducts.ca\/wp-content\/uploads\/2026\/03\/Luxor-Single-Column-Pneumatic-Adjustable-Height-Stand-Up-Desk-with-Bag-Hook-Cup-Holder-and-Pencil-Rest.jpg","type":"image\/jpeg"}],"twitter_card":"summary_large_image","twitter_misc":{"Estimation du temps de lecture":"1 minute"},"schema":{"@context":"https:\/\/schema.org","@graph":[{"@type":"WebPage","@id":"https:\/\/ksproducts.ca\/product\/luxor-single-column-pneumatic-adjustable-height-stand-up-desk-with-bag-hook-cup-holder-and-pencil-rest\/","url":"https:\/\/ksproducts.ca\/product\/luxor-single-column-pneumatic-adjustable-height-stand-up-desk-with-bag-hook-cup-holder-and-pencil-rest\/","name":"Luxor Bureau debout pneumatique \u00e0 une colonne, r\u00e9glable en hauteur, avec crochet pour sac, porte-gobelet et repose-crayon - Ks Products","isPartOf":{"@id":"https:\/\/ksproducts.ca\/#website"},"primaryImageOfPage":{"@id":"https:\/\/ksproducts.ca\/product\/luxor-single-column-pneumatic-adjustable-height-stand-up-desk-with-bag-hook-cup-holder-and-pencil-rest\/#primaryimage"},"image":{"@id":"https:\/\/ksproducts.ca\/product\/luxor-single-column-pneumatic-adjustable-height-stand-up-desk-with-bag-hook-cup-holder-and-pencil-rest\/#primaryimage"},"thumbnailUrl":"https:\/\/ksproducts.ca\/wp-content\/uploads\/2026\/03\/Luxor-Single-Column-Pneumatic-Adjustable-Height-Stand-Up-Desk-with-Bag-Hook-Cup-Holder-and-Pencil-Rest.jpg","datePublished":"2026-03-12T18:36:37+00:00","breadcrumb":{"@id":"https:\/\/ksproducts.ca\/product\/luxor-single-column-pneumatic-adjustable-height-stand-up-desk-with-bag-hook-cup-holder-and-pencil-rest\/#breadcrumb"},"inLanguage":"fr-CA","potentialAction":[{"@type":"ReadAction","target":["https:\/\/ksproducts.ca\/product\/luxor-single-column-pneumatic-adjustable-height-stand-up-desk-with-bag-hook-cup-holder-and-pencil-rest\/"]}]},{"@type":"ImageObject","inLanguage":"fr-CA","@id":"https:\/\/ksproducts.ca\/product\/luxor-single-column-pneumatic-adjustable-height-stand-up-desk-with-bag-hook-cup-holder-and-pencil-rest\/#primaryimage","url":"https:\/\/ksproducts.ca\/wp-content\/uploads\/2026\/03\/Luxor-Single-Column-Pneumatic-Adjustable-Height-Stand-Up-Desk-with-Bag-Hook-Cup-Holder-and-Pencil-Rest.jpg","contentUrl":"https:\/\/ksproducts.ca\/wp-content\/uploads\/2026\/03\/Luxor-Single-Column-Pneumatic-Adjustable-Height-Stand-Up-Desk-with-Bag-Hook-Cup-Holder-and-Pencil-Rest.jpg","width":500,"height":500,"caption":"Luxor Single Column Pneumatic Adjustable Height Stand Up Desk with Bag Hook, Cup Holder, and Pencil Rest"},{"@type":"BreadcrumbList","@id":"https:\/\/ksproducts.ca\/product\/luxor-single-column-pneumatic-adjustable-height-stand-up-desk-with-bag-hook-cup-holder-and-pencil-rest\/#breadcrumb","itemListElement":[{"@type":"ListItem","position":1,"name":"Home","item":"https:\/\/ksproducts.ca\/"},{"@type":"ListItem","position":2,"name":"Shop","item":"https:\/\/ksproducts.ca\/shop\/"},{"@type":"ListItem","position":3,"name":"Luxor Single-Column Pneumatic Adjustable-Height Stand Up Desk with Bag Hook, Cup Holder, and Pencil Rest"}]},{"@type":"WebSite","@id":"https:\/\/ksproducts.ca\/#website","url":"https:\/\/ksproducts.ca\/","name":"Produits Ks","description":"Cuisiner et vivre en plein air, c'est facile au Canada","publisher":{"@id":"https:\/\/ksproducts.ca\/#organization"},"potentialAction":[{"@type":"SearchAction","target":{"@type":"EntryPoint","urlTemplate":"https:\/\/ksproducts.ca\/?s={search_term_string}"},"query-input":{"@type":"PropertyValueSpecification","valueRequired":true,"valueName":"search_term_string"}}],"inLanguage":"fr-CA"},{"@type":"Organization","@id":"https:\/\/ksproducts.ca\/#organization","name":"Produits Ks","url":"https:\/\/ksproducts.ca\/","logo":{"@type":"ImageObject","inLanguage":"fr-CA","@id":"https:\/\/ksproducts.ca\/#\/schema\/logo\/image\/","url":"https:\/\/ksproducts.ca\/wp-content\/uploads\/2023\/09\/Kennedy-Sales-Logo-header-1.png","contentUrl":"https:\/\/ksproducts.ca\/wp-content\/uploads\/2023\/09\/Kennedy-Sales-Logo-header-1.png","width":150,"height":77,"caption":"Ks Products"},"image":{"@id":"https:\/\/ksproducts.ca\/#\/schema\/logo\/image\/"}}]}},"_links":{"self":[{"href":"https:\/\/ksproducts.ca\/fr\/wp-json\/wp\/v2\/product\/12517","targetHints":{"allow":["GET"]}}],"collection":[{"href":"https:\/\/ksproducts.ca\/fr\/wp-json\/wp\/v2\/product"}],"about":[{"href":"https:\/\/ksproducts.ca\/fr\/wp-json\/wp\/v2\/types\/product"}],"replies":[{"embeddable":true,"href":"https:\/\/ksproducts.ca\/fr\/wp-json\/wp\/v2\/comments?post=12517"}],"version-history":[{"count":1,"href":"https:\/\/ksproducts.ca\/fr\/wp-json\/wp\/v2\/product\/12517\/revisions"}],"predecessor-version":[{"id":12519,"href":"https:\/\/ksproducts.ca\/fr\/wp-json\/wp\/v2\/product\/12517\/revisions\/12519"}],"wp:featuredmedia":[{"embeddable":true,"href":"https:\/\/ksproducts.ca\/fr\/wp-json\/wp\/v2\/media\/12518"}],"wp:attachment":[{"href":"https:\/\/ksproducts.ca\/fr\/wp-json\/wp\/v2\/media?parent=12517"}],"wp:term":[{"taxonomy":"product_cat","embeddable":true,"href":"https:\/\/ksproducts.ca\/fr\/wp-json\/wp\/v2\/product_cat?post=12517"},{"taxonomy":"product_tag","embeddable":true,"href":"https:\/\/ksproducts.ca\/fr\/wp-json\/wp\/v2\/product_tag?post=12517"}],"curies":[{"name":"wp","href":"https:\/\/api.w.org\/{rel}","templated":true}]}}