{"id":12547,"date":"2026-03-12T19:21:24","date_gmt":"2026-03-12T19:21:24","guid":{"rendered":"https:\/\/ksproducts.ca\/?post_type=product&#038;p=12547"},"modified":"2026-03-12T19:21:24","modified_gmt":"2026-03-12T19:21:24","slug":"turtle-wax-ice-spray-detailer-591ml","status":"publish","type":"product","link":"https:\/\/ksproducts.ca\/fr\/product\/turtle-wax-ice-spray-detailer-591ml\/","title":{"rendered":"Turtle Wax ICE Spray Detailer - 591ml"},"content":{"rendered":"<ul>\n<li class=\"nl-features__information\">Formul\u00e9 avec un m\u00e9lange de cire de carnauba et de polym\u00e8res synth\u00e9tiques pour aider \u00e0 masquer les rayures l\u00e9g\u00e8res et les marques de tourbillon.<\/li>\n<li class=\"nl-features__information\">Con\u00e7u pour \u00eatre utilis\u00e9 sur toutes les surfaces ext\u00e9rieures - peinture, plastique, garnitures en caoutchouc, roues et vitres.<\/li>\n<li class=\"nl-features__information\">Aide \u00e0 repousser l'eau, la salet\u00e9 et la poussi\u00e8re<\/li>\n<li class=\"nl-features__information\">Peut \u00eatre appliqu\u00e9 en plein soleil ou sur des surfaces chaudes sans laisser de traces ou de r\u00e9sidus blancs.<\/li>\n<li class=\"nl-features__information\">Offre une protection contre les UV pour \u00e9viter la d\u00e9coloration due \u00e0 l'exposition au soleil.<\/li>\n<li class=\"nl-features__information\">En moyenne, il est possible de nettoyer une berline de taille moyenne en moins de 10 minutes.<\/li>\n<li class=\"nl-features__information\">Format de 591 ml (22 oz)<\/li>\n<\/ul>","protected":false},"excerpt":{"rendered":"<p>Ce spray de cire et d'entretien automobile est formul\u00e9 avec un m\u00e9lange de cire de carnauba et de polym\u00e8res synth\u00e9tiques pour am\u00e9liorer la brillance tout en aidant \u00e0 dissimuler les rayures l\u00e9g\u00e8res et les marques de tourbillon. Il est con\u00e7u pour toutes les surfaces ext\u00e9rieures des v\u00e9hicules, y compris la peinture, le plastique, les garnitures en caoutchouc, les roues et les vitres. La formule rapide et facile repousse l'eau, la salet\u00e9 et la poussi\u00e8re, tout en offrant une protection UV pour aider \u00e0 pr\u00e9venir la d\u00e9coloration due \u00e0 l'exposition au soleil. Il peut m\u00eame \u00eatre appliqu\u00e9 en plein soleil ou sur des surfaces chaudes sans laisser de traces ou de r\u00e9sidus blancs, ce qui le rend parfait pour un entretien rapide et pratique de la voiture.<\/p>","protected":false},"featured_media":12548,"comment_status":"open","ping_status":"closed","template":"","meta":[],"product_cat":[430],"product_tag":[],"class_list":{"0":"post-12547","1":"product","2":"type-product","3":"status-publish","4":"has-post-thumbnail","6":"product_cat-automotive-gear","7":"product_shipping_class-class-1","9":"first","10":"instock","11":"taxable","12":"shipping-taxable","13":"purchasable","14":"product-type-simple"},"yoast_head":"<!-- This site is optimized with the Yoast SEO plugin v27.3 - https:\/\/yoast.com\/product\/yoast-seo-wordpress\/ -->\n<title>Turtle Wax ICE Spray Detailer - 591ml - Ks Products<\/title>\n<meta name=\"robots\" content=\"index, follow, max-snippet:-1, max-image-preview:large, max-video-preview:-1\" \/>\n<link rel=\"canonical\" href=\"https:\/\/ksproducts.ca\/fr\/product\/turtle-wax-ice-spray-detailer-591ml\/\" \/>\n<meta property=\"og:locale\" content=\"fr_CA\" \/>\n<meta property=\"og:type\" content=\"article\" \/>\n<meta property=\"og:title\" content=\"Turtle Wax ICE Spray Detailer - 591ml - Ks Products\" \/>\n<meta property=\"og:description\" content=\"This Car Wax &amp; Detailer Spray is formulated with a blend of carnauba wax and synthetic polymers to enhance shine while helping hide light scratches and swirl marks. It is designed for all exterior vehicle surfaces, including paint, plastic, rubber trim, wheels, and glass. The quick and easy formula repels water, dirt, and dust, while providing UV protection to help prevent fading from sun exposure. It can even be applied in direct sunlight or on hot surfaces without streaking or leaving white residue, making it perfect for fast and convenient car care.\" \/>\n<meta property=\"og:url\" content=\"https:\/\/ksproducts.ca\/fr\/product\/turtle-wax-ice-spray-detailer-591ml\/\" \/>\n<meta property=\"og:site_name\" content=\"Ks Products\" \/>\n<meta property=\"og:image\" content=\"https:\/\/ksproducts.ca\/wp-content\/uploads\/2026\/03\/Turtle-Wax-ICE-Spray-Detailer-591ml.jpg\" \/>\n\t<meta property=\"og:image:width\" content=\"800\" \/>\n\t<meta property=\"og:image:height\" content=\"800\" \/>\n\t<meta property=\"og:image:type\" content=\"image\/jpeg\" \/>\n<meta name=\"twitter:card\" content=\"summary_large_image\" \/>\n<meta name=\"twitter:label1\" content=\"Estimation du temps de lecture\" \/>\n\t<meta name=\"twitter:data1\" content=\"1 minute\" \/>\n<script type=\"application\/ld+json\" class=\"yoast-schema-graph\">{\"@context\":\"https:\\\/\\\/schema.org\",\"@graph\":[{\"@type\":\"WebPage\",\"@id\":\"https:\\\/\\\/ksproducts.ca\\\/product\\\/turtle-wax-ice-spray-detailer-591ml\\\/\",\"url\":\"https:\\\/\\\/ksproducts.ca\\\/product\\\/turtle-wax-ice-spray-detailer-591ml\\\/\",\"name\":\"Turtle Wax ICE Spray Detailer - 591ml - Ks Products\",\"isPartOf\":{\"@id\":\"https:\\\/\\\/ksproducts.ca\\\/#website\"},\"primaryImageOfPage\":{\"@id\":\"https:\\\/\\\/ksproducts.ca\\\/product\\\/turtle-wax-ice-spray-detailer-591ml\\\/#primaryimage\"},\"image\":{\"@id\":\"https:\\\/\\\/ksproducts.ca\\\/product\\\/turtle-wax-ice-spray-detailer-591ml\\\/#primaryimage\"},\"thumbnailUrl\":\"https:\\\/\\\/ksproducts.ca\\\/wp-content\\\/uploads\\\/2026\\\/03\\\/Turtle-Wax-ICE-Spray-Detailer-591ml.jpg\",\"datePublished\":\"2026-03-12T19:21:24+00:00\",\"breadcrumb\":{\"@id\":\"https:\\\/\\\/ksproducts.ca\\\/product\\\/turtle-wax-ice-spray-detailer-591ml\\\/#breadcrumb\"},\"inLanguage\":\"fr-CA\",\"potentialAction\":[{\"@type\":\"ReadAction\",\"target\":[\"https:\\\/\\\/ksproducts.ca\\\/product\\\/turtle-wax-ice-spray-detailer-591ml\\\/\"]}]},{\"@type\":\"ImageObject\",\"inLanguage\":\"fr-CA\",\"@id\":\"https:\\\/\\\/ksproducts.ca\\\/product\\\/turtle-wax-ice-spray-detailer-591ml\\\/#primaryimage\",\"url\":\"https:\\\/\\\/ksproducts.ca\\\/wp-content\\\/uploads\\\/2026\\\/03\\\/Turtle-Wax-ICE-Spray-Detailer-591ml.jpg\",\"contentUrl\":\"https:\\\/\\\/ksproducts.ca\\\/wp-content\\\/uploads\\\/2026\\\/03\\\/Turtle-Wax-ICE-Spray-Detailer-591ml.jpg\",\"width\":800,\"height\":800,\"caption\":\"Turtle Wax ICE Spray Detailer 591ml\"},{\"@type\":\"BreadcrumbList\",\"@id\":\"https:\\\/\\\/ksproducts.ca\\\/product\\\/turtle-wax-ice-spray-detailer-591ml\\\/#breadcrumb\",\"itemListElement\":[{\"@type\":\"ListItem\",\"position\":1,\"name\":\"Home\",\"item\":\"https:\\\/\\\/ksproducts.ca\\\/\"},{\"@type\":\"ListItem\",\"position\":2,\"name\":\"Shop\",\"item\":\"https:\\\/\\\/ksproducts.ca\\\/shop\\\/\"},{\"@type\":\"ListItem\",\"position\":3,\"name\":\"Turtle Wax ICE Spray Detailer &#8211; 591ml\"}]},{\"@type\":\"WebSite\",\"@id\":\"https:\\\/\\\/ksproducts.ca\\\/#website\",\"url\":\"https:\\\/\\\/ksproducts.ca\\\/\",\"name\":\"Ks Products\",\"description\":\"Outdoor cooking and living, made easy in Canada\",\"publisher\":{\"@id\":\"https:\\\/\\\/ksproducts.ca\\\/#organization\"},\"potentialAction\":[{\"@type\":\"SearchAction\",\"target\":{\"@type\":\"EntryPoint\",\"urlTemplate\":\"https:\\\/\\\/ksproducts.ca\\\/?s={search_term_string}\"},\"query-input\":{\"@type\":\"PropertyValueSpecification\",\"valueRequired\":true,\"valueName\":\"search_term_string\"}}],\"inLanguage\":\"fr-CA\"},{\"@type\":\"Organization\",\"@id\":\"https:\\\/\\\/ksproducts.ca\\\/#organization\",\"name\":\"Ks Products\",\"url\":\"https:\\\/\\\/ksproducts.ca\\\/\",\"logo\":{\"@type\":\"ImageObject\",\"inLanguage\":\"fr-CA\",\"@id\":\"https:\\\/\\\/ksproducts.ca\\\/#\\\/schema\\\/logo\\\/image\\\/\",\"url\":\"https:\\\/\\\/ksproducts.ca\\\/wp-content\\\/uploads\\\/2023\\\/09\\\/Kennedy-Sales-Logo-header-1.png\",\"contentUrl\":\"https:\\\/\\\/ksproducts.ca\\\/wp-content\\\/uploads\\\/2023\\\/09\\\/Kennedy-Sales-Logo-header-1.png\",\"width\":150,\"height\":77,\"caption\":\"Ks Products\"},\"image\":{\"@id\":\"https:\\\/\\\/ksproducts.ca\\\/#\\\/schema\\\/logo\\\/image\\\/\"}}]}<\/script>\n<!-- \/ Yoast SEO plugin. -->","yoast_head_json":{"title":"Turtle Wax ICE Spray Detailer - 591ml - Ks Products","robots":{"index":"index","follow":"follow","max-snippet":"max-snippet:-1","max-image-preview":"max-image-preview:large","max-video-preview":"max-video-preview:-1"},"canonical":"https:\/\/ksproducts.ca\/fr\/product\/turtle-wax-ice-spray-detailer-591ml\/","og_locale":"fr_CA","og_type":"article","og_title":"Turtle Wax ICE Spray Detailer - 591ml - Ks Products","og_description":"This Car Wax &amp; Detailer Spray is formulated with a blend of carnauba wax and synthetic polymers to enhance shine while helping hide light scratches and swirl marks. It is designed for all exterior vehicle surfaces, including paint, plastic, rubber trim, wheels, and glass. The quick and easy formula repels water, dirt, and dust, while providing UV protection to help prevent fading from sun exposure. It can even be applied in direct sunlight or on hot surfaces without streaking or leaving white residue, making it perfect for fast and convenient car care.","og_url":"https:\/\/ksproducts.ca\/fr\/product\/turtle-wax-ice-spray-detailer-591ml\/","og_site_name":"Ks Products","og_image":[{"width":800,"height":800,"url":"https:\/\/ksproducts.ca\/wp-content\/uploads\/2026\/03\/Turtle-Wax-ICE-Spray-Detailer-591ml.jpg","type":"image\/jpeg"}],"twitter_card":"summary_large_image","twitter_misc":{"Estimation du temps de lecture":"1 minute"},"schema":{"@context":"https:\/\/schema.org","@graph":[{"@type":"WebPage","@id":"https:\/\/ksproducts.ca\/product\/turtle-wax-ice-spray-detailer-591ml\/","url":"https:\/\/ksproducts.ca\/product\/turtle-wax-ice-spray-detailer-591ml\/","name":"Turtle Wax ICE Spray Detailer - 591ml - Ks Products","isPartOf":{"@id":"https:\/\/ksproducts.ca\/#website"},"primaryImageOfPage":{"@id":"https:\/\/ksproducts.ca\/product\/turtle-wax-ice-spray-detailer-591ml\/#primaryimage"},"image":{"@id":"https:\/\/ksproducts.ca\/product\/turtle-wax-ice-spray-detailer-591ml\/#primaryimage"},"thumbnailUrl":"https:\/\/ksproducts.ca\/wp-content\/uploads\/2026\/03\/Turtle-Wax-ICE-Spray-Detailer-591ml.jpg","datePublished":"2026-03-12T19:21:24+00:00","breadcrumb":{"@id":"https:\/\/ksproducts.ca\/product\/turtle-wax-ice-spray-detailer-591ml\/#breadcrumb"},"inLanguage":"fr-CA","potentialAction":[{"@type":"ReadAction","target":["https:\/\/ksproducts.ca\/product\/turtle-wax-ice-spray-detailer-591ml\/"]}]},{"@type":"ImageObject","inLanguage":"fr-CA","@id":"https:\/\/ksproducts.ca\/product\/turtle-wax-ice-spray-detailer-591ml\/#primaryimage","url":"https:\/\/ksproducts.ca\/wp-content\/uploads\/2026\/03\/Turtle-Wax-ICE-Spray-Detailer-591ml.jpg","contentUrl":"https:\/\/ksproducts.ca\/wp-content\/uploads\/2026\/03\/Turtle-Wax-ICE-Spray-Detailer-591ml.jpg","width":800,"height":800,"caption":"Turtle Wax ICE Spray Detailer 591ml"},{"@type":"BreadcrumbList","@id":"https:\/\/ksproducts.ca\/product\/turtle-wax-ice-spray-detailer-591ml\/#breadcrumb","itemListElement":[{"@type":"ListItem","position":1,"name":"Home","item":"https:\/\/ksproducts.ca\/"},{"@type":"ListItem","position":2,"name":"Shop","item":"https:\/\/ksproducts.ca\/shop\/"},{"@type":"ListItem","position":3,"name":"Turtle Wax ICE Spray Detailer &#8211; 591ml"}]},{"@type":"WebSite","@id":"https:\/\/ksproducts.ca\/#website","url":"https:\/\/ksproducts.ca\/","name":"Produits Ks","description":"Cuisiner et vivre en plein air, c'est facile au Canada","publisher":{"@id":"https:\/\/ksproducts.ca\/#organization"},"potentialAction":[{"@type":"SearchAction","target":{"@type":"EntryPoint","urlTemplate":"https:\/\/ksproducts.ca\/?s={search_term_string}"},"query-input":{"@type":"PropertyValueSpecification","valueRequired":true,"valueName":"search_term_string"}}],"inLanguage":"fr-CA"},{"@type":"Organization","@id":"https:\/\/ksproducts.ca\/#organization","name":"Produits Ks","url":"https:\/\/ksproducts.ca\/","logo":{"@type":"ImageObject","inLanguage":"fr-CA","@id":"https:\/\/ksproducts.ca\/#\/schema\/logo\/image\/","url":"https:\/\/ksproducts.ca\/wp-content\/uploads\/2023\/09\/Kennedy-Sales-Logo-header-1.png","contentUrl":"https:\/\/ksproducts.ca\/wp-content\/uploads\/2023\/09\/Kennedy-Sales-Logo-header-1.png","width":150,"height":77,"caption":"Ks Products"},"image":{"@id":"https:\/\/ksproducts.ca\/#\/schema\/logo\/image\/"}}]}},"_links":{"self":[{"href":"https:\/\/ksproducts.ca\/fr\/wp-json\/wp\/v2\/product\/12547","targetHints":{"allow":["GET"]}}],"collection":[{"href":"https:\/\/ksproducts.ca\/fr\/wp-json\/wp\/v2\/product"}],"about":[{"href":"https:\/\/ksproducts.ca\/fr\/wp-json\/wp\/v2\/types\/product"}],"replies":[{"embeddable":true,"href":"https:\/\/ksproducts.ca\/fr\/wp-json\/wp\/v2\/comments?post=12547"}],"version-history":[{"count":1,"href":"https:\/\/ksproducts.ca\/fr\/wp-json\/wp\/v2\/product\/12547\/revisions"}],"predecessor-version":[{"id":12549,"href":"https:\/\/ksproducts.ca\/fr\/wp-json\/wp\/v2\/product\/12547\/revisions\/12549"}],"wp:featuredmedia":[{"embeddable":true,"href":"https:\/\/ksproducts.ca\/fr\/wp-json\/wp\/v2\/media\/12548"}],"wp:attachment":[{"href":"https:\/\/ksproducts.ca\/fr\/wp-json\/wp\/v2\/media?parent=12547"}],"wp:term":[{"taxonomy":"product_cat","embeddable":true,"href":"https:\/\/ksproducts.ca\/fr\/wp-json\/wp\/v2\/product_cat?post=12547"},{"taxonomy":"product_tag","embeddable":true,"href":"https:\/\/ksproducts.ca\/fr\/wp-json\/wp\/v2\/product_tag?post=12547"}],"curies":[{"name":"wp","href":"https:\/\/api.w.org\/{rel}","templated":true}]}}