{"id":12554,"date":"2026-03-12T19:40:18","date_gmt":"2026-03-12T19:40:18","guid":{"rendered":"https:\/\/ksproducts.ca\/?post_type=product&#038;p=12554"},"modified":"2026-03-12T19:40:19","modified_gmt":"2026-03-12T19:40:19","slug":"turtle-wax-ice-premium-car-care-interior-cleaner-protectant-spray","status":"publish","type":"product","link":"https:\/\/ksproducts.ca\/fr\/product\/turtle-wax-ice-premium-car-care-interior-cleaner-protectant-spray\/","title":{"rendered":"Turtle Wax ICE Premium Car Care Interior Cleaner &amp; Protectant Spray"},"content":{"rendered":"<ul>\n<li class=\"nl-features__information\">La formule \u00e9paisse et non grasse permet de contr\u00f4ler le produit<\/li>\n<li class=\"nl-features__information\">Facile \u00e0 utiliser sur toutes les surfaces int\u00e9rieures<\/li>\n<li class=\"nl-features__information\">Nettoie, fait briller et prot\u00e8ge les surfaces dures en vinyle souple, en plastique, en cuir et en mat\u00e9riaux composites.<\/li>\n<li class=\"nl-features__information\">Tr\u00e8s efficace pour \u00e9liminer les taches sur les tapis et les tissus<\/li>\n<li class=\"nl-features__information\">Le parfum propre et frais emp\u00eache les odeurs de r\u00e9appara\u00eetre.<\/li>\n<li class=\"nl-features__information\">Les absorbeurs de rayons U.V. aident \u00e0 pr\u00e9venir la d\u00e9coloration, le s\u00e9chage et la fissuration des plastiques int\u00e9rieurs.<\/li>\n<li class=\"nl-features__information\">Contient un chiffon en microfibre pour un nettoyage facile et sans peluches<\/li>\n<\/ul>","protected":false},"excerpt":{"rendered":"<p>Ce nettoyant et protecteur d'int\u00e9rieur est dot\u00e9 d'une formule \u00e9paisse et non grasse qui permet un excellent contr\u00f4le lors de l'application. Il nettoie, fait briller et prot\u00e8ge efficacement les surfaces int\u00e9rieures, y compris le vinyle, le plastique, le cuir et d'autres mat\u00e9riaux composites durs. La formule est \u00e9galement tr\u00e8s efficace pour \u00e9liminer les taches sur les tapis et les tissus, et laisse un parfum propre et frais qui aide \u00e0 pr\u00e9venir la r\u00e9apparition des odeurs. Avec des absorbeurs d'UV qui prot\u00e8gent contre la d\u00e9coloration, le s\u00e9chage et les craquelures, il aide \u00e0 conserver l'aspect neuf de l'int\u00e9rieur de votre v\u00e9hicule.<\/p>","protected":false},"featured_media":12555,"comment_status":"open","ping_status":"closed","template":"","meta":[],"product_cat":[430],"product_tag":[],"class_list":{"0":"post-12554","1":"product","2":"type-product","3":"status-publish","4":"has-post-thumbnail","6":"product_cat-automotive-gear","7":"product_shipping_class-class-1","9":"first","10":"instock","11":"taxable","12":"shipping-taxable","13":"purchasable","14":"product-type-simple"},"yoast_head":"<!-- This site is optimized with the Yoast SEO plugin v27.4 - https:\/\/yoast.com\/product\/yoast-seo-wordpress\/ -->\n<title>Turtle Wax ICE Premium Car Care Interior Cleaner &amp; Protectant Spray - Ks Products<\/title>\n<meta name=\"robots\" content=\"index, follow, max-snippet:-1, max-image-preview:large, max-video-preview:-1\" \/>\n<link rel=\"canonical\" href=\"https:\/\/ksproducts.ca\/fr\/product\/turtle-wax-ice-premium-car-care-interior-cleaner-protectant-spray\/\" \/>\n<meta property=\"og:locale\" content=\"fr_CA\" \/>\n<meta property=\"og:type\" content=\"article\" \/>\n<meta property=\"og:title\" content=\"Turtle Wax ICE Premium Car Care Interior Cleaner &amp; Protectant Spray - Ks Products\" \/>\n<meta property=\"og:description\" content=\"This Interior Cleaner &amp; Protectant features a thick, non-greasy formula that provides excellent control during application. It effectively cleans, shines, and protects interior surfaces, including vinyl, plastic, leather, and other hard composite materials. The formula is also highly effective at removing stains from carpet and fabric, leaving a clean, fresh scent that helps prevent odors from returning. With UV absorbers to protect against fading, drying, and cracking, it helps keep your vehicle\u2019s interior looking new.\" \/>\n<meta property=\"og:url\" content=\"https:\/\/ksproducts.ca\/fr\/product\/turtle-wax-ice-premium-car-care-interior-cleaner-protectant-spray\/\" \/>\n<meta property=\"og:site_name\" content=\"Ks Products\" \/>\n<meta property=\"article:modified_time\" content=\"2026-03-12T19:40:19+00:00\" \/>\n<meta property=\"og:image\" content=\"https:\/\/ksproducts.ca\/wp-content\/uploads\/2026\/03\/Turtle-Wax-ICE-Premium-Car-Care-Interior-Cleaner-Protectant-Spray.jpg\" \/>\n\t<meta property=\"og:image:width\" content=\"800\" \/>\n\t<meta property=\"og:image:height\" content=\"800\" \/>\n\t<meta property=\"og:image:type\" content=\"image\/jpeg\" \/>\n<meta name=\"twitter:card\" content=\"summary_large_image\" \/>\n<meta name=\"twitter:label1\" content=\"Estimation du temps de lecture\" \/>\n\t<meta name=\"twitter:data1\" content=\"1 minute\" \/>\n<script type=\"application\/ld+json\" class=\"yoast-schema-graph\">{\"@context\":\"https:\\\/\\\/schema.org\",\"@graph\":[{\"@type\":\"WebPage\",\"@id\":\"https:\\\/\\\/ksproducts.ca\\\/product\\\/turtle-wax-ice-premium-car-care-interior-cleaner-protectant-spray\\\/\",\"url\":\"https:\\\/\\\/ksproducts.ca\\\/product\\\/turtle-wax-ice-premium-car-care-interior-cleaner-protectant-spray\\\/\",\"name\":\"Turtle Wax ICE Premium Car Care Interior Cleaner & Protectant Spray - Ks Products\",\"isPartOf\":{\"@id\":\"https:\\\/\\\/ksproducts.ca\\\/#website\"},\"primaryImageOfPage\":{\"@id\":\"https:\\\/\\\/ksproducts.ca\\\/product\\\/turtle-wax-ice-premium-car-care-interior-cleaner-protectant-spray\\\/#primaryimage\"},\"image\":{\"@id\":\"https:\\\/\\\/ksproducts.ca\\\/product\\\/turtle-wax-ice-premium-car-care-interior-cleaner-protectant-spray\\\/#primaryimage\"},\"thumbnailUrl\":\"https:\\\/\\\/ksproducts.ca\\\/wp-content\\\/uploads\\\/2026\\\/03\\\/Turtle-Wax-ICE-Premium-Car-Care-Interior-Cleaner-Protectant-Spray.jpg\",\"datePublished\":\"2026-03-12T19:40:18+00:00\",\"dateModified\":\"2026-03-12T19:40:19+00:00\",\"breadcrumb\":{\"@id\":\"https:\\\/\\\/ksproducts.ca\\\/product\\\/turtle-wax-ice-premium-car-care-interior-cleaner-protectant-spray\\\/#breadcrumb\"},\"inLanguage\":\"fr-CA\",\"potentialAction\":[{\"@type\":\"ReadAction\",\"target\":[\"https:\\\/\\\/ksproducts.ca\\\/product\\\/turtle-wax-ice-premium-car-care-interior-cleaner-protectant-spray\\\/\"]}]},{\"@type\":\"ImageObject\",\"inLanguage\":\"fr-CA\",\"@id\":\"https:\\\/\\\/ksproducts.ca\\\/product\\\/turtle-wax-ice-premium-car-care-interior-cleaner-protectant-spray\\\/#primaryimage\",\"url\":\"https:\\\/\\\/ksproducts.ca\\\/wp-content\\\/uploads\\\/2026\\\/03\\\/Turtle-Wax-ICE-Premium-Car-Care-Interior-Cleaner-Protectant-Spray.jpg\",\"contentUrl\":\"https:\\\/\\\/ksproducts.ca\\\/wp-content\\\/uploads\\\/2026\\\/03\\\/Turtle-Wax-ICE-Premium-Car-Care-Interior-Cleaner-Protectant-Spray.jpg\",\"width\":800,\"height\":800,\"caption\":\"Turtle Wax ICE Premium Car Care Interior Cleaner & Protectant Spray\"},{\"@type\":\"BreadcrumbList\",\"@id\":\"https:\\\/\\\/ksproducts.ca\\\/product\\\/turtle-wax-ice-premium-car-care-interior-cleaner-protectant-spray\\\/#breadcrumb\",\"itemListElement\":[{\"@type\":\"ListItem\",\"position\":1,\"name\":\"Home\",\"item\":\"https:\\\/\\\/ksproducts.ca\\\/\"},{\"@type\":\"ListItem\",\"position\":2,\"name\":\"Shop\",\"item\":\"https:\\\/\\\/ksproducts.ca\\\/shop\\\/\"},{\"@type\":\"ListItem\",\"position\":3,\"name\":\"Turtle Wax ICE Premium Car Care Interior Cleaner &#038; Protectant Spray\"}]},{\"@type\":\"WebSite\",\"@id\":\"https:\\\/\\\/ksproducts.ca\\\/#website\",\"url\":\"https:\\\/\\\/ksproducts.ca\\\/\",\"name\":\"Ks Products\",\"description\":\"Outdoor cooking and living, made easy in Canada\",\"publisher\":{\"@id\":\"https:\\\/\\\/ksproducts.ca\\\/#organization\"},\"potentialAction\":[{\"@type\":\"SearchAction\",\"target\":{\"@type\":\"EntryPoint\",\"urlTemplate\":\"https:\\\/\\\/ksproducts.ca\\\/?s={search_term_string}\"},\"query-input\":{\"@type\":\"PropertyValueSpecification\",\"valueRequired\":true,\"valueName\":\"search_term_string\"}}],\"inLanguage\":\"fr-CA\"},{\"@type\":\"Organization\",\"@id\":\"https:\\\/\\\/ksproducts.ca\\\/#organization\",\"name\":\"Ks Products\",\"url\":\"https:\\\/\\\/ksproducts.ca\\\/\",\"logo\":{\"@type\":\"ImageObject\",\"inLanguage\":\"fr-CA\",\"@id\":\"https:\\\/\\\/ksproducts.ca\\\/#\\\/schema\\\/logo\\\/image\\\/\",\"url\":\"https:\\\/\\\/ksproducts.ca\\\/wp-content\\\/uploads\\\/2023\\\/09\\\/Kennedy-Sales-Logo-header-1.png\",\"contentUrl\":\"https:\\\/\\\/ksproducts.ca\\\/wp-content\\\/uploads\\\/2023\\\/09\\\/Kennedy-Sales-Logo-header-1.png\",\"width\":150,\"height\":77,\"caption\":\"Ks Products\"},\"image\":{\"@id\":\"https:\\\/\\\/ksproducts.ca\\\/#\\\/schema\\\/logo\\\/image\\\/\"}}]}<\/script>\n<!-- \/ Yoast SEO plugin. -->","yoast_head_json":{"title":"Turtle Wax ICE Premium Car Care Interior Cleaner &amp; Protectant Spray - Ks Products","robots":{"index":"index","follow":"follow","max-snippet":"max-snippet:-1","max-image-preview":"max-image-preview:large","max-video-preview":"max-video-preview:-1"},"canonical":"https:\/\/ksproducts.ca\/fr\/product\/turtle-wax-ice-premium-car-care-interior-cleaner-protectant-spray\/","og_locale":"fr_CA","og_type":"article","og_title":"Turtle Wax ICE Premium Car Care Interior Cleaner & Protectant Spray - Ks Products","og_description":"This Interior Cleaner &amp; Protectant features a thick, non-greasy formula that provides excellent control during application. It effectively cleans, shines, and protects interior surfaces, including vinyl, plastic, leather, and other hard composite materials. The formula is also highly effective at removing stains from carpet and fabric, leaving a clean, fresh scent that helps prevent odors from returning. With UV absorbers to protect against fading, drying, and cracking, it helps keep your vehicle\u2019s interior looking new.","og_url":"https:\/\/ksproducts.ca\/fr\/product\/turtle-wax-ice-premium-car-care-interior-cleaner-protectant-spray\/","og_site_name":"Ks Products","article_modified_time":"2026-03-12T19:40:19+00:00","og_image":[{"width":800,"height":800,"url":"https:\/\/ksproducts.ca\/wp-content\/uploads\/2026\/03\/Turtle-Wax-ICE-Premium-Car-Care-Interior-Cleaner-Protectant-Spray.jpg","type":"image\/jpeg"}],"twitter_card":"summary_large_image","twitter_misc":{"Estimation du temps de lecture":"1 minute"},"schema":{"@context":"https:\/\/schema.org","@graph":[{"@type":"WebPage","@id":"https:\/\/ksproducts.ca\/product\/turtle-wax-ice-premium-car-care-interior-cleaner-protectant-spray\/","url":"https:\/\/ksproducts.ca\/product\/turtle-wax-ice-premium-car-care-interior-cleaner-protectant-spray\/","name":"Turtle Wax ICE Premium Car Care Interior Cleaner &amp; Protectant Spray - Ks Products","isPartOf":{"@id":"https:\/\/ksproducts.ca\/#website"},"primaryImageOfPage":{"@id":"https:\/\/ksproducts.ca\/product\/turtle-wax-ice-premium-car-care-interior-cleaner-protectant-spray\/#primaryimage"},"image":{"@id":"https:\/\/ksproducts.ca\/product\/turtle-wax-ice-premium-car-care-interior-cleaner-protectant-spray\/#primaryimage"},"thumbnailUrl":"https:\/\/ksproducts.ca\/wp-content\/uploads\/2026\/03\/Turtle-Wax-ICE-Premium-Car-Care-Interior-Cleaner-Protectant-Spray.jpg","datePublished":"2026-03-12T19:40:18+00:00","dateModified":"2026-03-12T19:40:19+00:00","breadcrumb":{"@id":"https:\/\/ksproducts.ca\/product\/turtle-wax-ice-premium-car-care-interior-cleaner-protectant-spray\/#breadcrumb"},"inLanguage":"fr-CA","potentialAction":[{"@type":"ReadAction","target":["https:\/\/ksproducts.ca\/product\/turtle-wax-ice-premium-car-care-interior-cleaner-protectant-spray\/"]}]},{"@type":"ImageObject","inLanguage":"fr-CA","@id":"https:\/\/ksproducts.ca\/product\/turtle-wax-ice-premium-car-care-interior-cleaner-protectant-spray\/#primaryimage","url":"https:\/\/ksproducts.ca\/wp-content\/uploads\/2026\/03\/Turtle-Wax-ICE-Premium-Car-Care-Interior-Cleaner-Protectant-Spray.jpg","contentUrl":"https:\/\/ksproducts.ca\/wp-content\/uploads\/2026\/03\/Turtle-Wax-ICE-Premium-Car-Care-Interior-Cleaner-Protectant-Spray.jpg","width":800,"height":800,"caption":"Turtle Wax ICE Premium Car Care Interior Cleaner & Protectant Spray"},{"@type":"BreadcrumbList","@id":"https:\/\/ksproducts.ca\/product\/turtle-wax-ice-premium-car-care-interior-cleaner-protectant-spray\/#breadcrumb","itemListElement":[{"@type":"ListItem","position":1,"name":"Home","item":"https:\/\/ksproducts.ca\/"},{"@type":"ListItem","position":2,"name":"Shop","item":"https:\/\/ksproducts.ca\/shop\/"},{"@type":"ListItem","position":3,"name":"Turtle Wax ICE Premium Car Care Interior Cleaner &#038; Protectant Spray"}]},{"@type":"WebSite","@id":"https:\/\/ksproducts.ca\/#website","url":"https:\/\/ksproducts.ca\/","name":"Produits Ks","description":"Cuisiner et vivre en plein air, c'est facile au Canada","publisher":{"@id":"https:\/\/ksproducts.ca\/#organization"},"potentialAction":[{"@type":"SearchAction","target":{"@type":"EntryPoint","urlTemplate":"https:\/\/ksproducts.ca\/?s={search_term_string}"},"query-input":{"@type":"PropertyValueSpecification","valueRequired":true,"valueName":"search_term_string"}}],"inLanguage":"fr-CA"},{"@type":"Organization","@id":"https:\/\/ksproducts.ca\/#organization","name":"Produits Ks","url":"https:\/\/ksproducts.ca\/","logo":{"@type":"ImageObject","inLanguage":"fr-CA","@id":"https:\/\/ksproducts.ca\/#\/schema\/logo\/image\/","url":"https:\/\/ksproducts.ca\/wp-content\/uploads\/2023\/09\/Kennedy-Sales-Logo-header-1.png","contentUrl":"https:\/\/ksproducts.ca\/wp-content\/uploads\/2023\/09\/Kennedy-Sales-Logo-header-1.png","width":150,"height":77,"caption":"Ks Products"},"image":{"@id":"https:\/\/ksproducts.ca\/#\/schema\/logo\/image\/"}}]}},"_links":{"self":[{"href":"https:\/\/ksproducts.ca\/fr\/wp-json\/wp\/v2\/product\/12554","targetHints":{"allow":["GET"]}}],"collection":[{"href":"https:\/\/ksproducts.ca\/fr\/wp-json\/wp\/v2\/product"}],"about":[{"href":"https:\/\/ksproducts.ca\/fr\/wp-json\/wp\/v2\/types\/product"}],"replies":[{"embeddable":true,"href":"https:\/\/ksproducts.ca\/fr\/wp-json\/wp\/v2\/comments?post=12554"}],"version-history":[{"count":1,"href":"https:\/\/ksproducts.ca\/fr\/wp-json\/wp\/v2\/product\/12554\/revisions"}],"predecessor-version":[{"id":12556,"href":"https:\/\/ksproducts.ca\/fr\/wp-json\/wp\/v2\/product\/12554\/revisions\/12556"}],"wp:featuredmedia":[{"embeddable":true,"href":"https:\/\/ksproducts.ca\/fr\/wp-json\/wp\/v2\/media\/12555"}],"wp:attachment":[{"href":"https:\/\/ksproducts.ca\/fr\/wp-json\/wp\/v2\/media?parent=12554"}],"wp:term":[{"taxonomy":"product_cat","embeddable":true,"href":"https:\/\/ksproducts.ca\/fr\/wp-json\/wp\/v2\/product_cat?post=12554"},{"taxonomy":"product_tag","embeddable":true,"href":"https:\/\/ksproducts.ca\/fr\/wp-json\/wp\/v2\/product_tag?post=12554"}],"curies":[{"name":"wp","href":"https:\/\/api.w.org\/{rel}","templated":true}]}}