{"id":12560,"date":"2026-03-12T19:46:58","date_gmt":"2026-03-12T19:46:58","guid":{"rendered":"https:\/\/ksproducts.ca\/?post_type=product&#038;p=12560"},"modified":"2026-03-12T19:46:58","modified_gmt":"2026-03-12T19:46:58","slug":"turtle-wax-zip-wax-cire-de-lavage-de-voiture-1-18l","status":"publish","type":"product","link":"https:\/\/ksproducts.ca\/fr\/product\/turtle-wax-zip-wax-car-wash-wax-1-18l\/","title":{"rendered":"Turtle Wax Zip Wax - 1.18L"},"content":{"rendered":"<ul>\n<li>Lavage rapide et facile de la voiture avec une formule qui ne laisse pas de traces<\/li>\n<li>Apporte une couche hydrophobe protectrice<\/li>\n<li>Hydrate et conditionne les pneus dess\u00e9ch\u00e9s<\/li>\n<li>Enrichi en carnauba pour une brillance accrue<\/li>\n<li>Assure une protection durable<\/li>\n<li>Sans danger pour toutes les finitions de voitures, de motos et de bateaux. Nettoie en une seule \u00e9tape et fait briller en un rien de temps<\/li>\n<\/ul>","protected":false},"excerpt":{"rendered":"<p>Dites adieu aux lavages de voiture en plusieurs \u00e9tapes qui prennent du temps avec le Turtle Wax Zip Wax Car Wash &amp; Wax,. Cette cire pour voiture est une solution tout-en-un qui \u00e9limine sans effort la salet\u00e9 tout en laissant une couche protectrice hydrophobe et une brillance \u00e9clatante. Sa formule sans rupture utilise une action moussante avanc\u00e9e pour \u00e9liminer doucement mais efficacement la salet\u00e9 et les d\u00e9bris accumul\u00e9s sur l'ext\u00e9rieur de votre v\u00e9hicule en une seule \u00e9tape. Le m\u00e9lange de carnauba hydrate et conditionne les pneus pour une apparence comme neuve, tout en fournissant une couche hydrophobe durable qui optimise la visibilit\u00e9 de la conduite sous la pluie. Le nettoyage et le lustrage en une seule \u00e9tape de Zip Wax ne font pas perdre de temps, mais permettent d'obtenir des r\u00e9sultats propres et \u00e9l\u00e9gants qui donnent \u00e0 votre v\u00e9hicule l'aspect d'une voiture neuve en quelques minutes. Prenez une serviette en microfibre et votre seau, et pr\u00e9parez-vous \u00e0 une journ\u00e9e de lavage sans effort qui transformera m\u00eame le v\u00e9hicule le plus sale en un objet qui fait tourner les t\u00eates.<\/p>","protected":false},"featured_media":12561,"comment_status":"open","ping_status":"closed","template":"","meta":[],"product_cat":[430],"product_tag":[],"class_list":{"0":"post-12560","1":"product","2":"type-product","3":"status-publish","4":"has-post-thumbnail","6":"product_cat-automotive-gear","7":"product_shipping_class-class-1","9":"first","10":"instock","11":"taxable","12":"shipping-taxable","13":"purchasable","14":"product-type-simple"},"yoast_head":"<!-- This site is optimized with the Yoast SEO plugin v27.4 - https:\/\/yoast.com\/product\/yoast-seo-wordpress\/ -->\n<title>Turtle Wax Zip Wax Car Wash &amp; Wax - 1.18L - Ks Products<\/title>\n<meta name=\"robots\" content=\"index, follow, max-snippet:-1, max-image-preview:large, max-video-preview:-1\" \/>\n<link rel=\"canonical\" href=\"https:\/\/ksproducts.ca\/fr\/product\/turtle-wax-zip-wax-cire-de-lavage-de-voiture-1-18l\/\" \/>\n<meta property=\"og:locale\" content=\"fr_CA\" \/>\n<meta property=\"og:type\" content=\"article\" \/>\n<meta property=\"og:title\" content=\"Turtle Wax Zip Wax Car Wash &amp; Wax - 1.18L - Ks Products\" \/>\n<meta property=\"og:description\" content=\"Say goodbye to time-consuming, multi-step car washes with the Turtle Wax Zip Wax Car Wash &amp; Wax,. This car wax is an all-in-one solution that effortlessly lifts away dirt while leaving a hydrophobic protective coat and high-gloss shine. Its no-streak formula uses an advanced sudsing action to gently but effectively remove built-up grime and debris from your vehicle&#039;s exterior in one simple step. The carnauba blend moisturizes and conditions tires for a like-new appearance, while providing a durable hydrophobic layer that optimizes driving visibility in the rain. Zip Wax&#039;s one-step clean and shine means no wasted time - just clean, sleek results that have your ride looking showroom fresh in minutes. Grab a microfibre towel and your bucket, and get ready for an effortless wash day that will transform even the dirtiest vehicle into a head-turner.\" \/>\n<meta property=\"og:url\" content=\"https:\/\/ksproducts.ca\/fr\/product\/turtle-wax-zip-wax-cire-de-lavage-de-voiture-1-18l\/\" \/>\n<meta property=\"og:site_name\" content=\"Ks Products\" \/>\n<meta property=\"og:image\" content=\"https:\/\/ksproducts.ca\/wp-content\/uploads\/2026\/03\/Turtle-Wax-Zip-Wax-Car-Wash-Wax-1.18L.webp\" \/>\n\t<meta property=\"og:image:width\" content=\"640\" \/>\n\t<meta property=\"og:image:height\" content=\"640\" \/>\n\t<meta property=\"og:image:type\" content=\"image\/webp\" \/>\n<meta name=\"twitter:card\" content=\"summary_large_image\" \/>\n<meta name=\"twitter:label1\" content=\"Estimation du temps de lecture\" \/>\n\t<meta name=\"twitter:data1\" content=\"1 minute\" \/>\n<script type=\"application\/ld+json\" class=\"yoast-schema-graph\">{\"@context\":\"https:\\\/\\\/schema.org\",\"@graph\":[{\"@type\":\"WebPage\",\"@id\":\"https:\\\/\\\/ksproducts.ca\\\/product\\\/turtle-wax-zip-wax-car-wash-wax-1-18l\\\/\",\"url\":\"https:\\\/\\\/ksproducts.ca\\\/product\\\/turtle-wax-zip-wax-car-wash-wax-1-18l\\\/\",\"name\":\"Turtle Wax Zip Wax Car Wash & Wax - 1.18L - Ks Products\",\"isPartOf\":{\"@id\":\"https:\\\/\\\/ksproducts.ca\\\/#website\"},\"primaryImageOfPage\":{\"@id\":\"https:\\\/\\\/ksproducts.ca\\\/product\\\/turtle-wax-zip-wax-car-wash-wax-1-18l\\\/#primaryimage\"},\"image\":{\"@id\":\"https:\\\/\\\/ksproducts.ca\\\/product\\\/turtle-wax-zip-wax-car-wash-wax-1-18l\\\/#primaryimage\"},\"thumbnailUrl\":\"https:\\\/\\\/ksproducts.ca\\\/wp-content\\\/uploads\\\/2026\\\/03\\\/Turtle-Wax-Zip-Wax-Car-Wash-Wax-1.18L.webp\",\"datePublished\":\"2026-03-12T19:46:58+00:00\",\"breadcrumb\":{\"@id\":\"https:\\\/\\\/ksproducts.ca\\\/product\\\/turtle-wax-zip-wax-car-wash-wax-1-18l\\\/#breadcrumb\"},\"inLanguage\":\"fr-CA\",\"potentialAction\":[{\"@type\":\"ReadAction\",\"target\":[\"https:\\\/\\\/ksproducts.ca\\\/product\\\/turtle-wax-zip-wax-car-wash-wax-1-18l\\\/\"]}]},{\"@type\":\"ImageObject\",\"inLanguage\":\"fr-CA\",\"@id\":\"https:\\\/\\\/ksproducts.ca\\\/product\\\/turtle-wax-zip-wax-car-wash-wax-1-18l\\\/#primaryimage\",\"url\":\"https:\\\/\\\/ksproducts.ca\\\/wp-content\\\/uploads\\\/2026\\\/03\\\/Turtle-Wax-Zip-Wax-Car-Wash-Wax-1.18L.webp\",\"contentUrl\":\"https:\\\/\\\/ksproducts.ca\\\/wp-content\\\/uploads\\\/2026\\\/03\\\/Turtle-Wax-Zip-Wax-Car-Wash-Wax-1.18L.webp\",\"width\":640,\"height\":640,\"caption\":\"Turtle Wax Zip Wax Car Wash & Wax 1.18L\"},{\"@type\":\"BreadcrumbList\",\"@id\":\"https:\\\/\\\/ksproducts.ca\\\/product\\\/turtle-wax-zip-wax-car-wash-wax-1-18l\\\/#breadcrumb\",\"itemListElement\":[{\"@type\":\"ListItem\",\"position\":1,\"name\":\"Home\",\"item\":\"https:\\\/\\\/ksproducts.ca\\\/\"},{\"@type\":\"ListItem\",\"position\":2,\"name\":\"Shop\",\"item\":\"https:\\\/\\\/ksproducts.ca\\\/shop\\\/\"},{\"@type\":\"ListItem\",\"position\":3,\"name\":\"Turtle Wax Zip Wax Car Wash &#038; Wax &#8211; 1.18L\"}]},{\"@type\":\"WebSite\",\"@id\":\"https:\\\/\\\/ksproducts.ca\\\/#website\",\"url\":\"https:\\\/\\\/ksproducts.ca\\\/\",\"name\":\"Ks Products\",\"description\":\"Outdoor cooking and living, made easy in Canada\",\"publisher\":{\"@id\":\"https:\\\/\\\/ksproducts.ca\\\/#organization\"},\"potentialAction\":[{\"@type\":\"SearchAction\",\"target\":{\"@type\":\"EntryPoint\",\"urlTemplate\":\"https:\\\/\\\/ksproducts.ca\\\/?s={search_term_string}\"},\"query-input\":{\"@type\":\"PropertyValueSpecification\",\"valueRequired\":true,\"valueName\":\"search_term_string\"}}],\"inLanguage\":\"fr-CA\"},{\"@type\":\"Organization\",\"@id\":\"https:\\\/\\\/ksproducts.ca\\\/#organization\",\"name\":\"Ks Products\",\"url\":\"https:\\\/\\\/ksproducts.ca\\\/\",\"logo\":{\"@type\":\"ImageObject\",\"inLanguage\":\"fr-CA\",\"@id\":\"https:\\\/\\\/ksproducts.ca\\\/#\\\/schema\\\/logo\\\/image\\\/\",\"url\":\"https:\\\/\\\/ksproducts.ca\\\/wp-content\\\/uploads\\\/2023\\\/09\\\/Kennedy-Sales-Logo-header-1.png\",\"contentUrl\":\"https:\\\/\\\/ksproducts.ca\\\/wp-content\\\/uploads\\\/2023\\\/09\\\/Kennedy-Sales-Logo-header-1.png\",\"width\":150,\"height\":77,\"caption\":\"Ks Products\"},\"image\":{\"@id\":\"https:\\\/\\\/ksproducts.ca\\\/#\\\/schema\\\/logo\\\/image\\\/\"}}]}<\/script>\n<!-- \/ Yoast SEO plugin. -->","yoast_head_json":{"title":"Turtle Wax Zip Wax Car Wash &amp; Wax - 1.18L - Ks Products","robots":{"index":"index","follow":"follow","max-snippet":"max-snippet:-1","max-image-preview":"max-image-preview:large","max-video-preview":"max-video-preview:-1"},"canonical":"https:\/\/ksproducts.ca\/fr\/product\/turtle-wax-zip-wax-cire-de-lavage-de-voiture-1-18l\/","og_locale":"fr_CA","og_type":"article","og_title":"Turtle Wax Zip Wax Car Wash & Wax - 1.18L - Ks Products","og_description":"Say goodbye to time-consuming, multi-step car washes with the Turtle Wax Zip Wax Car Wash &amp; Wax,. This car wax is an all-in-one solution that effortlessly lifts away dirt while leaving a hydrophobic protective coat and high-gloss shine. Its no-streak formula uses an advanced sudsing action to gently but effectively remove built-up grime and debris from your vehicle's exterior in one simple step. The carnauba blend moisturizes and conditions tires for a like-new appearance, while providing a durable hydrophobic layer that optimizes driving visibility in the rain. Zip Wax's one-step clean and shine means no wasted time - just clean, sleek results that have your ride looking showroom fresh in minutes. Grab a microfibre towel and your bucket, and get ready for an effortless wash day that will transform even the dirtiest vehicle into a head-turner.","og_url":"https:\/\/ksproducts.ca\/fr\/product\/turtle-wax-zip-wax-cire-de-lavage-de-voiture-1-18l\/","og_site_name":"Ks Products","og_image":[{"width":640,"height":640,"url":"https:\/\/ksproducts.ca\/wp-content\/uploads\/2026\/03\/Turtle-Wax-Zip-Wax-Car-Wash-Wax-1.18L.webp","type":"image\/webp"}],"twitter_card":"summary_large_image","twitter_misc":{"Estimation du temps de lecture":"1 minute"},"schema":{"@context":"https:\/\/schema.org","@graph":[{"@type":"WebPage","@id":"https:\/\/ksproducts.ca\/product\/turtle-wax-zip-wax-car-wash-wax-1-18l\/","url":"https:\/\/ksproducts.ca\/product\/turtle-wax-zip-wax-car-wash-wax-1-18l\/","name":"Turtle Wax Zip Wax Car Wash &amp; Wax - 1.18L - Ks Products","isPartOf":{"@id":"https:\/\/ksproducts.ca\/#website"},"primaryImageOfPage":{"@id":"https:\/\/ksproducts.ca\/product\/turtle-wax-zip-wax-car-wash-wax-1-18l\/#primaryimage"},"image":{"@id":"https:\/\/ksproducts.ca\/product\/turtle-wax-zip-wax-car-wash-wax-1-18l\/#primaryimage"},"thumbnailUrl":"https:\/\/ksproducts.ca\/wp-content\/uploads\/2026\/03\/Turtle-Wax-Zip-Wax-Car-Wash-Wax-1.18L.webp","datePublished":"2026-03-12T19:46:58+00:00","breadcrumb":{"@id":"https:\/\/ksproducts.ca\/product\/turtle-wax-zip-wax-car-wash-wax-1-18l\/#breadcrumb"},"inLanguage":"fr-CA","potentialAction":[{"@type":"ReadAction","target":["https:\/\/ksproducts.ca\/product\/turtle-wax-zip-wax-car-wash-wax-1-18l\/"]}]},{"@type":"ImageObject","inLanguage":"fr-CA","@id":"https:\/\/ksproducts.ca\/product\/turtle-wax-zip-wax-car-wash-wax-1-18l\/#primaryimage","url":"https:\/\/ksproducts.ca\/wp-content\/uploads\/2026\/03\/Turtle-Wax-Zip-Wax-Car-Wash-Wax-1.18L.webp","contentUrl":"https:\/\/ksproducts.ca\/wp-content\/uploads\/2026\/03\/Turtle-Wax-Zip-Wax-Car-Wash-Wax-1.18L.webp","width":640,"height":640,"caption":"Turtle Wax Zip Wax Car Wash & Wax 1.18L"},{"@type":"BreadcrumbList","@id":"https:\/\/ksproducts.ca\/product\/turtle-wax-zip-wax-car-wash-wax-1-18l\/#breadcrumb","itemListElement":[{"@type":"ListItem","position":1,"name":"Home","item":"https:\/\/ksproducts.ca\/"},{"@type":"ListItem","position":2,"name":"Shop","item":"https:\/\/ksproducts.ca\/shop\/"},{"@type":"ListItem","position":3,"name":"Turtle Wax Zip Wax Car Wash &#038; Wax &#8211; 1.18L"}]},{"@type":"WebSite","@id":"https:\/\/ksproducts.ca\/#website","url":"https:\/\/ksproducts.ca\/","name":"Produits Ks","description":"Cuisiner et vivre en plein air, c'est facile au Canada","publisher":{"@id":"https:\/\/ksproducts.ca\/#organization"},"potentialAction":[{"@type":"SearchAction","target":{"@type":"EntryPoint","urlTemplate":"https:\/\/ksproducts.ca\/?s={search_term_string}"},"query-input":{"@type":"PropertyValueSpecification","valueRequired":true,"valueName":"search_term_string"}}],"inLanguage":"fr-CA"},{"@type":"Organization","@id":"https:\/\/ksproducts.ca\/#organization","name":"Produits Ks","url":"https:\/\/ksproducts.ca\/","logo":{"@type":"ImageObject","inLanguage":"fr-CA","@id":"https:\/\/ksproducts.ca\/#\/schema\/logo\/image\/","url":"https:\/\/ksproducts.ca\/wp-content\/uploads\/2023\/09\/Kennedy-Sales-Logo-header-1.png","contentUrl":"https:\/\/ksproducts.ca\/wp-content\/uploads\/2023\/09\/Kennedy-Sales-Logo-header-1.png","width":150,"height":77,"caption":"Ks Products"},"image":{"@id":"https:\/\/ksproducts.ca\/#\/schema\/logo\/image\/"}}]}},"_links":{"self":[{"href":"https:\/\/ksproducts.ca\/fr\/wp-json\/wp\/v2\/product\/12560","targetHints":{"allow":["GET"]}}],"collection":[{"href":"https:\/\/ksproducts.ca\/fr\/wp-json\/wp\/v2\/product"}],"about":[{"href":"https:\/\/ksproducts.ca\/fr\/wp-json\/wp\/v2\/types\/product"}],"replies":[{"embeddable":true,"href":"https:\/\/ksproducts.ca\/fr\/wp-json\/wp\/v2\/comments?post=12560"}],"version-history":[{"count":1,"href":"https:\/\/ksproducts.ca\/fr\/wp-json\/wp\/v2\/product\/12560\/revisions"}],"predecessor-version":[{"id":12562,"href":"https:\/\/ksproducts.ca\/fr\/wp-json\/wp\/v2\/product\/12560\/revisions\/12562"}],"wp:featuredmedia":[{"embeddable":true,"href":"https:\/\/ksproducts.ca\/fr\/wp-json\/wp\/v2\/media\/12561"}],"wp:attachment":[{"href":"https:\/\/ksproducts.ca\/fr\/wp-json\/wp\/v2\/media?parent=12560"}],"wp:term":[{"taxonomy":"product_cat","embeddable":true,"href":"https:\/\/ksproducts.ca\/fr\/wp-json\/wp\/v2\/product_cat?post=12560"},{"taxonomy":"product_tag","embeddable":true,"href":"https:\/\/ksproducts.ca\/fr\/wp-json\/wp\/v2\/product_tag?post=12560"}],"curies":[{"name":"wp","href":"https:\/\/api.w.org\/{rel}","templated":true}]}}