{"id":12568,"date":"2026-03-13T12:37:34","date_gmt":"2026-03-13T12:37:34","guid":{"rendered":"https:\/\/ksproducts.ca\/?post_type=product&#038;p=12568"},"modified":"2026-03-13T12:37:34","modified_gmt":"2026-03-13T12:37:34","slug":"turtle-wax-quick-easy-wax-cire-seche-en-spray","status":"publish","type":"product","link":"https:\/\/ksproducts.ca\/fr\/product\/turtle-wax-quick-easy-wax-dry-spray-wax\/","title":{"rendered":"Turtle Wax Quick &amp; Easy Wax &amp; Dry Spray Wax"},"content":{"rendered":"<ul>\n<li>Le moyen le plus rapide et le plus facile d'obtenir un brillant Turtle Wax, il suffit de laver la voiture, de la vaporiser et de la s\u00e9cher.<\/li>\n<li>Offre toute la brillance et la protection d'une cire traditionnelle en une fraction du temps.<\/li>\n<li>Formul\u00e9 avec un m\u00e9lange de cire de carnauba et de polym\u00e8res protecteurs pour une brillance et une protection maximales.<\/li>\n<li>Un flacon permet de cirer jusqu'\u00e0 17 voitures<\/li>\n<\/ul>","protected":false},"excerpt":{"rendered":"<p>La cire en a\u00e9rosol Quick &amp; Easy Wax &amp; Dry Wax de Turtle Wax rend le cirage facile. Formul\u00e9e avec la technologie de brillance Minute Wax, elle permet d'obtenir rapidement une finition lisse et brillante. Il suffit de vaporiser sur le v\u00e9hicule apr\u00e8s l'avoir lav\u00e9 et d'essuyer. Wax &amp; Dry \u00e9limine une \u00e9tape et vous fait gagner du temps. Cette cire en spray Quick &amp; Easy Wax &amp; Dry #1 vous permet de gagner du temps et d'\u00e9conomiser vos efforts pour que l'entretien de votre voiture soit tout simplement rapide et facile. Sautez une \u00e9tape enti\u00e8re de votre routine de lavage et de cirage en vaporisant ce produit puissant sur les surfaces mouill\u00e9es pour acc\u00e9l\u00e9rer le temps de s\u00e9chage tout en laissant une couche de cire lisse et brillante sur l'ext\u00e9rieur de votre voiture. Notre solution simple \u00e0 vaporiser fait le plus gros du travail, vous laissant plus de temps pour profiter de la finition rapide et impeccable de votre voiture. Tout le monde y gagne !<\/p>","protected":false},"featured_media":12569,"comment_status":"open","ping_status":"closed","template":"","meta":[],"product_cat":[430],"product_tag":[],"class_list":{"0":"post-12568","1":"product","2":"type-product","3":"status-publish","4":"has-post-thumbnail","6":"product_cat-automotive-gear","7":"product_shipping_class-class-1","9":"first","10":"instock","11":"taxable","12":"shipping-taxable","13":"purchasable","14":"product-type-simple"},"yoast_head":"<!-- This site is optimized with the Yoast SEO plugin v27.3 - https:\/\/yoast.com\/product\/yoast-seo-wordpress\/ -->\n<title>Turtle Wax Quick &amp; Easy Wax &amp; Dry Spray Wax - Ks Products<\/title>\n<meta name=\"robots\" content=\"index, follow, max-snippet:-1, max-image-preview:large, max-video-preview:-1\" \/>\n<link rel=\"canonical\" href=\"https:\/\/ksproducts.ca\/fr\/product\/turtle-wax-quick-easy-wax-cire-seche-en-spray\/\" \/>\n<meta property=\"og:locale\" content=\"fr_CA\" \/>\n<meta property=\"og:type\" content=\"article\" \/>\n<meta property=\"og:title\" content=\"Turtle Wax Quick &amp; Easy Wax &amp; Dry Spray Wax - Ks Products\" \/>\n<meta property=\"og:description\" content=\"Turtle Wax Quick &amp; Easy Wax &amp; Dry Spray Wax makes waxing easy. Formulated with Minute Wax shine technology for the fastest way to a smooth, slick finish. Simply spray on vehicle after washing and wipe dry. Wax &amp; Dry eliminates a step and saves you time. This #1 selling, Quick &amp; Easy Wax &amp; Dry spray car wax saves you time and effort to make car care just that: quick and easy. Skip an entire step in your wash and wax routine by spraying this powerful product onto wet surfaces to speed up dry time while leaving a layer of smooth, glossy car wax on your car exterior. Our simple, spray-on solution does most of the work, giving you more time to enjoy your car\u2019s fast and flawless finish. It\u2019s a win-win!\" \/>\n<meta property=\"og:url\" content=\"https:\/\/ksproducts.ca\/fr\/product\/turtle-wax-quick-easy-wax-cire-seche-en-spray\/\" \/>\n<meta property=\"og:site_name\" content=\"Ks Products\" \/>\n<meta property=\"og:image\" content=\"https:\/\/ksproducts.ca\/wp-content\/uploads\/2026\/03\/Turtle-Wax-Quick-Easy-Wax-Dry-Spray-Wax.webp\" \/>\n\t<meta property=\"og:image:width\" content=\"640\" \/>\n\t<meta property=\"og:image:height\" content=\"640\" \/>\n\t<meta property=\"og:image:type\" content=\"image\/webp\" \/>\n<meta name=\"twitter:card\" content=\"summary_large_image\" \/>\n<meta name=\"twitter:label1\" content=\"Estimation du temps de lecture\" \/>\n\t<meta name=\"twitter:data1\" content=\"1 minute\" \/>\n<script type=\"application\/ld+json\" class=\"yoast-schema-graph\">{\"@context\":\"https:\\\/\\\/schema.org\",\"@graph\":[{\"@type\":\"WebPage\",\"@id\":\"https:\\\/\\\/ksproducts.ca\\\/product\\\/turtle-wax-quick-easy-wax-dry-spray-wax\\\/\",\"url\":\"https:\\\/\\\/ksproducts.ca\\\/product\\\/turtle-wax-quick-easy-wax-dry-spray-wax\\\/\",\"name\":\"Turtle Wax Quick & Easy Wax & Dry Spray Wax - Ks Products\",\"isPartOf\":{\"@id\":\"https:\\\/\\\/ksproducts.ca\\\/#website\"},\"primaryImageOfPage\":{\"@id\":\"https:\\\/\\\/ksproducts.ca\\\/product\\\/turtle-wax-quick-easy-wax-dry-spray-wax\\\/#primaryimage\"},\"image\":{\"@id\":\"https:\\\/\\\/ksproducts.ca\\\/product\\\/turtle-wax-quick-easy-wax-dry-spray-wax\\\/#primaryimage\"},\"thumbnailUrl\":\"https:\\\/\\\/ksproducts.ca\\\/wp-content\\\/uploads\\\/2026\\\/03\\\/Turtle-Wax-Quick-Easy-Wax-Dry-Spray-Wax.webp\",\"datePublished\":\"2026-03-13T12:37:34+00:00\",\"breadcrumb\":{\"@id\":\"https:\\\/\\\/ksproducts.ca\\\/product\\\/turtle-wax-quick-easy-wax-dry-spray-wax\\\/#breadcrumb\"},\"inLanguage\":\"fr-CA\",\"potentialAction\":[{\"@type\":\"ReadAction\",\"target\":[\"https:\\\/\\\/ksproducts.ca\\\/product\\\/turtle-wax-quick-easy-wax-dry-spray-wax\\\/\"]}]},{\"@type\":\"ImageObject\",\"inLanguage\":\"fr-CA\",\"@id\":\"https:\\\/\\\/ksproducts.ca\\\/product\\\/turtle-wax-quick-easy-wax-dry-spray-wax\\\/#primaryimage\",\"url\":\"https:\\\/\\\/ksproducts.ca\\\/wp-content\\\/uploads\\\/2026\\\/03\\\/Turtle-Wax-Quick-Easy-Wax-Dry-Spray-Wax.webp\",\"contentUrl\":\"https:\\\/\\\/ksproducts.ca\\\/wp-content\\\/uploads\\\/2026\\\/03\\\/Turtle-Wax-Quick-Easy-Wax-Dry-Spray-Wax.webp\",\"width\":640,\"height\":640,\"caption\":\"Turtle Wax Quick & Easy Wax & Dry Spray Wax\"},{\"@type\":\"BreadcrumbList\",\"@id\":\"https:\\\/\\\/ksproducts.ca\\\/product\\\/turtle-wax-quick-easy-wax-dry-spray-wax\\\/#breadcrumb\",\"itemListElement\":[{\"@type\":\"ListItem\",\"position\":1,\"name\":\"Home\",\"item\":\"https:\\\/\\\/ksproducts.ca\\\/\"},{\"@type\":\"ListItem\",\"position\":2,\"name\":\"Shop\",\"item\":\"https:\\\/\\\/ksproducts.ca\\\/shop\\\/\"},{\"@type\":\"ListItem\",\"position\":3,\"name\":\"Turtle Wax Quick &#038; Easy Wax &#038; Dry Spray Wax\"}]},{\"@type\":\"WebSite\",\"@id\":\"https:\\\/\\\/ksproducts.ca\\\/#website\",\"url\":\"https:\\\/\\\/ksproducts.ca\\\/\",\"name\":\"Ks Products\",\"description\":\"Outdoor cooking and living, made easy in Canada\",\"publisher\":{\"@id\":\"https:\\\/\\\/ksproducts.ca\\\/#organization\"},\"potentialAction\":[{\"@type\":\"SearchAction\",\"target\":{\"@type\":\"EntryPoint\",\"urlTemplate\":\"https:\\\/\\\/ksproducts.ca\\\/?s={search_term_string}\"},\"query-input\":{\"@type\":\"PropertyValueSpecification\",\"valueRequired\":true,\"valueName\":\"search_term_string\"}}],\"inLanguage\":\"fr-CA\"},{\"@type\":\"Organization\",\"@id\":\"https:\\\/\\\/ksproducts.ca\\\/#organization\",\"name\":\"Ks Products\",\"url\":\"https:\\\/\\\/ksproducts.ca\\\/\",\"logo\":{\"@type\":\"ImageObject\",\"inLanguage\":\"fr-CA\",\"@id\":\"https:\\\/\\\/ksproducts.ca\\\/#\\\/schema\\\/logo\\\/image\\\/\",\"url\":\"https:\\\/\\\/ksproducts.ca\\\/wp-content\\\/uploads\\\/2023\\\/09\\\/Kennedy-Sales-Logo-header-1.png\",\"contentUrl\":\"https:\\\/\\\/ksproducts.ca\\\/wp-content\\\/uploads\\\/2023\\\/09\\\/Kennedy-Sales-Logo-header-1.png\",\"width\":150,\"height\":77,\"caption\":\"Ks Products\"},\"image\":{\"@id\":\"https:\\\/\\\/ksproducts.ca\\\/#\\\/schema\\\/logo\\\/image\\\/\"}}]}<\/script>\n<!-- \/ Yoast SEO plugin. -->","yoast_head_json":{"title":"Turtle Wax Quick &amp; Easy Wax &amp; Dry Spray Wax - Ks Products","robots":{"index":"index","follow":"follow","max-snippet":"max-snippet:-1","max-image-preview":"max-image-preview:large","max-video-preview":"max-video-preview:-1"},"canonical":"https:\/\/ksproducts.ca\/fr\/product\/turtle-wax-quick-easy-wax-cire-seche-en-spray\/","og_locale":"fr_CA","og_type":"article","og_title":"Turtle Wax Quick & Easy Wax & Dry Spray Wax - Ks Products","og_description":"Turtle Wax Quick &amp; Easy Wax &amp; Dry Spray Wax makes waxing easy. Formulated with Minute Wax shine technology for the fastest way to a smooth, slick finish. Simply spray on vehicle after washing and wipe dry. Wax &amp; Dry eliminates a step and saves you time. This #1 selling, Quick &amp; Easy Wax &amp; Dry spray car wax saves you time and effort to make car care just that: quick and easy. Skip an entire step in your wash and wax routine by spraying this powerful product onto wet surfaces to speed up dry time while leaving a layer of smooth, glossy car wax on your car exterior. Our simple, spray-on solution does most of the work, giving you more time to enjoy your car\u2019s fast and flawless finish. It\u2019s a win-win!","og_url":"https:\/\/ksproducts.ca\/fr\/product\/turtle-wax-quick-easy-wax-cire-seche-en-spray\/","og_site_name":"Ks Products","og_image":[{"width":640,"height":640,"url":"https:\/\/ksproducts.ca\/wp-content\/uploads\/2026\/03\/Turtle-Wax-Quick-Easy-Wax-Dry-Spray-Wax.webp","type":"image\/webp"}],"twitter_card":"summary_large_image","twitter_misc":{"Estimation du temps de lecture":"1 minute"},"schema":{"@context":"https:\/\/schema.org","@graph":[{"@type":"WebPage","@id":"https:\/\/ksproducts.ca\/product\/turtle-wax-quick-easy-wax-dry-spray-wax\/","url":"https:\/\/ksproducts.ca\/product\/turtle-wax-quick-easy-wax-dry-spray-wax\/","name":"Turtle Wax Quick &amp; Easy Wax &amp; Dry Spray Wax - Ks Products","isPartOf":{"@id":"https:\/\/ksproducts.ca\/#website"},"primaryImageOfPage":{"@id":"https:\/\/ksproducts.ca\/product\/turtle-wax-quick-easy-wax-dry-spray-wax\/#primaryimage"},"image":{"@id":"https:\/\/ksproducts.ca\/product\/turtle-wax-quick-easy-wax-dry-spray-wax\/#primaryimage"},"thumbnailUrl":"https:\/\/ksproducts.ca\/wp-content\/uploads\/2026\/03\/Turtle-Wax-Quick-Easy-Wax-Dry-Spray-Wax.webp","datePublished":"2026-03-13T12:37:34+00:00","breadcrumb":{"@id":"https:\/\/ksproducts.ca\/product\/turtle-wax-quick-easy-wax-dry-spray-wax\/#breadcrumb"},"inLanguage":"fr-CA","potentialAction":[{"@type":"ReadAction","target":["https:\/\/ksproducts.ca\/product\/turtle-wax-quick-easy-wax-dry-spray-wax\/"]}]},{"@type":"ImageObject","inLanguage":"fr-CA","@id":"https:\/\/ksproducts.ca\/product\/turtle-wax-quick-easy-wax-dry-spray-wax\/#primaryimage","url":"https:\/\/ksproducts.ca\/wp-content\/uploads\/2026\/03\/Turtle-Wax-Quick-Easy-Wax-Dry-Spray-Wax.webp","contentUrl":"https:\/\/ksproducts.ca\/wp-content\/uploads\/2026\/03\/Turtle-Wax-Quick-Easy-Wax-Dry-Spray-Wax.webp","width":640,"height":640,"caption":"Turtle Wax Quick & Easy Wax & Dry Spray Wax"},{"@type":"BreadcrumbList","@id":"https:\/\/ksproducts.ca\/product\/turtle-wax-quick-easy-wax-dry-spray-wax\/#breadcrumb","itemListElement":[{"@type":"ListItem","position":1,"name":"Home","item":"https:\/\/ksproducts.ca\/"},{"@type":"ListItem","position":2,"name":"Shop","item":"https:\/\/ksproducts.ca\/shop\/"},{"@type":"ListItem","position":3,"name":"Turtle Wax Quick &#038; Easy Wax &#038; Dry Spray Wax"}]},{"@type":"WebSite","@id":"https:\/\/ksproducts.ca\/#website","url":"https:\/\/ksproducts.ca\/","name":"Produits Ks","description":"Cuisiner et vivre en plein air, c'est facile au Canada","publisher":{"@id":"https:\/\/ksproducts.ca\/#organization"},"potentialAction":[{"@type":"SearchAction","target":{"@type":"EntryPoint","urlTemplate":"https:\/\/ksproducts.ca\/?s={search_term_string}"},"query-input":{"@type":"PropertyValueSpecification","valueRequired":true,"valueName":"search_term_string"}}],"inLanguage":"fr-CA"},{"@type":"Organization","@id":"https:\/\/ksproducts.ca\/#organization","name":"Produits Ks","url":"https:\/\/ksproducts.ca\/","logo":{"@type":"ImageObject","inLanguage":"fr-CA","@id":"https:\/\/ksproducts.ca\/#\/schema\/logo\/image\/","url":"https:\/\/ksproducts.ca\/wp-content\/uploads\/2023\/09\/Kennedy-Sales-Logo-header-1.png","contentUrl":"https:\/\/ksproducts.ca\/wp-content\/uploads\/2023\/09\/Kennedy-Sales-Logo-header-1.png","width":150,"height":77,"caption":"Ks Products"},"image":{"@id":"https:\/\/ksproducts.ca\/#\/schema\/logo\/image\/"}}]}},"_links":{"self":[{"href":"https:\/\/ksproducts.ca\/fr\/wp-json\/wp\/v2\/product\/12568","targetHints":{"allow":["GET"]}}],"collection":[{"href":"https:\/\/ksproducts.ca\/fr\/wp-json\/wp\/v2\/product"}],"about":[{"href":"https:\/\/ksproducts.ca\/fr\/wp-json\/wp\/v2\/types\/product"}],"replies":[{"embeddable":true,"href":"https:\/\/ksproducts.ca\/fr\/wp-json\/wp\/v2\/comments?post=12568"}],"version-history":[{"count":1,"href":"https:\/\/ksproducts.ca\/fr\/wp-json\/wp\/v2\/product\/12568\/revisions"}],"predecessor-version":[{"id":12570,"href":"https:\/\/ksproducts.ca\/fr\/wp-json\/wp\/v2\/product\/12568\/revisions\/12570"}],"wp:featuredmedia":[{"embeddable":true,"href":"https:\/\/ksproducts.ca\/fr\/wp-json\/wp\/v2\/media\/12569"}],"wp:attachment":[{"href":"https:\/\/ksproducts.ca\/fr\/wp-json\/wp\/v2\/media?parent=12568"}],"wp:term":[{"taxonomy":"product_cat","embeddable":true,"href":"https:\/\/ksproducts.ca\/fr\/wp-json\/wp\/v2\/product_cat?post=12568"},{"taxonomy":"product_tag","embeddable":true,"href":"https:\/\/ksproducts.ca\/fr\/wp-json\/wp\/v2\/product_tag?post=12568"}],"curies":[{"name":"wp","href":"https:\/\/api.w.org\/{rel}","templated":true}]}}