{"id":12571,"date":"2026-03-13T12:44:03","date_gmt":"2026-03-13T12:44:03","guid":{"rendered":"https:\/\/ksproducts.ca\/?post_type=product&#038;p=12571"},"modified":"2026-03-13T12:44:03","modified_gmt":"2026-03-13T12:44:03","slug":"luxor-2-shelters-plastic-utility-cart-with-spacious-tub-shelves-400lb-weight-capacity-black-32-x-24","status":"publish","type":"product","link":"https:\/\/ksproducts.ca\/fr\/product\/luxor-2-shelf-plastic-utility-cart-with-spacious-tub-shelves-400lb-weight-capacity-black-32-x-24\/","title":{"rendered":"Luxor 2-Shelf Plastic Utility Cart with Spacious Tub Shelves - 400lb Weight Capacity - Black - 32 x 24"},"content":{"rendered":"<ul>\n<li>Chariot utilitaire polyvalent<\/li>\n<li>Tablettes et pieds en r\u00e9sine thermoplastique moul\u00e9e par injection.<\/li>\n<li>Etag\u00e8res en poly\u00e9thyl\u00e8ne haute densit\u00e9 ; pieds en PVC<\/li>\n<li>Comprend deux \u00e9tag\u00e8res de 2,75 pouces de profondeur.<\/li>\n<li>Poign\u00e9e de pouss\u00e9e ergonomique moul\u00e9e dans la tablette sup\u00e9rieure.<\/li>\n<li>Quatre roulettes robustes de 4 pouces<\/li>\n<li>Capacit\u00e9 de charge maximale de 400 livres (r\u00e9parties uniform\u00e9ment)<\/li>\n<\/ul>","protected":false},"excerpt":{"rendered":"<p>Ce chariot utilitaire robuste est dot\u00e9 de deux \u00e9tag\u00e8res spacieuses pouvant accueillir une grande vari\u00e9t\u00e9 d'articles. Les parois du bac de 2,75 pouces de profondeur permettent de contenir le contenu et sont fabriqu\u00e9es en r\u00e9sine thermoplastique qui ne se tache pas, ne se raye pas, ne se cabosse pas et ne rouille pas et peut supporter jusqu'\u00e0 400 livres. Une poign\u00e9e de pouss\u00e9e moul\u00e9e dans l'\u00e9tag\u00e8re sup\u00e9rieure et des roulettes robustes de 4 pouces \u00e0 roulement r\u00e9gulier rendent ce chariot facile \u00e0 man\u0153uvrer sur les sols de l'atelier, dans les couloirs carrel\u00e9s, sur le ciment, etc.<\/p>","protected":false},"featured_media":12572,"comment_status":"open","ping_status":"closed","template":"","meta":[],"product_cat":[433],"product_tag":[],"class_list":{"0":"post-12571","1":"product","2":"type-product","3":"status-publish","4":"has-post-thumbnail","6":"product_cat-utility-carts","7":"product_shipping_class-class-3","9":"first","10":"instock","11":"taxable","12":"shipping-taxable","13":"purchasable","14":"product-type-simple"},"yoast_head":"<!-- This site is optimized with the Yoast SEO plugin v27.3 - https:\/\/yoast.com\/product\/yoast-seo-wordpress\/ -->\n<title>Luxor 2-Shelf Plastic Utility Cart with Spacious Tub Shelves - 400lb Weight Capacity - Black - 32 x 24 - Ks Products<\/title>\n<meta name=\"robots\" content=\"index, follow, max-snippet:-1, max-image-preview:large, max-video-preview:-1\" \/>\n<link rel=\"canonical\" href=\"https:\/\/ksproducts.ca\/fr\/product\/luxor-2-shelters-plastic-utility-cart-with-spacious-tub-shelves-400lb-weight-capacity-black-32-x-24\/\" \/>\n<meta property=\"og:locale\" content=\"fr_CA\" \/>\n<meta property=\"og:type\" content=\"article\" \/>\n<meta property=\"og:title\" content=\"Luxor 2-Shelf Plastic Utility Cart with Spacious Tub Shelves - 400lb Weight Capacity - Black - 32 x 24 - Ks Products\" \/>\n<meta property=\"og:description\" content=\"This tough utility cart features two spacious tub shelves that can hold a wide variety of items. The 2.75-in deep tub walls keep content contained and are made from a thermoplastic resin material that won&#039;t stain, scratch, dent or rust and can hold up to 400 lbs. A push handle that&#039;s moulded into the top shelf and smooth rolling, heavy-duty 4-in casters make this cart easy to maneuver across shop floors, down tile halls, over cement.\" \/>\n<meta property=\"og:url\" content=\"https:\/\/ksproducts.ca\/fr\/product\/luxor-2-shelters-plastic-utility-cart-with-spacious-tub-shelves-400lb-weight-capacity-black-32-x-24\/\" \/>\n<meta property=\"og:site_name\" content=\"Ks Products\" \/>\n<meta property=\"og:image\" content=\"https:\/\/ksproducts.ca\/wp-content\/uploads\/2026\/03\/Luxor-2-Shelf-Plastic-Utility-Cart-with-Spacious-Tub-Shelves-400lb-Weight-Capacity-Black-32-x-24.jpg\" \/>\n\t<meta property=\"og:image:width\" content=\"600\" \/>\n\t<meta property=\"og:image:height\" content=\"600\" \/>\n\t<meta property=\"og:image:type\" content=\"image\/jpeg\" \/>\n<meta name=\"twitter:card\" content=\"summary_large_image\" \/>\n<meta name=\"twitter:label1\" content=\"Estimation du temps de lecture\" \/>\n\t<meta name=\"twitter:data1\" content=\"1 minute\" \/>\n<script type=\"application\/ld+json\" class=\"yoast-schema-graph\">{\"@context\":\"https:\\\/\\\/schema.org\",\"@graph\":[{\"@type\":\"WebPage\",\"@id\":\"https:\\\/\\\/ksproducts.ca\\\/product\\\/luxor-2-shelf-plastic-utility-cart-with-spacious-tub-shelves-400lb-weight-capacity-black-32-x-24\\\/\",\"url\":\"https:\\\/\\\/ksproducts.ca\\\/product\\\/luxor-2-shelf-plastic-utility-cart-with-spacious-tub-shelves-400lb-weight-capacity-black-32-x-24\\\/\",\"name\":\"Luxor 2-Shelf Plastic Utility Cart with Spacious Tub Shelves - 400lb Weight Capacity - Black - 32 x 24 - Ks Products\",\"isPartOf\":{\"@id\":\"https:\\\/\\\/ksproducts.ca\\\/#website\"},\"primaryImageOfPage\":{\"@id\":\"https:\\\/\\\/ksproducts.ca\\\/product\\\/luxor-2-shelf-plastic-utility-cart-with-spacious-tub-shelves-400lb-weight-capacity-black-32-x-24\\\/#primaryimage\"},\"image\":{\"@id\":\"https:\\\/\\\/ksproducts.ca\\\/product\\\/luxor-2-shelf-plastic-utility-cart-with-spacious-tub-shelves-400lb-weight-capacity-black-32-x-24\\\/#primaryimage\"},\"thumbnailUrl\":\"https:\\\/\\\/ksproducts.ca\\\/wp-content\\\/uploads\\\/2026\\\/03\\\/Luxor-2-Shelf-Plastic-Utility-Cart-with-Spacious-Tub-Shelves-400lb-Weight-Capacity-Black-32-x-24.jpg\",\"datePublished\":\"2026-03-13T12:44:03+00:00\",\"breadcrumb\":{\"@id\":\"https:\\\/\\\/ksproducts.ca\\\/product\\\/luxor-2-shelf-plastic-utility-cart-with-spacious-tub-shelves-400lb-weight-capacity-black-32-x-24\\\/#breadcrumb\"},\"inLanguage\":\"fr-CA\",\"potentialAction\":[{\"@type\":\"ReadAction\",\"target\":[\"https:\\\/\\\/ksproducts.ca\\\/product\\\/luxor-2-shelf-plastic-utility-cart-with-spacious-tub-shelves-400lb-weight-capacity-black-32-x-24\\\/\"]}]},{\"@type\":\"ImageObject\",\"inLanguage\":\"fr-CA\",\"@id\":\"https:\\\/\\\/ksproducts.ca\\\/product\\\/luxor-2-shelf-plastic-utility-cart-with-spacious-tub-shelves-400lb-weight-capacity-black-32-x-24\\\/#primaryimage\",\"url\":\"https:\\\/\\\/ksproducts.ca\\\/wp-content\\\/uploads\\\/2026\\\/03\\\/Luxor-2-Shelf-Plastic-Utility-Cart-with-Spacious-Tub-Shelves-400lb-Weight-Capacity-Black-32-x-24.jpg\",\"contentUrl\":\"https:\\\/\\\/ksproducts.ca\\\/wp-content\\\/uploads\\\/2026\\\/03\\\/Luxor-2-Shelf-Plastic-Utility-Cart-with-Spacious-Tub-Shelves-400lb-Weight-Capacity-Black-32-x-24.jpg\",\"width\":600,\"height\":600,\"caption\":\"Luxor 2 Shelf Plastic Utility Cart with Spacious Tub Shelves 400lb Weight Capacity Black 32 x 24\"},{\"@type\":\"BreadcrumbList\",\"@id\":\"https:\\\/\\\/ksproducts.ca\\\/product\\\/luxor-2-shelf-plastic-utility-cart-with-spacious-tub-shelves-400lb-weight-capacity-black-32-x-24\\\/#breadcrumb\",\"itemListElement\":[{\"@type\":\"ListItem\",\"position\":1,\"name\":\"Home\",\"item\":\"https:\\\/\\\/ksproducts.ca\\\/\"},{\"@type\":\"ListItem\",\"position\":2,\"name\":\"Shop\",\"item\":\"https:\\\/\\\/ksproducts.ca\\\/shop\\\/\"},{\"@type\":\"ListItem\",\"position\":3,\"name\":\"Luxor 2-Shelf Plastic Utility Cart with Spacious Tub Shelves &#8211; 400lb Weight Capacity &#8211; Black &#8211; 32 x 24\"}]},{\"@type\":\"WebSite\",\"@id\":\"https:\\\/\\\/ksproducts.ca\\\/#website\",\"url\":\"https:\\\/\\\/ksproducts.ca\\\/\",\"name\":\"Ks Products\",\"description\":\"Outdoor cooking and living, made easy in Canada\",\"publisher\":{\"@id\":\"https:\\\/\\\/ksproducts.ca\\\/#organization\"},\"potentialAction\":[{\"@type\":\"SearchAction\",\"target\":{\"@type\":\"EntryPoint\",\"urlTemplate\":\"https:\\\/\\\/ksproducts.ca\\\/?s={search_term_string}\"},\"query-input\":{\"@type\":\"PropertyValueSpecification\",\"valueRequired\":true,\"valueName\":\"search_term_string\"}}],\"inLanguage\":\"fr-CA\"},{\"@type\":\"Organization\",\"@id\":\"https:\\\/\\\/ksproducts.ca\\\/#organization\",\"name\":\"Ks Products\",\"url\":\"https:\\\/\\\/ksproducts.ca\\\/\",\"logo\":{\"@type\":\"ImageObject\",\"inLanguage\":\"fr-CA\",\"@id\":\"https:\\\/\\\/ksproducts.ca\\\/#\\\/schema\\\/logo\\\/image\\\/\",\"url\":\"https:\\\/\\\/ksproducts.ca\\\/wp-content\\\/uploads\\\/2023\\\/09\\\/Kennedy-Sales-Logo-header-1.png\",\"contentUrl\":\"https:\\\/\\\/ksproducts.ca\\\/wp-content\\\/uploads\\\/2023\\\/09\\\/Kennedy-Sales-Logo-header-1.png\",\"width\":150,\"height\":77,\"caption\":\"Ks Products\"},\"image\":{\"@id\":\"https:\\\/\\\/ksproducts.ca\\\/#\\\/schema\\\/logo\\\/image\\\/\"}}]}<\/script>\n<!-- \/ Yoast SEO plugin. -->","yoast_head_json":{"title":"Luxor 2-Shelf Plastic Utility Cart with Spacious Tub Shelves - 400lb Weight Capacity - Black - 32 x 24 - Ks Products","robots":{"index":"index","follow":"follow","max-snippet":"max-snippet:-1","max-image-preview":"max-image-preview:large","max-video-preview":"max-video-preview:-1"},"canonical":"https:\/\/ksproducts.ca\/fr\/product\/luxor-2-shelters-plastic-utility-cart-with-spacious-tub-shelves-400lb-weight-capacity-black-32-x-24\/","og_locale":"fr_CA","og_type":"article","og_title":"Luxor 2-Shelf Plastic Utility Cart with Spacious Tub Shelves - 400lb Weight Capacity - Black - 32 x 24 - Ks Products","og_description":"This tough utility cart features two spacious tub shelves that can hold a wide variety of items. The 2.75-in deep tub walls keep content contained and are made from a thermoplastic resin material that won't stain, scratch, dent or rust and can hold up to 400 lbs. A push handle that's moulded into the top shelf and smooth rolling, heavy-duty 4-in casters make this cart easy to maneuver across shop floors, down tile halls, over cement.","og_url":"https:\/\/ksproducts.ca\/fr\/product\/luxor-2-shelters-plastic-utility-cart-with-spacious-tub-shelves-400lb-weight-capacity-black-32-x-24\/","og_site_name":"Ks Products","og_image":[{"width":600,"height":600,"url":"https:\/\/ksproducts.ca\/wp-content\/uploads\/2026\/03\/Luxor-2-Shelf-Plastic-Utility-Cart-with-Spacious-Tub-Shelves-400lb-Weight-Capacity-Black-32-x-24.jpg","type":"image\/jpeg"}],"twitter_card":"summary_large_image","twitter_misc":{"Estimation du temps de lecture":"1 minute"},"schema":{"@context":"https:\/\/schema.org","@graph":[{"@type":"WebPage","@id":"https:\/\/ksproducts.ca\/product\/luxor-2-shelf-plastic-utility-cart-with-spacious-tub-shelves-400lb-weight-capacity-black-32-x-24\/","url":"https:\/\/ksproducts.ca\/product\/luxor-2-shelf-plastic-utility-cart-with-spacious-tub-shelves-400lb-weight-capacity-black-32-x-24\/","name":"Luxor 2-Shelf Plastic Utility Cart with Spacious Tub Shelves - 400lb Weight Capacity - Black - 32 x 24 - Ks Products","isPartOf":{"@id":"https:\/\/ksproducts.ca\/#website"},"primaryImageOfPage":{"@id":"https:\/\/ksproducts.ca\/product\/luxor-2-shelf-plastic-utility-cart-with-spacious-tub-shelves-400lb-weight-capacity-black-32-x-24\/#primaryimage"},"image":{"@id":"https:\/\/ksproducts.ca\/product\/luxor-2-shelf-plastic-utility-cart-with-spacious-tub-shelves-400lb-weight-capacity-black-32-x-24\/#primaryimage"},"thumbnailUrl":"https:\/\/ksproducts.ca\/wp-content\/uploads\/2026\/03\/Luxor-2-Shelf-Plastic-Utility-Cart-with-Spacious-Tub-Shelves-400lb-Weight-Capacity-Black-32-x-24.jpg","datePublished":"2026-03-13T12:44:03+00:00","breadcrumb":{"@id":"https:\/\/ksproducts.ca\/product\/luxor-2-shelf-plastic-utility-cart-with-spacious-tub-shelves-400lb-weight-capacity-black-32-x-24\/#breadcrumb"},"inLanguage":"fr-CA","potentialAction":[{"@type":"ReadAction","target":["https:\/\/ksproducts.ca\/product\/luxor-2-shelf-plastic-utility-cart-with-spacious-tub-shelves-400lb-weight-capacity-black-32-x-24\/"]}]},{"@type":"ImageObject","inLanguage":"fr-CA","@id":"https:\/\/ksproducts.ca\/product\/luxor-2-shelf-plastic-utility-cart-with-spacious-tub-shelves-400lb-weight-capacity-black-32-x-24\/#primaryimage","url":"https:\/\/ksproducts.ca\/wp-content\/uploads\/2026\/03\/Luxor-2-Shelf-Plastic-Utility-Cart-with-Spacious-Tub-Shelves-400lb-Weight-Capacity-Black-32-x-24.jpg","contentUrl":"https:\/\/ksproducts.ca\/wp-content\/uploads\/2026\/03\/Luxor-2-Shelf-Plastic-Utility-Cart-with-Spacious-Tub-Shelves-400lb-Weight-Capacity-Black-32-x-24.jpg","width":600,"height":600,"caption":"Luxor 2 Shelf Plastic Utility Cart with Spacious Tub Shelves 400lb Weight Capacity Black 32 x 24"},{"@type":"BreadcrumbList","@id":"https:\/\/ksproducts.ca\/product\/luxor-2-shelf-plastic-utility-cart-with-spacious-tub-shelves-400lb-weight-capacity-black-32-x-24\/#breadcrumb","itemListElement":[{"@type":"ListItem","position":1,"name":"Home","item":"https:\/\/ksproducts.ca\/"},{"@type":"ListItem","position":2,"name":"Shop","item":"https:\/\/ksproducts.ca\/shop\/"},{"@type":"ListItem","position":3,"name":"Luxor 2-Shelf Plastic Utility Cart with Spacious Tub Shelves &#8211; 400lb Weight Capacity &#8211; Black &#8211; 32 x 24"}]},{"@type":"WebSite","@id":"https:\/\/ksproducts.ca\/#website","url":"https:\/\/ksproducts.ca\/","name":"Produits Ks","description":"Cuisiner et vivre en plein air, c'est facile au Canada","publisher":{"@id":"https:\/\/ksproducts.ca\/#organization"},"potentialAction":[{"@type":"SearchAction","target":{"@type":"EntryPoint","urlTemplate":"https:\/\/ksproducts.ca\/?s={search_term_string}"},"query-input":{"@type":"PropertyValueSpecification","valueRequired":true,"valueName":"search_term_string"}}],"inLanguage":"fr-CA"},{"@type":"Organization","@id":"https:\/\/ksproducts.ca\/#organization","name":"Produits Ks","url":"https:\/\/ksproducts.ca\/","logo":{"@type":"ImageObject","inLanguage":"fr-CA","@id":"https:\/\/ksproducts.ca\/#\/schema\/logo\/image\/","url":"https:\/\/ksproducts.ca\/wp-content\/uploads\/2023\/09\/Kennedy-Sales-Logo-header-1.png","contentUrl":"https:\/\/ksproducts.ca\/wp-content\/uploads\/2023\/09\/Kennedy-Sales-Logo-header-1.png","width":150,"height":77,"caption":"Ks Products"},"image":{"@id":"https:\/\/ksproducts.ca\/#\/schema\/logo\/image\/"}}]}},"_links":{"self":[{"href":"https:\/\/ksproducts.ca\/fr\/wp-json\/wp\/v2\/product\/12571","targetHints":{"allow":["GET"]}}],"collection":[{"href":"https:\/\/ksproducts.ca\/fr\/wp-json\/wp\/v2\/product"}],"about":[{"href":"https:\/\/ksproducts.ca\/fr\/wp-json\/wp\/v2\/types\/product"}],"replies":[{"embeddable":true,"href":"https:\/\/ksproducts.ca\/fr\/wp-json\/wp\/v2\/comments?post=12571"}],"version-history":[{"count":1,"href":"https:\/\/ksproducts.ca\/fr\/wp-json\/wp\/v2\/product\/12571\/revisions"}],"predecessor-version":[{"id":12573,"href":"https:\/\/ksproducts.ca\/fr\/wp-json\/wp\/v2\/product\/12571\/revisions\/12573"}],"wp:featuredmedia":[{"embeddable":true,"href":"https:\/\/ksproducts.ca\/fr\/wp-json\/wp\/v2\/media\/12572"}],"wp:attachment":[{"href":"https:\/\/ksproducts.ca\/fr\/wp-json\/wp\/v2\/media?parent=12571"}],"wp:term":[{"taxonomy":"product_cat","embeddable":true,"href":"https:\/\/ksproducts.ca\/fr\/wp-json\/wp\/v2\/product_cat?post=12571"},{"taxonomy":"product_tag","embeddable":true,"href":"https:\/\/ksproducts.ca\/fr\/wp-json\/wp\/v2\/product_tag?post=12571"}],"curies":[{"name":"wp","href":"https:\/\/api.w.org\/{rel}","templated":true}]}}