{"id":12574,"date":"2026-03-13T12:49:16","date_gmt":"2026-03-13T12:49:16","guid":{"rendered":"https:\/\/ksproducts.ca\/?post_type=product&#038;p=12574"},"modified":"2026-03-13T12:49:17","modified_gmt":"2026-03-13T12:49:17","slug":"luxor-3-shelters-plastic-utility-cart-with-spacious-tub-shelves-400lb-weight-capacity-black-32-x-24","status":"publish","type":"product","link":"https:\/\/ksproducts.ca\/fr\/product\/luxor-3-shelf-plastic-utility-cart-with-spacious-tub-shelves-400lb-weight-capacity-black-32-x-24\/","title":{"rendered":"Luxor Chariot utilitaire en plastique \u00e0 3 \u00e9tages avec \u00e9tag\u00e8res spacieuses - Capacit\u00e9 de charge de 400 lb - Noir - 32 x 24"},"content":{"rendered":"<ul>\n<li>Chariot utilitaire polyvalent<\/li>\n<li>Tablettes et pieds en r\u00e9sine thermoplastique moul\u00e9e par injection.<\/li>\n<li>Etag\u00e8res en poly\u00e9thyl\u00e8ne haute densit\u00e9 ; pieds en PVC<\/li>\n<li>Comprend trois \u00e9tag\u00e8res de 2,75 pouces de profondeur.<\/li>\n<li>Poign\u00e9e de pouss\u00e9e ergonomique moul\u00e9e dans la tablette sup\u00e9rieure.<\/li>\n<li>Quatre roulettes robustes de 4 pouces<\/li>\n<li>Capacit\u00e9 de charge maximale de 400 livres (r\u00e9parties uniform\u00e9ment)<\/li>\n<\/ul>","protected":false},"excerpt":{"rendered":"<p>Robuste, fiable et spacieux, ce chariot dispose de trois bacs de 2,75 pouces de profondeur pour contenir et transporter de plus grandes quantit\u00e9s de fournitures. Les bacs sont fabriqu\u00e9s \u00e0 partir d'une r\u00e9sine thermoplastique durable qui r\u00e9siste aux rayures, aux bosses, aux taches et \u00e0 la rouille. M\u00eame lorsqu'il a une capacit\u00e9 maximale de 400 livres, les quatre roulettes robustes de 4 pouces et la poign\u00e9e de pouss\u00e9e moul\u00e9e dans l'\u00e9tag\u00e8re sup\u00e9rieure vous aident \u00e0 d\u00e9placer le chariot en douceur ; deux freins de verrouillage permettent de le maintenir fermement en place lorsque vous le souhaitez.<\/p>","protected":false},"featured_media":12575,"comment_status":"open","ping_status":"closed","template":"","meta":[],"product_cat":[433],"product_tag":[],"class_list":{"0":"post-12574","1":"product","2":"type-product","3":"status-publish","4":"has-post-thumbnail","6":"product_cat-utility-carts","7":"product_shipping_class-class-3","9":"first","10":"instock","11":"taxable","12":"shipping-taxable","13":"purchasable","14":"product-type-simple"},"yoast_head":"<!-- This site is optimized with the Yoast SEO plugin v27.3 - https:\/\/yoast.com\/product\/yoast-seo-wordpress\/ -->\n<title>Luxor 3-Shelf Plastic Utility Cart with Spacious Tub Shelves - 400lb Weight Capacity - Black - 32 x 24 - Ks Products<\/title>\n<meta name=\"robots\" content=\"index, follow, max-snippet:-1, max-image-preview:large, max-video-preview:-1\" \/>\n<link rel=\"canonical\" href=\"https:\/\/ksproducts.ca\/fr\/product\/luxor-3-shelters-plastic-utility-cart-with-spacious-tub-shelves-400lb-weight-capacity-black-32-x-24\/\" \/>\n<meta property=\"og:locale\" content=\"fr_CA\" \/>\n<meta property=\"og:type\" content=\"article\" \/>\n<meta property=\"og:title\" content=\"Luxor 3-Shelf Plastic Utility Cart with Spacious Tub Shelves - 400lb Weight Capacity - Black - 32 x 24 - Ks Products\" \/>\n<meta property=\"og:description\" content=\"Rugged, reliable and spacious, this cart has three 2.75-in deep tubs to hold and haul larger supply quantities. Tubs are made from a durable thermoplastic resin that&#039;s resistant to scratching, dents, stains and rust. Even when holding its max capacity of 400 lbs., the four 4-in heavy-duty casters and a push handle moulded into top shelf help you smoothly move the cart; two locking brakes help keep it firmly in place when desired.\" \/>\n<meta property=\"og:url\" content=\"https:\/\/ksproducts.ca\/fr\/product\/luxor-3-shelters-plastic-utility-cart-with-spacious-tub-shelves-400lb-weight-capacity-black-32-x-24\/\" \/>\n<meta property=\"og:site_name\" content=\"Ks Products\" \/>\n<meta property=\"article:modified_time\" content=\"2026-03-13T12:49:17+00:00\" \/>\n<meta property=\"og:image\" content=\"https:\/\/ksproducts.ca\/wp-content\/uploads\/2026\/03\/Luxor-3-Shelf-Plastic-Utility-Cart-with-Spacious-Tub-Shelves-400lb-Weight-Capacity-Black-32-x-24.jpg\" \/>\n\t<meta property=\"og:image:width\" content=\"600\" \/>\n\t<meta property=\"og:image:height\" content=\"600\" \/>\n\t<meta property=\"og:image:type\" content=\"image\/jpeg\" \/>\n<meta name=\"twitter:card\" content=\"summary_large_image\" \/>\n<meta name=\"twitter:label1\" content=\"Estimation du temps de lecture\" \/>\n\t<meta name=\"twitter:data1\" content=\"1 minute\" \/>\n<script type=\"application\/ld+json\" class=\"yoast-schema-graph\">{\"@context\":\"https:\\\/\\\/schema.org\",\"@graph\":[{\"@type\":\"WebPage\",\"@id\":\"https:\\\/\\\/ksproducts.ca\\\/product\\\/luxor-3-shelf-plastic-utility-cart-with-spacious-tub-shelves-400lb-weight-capacity-black-32-x-24\\\/\",\"url\":\"https:\\\/\\\/ksproducts.ca\\\/product\\\/luxor-3-shelf-plastic-utility-cart-with-spacious-tub-shelves-400lb-weight-capacity-black-32-x-24\\\/\",\"name\":\"Luxor 3-Shelf Plastic Utility Cart with Spacious Tub Shelves - 400lb Weight Capacity - Black - 32 x 24 - Ks Products\",\"isPartOf\":{\"@id\":\"https:\\\/\\\/ksproducts.ca\\\/#website\"},\"primaryImageOfPage\":{\"@id\":\"https:\\\/\\\/ksproducts.ca\\\/product\\\/luxor-3-shelf-plastic-utility-cart-with-spacious-tub-shelves-400lb-weight-capacity-black-32-x-24\\\/#primaryimage\"},\"image\":{\"@id\":\"https:\\\/\\\/ksproducts.ca\\\/product\\\/luxor-3-shelf-plastic-utility-cart-with-spacious-tub-shelves-400lb-weight-capacity-black-32-x-24\\\/#primaryimage\"},\"thumbnailUrl\":\"https:\\\/\\\/ksproducts.ca\\\/wp-content\\\/uploads\\\/2026\\\/03\\\/Luxor-3-Shelf-Plastic-Utility-Cart-with-Spacious-Tub-Shelves-400lb-Weight-Capacity-Black-32-x-24.jpg\",\"datePublished\":\"2026-03-13T12:49:16+00:00\",\"dateModified\":\"2026-03-13T12:49:17+00:00\",\"breadcrumb\":{\"@id\":\"https:\\\/\\\/ksproducts.ca\\\/product\\\/luxor-3-shelf-plastic-utility-cart-with-spacious-tub-shelves-400lb-weight-capacity-black-32-x-24\\\/#breadcrumb\"},\"inLanguage\":\"fr-CA\",\"potentialAction\":[{\"@type\":\"ReadAction\",\"target\":[\"https:\\\/\\\/ksproducts.ca\\\/product\\\/luxor-3-shelf-plastic-utility-cart-with-spacious-tub-shelves-400lb-weight-capacity-black-32-x-24\\\/\"]}]},{\"@type\":\"ImageObject\",\"inLanguage\":\"fr-CA\",\"@id\":\"https:\\\/\\\/ksproducts.ca\\\/product\\\/luxor-3-shelf-plastic-utility-cart-with-spacious-tub-shelves-400lb-weight-capacity-black-32-x-24\\\/#primaryimage\",\"url\":\"https:\\\/\\\/ksproducts.ca\\\/wp-content\\\/uploads\\\/2026\\\/03\\\/Luxor-3-Shelf-Plastic-Utility-Cart-with-Spacious-Tub-Shelves-400lb-Weight-Capacity-Black-32-x-24.jpg\",\"contentUrl\":\"https:\\\/\\\/ksproducts.ca\\\/wp-content\\\/uploads\\\/2026\\\/03\\\/Luxor-3-Shelf-Plastic-Utility-Cart-with-Spacious-Tub-Shelves-400lb-Weight-Capacity-Black-32-x-24.jpg\",\"width\":600,\"height\":600,\"caption\":\"Luxor 3 Shelf Plastic Utility Cart with Spacious Tub Shelves 400lb Weight Capacity Black 32 x 24\"},{\"@type\":\"BreadcrumbList\",\"@id\":\"https:\\\/\\\/ksproducts.ca\\\/product\\\/luxor-3-shelf-plastic-utility-cart-with-spacious-tub-shelves-400lb-weight-capacity-black-32-x-24\\\/#breadcrumb\",\"itemListElement\":[{\"@type\":\"ListItem\",\"position\":1,\"name\":\"Home\",\"item\":\"https:\\\/\\\/ksproducts.ca\\\/\"},{\"@type\":\"ListItem\",\"position\":2,\"name\":\"Shop\",\"item\":\"https:\\\/\\\/ksproducts.ca\\\/shop\\\/\"},{\"@type\":\"ListItem\",\"position\":3,\"name\":\"Luxor 3-Shelf Plastic Utility Cart with Spacious Tub Shelves &#8211; 400lb Weight Capacity &#8211; Black &#8211; 32 x 24\"}]},{\"@type\":\"WebSite\",\"@id\":\"https:\\\/\\\/ksproducts.ca\\\/#website\",\"url\":\"https:\\\/\\\/ksproducts.ca\\\/\",\"name\":\"Ks Products\",\"description\":\"Outdoor cooking and living, made easy in Canada\",\"publisher\":{\"@id\":\"https:\\\/\\\/ksproducts.ca\\\/#organization\"},\"potentialAction\":[{\"@type\":\"SearchAction\",\"target\":{\"@type\":\"EntryPoint\",\"urlTemplate\":\"https:\\\/\\\/ksproducts.ca\\\/?s={search_term_string}\"},\"query-input\":{\"@type\":\"PropertyValueSpecification\",\"valueRequired\":true,\"valueName\":\"search_term_string\"}}],\"inLanguage\":\"fr-CA\"},{\"@type\":\"Organization\",\"@id\":\"https:\\\/\\\/ksproducts.ca\\\/#organization\",\"name\":\"Ks Products\",\"url\":\"https:\\\/\\\/ksproducts.ca\\\/\",\"logo\":{\"@type\":\"ImageObject\",\"inLanguage\":\"fr-CA\",\"@id\":\"https:\\\/\\\/ksproducts.ca\\\/#\\\/schema\\\/logo\\\/image\\\/\",\"url\":\"https:\\\/\\\/ksproducts.ca\\\/wp-content\\\/uploads\\\/2023\\\/09\\\/Kennedy-Sales-Logo-header-1.png\",\"contentUrl\":\"https:\\\/\\\/ksproducts.ca\\\/wp-content\\\/uploads\\\/2023\\\/09\\\/Kennedy-Sales-Logo-header-1.png\",\"width\":150,\"height\":77,\"caption\":\"Ks Products\"},\"image\":{\"@id\":\"https:\\\/\\\/ksproducts.ca\\\/#\\\/schema\\\/logo\\\/image\\\/\"}}]}<\/script>\n<!-- \/ Yoast SEO plugin. -->","yoast_head_json":{"title":"Luxor Chariot utilitaire en plastique \u00e0 3 \u00e9tages avec \u00e9tag\u00e8res spacieuses - Capacit\u00e9 de charge de 400 lb - Noir - 32 x 24 - Ks Products","robots":{"index":"index","follow":"follow","max-snippet":"max-snippet:-1","max-image-preview":"max-image-preview:large","max-video-preview":"max-video-preview:-1"},"canonical":"https:\/\/ksproducts.ca\/fr\/product\/luxor-3-shelters-plastic-utility-cart-with-spacious-tub-shelves-400lb-weight-capacity-black-32-x-24\/","og_locale":"fr_CA","og_type":"article","og_title":"Luxor 3-Shelf Plastic Utility Cart with Spacious Tub Shelves - 400lb Weight Capacity - Black - 32 x 24 - Ks Products","og_description":"Rugged, reliable and spacious, this cart has three 2.75-in deep tubs to hold and haul larger supply quantities. Tubs are made from a durable thermoplastic resin that's resistant to scratching, dents, stains and rust. Even when holding its max capacity of 400 lbs., the four 4-in heavy-duty casters and a push handle moulded into top shelf help you smoothly move the cart; two locking brakes help keep it firmly in place when desired.","og_url":"https:\/\/ksproducts.ca\/fr\/product\/luxor-3-shelters-plastic-utility-cart-with-spacious-tub-shelves-400lb-weight-capacity-black-32-x-24\/","og_site_name":"Ks Products","article_modified_time":"2026-03-13T12:49:17+00:00","og_image":[{"width":600,"height":600,"url":"https:\/\/ksproducts.ca\/wp-content\/uploads\/2026\/03\/Luxor-3-Shelf-Plastic-Utility-Cart-with-Spacious-Tub-Shelves-400lb-Weight-Capacity-Black-32-x-24.jpg","type":"image\/jpeg"}],"twitter_card":"summary_large_image","twitter_misc":{"Estimation du temps de lecture":"1 minute"},"schema":{"@context":"https:\/\/schema.org","@graph":[{"@type":"WebPage","@id":"https:\/\/ksproducts.ca\/product\/luxor-3-shelf-plastic-utility-cart-with-spacious-tub-shelves-400lb-weight-capacity-black-32-x-24\/","url":"https:\/\/ksproducts.ca\/product\/luxor-3-shelf-plastic-utility-cart-with-spacious-tub-shelves-400lb-weight-capacity-black-32-x-24\/","name":"Luxor Chariot utilitaire en plastique \u00e0 3 \u00e9tages avec \u00e9tag\u00e8res spacieuses - Capacit\u00e9 de charge de 400 lb - Noir - 32 x 24 - Ks Products","isPartOf":{"@id":"https:\/\/ksproducts.ca\/#website"},"primaryImageOfPage":{"@id":"https:\/\/ksproducts.ca\/product\/luxor-3-shelf-plastic-utility-cart-with-spacious-tub-shelves-400lb-weight-capacity-black-32-x-24\/#primaryimage"},"image":{"@id":"https:\/\/ksproducts.ca\/product\/luxor-3-shelf-plastic-utility-cart-with-spacious-tub-shelves-400lb-weight-capacity-black-32-x-24\/#primaryimage"},"thumbnailUrl":"https:\/\/ksproducts.ca\/wp-content\/uploads\/2026\/03\/Luxor-3-Shelf-Plastic-Utility-Cart-with-Spacious-Tub-Shelves-400lb-Weight-Capacity-Black-32-x-24.jpg","datePublished":"2026-03-13T12:49:16+00:00","dateModified":"2026-03-13T12:49:17+00:00","breadcrumb":{"@id":"https:\/\/ksproducts.ca\/product\/luxor-3-shelf-plastic-utility-cart-with-spacious-tub-shelves-400lb-weight-capacity-black-32-x-24\/#breadcrumb"},"inLanguage":"fr-CA","potentialAction":[{"@type":"ReadAction","target":["https:\/\/ksproducts.ca\/product\/luxor-3-shelf-plastic-utility-cart-with-spacious-tub-shelves-400lb-weight-capacity-black-32-x-24\/"]}]},{"@type":"ImageObject","inLanguage":"fr-CA","@id":"https:\/\/ksproducts.ca\/product\/luxor-3-shelf-plastic-utility-cart-with-spacious-tub-shelves-400lb-weight-capacity-black-32-x-24\/#primaryimage","url":"https:\/\/ksproducts.ca\/wp-content\/uploads\/2026\/03\/Luxor-3-Shelf-Plastic-Utility-Cart-with-Spacious-Tub-Shelves-400lb-Weight-Capacity-Black-32-x-24.jpg","contentUrl":"https:\/\/ksproducts.ca\/wp-content\/uploads\/2026\/03\/Luxor-3-Shelf-Plastic-Utility-Cart-with-Spacious-Tub-Shelves-400lb-Weight-Capacity-Black-32-x-24.jpg","width":600,"height":600,"caption":"Luxor 3 Shelf Plastic Utility Cart with Spacious Tub Shelves 400lb Weight Capacity Black 32 x 24"},{"@type":"BreadcrumbList","@id":"https:\/\/ksproducts.ca\/product\/luxor-3-shelf-plastic-utility-cart-with-spacious-tub-shelves-400lb-weight-capacity-black-32-x-24\/#breadcrumb","itemListElement":[{"@type":"ListItem","position":1,"name":"Home","item":"https:\/\/ksproducts.ca\/"},{"@type":"ListItem","position":2,"name":"Shop","item":"https:\/\/ksproducts.ca\/shop\/"},{"@type":"ListItem","position":3,"name":"Luxor 3-Shelf Plastic Utility Cart with Spacious Tub Shelves &#8211; 400lb Weight Capacity &#8211; Black &#8211; 32 x 24"}]},{"@type":"WebSite","@id":"https:\/\/ksproducts.ca\/#website","url":"https:\/\/ksproducts.ca\/","name":"Produits Ks","description":"Cuisiner et vivre en plein air, c'est facile au Canada","publisher":{"@id":"https:\/\/ksproducts.ca\/#organization"},"potentialAction":[{"@type":"SearchAction","target":{"@type":"EntryPoint","urlTemplate":"https:\/\/ksproducts.ca\/?s={search_term_string}"},"query-input":{"@type":"PropertyValueSpecification","valueRequired":true,"valueName":"search_term_string"}}],"inLanguage":"fr-CA"},{"@type":"Organization","@id":"https:\/\/ksproducts.ca\/#organization","name":"Produits Ks","url":"https:\/\/ksproducts.ca\/","logo":{"@type":"ImageObject","inLanguage":"fr-CA","@id":"https:\/\/ksproducts.ca\/#\/schema\/logo\/image\/","url":"https:\/\/ksproducts.ca\/wp-content\/uploads\/2023\/09\/Kennedy-Sales-Logo-header-1.png","contentUrl":"https:\/\/ksproducts.ca\/wp-content\/uploads\/2023\/09\/Kennedy-Sales-Logo-header-1.png","width":150,"height":77,"caption":"Ks Products"},"image":{"@id":"https:\/\/ksproducts.ca\/#\/schema\/logo\/image\/"}}]}},"_links":{"self":[{"href":"https:\/\/ksproducts.ca\/fr\/wp-json\/wp\/v2\/product\/12574","targetHints":{"allow":["GET"]}}],"collection":[{"href":"https:\/\/ksproducts.ca\/fr\/wp-json\/wp\/v2\/product"}],"about":[{"href":"https:\/\/ksproducts.ca\/fr\/wp-json\/wp\/v2\/types\/product"}],"replies":[{"embeddable":true,"href":"https:\/\/ksproducts.ca\/fr\/wp-json\/wp\/v2\/comments?post=12574"}],"version-history":[{"count":1,"href":"https:\/\/ksproducts.ca\/fr\/wp-json\/wp\/v2\/product\/12574\/revisions"}],"predecessor-version":[{"id":12576,"href":"https:\/\/ksproducts.ca\/fr\/wp-json\/wp\/v2\/product\/12574\/revisions\/12576"}],"wp:featuredmedia":[{"embeddable":true,"href":"https:\/\/ksproducts.ca\/fr\/wp-json\/wp\/v2\/media\/12575"}],"wp:attachment":[{"href":"https:\/\/ksproducts.ca\/fr\/wp-json\/wp\/v2\/media?parent=12574"}],"wp:term":[{"taxonomy":"product_cat","embeddable":true,"href":"https:\/\/ksproducts.ca\/fr\/wp-json\/wp\/v2\/product_cat?post=12574"},{"taxonomy":"product_tag","embeddable":true,"href":"https:\/\/ksproducts.ca\/fr\/wp-json\/wp\/v2\/product_tag?post=12574"}],"curies":[{"name":"wp","href":"https:\/\/api.w.org\/{rel}","templated":true}]}}