{"id":12577,"date":"2026-03-13T12:59:51","date_gmt":"2026-03-13T12:59:51","guid":{"rendered":"https:\/\/ksproducts.ca\/?post_type=product&#038;p=12577"},"modified":"2026-03-16T15:30:39","modified_gmt":"2026-03-16T15:30:39","slug":"luxor-42inch-3-shelf-adjustable-height-steel-utility-cart-300lb-weight-capacity-black-24-x-42","status":"publish","type":"product","link":"https:\/\/ksproducts.ca\/fr\/product\/luxor-42inch-3-shelf-adjustable-height-steel-utility-cart-300lb-weight-capacity-black-24-x-42\/","title":{"rendered":"Luxor 42inch 3-Shelf Adjustable-Height Steel Utility Cart - 300lb Weight Capacity - Black - 24 x 42"},"content":{"rendered":"<ul>\n<li>Chariot de service polyvalent id\u00e9al pour les applications l\u00e9g\u00e8res dans les secteurs de l'industrie, de la sant\u00e9, des services alimentaires ou de la restauration<\/li>\n<li>Les \u00e9tag\u00e8res en plastique polypropyl\u00e8ne durable r\u00e9sistent aux rayures, aux \u00e9br\u00e9chures et aux bosses.<\/li>\n<li>Les montants l\u00e9gers en aluminium offrent une r\u00e9sistance exceptionnelle \u00e0 l'empilement.<\/li>\n<\/ul>","protected":false},"excerpt":{"rendered":"<p>Le grand chariot de service Luxor \u00e0 trois \u00e9tag\u00e8res est con\u00e7u pour d\u00e9placer facilement des articles pesant jusqu'\u00e0 300 livres. Les \u00e9tag\u00e8res sont fabriqu\u00e9es \u00e0 partir d'un polypropyl\u00e8ne durable qui r\u00e9siste aux \u00e9raflures et aux bosses et qui est facile \u00e0 nettoyer. Un rebord de 1\u2033 sur les c\u00f4t\u00e9s et \u00e0 l'arri\u00e8re maintient le contenu \u00e0 bord tout en permettant aux articles de glisser sur ou hors de l'avant. Les montants en aluminium offrent un support solide et l\u00e9ger et les roulettes pivotantes, associ\u00e9es aux deux poign\u00e9es, permettent de le faire rouler facilement d'un endroit \u00e0 l'autre. Il s'agit d'un chariot utilitaire id\u00e9al pour les restaurants, les services alimentaires, les soins de sant\u00e9 et toutes les applications l\u00e9g\u00e8res.<\/p>","protected":false},"featured_media":12578,"comment_status":"open","ping_status":"closed","template":"","meta":[],"product_cat":[433],"product_tag":[],"class_list":{"0":"post-12577","1":"product","2":"type-product","3":"status-publish","4":"has-post-thumbnail","6":"product_cat-utility-carts","7":"product_shipping_class-class-3","9":"first","10":"instock","11":"taxable","12":"shipping-taxable","13":"purchasable","14":"product-type-simple"},"yoast_head":"<!-- This site is optimized with the Yoast SEO plugin v27.3 - https:\/\/yoast.com\/product\/yoast-seo-wordpress\/ -->\n<title>Luxor 42inch 3-Shelf Adjustable-Height Steel Utility Cart - 300lb Weight Capacity - Black - 24 x 42 - Ks Products<\/title>\n<meta name=\"robots\" content=\"index, follow, max-snippet:-1, max-image-preview:large, max-video-preview:-1\" \/>\n<link rel=\"canonical\" href=\"https:\/\/ksproducts.ca\/fr\/product\/luxor-42inch-3-shelf-adjustable-height-steel-utility-cart-300lb-weight-capacity-black-24-x-42\/\" \/>\n<meta property=\"og:locale\" content=\"fr_CA\" \/>\n<meta property=\"og:type\" content=\"article\" \/>\n<meta property=\"og:title\" content=\"Luxor 42inch 3-Shelf Adjustable-Height Steel Utility Cart - 300lb Weight Capacity - Black - 24 x 42 - Ks Products\" \/>\n<meta property=\"og:description\" content=\"The Luxor Three-Shelf Large Serving Cart is made to move up to 300 lbs. of items with ease. The shelves are made from a durable polypropylene that&#039;s resistant to scrapes or dents and easy to clean. A 1&quot; lip on the sides and back keep contents onboard while still allowing items to slide on or off from the front. Aluminum uprights provide strong, lightweight support and the swiveling casters, coupled with the dual handles, make it easy to roll from place to place. It&#039;s an ideal utility cart for restaurants, food service, healthcare or any light-duty applications.\" \/>\n<meta property=\"og:url\" content=\"https:\/\/ksproducts.ca\/fr\/product\/luxor-42inch-3-shelf-adjustable-height-steel-utility-cart-300lb-weight-capacity-black-24-x-42\/\" \/>\n<meta property=\"og:site_name\" content=\"Ks Products\" \/>\n<meta property=\"article:modified_time\" content=\"2026-03-16T15:30:39+00:00\" \/>\n<meta property=\"og:image\" content=\"https:\/\/ksproducts.ca\/wp-content\/uploads\/2026\/03\/Luxor-42inch-3-Shelf-Adjustable-Height-Steel-Utility-Cart-300lb-Weight-Capacity-Black-24-x-42.png\" \/>\n\t<meta property=\"og:image:width\" content=\"440\" \/>\n\t<meta property=\"og:image:height\" content=\"440\" \/>\n\t<meta property=\"og:image:type\" content=\"image\/png\" \/>\n<meta name=\"twitter:card\" content=\"summary_large_image\" \/>\n<meta name=\"twitter:label1\" content=\"Estimation du temps de lecture\" \/>\n\t<meta name=\"twitter:data1\" content=\"1 minute\" \/>\n<script type=\"application\/ld+json\" class=\"yoast-schema-graph\">{\"@context\":\"https:\\\/\\\/schema.org\",\"@graph\":[{\"@type\":\"WebPage\",\"@id\":\"https:\\\/\\\/ksproducts.ca\\\/product\\\/luxor-42inch-3-shelf-adjustable-height-steel-utility-cart-300lb-weight-capacity-black-24-x-42\\\/\",\"url\":\"https:\\\/\\\/ksproducts.ca\\\/product\\\/luxor-42inch-3-shelf-adjustable-height-steel-utility-cart-300lb-weight-capacity-black-24-x-42\\\/\",\"name\":\"Luxor 42inch 3-Shelf Adjustable-Height Steel Utility Cart - 300lb Weight Capacity - Black - 24 x 42 - Ks Products\",\"isPartOf\":{\"@id\":\"https:\\\/\\\/ksproducts.ca\\\/#website\"},\"primaryImageOfPage\":{\"@id\":\"https:\\\/\\\/ksproducts.ca\\\/product\\\/luxor-42inch-3-shelf-adjustable-height-steel-utility-cart-300lb-weight-capacity-black-24-x-42\\\/#primaryimage\"},\"image\":{\"@id\":\"https:\\\/\\\/ksproducts.ca\\\/product\\\/luxor-42inch-3-shelf-adjustable-height-steel-utility-cart-300lb-weight-capacity-black-24-x-42\\\/#primaryimage\"},\"thumbnailUrl\":\"https:\\\/\\\/ksproducts.ca\\\/wp-content\\\/uploads\\\/2026\\\/03\\\/Luxor-42inch-3-Shelf-Adjustable-Height-Steel-Utility-Cart-300lb-Weight-Capacity-Black-24-x-42.png\",\"datePublished\":\"2026-03-13T12:59:51+00:00\",\"dateModified\":\"2026-03-16T15:30:39+00:00\",\"breadcrumb\":{\"@id\":\"https:\\\/\\\/ksproducts.ca\\\/product\\\/luxor-42inch-3-shelf-adjustable-height-steel-utility-cart-300lb-weight-capacity-black-24-x-42\\\/#breadcrumb\"},\"inLanguage\":\"fr-CA\",\"potentialAction\":[{\"@type\":\"ReadAction\",\"target\":[\"https:\\\/\\\/ksproducts.ca\\\/product\\\/luxor-42inch-3-shelf-adjustable-height-steel-utility-cart-300lb-weight-capacity-black-24-x-42\\\/\"]}]},{\"@type\":\"ImageObject\",\"inLanguage\":\"fr-CA\",\"@id\":\"https:\\\/\\\/ksproducts.ca\\\/product\\\/luxor-42inch-3-shelf-adjustable-height-steel-utility-cart-300lb-weight-capacity-black-24-x-42\\\/#primaryimage\",\"url\":\"https:\\\/\\\/ksproducts.ca\\\/wp-content\\\/uploads\\\/2026\\\/03\\\/Luxor-42inch-3-Shelf-Adjustable-Height-Steel-Utility-Cart-300lb-Weight-Capacity-Black-24-x-42.png\",\"contentUrl\":\"https:\\\/\\\/ksproducts.ca\\\/wp-content\\\/uploads\\\/2026\\\/03\\\/Luxor-42inch-3-Shelf-Adjustable-Height-Steel-Utility-Cart-300lb-Weight-Capacity-Black-24-x-42.png\",\"width\":440,\"height\":440,\"caption\":\"Luxor 42inch 3 Shelf Adjustable Height Steel Utility Cart 300lb Weight Capacity Black 24 x 42\"},{\"@type\":\"BreadcrumbList\",\"@id\":\"https:\\\/\\\/ksproducts.ca\\\/product\\\/luxor-42inch-3-shelf-adjustable-height-steel-utility-cart-300lb-weight-capacity-black-24-x-42\\\/#breadcrumb\",\"itemListElement\":[{\"@type\":\"ListItem\",\"position\":1,\"name\":\"Home\",\"item\":\"https:\\\/\\\/ksproducts.ca\\\/\"},{\"@type\":\"ListItem\",\"position\":2,\"name\":\"Shop\",\"item\":\"https:\\\/\\\/ksproducts.ca\\\/shop\\\/\"},{\"@type\":\"ListItem\",\"position\":3,\"name\":\"Luxor 42inch 3-Shelf Adjustable-Height Steel Utility Cart &#8211; 300lb Weight Capacity &#8211; Black &#8211; 24 x 42\"}]},{\"@type\":\"WebSite\",\"@id\":\"https:\\\/\\\/ksproducts.ca\\\/#website\",\"url\":\"https:\\\/\\\/ksproducts.ca\\\/\",\"name\":\"Ks Products\",\"description\":\"Outdoor cooking and living, made easy in Canada\",\"publisher\":{\"@id\":\"https:\\\/\\\/ksproducts.ca\\\/#organization\"},\"potentialAction\":[{\"@type\":\"SearchAction\",\"target\":{\"@type\":\"EntryPoint\",\"urlTemplate\":\"https:\\\/\\\/ksproducts.ca\\\/?s={search_term_string}\"},\"query-input\":{\"@type\":\"PropertyValueSpecification\",\"valueRequired\":true,\"valueName\":\"search_term_string\"}}],\"inLanguage\":\"fr-CA\"},{\"@type\":\"Organization\",\"@id\":\"https:\\\/\\\/ksproducts.ca\\\/#organization\",\"name\":\"Ks Products\",\"url\":\"https:\\\/\\\/ksproducts.ca\\\/\",\"logo\":{\"@type\":\"ImageObject\",\"inLanguage\":\"fr-CA\",\"@id\":\"https:\\\/\\\/ksproducts.ca\\\/#\\\/schema\\\/logo\\\/image\\\/\",\"url\":\"https:\\\/\\\/ksproducts.ca\\\/wp-content\\\/uploads\\\/2023\\\/09\\\/Kennedy-Sales-Logo-header-1.png\",\"contentUrl\":\"https:\\\/\\\/ksproducts.ca\\\/wp-content\\\/uploads\\\/2023\\\/09\\\/Kennedy-Sales-Logo-header-1.png\",\"width\":150,\"height\":77,\"caption\":\"Ks Products\"},\"image\":{\"@id\":\"https:\\\/\\\/ksproducts.ca\\\/#\\\/schema\\\/logo\\\/image\\\/\"}}]}<\/script>\n<!-- \/ Yoast SEO plugin. -->","yoast_head_json":{"title":"Luxor 42inch 3-Shelf Adjustable-Height Steel Utility Cart - 300lb Weight Capacity - Black - 24 x 42 - Ks Products","robots":{"index":"index","follow":"follow","max-snippet":"max-snippet:-1","max-image-preview":"max-image-preview:large","max-video-preview":"max-video-preview:-1"},"canonical":"https:\/\/ksproducts.ca\/fr\/product\/luxor-42inch-3-shelf-adjustable-height-steel-utility-cart-300lb-weight-capacity-black-24-x-42\/","og_locale":"fr_CA","og_type":"article","og_title":"Luxor 42inch 3-Shelf Adjustable-Height Steel Utility Cart - 300lb Weight Capacity - Black - 24 x 42 - Ks Products","og_description":"The Luxor Three-Shelf Large Serving Cart is made to move up to 300 lbs. of items with ease. The shelves are made from a durable polypropylene that's resistant to scrapes or dents and easy to clean. A 1\" lip on the sides and back keep contents onboard while still allowing items to slide on or off from the front. Aluminum uprights provide strong, lightweight support and the swiveling casters, coupled with the dual handles, make it easy to roll from place to place. It's an ideal utility cart for restaurants, food service, healthcare or any light-duty applications.","og_url":"https:\/\/ksproducts.ca\/fr\/product\/luxor-42inch-3-shelf-adjustable-height-steel-utility-cart-300lb-weight-capacity-black-24-x-42\/","og_site_name":"Ks Products","article_modified_time":"2026-03-16T15:30:39+00:00","og_image":[{"width":440,"height":440,"url":"https:\/\/ksproducts.ca\/wp-content\/uploads\/2026\/03\/Luxor-42inch-3-Shelf-Adjustable-Height-Steel-Utility-Cart-300lb-Weight-Capacity-Black-24-x-42.png","type":"image\/png"}],"twitter_card":"summary_large_image","twitter_misc":{"Estimation du temps de lecture":"1 minute"},"schema":{"@context":"https:\/\/schema.org","@graph":[{"@type":"WebPage","@id":"https:\/\/ksproducts.ca\/product\/luxor-42inch-3-shelf-adjustable-height-steel-utility-cart-300lb-weight-capacity-black-24-x-42\/","url":"https:\/\/ksproducts.ca\/product\/luxor-42inch-3-shelf-adjustable-height-steel-utility-cart-300lb-weight-capacity-black-24-x-42\/","name":"Luxor 42inch 3-Shelf Adjustable-Height Steel Utility Cart - 300lb Weight Capacity - Black - 24 x 42 - Ks Products","isPartOf":{"@id":"https:\/\/ksproducts.ca\/#website"},"primaryImageOfPage":{"@id":"https:\/\/ksproducts.ca\/product\/luxor-42inch-3-shelf-adjustable-height-steel-utility-cart-300lb-weight-capacity-black-24-x-42\/#primaryimage"},"image":{"@id":"https:\/\/ksproducts.ca\/product\/luxor-42inch-3-shelf-adjustable-height-steel-utility-cart-300lb-weight-capacity-black-24-x-42\/#primaryimage"},"thumbnailUrl":"https:\/\/ksproducts.ca\/wp-content\/uploads\/2026\/03\/Luxor-42inch-3-Shelf-Adjustable-Height-Steel-Utility-Cart-300lb-Weight-Capacity-Black-24-x-42.png","datePublished":"2026-03-13T12:59:51+00:00","dateModified":"2026-03-16T15:30:39+00:00","breadcrumb":{"@id":"https:\/\/ksproducts.ca\/product\/luxor-42inch-3-shelf-adjustable-height-steel-utility-cart-300lb-weight-capacity-black-24-x-42\/#breadcrumb"},"inLanguage":"fr-CA","potentialAction":[{"@type":"ReadAction","target":["https:\/\/ksproducts.ca\/product\/luxor-42inch-3-shelf-adjustable-height-steel-utility-cart-300lb-weight-capacity-black-24-x-42\/"]}]},{"@type":"ImageObject","inLanguage":"fr-CA","@id":"https:\/\/ksproducts.ca\/product\/luxor-42inch-3-shelf-adjustable-height-steel-utility-cart-300lb-weight-capacity-black-24-x-42\/#primaryimage","url":"https:\/\/ksproducts.ca\/wp-content\/uploads\/2026\/03\/Luxor-42inch-3-Shelf-Adjustable-Height-Steel-Utility-Cart-300lb-Weight-Capacity-Black-24-x-42.png","contentUrl":"https:\/\/ksproducts.ca\/wp-content\/uploads\/2026\/03\/Luxor-42inch-3-Shelf-Adjustable-Height-Steel-Utility-Cart-300lb-Weight-Capacity-Black-24-x-42.png","width":440,"height":440,"caption":"Luxor 42inch 3 Shelf Adjustable Height Steel Utility Cart 300lb Weight Capacity Black 24 x 42"},{"@type":"BreadcrumbList","@id":"https:\/\/ksproducts.ca\/product\/luxor-42inch-3-shelf-adjustable-height-steel-utility-cart-300lb-weight-capacity-black-24-x-42\/#breadcrumb","itemListElement":[{"@type":"ListItem","position":1,"name":"Home","item":"https:\/\/ksproducts.ca\/"},{"@type":"ListItem","position":2,"name":"Shop","item":"https:\/\/ksproducts.ca\/shop\/"},{"@type":"ListItem","position":3,"name":"Luxor 42inch 3-Shelf Adjustable-Height Steel Utility Cart &#8211; 300lb Weight Capacity &#8211; Black &#8211; 24 x 42"}]},{"@type":"WebSite","@id":"https:\/\/ksproducts.ca\/#website","url":"https:\/\/ksproducts.ca\/","name":"Produits Ks","description":"Cuisiner et vivre en plein air, c'est facile au Canada","publisher":{"@id":"https:\/\/ksproducts.ca\/#organization"},"potentialAction":[{"@type":"SearchAction","target":{"@type":"EntryPoint","urlTemplate":"https:\/\/ksproducts.ca\/?s={search_term_string}"},"query-input":{"@type":"PropertyValueSpecification","valueRequired":true,"valueName":"search_term_string"}}],"inLanguage":"fr-CA"},{"@type":"Organization","@id":"https:\/\/ksproducts.ca\/#organization","name":"Produits Ks","url":"https:\/\/ksproducts.ca\/","logo":{"@type":"ImageObject","inLanguage":"fr-CA","@id":"https:\/\/ksproducts.ca\/#\/schema\/logo\/image\/","url":"https:\/\/ksproducts.ca\/wp-content\/uploads\/2023\/09\/Kennedy-Sales-Logo-header-1.png","contentUrl":"https:\/\/ksproducts.ca\/wp-content\/uploads\/2023\/09\/Kennedy-Sales-Logo-header-1.png","width":150,"height":77,"caption":"Ks Products"},"image":{"@id":"https:\/\/ksproducts.ca\/#\/schema\/logo\/image\/"}}]}},"_links":{"self":[{"href":"https:\/\/ksproducts.ca\/fr\/wp-json\/wp\/v2\/product\/12577","targetHints":{"allow":["GET"]}}],"collection":[{"href":"https:\/\/ksproducts.ca\/fr\/wp-json\/wp\/v2\/product"}],"about":[{"href":"https:\/\/ksproducts.ca\/fr\/wp-json\/wp\/v2\/types\/product"}],"replies":[{"embeddable":true,"href":"https:\/\/ksproducts.ca\/fr\/wp-json\/wp\/v2\/comments?post=12577"}],"version-history":[{"count":1,"href":"https:\/\/ksproducts.ca\/fr\/wp-json\/wp\/v2\/product\/12577\/revisions"}],"predecessor-version":[{"id":12579,"href":"https:\/\/ksproducts.ca\/fr\/wp-json\/wp\/v2\/product\/12577\/revisions\/12579"}],"wp:featuredmedia":[{"embeddable":true,"href":"https:\/\/ksproducts.ca\/fr\/wp-json\/wp\/v2\/media\/12578"}],"wp:attachment":[{"href":"https:\/\/ksproducts.ca\/fr\/wp-json\/wp\/v2\/media?parent=12577"}],"wp:term":[{"taxonomy":"product_cat","embeddable":true,"href":"https:\/\/ksproducts.ca\/fr\/wp-json\/wp\/v2\/product_cat?post=12577"},{"taxonomy":"product_tag","embeddable":true,"href":"https:\/\/ksproducts.ca\/fr\/wp-json\/wp\/v2\/product_tag?post=12577"}],"curies":[{"name":"wp","href":"https:\/\/api.w.org\/{rel}","templated":true}]}}