{"id":12580,"date":"2026-03-13T13:05:27","date_gmt":"2026-03-13T13:05:27","guid":{"rendered":"https:\/\/ksproducts.ca\/?post_type=product&#038;p=12580"},"modified":"2026-03-16T15:31:22","modified_gmt":"2026-03-16T15:31:22","slug":"luxor-3-shelters-adjustable-height-steel-av-cart-with-pullout-tray-75lb-weight-capacity-black-24-x-42","status":"publish","type":"product","link":"https:\/\/ksproducts.ca\/fr\/product\/luxor-3-shelf-adjustable-height-steel-av-cart-with-pullout-tray-75lb-weight-capacity-black-24-x-42\/","title":{"rendered":"Luxor Chariot AV \u00e0 3 \u00e9tag\u00e8res en acier \u00e0 hauteur r\u00e9glable avec plateau extractible - Capacit\u00e9 de charge de 75 lb - Noir - 24 x 42"},"content":{"rendered":"<ul>\n<li>Chariot utilitaire polyvalent en acier, parfait pour une multitude d'utilisations<\/li>\n<li>Etag\u00e8res en forme de rouleau avec une finition peinte par poudrage<\/li>\n<li>Les tables sont soud\u00e9es de mani\u00e8re robotis\u00e9e pour assurer la stabilit\u00e9, et les trous pour les c\u00e2bles sont faciles d'acc\u00e8s pour que le chariot reste propre, organis\u00e9 et s\u00fbr.<\/li>\n<li>.25\u2033 l\u00e8vre de retenue bordures tablettes plates<\/li>\n<li>Chariot roulant avec quatre roulettes de 4\u2033 \u00e0 roulement \u00e0 billes silencieux, enti\u00e8rement pivotantes, dont deux avec frein de blocage<\/li>\n<li>Assemblage \u00e9lectrique \u00e0 trois sorties, 15\u2032, homologu\u00e9 UL et CSA, avec cordon d'alimentation \u00e0 enclenchement.<\/li>\n<li>Tapis de s\u00e9curit\u00e9 inclus<\/li>\n<li>Tablettes lat\u00e9rales \u00e0 abattant en option<\/li>\n<li>Plusieurs options de couleurs disponibles<\/li>\n<li>Conforme aux normes GSA<\/li>\n<li>Assemblage facile<\/li>\n<li>Capacit\u00e9 de poids totale (uniform\u00e9ment r\u00e9partie) : 300 lbs.<\/li>\n<li>Capacit\u00e9 de poids par \u00e9tag\u00e8re : 100 lbs.<\/li>\n<\/ul>","protected":false},"excerpt":{"rendered":"<p>Exposez, transportez et utilisez facilement votre \u00e9quipement gr\u00e2ce \u00e0 ce chariot polyvalent Luxor. Le chariot r\u00e9glable en hauteur s'adapte \u00e0 diff\u00e9rents utilisateurs ou applications ; la tablette pour clavier escamotable facilite l'utilisation d'un ordinateur portable tout en se rangeant proprement pour le stockage et le transport. Un rebord de retenue sur les trois \u00e9tag\u00e8res et un coussin antid\u00e9rapant sur l'\u00e9tag\u00e8re sup\u00e9rieure permettent de s\u00e9curiser les articles pendant le transport. Avec un grand espace d'\u00e9tag\u00e8re et une construction en acier durable, ce chariot fabriqu\u00e9 aux \u00c9tats-Unis peut remplir un large \u00e9ventail de fonctions dans de nombreuses industries.<\/p>","protected":false},"featured_media":12586,"comment_status":"open","ping_status":"closed","template":"","meta":[],"product_cat":[433],"product_tag":[],"class_list":{"0":"post-12580","1":"product","2":"type-product","3":"status-publish","4":"has-post-thumbnail","6":"product_cat-utility-carts","7":"product_shipping_class-class-3","9":"first","10":"instock","11":"taxable","12":"shipping-taxable","13":"purchasable","14":"product-type-simple"},"yoast_head":"<!-- This site is optimized with the Yoast SEO plugin v27.3 - https:\/\/yoast.com\/product\/yoast-seo-wordpress\/ -->\n<title>Luxor 3-Shelf Adjustable-Height Steel AV Cart with pullout tray - 75lb Weight Capacity - Black - 24 x 42 - Ks Products<\/title>\n<meta name=\"robots\" content=\"index, follow, max-snippet:-1, max-image-preview:large, max-video-preview:-1\" \/>\n<link rel=\"canonical\" href=\"https:\/\/ksproducts.ca\/fr\/product\/luxor-3-shelters-adjustable-height-steel-av-cart-with-pullout-tray-75lb-weight-capacity-black-24-x-42\/\" \/>\n<meta property=\"og:locale\" content=\"fr_CA\" \/>\n<meta property=\"og:type\" content=\"article\" \/>\n<meta property=\"og:title\" content=\"Luxor 3-Shelf Adjustable-Height Steel AV Cart with pullout tray - 75lb Weight Capacity - Black - 24 x 42 - Ks Products\" \/>\n<meta property=\"og:description\" content=\"Display, transport, and operate your equipment easily with this popular Luxor multi-use cart. The height-adjustable cart adapts to various users or applications; the pullout keyboard shelf aids laptop use while tucking neatly away for storage and transit. A retaining lip on all three shelves and an anti-slip pad on the top shelf help secure items during transport. With ample shelf space and durable steel construction, this USA-made cart can perform a broad array of functions across multiple industries.\" \/>\n<meta property=\"og:url\" content=\"https:\/\/ksproducts.ca\/fr\/product\/luxor-3-shelters-adjustable-height-steel-av-cart-with-pullout-tray-75lb-weight-capacity-black-24-x-42\/\" \/>\n<meta property=\"og:site_name\" content=\"Ks Products\" \/>\n<meta property=\"article:modified_time\" content=\"2026-03-16T15:31:22+00:00\" \/>\n<meta property=\"og:image\" content=\"https:\/\/ksproducts.ca\/wp-content\/uploads\/2026\/03\/Luxor-3-Shelf-Adjustable-Height-Steel-AV-Cart-with-pullout-tray-75lb-Weight-Capacity-Black-24-x-42-1.jpg\" \/>\n\t<meta property=\"og:image:width\" content=\"600\" \/>\n\t<meta property=\"og:image:height\" content=\"600\" \/>\n\t<meta property=\"og:image:type\" content=\"image\/jpeg\" \/>\n<meta name=\"twitter:card\" content=\"summary_large_image\" \/>\n<meta name=\"twitter:label1\" content=\"Estimation du temps de lecture\" \/>\n\t<meta name=\"twitter:data1\" content=\"1 minute\" \/>\n<script type=\"application\/ld+json\" class=\"yoast-schema-graph\">{\"@context\":\"https:\\\/\\\/schema.org\",\"@graph\":[{\"@type\":\"WebPage\",\"@id\":\"https:\\\/\\\/ksproducts.ca\\\/product\\\/luxor-3-shelf-adjustable-height-steel-av-cart-with-pullout-tray-75lb-weight-capacity-black-24-x-42\\\/\",\"url\":\"https:\\\/\\\/ksproducts.ca\\\/product\\\/luxor-3-shelf-adjustable-height-steel-av-cart-with-pullout-tray-75lb-weight-capacity-black-24-x-42\\\/\",\"name\":\"Luxor 3-Shelf Adjustable-Height Steel AV Cart with pullout tray - 75lb Weight Capacity - Black - 24 x 42 - Ks Products\",\"isPartOf\":{\"@id\":\"https:\\\/\\\/ksproducts.ca\\\/#website\"},\"primaryImageOfPage\":{\"@id\":\"https:\\\/\\\/ksproducts.ca\\\/product\\\/luxor-3-shelf-adjustable-height-steel-av-cart-with-pullout-tray-75lb-weight-capacity-black-24-x-42\\\/#primaryimage\"},\"image\":{\"@id\":\"https:\\\/\\\/ksproducts.ca\\\/product\\\/luxor-3-shelf-adjustable-height-steel-av-cart-with-pullout-tray-75lb-weight-capacity-black-24-x-42\\\/#primaryimage\"},\"thumbnailUrl\":\"https:\\\/\\\/ksproducts.ca\\\/wp-content\\\/uploads\\\/2026\\\/03\\\/Luxor-3-Shelf-Adjustable-Height-Steel-AV-Cart-with-pullout-tray-75lb-Weight-Capacity-Black-24-x-42-1.jpg\",\"datePublished\":\"2026-03-13T13:05:27+00:00\",\"dateModified\":\"2026-03-16T15:31:22+00:00\",\"breadcrumb\":{\"@id\":\"https:\\\/\\\/ksproducts.ca\\\/product\\\/luxor-3-shelf-adjustable-height-steel-av-cart-with-pullout-tray-75lb-weight-capacity-black-24-x-42\\\/#breadcrumb\"},\"inLanguage\":\"fr-CA\",\"potentialAction\":[{\"@type\":\"ReadAction\",\"target\":[\"https:\\\/\\\/ksproducts.ca\\\/product\\\/luxor-3-shelf-adjustable-height-steel-av-cart-with-pullout-tray-75lb-weight-capacity-black-24-x-42\\\/\"]}]},{\"@type\":\"ImageObject\",\"inLanguage\":\"fr-CA\",\"@id\":\"https:\\\/\\\/ksproducts.ca\\\/product\\\/luxor-3-shelf-adjustable-height-steel-av-cart-with-pullout-tray-75lb-weight-capacity-black-24-x-42\\\/#primaryimage\",\"url\":\"https:\\\/\\\/ksproducts.ca\\\/wp-content\\\/uploads\\\/2026\\\/03\\\/Luxor-3-Shelf-Adjustable-Height-Steel-AV-Cart-with-pullout-tray-75lb-Weight-Capacity-Black-24-x-42-1.jpg\",\"contentUrl\":\"https:\\\/\\\/ksproducts.ca\\\/wp-content\\\/uploads\\\/2026\\\/03\\\/Luxor-3-Shelf-Adjustable-Height-Steel-AV-Cart-with-pullout-tray-75lb-Weight-Capacity-Black-24-x-42-1.jpg\",\"width\":600,\"height\":600,\"caption\":\"Luxor 3 Shelf Adjustable Height Steel AV Cart with pullout tray 75lb Weight Capacity Black 24 x 42\"},{\"@type\":\"BreadcrumbList\",\"@id\":\"https:\\\/\\\/ksproducts.ca\\\/product\\\/luxor-3-shelf-adjustable-height-steel-av-cart-with-pullout-tray-75lb-weight-capacity-black-24-x-42\\\/#breadcrumb\",\"itemListElement\":[{\"@type\":\"ListItem\",\"position\":1,\"name\":\"Home\",\"item\":\"https:\\\/\\\/ksproducts.ca\\\/\"},{\"@type\":\"ListItem\",\"position\":2,\"name\":\"Shop\",\"item\":\"https:\\\/\\\/ksproducts.ca\\\/shop\\\/\"},{\"@type\":\"ListItem\",\"position\":3,\"name\":\"Luxor 3-Shelf Adjustable-Height Steel AV Cart with pullout tray &#8211; 75lb Weight Capacity &#8211; Black &#8211; 24 x 42\"}]},{\"@type\":\"WebSite\",\"@id\":\"https:\\\/\\\/ksproducts.ca\\\/#website\",\"url\":\"https:\\\/\\\/ksproducts.ca\\\/\",\"name\":\"Ks Products\",\"description\":\"Outdoor cooking and living, made easy in Canada\",\"publisher\":{\"@id\":\"https:\\\/\\\/ksproducts.ca\\\/#organization\"},\"potentialAction\":[{\"@type\":\"SearchAction\",\"target\":{\"@type\":\"EntryPoint\",\"urlTemplate\":\"https:\\\/\\\/ksproducts.ca\\\/?s={search_term_string}\"},\"query-input\":{\"@type\":\"PropertyValueSpecification\",\"valueRequired\":true,\"valueName\":\"search_term_string\"}}],\"inLanguage\":\"fr-CA\"},{\"@type\":\"Organization\",\"@id\":\"https:\\\/\\\/ksproducts.ca\\\/#organization\",\"name\":\"Ks Products\",\"url\":\"https:\\\/\\\/ksproducts.ca\\\/\",\"logo\":{\"@type\":\"ImageObject\",\"inLanguage\":\"fr-CA\",\"@id\":\"https:\\\/\\\/ksproducts.ca\\\/#\\\/schema\\\/logo\\\/image\\\/\",\"url\":\"https:\\\/\\\/ksproducts.ca\\\/wp-content\\\/uploads\\\/2023\\\/09\\\/Kennedy-Sales-Logo-header-1.png\",\"contentUrl\":\"https:\\\/\\\/ksproducts.ca\\\/wp-content\\\/uploads\\\/2023\\\/09\\\/Kennedy-Sales-Logo-header-1.png\",\"width\":150,\"height\":77,\"caption\":\"Ks Products\"},\"image\":{\"@id\":\"https:\\\/\\\/ksproducts.ca\\\/#\\\/schema\\\/logo\\\/image\\\/\"}}]}<\/script>\n<!-- \/ Yoast SEO plugin. -->","yoast_head_json":{"title":"Luxor 3-Shelable Adjustable-Height Steel AV Cart with pullout tray - 75lb Weight Capacity - Black - 24 x 42 - Ks Products","robots":{"index":"index","follow":"follow","max-snippet":"max-snippet:-1","max-image-preview":"max-image-preview:large","max-video-preview":"max-video-preview:-1"},"canonical":"https:\/\/ksproducts.ca\/fr\/product\/luxor-3-shelters-adjustable-height-steel-av-cart-with-pullout-tray-75lb-weight-capacity-black-24-x-42\/","og_locale":"fr_CA","og_type":"article","og_title":"Luxor 3-Shelf Adjustable-Height Steel AV Cart with pullout tray - 75lb Weight Capacity - Black - 24 x 42 - Ks Products","og_description":"Display, transport, and operate your equipment easily with this popular Luxor multi-use cart. The height-adjustable cart adapts to various users or applications; the pullout keyboard shelf aids laptop use while tucking neatly away for storage and transit. A retaining lip on all three shelves and an anti-slip pad on the top shelf help secure items during transport. With ample shelf space and durable steel construction, this USA-made cart can perform a broad array of functions across multiple industries.","og_url":"https:\/\/ksproducts.ca\/fr\/product\/luxor-3-shelters-adjustable-height-steel-av-cart-with-pullout-tray-75lb-weight-capacity-black-24-x-42\/","og_site_name":"Ks Products","article_modified_time":"2026-03-16T15:31:22+00:00","og_image":[{"width":600,"height":600,"url":"https:\/\/ksproducts.ca\/wp-content\/uploads\/2026\/03\/Luxor-3-Shelf-Adjustable-Height-Steel-AV-Cart-with-pullout-tray-75lb-Weight-Capacity-Black-24-x-42-1.jpg","type":"image\/jpeg"}],"twitter_card":"summary_large_image","twitter_misc":{"Estimation du temps de lecture":"1 minute"},"schema":{"@context":"https:\/\/schema.org","@graph":[{"@type":"WebPage","@id":"https:\/\/ksproducts.ca\/product\/luxor-3-shelf-adjustable-height-steel-av-cart-with-pullout-tray-75lb-weight-capacity-black-24-x-42\/","url":"https:\/\/ksproducts.ca\/product\/luxor-3-shelf-adjustable-height-steel-av-cart-with-pullout-tray-75lb-weight-capacity-black-24-x-42\/","name":"Luxor 3-Shelable Adjustable-Height Steel AV Cart with pullout tray - 75lb Weight Capacity - Black - 24 x 42 - Ks Products","isPartOf":{"@id":"https:\/\/ksproducts.ca\/#website"},"primaryImageOfPage":{"@id":"https:\/\/ksproducts.ca\/product\/luxor-3-shelf-adjustable-height-steel-av-cart-with-pullout-tray-75lb-weight-capacity-black-24-x-42\/#primaryimage"},"image":{"@id":"https:\/\/ksproducts.ca\/product\/luxor-3-shelf-adjustable-height-steel-av-cart-with-pullout-tray-75lb-weight-capacity-black-24-x-42\/#primaryimage"},"thumbnailUrl":"https:\/\/ksproducts.ca\/wp-content\/uploads\/2026\/03\/Luxor-3-Shelf-Adjustable-Height-Steel-AV-Cart-with-pullout-tray-75lb-Weight-Capacity-Black-24-x-42-1.jpg","datePublished":"2026-03-13T13:05:27+00:00","dateModified":"2026-03-16T15:31:22+00:00","breadcrumb":{"@id":"https:\/\/ksproducts.ca\/product\/luxor-3-shelf-adjustable-height-steel-av-cart-with-pullout-tray-75lb-weight-capacity-black-24-x-42\/#breadcrumb"},"inLanguage":"fr-CA","potentialAction":[{"@type":"ReadAction","target":["https:\/\/ksproducts.ca\/product\/luxor-3-shelf-adjustable-height-steel-av-cart-with-pullout-tray-75lb-weight-capacity-black-24-x-42\/"]}]},{"@type":"ImageObject","inLanguage":"fr-CA","@id":"https:\/\/ksproducts.ca\/product\/luxor-3-shelf-adjustable-height-steel-av-cart-with-pullout-tray-75lb-weight-capacity-black-24-x-42\/#primaryimage","url":"https:\/\/ksproducts.ca\/wp-content\/uploads\/2026\/03\/Luxor-3-Shelf-Adjustable-Height-Steel-AV-Cart-with-pullout-tray-75lb-Weight-Capacity-Black-24-x-42-1.jpg","contentUrl":"https:\/\/ksproducts.ca\/wp-content\/uploads\/2026\/03\/Luxor-3-Shelf-Adjustable-Height-Steel-AV-Cart-with-pullout-tray-75lb-Weight-Capacity-Black-24-x-42-1.jpg","width":600,"height":600,"caption":"Luxor 3 Shelf Adjustable Height Steel AV Cart with pullout tray 75lb Weight Capacity Black 24 x 42"},{"@type":"BreadcrumbList","@id":"https:\/\/ksproducts.ca\/product\/luxor-3-shelf-adjustable-height-steel-av-cart-with-pullout-tray-75lb-weight-capacity-black-24-x-42\/#breadcrumb","itemListElement":[{"@type":"ListItem","position":1,"name":"Home","item":"https:\/\/ksproducts.ca\/"},{"@type":"ListItem","position":2,"name":"Shop","item":"https:\/\/ksproducts.ca\/shop\/"},{"@type":"ListItem","position":3,"name":"Luxor 3-Shelf Adjustable-Height Steel AV Cart with pullout tray &#8211; 75lb Weight Capacity &#8211; Black &#8211; 24 x 42"}]},{"@type":"WebSite","@id":"https:\/\/ksproducts.ca\/#website","url":"https:\/\/ksproducts.ca\/","name":"Produits Ks","description":"Cuisiner et vivre en plein air, c'est facile au Canada","publisher":{"@id":"https:\/\/ksproducts.ca\/#organization"},"potentialAction":[{"@type":"SearchAction","target":{"@type":"EntryPoint","urlTemplate":"https:\/\/ksproducts.ca\/?s={search_term_string}"},"query-input":{"@type":"PropertyValueSpecification","valueRequired":true,"valueName":"search_term_string"}}],"inLanguage":"fr-CA"},{"@type":"Organization","@id":"https:\/\/ksproducts.ca\/#organization","name":"Produits Ks","url":"https:\/\/ksproducts.ca\/","logo":{"@type":"ImageObject","inLanguage":"fr-CA","@id":"https:\/\/ksproducts.ca\/#\/schema\/logo\/image\/","url":"https:\/\/ksproducts.ca\/wp-content\/uploads\/2023\/09\/Kennedy-Sales-Logo-header-1.png","contentUrl":"https:\/\/ksproducts.ca\/wp-content\/uploads\/2023\/09\/Kennedy-Sales-Logo-header-1.png","width":150,"height":77,"caption":"Ks Products"},"image":{"@id":"https:\/\/ksproducts.ca\/#\/schema\/logo\/image\/"}}]}},"_links":{"self":[{"href":"https:\/\/ksproducts.ca\/fr\/wp-json\/wp\/v2\/product\/12580","targetHints":{"allow":["GET"]}}],"collection":[{"href":"https:\/\/ksproducts.ca\/fr\/wp-json\/wp\/v2\/product"}],"about":[{"href":"https:\/\/ksproducts.ca\/fr\/wp-json\/wp\/v2\/types\/product"}],"replies":[{"embeddable":true,"href":"https:\/\/ksproducts.ca\/fr\/wp-json\/wp\/v2\/comments?post=12580"}],"version-history":[{"count":2,"href":"https:\/\/ksproducts.ca\/fr\/wp-json\/wp\/v2\/product\/12580\/revisions"}],"predecessor-version":[{"id":12587,"href":"https:\/\/ksproducts.ca\/fr\/wp-json\/wp\/v2\/product\/12580\/revisions\/12587"}],"wp:featuredmedia":[{"embeddable":true,"href":"https:\/\/ksproducts.ca\/fr\/wp-json\/wp\/v2\/media\/12586"}],"wp:attachment":[{"href":"https:\/\/ksproducts.ca\/fr\/wp-json\/wp\/v2\/media?parent=12580"}],"wp:term":[{"taxonomy":"product_cat","embeddable":true,"href":"https:\/\/ksproducts.ca\/fr\/wp-json\/wp\/v2\/product_cat?post=12580"},{"taxonomy":"product_tag","embeddable":true,"href":"https:\/\/ksproducts.ca\/fr\/wp-json\/wp\/v2\/product_tag?post=12580"}],"curies":[{"name":"wp","href":"https:\/\/api.w.org\/{rel}","templated":true}]}}