{"id":12583,"date":"2026-03-13T13:09:06","date_gmt":"2026-03-13T13:09:06","guid":{"rendered":"https:\/\/ksproducts.ca\/?post_type=product&#038;p=12583"},"modified":"2026-03-13T13:09:07","modified_gmt":"2026-03-13T13:09:07","slug":"luxor-42inch-3-shelf-heavy-duty-plastic-utility-cart-with-3-flat-shelves-300lb-weight-capacity-black-24-x-18","status":"publish","type":"product","link":"https:\/\/ksproducts.ca\/fr\/product\/luxor-42inch-3-shelf-heavy-duty-plastic-utility-cart-with-3-flat-shelves-300lb-weight-capacity-black-24-x-18\/","title":{"rendered":"Luxor 42inch 3-Shelf Heavy Duty Plastic Cart with 3 Flat Shelves - 300lb Weight Capacity - Black - 24 x 18"},"content":{"rendered":"<ul>\n<li>Chariot utilitaire polyvalent parfait pour une vari\u00e9t\u00e9 d'applications commerciales ou \u00e9ducatives<\/li>\n<li>Fabriqu\u00e9es en plastique recycl\u00e9 moul\u00e9, les tablettes ne s'\u00e9caillent pas, ne se d\u00e9forment pas, ne se rayent pas, ne rouillent pas et ne s'\u00e9pluchent pas.<\/li>\n<li>Trois \u00e9tag\u00e8res plates de 1,5\u2033 d'\u00e9paisseur avec des surfaces textur\u00e9es et sur\u00e9lev\u00e9es garantissent un glissement minimal.<\/li>\n<li>.25\u2033 l\u00e8vre de retenue bordures tablettes plates<\/li>\n<li>Les pieds mesurent 1,5\u2033 de c\u00f4t\u00e9<\/li>\n<li>Poign\u00e9e de pouss\u00e9e ergonomique moul\u00e9e dans le plateau sup\u00e9rieur pour une meilleure maniabilit\u00e9<\/li>\n<li>Chariot roulant avec quatre roulettes robustes de 4\u2033 \u00e0 roulement silencieux, enti\u00e8rement pivotantes, dont deux avec frein de blocage.<\/li>\n<li>Disponible avec un tiroir de rangement, un ensemble \u00e9lectrique \u00e0 trois sorties r\u00e9pertori\u00e9 UL, une \u00e9tag\u00e8re \u00e0 clavier extractible et\/ou une armoire en acier verrouillable.<\/li>\n<\/ul>","protected":false},"excerpt":{"rendered":"<p>Fabriqu\u00e9 en plastique moul\u00e9 recycl\u00e9, ce chariot utilitaire durable ne se raye pas, ne se cabosse pas, ne rouille pas et ne se tache pas. Chacune des trois \u00e9tag\u00e8res plates de 1,5\u2033 d'\u00e9paisseur est dot\u00e9e d'un rebord de retenue de 0,25\u2033 et d'une surface textur\u00e9e pour emp\u00eacher le contenu de glisser pendant l'utilisation ou le transport. Les pieds carr\u00e9s offrent un support solide, et quatre roulettes \u00e0 roulement \u00e0 billes de 4\u2033 (avec deux freins de blocage), associ\u00e9es \u00e0 une poign\u00e9e de pouss\u00e9e moul\u00e9e dans l'\u00e9tag\u00e8re sup\u00e9rieure, permettent un transport facile.<\/p>","protected":false},"featured_media":12584,"comment_status":"open","ping_status":"closed","template":"","meta":[],"product_cat":[433],"product_tag":[],"class_list":{"0":"post-12583","1":"product","2":"type-product","3":"status-publish","4":"has-post-thumbnail","6":"product_cat-utility-carts","7":"product_shipping_class-class-1","9":"first","10":"instock","11":"taxable","12":"shipping-taxable","13":"purchasable","14":"product-type-simple"},"yoast_head":"<!-- This site is optimized with the Yoast SEO plugin v27.3 - https:\/\/yoast.com\/product\/yoast-seo-wordpress\/ -->\n<title>Luxor 42inch 3-Shelf Heavy Duty Plastic Utility Cart with 3 Flat Shelves - 300lb Weight Capacity - Black - 24 x 18 - Ks Products<\/title>\n<meta name=\"robots\" content=\"index, follow, max-snippet:-1, max-image-preview:large, max-video-preview:-1\" \/>\n<link rel=\"canonical\" href=\"https:\/\/ksproducts.ca\/fr\/product\/luxor-42inch-3-shelf-heavy-duty-plastic-utility-cart-with-3-flat-shelves-300lb-weight-capacity-black-24-x-18\/\" \/>\n<meta property=\"og:locale\" content=\"fr_CA\" \/>\n<meta property=\"og:type\" content=\"article\" \/>\n<meta property=\"og:title\" content=\"Luxor 42inch 3-Shelf Heavy Duty Plastic Utility Cart with 3 Flat Shelves - 300lb Weight Capacity - Black - 24 x 18 - Ks Products\" \/>\n<meta property=\"og:description\" content=\"Made from recycled molded plastic, this durable utility cart will not scratch, dent, rust, or stain. Each of the three 1.5&quot;-thick flat shelves has a .25&quot; retaining lip and a textured surface to keep contents from sliding during use or transport. Square legs provide sturdy support, and four 4&quot; ball bearing casters (with two locking brakes), coupled with a push handle molded into the top shelf, allow for easy transport.\" \/>\n<meta property=\"og:url\" content=\"https:\/\/ksproducts.ca\/fr\/product\/luxor-42inch-3-shelf-heavy-duty-plastic-utility-cart-with-3-flat-shelves-300lb-weight-capacity-black-24-x-18\/\" \/>\n<meta property=\"og:site_name\" content=\"Ks Products\" \/>\n<meta property=\"article:modified_time\" content=\"2026-03-13T13:09:07+00:00\" \/>\n<meta property=\"og:image\" content=\"https:\/\/ksproducts.ca\/wp-content\/uploads\/2026\/03\/Luxor-42inch-3-Shelf-Heavy-Duty-Plastic-Utility-Cart-with-3-Flat-Shelves-300lb-Weight-Capacity-Black-24-x-18.jpg\" \/>\n\t<meta property=\"og:image:width\" content=\"600\" \/>\n\t<meta property=\"og:image:height\" content=\"600\" \/>\n\t<meta property=\"og:image:type\" content=\"image\/jpeg\" \/>\n<meta name=\"twitter:card\" content=\"summary_large_image\" \/>\n<meta name=\"twitter:label1\" content=\"Estimation du temps de lecture\" \/>\n\t<meta name=\"twitter:data1\" content=\"1 minute\" \/>\n<script type=\"application\/ld+json\" class=\"yoast-schema-graph\">{\"@context\":\"https:\\\/\\\/schema.org\",\"@graph\":[{\"@type\":\"WebPage\",\"@id\":\"https:\\\/\\\/ksproducts.ca\\\/product\\\/luxor-42inch-3-shelf-heavy-duty-plastic-utility-cart-with-3-flat-shelves-300lb-weight-capacity-black-24-x-18\\\/\",\"url\":\"https:\\\/\\\/ksproducts.ca\\\/product\\\/luxor-42inch-3-shelf-heavy-duty-plastic-utility-cart-with-3-flat-shelves-300lb-weight-capacity-black-24-x-18\\\/\",\"name\":\"Luxor 42inch 3-Shelf Heavy Duty Plastic Utility Cart with 3 Flat Shelves - 300lb Weight Capacity - Black - 24 x 18 - Ks Products\",\"isPartOf\":{\"@id\":\"https:\\\/\\\/ksproducts.ca\\\/#website\"},\"primaryImageOfPage\":{\"@id\":\"https:\\\/\\\/ksproducts.ca\\\/product\\\/luxor-42inch-3-shelf-heavy-duty-plastic-utility-cart-with-3-flat-shelves-300lb-weight-capacity-black-24-x-18\\\/#primaryimage\"},\"image\":{\"@id\":\"https:\\\/\\\/ksproducts.ca\\\/product\\\/luxor-42inch-3-shelf-heavy-duty-plastic-utility-cart-with-3-flat-shelves-300lb-weight-capacity-black-24-x-18\\\/#primaryimage\"},\"thumbnailUrl\":\"https:\\\/\\\/ksproducts.ca\\\/wp-content\\\/uploads\\\/2026\\\/03\\\/Luxor-42inch-3-Shelf-Heavy-Duty-Plastic-Utility-Cart-with-3-Flat-Shelves-300lb-Weight-Capacity-Black-24-x-18.jpg\",\"datePublished\":\"2026-03-13T13:09:06+00:00\",\"dateModified\":\"2026-03-13T13:09:07+00:00\",\"breadcrumb\":{\"@id\":\"https:\\\/\\\/ksproducts.ca\\\/product\\\/luxor-42inch-3-shelf-heavy-duty-plastic-utility-cart-with-3-flat-shelves-300lb-weight-capacity-black-24-x-18\\\/#breadcrumb\"},\"inLanguage\":\"fr-CA\",\"potentialAction\":[{\"@type\":\"ReadAction\",\"target\":[\"https:\\\/\\\/ksproducts.ca\\\/product\\\/luxor-42inch-3-shelf-heavy-duty-plastic-utility-cart-with-3-flat-shelves-300lb-weight-capacity-black-24-x-18\\\/\"]}]},{\"@type\":\"ImageObject\",\"inLanguage\":\"fr-CA\",\"@id\":\"https:\\\/\\\/ksproducts.ca\\\/product\\\/luxor-42inch-3-shelf-heavy-duty-plastic-utility-cart-with-3-flat-shelves-300lb-weight-capacity-black-24-x-18\\\/#primaryimage\",\"url\":\"https:\\\/\\\/ksproducts.ca\\\/wp-content\\\/uploads\\\/2026\\\/03\\\/Luxor-42inch-3-Shelf-Heavy-Duty-Plastic-Utility-Cart-with-3-Flat-Shelves-300lb-Weight-Capacity-Black-24-x-18.jpg\",\"contentUrl\":\"https:\\\/\\\/ksproducts.ca\\\/wp-content\\\/uploads\\\/2026\\\/03\\\/Luxor-42inch-3-Shelf-Heavy-Duty-Plastic-Utility-Cart-with-3-Flat-Shelves-300lb-Weight-Capacity-Black-24-x-18.jpg\",\"width\":600,\"height\":600,\"caption\":\"Luxor 42inch 3 Shelf Heavy Duty Plastic Utility Cart with 3 Flat Shelves 300lb Weight Capacity Black 24 x 18\"},{\"@type\":\"BreadcrumbList\",\"@id\":\"https:\\\/\\\/ksproducts.ca\\\/product\\\/luxor-42inch-3-shelf-heavy-duty-plastic-utility-cart-with-3-flat-shelves-300lb-weight-capacity-black-24-x-18\\\/#breadcrumb\",\"itemListElement\":[{\"@type\":\"ListItem\",\"position\":1,\"name\":\"Home\",\"item\":\"https:\\\/\\\/ksproducts.ca\\\/\"},{\"@type\":\"ListItem\",\"position\":2,\"name\":\"Shop\",\"item\":\"https:\\\/\\\/ksproducts.ca\\\/shop\\\/\"},{\"@type\":\"ListItem\",\"position\":3,\"name\":\"Luxor 42inch 3-Shelf Heavy Duty Plastic Utility Cart with 3 Flat Shelves &#8211; 300lb Weight Capacity &#8211; Black &#8211; 24 x 18\"}]},{\"@type\":\"WebSite\",\"@id\":\"https:\\\/\\\/ksproducts.ca\\\/#website\",\"url\":\"https:\\\/\\\/ksproducts.ca\\\/\",\"name\":\"Ks Products\",\"description\":\"Outdoor cooking and living, made easy in Canada\",\"publisher\":{\"@id\":\"https:\\\/\\\/ksproducts.ca\\\/#organization\"},\"potentialAction\":[{\"@type\":\"SearchAction\",\"target\":{\"@type\":\"EntryPoint\",\"urlTemplate\":\"https:\\\/\\\/ksproducts.ca\\\/?s={search_term_string}\"},\"query-input\":{\"@type\":\"PropertyValueSpecification\",\"valueRequired\":true,\"valueName\":\"search_term_string\"}}],\"inLanguage\":\"fr-CA\"},{\"@type\":\"Organization\",\"@id\":\"https:\\\/\\\/ksproducts.ca\\\/#organization\",\"name\":\"Ks Products\",\"url\":\"https:\\\/\\\/ksproducts.ca\\\/\",\"logo\":{\"@type\":\"ImageObject\",\"inLanguage\":\"fr-CA\",\"@id\":\"https:\\\/\\\/ksproducts.ca\\\/#\\\/schema\\\/logo\\\/image\\\/\",\"url\":\"https:\\\/\\\/ksproducts.ca\\\/wp-content\\\/uploads\\\/2023\\\/09\\\/Kennedy-Sales-Logo-header-1.png\",\"contentUrl\":\"https:\\\/\\\/ksproducts.ca\\\/wp-content\\\/uploads\\\/2023\\\/09\\\/Kennedy-Sales-Logo-header-1.png\",\"width\":150,\"height\":77,\"caption\":\"Ks Products\"},\"image\":{\"@id\":\"https:\\\/\\\/ksproducts.ca\\\/#\\\/schema\\\/logo\\\/image\\\/\"}}]}<\/script>\n<!-- \/ Yoast SEO plugin. -->","yoast_head_json":{"title":"Luxor 42inch 3-Shelf Heavy Duty Plastic Cart with 3 Flat Shelves - 300lb Weight Capacity - Black - 24 x 18 - Ks Products","robots":{"index":"index","follow":"follow","max-snippet":"max-snippet:-1","max-image-preview":"max-image-preview:large","max-video-preview":"max-video-preview:-1"},"canonical":"https:\/\/ksproducts.ca\/fr\/product\/luxor-42inch-3-shelf-heavy-duty-plastic-utility-cart-with-3-flat-shelves-300lb-weight-capacity-black-24-x-18\/","og_locale":"fr_CA","og_type":"article","og_title":"Luxor 42inch 3-Shelf Heavy Duty Plastic Utility Cart with 3 Flat Shelves - 300lb Weight Capacity - Black - 24 x 18 - Ks Products","og_description":"Made from recycled molded plastic, this durable utility cart will not scratch, dent, rust, or stain. Each of the three 1.5\"-thick flat shelves has a .25\" retaining lip and a textured surface to keep contents from sliding during use or transport. Square legs provide sturdy support, and four 4\" ball bearing casters (with two locking brakes), coupled with a push handle molded into the top shelf, allow for easy transport.","og_url":"https:\/\/ksproducts.ca\/fr\/product\/luxor-42inch-3-shelf-heavy-duty-plastic-utility-cart-with-3-flat-shelves-300lb-weight-capacity-black-24-x-18\/","og_site_name":"Ks Products","article_modified_time":"2026-03-13T13:09:07+00:00","og_image":[{"width":600,"height":600,"url":"https:\/\/ksproducts.ca\/wp-content\/uploads\/2026\/03\/Luxor-42inch-3-Shelf-Heavy-Duty-Plastic-Utility-Cart-with-3-Flat-Shelves-300lb-Weight-Capacity-Black-24-x-18.jpg","type":"image\/jpeg"}],"twitter_card":"summary_large_image","twitter_misc":{"Estimation du temps de lecture":"1 minute"},"schema":{"@context":"https:\/\/schema.org","@graph":[{"@type":"WebPage","@id":"https:\/\/ksproducts.ca\/product\/luxor-42inch-3-shelf-heavy-duty-plastic-utility-cart-with-3-flat-shelves-300lb-weight-capacity-black-24-x-18\/","url":"https:\/\/ksproducts.ca\/product\/luxor-42inch-3-shelf-heavy-duty-plastic-utility-cart-with-3-flat-shelves-300lb-weight-capacity-black-24-x-18\/","name":"Luxor 42inch 3-Shelf Heavy Duty Plastic Cart with 3 Flat Shelves - 300lb Weight Capacity - Black - 24 x 18 - Ks Products","isPartOf":{"@id":"https:\/\/ksproducts.ca\/#website"},"primaryImageOfPage":{"@id":"https:\/\/ksproducts.ca\/product\/luxor-42inch-3-shelf-heavy-duty-plastic-utility-cart-with-3-flat-shelves-300lb-weight-capacity-black-24-x-18\/#primaryimage"},"image":{"@id":"https:\/\/ksproducts.ca\/product\/luxor-42inch-3-shelf-heavy-duty-plastic-utility-cart-with-3-flat-shelves-300lb-weight-capacity-black-24-x-18\/#primaryimage"},"thumbnailUrl":"https:\/\/ksproducts.ca\/wp-content\/uploads\/2026\/03\/Luxor-42inch-3-Shelf-Heavy-Duty-Plastic-Utility-Cart-with-3-Flat-Shelves-300lb-Weight-Capacity-Black-24-x-18.jpg","datePublished":"2026-03-13T13:09:06+00:00","dateModified":"2026-03-13T13:09:07+00:00","breadcrumb":{"@id":"https:\/\/ksproducts.ca\/product\/luxor-42inch-3-shelf-heavy-duty-plastic-utility-cart-with-3-flat-shelves-300lb-weight-capacity-black-24-x-18\/#breadcrumb"},"inLanguage":"fr-CA","potentialAction":[{"@type":"ReadAction","target":["https:\/\/ksproducts.ca\/product\/luxor-42inch-3-shelf-heavy-duty-plastic-utility-cart-with-3-flat-shelves-300lb-weight-capacity-black-24-x-18\/"]}]},{"@type":"ImageObject","inLanguage":"fr-CA","@id":"https:\/\/ksproducts.ca\/product\/luxor-42inch-3-shelf-heavy-duty-plastic-utility-cart-with-3-flat-shelves-300lb-weight-capacity-black-24-x-18\/#primaryimage","url":"https:\/\/ksproducts.ca\/wp-content\/uploads\/2026\/03\/Luxor-42inch-3-Shelf-Heavy-Duty-Plastic-Utility-Cart-with-3-Flat-Shelves-300lb-Weight-Capacity-Black-24-x-18.jpg","contentUrl":"https:\/\/ksproducts.ca\/wp-content\/uploads\/2026\/03\/Luxor-42inch-3-Shelf-Heavy-Duty-Plastic-Utility-Cart-with-3-Flat-Shelves-300lb-Weight-Capacity-Black-24-x-18.jpg","width":600,"height":600,"caption":"Luxor 42inch 3 Shelf Heavy Duty Plastic Utility Cart with 3 Flat Shelves 300lb Weight Capacity Black 24 x 18"},{"@type":"BreadcrumbList","@id":"https:\/\/ksproducts.ca\/product\/luxor-42inch-3-shelf-heavy-duty-plastic-utility-cart-with-3-flat-shelves-300lb-weight-capacity-black-24-x-18\/#breadcrumb","itemListElement":[{"@type":"ListItem","position":1,"name":"Home","item":"https:\/\/ksproducts.ca\/"},{"@type":"ListItem","position":2,"name":"Shop","item":"https:\/\/ksproducts.ca\/shop\/"},{"@type":"ListItem","position":3,"name":"Luxor 42inch 3-Shelf Heavy Duty Plastic Utility Cart with 3 Flat Shelves &#8211; 300lb Weight Capacity &#8211; Black &#8211; 24 x 18"}]},{"@type":"WebSite","@id":"https:\/\/ksproducts.ca\/#website","url":"https:\/\/ksproducts.ca\/","name":"Produits Ks","description":"Cuisiner et vivre en plein air, c'est facile au Canada","publisher":{"@id":"https:\/\/ksproducts.ca\/#organization"},"potentialAction":[{"@type":"SearchAction","target":{"@type":"EntryPoint","urlTemplate":"https:\/\/ksproducts.ca\/?s={search_term_string}"},"query-input":{"@type":"PropertyValueSpecification","valueRequired":true,"valueName":"search_term_string"}}],"inLanguage":"fr-CA"},{"@type":"Organization","@id":"https:\/\/ksproducts.ca\/#organization","name":"Produits Ks","url":"https:\/\/ksproducts.ca\/","logo":{"@type":"ImageObject","inLanguage":"fr-CA","@id":"https:\/\/ksproducts.ca\/#\/schema\/logo\/image\/","url":"https:\/\/ksproducts.ca\/wp-content\/uploads\/2023\/09\/Kennedy-Sales-Logo-header-1.png","contentUrl":"https:\/\/ksproducts.ca\/wp-content\/uploads\/2023\/09\/Kennedy-Sales-Logo-header-1.png","width":150,"height":77,"caption":"Ks Products"},"image":{"@id":"https:\/\/ksproducts.ca\/#\/schema\/logo\/image\/"}}]}},"_links":{"self":[{"href":"https:\/\/ksproducts.ca\/fr\/wp-json\/wp\/v2\/product\/12583","targetHints":{"allow":["GET"]}}],"collection":[{"href":"https:\/\/ksproducts.ca\/fr\/wp-json\/wp\/v2\/product"}],"about":[{"href":"https:\/\/ksproducts.ca\/fr\/wp-json\/wp\/v2\/types\/product"}],"replies":[{"embeddable":true,"href":"https:\/\/ksproducts.ca\/fr\/wp-json\/wp\/v2\/comments?post=12583"}],"version-history":[{"count":1,"href":"https:\/\/ksproducts.ca\/fr\/wp-json\/wp\/v2\/product\/12583\/revisions"}],"predecessor-version":[{"id":12585,"href":"https:\/\/ksproducts.ca\/fr\/wp-json\/wp\/v2\/product\/12583\/revisions\/12585"}],"wp:featuredmedia":[{"embeddable":true,"href":"https:\/\/ksproducts.ca\/fr\/wp-json\/wp\/v2\/media\/12584"}],"wp:attachment":[{"href":"https:\/\/ksproducts.ca\/fr\/wp-json\/wp\/v2\/media?parent=12583"}],"wp:term":[{"taxonomy":"product_cat","embeddable":true,"href":"https:\/\/ksproducts.ca\/fr\/wp-json\/wp\/v2\/product_cat?post=12583"},{"taxonomy":"product_tag","embeddable":true,"href":"https:\/\/ksproducts.ca\/fr\/wp-json\/wp\/v2\/product_tag?post=12583"}],"curies":[{"name":"wp","href":"https:\/\/api.w.org\/{rel}","templated":true}]}}