{"id":12589,"date":"2026-03-13T13:20:01","date_gmt":"2026-03-13T13:20:01","guid":{"rendered":"https:\/\/ksproducts.ca\/?post_type=product&#038;p=12589"},"modified":"2026-03-16T15:32:28","modified_gmt":"2026-03-16T15:32:28","slug":"luxor-42inch-3-shelf-heavy-duty-plastic-utility-cart-with-3-flat-shelves-300lb-weight-capacity-black-24-x-18-2","status":"publish","type":"product","link":"https:\/\/ksproducts.ca\/fr\/product\/luxor-42inch-3-shelf-heavy-duty-plastic-utility-cart-with-3-flat-shelves-300lb-weight-capacity-black-24-x-18-2\/","title":{"rendered":"Luxor 42inch 3-Shelf Heavy Duty Plastic Cart with 3 Flat Shelves - 300lb Weight Capacity - Black - 24 x 18"},"content":{"rendered":"<ul>\n<li>Chariot utilitaire polyvalent parfait pour une vari\u00e9t\u00e9 d'applications commerciales et \u00e9ducatives<\/li>\n<li>Fabriqu\u00e9es en plastique recycl\u00e9 moul\u00e9, les tablettes ne s'\u00e9caillent pas, ne se d\u00e9forment pas, ne se rayent pas, ne rouillent pas et ne s'\u00e9pluchent pas.<\/li>\n<li>Trois \u00e9tag\u00e8res plates de 1,5\u2033 d'\u00e9paisseur avec une surface sur\u00e9lev\u00e9e et textur\u00e9e pour minimiser les glissements.<\/li>\n<li>.25\u2033 l\u00e8vre de retenue bordures tablettes plates<\/li>\n<li>Les pieds mesurent 1,5\u2033 de c\u00f4t\u00e9<\/li>\n<li>Poign\u00e9e de pouss\u00e9e ergonomique moul\u00e9e dans le plateau sup\u00e9rieur pour une meilleure maniabilit\u00e9<\/li>\n<li>Chariot roulant avec quatre roulettes robustes de 4\u2033 \u00e0 roulement silencieux, enti\u00e8rement pivotantes, dont deux avec frein de blocage.<\/li>\n<li>Ensemble \u00e9lectrique encastr\u00e9 \u00e0 trois prises, r\u00e9pertori\u00e9 UL, avec cordon de 15\u2032, enrouleur de cordon int\u00e9gr\u00e9 et trois clips de gestion des c\u00e2bles.<\/li>\n<li>Disponible avec un tiroir de rangement et\/ou une armoire en acier verrouill\u00e9e<\/li>\n<\/ul>","protected":false},"excerpt":{"rendered":"<p>Fabriqu\u00e9 en plastique moul\u00e9 recycl\u00e9, ce chariot utilitaire durable ne se raye pas, ne se cabosse pas, ne rouille pas et ne se tache pas. Chacune des trois \u00e9tag\u00e8res plates de 1,5\u2033 d'\u00e9paisseur est dot\u00e9e d'un rebord de retenue de 0,25\u2033 et d'une surface textur\u00e9e pour emp\u00eacher le contenu de glisser pendant l'utilisation ou le transport. L'\u00e9tag\u00e8re sup\u00e9rieure est dot\u00e9e d'une prise \u00e9lectrique encastr\u00e9e \u00e0 trois sorties, homologu\u00e9e UL, pour un acc\u00e8s pratique \u00e0 l'\u00e9lectricit\u00e9. Les pieds carr\u00e9s offrent un support solide et quatre roulettes \u00e0 roulement \u00e0 billes de 4\u2033 (avec deux freins de blocage) coupl\u00e9es \u00e0 une poign\u00e9e de pouss\u00e9e moul\u00e9e dans l'\u00e9tag\u00e8re sup\u00e9rieure permettent un transport facile d'un endroit \u00e0 l'autre.<\/p>","protected":false},"featured_media":12591,"comment_status":"open","ping_status":"closed","template":"","meta":[],"product_cat":[433],"product_tag":[],"class_list":{"0":"post-12589","1":"product","2":"type-product","3":"status-publish","4":"has-post-thumbnail","6":"product_cat-utility-carts","7":"product_shipping_class-class-3","9":"first","10":"instock","11":"taxable","12":"shipping-taxable","13":"purchasable","14":"product-type-simple"},"yoast_head":"<!-- This site is optimized with the Yoast SEO plugin v27.4 - https:\/\/yoast.com\/product\/yoast-seo-wordpress\/ -->\n<title>Luxor 42inch 3-Shelf Heavy Duty Plastic Utility Cart with 3 Flat Shelves - 300lb Weight Capacity - Black - 24 x 18 - Ks Products<\/title>\n<meta name=\"robots\" content=\"index, follow, max-snippet:-1, max-image-preview:large, max-video-preview:-1\" \/>\n<link rel=\"canonical\" href=\"https:\/\/ksproducts.ca\/fr\/product\/luxor-42inch-3-shelf-heavy-duty-plastic-utility-cart-with-3-flat-shelves-300lb-weight-capacity-black-24-x-18-2\/\" \/>\n<meta property=\"og:locale\" content=\"fr_CA\" \/>\n<meta property=\"og:type\" content=\"article\" \/>\n<meta property=\"og:title\" content=\"Luxor 42inch 3-Shelf Heavy Duty Plastic Utility Cart with 3 Flat Shelves - 300lb Weight Capacity - Black - 24 x 18 - Ks Products\" \/>\n<meta property=\"og:description\" content=\"Made from recycled molded plastic, this durable utility cart will not scratch, dent, rust, or stain. Each of the three 1.5&quot;-thick flat shelves has a .25&quot; retaining lip and a textured surface to keep contents from sliding during use or transport. The top shelf has a recessed, three-outlet UL-listed electrical assembly for convenient power access. Square legs provide sturdy support and four 4&quot; ball bearing casters (with two locking brakes) coupled with a push handle molded into the top shelf allow easy transport from place to place\" \/>\n<meta property=\"og:url\" content=\"https:\/\/ksproducts.ca\/fr\/product\/luxor-42inch-3-shelf-heavy-duty-plastic-utility-cart-with-3-flat-shelves-300lb-weight-capacity-black-24-x-18-2\/\" \/>\n<meta property=\"og:site_name\" content=\"Ks Products\" \/>\n<meta property=\"article:modified_time\" content=\"2026-03-16T15:32:28+00:00\" \/>\n<meta property=\"og:image\" content=\"https:\/\/ksproducts.ca\/wp-content\/uploads\/2026\/03\/Luxor-42inch-3-Shelf-Heavy-Duty-Plastic-Utility-Cart-with-3-Flat-Shelves-and-3-Outlet-Electric-Assembly-with-15-Cord-300lb-Weight-Capacity-Black.jpg\" \/>\n\t<meta property=\"og:image:width\" content=\"600\" \/>\n\t<meta property=\"og:image:height\" content=\"600\" \/>\n\t<meta property=\"og:image:type\" content=\"image\/jpeg\" \/>\n<meta name=\"twitter:card\" content=\"summary_large_image\" \/>\n<meta name=\"twitter:label1\" content=\"Estimation du temps de lecture\" \/>\n\t<meta name=\"twitter:data1\" content=\"1 minute\" \/>\n<script type=\"application\/ld+json\" class=\"yoast-schema-graph\">{\"@context\":\"https:\\\/\\\/schema.org\",\"@graph\":[{\"@type\":\"WebPage\",\"@id\":\"https:\\\/\\\/ksproducts.ca\\\/product\\\/luxor-42inch-3-shelf-heavy-duty-plastic-utility-cart-with-3-flat-shelves-300lb-weight-capacity-black-24-x-18-2\\\/\",\"url\":\"https:\\\/\\\/ksproducts.ca\\\/product\\\/luxor-42inch-3-shelf-heavy-duty-plastic-utility-cart-with-3-flat-shelves-300lb-weight-capacity-black-24-x-18-2\\\/\",\"name\":\"Luxor 42inch 3-Shelf Heavy Duty Plastic Utility Cart with 3 Flat Shelves - 300lb Weight Capacity - Black - 24 x 18 - Ks Products\",\"isPartOf\":{\"@id\":\"https:\\\/\\\/ksproducts.ca\\\/#website\"},\"primaryImageOfPage\":{\"@id\":\"https:\\\/\\\/ksproducts.ca\\\/product\\\/luxor-42inch-3-shelf-heavy-duty-plastic-utility-cart-with-3-flat-shelves-300lb-weight-capacity-black-24-x-18-2\\\/#primaryimage\"},\"image\":{\"@id\":\"https:\\\/\\\/ksproducts.ca\\\/product\\\/luxor-42inch-3-shelf-heavy-duty-plastic-utility-cart-with-3-flat-shelves-300lb-weight-capacity-black-24-x-18-2\\\/#primaryimage\"},\"thumbnailUrl\":\"https:\\\/\\\/ksproducts.ca\\\/wp-content\\\/uploads\\\/2026\\\/03\\\/Luxor-42inch-3-Shelf-Heavy-Duty-Plastic-Utility-Cart-with-3-Flat-Shelves-and-3-Outlet-Electric-Assembly-with-15-Cord-300lb-Weight-Capacity-Black.jpg\",\"datePublished\":\"2026-03-13T13:20:01+00:00\",\"dateModified\":\"2026-03-16T15:32:28+00:00\",\"breadcrumb\":{\"@id\":\"https:\\\/\\\/ksproducts.ca\\\/product\\\/luxor-42inch-3-shelf-heavy-duty-plastic-utility-cart-with-3-flat-shelves-300lb-weight-capacity-black-24-x-18-2\\\/#breadcrumb\"},\"inLanguage\":\"fr-CA\",\"potentialAction\":[{\"@type\":\"ReadAction\",\"target\":[\"https:\\\/\\\/ksproducts.ca\\\/product\\\/luxor-42inch-3-shelf-heavy-duty-plastic-utility-cart-with-3-flat-shelves-300lb-weight-capacity-black-24-x-18-2\\\/\"]}]},{\"@type\":\"ImageObject\",\"inLanguage\":\"fr-CA\",\"@id\":\"https:\\\/\\\/ksproducts.ca\\\/product\\\/luxor-42inch-3-shelf-heavy-duty-plastic-utility-cart-with-3-flat-shelves-300lb-weight-capacity-black-24-x-18-2\\\/#primaryimage\",\"url\":\"https:\\\/\\\/ksproducts.ca\\\/wp-content\\\/uploads\\\/2026\\\/03\\\/Luxor-42inch-3-Shelf-Heavy-Duty-Plastic-Utility-Cart-with-3-Flat-Shelves-and-3-Outlet-Electric-Assembly-with-15-Cord-300lb-Weight-Capacity-Black.jpg\",\"contentUrl\":\"https:\\\/\\\/ksproducts.ca\\\/wp-content\\\/uploads\\\/2026\\\/03\\\/Luxor-42inch-3-Shelf-Heavy-Duty-Plastic-Utility-Cart-with-3-Flat-Shelves-and-3-Outlet-Electric-Assembly-with-15-Cord-300lb-Weight-Capacity-Black.jpg\",\"width\":600,\"height\":600,\"caption\":\"Luxor 42inch 3 Shelf Heavy Duty Plastic Utility Cart with 3 Flat Shelves and 3 Outlet Electric Assembly with 15' Cord 300lb Weight Capacity Black\"},{\"@type\":\"BreadcrumbList\",\"@id\":\"https:\\\/\\\/ksproducts.ca\\\/product\\\/luxor-42inch-3-shelf-heavy-duty-plastic-utility-cart-with-3-flat-shelves-300lb-weight-capacity-black-24-x-18-2\\\/#breadcrumb\",\"itemListElement\":[{\"@type\":\"ListItem\",\"position\":1,\"name\":\"Home\",\"item\":\"https:\\\/\\\/ksproducts.ca\\\/\"},{\"@type\":\"ListItem\",\"position\":2,\"name\":\"Shop\",\"item\":\"https:\\\/\\\/ksproducts.ca\\\/shop\\\/\"},{\"@type\":\"ListItem\",\"position\":3,\"name\":\"Luxor 42inch 3-Shelf Heavy Duty Plastic Utility Cart with 3 Flat Shelves &#8211; 300lb Weight Capacity &#8211; Black &#8211; 24 x 18\"}]},{\"@type\":\"WebSite\",\"@id\":\"https:\\\/\\\/ksproducts.ca\\\/#website\",\"url\":\"https:\\\/\\\/ksproducts.ca\\\/\",\"name\":\"Ks Products\",\"description\":\"Outdoor cooking and living, made easy in Canada\",\"publisher\":{\"@id\":\"https:\\\/\\\/ksproducts.ca\\\/#organization\"},\"potentialAction\":[{\"@type\":\"SearchAction\",\"target\":{\"@type\":\"EntryPoint\",\"urlTemplate\":\"https:\\\/\\\/ksproducts.ca\\\/?s={search_term_string}\"},\"query-input\":{\"@type\":\"PropertyValueSpecification\",\"valueRequired\":true,\"valueName\":\"search_term_string\"}}],\"inLanguage\":\"fr-CA\"},{\"@type\":\"Organization\",\"@id\":\"https:\\\/\\\/ksproducts.ca\\\/#organization\",\"name\":\"Ks Products\",\"url\":\"https:\\\/\\\/ksproducts.ca\\\/\",\"logo\":{\"@type\":\"ImageObject\",\"inLanguage\":\"fr-CA\",\"@id\":\"https:\\\/\\\/ksproducts.ca\\\/#\\\/schema\\\/logo\\\/image\\\/\",\"url\":\"https:\\\/\\\/ksproducts.ca\\\/wp-content\\\/uploads\\\/2023\\\/09\\\/Kennedy-Sales-Logo-header-1.png\",\"contentUrl\":\"https:\\\/\\\/ksproducts.ca\\\/wp-content\\\/uploads\\\/2023\\\/09\\\/Kennedy-Sales-Logo-header-1.png\",\"width\":150,\"height\":77,\"caption\":\"Ks Products\"},\"image\":{\"@id\":\"https:\\\/\\\/ksproducts.ca\\\/#\\\/schema\\\/logo\\\/image\\\/\"}}]}<\/script>\n<!-- \/ Yoast SEO plugin. -->","yoast_head_json":{"title":"Luxor 42inch 3-Shelf Heavy Duty Plastic Cart with 3 Flat Shelves - 300lb Weight Capacity - Black - 24 x 18 - Ks Products","robots":{"index":"index","follow":"follow","max-snippet":"max-snippet:-1","max-image-preview":"max-image-preview:large","max-video-preview":"max-video-preview:-1"},"canonical":"https:\/\/ksproducts.ca\/fr\/product\/luxor-42inch-3-shelf-heavy-duty-plastic-utility-cart-with-3-flat-shelves-300lb-weight-capacity-black-24-x-18-2\/","og_locale":"fr_CA","og_type":"article","og_title":"Luxor 42inch 3-Shelf Heavy Duty Plastic Utility Cart with 3 Flat Shelves - 300lb Weight Capacity - Black - 24 x 18 - Ks Products","og_description":"Made from recycled molded plastic, this durable utility cart will not scratch, dent, rust, or stain. Each of the three 1.5\"-thick flat shelves has a .25\" retaining lip and a textured surface to keep contents from sliding during use or transport. The top shelf has a recessed, three-outlet UL-listed electrical assembly for convenient power access. Square legs provide sturdy support and four 4\" ball bearing casters (with two locking brakes) coupled with a push handle molded into the top shelf allow easy transport from place to place","og_url":"https:\/\/ksproducts.ca\/fr\/product\/luxor-42inch-3-shelf-heavy-duty-plastic-utility-cart-with-3-flat-shelves-300lb-weight-capacity-black-24-x-18-2\/","og_site_name":"Ks Products","article_modified_time":"2026-03-16T15:32:28+00:00","og_image":[{"width":600,"height":600,"url":"https:\/\/ksproducts.ca\/wp-content\/uploads\/2026\/03\/Luxor-42inch-3-Shelf-Heavy-Duty-Plastic-Utility-Cart-with-3-Flat-Shelves-and-3-Outlet-Electric-Assembly-with-15-Cord-300lb-Weight-Capacity-Black.jpg","type":"image\/jpeg"}],"twitter_card":"summary_large_image","twitter_misc":{"Estimation du temps de lecture":"1 minute"},"schema":{"@context":"https:\/\/schema.org","@graph":[{"@type":"WebPage","@id":"https:\/\/ksproducts.ca\/product\/luxor-42inch-3-shelf-heavy-duty-plastic-utility-cart-with-3-flat-shelves-300lb-weight-capacity-black-24-x-18-2\/","url":"https:\/\/ksproducts.ca\/product\/luxor-42inch-3-shelf-heavy-duty-plastic-utility-cart-with-3-flat-shelves-300lb-weight-capacity-black-24-x-18-2\/","name":"Luxor 42inch 3-Shelf Heavy Duty Plastic Cart with 3 Flat Shelves - 300lb Weight Capacity - Black - 24 x 18 - Ks Products","isPartOf":{"@id":"https:\/\/ksproducts.ca\/#website"},"primaryImageOfPage":{"@id":"https:\/\/ksproducts.ca\/product\/luxor-42inch-3-shelf-heavy-duty-plastic-utility-cart-with-3-flat-shelves-300lb-weight-capacity-black-24-x-18-2\/#primaryimage"},"image":{"@id":"https:\/\/ksproducts.ca\/product\/luxor-42inch-3-shelf-heavy-duty-plastic-utility-cart-with-3-flat-shelves-300lb-weight-capacity-black-24-x-18-2\/#primaryimage"},"thumbnailUrl":"https:\/\/ksproducts.ca\/wp-content\/uploads\/2026\/03\/Luxor-42inch-3-Shelf-Heavy-Duty-Plastic-Utility-Cart-with-3-Flat-Shelves-and-3-Outlet-Electric-Assembly-with-15-Cord-300lb-Weight-Capacity-Black.jpg","datePublished":"2026-03-13T13:20:01+00:00","dateModified":"2026-03-16T15:32:28+00:00","breadcrumb":{"@id":"https:\/\/ksproducts.ca\/product\/luxor-42inch-3-shelf-heavy-duty-plastic-utility-cart-with-3-flat-shelves-300lb-weight-capacity-black-24-x-18-2\/#breadcrumb"},"inLanguage":"fr-CA","potentialAction":[{"@type":"ReadAction","target":["https:\/\/ksproducts.ca\/product\/luxor-42inch-3-shelf-heavy-duty-plastic-utility-cart-with-3-flat-shelves-300lb-weight-capacity-black-24-x-18-2\/"]}]},{"@type":"ImageObject","inLanguage":"fr-CA","@id":"https:\/\/ksproducts.ca\/product\/luxor-42inch-3-shelf-heavy-duty-plastic-utility-cart-with-3-flat-shelves-300lb-weight-capacity-black-24-x-18-2\/#primaryimage","url":"https:\/\/ksproducts.ca\/wp-content\/uploads\/2026\/03\/Luxor-42inch-3-Shelf-Heavy-Duty-Plastic-Utility-Cart-with-3-Flat-Shelves-and-3-Outlet-Electric-Assembly-with-15-Cord-300lb-Weight-Capacity-Black.jpg","contentUrl":"https:\/\/ksproducts.ca\/wp-content\/uploads\/2026\/03\/Luxor-42inch-3-Shelf-Heavy-Duty-Plastic-Utility-Cart-with-3-Flat-Shelves-and-3-Outlet-Electric-Assembly-with-15-Cord-300lb-Weight-Capacity-Black.jpg","width":600,"height":600,"caption":"Luxor 42inch 3 Shelf Heavy Duty Plastic Utility Cart with 3 Flat Shelves and 3 Outlet Electric Assembly with 15' Cord 300lb Weight Capacity Black"},{"@type":"BreadcrumbList","@id":"https:\/\/ksproducts.ca\/product\/luxor-42inch-3-shelf-heavy-duty-plastic-utility-cart-with-3-flat-shelves-300lb-weight-capacity-black-24-x-18-2\/#breadcrumb","itemListElement":[{"@type":"ListItem","position":1,"name":"Home","item":"https:\/\/ksproducts.ca\/"},{"@type":"ListItem","position":2,"name":"Shop","item":"https:\/\/ksproducts.ca\/shop\/"},{"@type":"ListItem","position":3,"name":"Luxor 42inch 3-Shelf Heavy Duty Plastic Utility Cart with 3 Flat Shelves &#8211; 300lb Weight Capacity &#8211; Black &#8211; 24 x 18"}]},{"@type":"WebSite","@id":"https:\/\/ksproducts.ca\/#website","url":"https:\/\/ksproducts.ca\/","name":"Produits Ks","description":"Cuisiner et vivre en plein air, c'est facile au Canada","publisher":{"@id":"https:\/\/ksproducts.ca\/#organization"},"potentialAction":[{"@type":"SearchAction","target":{"@type":"EntryPoint","urlTemplate":"https:\/\/ksproducts.ca\/?s={search_term_string}"},"query-input":{"@type":"PropertyValueSpecification","valueRequired":true,"valueName":"search_term_string"}}],"inLanguage":"fr-CA"},{"@type":"Organization","@id":"https:\/\/ksproducts.ca\/#organization","name":"Produits Ks","url":"https:\/\/ksproducts.ca\/","logo":{"@type":"ImageObject","inLanguage":"fr-CA","@id":"https:\/\/ksproducts.ca\/#\/schema\/logo\/image\/","url":"https:\/\/ksproducts.ca\/wp-content\/uploads\/2023\/09\/Kennedy-Sales-Logo-header-1.png","contentUrl":"https:\/\/ksproducts.ca\/wp-content\/uploads\/2023\/09\/Kennedy-Sales-Logo-header-1.png","width":150,"height":77,"caption":"Ks Products"},"image":{"@id":"https:\/\/ksproducts.ca\/#\/schema\/logo\/image\/"}}]}},"_links":{"self":[{"href":"https:\/\/ksproducts.ca\/fr\/wp-json\/wp\/v2\/product\/12589","targetHints":{"allow":["GET"]}}],"collection":[{"href":"https:\/\/ksproducts.ca\/fr\/wp-json\/wp\/v2\/product"}],"about":[{"href":"https:\/\/ksproducts.ca\/fr\/wp-json\/wp\/v2\/types\/product"}],"replies":[{"embeddable":true,"href":"https:\/\/ksproducts.ca\/fr\/wp-json\/wp\/v2\/comments?post=12589"}],"version-history":[{"count":1,"href":"https:\/\/ksproducts.ca\/fr\/wp-json\/wp\/v2\/product\/12589\/revisions"}],"predecessor-version":[{"id":12592,"href":"https:\/\/ksproducts.ca\/fr\/wp-json\/wp\/v2\/product\/12589\/revisions\/12592"}],"wp:featuredmedia":[{"embeddable":true,"href":"https:\/\/ksproducts.ca\/fr\/wp-json\/wp\/v2\/media\/12591"}],"wp:attachment":[{"href":"https:\/\/ksproducts.ca\/fr\/wp-json\/wp\/v2\/media?parent=12589"}],"wp:term":[{"taxonomy":"product_cat","embeddable":true,"href":"https:\/\/ksproducts.ca\/fr\/wp-json\/wp\/v2\/product_cat?post=12589"},{"taxonomy":"product_tag","embeddable":true,"href":"https:\/\/ksproducts.ca\/fr\/wp-json\/wp\/v2\/product_tag?post=12589"}],"curies":[{"name":"wp","href":"https:\/\/api.w.org\/{rel}","templated":true}]}}