{"id":12596,"date":"2026-03-13T13:27:07","date_gmt":"2026-03-13T13:27:07","guid":{"rendered":"https:\/\/ksproducts.ca\/?post_type=product&#038;p=12596"},"modified":"2026-03-13T13:27:08","modified_gmt":"2026-03-13T13:27:08","slug":"luxor-tableau-blanc-magnetique-mural-avec-cadre-en-aluminium-et-bac-a-marqueurs-48-x-48","status":"publish","type":"product","link":"https:\/\/ksproducts.ca\/fr\/product\/luxor-wall-mounted-magnetic-whiteboard-with-aluminum-frame-and-marker-tray-48-x-48\/","title":{"rendered":"Luxor Tableau blanc magn\u00e9tique mural avec cadre en aluminium et bac \u00e0 marqueurs - 48 x 48"},"content":{"rendered":"<ul>\n<li>Le plateau en aluminium de 2,5\u2033 de profondeur pour les marqueurs et les gommes \u00e0 effacer offre un grand espace de rangement.<\/li>\n<li>La surface magn\u00e9tique fonctionne comme un tableau d'affichage pour une communication suppl\u00e9mentaire.<\/li>\n<li>Le cadre en aluminium de 1\u2033 donne \u00e0 la planche un aspect durable et \u00e9l\u00e9gant.<\/li>\n<\/ul>","protected":false},"excerpt":{"rendered":"<p>Plus qu'une surface pour le brainstorming, l'enseignement et l'illustration d'id\u00e9es, les tableaux effa\u00e7ables \u00e0 sec mont\u00e9s au mur deviennent le point central de toute pi\u00e8ce. C'est pourquoi les tableaux blancs magn\u00e9tiques muraux Luxor offrent des performances sup\u00e9rieures dans un style moderne \u00e0 un prix abordable. Ce tableau blanc carr\u00e9 est dot\u00e9 d'une surface en acier peint de haute qualit\u00e9, r\u00e9sistante aux images fant\u00f4mes, pour une visibilit\u00e9 \u00e9clatante et une grande durabilit\u00e9, et peut \u00e9galement \u00eatre utilis\u00e9 comme tableau d'affichage magn\u00e9tique. Le cadre fin en aluminium et le plateau pour marqueurs\/effaceurs offrent une durabilit\u00e9 l\u00e9g\u00e8re con\u00e7ue pour durer utilisation apr\u00e8s utilisation, ann\u00e9e apr\u00e8s ann\u00e9e.<\/p>","protected":false},"featured_media":12597,"comment_status":"open","ping_status":"closed","template":"","meta":[],"product_cat":[435],"product_tag":[],"class_list":{"0":"post-12596","1":"product","2":"type-product","3":"status-publish","4":"has-post-thumbnail","6":"product_cat-whiteboards-glass-boards","7":"product_shipping_class-class-5","9":"first","10":"instock","11":"taxable","12":"shipping-taxable","13":"purchasable","14":"product-type-simple"},"yoast_head":"<!-- This site is optimized with the Yoast SEO plugin v27.4 - https:\/\/yoast.com\/product\/yoast-seo-wordpress\/ -->\n<title>Luxor Wall-Mounted Magnetic Whiteboard with Aluminum Frame and Marker Tray - 48 x 48 - Ks Products<\/title>\n<meta name=\"robots\" content=\"index, follow, max-snippet:-1, max-image-preview:large, max-video-preview:-1\" \/>\n<link rel=\"canonical\" href=\"https:\/\/ksproducts.ca\/fr\/product\/luxor-tableau-blanc-magnetique-mural-avec-cadre-en-aluminium-et-bac-a-marqueurs-48-x-48\/\" \/>\n<meta property=\"og:locale\" content=\"fr_CA\" \/>\n<meta property=\"og:type\" content=\"article\" \/>\n<meta property=\"og:title\" content=\"Luxor Wall-Mounted Magnetic Whiteboard with Aluminum Frame and Marker Tray - 48 x 48 - Ks Products\" \/>\n<meta property=\"og:description\" content=\"More than a surface for brainstorming, teaching and illustrating ideas, wall-mounted dry erase boards become a focal point of any room. That&#039;s why Luxor Wall-Mounted Magnetic Whiteboards offer superior performance in a modern style at an affordable price. This square whiteboard has a high-quality, ghosting-resistant painted steel surface for bright visibility, high durability, and can also be used as a magnetic bulletin board. The slim aluminum frame and marker\/eraser tray offer lightweight durability designed to last for use after use, year after year.\" \/>\n<meta property=\"og:url\" content=\"https:\/\/ksproducts.ca\/fr\/product\/luxor-tableau-blanc-magnetique-mural-avec-cadre-en-aluminium-et-bac-a-marqueurs-48-x-48\/\" \/>\n<meta property=\"og:site_name\" content=\"Ks Products\" \/>\n<meta property=\"article:modified_time\" content=\"2026-03-13T13:27:08+00:00\" \/>\n<meta property=\"og:image\" content=\"https:\/\/ksproducts.ca\/wp-content\/uploads\/2026\/03\/Luxor-Wall-Mounted-Magnetic-Whiteboard-with-Aluminum-Frame-and-Marker-Tray-48-x-48.png\" \/>\n\t<meta property=\"og:image:width\" content=\"440\" \/>\n\t<meta property=\"og:image:height\" content=\"440\" \/>\n\t<meta property=\"og:image:type\" content=\"image\/png\" \/>\n<meta name=\"twitter:card\" content=\"summary_large_image\" \/>\n<meta name=\"twitter:label1\" content=\"Estimation du temps de lecture\" \/>\n\t<meta name=\"twitter:data1\" content=\"1 minute\" \/>\n<script type=\"application\/ld+json\" class=\"yoast-schema-graph\">{\"@context\":\"https:\\\/\\\/schema.org\",\"@graph\":[{\"@type\":\"WebPage\",\"@id\":\"https:\\\/\\\/ksproducts.ca\\\/product\\\/luxor-wall-mounted-magnetic-whiteboard-with-aluminum-frame-and-marker-tray-48-x-48\\\/\",\"url\":\"https:\\\/\\\/ksproducts.ca\\\/product\\\/luxor-wall-mounted-magnetic-whiteboard-with-aluminum-frame-and-marker-tray-48-x-48\\\/\",\"name\":\"Luxor Wall-Mounted Magnetic Whiteboard with Aluminum Frame and Marker Tray - 48 x 48 - Ks Products\",\"isPartOf\":{\"@id\":\"https:\\\/\\\/ksproducts.ca\\\/#website\"},\"primaryImageOfPage\":{\"@id\":\"https:\\\/\\\/ksproducts.ca\\\/product\\\/luxor-wall-mounted-magnetic-whiteboard-with-aluminum-frame-and-marker-tray-48-x-48\\\/#primaryimage\"},\"image\":{\"@id\":\"https:\\\/\\\/ksproducts.ca\\\/product\\\/luxor-wall-mounted-magnetic-whiteboard-with-aluminum-frame-and-marker-tray-48-x-48\\\/#primaryimage\"},\"thumbnailUrl\":\"https:\\\/\\\/ksproducts.ca\\\/wp-content\\\/uploads\\\/2026\\\/03\\\/Luxor-Wall-Mounted-Magnetic-Whiteboard-with-Aluminum-Frame-and-Marker-Tray-48-x-48.png\",\"datePublished\":\"2026-03-13T13:27:07+00:00\",\"dateModified\":\"2026-03-13T13:27:08+00:00\",\"breadcrumb\":{\"@id\":\"https:\\\/\\\/ksproducts.ca\\\/product\\\/luxor-wall-mounted-magnetic-whiteboard-with-aluminum-frame-and-marker-tray-48-x-48\\\/#breadcrumb\"},\"inLanguage\":\"fr-CA\",\"potentialAction\":[{\"@type\":\"ReadAction\",\"target\":[\"https:\\\/\\\/ksproducts.ca\\\/product\\\/luxor-wall-mounted-magnetic-whiteboard-with-aluminum-frame-and-marker-tray-48-x-48\\\/\"]}]},{\"@type\":\"ImageObject\",\"inLanguage\":\"fr-CA\",\"@id\":\"https:\\\/\\\/ksproducts.ca\\\/product\\\/luxor-wall-mounted-magnetic-whiteboard-with-aluminum-frame-and-marker-tray-48-x-48\\\/#primaryimage\",\"url\":\"https:\\\/\\\/ksproducts.ca\\\/wp-content\\\/uploads\\\/2026\\\/03\\\/Luxor-Wall-Mounted-Magnetic-Whiteboard-with-Aluminum-Frame-and-Marker-Tray-48-x-48.png\",\"contentUrl\":\"https:\\\/\\\/ksproducts.ca\\\/wp-content\\\/uploads\\\/2026\\\/03\\\/Luxor-Wall-Mounted-Magnetic-Whiteboard-with-Aluminum-Frame-and-Marker-Tray-48-x-48.png\",\"width\":440,\"height\":440,\"caption\":\"Luxor Wall Mounted Magnetic Whiteboard with Aluminum Frame and Marker Tray 48 x 48\"},{\"@type\":\"BreadcrumbList\",\"@id\":\"https:\\\/\\\/ksproducts.ca\\\/product\\\/luxor-wall-mounted-magnetic-whiteboard-with-aluminum-frame-and-marker-tray-48-x-48\\\/#breadcrumb\",\"itemListElement\":[{\"@type\":\"ListItem\",\"position\":1,\"name\":\"Home\",\"item\":\"https:\\\/\\\/ksproducts.ca\\\/\"},{\"@type\":\"ListItem\",\"position\":2,\"name\":\"Shop\",\"item\":\"https:\\\/\\\/ksproducts.ca\\\/shop\\\/\"},{\"@type\":\"ListItem\",\"position\":3,\"name\":\"Luxor Wall-Mounted Magnetic Whiteboard with Aluminum Frame and Marker Tray &#8211; 48 x 48\"}]},{\"@type\":\"WebSite\",\"@id\":\"https:\\\/\\\/ksproducts.ca\\\/#website\",\"url\":\"https:\\\/\\\/ksproducts.ca\\\/\",\"name\":\"Ks Products\",\"description\":\"Outdoor cooking and living, made easy in Canada\",\"publisher\":{\"@id\":\"https:\\\/\\\/ksproducts.ca\\\/#organization\"},\"potentialAction\":[{\"@type\":\"SearchAction\",\"target\":{\"@type\":\"EntryPoint\",\"urlTemplate\":\"https:\\\/\\\/ksproducts.ca\\\/?s={search_term_string}\"},\"query-input\":{\"@type\":\"PropertyValueSpecification\",\"valueRequired\":true,\"valueName\":\"search_term_string\"}}],\"inLanguage\":\"fr-CA\"},{\"@type\":\"Organization\",\"@id\":\"https:\\\/\\\/ksproducts.ca\\\/#organization\",\"name\":\"Ks Products\",\"url\":\"https:\\\/\\\/ksproducts.ca\\\/\",\"logo\":{\"@type\":\"ImageObject\",\"inLanguage\":\"fr-CA\",\"@id\":\"https:\\\/\\\/ksproducts.ca\\\/#\\\/schema\\\/logo\\\/image\\\/\",\"url\":\"https:\\\/\\\/ksproducts.ca\\\/wp-content\\\/uploads\\\/2023\\\/09\\\/Kennedy-Sales-Logo-header-1.png\",\"contentUrl\":\"https:\\\/\\\/ksproducts.ca\\\/wp-content\\\/uploads\\\/2023\\\/09\\\/Kennedy-Sales-Logo-header-1.png\",\"width\":150,\"height\":77,\"caption\":\"Ks Products\"},\"image\":{\"@id\":\"https:\\\/\\\/ksproducts.ca\\\/#\\\/schema\\\/logo\\\/image\\\/\"}}]}<\/script>\n<!-- \/ Yoast SEO plugin. -->","yoast_head_json":{"title":"Luxor Tableau blanc magn\u00e9tique mural avec cadre en aluminium et bac \u00e0 marqueurs - 48 x 48 - Ks Products","robots":{"index":"index","follow":"follow","max-snippet":"max-snippet:-1","max-image-preview":"max-image-preview:large","max-video-preview":"max-video-preview:-1"},"canonical":"https:\/\/ksproducts.ca\/fr\/product\/luxor-tableau-blanc-magnetique-mural-avec-cadre-en-aluminium-et-bac-a-marqueurs-48-x-48\/","og_locale":"fr_CA","og_type":"article","og_title":"Luxor Wall-Mounted Magnetic Whiteboard with Aluminum Frame and Marker Tray - 48 x 48 - Ks Products","og_description":"More than a surface for brainstorming, teaching and illustrating ideas, wall-mounted dry erase boards become a focal point of any room. That's why Luxor Wall-Mounted Magnetic Whiteboards offer superior performance in a modern style at an affordable price. This square whiteboard has a high-quality, ghosting-resistant painted steel surface for bright visibility, high durability, and can also be used as a magnetic bulletin board. The slim aluminum frame and marker\/eraser tray offer lightweight durability designed to last for use after use, year after year.","og_url":"https:\/\/ksproducts.ca\/fr\/product\/luxor-tableau-blanc-magnetique-mural-avec-cadre-en-aluminium-et-bac-a-marqueurs-48-x-48\/","og_site_name":"Ks Products","article_modified_time":"2026-03-13T13:27:08+00:00","og_image":[{"width":440,"height":440,"url":"https:\/\/ksproducts.ca\/wp-content\/uploads\/2026\/03\/Luxor-Wall-Mounted-Magnetic-Whiteboard-with-Aluminum-Frame-and-Marker-Tray-48-x-48.png","type":"image\/png"}],"twitter_card":"summary_large_image","twitter_misc":{"Estimation du temps de lecture":"1 minute"},"schema":{"@context":"https:\/\/schema.org","@graph":[{"@type":"WebPage","@id":"https:\/\/ksproducts.ca\/product\/luxor-wall-mounted-magnetic-whiteboard-with-aluminum-frame-and-marker-tray-48-x-48\/","url":"https:\/\/ksproducts.ca\/product\/luxor-wall-mounted-magnetic-whiteboard-with-aluminum-frame-and-marker-tray-48-x-48\/","name":"Luxor Tableau blanc magn\u00e9tique mural avec cadre en aluminium et bac \u00e0 marqueurs - 48 x 48 - Ks Products","isPartOf":{"@id":"https:\/\/ksproducts.ca\/#website"},"primaryImageOfPage":{"@id":"https:\/\/ksproducts.ca\/product\/luxor-wall-mounted-magnetic-whiteboard-with-aluminum-frame-and-marker-tray-48-x-48\/#primaryimage"},"image":{"@id":"https:\/\/ksproducts.ca\/product\/luxor-wall-mounted-magnetic-whiteboard-with-aluminum-frame-and-marker-tray-48-x-48\/#primaryimage"},"thumbnailUrl":"https:\/\/ksproducts.ca\/wp-content\/uploads\/2026\/03\/Luxor-Wall-Mounted-Magnetic-Whiteboard-with-Aluminum-Frame-and-Marker-Tray-48-x-48.png","datePublished":"2026-03-13T13:27:07+00:00","dateModified":"2026-03-13T13:27:08+00:00","breadcrumb":{"@id":"https:\/\/ksproducts.ca\/product\/luxor-wall-mounted-magnetic-whiteboard-with-aluminum-frame-and-marker-tray-48-x-48\/#breadcrumb"},"inLanguage":"fr-CA","potentialAction":[{"@type":"ReadAction","target":["https:\/\/ksproducts.ca\/product\/luxor-wall-mounted-magnetic-whiteboard-with-aluminum-frame-and-marker-tray-48-x-48\/"]}]},{"@type":"ImageObject","inLanguage":"fr-CA","@id":"https:\/\/ksproducts.ca\/product\/luxor-wall-mounted-magnetic-whiteboard-with-aluminum-frame-and-marker-tray-48-x-48\/#primaryimage","url":"https:\/\/ksproducts.ca\/wp-content\/uploads\/2026\/03\/Luxor-Wall-Mounted-Magnetic-Whiteboard-with-Aluminum-Frame-and-Marker-Tray-48-x-48.png","contentUrl":"https:\/\/ksproducts.ca\/wp-content\/uploads\/2026\/03\/Luxor-Wall-Mounted-Magnetic-Whiteboard-with-Aluminum-Frame-and-Marker-Tray-48-x-48.png","width":440,"height":440,"caption":"Luxor Wall Mounted Magnetic Whiteboard with Aluminum Frame and Marker Tray 48 x 48"},{"@type":"BreadcrumbList","@id":"https:\/\/ksproducts.ca\/product\/luxor-wall-mounted-magnetic-whiteboard-with-aluminum-frame-and-marker-tray-48-x-48\/#breadcrumb","itemListElement":[{"@type":"ListItem","position":1,"name":"Home","item":"https:\/\/ksproducts.ca\/"},{"@type":"ListItem","position":2,"name":"Shop","item":"https:\/\/ksproducts.ca\/shop\/"},{"@type":"ListItem","position":3,"name":"Luxor Wall-Mounted Magnetic Whiteboard with Aluminum Frame and Marker Tray &#8211; 48 x 48"}]},{"@type":"WebSite","@id":"https:\/\/ksproducts.ca\/#website","url":"https:\/\/ksproducts.ca\/","name":"Produits Ks","description":"Cuisiner et vivre en plein air, c'est facile au Canada","publisher":{"@id":"https:\/\/ksproducts.ca\/#organization"},"potentialAction":[{"@type":"SearchAction","target":{"@type":"EntryPoint","urlTemplate":"https:\/\/ksproducts.ca\/?s={search_term_string}"},"query-input":{"@type":"PropertyValueSpecification","valueRequired":true,"valueName":"search_term_string"}}],"inLanguage":"fr-CA"},{"@type":"Organization","@id":"https:\/\/ksproducts.ca\/#organization","name":"Produits Ks","url":"https:\/\/ksproducts.ca\/","logo":{"@type":"ImageObject","inLanguage":"fr-CA","@id":"https:\/\/ksproducts.ca\/#\/schema\/logo\/image\/","url":"https:\/\/ksproducts.ca\/wp-content\/uploads\/2023\/09\/Kennedy-Sales-Logo-header-1.png","contentUrl":"https:\/\/ksproducts.ca\/wp-content\/uploads\/2023\/09\/Kennedy-Sales-Logo-header-1.png","width":150,"height":77,"caption":"Ks Products"},"image":{"@id":"https:\/\/ksproducts.ca\/#\/schema\/logo\/image\/"}}]}},"_links":{"self":[{"href":"https:\/\/ksproducts.ca\/fr\/wp-json\/wp\/v2\/product\/12596","targetHints":{"allow":["GET"]}}],"collection":[{"href":"https:\/\/ksproducts.ca\/fr\/wp-json\/wp\/v2\/product"}],"about":[{"href":"https:\/\/ksproducts.ca\/fr\/wp-json\/wp\/v2\/types\/product"}],"replies":[{"embeddable":true,"href":"https:\/\/ksproducts.ca\/fr\/wp-json\/wp\/v2\/comments?post=12596"}],"version-history":[{"count":1,"href":"https:\/\/ksproducts.ca\/fr\/wp-json\/wp\/v2\/product\/12596\/revisions"}],"predecessor-version":[{"id":12598,"href":"https:\/\/ksproducts.ca\/fr\/wp-json\/wp\/v2\/product\/12596\/revisions\/12598"}],"wp:featuredmedia":[{"embeddable":true,"href":"https:\/\/ksproducts.ca\/fr\/wp-json\/wp\/v2\/media\/12597"}],"wp:attachment":[{"href":"https:\/\/ksproducts.ca\/fr\/wp-json\/wp\/v2\/media?parent=12596"}],"wp:term":[{"taxonomy":"product_cat","embeddable":true,"href":"https:\/\/ksproducts.ca\/fr\/wp-json\/wp\/v2\/product_cat?post=12596"},{"taxonomy":"product_tag","embeddable":true,"href":"https:\/\/ksproducts.ca\/fr\/wp-json\/wp\/v2\/product_tag?post=12596"}],"curies":[{"name":"wp","href":"https:\/\/api.w.org\/{rel}","templated":true}]}}