{"id":12608,"date":"2026-03-13T13:39:02","date_gmt":"2026-03-13T13:39:02","guid":{"rendered":"https:\/\/ksproducts.ca\/?post_type=product&#038;p=12608"},"modified":"2026-03-13T13:39:03","modified_gmt":"2026-03-13T13:39:03","slug":"luxor-tableau-blanc-magnetique-mural-avec-cadre-en-aluminium-et-bac-a-marqueurs-96-x-40","status":"publish","type":"product","link":"https:\/\/ksproducts.ca\/fr\/product\/luxor-wall-mounted-magnetic-whiteboard-with-aluminum-frame-and-marker-tray-96-x-40\/","title":{"rendered":"Luxor Tableau blanc magn\u00e9tique mural avec cadre en aluminium et bac \u00e0 marqueurs - 96 x 40"},"content":{"rendered":"<ul class=\"list--default product-details__list\">\n<li class=\"product-details__list-item mb-2\">La surface en acier peint r\u00e9siste aux images fant\u00f4mes et offre une excellente effa\u00e7abilit\u00e9.<\/li>\n<li class=\"product-details__list-item mb-2\">La surface magn\u00e9tique fonctionne comme un tableau d'affichage pour une communication suppl\u00e9mentaire.<\/li>\n<li class=\"product-details__list-item mb-2\">Panneau : 96\u2033L x 40\u2033H<\/li>\n<li class=\"product-details__list-item mb-2\">Plateau : 71\u2033L x 2\u2033D<\/li>\n<li class=\"product-details__list-item mb-2\">Le cadre en aluminium de 1\u2033 donne un aspect professionnel et propre<\/li>\n<li class=\"product-details__list-item mb-2\">Montage mural<\/li>\n<li class=\"product-details__list-item mb-2\">Contient un tableau<\/li>\n<li class=\"product-details__list-item mb-2\">Le plateau en aluminium de 2\u2033 de profondeur pour les marqueurs et les gommes \u00e0 effacer offre un grand espace de rangement.<\/li>\n<li class=\"product-details__list-item mb-2\">Comprend les supports de montage et la quincaillerie<\/li>\n<\/ul>","protected":false},"excerpt":{"rendered":"<p>Id\u00e9al pour les salles de classe et les bureaux, le tableau blanc mural Luxor WB9640W mesure 96 pouces de large par 40 pouces de haut et poss\u00e8de une surface en acier peint facile \u00e0 effacer qui r\u00e9siste aux images fant\u00f4mes. Sa surface \u00e9tant magn\u00e9tique, les annonces et les prospectus peuvent \u00eatre fix\u00e9s au tableau sans adh\u00e9sif. Son p\u00e9rim\u00e8tre est bord\u00e9 d'un \u00e9l\u00e9gant cadre en aluminium de 1 pouce qui s'adapte \u00e0 divers environnements professionnels. Les marqueurs effa\u00e7ables \u00e0 sec et les gommes se rangent facilement sur le plateau en aluminium de 69 pouces de large par 21 pouces de profondeur. Pour faciliter l'installation, le tableau est livr\u00e9 assembl\u00e9 et comprend le mat\u00e9riel de montage mural.<\/p>","protected":false},"featured_media":12609,"comment_status":"open","ping_status":"closed","template":"","meta":[],"product_cat":[435],"product_tag":[],"class_list":{"0":"post-12608","1":"product","2":"type-product","3":"status-publish","4":"has-post-thumbnail","6":"product_cat-whiteboards-glass-boards","7":"product_shipping_class-class-5","9":"first","10":"instock","11":"taxable","12":"shipping-taxable","13":"purchasable","14":"product-type-simple"},"yoast_head":"<!-- This site is optimized with the Yoast SEO plugin v27.4 - https:\/\/yoast.com\/product\/yoast-seo-wordpress\/ -->\n<title>Luxor Wall-Mounted Magnetic Whiteboard with Aluminum Frame and Marker Tray - 96 x 40 - Ks Products<\/title>\n<meta name=\"robots\" content=\"index, follow, max-snippet:-1, max-image-preview:large, max-video-preview:-1\" \/>\n<link rel=\"canonical\" href=\"https:\/\/ksproducts.ca\/fr\/product\/luxor-tableau-blanc-magnetique-mural-avec-cadre-en-aluminium-et-bac-a-marqueurs-96-x-40\/\" \/>\n<meta property=\"og:locale\" content=\"fr_CA\" \/>\n<meta property=\"og:type\" content=\"article\" \/>\n<meta property=\"og:title\" content=\"Luxor Wall-Mounted Magnetic Whiteboard with Aluminum Frame and Marker Tray - 96 x 40 - Ks Products\" \/>\n<meta property=\"og:description\" content=\"Great for classrooms and offices, the Luxor WB9640W wall-mounted whiteboard measures 96 inches wide by 40 inches tall with a simple-to-erase, painted steel surface that resists ghosting. Because its surface is magnetic, announcements and flyers can be attached to the board without adhesive. Its perimeter is lined with sleek, 1-inch aluminum framing to complement various professional settings. Dry-erase markers and erasers can be conveniently stored on the 69-inch-wide by 21 \u0081\u201e2-inch-deep aluminum tray, and to ease installation, the board ships assembled and includes wall-mounting hardware.\" \/>\n<meta property=\"og:url\" content=\"https:\/\/ksproducts.ca\/fr\/product\/luxor-tableau-blanc-magnetique-mural-avec-cadre-en-aluminium-et-bac-a-marqueurs-96-x-40\/\" \/>\n<meta property=\"og:site_name\" content=\"Ks Products\" \/>\n<meta property=\"article:modified_time\" content=\"2026-03-13T13:39:03+00:00\" \/>\n<meta property=\"og:image\" content=\"https:\/\/ksproducts.ca\/wp-content\/uploads\/2026\/03\/Luxor-Wall-Mounted-Magnetic-Whiteboard-with-Aluminum-Frame-and-Marker-Tray-96-x-40.webp\" \/>\n\t<meta property=\"og:image:width\" content=\"640\" \/>\n\t<meta property=\"og:image:height\" content=\"640\" \/>\n\t<meta property=\"og:image:type\" content=\"image\/webp\" \/>\n<meta name=\"twitter:card\" content=\"summary_large_image\" \/>\n<meta name=\"twitter:label1\" content=\"Estimation du temps de lecture\" \/>\n\t<meta name=\"twitter:data1\" content=\"1 minute\" \/>\n<script type=\"application\/ld+json\" class=\"yoast-schema-graph\">{\"@context\":\"https:\\\/\\\/schema.org\",\"@graph\":[{\"@type\":\"WebPage\",\"@id\":\"https:\\\/\\\/ksproducts.ca\\\/product\\\/luxor-wall-mounted-magnetic-whiteboard-with-aluminum-frame-and-marker-tray-96-x-40\\\/\",\"url\":\"https:\\\/\\\/ksproducts.ca\\\/product\\\/luxor-wall-mounted-magnetic-whiteboard-with-aluminum-frame-and-marker-tray-96-x-40\\\/\",\"name\":\"Luxor Wall-Mounted Magnetic Whiteboard with Aluminum Frame and Marker Tray - 96 x 40 - Ks Products\",\"isPartOf\":{\"@id\":\"https:\\\/\\\/ksproducts.ca\\\/#website\"},\"primaryImageOfPage\":{\"@id\":\"https:\\\/\\\/ksproducts.ca\\\/product\\\/luxor-wall-mounted-magnetic-whiteboard-with-aluminum-frame-and-marker-tray-96-x-40\\\/#primaryimage\"},\"image\":{\"@id\":\"https:\\\/\\\/ksproducts.ca\\\/product\\\/luxor-wall-mounted-magnetic-whiteboard-with-aluminum-frame-and-marker-tray-96-x-40\\\/#primaryimage\"},\"thumbnailUrl\":\"https:\\\/\\\/ksproducts.ca\\\/wp-content\\\/uploads\\\/2026\\\/03\\\/Luxor-Wall-Mounted-Magnetic-Whiteboard-with-Aluminum-Frame-and-Marker-Tray-96-x-40.webp\",\"datePublished\":\"2026-03-13T13:39:02+00:00\",\"dateModified\":\"2026-03-13T13:39:03+00:00\",\"breadcrumb\":{\"@id\":\"https:\\\/\\\/ksproducts.ca\\\/product\\\/luxor-wall-mounted-magnetic-whiteboard-with-aluminum-frame-and-marker-tray-96-x-40\\\/#breadcrumb\"},\"inLanguage\":\"fr-CA\",\"potentialAction\":[{\"@type\":\"ReadAction\",\"target\":[\"https:\\\/\\\/ksproducts.ca\\\/product\\\/luxor-wall-mounted-magnetic-whiteboard-with-aluminum-frame-and-marker-tray-96-x-40\\\/\"]}]},{\"@type\":\"ImageObject\",\"inLanguage\":\"fr-CA\",\"@id\":\"https:\\\/\\\/ksproducts.ca\\\/product\\\/luxor-wall-mounted-magnetic-whiteboard-with-aluminum-frame-and-marker-tray-96-x-40\\\/#primaryimage\",\"url\":\"https:\\\/\\\/ksproducts.ca\\\/wp-content\\\/uploads\\\/2026\\\/03\\\/Luxor-Wall-Mounted-Magnetic-Whiteboard-with-Aluminum-Frame-and-Marker-Tray-96-x-40.webp\",\"contentUrl\":\"https:\\\/\\\/ksproducts.ca\\\/wp-content\\\/uploads\\\/2026\\\/03\\\/Luxor-Wall-Mounted-Magnetic-Whiteboard-with-Aluminum-Frame-and-Marker-Tray-96-x-40.webp\",\"width\":640,\"height\":640,\"caption\":\"Luxor Wall Mounted Magnetic Whiteboard with Aluminum Frame and Marker Tray 96 x 40\"},{\"@type\":\"BreadcrumbList\",\"@id\":\"https:\\\/\\\/ksproducts.ca\\\/product\\\/luxor-wall-mounted-magnetic-whiteboard-with-aluminum-frame-and-marker-tray-96-x-40\\\/#breadcrumb\",\"itemListElement\":[{\"@type\":\"ListItem\",\"position\":1,\"name\":\"Home\",\"item\":\"https:\\\/\\\/ksproducts.ca\\\/\"},{\"@type\":\"ListItem\",\"position\":2,\"name\":\"Shop\",\"item\":\"https:\\\/\\\/ksproducts.ca\\\/shop\\\/\"},{\"@type\":\"ListItem\",\"position\":3,\"name\":\"Luxor Wall-Mounted Magnetic Whiteboard with Aluminum Frame and Marker Tray &#8211; 96 x 40\"}]},{\"@type\":\"WebSite\",\"@id\":\"https:\\\/\\\/ksproducts.ca\\\/#website\",\"url\":\"https:\\\/\\\/ksproducts.ca\\\/\",\"name\":\"Ks Products\",\"description\":\"Outdoor cooking and living, made easy in Canada\",\"publisher\":{\"@id\":\"https:\\\/\\\/ksproducts.ca\\\/#organization\"},\"potentialAction\":[{\"@type\":\"SearchAction\",\"target\":{\"@type\":\"EntryPoint\",\"urlTemplate\":\"https:\\\/\\\/ksproducts.ca\\\/?s={search_term_string}\"},\"query-input\":{\"@type\":\"PropertyValueSpecification\",\"valueRequired\":true,\"valueName\":\"search_term_string\"}}],\"inLanguage\":\"fr-CA\"},{\"@type\":\"Organization\",\"@id\":\"https:\\\/\\\/ksproducts.ca\\\/#organization\",\"name\":\"Ks Products\",\"url\":\"https:\\\/\\\/ksproducts.ca\\\/\",\"logo\":{\"@type\":\"ImageObject\",\"inLanguage\":\"fr-CA\",\"@id\":\"https:\\\/\\\/ksproducts.ca\\\/#\\\/schema\\\/logo\\\/image\\\/\",\"url\":\"https:\\\/\\\/ksproducts.ca\\\/wp-content\\\/uploads\\\/2023\\\/09\\\/Kennedy-Sales-Logo-header-1.png\",\"contentUrl\":\"https:\\\/\\\/ksproducts.ca\\\/wp-content\\\/uploads\\\/2023\\\/09\\\/Kennedy-Sales-Logo-header-1.png\",\"width\":150,\"height\":77,\"caption\":\"Ks Products\"},\"image\":{\"@id\":\"https:\\\/\\\/ksproducts.ca\\\/#\\\/schema\\\/logo\\\/image\\\/\"}}]}<\/script>\n<!-- \/ Yoast SEO plugin. -->","yoast_head_json":{"title":"Luxor Tableau blanc magn\u00e9tique mural avec cadre en aluminium et bac \u00e0 marqueurs - 96 x 40 - Ks Products","robots":{"index":"index","follow":"follow","max-snippet":"max-snippet:-1","max-image-preview":"max-image-preview:large","max-video-preview":"max-video-preview:-1"},"canonical":"https:\/\/ksproducts.ca\/fr\/product\/luxor-tableau-blanc-magnetique-mural-avec-cadre-en-aluminium-et-bac-a-marqueurs-96-x-40\/","og_locale":"fr_CA","og_type":"article","og_title":"Luxor Wall-Mounted Magnetic Whiteboard with Aluminum Frame and Marker Tray - 96 x 40 - Ks Products","og_description":"Great for classrooms and offices, the Luxor WB9640W wall-mounted whiteboard measures 96 inches wide by 40 inches tall with a simple-to-erase, painted steel surface that resists ghosting. Because its surface is magnetic, announcements and flyers can be attached to the board without adhesive. Its perimeter is lined with sleek, 1-inch aluminum framing to complement various professional settings. Dry-erase markers and erasers can be conveniently stored on the 69-inch-wide by 21 \u0081\u201e2-inch-deep aluminum tray, and to ease installation, the board ships assembled and includes wall-mounting hardware.","og_url":"https:\/\/ksproducts.ca\/fr\/product\/luxor-tableau-blanc-magnetique-mural-avec-cadre-en-aluminium-et-bac-a-marqueurs-96-x-40\/","og_site_name":"Ks Products","article_modified_time":"2026-03-13T13:39:03+00:00","og_image":[{"width":640,"height":640,"url":"https:\/\/ksproducts.ca\/wp-content\/uploads\/2026\/03\/Luxor-Wall-Mounted-Magnetic-Whiteboard-with-Aluminum-Frame-and-Marker-Tray-96-x-40.webp","type":"image\/webp"}],"twitter_card":"summary_large_image","twitter_misc":{"Estimation du temps de lecture":"1 minute"},"schema":{"@context":"https:\/\/schema.org","@graph":[{"@type":"WebPage","@id":"https:\/\/ksproducts.ca\/product\/luxor-wall-mounted-magnetic-whiteboard-with-aluminum-frame-and-marker-tray-96-x-40\/","url":"https:\/\/ksproducts.ca\/product\/luxor-wall-mounted-magnetic-whiteboard-with-aluminum-frame-and-marker-tray-96-x-40\/","name":"Luxor Tableau blanc magn\u00e9tique mural avec cadre en aluminium et bac \u00e0 marqueurs - 96 x 40 - Ks Products","isPartOf":{"@id":"https:\/\/ksproducts.ca\/#website"},"primaryImageOfPage":{"@id":"https:\/\/ksproducts.ca\/product\/luxor-wall-mounted-magnetic-whiteboard-with-aluminum-frame-and-marker-tray-96-x-40\/#primaryimage"},"image":{"@id":"https:\/\/ksproducts.ca\/product\/luxor-wall-mounted-magnetic-whiteboard-with-aluminum-frame-and-marker-tray-96-x-40\/#primaryimage"},"thumbnailUrl":"https:\/\/ksproducts.ca\/wp-content\/uploads\/2026\/03\/Luxor-Wall-Mounted-Magnetic-Whiteboard-with-Aluminum-Frame-and-Marker-Tray-96-x-40.webp","datePublished":"2026-03-13T13:39:02+00:00","dateModified":"2026-03-13T13:39:03+00:00","breadcrumb":{"@id":"https:\/\/ksproducts.ca\/product\/luxor-wall-mounted-magnetic-whiteboard-with-aluminum-frame-and-marker-tray-96-x-40\/#breadcrumb"},"inLanguage":"fr-CA","potentialAction":[{"@type":"ReadAction","target":["https:\/\/ksproducts.ca\/product\/luxor-wall-mounted-magnetic-whiteboard-with-aluminum-frame-and-marker-tray-96-x-40\/"]}]},{"@type":"ImageObject","inLanguage":"fr-CA","@id":"https:\/\/ksproducts.ca\/product\/luxor-wall-mounted-magnetic-whiteboard-with-aluminum-frame-and-marker-tray-96-x-40\/#primaryimage","url":"https:\/\/ksproducts.ca\/wp-content\/uploads\/2026\/03\/Luxor-Wall-Mounted-Magnetic-Whiteboard-with-Aluminum-Frame-and-Marker-Tray-96-x-40.webp","contentUrl":"https:\/\/ksproducts.ca\/wp-content\/uploads\/2026\/03\/Luxor-Wall-Mounted-Magnetic-Whiteboard-with-Aluminum-Frame-and-Marker-Tray-96-x-40.webp","width":640,"height":640,"caption":"Luxor Wall Mounted Magnetic Whiteboard with Aluminum Frame and Marker Tray 96 x 40"},{"@type":"BreadcrumbList","@id":"https:\/\/ksproducts.ca\/product\/luxor-wall-mounted-magnetic-whiteboard-with-aluminum-frame-and-marker-tray-96-x-40\/#breadcrumb","itemListElement":[{"@type":"ListItem","position":1,"name":"Home","item":"https:\/\/ksproducts.ca\/"},{"@type":"ListItem","position":2,"name":"Shop","item":"https:\/\/ksproducts.ca\/shop\/"},{"@type":"ListItem","position":3,"name":"Luxor Wall-Mounted Magnetic Whiteboard with Aluminum Frame and Marker Tray &#8211; 96 x 40"}]},{"@type":"WebSite","@id":"https:\/\/ksproducts.ca\/#website","url":"https:\/\/ksproducts.ca\/","name":"Produits Ks","description":"Cuisiner et vivre en plein air, c'est facile au Canada","publisher":{"@id":"https:\/\/ksproducts.ca\/#organization"},"potentialAction":[{"@type":"SearchAction","target":{"@type":"EntryPoint","urlTemplate":"https:\/\/ksproducts.ca\/?s={search_term_string}"},"query-input":{"@type":"PropertyValueSpecification","valueRequired":true,"valueName":"search_term_string"}}],"inLanguage":"fr-CA"},{"@type":"Organization","@id":"https:\/\/ksproducts.ca\/#organization","name":"Produits Ks","url":"https:\/\/ksproducts.ca\/","logo":{"@type":"ImageObject","inLanguage":"fr-CA","@id":"https:\/\/ksproducts.ca\/#\/schema\/logo\/image\/","url":"https:\/\/ksproducts.ca\/wp-content\/uploads\/2023\/09\/Kennedy-Sales-Logo-header-1.png","contentUrl":"https:\/\/ksproducts.ca\/wp-content\/uploads\/2023\/09\/Kennedy-Sales-Logo-header-1.png","width":150,"height":77,"caption":"Ks Products"},"image":{"@id":"https:\/\/ksproducts.ca\/#\/schema\/logo\/image\/"}}]}},"_links":{"self":[{"href":"https:\/\/ksproducts.ca\/fr\/wp-json\/wp\/v2\/product\/12608","targetHints":{"allow":["GET"]}}],"collection":[{"href":"https:\/\/ksproducts.ca\/fr\/wp-json\/wp\/v2\/product"}],"about":[{"href":"https:\/\/ksproducts.ca\/fr\/wp-json\/wp\/v2\/types\/product"}],"replies":[{"embeddable":true,"href":"https:\/\/ksproducts.ca\/fr\/wp-json\/wp\/v2\/comments?post=12608"}],"version-history":[{"count":1,"href":"https:\/\/ksproducts.ca\/fr\/wp-json\/wp\/v2\/product\/12608\/revisions"}],"predecessor-version":[{"id":12610,"href":"https:\/\/ksproducts.ca\/fr\/wp-json\/wp\/v2\/product\/12608\/revisions\/12610"}],"wp:featuredmedia":[{"embeddable":true,"href":"https:\/\/ksproducts.ca\/fr\/wp-json\/wp\/v2\/media\/12609"}],"wp:attachment":[{"href":"https:\/\/ksproducts.ca\/fr\/wp-json\/wp\/v2\/media?parent=12608"}],"wp:term":[{"taxonomy":"product_cat","embeddable":true,"href":"https:\/\/ksproducts.ca\/fr\/wp-json\/wp\/v2\/product_cat?post=12608"},{"taxonomy":"product_tag","embeddable":true,"href":"https:\/\/ksproducts.ca\/fr\/wp-json\/wp\/v2\/product_tag?post=12608"}],"curies":[{"name":"wp","href":"https:\/\/api.w.org\/{rel}","templated":true}]}}