{"id":12611,"date":"2026-03-13T13:43:56","date_gmt":"2026-03-13T13:43:56","guid":{"rendered":"https:\/\/ksproducts.ca\/?post_type=product&#038;p=12611"},"modified":"2026-03-13T13:43:57","modified_gmt":"2026-03-13T13:43:57","slug":"luxor-2-shelf-collapsible-wire-utility-cart-silver","status":"publish","type":"product","link":"https:\/\/ksproducts.ca\/fr\/product\/luxor-2-shelf-collapsible-wire-utility-cart-silver\/","title":{"rendered":"Luxor 2-Shelf Collapsible Wire Utility Cart - Silver"},"content":{"rendered":"<ul>\n<li data-start=\"561\" data-end=\"620\">Chariot utilitaire en fil de fer \u00e0 deux \u00e9tag\u00e8res pour le stockage et le transport<\/li>\n<li data-start=\"623\" data-end=\"686\">Construction en acier robuste avec finition en chrome poli<\/li>\n<li data-start=\"689\" data-end=\"727\">Capacit\u00e9 de poids maximale : 200 lbs<\/li>\n<li data-start=\"730\" data-end=\"777\">Conception pliable pour un rangement pratique<\/li>\n<li data-start=\"780\" data-end=\"819\">Les \u00e9tag\u00e8res en fil m\u00e9tallique permettent une bonne circulation de l'air<\/li>\n<li data-start=\"822\" data-end=\"864\">Poign\u00e9e unique pour faciliter la conduite<\/li>\n<li data-start=\"867\" data-end=\"928\">Quatre roulettes de 4\u201d en caoutchouc thermoplastique (TPR), enti\u00e8rement pivotantes<\/li>\n<li data-start=\"931\" data-end=\"969\">Deux freins de blocage pour la stabilit\u00e9<\/li>\n<li data-start=\"972\" data-end=\"1024\">Dimensions totales : 33,75\u201d LA \u00d7 19,5\u201d P \u00d7 39,5\u201d H<\/li>\n<\/ul>","protected":false},"excerpt":{"rendered":"<p>Le chariot utilitaire en acier WSCC-2 de Luxor Furniture est dot\u00e9 d'une structure en fil de fer qui permet une bonne circulation de l'air. Pour un usage intensif, le chariot peut supporter jusqu'\u00e0 200 livres. Le chariot peut \u00eatre pli\u00e9 pour un rangement facile et est \u00e9quip\u00e9 d'une simple poign\u00e9e pour le diriger. Le chariot utilitaire en acier WSCC-2 de Luxor Furniture est \u00e9quip\u00e9 de quatre roulettes de 4 pouces en caoutchouc thermoplastique, dont deux sont munies de freins de blocage pour maintenir le chariot en place. Chariot utilitaire en acier, 39.5\u2033H, deux \u00e9tag\u00e8res, pliable, poign\u00e9e simple, (4) 4\u2033 roulettes en TPR (enti\u00e8rement pivotantes, deux avec freins de blocage), capacit\u00e9 maximale de 200 livres, Dimensions hors tout : 33.75\u2033L x 19.5\u2033D x 39.5\u2033H, acier robuste avec finition en chrome poli.<\/p>","protected":false},"featured_media":12612,"comment_status":"open","ping_status":"closed","template":"","meta":[],"product_cat":[433],"product_tag":[],"class_list":{"0":"post-12611","1":"product","2":"type-product","3":"status-publish","4":"has-post-thumbnail","6":"product_cat-utility-carts","7":"product_shipping_class-class-4","9":"first","10":"instock","11":"taxable","12":"shipping-taxable","13":"purchasable","14":"product-type-simple"},"yoast_head":"<!-- This site is optimized with the Yoast SEO plugin v27.4 - https:\/\/yoast.com\/product\/yoast-seo-wordpress\/ -->\n<title>Luxor 2-Shelf Collapsible Wire Utility Cart - Silver - Ks Products<\/title>\n<meta name=\"robots\" content=\"index, follow, max-snippet:-1, max-image-preview:large, max-video-preview:-1\" \/>\n<link rel=\"canonical\" href=\"https:\/\/ksproducts.ca\/fr\/product\/luxor-2-shelf-collapsible-wire-utility-cart-silver\/\" \/>\n<meta property=\"og:locale\" content=\"fr_CA\" \/>\n<meta property=\"og:type\" content=\"article\" \/>\n<meta property=\"og:title\" content=\"Luxor 2-Shelf Collapsible Wire Utility Cart - Silver - Ks Products\" \/>\n<meta property=\"og:description\" content=\"The Luxor Furniture WSCC-2 steel utility cart features wire construction to provide proper airflow. For heavy-duty use, the cart holds up to 200 pounds. The cart can be folded for easy storage and uses a simple grab handle to help steer it. The Luxor Furniture WSCC-2 steel utility cart has four 4-inch thermoplastic rubber casters, and two come with locking brakes to keep the cart in place. Two shelves can hold equipment, supplies, and product.Wire Utility Cart, 39.5&quot;H, two shelf, collapsible, single-grab handle, (4) 4&quot; TPR casters (full swivel, two with locking brakes), maximum 200-lb capacity, Overall Dimensions: 33.75&quot;W x 19.5&quot;D x 39.5&quot;H, heavy-duty steel with a polished chrome finish\" \/>\n<meta property=\"og:url\" content=\"https:\/\/ksproducts.ca\/fr\/product\/luxor-2-shelf-collapsible-wire-utility-cart-silver\/\" \/>\n<meta property=\"og:site_name\" content=\"Ks Products\" \/>\n<meta property=\"article:modified_time\" content=\"2026-03-13T13:43:57+00:00\" \/>\n<meta property=\"og:image\" content=\"https:\/\/ksproducts.ca\/wp-content\/uploads\/2026\/03\/Luxor-2-Shelf-Collapsible-Wire-Utility-Cart-Silver.webp\" \/>\n\t<meta property=\"og:image:width\" content=\"640\" \/>\n\t<meta property=\"og:image:height\" content=\"640\" \/>\n\t<meta property=\"og:image:type\" content=\"image\/webp\" \/>\n<meta name=\"twitter:card\" content=\"summary_large_image\" \/>\n<meta name=\"twitter:label1\" content=\"Estimation du temps de lecture\" \/>\n\t<meta name=\"twitter:data1\" content=\"1 minute\" \/>\n<script type=\"application\/ld+json\" class=\"yoast-schema-graph\">{\"@context\":\"https:\\\/\\\/schema.org\",\"@graph\":[{\"@type\":\"WebPage\",\"@id\":\"https:\\\/\\\/ksproducts.ca\\\/product\\\/luxor-2-shelf-collapsible-wire-utility-cart-silver\\\/\",\"url\":\"https:\\\/\\\/ksproducts.ca\\\/product\\\/luxor-2-shelf-collapsible-wire-utility-cart-silver\\\/\",\"name\":\"Luxor 2-Shelf Collapsible Wire Utility Cart - Silver - Ks Products\",\"isPartOf\":{\"@id\":\"https:\\\/\\\/ksproducts.ca\\\/#website\"},\"primaryImageOfPage\":{\"@id\":\"https:\\\/\\\/ksproducts.ca\\\/product\\\/luxor-2-shelf-collapsible-wire-utility-cart-silver\\\/#primaryimage\"},\"image\":{\"@id\":\"https:\\\/\\\/ksproducts.ca\\\/product\\\/luxor-2-shelf-collapsible-wire-utility-cart-silver\\\/#primaryimage\"},\"thumbnailUrl\":\"https:\\\/\\\/ksproducts.ca\\\/wp-content\\\/uploads\\\/2026\\\/03\\\/Luxor-2-Shelf-Collapsible-Wire-Utility-Cart-Silver.webp\",\"datePublished\":\"2026-03-13T13:43:56+00:00\",\"dateModified\":\"2026-03-13T13:43:57+00:00\",\"breadcrumb\":{\"@id\":\"https:\\\/\\\/ksproducts.ca\\\/product\\\/luxor-2-shelf-collapsible-wire-utility-cart-silver\\\/#breadcrumb\"},\"inLanguage\":\"fr-CA\",\"potentialAction\":[{\"@type\":\"ReadAction\",\"target\":[\"https:\\\/\\\/ksproducts.ca\\\/product\\\/luxor-2-shelf-collapsible-wire-utility-cart-silver\\\/\"]}]},{\"@type\":\"ImageObject\",\"inLanguage\":\"fr-CA\",\"@id\":\"https:\\\/\\\/ksproducts.ca\\\/product\\\/luxor-2-shelf-collapsible-wire-utility-cart-silver\\\/#primaryimage\",\"url\":\"https:\\\/\\\/ksproducts.ca\\\/wp-content\\\/uploads\\\/2026\\\/03\\\/Luxor-2-Shelf-Collapsible-Wire-Utility-Cart-Silver.webp\",\"contentUrl\":\"https:\\\/\\\/ksproducts.ca\\\/wp-content\\\/uploads\\\/2026\\\/03\\\/Luxor-2-Shelf-Collapsible-Wire-Utility-Cart-Silver.webp\",\"width\":640,\"height\":640,\"caption\":\"Luxor 2 Shelf Collapsible Wire Utility Cart Silver\"},{\"@type\":\"BreadcrumbList\",\"@id\":\"https:\\\/\\\/ksproducts.ca\\\/product\\\/luxor-2-shelf-collapsible-wire-utility-cart-silver\\\/#breadcrumb\",\"itemListElement\":[{\"@type\":\"ListItem\",\"position\":1,\"name\":\"Home\",\"item\":\"https:\\\/\\\/ksproducts.ca\\\/\"},{\"@type\":\"ListItem\",\"position\":2,\"name\":\"Shop\",\"item\":\"https:\\\/\\\/ksproducts.ca\\\/shop\\\/\"},{\"@type\":\"ListItem\",\"position\":3,\"name\":\"Luxor 2-Shelf Collapsible Wire Utility Cart &#8211; Silver\"}]},{\"@type\":\"WebSite\",\"@id\":\"https:\\\/\\\/ksproducts.ca\\\/#website\",\"url\":\"https:\\\/\\\/ksproducts.ca\\\/\",\"name\":\"Ks Products\",\"description\":\"Outdoor cooking and living, made easy in Canada\",\"publisher\":{\"@id\":\"https:\\\/\\\/ksproducts.ca\\\/#organization\"},\"potentialAction\":[{\"@type\":\"SearchAction\",\"target\":{\"@type\":\"EntryPoint\",\"urlTemplate\":\"https:\\\/\\\/ksproducts.ca\\\/?s={search_term_string}\"},\"query-input\":{\"@type\":\"PropertyValueSpecification\",\"valueRequired\":true,\"valueName\":\"search_term_string\"}}],\"inLanguage\":\"fr-CA\"},{\"@type\":\"Organization\",\"@id\":\"https:\\\/\\\/ksproducts.ca\\\/#organization\",\"name\":\"Ks Products\",\"url\":\"https:\\\/\\\/ksproducts.ca\\\/\",\"logo\":{\"@type\":\"ImageObject\",\"inLanguage\":\"fr-CA\",\"@id\":\"https:\\\/\\\/ksproducts.ca\\\/#\\\/schema\\\/logo\\\/image\\\/\",\"url\":\"https:\\\/\\\/ksproducts.ca\\\/wp-content\\\/uploads\\\/2023\\\/09\\\/Kennedy-Sales-Logo-header-1.png\",\"contentUrl\":\"https:\\\/\\\/ksproducts.ca\\\/wp-content\\\/uploads\\\/2023\\\/09\\\/Kennedy-Sales-Logo-header-1.png\",\"width\":150,\"height\":77,\"caption\":\"Ks Products\"},\"image\":{\"@id\":\"https:\\\/\\\/ksproducts.ca\\\/#\\\/schema\\\/logo\\\/image\\\/\"}}]}<\/script>\n<!-- \/ Yoast SEO plugin. -->","yoast_head_json":{"title":"Luxor 2-Shelf Collapsible Wire Utility Cart - Silver - Ks Products","robots":{"index":"index","follow":"follow","max-snippet":"max-snippet:-1","max-image-preview":"max-image-preview:large","max-video-preview":"max-video-preview:-1"},"canonical":"https:\/\/ksproducts.ca\/fr\/product\/luxor-2-shelf-collapsible-wire-utility-cart-silver\/","og_locale":"fr_CA","og_type":"article","og_title":"Luxor 2-Shelf Collapsible Wire Utility Cart - Silver - Ks Products","og_description":"The Luxor Furniture WSCC-2 steel utility cart features wire construction to provide proper airflow. For heavy-duty use, the cart holds up to 200 pounds. The cart can be folded for easy storage and uses a simple grab handle to help steer it. The Luxor Furniture WSCC-2 steel utility cart has four 4-inch thermoplastic rubber casters, and two come with locking brakes to keep the cart in place. Two shelves can hold equipment, supplies, and product.Wire Utility Cart, 39.5\"H, two shelf, collapsible, single-grab handle, (4) 4\" TPR casters (full swivel, two with locking brakes), maximum 200-lb capacity, Overall Dimensions: 33.75\"W x 19.5\"D x 39.5\"H, heavy-duty steel with a polished chrome finish","og_url":"https:\/\/ksproducts.ca\/fr\/product\/luxor-2-shelf-collapsible-wire-utility-cart-silver\/","og_site_name":"Ks Products","article_modified_time":"2026-03-13T13:43:57+00:00","og_image":[{"width":640,"height":640,"url":"https:\/\/ksproducts.ca\/wp-content\/uploads\/2026\/03\/Luxor-2-Shelf-Collapsible-Wire-Utility-Cart-Silver.webp","type":"image\/webp"}],"twitter_card":"summary_large_image","twitter_misc":{"Estimation du temps de lecture":"1 minute"},"schema":{"@context":"https:\/\/schema.org","@graph":[{"@type":"WebPage","@id":"https:\/\/ksproducts.ca\/product\/luxor-2-shelf-collapsible-wire-utility-cart-silver\/","url":"https:\/\/ksproducts.ca\/product\/luxor-2-shelf-collapsible-wire-utility-cart-silver\/","name":"Luxor 2-Shelf Collapsible Wire Utility Cart - Silver - Ks Products","isPartOf":{"@id":"https:\/\/ksproducts.ca\/#website"},"primaryImageOfPage":{"@id":"https:\/\/ksproducts.ca\/product\/luxor-2-shelf-collapsible-wire-utility-cart-silver\/#primaryimage"},"image":{"@id":"https:\/\/ksproducts.ca\/product\/luxor-2-shelf-collapsible-wire-utility-cart-silver\/#primaryimage"},"thumbnailUrl":"https:\/\/ksproducts.ca\/wp-content\/uploads\/2026\/03\/Luxor-2-Shelf-Collapsible-Wire-Utility-Cart-Silver.webp","datePublished":"2026-03-13T13:43:56+00:00","dateModified":"2026-03-13T13:43:57+00:00","breadcrumb":{"@id":"https:\/\/ksproducts.ca\/product\/luxor-2-shelf-collapsible-wire-utility-cart-silver\/#breadcrumb"},"inLanguage":"fr-CA","potentialAction":[{"@type":"ReadAction","target":["https:\/\/ksproducts.ca\/product\/luxor-2-shelf-collapsible-wire-utility-cart-silver\/"]}]},{"@type":"ImageObject","inLanguage":"fr-CA","@id":"https:\/\/ksproducts.ca\/product\/luxor-2-shelf-collapsible-wire-utility-cart-silver\/#primaryimage","url":"https:\/\/ksproducts.ca\/wp-content\/uploads\/2026\/03\/Luxor-2-Shelf-Collapsible-Wire-Utility-Cart-Silver.webp","contentUrl":"https:\/\/ksproducts.ca\/wp-content\/uploads\/2026\/03\/Luxor-2-Shelf-Collapsible-Wire-Utility-Cart-Silver.webp","width":640,"height":640,"caption":"Luxor 2 Shelf Collapsible Wire Utility Cart Silver"},{"@type":"BreadcrumbList","@id":"https:\/\/ksproducts.ca\/product\/luxor-2-shelf-collapsible-wire-utility-cart-silver\/#breadcrumb","itemListElement":[{"@type":"ListItem","position":1,"name":"Home","item":"https:\/\/ksproducts.ca\/"},{"@type":"ListItem","position":2,"name":"Shop","item":"https:\/\/ksproducts.ca\/shop\/"},{"@type":"ListItem","position":3,"name":"Luxor 2-Shelf Collapsible Wire Utility Cart &#8211; Silver"}]},{"@type":"WebSite","@id":"https:\/\/ksproducts.ca\/#website","url":"https:\/\/ksproducts.ca\/","name":"Produits Ks","description":"Cuisiner et vivre en plein air, c'est facile au Canada","publisher":{"@id":"https:\/\/ksproducts.ca\/#organization"},"potentialAction":[{"@type":"SearchAction","target":{"@type":"EntryPoint","urlTemplate":"https:\/\/ksproducts.ca\/?s={search_term_string}"},"query-input":{"@type":"PropertyValueSpecification","valueRequired":true,"valueName":"search_term_string"}}],"inLanguage":"fr-CA"},{"@type":"Organization","@id":"https:\/\/ksproducts.ca\/#organization","name":"Produits Ks","url":"https:\/\/ksproducts.ca\/","logo":{"@type":"ImageObject","inLanguage":"fr-CA","@id":"https:\/\/ksproducts.ca\/#\/schema\/logo\/image\/","url":"https:\/\/ksproducts.ca\/wp-content\/uploads\/2023\/09\/Kennedy-Sales-Logo-header-1.png","contentUrl":"https:\/\/ksproducts.ca\/wp-content\/uploads\/2023\/09\/Kennedy-Sales-Logo-header-1.png","width":150,"height":77,"caption":"Ks Products"},"image":{"@id":"https:\/\/ksproducts.ca\/#\/schema\/logo\/image\/"}}]}},"_links":{"self":[{"href":"https:\/\/ksproducts.ca\/fr\/wp-json\/wp\/v2\/product\/12611","targetHints":{"allow":["GET"]}}],"collection":[{"href":"https:\/\/ksproducts.ca\/fr\/wp-json\/wp\/v2\/product"}],"about":[{"href":"https:\/\/ksproducts.ca\/fr\/wp-json\/wp\/v2\/types\/product"}],"replies":[{"embeddable":true,"href":"https:\/\/ksproducts.ca\/fr\/wp-json\/wp\/v2\/comments?post=12611"}],"version-history":[{"count":1,"href":"https:\/\/ksproducts.ca\/fr\/wp-json\/wp\/v2\/product\/12611\/revisions"}],"predecessor-version":[{"id":12613,"href":"https:\/\/ksproducts.ca\/fr\/wp-json\/wp\/v2\/product\/12611\/revisions\/12613"}],"wp:featuredmedia":[{"embeddable":true,"href":"https:\/\/ksproducts.ca\/fr\/wp-json\/wp\/v2\/media\/12612"}],"wp:attachment":[{"href":"https:\/\/ksproducts.ca\/fr\/wp-json\/wp\/v2\/media?parent=12611"}],"wp:term":[{"taxonomy":"product_cat","embeddable":true,"href":"https:\/\/ksproducts.ca\/fr\/wp-json\/wp\/v2\/product_cat?post=12611"},{"taxonomy":"product_tag","embeddable":true,"href":"https:\/\/ksproducts.ca\/fr\/wp-json\/wp\/v2\/product_tag?post=12611"}],"curies":[{"name":"wp","href":"https:\/\/api.w.org\/{rel}","templated":true}]}}