{"id":12614,"date":"2026-03-13T13:46:27","date_gmt":"2026-03-13T13:46:27","guid":{"rendered":"https:\/\/ksproducts.ca\/?post_type=product&#038;p=12614"},"modified":"2026-03-13T13:46:28","modified_gmt":"2026-03-13T13:46:28","slug":"luxor-3-shelf-collapsible-wire-utility-cart-silver","status":"publish","type":"product","link":"https:\/\/ksproducts.ca\/fr\/product\/luxor-3-shelf-collapsible-wire-utility-cart-silver\/","title":{"rendered":"Luxor 3-Shelf Collapsible Wire Utility Cart - Silver"},"content":{"rendered":"<ul class=\"a-unordered-list a-vertical a-spacing-mini\">\n<li class=\"a-spacing-mini\"><span class=\"a-list-item\">Am\u00e9liorez l'efficacit\u00e9 dans les bureaux, les entrep\u00f4ts et les lieux d'accueil avec le chariot utilitaire en fil m\u00e9tallique pliable \u00e0 trois \u00e9tag\u00e8res LUXOR, qui offre un stockage robuste et une grande maniabilit\u00e9.<\/span><\/li>\n<li class=\"a-spacing-mini\"><span class=\"a-list-item\">Fabriqu\u00e9 en acier durable et dot\u00e9 d'une \u00e9l\u00e9gante finition chrom\u00e9e, ce chariot peut supporter jusqu'\u00e0 300 livres r\u00e9parties sur ses trois \u00e9tag\u00e8res spacieuses, assurant ainsi un transport fiable de divers articles.<\/span><\/li>\n<li class=\"a-spacing-mini\"><span class=\"a-list-item\">Les roulettes pivotantes de 4\u2033 en caoutchouc thermoplastique (TPR), dont deux avec frein de blocage, assurent une manipulation s\u00fbre et une bonne stabilit\u00e9 pendant l'utilisation.<\/span><\/li>\n<li class=\"a-spacing-mini\"><span class=\"a-list-item\">Sa conception pliable permet de le ranger et de le transporter sans effort, ce qui optimise l'espace lorsqu'il n'est pas utilis\u00e9.<\/span><\/li>\n<li class=\"a-spacing-mini\"><span class=\"a-list-item\">L'assemblage simple consiste \u00e0 fixer les roulettes et \u00e0 fixer les \u00e9tag\u00e8res en place, ce qui permet une installation rapide et des gains de productivit\u00e9 imm\u00e9diats dans n'importe quel environnement de travail.<\/span><\/li>\n<\/ul>","protected":false},"excerpt":{"rendered":"<p>Luxor WSCC-3 Chariot utilitaire pliable \u00e0 trois \u00e9tag\u00e8res en fil de fer, tr\u00e8s robuste, 4\u2033 roulettes en caoutchouc thermoplastique, deux avec freins verrouillables, supporte 300 livres et se replie pour le stockage, 37\u2033L x 18.25\u2033D x 30.5\u2033H<\/p>","protected":false},"featured_media":12615,"comment_status":"open","ping_status":"closed","template":"","meta":[],"product_cat":[433],"product_tag":[],"class_list":{"0":"post-12614","1":"product","2":"type-product","3":"status-publish","4":"has-post-thumbnail","6":"product_cat-utility-carts","7":"product_shipping_class-class-5","9":"first","10":"instock","11":"taxable","12":"shipping-taxable","13":"purchasable","14":"product-type-simple"},"yoast_head":"<!-- This site is optimized with the Yoast SEO plugin v27.4 - https:\/\/yoast.com\/product\/yoast-seo-wordpress\/ -->\n<title>Luxor 3-Shelf Collapsible Wire Utility Cart - Silver - Ks Products<\/title>\n<meta name=\"robots\" content=\"index, follow, max-snippet:-1, max-image-preview:large, max-video-preview:-1\" \/>\n<link rel=\"canonical\" href=\"https:\/\/ksproducts.ca\/fr\/product\/luxor-3-shelf-collapsible-wire-utility-cart-silver\/\" \/>\n<meta property=\"og:locale\" content=\"fr_CA\" \/>\n<meta property=\"og:type\" content=\"article\" \/>\n<meta property=\"og:title\" content=\"Luxor 3-Shelf Collapsible Wire Utility Cart - Silver - Ks Products\" \/>\n<meta property=\"og:description\" content=\"Luxor WSCC-3 Three-Shelf Collapsible Wire Utility Cart, Push Heavy Duty, 4&quot; Thermoplastic Rubber Casters Two with Locking Brakes,Holds 300 lbs. and Folds Up for Storage, 37&quot;W x 18.25&quot;D x 30.5&quot;H\" \/>\n<meta property=\"og:url\" content=\"https:\/\/ksproducts.ca\/fr\/product\/luxor-3-shelf-collapsible-wire-utility-cart-silver\/\" \/>\n<meta property=\"og:site_name\" content=\"Ks Products\" \/>\n<meta property=\"article:modified_time\" content=\"2026-03-13T13:46:28+00:00\" \/>\n<meta property=\"og:image\" content=\"https:\/\/ksproducts.ca\/wp-content\/uploads\/2026\/03\/Luxor-3-Shelf-Collapsible-Wire-Utility-Cart-Silver.jpg\" \/>\n\t<meta property=\"og:image:width\" content=\"300\" \/>\n\t<meta property=\"og:image:height\" content=\"258\" \/>\n\t<meta property=\"og:image:type\" content=\"image\/jpeg\" \/>\n<meta name=\"twitter:card\" content=\"summary_large_image\" \/>\n<meta name=\"twitter:label1\" content=\"Estimation du temps de lecture\" \/>\n\t<meta name=\"twitter:data1\" content=\"1 minute\" \/>\n<script type=\"application\/ld+json\" class=\"yoast-schema-graph\">{\"@context\":\"https:\\\/\\\/schema.org\",\"@graph\":[{\"@type\":\"WebPage\",\"@id\":\"https:\\\/\\\/ksproducts.ca\\\/product\\\/luxor-3-shelf-collapsible-wire-utility-cart-silver\\\/\",\"url\":\"https:\\\/\\\/ksproducts.ca\\\/product\\\/luxor-3-shelf-collapsible-wire-utility-cart-silver\\\/\",\"name\":\"Luxor 3-Shelf Collapsible Wire Utility Cart - Silver - Ks Products\",\"isPartOf\":{\"@id\":\"https:\\\/\\\/ksproducts.ca\\\/#website\"},\"primaryImageOfPage\":{\"@id\":\"https:\\\/\\\/ksproducts.ca\\\/product\\\/luxor-3-shelf-collapsible-wire-utility-cart-silver\\\/#primaryimage\"},\"image\":{\"@id\":\"https:\\\/\\\/ksproducts.ca\\\/product\\\/luxor-3-shelf-collapsible-wire-utility-cart-silver\\\/#primaryimage\"},\"thumbnailUrl\":\"https:\\\/\\\/ksproducts.ca\\\/wp-content\\\/uploads\\\/2026\\\/03\\\/Luxor-3-Shelf-Collapsible-Wire-Utility-Cart-Silver.jpg\",\"datePublished\":\"2026-03-13T13:46:27+00:00\",\"dateModified\":\"2026-03-13T13:46:28+00:00\",\"breadcrumb\":{\"@id\":\"https:\\\/\\\/ksproducts.ca\\\/product\\\/luxor-3-shelf-collapsible-wire-utility-cart-silver\\\/#breadcrumb\"},\"inLanguage\":\"fr-CA\",\"potentialAction\":[{\"@type\":\"ReadAction\",\"target\":[\"https:\\\/\\\/ksproducts.ca\\\/product\\\/luxor-3-shelf-collapsible-wire-utility-cart-silver\\\/\"]}]},{\"@type\":\"ImageObject\",\"inLanguage\":\"fr-CA\",\"@id\":\"https:\\\/\\\/ksproducts.ca\\\/product\\\/luxor-3-shelf-collapsible-wire-utility-cart-silver\\\/#primaryimage\",\"url\":\"https:\\\/\\\/ksproducts.ca\\\/wp-content\\\/uploads\\\/2026\\\/03\\\/Luxor-3-Shelf-Collapsible-Wire-Utility-Cart-Silver.jpg\",\"contentUrl\":\"https:\\\/\\\/ksproducts.ca\\\/wp-content\\\/uploads\\\/2026\\\/03\\\/Luxor-3-Shelf-Collapsible-Wire-Utility-Cart-Silver.jpg\",\"width\":300,\"height\":258,\"caption\":\"Luxor 3 Shelf Collapsible Wire Utility Cart Silver\"},{\"@type\":\"BreadcrumbList\",\"@id\":\"https:\\\/\\\/ksproducts.ca\\\/product\\\/luxor-3-shelf-collapsible-wire-utility-cart-silver\\\/#breadcrumb\",\"itemListElement\":[{\"@type\":\"ListItem\",\"position\":1,\"name\":\"Home\",\"item\":\"https:\\\/\\\/ksproducts.ca\\\/\"},{\"@type\":\"ListItem\",\"position\":2,\"name\":\"Shop\",\"item\":\"https:\\\/\\\/ksproducts.ca\\\/shop\\\/\"},{\"@type\":\"ListItem\",\"position\":3,\"name\":\"Luxor 3-Shelf Collapsible Wire Utility Cart &#8211; Silver\"}]},{\"@type\":\"WebSite\",\"@id\":\"https:\\\/\\\/ksproducts.ca\\\/#website\",\"url\":\"https:\\\/\\\/ksproducts.ca\\\/\",\"name\":\"Ks Products\",\"description\":\"Outdoor cooking and living, made easy in Canada\",\"publisher\":{\"@id\":\"https:\\\/\\\/ksproducts.ca\\\/#organization\"},\"potentialAction\":[{\"@type\":\"SearchAction\",\"target\":{\"@type\":\"EntryPoint\",\"urlTemplate\":\"https:\\\/\\\/ksproducts.ca\\\/?s={search_term_string}\"},\"query-input\":{\"@type\":\"PropertyValueSpecification\",\"valueRequired\":true,\"valueName\":\"search_term_string\"}}],\"inLanguage\":\"fr-CA\"},{\"@type\":\"Organization\",\"@id\":\"https:\\\/\\\/ksproducts.ca\\\/#organization\",\"name\":\"Ks Products\",\"url\":\"https:\\\/\\\/ksproducts.ca\\\/\",\"logo\":{\"@type\":\"ImageObject\",\"inLanguage\":\"fr-CA\",\"@id\":\"https:\\\/\\\/ksproducts.ca\\\/#\\\/schema\\\/logo\\\/image\\\/\",\"url\":\"https:\\\/\\\/ksproducts.ca\\\/wp-content\\\/uploads\\\/2023\\\/09\\\/Kennedy-Sales-Logo-header-1.png\",\"contentUrl\":\"https:\\\/\\\/ksproducts.ca\\\/wp-content\\\/uploads\\\/2023\\\/09\\\/Kennedy-Sales-Logo-header-1.png\",\"width\":150,\"height\":77,\"caption\":\"Ks Products\"},\"image\":{\"@id\":\"https:\\\/\\\/ksproducts.ca\\\/#\\\/schema\\\/logo\\\/image\\\/\"}}]}<\/script>\n<!-- \/ Yoast SEO plugin. -->","yoast_head_json":{"title":"Chariot utilitaire en fil m\u00e9tallique pliable Luxor \u00e0 3 \u00e9tag\u00e8res - Silver - Ks Products","robots":{"index":"index","follow":"follow","max-snippet":"max-snippet:-1","max-image-preview":"max-image-preview:large","max-video-preview":"max-video-preview:-1"},"canonical":"https:\/\/ksproducts.ca\/fr\/product\/luxor-3-shelf-collapsible-wire-utility-cart-silver\/","og_locale":"fr_CA","og_type":"article","og_title":"Luxor 3-Shelf Collapsible Wire Utility Cart - Silver - Ks Products","og_description":"Luxor WSCC-3 Three-Shelf Collapsible Wire Utility Cart, Push Heavy Duty, 4\" Thermoplastic Rubber Casters Two with Locking Brakes,Holds 300 lbs. and Folds Up for Storage, 37\"W x 18.25\"D x 30.5\"H","og_url":"https:\/\/ksproducts.ca\/fr\/product\/luxor-3-shelf-collapsible-wire-utility-cart-silver\/","og_site_name":"Ks Products","article_modified_time":"2026-03-13T13:46:28+00:00","og_image":[{"width":300,"height":258,"url":"https:\/\/ksproducts.ca\/wp-content\/uploads\/2026\/03\/Luxor-3-Shelf-Collapsible-Wire-Utility-Cart-Silver.jpg","type":"image\/jpeg"}],"twitter_card":"summary_large_image","twitter_misc":{"Estimation du temps de lecture":"1 minute"},"schema":{"@context":"https:\/\/schema.org","@graph":[{"@type":"WebPage","@id":"https:\/\/ksproducts.ca\/product\/luxor-3-shelf-collapsible-wire-utility-cart-silver\/","url":"https:\/\/ksproducts.ca\/product\/luxor-3-shelf-collapsible-wire-utility-cart-silver\/","name":"Chariot utilitaire en fil m\u00e9tallique pliable Luxor \u00e0 3 \u00e9tag\u00e8res - Silver - Ks Products","isPartOf":{"@id":"https:\/\/ksproducts.ca\/#website"},"primaryImageOfPage":{"@id":"https:\/\/ksproducts.ca\/product\/luxor-3-shelf-collapsible-wire-utility-cart-silver\/#primaryimage"},"image":{"@id":"https:\/\/ksproducts.ca\/product\/luxor-3-shelf-collapsible-wire-utility-cart-silver\/#primaryimage"},"thumbnailUrl":"https:\/\/ksproducts.ca\/wp-content\/uploads\/2026\/03\/Luxor-3-Shelf-Collapsible-Wire-Utility-Cart-Silver.jpg","datePublished":"2026-03-13T13:46:27+00:00","dateModified":"2026-03-13T13:46:28+00:00","breadcrumb":{"@id":"https:\/\/ksproducts.ca\/product\/luxor-3-shelf-collapsible-wire-utility-cart-silver\/#breadcrumb"},"inLanguage":"fr-CA","potentialAction":[{"@type":"ReadAction","target":["https:\/\/ksproducts.ca\/product\/luxor-3-shelf-collapsible-wire-utility-cart-silver\/"]}]},{"@type":"ImageObject","inLanguage":"fr-CA","@id":"https:\/\/ksproducts.ca\/product\/luxor-3-shelf-collapsible-wire-utility-cart-silver\/#primaryimage","url":"https:\/\/ksproducts.ca\/wp-content\/uploads\/2026\/03\/Luxor-3-Shelf-Collapsible-Wire-Utility-Cart-Silver.jpg","contentUrl":"https:\/\/ksproducts.ca\/wp-content\/uploads\/2026\/03\/Luxor-3-Shelf-Collapsible-Wire-Utility-Cart-Silver.jpg","width":300,"height":258,"caption":"Luxor 3 Shelf Collapsible Wire Utility Cart Silver"},{"@type":"BreadcrumbList","@id":"https:\/\/ksproducts.ca\/product\/luxor-3-shelf-collapsible-wire-utility-cart-silver\/#breadcrumb","itemListElement":[{"@type":"ListItem","position":1,"name":"Home","item":"https:\/\/ksproducts.ca\/"},{"@type":"ListItem","position":2,"name":"Shop","item":"https:\/\/ksproducts.ca\/shop\/"},{"@type":"ListItem","position":3,"name":"Luxor 3-Shelf Collapsible Wire Utility Cart &#8211; Silver"}]},{"@type":"WebSite","@id":"https:\/\/ksproducts.ca\/#website","url":"https:\/\/ksproducts.ca\/","name":"Produits Ks","description":"Cuisiner et vivre en plein air, c'est facile au Canada","publisher":{"@id":"https:\/\/ksproducts.ca\/#organization"},"potentialAction":[{"@type":"SearchAction","target":{"@type":"EntryPoint","urlTemplate":"https:\/\/ksproducts.ca\/?s={search_term_string}"},"query-input":{"@type":"PropertyValueSpecification","valueRequired":true,"valueName":"search_term_string"}}],"inLanguage":"fr-CA"},{"@type":"Organization","@id":"https:\/\/ksproducts.ca\/#organization","name":"Produits Ks","url":"https:\/\/ksproducts.ca\/","logo":{"@type":"ImageObject","inLanguage":"fr-CA","@id":"https:\/\/ksproducts.ca\/#\/schema\/logo\/image\/","url":"https:\/\/ksproducts.ca\/wp-content\/uploads\/2023\/09\/Kennedy-Sales-Logo-header-1.png","contentUrl":"https:\/\/ksproducts.ca\/wp-content\/uploads\/2023\/09\/Kennedy-Sales-Logo-header-1.png","width":150,"height":77,"caption":"Ks Products"},"image":{"@id":"https:\/\/ksproducts.ca\/#\/schema\/logo\/image\/"}}]}},"_links":{"self":[{"href":"https:\/\/ksproducts.ca\/fr\/wp-json\/wp\/v2\/product\/12614","targetHints":{"allow":["GET"]}}],"collection":[{"href":"https:\/\/ksproducts.ca\/fr\/wp-json\/wp\/v2\/product"}],"about":[{"href":"https:\/\/ksproducts.ca\/fr\/wp-json\/wp\/v2\/types\/product"}],"replies":[{"embeddable":true,"href":"https:\/\/ksproducts.ca\/fr\/wp-json\/wp\/v2\/comments?post=12614"}],"version-history":[{"count":1,"href":"https:\/\/ksproducts.ca\/fr\/wp-json\/wp\/v2\/product\/12614\/revisions"}],"predecessor-version":[{"id":12616,"href":"https:\/\/ksproducts.ca\/fr\/wp-json\/wp\/v2\/product\/12614\/revisions\/12616"}],"wp:featuredmedia":[{"embeddable":true,"href":"https:\/\/ksproducts.ca\/fr\/wp-json\/wp\/v2\/media\/12615"}],"wp:attachment":[{"href":"https:\/\/ksproducts.ca\/fr\/wp-json\/wp\/v2\/media?parent=12614"}],"wp:term":[{"taxonomy":"product_cat","embeddable":true,"href":"https:\/\/ksproducts.ca\/fr\/wp-json\/wp\/v2\/product_cat?post=12614"},{"taxonomy":"product_tag","embeddable":true,"href":"https:\/\/ksproducts.ca\/fr\/wp-json\/wp\/v2\/product_tag?post=12614"}],"curies":[{"name":"wp","href":"https:\/\/api.w.org\/{rel}","templated":true}]}}