{"id":12617,"date":"2026-03-13T13:49:18","date_gmt":"2026-03-13T13:49:18","guid":{"rendered":"https:\/\/ksproducts.ca\/?post_type=product&#038;p=12617"},"modified":"2026-03-13T13:49:19","modified_gmt":"2026-03-13T13:49:19","slug":"luxor-2-shelters-heavy-duty-plastic-utility-cart-with-2-flat-shelves-200lb-weight-capacity-24-x-18","status":"publish","type":"product","link":"https:\/\/ksproducts.ca\/fr\/product\/luxor-2-shelf-heavy-duty-plastic-utility-cart-with-2-flat-shelves-200lb-weight-capacity-24-x-18\/","title":{"rendered":"Luxor 2-Shelf Heavy Duty Plastic Utility Cart with 2 Flat Shelves - 200lb Weight Capacity - 24 x 18"},"content":{"rendered":"<ul>\n<li>Chariot utilitaire polyvalent parfait pour l'\u00e9quipement audio\/vid\u00e9o et plus encore<\/li>\n<li>Les \u00e9tag\u00e8res en plastique moul\u00e9 recycl\u00e9 ne se rayent pas, ne se cabossent pas, ne rouillent pas et ne se tachent pas.<\/li>\n<li>.25\u2033 l\u00e8vre de retenue bordures tablettes plates<\/li>\n<li>Poign\u00e9e de pouss\u00e9e ergonomique moul\u00e9e dans le plateau sup\u00e9rieur pour une meilleure maniabilit\u00e9<\/li>\n<li>Chariot roulant avec quatre roulettes de 4\u2033 sur roulement \u00e0 billes, dont deux avec frein de blocage<\/li>\n<li>Disponible avec un ensemble \u00e9lectrique \u00e0 trois sorties r\u00e9pertori\u00e9 UL et\/ou une armoire verrouillable en acier gris clair.<\/li>\n<li>Capacit\u00e9 de poids maximale : 400 livres (r\u00e9parties uniform\u00e9ment)<\/li>\n<\/ul>","protected":false},"excerpt":{"rendered":"<p>Fabriqu\u00e9 aux \u00c9tats-Unis, ce chariot AV robuste \u00e0 deux \u00e9tag\u00e8res est con\u00e7u pour contenir et transporter jusqu'\u00e0 400 livres d'\u00e9quipement. Fabriqu\u00e9s en plastique moul\u00e9, les \u00e9tag\u00e8res et les pieds durables ne se rayent pas, ne se cabossent pas, ne rouillent pas et ne se tachent pas. Les \u00e9tag\u00e8res sont \u00e9galement dot\u00e9es d'un rebord de retenue de 0,25\u2033 pour emp\u00eacher le contenu de glisser. Le chariot est facile \u00e0 man\u0153uvrer, qu'il soit vide ou charg\u00e9, gr\u00e2ce \u00e0 quatre roulettes pivotantes de 4\u2033 (dont deux avec frein de blocage) et \u00e0 une poign\u00e9e de pouss\u00e9e ergonomique moul\u00e9e dans l'\u00e9tag\u00e8re sup\u00e9rieure.<\/p>","protected":false},"featured_media":12618,"comment_status":"open","ping_status":"closed","template":"","meta":[],"product_cat":[433],"product_tag":[],"class_list":{"0":"post-12617","1":"product","2":"type-product","3":"status-publish","4":"has-post-thumbnail","6":"product_cat-utility-carts","7":"product_shipping_class-class-4","9":"first","10":"instock","11":"taxable","12":"shipping-taxable","13":"purchasable","14":"product-type-simple"},"yoast_head":"<!-- This site is optimized with the Yoast SEO plugin v27.3 - https:\/\/yoast.com\/product\/yoast-seo-wordpress\/ -->\n<title>Luxor 2-Shelf Heavy Duty Plastic Utility Cart with 2 Flat Shelves - 200lb Weight Capacity - 24 x 18 - Ks Products<\/title>\n<meta name=\"robots\" content=\"index, follow, max-snippet:-1, max-image-preview:large, max-video-preview:-1\" \/>\n<link rel=\"canonical\" href=\"https:\/\/ksproducts.ca\/fr\/product\/luxor-2-shelters-heavy-duty-plastic-utility-cart-with-2-flat-shelves-200lb-weight-capacity-24-x-18\/\" \/>\n<meta property=\"og:locale\" content=\"fr_CA\" \/>\n<meta property=\"og:type\" content=\"article\" \/>\n<meta property=\"og:title\" content=\"Luxor 2-Shelf Heavy Duty Plastic Utility Cart with 2 Flat Shelves - 200lb Weight Capacity - 24 x 18 - Ks Products\" \/>\n<meta property=\"og:description\" content=\"Made in the USA, this sturdy, two-shelf AV cart is designed to hold and haul up to 400 lbs. of equipment. Made of molded plastic, the durable shelves and legs won&#039;t scratch, dent, rust or stain. Shelves also feature a .25&quot; retaining lip to prevent contents from sliding off. Maneuvering the cart when empty or fully loaded is easy thanks to four 4&quot; full-swivel casters (two with locking brake) and an ergonomic push handle molded into the top shelf.\" \/>\n<meta property=\"og:url\" content=\"https:\/\/ksproducts.ca\/fr\/product\/luxor-2-shelters-heavy-duty-plastic-utility-cart-with-2-flat-shelves-200lb-weight-capacity-24-x-18\/\" \/>\n<meta property=\"og:site_name\" content=\"Ks Products\" \/>\n<meta property=\"article:modified_time\" content=\"2026-03-13T13:49:19+00:00\" \/>\n<meta property=\"og:image\" content=\"https:\/\/ksproducts.ca\/wp-content\/uploads\/2026\/03\/Luxor-2-Shelf-Heavy-Duty-Plastic-Utility-Cart-with-2-Flat-Shelves-200lb-Weight-Capacity-24-x-18.jpg\" \/>\n\t<meta property=\"og:image:width\" content=\"600\" \/>\n\t<meta property=\"og:image:height\" content=\"600\" \/>\n\t<meta property=\"og:image:type\" content=\"image\/jpeg\" \/>\n<meta name=\"twitter:card\" content=\"summary_large_image\" \/>\n<meta name=\"twitter:label1\" content=\"Estimation du temps de lecture\" \/>\n\t<meta name=\"twitter:data1\" content=\"1 minute\" \/>\n<script type=\"application\/ld+json\" class=\"yoast-schema-graph\">{\"@context\":\"https:\\\/\\\/schema.org\",\"@graph\":[{\"@type\":\"WebPage\",\"@id\":\"https:\\\/\\\/ksproducts.ca\\\/product\\\/luxor-2-shelf-heavy-duty-plastic-utility-cart-with-2-flat-shelves-200lb-weight-capacity-24-x-18\\\/\",\"url\":\"https:\\\/\\\/ksproducts.ca\\\/product\\\/luxor-2-shelf-heavy-duty-plastic-utility-cart-with-2-flat-shelves-200lb-weight-capacity-24-x-18\\\/\",\"name\":\"Luxor 2-Shelf Heavy Duty Plastic Utility Cart with 2 Flat Shelves - 200lb Weight Capacity - 24 x 18 - Ks Products\",\"isPartOf\":{\"@id\":\"https:\\\/\\\/ksproducts.ca\\\/#website\"},\"primaryImageOfPage\":{\"@id\":\"https:\\\/\\\/ksproducts.ca\\\/product\\\/luxor-2-shelf-heavy-duty-plastic-utility-cart-with-2-flat-shelves-200lb-weight-capacity-24-x-18\\\/#primaryimage\"},\"image\":{\"@id\":\"https:\\\/\\\/ksproducts.ca\\\/product\\\/luxor-2-shelf-heavy-duty-plastic-utility-cart-with-2-flat-shelves-200lb-weight-capacity-24-x-18\\\/#primaryimage\"},\"thumbnailUrl\":\"https:\\\/\\\/ksproducts.ca\\\/wp-content\\\/uploads\\\/2026\\\/03\\\/Luxor-2-Shelf-Heavy-Duty-Plastic-Utility-Cart-with-2-Flat-Shelves-200lb-Weight-Capacity-24-x-18.jpg\",\"datePublished\":\"2026-03-13T13:49:18+00:00\",\"dateModified\":\"2026-03-13T13:49:19+00:00\",\"breadcrumb\":{\"@id\":\"https:\\\/\\\/ksproducts.ca\\\/product\\\/luxor-2-shelf-heavy-duty-plastic-utility-cart-with-2-flat-shelves-200lb-weight-capacity-24-x-18\\\/#breadcrumb\"},\"inLanguage\":\"fr-CA\",\"potentialAction\":[{\"@type\":\"ReadAction\",\"target\":[\"https:\\\/\\\/ksproducts.ca\\\/product\\\/luxor-2-shelf-heavy-duty-plastic-utility-cart-with-2-flat-shelves-200lb-weight-capacity-24-x-18\\\/\"]}]},{\"@type\":\"ImageObject\",\"inLanguage\":\"fr-CA\",\"@id\":\"https:\\\/\\\/ksproducts.ca\\\/product\\\/luxor-2-shelf-heavy-duty-plastic-utility-cart-with-2-flat-shelves-200lb-weight-capacity-24-x-18\\\/#primaryimage\",\"url\":\"https:\\\/\\\/ksproducts.ca\\\/wp-content\\\/uploads\\\/2026\\\/03\\\/Luxor-2-Shelf-Heavy-Duty-Plastic-Utility-Cart-with-2-Flat-Shelves-200lb-Weight-Capacity-24-x-18.jpg\",\"contentUrl\":\"https:\\\/\\\/ksproducts.ca\\\/wp-content\\\/uploads\\\/2026\\\/03\\\/Luxor-2-Shelf-Heavy-Duty-Plastic-Utility-Cart-with-2-Flat-Shelves-200lb-Weight-Capacity-24-x-18.jpg\",\"width\":600,\"height\":600,\"caption\":\"Luxor 2 Shelf Heavy Duty Plastic Utility Cart with 2 Flat Shelves 200lb Weight Capacity 24 x 18\"},{\"@type\":\"BreadcrumbList\",\"@id\":\"https:\\\/\\\/ksproducts.ca\\\/product\\\/luxor-2-shelf-heavy-duty-plastic-utility-cart-with-2-flat-shelves-200lb-weight-capacity-24-x-18\\\/#breadcrumb\",\"itemListElement\":[{\"@type\":\"ListItem\",\"position\":1,\"name\":\"Home\",\"item\":\"https:\\\/\\\/ksproducts.ca\\\/\"},{\"@type\":\"ListItem\",\"position\":2,\"name\":\"Shop\",\"item\":\"https:\\\/\\\/ksproducts.ca\\\/shop\\\/\"},{\"@type\":\"ListItem\",\"position\":3,\"name\":\"Luxor 2-Shelf Heavy Duty Plastic Utility Cart with 2 Flat Shelves &#8211; 200lb Weight Capacity &#8211; 24 x 18\"}]},{\"@type\":\"WebSite\",\"@id\":\"https:\\\/\\\/ksproducts.ca\\\/#website\",\"url\":\"https:\\\/\\\/ksproducts.ca\\\/\",\"name\":\"Ks Products\",\"description\":\"Outdoor cooking and living, made easy in Canada\",\"publisher\":{\"@id\":\"https:\\\/\\\/ksproducts.ca\\\/#organization\"},\"potentialAction\":[{\"@type\":\"SearchAction\",\"target\":{\"@type\":\"EntryPoint\",\"urlTemplate\":\"https:\\\/\\\/ksproducts.ca\\\/?s={search_term_string}\"},\"query-input\":{\"@type\":\"PropertyValueSpecification\",\"valueRequired\":true,\"valueName\":\"search_term_string\"}}],\"inLanguage\":\"fr-CA\"},{\"@type\":\"Organization\",\"@id\":\"https:\\\/\\\/ksproducts.ca\\\/#organization\",\"name\":\"Ks Products\",\"url\":\"https:\\\/\\\/ksproducts.ca\\\/\",\"logo\":{\"@type\":\"ImageObject\",\"inLanguage\":\"fr-CA\",\"@id\":\"https:\\\/\\\/ksproducts.ca\\\/#\\\/schema\\\/logo\\\/image\\\/\",\"url\":\"https:\\\/\\\/ksproducts.ca\\\/wp-content\\\/uploads\\\/2023\\\/09\\\/Kennedy-Sales-Logo-header-1.png\",\"contentUrl\":\"https:\\\/\\\/ksproducts.ca\\\/wp-content\\\/uploads\\\/2023\\\/09\\\/Kennedy-Sales-Logo-header-1.png\",\"width\":150,\"height\":77,\"caption\":\"Ks Products\"},\"image\":{\"@id\":\"https:\\\/\\\/ksproducts.ca\\\/#\\\/schema\\\/logo\\\/image\\\/\"}}]}<\/script>\n<!-- \/ Yoast SEO plugin. -->","yoast_head_json":{"title":"Luxor 2-Shelf Heavy Duty Plastic Utility Cart with 2 Flat Shelves - 200lb Weight Capacity - 24 x 18 - Ks Products","robots":{"index":"index","follow":"follow","max-snippet":"max-snippet:-1","max-image-preview":"max-image-preview:large","max-video-preview":"max-video-preview:-1"},"canonical":"https:\/\/ksproducts.ca\/fr\/product\/luxor-2-shelters-heavy-duty-plastic-utility-cart-with-2-flat-shelves-200lb-weight-capacity-24-x-18\/","og_locale":"fr_CA","og_type":"article","og_title":"Luxor 2-Shelf Heavy Duty Plastic Utility Cart with 2 Flat Shelves - 200lb Weight Capacity - 24 x 18 - Ks Products","og_description":"Made in the USA, this sturdy, two-shelf AV cart is designed to hold and haul up to 400 lbs. of equipment. Made of molded plastic, the durable shelves and legs won't scratch, dent, rust or stain. Shelves also feature a .25\" retaining lip to prevent contents from sliding off. Maneuvering the cart when empty or fully loaded is easy thanks to four 4\" full-swivel casters (two with locking brake) and an ergonomic push handle molded into the top shelf.","og_url":"https:\/\/ksproducts.ca\/fr\/product\/luxor-2-shelters-heavy-duty-plastic-utility-cart-with-2-flat-shelves-200lb-weight-capacity-24-x-18\/","og_site_name":"Ks Products","article_modified_time":"2026-03-13T13:49:19+00:00","og_image":[{"width":600,"height":600,"url":"https:\/\/ksproducts.ca\/wp-content\/uploads\/2026\/03\/Luxor-2-Shelf-Heavy-Duty-Plastic-Utility-Cart-with-2-Flat-Shelves-200lb-Weight-Capacity-24-x-18.jpg","type":"image\/jpeg"}],"twitter_card":"summary_large_image","twitter_misc":{"Estimation du temps de lecture":"1 minute"},"schema":{"@context":"https:\/\/schema.org","@graph":[{"@type":"WebPage","@id":"https:\/\/ksproducts.ca\/product\/luxor-2-shelf-heavy-duty-plastic-utility-cart-with-2-flat-shelves-200lb-weight-capacity-24-x-18\/","url":"https:\/\/ksproducts.ca\/product\/luxor-2-shelf-heavy-duty-plastic-utility-cart-with-2-flat-shelves-200lb-weight-capacity-24-x-18\/","name":"Luxor 2-Shelf Heavy Duty Plastic Utility Cart with 2 Flat Shelves - 200lb Weight Capacity - 24 x 18 - Ks Products","isPartOf":{"@id":"https:\/\/ksproducts.ca\/#website"},"primaryImageOfPage":{"@id":"https:\/\/ksproducts.ca\/product\/luxor-2-shelf-heavy-duty-plastic-utility-cart-with-2-flat-shelves-200lb-weight-capacity-24-x-18\/#primaryimage"},"image":{"@id":"https:\/\/ksproducts.ca\/product\/luxor-2-shelf-heavy-duty-plastic-utility-cart-with-2-flat-shelves-200lb-weight-capacity-24-x-18\/#primaryimage"},"thumbnailUrl":"https:\/\/ksproducts.ca\/wp-content\/uploads\/2026\/03\/Luxor-2-Shelf-Heavy-Duty-Plastic-Utility-Cart-with-2-Flat-Shelves-200lb-Weight-Capacity-24-x-18.jpg","datePublished":"2026-03-13T13:49:18+00:00","dateModified":"2026-03-13T13:49:19+00:00","breadcrumb":{"@id":"https:\/\/ksproducts.ca\/product\/luxor-2-shelf-heavy-duty-plastic-utility-cart-with-2-flat-shelves-200lb-weight-capacity-24-x-18\/#breadcrumb"},"inLanguage":"fr-CA","potentialAction":[{"@type":"ReadAction","target":["https:\/\/ksproducts.ca\/product\/luxor-2-shelf-heavy-duty-plastic-utility-cart-with-2-flat-shelves-200lb-weight-capacity-24-x-18\/"]}]},{"@type":"ImageObject","inLanguage":"fr-CA","@id":"https:\/\/ksproducts.ca\/product\/luxor-2-shelf-heavy-duty-plastic-utility-cart-with-2-flat-shelves-200lb-weight-capacity-24-x-18\/#primaryimage","url":"https:\/\/ksproducts.ca\/wp-content\/uploads\/2026\/03\/Luxor-2-Shelf-Heavy-Duty-Plastic-Utility-Cart-with-2-Flat-Shelves-200lb-Weight-Capacity-24-x-18.jpg","contentUrl":"https:\/\/ksproducts.ca\/wp-content\/uploads\/2026\/03\/Luxor-2-Shelf-Heavy-Duty-Plastic-Utility-Cart-with-2-Flat-Shelves-200lb-Weight-Capacity-24-x-18.jpg","width":600,"height":600,"caption":"Luxor 2 Shelf Heavy Duty Plastic Utility Cart with 2 Flat Shelves 200lb Weight Capacity 24 x 18"},{"@type":"BreadcrumbList","@id":"https:\/\/ksproducts.ca\/product\/luxor-2-shelf-heavy-duty-plastic-utility-cart-with-2-flat-shelves-200lb-weight-capacity-24-x-18\/#breadcrumb","itemListElement":[{"@type":"ListItem","position":1,"name":"Home","item":"https:\/\/ksproducts.ca\/"},{"@type":"ListItem","position":2,"name":"Shop","item":"https:\/\/ksproducts.ca\/shop\/"},{"@type":"ListItem","position":3,"name":"Luxor 2-Shelf Heavy Duty Plastic Utility Cart with 2 Flat Shelves &#8211; 200lb Weight Capacity &#8211; 24 x 18"}]},{"@type":"WebSite","@id":"https:\/\/ksproducts.ca\/#website","url":"https:\/\/ksproducts.ca\/","name":"Produits Ks","description":"Cuisiner et vivre en plein air, c'est facile au Canada","publisher":{"@id":"https:\/\/ksproducts.ca\/#organization"},"potentialAction":[{"@type":"SearchAction","target":{"@type":"EntryPoint","urlTemplate":"https:\/\/ksproducts.ca\/?s={search_term_string}"},"query-input":{"@type":"PropertyValueSpecification","valueRequired":true,"valueName":"search_term_string"}}],"inLanguage":"fr-CA"},{"@type":"Organization","@id":"https:\/\/ksproducts.ca\/#organization","name":"Produits Ks","url":"https:\/\/ksproducts.ca\/","logo":{"@type":"ImageObject","inLanguage":"fr-CA","@id":"https:\/\/ksproducts.ca\/#\/schema\/logo\/image\/","url":"https:\/\/ksproducts.ca\/wp-content\/uploads\/2023\/09\/Kennedy-Sales-Logo-header-1.png","contentUrl":"https:\/\/ksproducts.ca\/wp-content\/uploads\/2023\/09\/Kennedy-Sales-Logo-header-1.png","width":150,"height":77,"caption":"Ks Products"},"image":{"@id":"https:\/\/ksproducts.ca\/#\/schema\/logo\/image\/"}}]}},"_links":{"self":[{"href":"https:\/\/ksproducts.ca\/fr\/wp-json\/wp\/v2\/product\/12617","targetHints":{"allow":["GET"]}}],"collection":[{"href":"https:\/\/ksproducts.ca\/fr\/wp-json\/wp\/v2\/product"}],"about":[{"href":"https:\/\/ksproducts.ca\/fr\/wp-json\/wp\/v2\/types\/product"}],"replies":[{"embeddable":true,"href":"https:\/\/ksproducts.ca\/fr\/wp-json\/wp\/v2\/comments?post=12617"}],"version-history":[{"count":1,"href":"https:\/\/ksproducts.ca\/fr\/wp-json\/wp\/v2\/product\/12617\/revisions"}],"predecessor-version":[{"id":12619,"href":"https:\/\/ksproducts.ca\/fr\/wp-json\/wp\/v2\/product\/12617\/revisions\/12619"}],"wp:featuredmedia":[{"embeddable":true,"href":"https:\/\/ksproducts.ca\/fr\/wp-json\/wp\/v2\/media\/12618"}],"wp:attachment":[{"href":"https:\/\/ksproducts.ca\/fr\/wp-json\/wp\/v2\/media?parent=12617"}],"wp:term":[{"taxonomy":"product_cat","embeddable":true,"href":"https:\/\/ksproducts.ca\/fr\/wp-json\/wp\/v2\/product_cat?post=12617"},{"taxonomy":"product_tag","embeddable":true,"href":"https:\/\/ksproducts.ca\/fr\/wp-json\/wp\/v2\/product_tag?post=12617"}],"curies":[{"name":"wp","href":"https:\/\/api.w.org\/{rel}","templated":true}]}}