{"id":12624,"date":"2026-03-13T14:05:42","date_gmt":"2026-03-13T14:05:42","guid":{"rendered":"https:\/\/ksproducts.ca\/?post_type=product&#038;p=12624"},"modified":"2026-03-13T14:10:55","modified_gmt":"2026-03-13T14:10:55","slug":"luxor-34inch-3-shelf-heavy-duty-plastic-utility-cart-with-3-flat-shelves-300lb-weight-capacity-black-with-black-legs-24-x-18","status":"publish","type":"product","link":"https:\/\/ksproducts.ca\/fr\/product\/luxor-34inch-3-shelf-heavy-duty-plastic-utility-cart-with-3-flat-shelves-300lb-weight-capacity-black-with-black-legs-24-x-18\/","title":{"rendered":"Luxor 34inch 3-Shelf Heavy Duty Plastic Cart with 3 Flat Shelves - 300lb Weight Capacity - Black with Black Legs - 24 x 18"},"content":{"rendered":"<ul>\n<li>Chariot utilitaire polyvalent parfait pour l'\u00e9quipement audio\/vid\u00e9o et plus encore<\/li>\n<li>Les \u00e9tag\u00e8res en plastique moul\u00e9 ne se tachent pas, ne se rayent pas, ne se cabossent pas et ne rouillent pas.<\/li>\n<li>Comprend trois \u00e9tag\u00e8res plates<\/li>\n<li>.Le rebord de retenue de 0,25\u2033 borde les tablettes plates avec des coussinets de s\u00e9curit\u00e9 \u00e0 prise s\u00fbre pour assurer un glissement minimal.<\/li>\n<li>Poign\u00e9e de pouss\u00e9e ergonomique moul\u00e9e dans le plateau sup\u00e9rieur pour une meilleure maniabilit\u00e9<\/li>\n<li>Chariot roulant avec quatre roulettes \u00e0 roulement \u00e0 billes de 4\u2033, dont deux avec frein de blocage, pour la mobilit\u00e9 et la stabilit\u00e9.<\/li>\n<li>Trois prises \u00e9lectriques list\u00e9es UL avec un cordon de 15\u2032 et un syst\u00e8me de gestion du cordon pour garder le chariot propre et organis\u00e9.<\/li>\n<li>Disponible avec une armoire verrouill\u00e9e en acier de calibre 20<\/li>\n<li>Capacit\u00e9 de poids maximale : 300 livres (r\u00e9parties uniform\u00e9ment)<\/li>\n<\/ul>","protected":false},"excerpt":{"rendered":"<p>Id\u00e9al pour transporter et maintenir l'\u00e9quipement audiovisuel ou d'autres articles lourds, ce chariot utilitaire robuste a une capacit\u00e9 de poids maximale impressionnante de 400 livres. Ses trois \u00e9tag\u00e8res sont dot\u00e9es d'un rebord de retenue de 0,25\u2033 pour maintenir les articles en place et sont fabriqu\u00e9es en plastique moul\u00e9 qui ne se raye pas, ne se cabosse pas, ne rouille pas et ne se tache pas. Quatre roulettes robustes de 4\u2033 (dont deux avec frein de blocage) rendent ce chariot mobile facile \u00e0 man\u0153uvrer, et une poign\u00e9e ergonomique moul\u00e9e dans l'\u00e9tag\u00e8re sup\u00e9rieure avec trois prises \u00e9lectriques int\u00e9gr\u00e9es r\u00e9pertori\u00e9es UL offre un acc\u00e8s pratique \u00e0 l'alimentation.<\/p>","protected":false},"featured_media":12628,"comment_status":"open","ping_status":"closed","template":"","meta":[],"product_cat":[433],"product_tag":[],"class_list":{"0":"post-12624","1":"product","2":"type-product","3":"status-publish","4":"has-post-thumbnail","6":"product_cat-utility-carts","7":"product_shipping_class-class-3","9":"first","10":"instock","11":"taxable","12":"shipping-taxable","13":"purchasable","14":"product-type-simple"},"yoast_head":"<!-- This site is optimized with the Yoast SEO plugin v27.4 - https:\/\/yoast.com\/product\/yoast-seo-wordpress\/ -->\n<title>Luxor 34inch 3-Shelf Heavy Duty Plastic Utility Cart with 3 Flat Shelves - 300lb Weight Capacity - Black with Black Legs - 24 x 18 - Ks Products<\/title>\n<meta name=\"robots\" content=\"index, follow, max-snippet:-1, max-image-preview:large, max-video-preview:-1\" \/>\n<link rel=\"canonical\" href=\"https:\/\/ksproducts.ca\/fr\/product\/luxor-34inch-3-shelf-heavy-duty-plastic-utility-cart-with-3-flat-shelves-300lb-weight-capacity-black-with-black-legs-24-x-18\/\" \/>\n<meta property=\"og:locale\" content=\"fr_CA\" \/>\n<meta property=\"og:type\" content=\"article\" \/>\n<meta property=\"og:title\" content=\"Luxor 34inch 3-Shelf Heavy Duty Plastic Utility Cart with 3 Flat Shelves - 300lb Weight Capacity - Black with Black Legs - 24 x 18 - Ks Products\" \/>\n<meta property=\"og:description\" content=\"Ideal for transporting and holding AV equipment or other heavy items, this sturdy utility cart has an impressive maximum weight capacity of 400 lbs. Its three shelves offer a .25&quot; retaining lip to secure items in place and are made of molded plastic that won&#039;t scratch, dent, rust or stain. Four 4&quot; heavy-duty casters (two with locking brake) make this mobile cart easy to maneuver, and an ergonomic handle molded into the top shelf with integrated three-outlet UL-Listed electrical assembly offers convenient access to power.\" \/>\n<meta property=\"og:url\" content=\"https:\/\/ksproducts.ca\/fr\/product\/luxor-34inch-3-shelf-heavy-duty-plastic-utility-cart-with-3-flat-shelves-300lb-weight-capacity-black-with-black-legs-24-x-18\/\" \/>\n<meta property=\"og:site_name\" content=\"Ks Products\" \/>\n<meta property=\"article:modified_time\" content=\"2026-03-13T14:10:55+00:00\" \/>\n<meta property=\"og:image\" content=\"https:\/\/ksproducts.ca\/wp-content\/uploads\/2026\/03\/Luxor-34inch-3-Shelf-Heavy-Duty-Plastic-Utility-Cart-with-3-Flat-Shelves-300lb-Weight-Capacity-Black-with-Black-Legs-24-x-18-1.jpg\" \/>\n\t<meta property=\"og:image:width\" content=\"600\" \/>\n\t<meta property=\"og:image:height\" content=\"600\" \/>\n\t<meta property=\"og:image:type\" content=\"image\/jpeg\" \/>\n<meta name=\"twitter:card\" content=\"summary_large_image\" \/>\n<meta name=\"twitter:label1\" content=\"Estimation du temps de lecture\" \/>\n\t<meta name=\"twitter:data1\" content=\"1 minute\" \/>\n<script type=\"application\/ld+json\" class=\"yoast-schema-graph\">{\"@context\":\"https:\\\/\\\/schema.org\",\"@graph\":[{\"@type\":\"WebPage\",\"@id\":\"https:\\\/\\\/ksproducts.ca\\\/product\\\/luxor-34inch-3-shelf-heavy-duty-plastic-utility-cart-with-3-flat-shelves-300lb-weight-capacity-black-with-black-legs-24-x-18\\\/\",\"url\":\"https:\\\/\\\/ksproducts.ca\\\/product\\\/luxor-34inch-3-shelf-heavy-duty-plastic-utility-cart-with-3-flat-shelves-300lb-weight-capacity-black-with-black-legs-24-x-18\\\/\",\"name\":\"Luxor 34inch 3-Shelf Heavy Duty Plastic Utility Cart with 3 Flat Shelves - 300lb Weight Capacity - Black with Black Legs - 24 x 18 - Ks Products\",\"isPartOf\":{\"@id\":\"https:\\\/\\\/ksproducts.ca\\\/#website\"},\"primaryImageOfPage\":{\"@id\":\"https:\\\/\\\/ksproducts.ca\\\/product\\\/luxor-34inch-3-shelf-heavy-duty-plastic-utility-cart-with-3-flat-shelves-300lb-weight-capacity-black-with-black-legs-24-x-18\\\/#primaryimage\"},\"image\":{\"@id\":\"https:\\\/\\\/ksproducts.ca\\\/product\\\/luxor-34inch-3-shelf-heavy-duty-plastic-utility-cart-with-3-flat-shelves-300lb-weight-capacity-black-with-black-legs-24-x-18\\\/#primaryimage\"},\"thumbnailUrl\":\"https:\\\/\\\/ksproducts.ca\\\/wp-content\\\/uploads\\\/2026\\\/03\\\/Luxor-34inch-3-Shelf-Heavy-Duty-Plastic-Utility-Cart-with-3-Flat-Shelves-300lb-Weight-Capacity-Black-with-Black-Legs-24-x-18-1.jpg\",\"datePublished\":\"2026-03-13T14:05:42+00:00\",\"dateModified\":\"2026-03-13T14:10:55+00:00\",\"breadcrumb\":{\"@id\":\"https:\\\/\\\/ksproducts.ca\\\/product\\\/luxor-34inch-3-shelf-heavy-duty-plastic-utility-cart-with-3-flat-shelves-300lb-weight-capacity-black-with-black-legs-24-x-18\\\/#breadcrumb\"},\"inLanguage\":\"fr-CA\",\"potentialAction\":[{\"@type\":\"ReadAction\",\"target\":[\"https:\\\/\\\/ksproducts.ca\\\/product\\\/luxor-34inch-3-shelf-heavy-duty-plastic-utility-cart-with-3-flat-shelves-300lb-weight-capacity-black-with-black-legs-24-x-18\\\/\"]}]},{\"@type\":\"ImageObject\",\"inLanguage\":\"fr-CA\",\"@id\":\"https:\\\/\\\/ksproducts.ca\\\/product\\\/luxor-34inch-3-shelf-heavy-duty-plastic-utility-cart-with-3-flat-shelves-300lb-weight-capacity-black-with-black-legs-24-x-18\\\/#primaryimage\",\"url\":\"https:\\\/\\\/ksproducts.ca\\\/wp-content\\\/uploads\\\/2026\\\/03\\\/Luxor-34inch-3-Shelf-Heavy-Duty-Plastic-Utility-Cart-with-3-Flat-Shelves-300lb-Weight-Capacity-Black-with-Black-Legs-24-x-18-1.jpg\",\"contentUrl\":\"https:\\\/\\\/ksproducts.ca\\\/wp-content\\\/uploads\\\/2026\\\/03\\\/Luxor-34inch-3-Shelf-Heavy-Duty-Plastic-Utility-Cart-with-3-Flat-Shelves-300lb-Weight-Capacity-Black-with-Black-Legs-24-x-18-1.jpg\",\"width\":600,\"height\":600,\"caption\":\"Luxor 34inch 3 Shelf Heavy Duty Plastic Utility Cart with 3 Flat Shelves 300lb Weight Capacity Black with Black Legs 24 x 18\"},{\"@type\":\"BreadcrumbList\",\"@id\":\"https:\\\/\\\/ksproducts.ca\\\/product\\\/luxor-34inch-3-shelf-heavy-duty-plastic-utility-cart-with-3-flat-shelves-300lb-weight-capacity-black-with-black-legs-24-x-18\\\/#breadcrumb\",\"itemListElement\":[{\"@type\":\"ListItem\",\"position\":1,\"name\":\"Home\",\"item\":\"https:\\\/\\\/ksproducts.ca\\\/\"},{\"@type\":\"ListItem\",\"position\":2,\"name\":\"Shop\",\"item\":\"https:\\\/\\\/ksproducts.ca\\\/shop\\\/\"},{\"@type\":\"ListItem\",\"position\":3,\"name\":\"Luxor 34inch 3-Shelf Heavy Duty Plastic Utility Cart with 3 Flat Shelves &#8211; 300lb Weight Capacity &#8211; Black with Black Legs &#8211; 24 x 18\"}]},{\"@type\":\"WebSite\",\"@id\":\"https:\\\/\\\/ksproducts.ca\\\/#website\",\"url\":\"https:\\\/\\\/ksproducts.ca\\\/\",\"name\":\"Ks Products\",\"description\":\"Outdoor cooking and living, made easy in Canada\",\"publisher\":{\"@id\":\"https:\\\/\\\/ksproducts.ca\\\/#organization\"},\"potentialAction\":[{\"@type\":\"SearchAction\",\"target\":{\"@type\":\"EntryPoint\",\"urlTemplate\":\"https:\\\/\\\/ksproducts.ca\\\/?s={search_term_string}\"},\"query-input\":{\"@type\":\"PropertyValueSpecification\",\"valueRequired\":true,\"valueName\":\"search_term_string\"}}],\"inLanguage\":\"fr-CA\"},{\"@type\":\"Organization\",\"@id\":\"https:\\\/\\\/ksproducts.ca\\\/#organization\",\"name\":\"Ks Products\",\"url\":\"https:\\\/\\\/ksproducts.ca\\\/\",\"logo\":{\"@type\":\"ImageObject\",\"inLanguage\":\"fr-CA\",\"@id\":\"https:\\\/\\\/ksproducts.ca\\\/#\\\/schema\\\/logo\\\/image\\\/\",\"url\":\"https:\\\/\\\/ksproducts.ca\\\/wp-content\\\/uploads\\\/2023\\\/09\\\/Kennedy-Sales-Logo-header-1.png\",\"contentUrl\":\"https:\\\/\\\/ksproducts.ca\\\/wp-content\\\/uploads\\\/2023\\\/09\\\/Kennedy-Sales-Logo-header-1.png\",\"width\":150,\"height\":77,\"caption\":\"Ks Products\"},\"image\":{\"@id\":\"https:\\\/\\\/ksproducts.ca\\\/#\\\/schema\\\/logo\\\/image\\\/\"}}]}<\/script>\n<!-- \/ Yoast SEO plugin. -->","yoast_head_json":{"title":"Luxor 34inch 3-Shelf Heavy Duty Plastic Cart with 3 Flat Shelves - 300lb Weight Capacity - Black with Black Legs - 24 x 18 - Ks Products","robots":{"index":"index","follow":"follow","max-snippet":"max-snippet:-1","max-image-preview":"max-image-preview:large","max-video-preview":"max-video-preview:-1"},"canonical":"https:\/\/ksproducts.ca\/fr\/product\/luxor-34inch-3-shelf-heavy-duty-plastic-utility-cart-with-3-flat-shelves-300lb-weight-capacity-black-with-black-legs-24-x-18\/","og_locale":"fr_CA","og_type":"article","og_title":"Luxor 34inch 3-Shelf Heavy Duty Plastic Utility Cart with 3 Flat Shelves - 300lb Weight Capacity - Black with Black Legs - 24 x 18 - Ks Products","og_description":"Ideal for transporting and holding AV equipment or other heavy items, this sturdy utility cart has an impressive maximum weight capacity of 400 lbs. Its three shelves offer a .25\" retaining lip to secure items in place and are made of molded plastic that won't scratch, dent, rust or stain. Four 4\" heavy-duty casters (two with locking brake) make this mobile cart easy to maneuver, and an ergonomic handle molded into the top shelf with integrated three-outlet UL-Listed electrical assembly offers convenient access to power.","og_url":"https:\/\/ksproducts.ca\/fr\/product\/luxor-34inch-3-shelf-heavy-duty-plastic-utility-cart-with-3-flat-shelves-300lb-weight-capacity-black-with-black-legs-24-x-18\/","og_site_name":"Ks Products","article_modified_time":"2026-03-13T14:10:55+00:00","og_image":[{"width":600,"height":600,"url":"https:\/\/ksproducts.ca\/wp-content\/uploads\/2026\/03\/Luxor-34inch-3-Shelf-Heavy-Duty-Plastic-Utility-Cart-with-3-Flat-Shelves-300lb-Weight-Capacity-Black-with-Black-Legs-24-x-18-1.jpg","type":"image\/jpeg"}],"twitter_card":"summary_large_image","twitter_misc":{"Estimation du temps de lecture":"1 minute"},"schema":{"@context":"https:\/\/schema.org","@graph":[{"@type":"WebPage","@id":"https:\/\/ksproducts.ca\/product\/luxor-34inch-3-shelf-heavy-duty-plastic-utility-cart-with-3-flat-shelves-300lb-weight-capacity-black-with-black-legs-24-x-18\/","url":"https:\/\/ksproducts.ca\/product\/luxor-34inch-3-shelf-heavy-duty-plastic-utility-cart-with-3-flat-shelves-300lb-weight-capacity-black-with-black-legs-24-x-18\/","name":"Luxor 34inch 3-Shelf Heavy Duty Plastic Cart with 3 Flat Shelves - 300lb Weight Capacity - Black with Black Legs - 24 x 18 - Ks Products","isPartOf":{"@id":"https:\/\/ksproducts.ca\/#website"},"primaryImageOfPage":{"@id":"https:\/\/ksproducts.ca\/product\/luxor-34inch-3-shelf-heavy-duty-plastic-utility-cart-with-3-flat-shelves-300lb-weight-capacity-black-with-black-legs-24-x-18\/#primaryimage"},"image":{"@id":"https:\/\/ksproducts.ca\/product\/luxor-34inch-3-shelf-heavy-duty-plastic-utility-cart-with-3-flat-shelves-300lb-weight-capacity-black-with-black-legs-24-x-18\/#primaryimage"},"thumbnailUrl":"https:\/\/ksproducts.ca\/wp-content\/uploads\/2026\/03\/Luxor-34inch-3-Shelf-Heavy-Duty-Plastic-Utility-Cart-with-3-Flat-Shelves-300lb-Weight-Capacity-Black-with-Black-Legs-24-x-18-1.jpg","datePublished":"2026-03-13T14:05:42+00:00","dateModified":"2026-03-13T14:10:55+00:00","breadcrumb":{"@id":"https:\/\/ksproducts.ca\/product\/luxor-34inch-3-shelf-heavy-duty-plastic-utility-cart-with-3-flat-shelves-300lb-weight-capacity-black-with-black-legs-24-x-18\/#breadcrumb"},"inLanguage":"fr-CA","potentialAction":[{"@type":"ReadAction","target":["https:\/\/ksproducts.ca\/product\/luxor-34inch-3-shelf-heavy-duty-plastic-utility-cart-with-3-flat-shelves-300lb-weight-capacity-black-with-black-legs-24-x-18\/"]}]},{"@type":"ImageObject","inLanguage":"fr-CA","@id":"https:\/\/ksproducts.ca\/product\/luxor-34inch-3-shelf-heavy-duty-plastic-utility-cart-with-3-flat-shelves-300lb-weight-capacity-black-with-black-legs-24-x-18\/#primaryimage","url":"https:\/\/ksproducts.ca\/wp-content\/uploads\/2026\/03\/Luxor-34inch-3-Shelf-Heavy-Duty-Plastic-Utility-Cart-with-3-Flat-Shelves-300lb-Weight-Capacity-Black-with-Black-Legs-24-x-18-1.jpg","contentUrl":"https:\/\/ksproducts.ca\/wp-content\/uploads\/2026\/03\/Luxor-34inch-3-Shelf-Heavy-Duty-Plastic-Utility-Cart-with-3-Flat-Shelves-300lb-Weight-Capacity-Black-with-Black-Legs-24-x-18-1.jpg","width":600,"height":600,"caption":"Luxor 34inch 3 Shelf Heavy Duty Plastic Utility Cart with 3 Flat Shelves 300lb Weight Capacity Black with Black Legs 24 x 18"},{"@type":"BreadcrumbList","@id":"https:\/\/ksproducts.ca\/product\/luxor-34inch-3-shelf-heavy-duty-plastic-utility-cart-with-3-flat-shelves-300lb-weight-capacity-black-with-black-legs-24-x-18\/#breadcrumb","itemListElement":[{"@type":"ListItem","position":1,"name":"Home","item":"https:\/\/ksproducts.ca\/"},{"@type":"ListItem","position":2,"name":"Shop","item":"https:\/\/ksproducts.ca\/shop\/"},{"@type":"ListItem","position":3,"name":"Luxor 34inch 3-Shelf Heavy Duty Plastic Utility Cart with 3 Flat Shelves &#8211; 300lb Weight Capacity &#8211; Black with Black Legs &#8211; 24 x 18"}]},{"@type":"WebSite","@id":"https:\/\/ksproducts.ca\/#website","url":"https:\/\/ksproducts.ca\/","name":"Produits Ks","description":"Cuisiner et vivre en plein air, c'est facile au Canada","publisher":{"@id":"https:\/\/ksproducts.ca\/#organization"},"potentialAction":[{"@type":"SearchAction","target":{"@type":"EntryPoint","urlTemplate":"https:\/\/ksproducts.ca\/?s={search_term_string}"},"query-input":{"@type":"PropertyValueSpecification","valueRequired":true,"valueName":"search_term_string"}}],"inLanguage":"fr-CA"},{"@type":"Organization","@id":"https:\/\/ksproducts.ca\/#organization","name":"Produits Ks","url":"https:\/\/ksproducts.ca\/","logo":{"@type":"ImageObject","inLanguage":"fr-CA","@id":"https:\/\/ksproducts.ca\/#\/schema\/logo\/image\/","url":"https:\/\/ksproducts.ca\/wp-content\/uploads\/2023\/09\/Kennedy-Sales-Logo-header-1.png","contentUrl":"https:\/\/ksproducts.ca\/wp-content\/uploads\/2023\/09\/Kennedy-Sales-Logo-header-1.png","width":150,"height":77,"caption":"Ks Products"},"image":{"@id":"https:\/\/ksproducts.ca\/#\/schema\/logo\/image\/"}}]}},"_links":{"self":[{"href":"https:\/\/ksproducts.ca\/fr\/wp-json\/wp\/v2\/product\/12624","targetHints":{"allow":["GET"]}}],"collection":[{"href":"https:\/\/ksproducts.ca\/fr\/wp-json\/wp\/v2\/product"}],"about":[{"href":"https:\/\/ksproducts.ca\/fr\/wp-json\/wp\/v2\/types\/product"}],"replies":[{"embeddable":true,"href":"https:\/\/ksproducts.ca\/fr\/wp-json\/wp\/v2\/comments?post=12624"}],"version-history":[{"count":2,"href":"https:\/\/ksproducts.ca\/fr\/wp-json\/wp\/v2\/product\/12624\/revisions"}],"predecessor-version":[{"id":12629,"href":"https:\/\/ksproducts.ca\/fr\/wp-json\/wp\/v2\/product\/12624\/revisions\/12629"}],"wp:featuredmedia":[{"embeddable":true,"href":"https:\/\/ksproducts.ca\/fr\/wp-json\/wp\/v2\/media\/12628"}],"wp:attachment":[{"href":"https:\/\/ksproducts.ca\/fr\/wp-json\/wp\/v2\/media?parent=12624"}],"wp:term":[{"taxonomy":"product_cat","embeddable":true,"href":"https:\/\/ksproducts.ca\/fr\/wp-json\/wp\/v2\/product_cat?post=12624"},{"taxonomy":"product_tag","embeddable":true,"href":"https:\/\/ksproducts.ca\/fr\/wp-json\/wp\/v2\/product_tag?post=12624"}],"curies":[{"name":"wp","href":"https:\/\/api.w.org\/{rel}","templated":true}]}}