{"id":12631,"date":"2026-03-13T14:17:04","date_gmt":"2026-03-13T14:17:04","guid":{"rendered":"https:\/\/ksproducts.ca\/?post_type=product&#038;p=12631"},"modified":"2026-03-13T14:17:05","modified_gmt":"2026-03-13T14:17:05","slug":"luxor-3-shelters-heavy-duty-plastic-utility-cart-with-lockable-drawer-and-lower-cabinet","status":"publish","type":"product","link":"https:\/\/ksproducts.ca\/fr\/product\/luxor-3-shelf-heavy-duty-plastic-utility-cart-with-lockable-drawer-and-lower-cabinet\/","title":{"rendered":"Luxor 3-Shelf Heavy Duty Plastic Utility Cart with Lockable Drawer and Lower Cabinet (Chariot utilitaire en plastique \u00e0 3 \u00e9tag\u00e8res avec tiroir verrouillable et armoire inf\u00e9rieure)"},"content":{"rendered":"<ul class=\"a-unordered-list a-vertical a-spacing-mini\">\n<li class=\"a-spacing-mini\"><span class=\"a-list-item\">Chariot utilitaire polyvalent parfait pour l'\u00e9quipement audio\/vid\u00e9o et plus encoreFabriqu\u00e9 en plastique moul\u00e9 recycl\u00e9 qui ne s'\u00e9caille pas, ne se d\u00e9forme pas, ne se raye pas, ne rouille pas et ne s'\u00e9caille pasTrois tablettes de 1,5\u2033 d'\u00e9paisseur, en plastique recycl\u00e9.<\/span><\/li>\n<\/ul>","protected":false},"excerpt":{"rendered":"<ul class=\"a-unordered-list a-vertical a-spacing-mini\">\n<li class=\"a-spacing-mini\"><span class=\"a-list-item\">Chariot utilitaire polyvalent parfait pour l'\u00e9quipement audio\/vid\u00e9o et plus encoreFabriqu\u00e9 en plastique moul\u00e9 recycl\u00e9 qui ne s'\u00e9caille pas, ne se d\u00e9forme pas, ne se raye pas, ne rouille pas et ne s'\u00e9caille pasTrois tablettes de 1,5\u2033 d'\u00e9paisseur, en plastique recycl\u00e9.<\/span><\/li>\n<\/ul>","protected":false},"featured_media":12632,"comment_status":"open","ping_status":"closed","template":"","meta":[],"product_cat":[433],"product_tag":[],"class_list":{"0":"post-12631","1":"product","2":"type-product","3":"status-publish","4":"has-post-thumbnail","6":"product_cat-utility-carts","7":"product_shipping_class-class-4","9":"first","10":"instock","11":"taxable","12":"shipping-taxable","13":"purchasable","14":"product-type-simple"},"yoast_head":"<!-- This site is optimized with the Yoast SEO plugin v27.4 - https:\/\/yoast.com\/product\/yoast-seo-wordpress\/ -->\n<title>Luxor 3-Shelf Heavy Duty Plastic Utility Cart with Lockable Drawer and Lower Cabinet - Ks Products<\/title>\n<meta name=\"robots\" content=\"index, follow, max-snippet:-1, max-image-preview:large, max-video-preview:-1\" \/>\n<link rel=\"canonical\" href=\"https:\/\/ksproducts.ca\/fr\/product\/luxor-3-shelters-heavy-duty-plastic-utility-cart-with-lockable-drawer-and-lower-cabinet\/\" \/>\n<meta property=\"og:locale\" content=\"fr_CA\" \/>\n<meta property=\"og:type\" content=\"article\" \/>\n<meta property=\"og:title\" content=\"Luxor 3-Shelf Heavy Duty Plastic Utility Cart with Lockable Drawer and Lower Cabinet - Ks Products\" \/>\n<meta property=\"og:description\" content=\"Multipurpose utility cart perfect for use with audio\/video equipment and moreMade of recycled molded plastic shelves that will not chip warp scratch rust or peelThree 1.5&quot;-thick\" \/>\n<meta property=\"og:url\" content=\"https:\/\/ksproducts.ca\/fr\/product\/luxor-3-shelters-heavy-duty-plastic-utility-cart-with-lockable-drawer-and-lower-cabinet\/\" \/>\n<meta property=\"og:site_name\" content=\"Ks Products\" \/>\n<meta property=\"article:modified_time\" content=\"2026-03-13T14:17:05+00:00\" \/>\n<meta property=\"og:image\" content=\"https:\/\/ksproducts.ca\/wp-content\/uploads\/2026\/03\/Luxor-3-Shelf-Heavy-Duty-Plastic-Utility-Cart-with-Lockable-Drawer-and-Lower-Cabinet.jpg\" \/>\n\t<meta property=\"og:image:width\" content=\"367\" \/>\n\t<meta property=\"og:image:height\" content=\"500\" \/>\n\t<meta property=\"og:image:type\" content=\"image\/jpeg\" \/>\n<meta name=\"twitter:card\" content=\"summary_large_image\" \/>\n<meta name=\"twitter:label1\" content=\"Estimation du temps de lecture\" \/>\n\t<meta name=\"twitter:data1\" content=\"1 minute\" \/>\n<script type=\"application\/ld+json\" class=\"yoast-schema-graph\">{\"@context\":\"https:\\\/\\\/schema.org\",\"@graph\":[{\"@type\":\"WebPage\",\"@id\":\"https:\\\/\\\/ksproducts.ca\\\/product\\\/luxor-3-shelf-heavy-duty-plastic-utility-cart-with-lockable-drawer-and-lower-cabinet\\\/\",\"url\":\"https:\\\/\\\/ksproducts.ca\\\/product\\\/luxor-3-shelf-heavy-duty-plastic-utility-cart-with-lockable-drawer-and-lower-cabinet\\\/\",\"name\":\"Luxor 3-Shelf Heavy Duty Plastic Utility Cart with Lockable Drawer and Lower Cabinet - Ks Products\",\"isPartOf\":{\"@id\":\"https:\\\/\\\/ksproducts.ca\\\/#website\"},\"primaryImageOfPage\":{\"@id\":\"https:\\\/\\\/ksproducts.ca\\\/product\\\/luxor-3-shelf-heavy-duty-plastic-utility-cart-with-lockable-drawer-and-lower-cabinet\\\/#primaryimage\"},\"image\":{\"@id\":\"https:\\\/\\\/ksproducts.ca\\\/product\\\/luxor-3-shelf-heavy-duty-plastic-utility-cart-with-lockable-drawer-and-lower-cabinet\\\/#primaryimage\"},\"thumbnailUrl\":\"https:\\\/\\\/ksproducts.ca\\\/wp-content\\\/uploads\\\/2026\\\/03\\\/Luxor-3-Shelf-Heavy-Duty-Plastic-Utility-Cart-with-Lockable-Drawer-and-Lower-Cabinet.jpg\",\"datePublished\":\"2026-03-13T14:17:04+00:00\",\"dateModified\":\"2026-03-13T14:17:05+00:00\",\"breadcrumb\":{\"@id\":\"https:\\\/\\\/ksproducts.ca\\\/product\\\/luxor-3-shelf-heavy-duty-plastic-utility-cart-with-lockable-drawer-and-lower-cabinet\\\/#breadcrumb\"},\"inLanguage\":\"fr-CA\",\"potentialAction\":[{\"@type\":\"ReadAction\",\"target\":[\"https:\\\/\\\/ksproducts.ca\\\/product\\\/luxor-3-shelf-heavy-duty-plastic-utility-cart-with-lockable-drawer-and-lower-cabinet\\\/\"]}]},{\"@type\":\"ImageObject\",\"inLanguage\":\"fr-CA\",\"@id\":\"https:\\\/\\\/ksproducts.ca\\\/product\\\/luxor-3-shelf-heavy-duty-plastic-utility-cart-with-lockable-drawer-and-lower-cabinet\\\/#primaryimage\",\"url\":\"https:\\\/\\\/ksproducts.ca\\\/wp-content\\\/uploads\\\/2026\\\/03\\\/Luxor-3-Shelf-Heavy-Duty-Plastic-Utility-Cart-with-Lockable-Drawer-and-Lower-Cabinet.jpg\",\"contentUrl\":\"https:\\\/\\\/ksproducts.ca\\\/wp-content\\\/uploads\\\/2026\\\/03\\\/Luxor-3-Shelf-Heavy-Duty-Plastic-Utility-Cart-with-Lockable-Drawer-and-Lower-Cabinet.jpg\",\"width\":367,\"height\":500,\"caption\":\"Luxor 3 Shelf Heavy Duty Plastic Utility Cart with Lockable Drawer and Lower Cabinet\"},{\"@type\":\"BreadcrumbList\",\"@id\":\"https:\\\/\\\/ksproducts.ca\\\/product\\\/luxor-3-shelf-heavy-duty-plastic-utility-cart-with-lockable-drawer-and-lower-cabinet\\\/#breadcrumb\",\"itemListElement\":[{\"@type\":\"ListItem\",\"position\":1,\"name\":\"Home\",\"item\":\"https:\\\/\\\/ksproducts.ca\\\/\"},{\"@type\":\"ListItem\",\"position\":2,\"name\":\"Shop\",\"item\":\"https:\\\/\\\/ksproducts.ca\\\/shop\\\/\"},{\"@type\":\"ListItem\",\"position\":3,\"name\":\"Luxor 3-Shelf Heavy Duty Plastic Utility Cart with Lockable Drawer and Lower Cabinet\"}]},{\"@type\":\"WebSite\",\"@id\":\"https:\\\/\\\/ksproducts.ca\\\/#website\",\"url\":\"https:\\\/\\\/ksproducts.ca\\\/\",\"name\":\"Ks Products\",\"description\":\"Outdoor cooking and living, made easy in Canada\",\"publisher\":{\"@id\":\"https:\\\/\\\/ksproducts.ca\\\/#organization\"},\"potentialAction\":[{\"@type\":\"SearchAction\",\"target\":{\"@type\":\"EntryPoint\",\"urlTemplate\":\"https:\\\/\\\/ksproducts.ca\\\/?s={search_term_string}\"},\"query-input\":{\"@type\":\"PropertyValueSpecification\",\"valueRequired\":true,\"valueName\":\"search_term_string\"}}],\"inLanguage\":\"fr-CA\"},{\"@type\":\"Organization\",\"@id\":\"https:\\\/\\\/ksproducts.ca\\\/#organization\",\"name\":\"Ks Products\",\"url\":\"https:\\\/\\\/ksproducts.ca\\\/\",\"logo\":{\"@type\":\"ImageObject\",\"inLanguage\":\"fr-CA\",\"@id\":\"https:\\\/\\\/ksproducts.ca\\\/#\\\/schema\\\/logo\\\/image\\\/\",\"url\":\"https:\\\/\\\/ksproducts.ca\\\/wp-content\\\/uploads\\\/2023\\\/09\\\/Kennedy-Sales-Logo-header-1.png\",\"contentUrl\":\"https:\\\/\\\/ksproducts.ca\\\/wp-content\\\/uploads\\\/2023\\\/09\\\/Kennedy-Sales-Logo-header-1.png\",\"width\":150,\"height\":77,\"caption\":\"Ks Products\"},\"image\":{\"@id\":\"https:\\\/\\\/ksproducts.ca\\\/#\\\/schema\\\/logo\\\/image\\\/\"}}]}<\/script>\n<!-- \/ Yoast SEO plugin. -->","yoast_head_json":{"title":"Luxor 3-Shelf Heavy Duty Plastic Utility Cart with Lockable Drawer and Lower Cabinet - Ks Products","robots":{"index":"index","follow":"follow","max-snippet":"max-snippet:-1","max-image-preview":"max-image-preview:large","max-video-preview":"max-video-preview:-1"},"canonical":"https:\/\/ksproducts.ca\/fr\/product\/luxor-3-shelters-heavy-duty-plastic-utility-cart-with-lockable-drawer-and-lower-cabinet\/","og_locale":"fr_CA","og_type":"article","og_title":"Luxor 3-Shelf Heavy Duty Plastic Utility Cart with Lockable Drawer and Lower Cabinet - Ks Products","og_description":"Multipurpose utility cart perfect for use with audio\/video equipment and moreMade of recycled molded plastic shelves that will not chip warp scratch rust or peelThree 1.5\"-thick","og_url":"https:\/\/ksproducts.ca\/fr\/product\/luxor-3-shelters-heavy-duty-plastic-utility-cart-with-lockable-drawer-and-lower-cabinet\/","og_site_name":"Ks Products","article_modified_time":"2026-03-13T14:17:05+00:00","og_image":[{"width":367,"height":500,"url":"https:\/\/ksproducts.ca\/wp-content\/uploads\/2026\/03\/Luxor-3-Shelf-Heavy-Duty-Plastic-Utility-Cart-with-Lockable-Drawer-and-Lower-Cabinet.jpg","type":"image\/jpeg"}],"twitter_card":"summary_large_image","twitter_misc":{"Estimation du temps de lecture":"1 minute"},"schema":{"@context":"https:\/\/schema.org","@graph":[{"@type":"WebPage","@id":"https:\/\/ksproducts.ca\/product\/luxor-3-shelf-heavy-duty-plastic-utility-cart-with-lockable-drawer-and-lower-cabinet\/","url":"https:\/\/ksproducts.ca\/product\/luxor-3-shelf-heavy-duty-plastic-utility-cart-with-lockable-drawer-and-lower-cabinet\/","name":"Luxor 3-Shelf Heavy Duty Plastic Utility Cart with Lockable Drawer and Lower Cabinet - Ks Products","isPartOf":{"@id":"https:\/\/ksproducts.ca\/#website"},"primaryImageOfPage":{"@id":"https:\/\/ksproducts.ca\/product\/luxor-3-shelf-heavy-duty-plastic-utility-cart-with-lockable-drawer-and-lower-cabinet\/#primaryimage"},"image":{"@id":"https:\/\/ksproducts.ca\/product\/luxor-3-shelf-heavy-duty-plastic-utility-cart-with-lockable-drawer-and-lower-cabinet\/#primaryimage"},"thumbnailUrl":"https:\/\/ksproducts.ca\/wp-content\/uploads\/2026\/03\/Luxor-3-Shelf-Heavy-Duty-Plastic-Utility-Cart-with-Lockable-Drawer-and-Lower-Cabinet.jpg","datePublished":"2026-03-13T14:17:04+00:00","dateModified":"2026-03-13T14:17:05+00:00","breadcrumb":{"@id":"https:\/\/ksproducts.ca\/product\/luxor-3-shelf-heavy-duty-plastic-utility-cart-with-lockable-drawer-and-lower-cabinet\/#breadcrumb"},"inLanguage":"fr-CA","potentialAction":[{"@type":"ReadAction","target":["https:\/\/ksproducts.ca\/product\/luxor-3-shelf-heavy-duty-plastic-utility-cart-with-lockable-drawer-and-lower-cabinet\/"]}]},{"@type":"ImageObject","inLanguage":"fr-CA","@id":"https:\/\/ksproducts.ca\/product\/luxor-3-shelf-heavy-duty-plastic-utility-cart-with-lockable-drawer-and-lower-cabinet\/#primaryimage","url":"https:\/\/ksproducts.ca\/wp-content\/uploads\/2026\/03\/Luxor-3-Shelf-Heavy-Duty-Plastic-Utility-Cart-with-Lockable-Drawer-and-Lower-Cabinet.jpg","contentUrl":"https:\/\/ksproducts.ca\/wp-content\/uploads\/2026\/03\/Luxor-3-Shelf-Heavy-Duty-Plastic-Utility-Cart-with-Lockable-Drawer-and-Lower-Cabinet.jpg","width":367,"height":500,"caption":"Luxor 3 Shelf Heavy Duty Plastic Utility Cart with Lockable Drawer and Lower Cabinet"},{"@type":"BreadcrumbList","@id":"https:\/\/ksproducts.ca\/product\/luxor-3-shelf-heavy-duty-plastic-utility-cart-with-lockable-drawer-and-lower-cabinet\/#breadcrumb","itemListElement":[{"@type":"ListItem","position":1,"name":"Home","item":"https:\/\/ksproducts.ca\/"},{"@type":"ListItem","position":2,"name":"Shop","item":"https:\/\/ksproducts.ca\/shop\/"},{"@type":"ListItem","position":3,"name":"Luxor 3-Shelf Heavy Duty Plastic Utility Cart with Lockable Drawer and Lower Cabinet"}]},{"@type":"WebSite","@id":"https:\/\/ksproducts.ca\/#website","url":"https:\/\/ksproducts.ca\/","name":"Produits Ks","description":"Cuisiner et vivre en plein air, c'est facile au Canada","publisher":{"@id":"https:\/\/ksproducts.ca\/#organization"},"potentialAction":[{"@type":"SearchAction","target":{"@type":"EntryPoint","urlTemplate":"https:\/\/ksproducts.ca\/?s={search_term_string}"},"query-input":{"@type":"PropertyValueSpecification","valueRequired":true,"valueName":"search_term_string"}}],"inLanguage":"fr-CA"},{"@type":"Organization","@id":"https:\/\/ksproducts.ca\/#organization","name":"Produits Ks","url":"https:\/\/ksproducts.ca\/","logo":{"@type":"ImageObject","inLanguage":"fr-CA","@id":"https:\/\/ksproducts.ca\/#\/schema\/logo\/image\/","url":"https:\/\/ksproducts.ca\/wp-content\/uploads\/2023\/09\/Kennedy-Sales-Logo-header-1.png","contentUrl":"https:\/\/ksproducts.ca\/wp-content\/uploads\/2023\/09\/Kennedy-Sales-Logo-header-1.png","width":150,"height":77,"caption":"Ks Products"},"image":{"@id":"https:\/\/ksproducts.ca\/#\/schema\/logo\/image\/"}}]}},"_links":{"self":[{"href":"https:\/\/ksproducts.ca\/fr\/wp-json\/wp\/v2\/product\/12631","targetHints":{"allow":["GET"]}}],"collection":[{"href":"https:\/\/ksproducts.ca\/fr\/wp-json\/wp\/v2\/product"}],"about":[{"href":"https:\/\/ksproducts.ca\/fr\/wp-json\/wp\/v2\/types\/product"}],"replies":[{"embeddable":true,"href":"https:\/\/ksproducts.ca\/fr\/wp-json\/wp\/v2\/comments?post=12631"}],"version-history":[{"count":1,"href":"https:\/\/ksproducts.ca\/fr\/wp-json\/wp\/v2\/product\/12631\/revisions"}],"predecessor-version":[{"id":12633,"href":"https:\/\/ksproducts.ca\/fr\/wp-json\/wp\/v2\/product\/12631\/revisions\/12633"}],"wp:featuredmedia":[{"embeddable":true,"href":"https:\/\/ksproducts.ca\/fr\/wp-json\/wp\/v2\/media\/12632"}],"wp:attachment":[{"href":"https:\/\/ksproducts.ca\/fr\/wp-json\/wp\/v2\/media?parent=12631"}],"wp:term":[{"taxonomy":"product_cat","embeddable":true,"href":"https:\/\/ksproducts.ca\/fr\/wp-json\/wp\/v2\/product_cat?post=12631"},{"taxonomy":"product_tag","embeddable":true,"href":"https:\/\/ksproducts.ca\/fr\/wp-json\/wp\/v2\/product_tag?post=12631"}],"curies":[{"name":"wp","href":"https:\/\/api.w.org\/{rel}","templated":true}]}}