{"id":12634,"date":"2026-03-13T14:20:05","date_gmt":"2026-03-13T14:20:05","guid":{"rendered":"https:\/\/ksproducts.ca\/?post_type=product&#038;p=12634"},"modified":"2026-03-13T14:20:05","modified_gmt":"2026-03-13T14:20:05","slug":"chariot-utilitaire-luxor-a-deux-etageres","status":"publish","type":"product","link":"https:\/\/ksproducts.ca\/fr\/product\/luxor-two-shelf-heavy-duty-utility-cart\/","title":{"rendered":"Chariot utilitaire Luxor \u00e0 deux \u00e9tag\u00e8res pour usage intensif"},"content":{"rendered":"<ul>\n<li>Fabriqu\u00e9 en r\u00e9sine thermoplastique moul\u00e9e par injection, il ne se tache pas, ne se raye pas, ne se cabosse pas et ne rouille pas.<\/li>\n<li>Les \u00e9tag\u00e8res de 2,5\u2033 de profondeur gardent les objets en s\u00e9curit\u00e9<\/li>\n<li>Les pieds sont construits comme des pi\u00e8ces d'angle plut\u00f4t que comme des pieds creux afin de cr\u00e9er un maximum d'espace pour les \u00e9tag\u00e8res.<\/li>\n<li>Con\u00e7u pour transf\u00e9rer en douceur des charges pesant jusqu'\u00e0 500 livres (r\u00e9parties uniform\u00e9ment).<\/li>\n<li>Deux options de roulettes (chacune avec deux freins de blocage) :\n<ul>\n<li>Roulettes robustes de 5\u2033.<\/li>\n<li>Roulettes semi-pneumatiques de 5\u2033.<\/li>\n<\/ul>\n<\/li>\n<\/ul>","protected":false},"excerpt":{"rendered":"<p>Le Luxor Two-Shelf Heavy Duty Utility Cart est un chariot robuste fabriqu\u00e9 en poly\u00e9thyl\u00e8ne haute densit\u00e9 (HDPE), connu pour son incroyable rapport r\u00e9sistance\/densit\u00e9, qui permet \u00e0 ce chariot de contenir et de transf\u00e9rer des charges allant jusqu'\u00e0 500 livres. Le PEHD est un mat\u00e9riau tr\u00e8s flexible et r\u00e9silient qui r\u00e9siste \u00e0 la chaleur jusqu'\u00e0 180 degr\u00e9s, ce qui en fait un chariot utilitaire in\u00e9branlable, construit pour durer. A la fois l\u00e9ger et robuste, ce chariot utilitaire roulant est id\u00e9al pour les restaurants, les garages, les bureaux ou tout autre endroit n\u00e9cessitant durabilit\u00e9 et solidit\u00e9.<\/p>","protected":false},"featured_media":12635,"comment_status":"open","ping_status":"closed","template":"","meta":[],"product_cat":[433],"product_tag":[],"class_list":{"0":"post-12634","1":"product","2":"type-product","3":"status-publish","4":"has-post-thumbnail","6":"product_cat-utility-carts","7":"product_shipping_class-class-4","9":"first","10":"instock","11":"taxable","12":"shipping-taxable","13":"purchasable","14":"product-type-simple"},"yoast_head":"<!-- This site is optimized with the Yoast SEO plugin v27.3 - https:\/\/yoast.com\/product\/yoast-seo-wordpress\/ -->\n<title>Luxor Two Shelf Heavy-Duty Utility cart - Ks Products<\/title>\n<meta name=\"robots\" content=\"index, follow, max-snippet:-1, max-image-preview:large, max-video-preview:-1\" \/>\n<link rel=\"canonical\" href=\"https:\/\/ksproducts.ca\/fr\/product\/chariot-utilitaire-luxor-a-deux-etageres\/\" \/>\n<meta property=\"og:locale\" content=\"fr_CA\" \/>\n<meta property=\"og:type\" content=\"article\" \/>\n<meta property=\"og:title\" content=\"Luxor Two Shelf Heavy-Duty Utility cart - Ks Products\" \/>\n<meta property=\"og:description\" content=\"The Luxor Two-Shelf Heavy Duty Utility Cart is a sturdy cart made of high-density polyethylene (HDPE), known for its incredible strength-to-density ratio, that enables this cart to hold and transfer loads up to 500 lbs. HDPE is a highly flexible, resilient material with heat resistance up to temperatures of 180 degrees, making this an unyielding utility cart that&#039;s built to last. Both lightweight and sturdy, this rolling utility cart is ideal for restaurants, garages, offices or anywhere requiring durability and strength.\" \/>\n<meta property=\"og:url\" content=\"https:\/\/ksproducts.ca\/fr\/product\/chariot-utilitaire-luxor-a-deux-etageres\/\" \/>\n<meta property=\"og:site_name\" content=\"Ks Products\" \/>\n<meta property=\"og:image\" content=\"https:\/\/ksproducts.ca\/wp-content\/uploads\/2026\/03\/Luxor-Two-Shelf-Heavy-Duty-Utility-cart.jpg\" \/>\n\t<meta property=\"og:image:width\" content=\"600\" \/>\n\t<meta property=\"og:image:height\" content=\"600\" \/>\n\t<meta property=\"og:image:type\" content=\"image\/jpeg\" \/>\n<meta name=\"twitter:card\" content=\"summary_large_image\" \/>\n<meta name=\"twitter:label1\" content=\"Estimation du temps de lecture\" \/>\n\t<meta name=\"twitter:data1\" content=\"1 minute\" \/>\n<script type=\"application\/ld+json\" class=\"yoast-schema-graph\">{\"@context\":\"https:\\\/\\\/schema.org\",\"@graph\":[{\"@type\":\"WebPage\",\"@id\":\"https:\\\/\\\/ksproducts.ca\\\/product\\\/luxor-two-shelf-heavy-duty-utility-cart\\\/\",\"url\":\"https:\\\/\\\/ksproducts.ca\\\/product\\\/luxor-two-shelf-heavy-duty-utility-cart\\\/\",\"name\":\"Luxor Two Shelf Heavy-Duty Utility cart - Ks Products\",\"isPartOf\":{\"@id\":\"https:\\\/\\\/ksproducts.ca\\\/#website\"},\"primaryImageOfPage\":{\"@id\":\"https:\\\/\\\/ksproducts.ca\\\/product\\\/luxor-two-shelf-heavy-duty-utility-cart\\\/#primaryimage\"},\"image\":{\"@id\":\"https:\\\/\\\/ksproducts.ca\\\/product\\\/luxor-two-shelf-heavy-duty-utility-cart\\\/#primaryimage\"},\"thumbnailUrl\":\"https:\\\/\\\/ksproducts.ca\\\/wp-content\\\/uploads\\\/2026\\\/03\\\/Luxor-Two-Shelf-Heavy-Duty-Utility-cart.jpg\",\"datePublished\":\"2026-03-13T14:20:05+00:00\",\"breadcrumb\":{\"@id\":\"https:\\\/\\\/ksproducts.ca\\\/product\\\/luxor-two-shelf-heavy-duty-utility-cart\\\/#breadcrumb\"},\"inLanguage\":\"fr-CA\",\"potentialAction\":[{\"@type\":\"ReadAction\",\"target\":[\"https:\\\/\\\/ksproducts.ca\\\/product\\\/luxor-two-shelf-heavy-duty-utility-cart\\\/\"]}]},{\"@type\":\"ImageObject\",\"inLanguage\":\"fr-CA\",\"@id\":\"https:\\\/\\\/ksproducts.ca\\\/product\\\/luxor-two-shelf-heavy-duty-utility-cart\\\/#primaryimage\",\"url\":\"https:\\\/\\\/ksproducts.ca\\\/wp-content\\\/uploads\\\/2026\\\/03\\\/Luxor-Two-Shelf-Heavy-Duty-Utility-cart.jpg\",\"contentUrl\":\"https:\\\/\\\/ksproducts.ca\\\/wp-content\\\/uploads\\\/2026\\\/03\\\/Luxor-Two-Shelf-Heavy-Duty-Utility-cart.jpg\",\"width\":600,\"height\":600,\"caption\":\"Luxor Two Shelf Heavy Duty Utility cart\"},{\"@type\":\"BreadcrumbList\",\"@id\":\"https:\\\/\\\/ksproducts.ca\\\/product\\\/luxor-two-shelf-heavy-duty-utility-cart\\\/#breadcrumb\",\"itemListElement\":[{\"@type\":\"ListItem\",\"position\":1,\"name\":\"Home\",\"item\":\"https:\\\/\\\/ksproducts.ca\\\/\"},{\"@type\":\"ListItem\",\"position\":2,\"name\":\"Shop\",\"item\":\"https:\\\/\\\/ksproducts.ca\\\/shop\\\/\"},{\"@type\":\"ListItem\",\"position\":3,\"name\":\"Luxor Two Shelf Heavy-Duty Utility cart\"}]},{\"@type\":\"WebSite\",\"@id\":\"https:\\\/\\\/ksproducts.ca\\\/#website\",\"url\":\"https:\\\/\\\/ksproducts.ca\\\/\",\"name\":\"Ks Products\",\"description\":\"Outdoor cooking and living, made easy in Canada\",\"publisher\":{\"@id\":\"https:\\\/\\\/ksproducts.ca\\\/#organization\"},\"potentialAction\":[{\"@type\":\"SearchAction\",\"target\":{\"@type\":\"EntryPoint\",\"urlTemplate\":\"https:\\\/\\\/ksproducts.ca\\\/?s={search_term_string}\"},\"query-input\":{\"@type\":\"PropertyValueSpecification\",\"valueRequired\":true,\"valueName\":\"search_term_string\"}}],\"inLanguage\":\"fr-CA\"},{\"@type\":\"Organization\",\"@id\":\"https:\\\/\\\/ksproducts.ca\\\/#organization\",\"name\":\"Ks Products\",\"url\":\"https:\\\/\\\/ksproducts.ca\\\/\",\"logo\":{\"@type\":\"ImageObject\",\"inLanguage\":\"fr-CA\",\"@id\":\"https:\\\/\\\/ksproducts.ca\\\/#\\\/schema\\\/logo\\\/image\\\/\",\"url\":\"https:\\\/\\\/ksproducts.ca\\\/wp-content\\\/uploads\\\/2023\\\/09\\\/Kennedy-Sales-Logo-header-1.png\",\"contentUrl\":\"https:\\\/\\\/ksproducts.ca\\\/wp-content\\\/uploads\\\/2023\\\/09\\\/Kennedy-Sales-Logo-header-1.png\",\"width\":150,\"height\":77,\"caption\":\"Ks Products\"},\"image\":{\"@id\":\"https:\\\/\\\/ksproducts.ca\\\/#\\\/schema\\\/logo\\\/image\\\/\"}}]}<\/script>\n<!-- \/ Yoast SEO plugin. -->","yoast_head_json":{"title":"Chariot utilitaire Luxor \u00e0 deux \u00e9tag\u00e8res - Ks Products","robots":{"index":"index","follow":"follow","max-snippet":"max-snippet:-1","max-image-preview":"max-image-preview:large","max-video-preview":"max-video-preview:-1"},"canonical":"https:\/\/ksproducts.ca\/fr\/product\/chariot-utilitaire-luxor-a-deux-etageres\/","og_locale":"fr_CA","og_type":"article","og_title":"Luxor Two Shelf Heavy-Duty Utility cart - Ks Products","og_description":"The Luxor Two-Shelf Heavy Duty Utility Cart is a sturdy cart made of high-density polyethylene (HDPE), known for its incredible strength-to-density ratio, that enables this cart to hold and transfer loads up to 500 lbs. HDPE is a highly flexible, resilient material with heat resistance up to temperatures of 180 degrees, making this an unyielding utility cart that's built to last. Both lightweight and sturdy, this rolling utility cart is ideal for restaurants, garages, offices or anywhere requiring durability and strength.","og_url":"https:\/\/ksproducts.ca\/fr\/product\/chariot-utilitaire-luxor-a-deux-etageres\/","og_site_name":"Ks Products","og_image":[{"width":600,"height":600,"url":"https:\/\/ksproducts.ca\/wp-content\/uploads\/2026\/03\/Luxor-Two-Shelf-Heavy-Duty-Utility-cart.jpg","type":"image\/jpeg"}],"twitter_card":"summary_large_image","twitter_misc":{"Estimation du temps de lecture":"1 minute"},"schema":{"@context":"https:\/\/schema.org","@graph":[{"@type":"WebPage","@id":"https:\/\/ksproducts.ca\/product\/luxor-two-shelf-heavy-duty-utility-cart\/","url":"https:\/\/ksproducts.ca\/product\/luxor-two-shelf-heavy-duty-utility-cart\/","name":"Chariot utilitaire Luxor \u00e0 deux \u00e9tag\u00e8res - Ks Products","isPartOf":{"@id":"https:\/\/ksproducts.ca\/#website"},"primaryImageOfPage":{"@id":"https:\/\/ksproducts.ca\/product\/luxor-two-shelf-heavy-duty-utility-cart\/#primaryimage"},"image":{"@id":"https:\/\/ksproducts.ca\/product\/luxor-two-shelf-heavy-duty-utility-cart\/#primaryimage"},"thumbnailUrl":"https:\/\/ksproducts.ca\/wp-content\/uploads\/2026\/03\/Luxor-Two-Shelf-Heavy-Duty-Utility-cart.jpg","datePublished":"2026-03-13T14:20:05+00:00","breadcrumb":{"@id":"https:\/\/ksproducts.ca\/product\/luxor-two-shelf-heavy-duty-utility-cart\/#breadcrumb"},"inLanguage":"fr-CA","potentialAction":[{"@type":"ReadAction","target":["https:\/\/ksproducts.ca\/product\/luxor-two-shelf-heavy-duty-utility-cart\/"]}]},{"@type":"ImageObject","inLanguage":"fr-CA","@id":"https:\/\/ksproducts.ca\/product\/luxor-two-shelf-heavy-duty-utility-cart\/#primaryimage","url":"https:\/\/ksproducts.ca\/wp-content\/uploads\/2026\/03\/Luxor-Two-Shelf-Heavy-Duty-Utility-cart.jpg","contentUrl":"https:\/\/ksproducts.ca\/wp-content\/uploads\/2026\/03\/Luxor-Two-Shelf-Heavy-Duty-Utility-cart.jpg","width":600,"height":600,"caption":"Luxor Two Shelf Heavy Duty Utility cart"},{"@type":"BreadcrumbList","@id":"https:\/\/ksproducts.ca\/product\/luxor-two-shelf-heavy-duty-utility-cart\/#breadcrumb","itemListElement":[{"@type":"ListItem","position":1,"name":"Home","item":"https:\/\/ksproducts.ca\/"},{"@type":"ListItem","position":2,"name":"Shop","item":"https:\/\/ksproducts.ca\/shop\/"},{"@type":"ListItem","position":3,"name":"Luxor Two Shelf Heavy-Duty Utility cart"}]},{"@type":"WebSite","@id":"https:\/\/ksproducts.ca\/#website","url":"https:\/\/ksproducts.ca\/","name":"Produits Ks","description":"Cuisiner et vivre en plein air, c'est facile au Canada","publisher":{"@id":"https:\/\/ksproducts.ca\/#organization"},"potentialAction":[{"@type":"SearchAction","target":{"@type":"EntryPoint","urlTemplate":"https:\/\/ksproducts.ca\/?s={search_term_string}"},"query-input":{"@type":"PropertyValueSpecification","valueRequired":true,"valueName":"search_term_string"}}],"inLanguage":"fr-CA"},{"@type":"Organization","@id":"https:\/\/ksproducts.ca\/#organization","name":"Produits Ks","url":"https:\/\/ksproducts.ca\/","logo":{"@type":"ImageObject","inLanguage":"fr-CA","@id":"https:\/\/ksproducts.ca\/#\/schema\/logo\/image\/","url":"https:\/\/ksproducts.ca\/wp-content\/uploads\/2023\/09\/Kennedy-Sales-Logo-header-1.png","contentUrl":"https:\/\/ksproducts.ca\/wp-content\/uploads\/2023\/09\/Kennedy-Sales-Logo-header-1.png","width":150,"height":77,"caption":"Ks Products"},"image":{"@id":"https:\/\/ksproducts.ca\/#\/schema\/logo\/image\/"}}]}},"_links":{"self":[{"href":"https:\/\/ksproducts.ca\/fr\/wp-json\/wp\/v2\/product\/12634","targetHints":{"allow":["GET"]}}],"collection":[{"href":"https:\/\/ksproducts.ca\/fr\/wp-json\/wp\/v2\/product"}],"about":[{"href":"https:\/\/ksproducts.ca\/fr\/wp-json\/wp\/v2\/types\/product"}],"replies":[{"embeddable":true,"href":"https:\/\/ksproducts.ca\/fr\/wp-json\/wp\/v2\/comments?post=12634"}],"version-history":[{"count":1,"href":"https:\/\/ksproducts.ca\/fr\/wp-json\/wp\/v2\/product\/12634\/revisions"}],"predecessor-version":[{"id":12636,"href":"https:\/\/ksproducts.ca\/fr\/wp-json\/wp\/v2\/product\/12634\/revisions\/12636"}],"wp:featuredmedia":[{"embeddable":true,"href":"https:\/\/ksproducts.ca\/fr\/wp-json\/wp\/v2\/media\/12635"}],"wp:attachment":[{"href":"https:\/\/ksproducts.ca\/fr\/wp-json\/wp\/v2\/media?parent=12634"}],"wp:term":[{"taxonomy":"product_cat","embeddable":true,"href":"https:\/\/ksproducts.ca\/fr\/wp-json\/wp\/v2\/product_cat?post=12634"},{"taxonomy":"product_tag","embeddable":true,"href":"https:\/\/ksproducts.ca\/fr\/wp-json\/wp\/v2\/product_tag?post=12634"}],"curies":[{"name":"wp","href":"https:\/\/api.w.org\/{rel}","templated":true}]}}