{"id":12737,"date":"2026-03-16T17:58:26","date_gmt":"2026-03-16T17:58:26","guid":{"rendered":"https:\/\/ksproducts.ca\/?post_type=product&#038;p=12737"},"modified":"2026-03-16T17:58:26","modified_gmt":"2026-03-16T17:58:26","slug":"cat-4-piece-16ft-ratchet-tie-down-set-with-rubber-coated-hooks-3000lb-work-capacity","status":"publish","type":"product","link":"https:\/\/ksproducts.ca\/fr\/product\/cat-4-piece-16ft-ratchet-tie-down-set-with-rubber-coated-hooks-3000lb-work-capacity\/","title":{"rendered":"CAT 4-piece 16ft Ratchet Tie Down Set with Rubber-Coated Hooks - 3,000lb Work Capacity"},"content":{"rendered":"<p>Cet ensemble de 4 pi\u00e8ces comprend des sangles de 16 pieds de long par 1-1\/2 pouces de large avec une force de travail de 1 000 livres et une force de rupture de 3 000 livres. Elles sont con\u00e7ues et fabriqu\u00e9es pour fonctionner dans les t\u00e2ches et les conditions les plus exigeantes. Ces sangles ne sont pas seulement esth\u00e9tiques, elles sont aussi solides, performantes et pratiques. Toutes nos sangles d'arrimage sont fabriqu\u00e9es avec des mat\u00e9riaux de premi\u00e8re qualit\u00e9 et sont con\u00e7ues pour offrir des performances constantes. Les sangles CAT sont l\u00e0 quand vous en avez besoin, con\u00e7ues pour une large gamme d'applications au travail, dans les loisirs et partout ailleurs.<\/p>","protected":false},"excerpt":{"rendered":"<ul>\n<li>16 ft L x 1-1\/2 in W ; 1,000 pounds of working strength ; 3,000 pounds breaking strength<\/li>\n<li>Les crochets rev\u00eatus de caoutchouc \u00e9vitent les rayures, les \u00e9raflures et autres dommages \u00e0 votre chargement et \u00e0 votre v\u00e9hicule.<\/li>\n<li>Parfait pour d\u00e9placer des meubles, s\u00e9curiser des \u00e9quipements de sport, des planches de surf, des v\u00e9los, des VTT, des motos, des tondeuses, du bois, des caisses et bien plus encore.<\/li>\n<\/ul>","protected":false},"featured_media":12739,"comment_status":"open","ping_status":"closed","template":"","meta":[],"product_cat":[451],"product_tag":[],"class_list":{"0":"post-12737","1":"product","2":"type-product","3":"status-publish","4":"has-post-thumbnail","6":"product_cat-tools-equipment","7":"product_shipping_class-class-1","9":"first","10":"instock","11":"taxable","12":"shipping-taxable","13":"purchasable","14":"product-type-simple"},"yoast_head":"<!-- This site is optimized with the Yoast SEO plugin v27.4 - https:\/\/yoast.com\/product\/yoast-seo-wordpress\/ -->\n<title>CAT 4-piece 16ft Ratchet Tie Down Set with Rubber-Coated Hooks - 3,000lb Work Capacity - Ks Products<\/title>\n<meta name=\"robots\" content=\"index, follow, max-snippet:-1, max-image-preview:large, max-video-preview:-1\" \/>\n<link rel=\"canonical\" href=\"https:\/\/ksproducts.ca\/fr\/product\/cat-4-piece-16ft-ratchet-tie-down-set-with-rubber-coated-hooks-3000lb-work-capacity\/\" \/>\n<meta property=\"og:locale\" content=\"fr_CA\" \/>\n<meta property=\"og:type\" content=\"article\" \/>\n<meta property=\"og:title\" content=\"CAT 4-piece 16ft Ratchet Tie Down Set with Rubber-Coated Hooks - 3,000lb Work Capacity - Ks Products\" \/>\n<meta property=\"og:description\" content=\"16 ft L x 1-1\/2 in W; 1,000 pounds of working strength; 3,000 pounds breaking strength  Rubber coated hooks help to prevent scratches, scuffs or other damage to both your cargo and your vehicle  Perfect for moving furniture, securing sports gear, surfboards, bicycles, ATVs, motorcycles, mowers, lumber, crates and more\" \/>\n<meta property=\"og:url\" content=\"https:\/\/ksproducts.ca\/fr\/product\/cat-4-piece-16ft-ratchet-tie-down-set-with-rubber-coated-hooks-3000lb-work-capacity\/\" \/>\n<meta property=\"og:site_name\" content=\"Ks Products\" \/>\n<meta property=\"og:image\" content=\"https:\/\/ksproducts.ca\/wp-content\/uploads\/2026\/03\/CAT-4-piece-16ft-Ratchet-Tie-Down-Set-with-Rubber-Coated-Hooks-3000lb-Work-Capacity.jpg\" \/>\n\t<meta property=\"og:image:width\" content=\"600\" \/>\n\t<meta property=\"og:image:height\" content=\"600\" \/>\n\t<meta property=\"og:image:type\" content=\"image\/jpeg\" \/>\n<meta name=\"twitter:card\" content=\"summary_large_image\" \/>\n<meta name=\"twitter:label1\" content=\"Estimation du temps de lecture\" \/>\n\t<meta name=\"twitter:data1\" content=\"1 minute\" \/>\n<script type=\"application\/ld+json\" class=\"yoast-schema-graph\">{\"@context\":\"https:\\\/\\\/schema.org\",\"@graph\":[{\"@type\":\"WebPage\",\"@id\":\"https:\\\/\\\/ksproducts.ca\\\/product\\\/cat-4-piece-16ft-ratchet-tie-down-set-with-rubber-coated-hooks-3000lb-work-capacity\\\/\",\"url\":\"https:\\\/\\\/ksproducts.ca\\\/product\\\/cat-4-piece-16ft-ratchet-tie-down-set-with-rubber-coated-hooks-3000lb-work-capacity\\\/\",\"name\":\"CAT 4-piece 16ft Ratchet Tie Down Set with Rubber-Coated Hooks - 3,000lb Work Capacity - Ks Products\",\"isPartOf\":{\"@id\":\"https:\\\/\\\/ksproducts.ca\\\/#website\"},\"primaryImageOfPage\":{\"@id\":\"https:\\\/\\\/ksproducts.ca\\\/product\\\/cat-4-piece-16ft-ratchet-tie-down-set-with-rubber-coated-hooks-3000lb-work-capacity\\\/#primaryimage\"},\"image\":{\"@id\":\"https:\\\/\\\/ksproducts.ca\\\/product\\\/cat-4-piece-16ft-ratchet-tie-down-set-with-rubber-coated-hooks-3000lb-work-capacity\\\/#primaryimage\"},\"thumbnailUrl\":\"https:\\\/\\\/ksproducts.ca\\\/wp-content\\\/uploads\\\/2026\\\/03\\\/CAT-4-piece-16ft-Ratchet-Tie-Down-Set-with-Rubber-Coated-Hooks-3000lb-Work-Capacity.jpg\",\"datePublished\":\"2026-03-16T17:58:26+00:00\",\"breadcrumb\":{\"@id\":\"https:\\\/\\\/ksproducts.ca\\\/product\\\/cat-4-piece-16ft-ratchet-tie-down-set-with-rubber-coated-hooks-3000lb-work-capacity\\\/#breadcrumb\"},\"inLanguage\":\"fr-CA\",\"potentialAction\":[{\"@type\":\"ReadAction\",\"target\":[\"https:\\\/\\\/ksproducts.ca\\\/product\\\/cat-4-piece-16ft-ratchet-tie-down-set-with-rubber-coated-hooks-3000lb-work-capacity\\\/\"]}]},{\"@type\":\"ImageObject\",\"inLanguage\":\"fr-CA\",\"@id\":\"https:\\\/\\\/ksproducts.ca\\\/product\\\/cat-4-piece-16ft-ratchet-tie-down-set-with-rubber-coated-hooks-3000lb-work-capacity\\\/#primaryimage\",\"url\":\"https:\\\/\\\/ksproducts.ca\\\/wp-content\\\/uploads\\\/2026\\\/03\\\/CAT-4-piece-16ft-Ratchet-Tie-Down-Set-with-Rubber-Coated-Hooks-3000lb-Work-Capacity.jpg\",\"contentUrl\":\"https:\\\/\\\/ksproducts.ca\\\/wp-content\\\/uploads\\\/2026\\\/03\\\/CAT-4-piece-16ft-Ratchet-Tie-Down-Set-with-Rubber-Coated-Hooks-3000lb-Work-Capacity.jpg\",\"width\":600,\"height\":600,\"caption\":\"CAT 4 piece 16ft Ratchet Tie Down Set with Rubber Coated Hooks 3,000lb Work Capacity\"},{\"@type\":\"BreadcrumbList\",\"@id\":\"https:\\\/\\\/ksproducts.ca\\\/product\\\/cat-4-piece-16ft-ratchet-tie-down-set-with-rubber-coated-hooks-3000lb-work-capacity\\\/#breadcrumb\",\"itemListElement\":[{\"@type\":\"ListItem\",\"position\":1,\"name\":\"Home\",\"item\":\"https:\\\/\\\/ksproducts.ca\\\/\"},{\"@type\":\"ListItem\",\"position\":2,\"name\":\"Shop\",\"item\":\"https:\\\/\\\/ksproducts.ca\\\/shop\\\/\"},{\"@type\":\"ListItem\",\"position\":3,\"name\":\"CAT 4-piece 16ft Ratchet Tie Down Set with Rubber-Coated Hooks &#8211; 3,000lb Work Capacity\"}]},{\"@type\":\"WebSite\",\"@id\":\"https:\\\/\\\/ksproducts.ca\\\/#website\",\"url\":\"https:\\\/\\\/ksproducts.ca\\\/\",\"name\":\"Ks Products\",\"description\":\"Outdoor cooking and living, made easy in Canada\",\"publisher\":{\"@id\":\"https:\\\/\\\/ksproducts.ca\\\/#organization\"},\"potentialAction\":[{\"@type\":\"SearchAction\",\"target\":{\"@type\":\"EntryPoint\",\"urlTemplate\":\"https:\\\/\\\/ksproducts.ca\\\/?s={search_term_string}\"},\"query-input\":{\"@type\":\"PropertyValueSpecification\",\"valueRequired\":true,\"valueName\":\"search_term_string\"}}],\"inLanguage\":\"fr-CA\"},{\"@type\":\"Organization\",\"@id\":\"https:\\\/\\\/ksproducts.ca\\\/#organization\",\"name\":\"Ks Products\",\"url\":\"https:\\\/\\\/ksproducts.ca\\\/\",\"logo\":{\"@type\":\"ImageObject\",\"inLanguage\":\"fr-CA\",\"@id\":\"https:\\\/\\\/ksproducts.ca\\\/#\\\/schema\\\/logo\\\/image\\\/\",\"url\":\"https:\\\/\\\/ksproducts.ca\\\/wp-content\\\/uploads\\\/2023\\\/09\\\/Kennedy-Sales-Logo-header-1.png\",\"contentUrl\":\"https:\\\/\\\/ksproducts.ca\\\/wp-content\\\/uploads\\\/2023\\\/09\\\/Kennedy-Sales-Logo-header-1.png\",\"width\":150,\"height\":77,\"caption\":\"Ks Products\"},\"image\":{\"@id\":\"https:\\\/\\\/ksproducts.ca\\\/#\\\/schema\\\/logo\\\/image\\\/\"}}]}<\/script>\n<!-- \/ Yoast SEO plugin. -->","yoast_head_json":{"title":"CAT 4-piece 16ft Ratchet Tie Down Set with Rubber-Coated Hooks - 3,000lb Work Capacity - Ks Products","robots":{"index":"index","follow":"follow","max-snippet":"max-snippet:-1","max-image-preview":"max-image-preview:large","max-video-preview":"max-video-preview:-1"},"canonical":"https:\/\/ksproducts.ca\/fr\/product\/cat-4-piece-16ft-ratchet-tie-down-set-with-rubber-coated-hooks-3000lb-work-capacity\/","og_locale":"fr_CA","og_type":"article","og_title":"CAT 4-piece 16ft Ratchet Tie Down Set with Rubber-Coated Hooks - 3,000lb Work Capacity - Ks Products","og_description":"16 ft L x 1-1\/2 in W; 1,000 pounds of working strength; 3,000 pounds breaking strength  Rubber coated hooks help to prevent scratches, scuffs or other damage to both your cargo and your vehicle  Perfect for moving furniture, securing sports gear, surfboards, bicycles, ATVs, motorcycles, mowers, lumber, crates and more","og_url":"https:\/\/ksproducts.ca\/fr\/product\/cat-4-piece-16ft-ratchet-tie-down-set-with-rubber-coated-hooks-3000lb-work-capacity\/","og_site_name":"Ks Products","og_image":[{"width":600,"height":600,"url":"https:\/\/ksproducts.ca\/wp-content\/uploads\/2026\/03\/CAT-4-piece-16ft-Ratchet-Tie-Down-Set-with-Rubber-Coated-Hooks-3000lb-Work-Capacity.jpg","type":"image\/jpeg"}],"twitter_card":"summary_large_image","twitter_misc":{"Estimation du temps de lecture":"1 minute"},"schema":{"@context":"https:\/\/schema.org","@graph":[{"@type":"WebPage","@id":"https:\/\/ksproducts.ca\/product\/cat-4-piece-16ft-ratchet-tie-down-set-with-rubber-coated-hooks-3000lb-work-capacity\/","url":"https:\/\/ksproducts.ca\/product\/cat-4-piece-16ft-ratchet-tie-down-set-with-rubber-coated-hooks-3000lb-work-capacity\/","name":"CAT 4-piece 16ft Ratchet Tie Down Set with Rubber-Coated Hooks - 3,000lb Work Capacity - Ks Products","isPartOf":{"@id":"https:\/\/ksproducts.ca\/#website"},"primaryImageOfPage":{"@id":"https:\/\/ksproducts.ca\/product\/cat-4-piece-16ft-ratchet-tie-down-set-with-rubber-coated-hooks-3000lb-work-capacity\/#primaryimage"},"image":{"@id":"https:\/\/ksproducts.ca\/product\/cat-4-piece-16ft-ratchet-tie-down-set-with-rubber-coated-hooks-3000lb-work-capacity\/#primaryimage"},"thumbnailUrl":"https:\/\/ksproducts.ca\/wp-content\/uploads\/2026\/03\/CAT-4-piece-16ft-Ratchet-Tie-Down-Set-with-Rubber-Coated-Hooks-3000lb-Work-Capacity.jpg","datePublished":"2026-03-16T17:58:26+00:00","breadcrumb":{"@id":"https:\/\/ksproducts.ca\/product\/cat-4-piece-16ft-ratchet-tie-down-set-with-rubber-coated-hooks-3000lb-work-capacity\/#breadcrumb"},"inLanguage":"fr-CA","potentialAction":[{"@type":"ReadAction","target":["https:\/\/ksproducts.ca\/product\/cat-4-piece-16ft-ratchet-tie-down-set-with-rubber-coated-hooks-3000lb-work-capacity\/"]}]},{"@type":"ImageObject","inLanguage":"fr-CA","@id":"https:\/\/ksproducts.ca\/product\/cat-4-piece-16ft-ratchet-tie-down-set-with-rubber-coated-hooks-3000lb-work-capacity\/#primaryimage","url":"https:\/\/ksproducts.ca\/wp-content\/uploads\/2026\/03\/CAT-4-piece-16ft-Ratchet-Tie-Down-Set-with-Rubber-Coated-Hooks-3000lb-Work-Capacity.jpg","contentUrl":"https:\/\/ksproducts.ca\/wp-content\/uploads\/2026\/03\/CAT-4-piece-16ft-Ratchet-Tie-Down-Set-with-Rubber-Coated-Hooks-3000lb-Work-Capacity.jpg","width":600,"height":600,"caption":"CAT 4 piece 16ft Ratchet Tie Down Set with Rubber Coated Hooks 3,000lb Work Capacity"},{"@type":"BreadcrumbList","@id":"https:\/\/ksproducts.ca\/product\/cat-4-piece-16ft-ratchet-tie-down-set-with-rubber-coated-hooks-3000lb-work-capacity\/#breadcrumb","itemListElement":[{"@type":"ListItem","position":1,"name":"Home","item":"https:\/\/ksproducts.ca\/"},{"@type":"ListItem","position":2,"name":"Shop","item":"https:\/\/ksproducts.ca\/shop\/"},{"@type":"ListItem","position":3,"name":"CAT 4-piece 16ft Ratchet Tie Down Set with Rubber-Coated Hooks &#8211; 3,000lb Work Capacity"}]},{"@type":"WebSite","@id":"https:\/\/ksproducts.ca\/#website","url":"https:\/\/ksproducts.ca\/","name":"Produits Ks","description":"Cuisiner et vivre en plein air, c'est facile au Canada","publisher":{"@id":"https:\/\/ksproducts.ca\/#organization"},"potentialAction":[{"@type":"SearchAction","target":{"@type":"EntryPoint","urlTemplate":"https:\/\/ksproducts.ca\/?s={search_term_string}"},"query-input":{"@type":"PropertyValueSpecification","valueRequired":true,"valueName":"search_term_string"}}],"inLanguage":"fr-CA"},{"@type":"Organization","@id":"https:\/\/ksproducts.ca\/#organization","name":"Produits Ks","url":"https:\/\/ksproducts.ca\/","logo":{"@type":"ImageObject","inLanguage":"fr-CA","@id":"https:\/\/ksproducts.ca\/#\/schema\/logo\/image\/","url":"https:\/\/ksproducts.ca\/wp-content\/uploads\/2023\/09\/Kennedy-Sales-Logo-header-1.png","contentUrl":"https:\/\/ksproducts.ca\/wp-content\/uploads\/2023\/09\/Kennedy-Sales-Logo-header-1.png","width":150,"height":77,"caption":"Ks Products"},"image":{"@id":"https:\/\/ksproducts.ca\/#\/schema\/logo\/image\/"}}]}},"_links":{"self":[{"href":"https:\/\/ksproducts.ca\/fr\/wp-json\/wp\/v2\/product\/12737","targetHints":{"allow":["GET"]}}],"collection":[{"href":"https:\/\/ksproducts.ca\/fr\/wp-json\/wp\/v2\/product"}],"about":[{"href":"https:\/\/ksproducts.ca\/fr\/wp-json\/wp\/v2\/types\/product"}],"replies":[{"embeddable":true,"href":"https:\/\/ksproducts.ca\/fr\/wp-json\/wp\/v2\/comments?post=12737"}],"version-history":[{"count":1,"href":"https:\/\/ksproducts.ca\/fr\/wp-json\/wp\/v2\/product\/12737\/revisions"}],"predecessor-version":[{"id":12740,"href":"https:\/\/ksproducts.ca\/fr\/wp-json\/wp\/v2\/product\/12737\/revisions\/12740"}],"wp:featuredmedia":[{"embeddable":true,"href":"https:\/\/ksproducts.ca\/fr\/wp-json\/wp\/v2\/media\/12739"}],"wp:attachment":[{"href":"https:\/\/ksproducts.ca\/fr\/wp-json\/wp\/v2\/media?parent=12737"}],"wp:term":[{"taxonomy":"product_cat","embeddable":true,"href":"https:\/\/ksproducts.ca\/fr\/wp-json\/wp\/v2\/product_cat?post=12737"},{"taxonomy":"product_tag","embeddable":true,"href":"https:\/\/ksproducts.ca\/fr\/wp-json\/wp\/v2\/product_tag?post=12737"}],"curies":[{"name":"wp","href":"https:\/\/api.w.org\/{rel}","templated":true}]}}