{"id":12741,"date":"2026-03-16T18:01:28","date_gmt":"2026-03-16T18:01:28","guid":{"rendered":"https:\/\/ksproducts.ca\/?post_type=product&#038;p=12741"},"modified":"2026-03-16T18:01:28","modified_gmt":"2026-03-16T18:01:28","slug":"cat-lighting-3000-lumen-led-job-site-worklight-with-rotating-stand-and-handle","status":"publish","type":"product","link":"https:\/\/ksproducts.ca\/fr\/product\/cat-lighting-3000-lumen-led-job-site-worklight-with-rotating-stand-and-handle\/","title":{"rendered":"CAT Lighting Lampe de travail de chantier \u00e0 LED 3000 lumens avec support et poign\u00e9e rotatifs"},"content":{"rendered":"<ul class=\"a-unordered-list a-vertical a-spacing-mini\">\n<li class=\"a-spacing-mini\"><span class=\"a-list-item\">Rendement lumineux de 3 000 lumens<\/span><\/li>\n<li class=\"a-spacing-mini\"><span class=\"a-list-item\">Aliment\u00e9 par un cordon d'alimentation (inclus)<\/span><\/li>\n<li class=\"a-spacing-mini\"><span class=\"a-list-item\">Support rotatif et poign\u00e9e<\/span><\/li>\n<li class=\"a-spacing-mini\"><span class=\"a-list-item\">Protection robuste du pare-chocs<\/span><\/li>\n<li class=\"a-spacing-mini\"><span class=\"a-list-item\">R\u00e9sistant \u00e0 l'eau et aux chocs<\/span><\/li>\n<\/ul>","protected":false},"excerpt":{"rendered":"<p>La lampe de travail stationnaire est dot\u00e9e d'un corps en aluminium robuste et r\u00e9sistant, avec protection par pare-chocs, pour r\u00e9sister aux chantiers les plus difficiles. La LED COB produit 3000 lumens, ce qui est suffisant pour \u00e9clairer les situations les plus exigeantes. La poign\u00e9e \u00e0 cliquet facilite le transport et sert de support r\u00e9glable pour positionner facilement la lampe l\u00e0 o\u00f9 elle est n\u00e9cessaire. Aliment\u00e9e par un cordon secteur, cette lampe de travail fiable est toujours pr\u00eate \u00e0 l'emploi et ne tombe jamais en panne d'\u00e9lectricit\u00e9.<\/p>","protected":false},"featured_media":12742,"comment_status":"open","ping_status":"closed","template":"","meta":[],"product_cat":[451],"product_tag":[],"class_list":{"0":"post-12741","1":"product","2":"type-product","3":"status-publish","4":"has-post-thumbnail","6":"product_cat-tools-equipment","7":"product_shipping_class-class-1","9":"first","10":"instock","11":"taxable","12":"shipping-taxable","13":"purchasable","14":"product-type-simple"},"yoast_head":"<!-- This site is optimized with the Yoast SEO plugin v27.4 - https:\/\/yoast.com\/product\/yoast-seo-wordpress\/ -->\n<title>CAT Lighting 3000 Lumen LED Job Site Worklight with Rotating Stand and Handle - Ks Products<\/title>\n<meta name=\"robots\" content=\"index, follow, max-snippet:-1, max-image-preview:large, max-video-preview:-1\" \/>\n<link rel=\"canonical\" href=\"https:\/\/ksproducts.ca\/fr\/product\/cat-lighting-3000-lumen-led-job-site-worklight-with-rotating-stand-and-handle\/\" \/>\n<meta property=\"og:locale\" content=\"fr_CA\" \/>\n<meta property=\"og:type\" content=\"article\" \/>\n<meta property=\"og:title\" content=\"CAT Lighting 3000 Lumen LED Job Site Worklight with Rotating Stand and Handle - Ks Products\" \/>\n<meta property=\"og:description\" content=\"The Stationary Worklight boasts a rugged and heavy duty aluminum body with bumper protection, to withstand the toughest job sites. The COB LED produces 3000 lumens, plenty of illumination for even the most demanding situations. The ratcheting handle provides easy portability and doubles as an adjustable stand to easily position the light wherever it is needed. Powered by A\/C cord, this dependable worklight is always ready to go, and never runs out of power.\" \/>\n<meta property=\"og:url\" content=\"https:\/\/ksproducts.ca\/fr\/product\/cat-lighting-3000-lumen-led-job-site-worklight-with-rotating-stand-and-handle\/\" \/>\n<meta property=\"og:site_name\" content=\"Ks Products\" \/>\n<meta property=\"og:image\" content=\"https:\/\/ksproducts.ca\/wp-content\/uploads\/2026\/03\/CAT-Lighting-3000-Lumen-LED-Job-Site-Worklight-with-Rotating-Stand-and-Handle.jpg\" \/>\n\t<meta property=\"og:image:width\" content=\"679\" \/>\n\t<meta property=\"og:image:height\" content=\"477\" \/>\n\t<meta property=\"og:image:type\" content=\"image\/jpeg\" \/>\n<meta name=\"twitter:card\" content=\"summary_large_image\" \/>\n<meta name=\"twitter:label1\" content=\"Estimation du temps de lecture\" \/>\n\t<meta name=\"twitter:data1\" content=\"1 minute\" \/>\n<script type=\"application\/ld+json\" class=\"yoast-schema-graph\">{\"@context\":\"https:\\\/\\\/schema.org\",\"@graph\":[{\"@type\":\"WebPage\",\"@id\":\"https:\\\/\\\/ksproducts.ca\\\/product\\\/cat-lighting-3000-lumen-led-job-site-worklight-with-rotating-stand-and-handle\\\/\",\"url\":\"https:\\\/\\\/ksproducts.ca\\\/product\\\/cat-lighting-3000-lumen-led-job-site-worklight-with-rotating-stand-and-handle\\\/\",\"name\":\"CAT Lighting 3000 Lumen LED Job Site Worklight with Rotating Stand and Handle - Ks Products\",\"isPartOf\":{\"@id\":\"https:\\\/\\\/ksproducts.ca\\\/#website\"},\"primaryImageOfPage\":{\"@id\":\"https:\\\/\\\/ksproducts.ca\\\/product\\\/cat-lighting-3000-lumen-led-job-site-worklight-with-rotating-stand-and-handle\\\/#primaryimage\"},\"image\":{\"@id\":\"https:\\\/\\\/ksproducts.ca\\\/product\\\/cat-lighting-3000-lumen-led-job-site-worklight-with-rotating-stand-and-handle\\\/#primaryimage\"},\"thumbnailUrl\":\"https:\\\/\\\/ksproducts.ca\\\/wp-content\\\/uploads\\\/2026\\\/03\\\/CAT-Lighting-3000-Lumen-LED-Job-Site-Worklight-with-Rotating-Stand-and-Handle.jpg\",\"datePublished\":\"2026-03-16T18:01:28+00:00\",\"breadcrumb\":{\"@id\":\"https:\\\/\\\/ksproducts.ca\\\/product\\\/cat-lighting-3000-lumen-led-job-site-worklight-with-rotating-stand-and-handle\\\/#breadcrumb\"},\"inLanguage\":\"fr-CA\",\"potentialAction\":[{\"@type\":\"ReadAction\",\"target\":[\"https:\\\/\\\/ksproducts.ca\\\/product\\\/cat-lighting-3000-lumen-led-job-site-worklight-with-rotating-stand-and-handle\\\/\"]}]},{\"@type\":\"ImageObject\",\"inLanguage\":\"fr-CA\",\"@id\":\"https:\\\/\\\/ksproducts.ca\\\/product\\\/cat-lighting-3000-lumen-led-job-site-worklight-with-rotating-stand-and-handle\\\/#primaryimage\",\"url\":\"https:\\\/\\\/ksproducts.ca\\\/wp-content\\\/uploads\\\/2026\\\/03\\\/CAT-Lighting-3000-Lumen-LED-Job-Site-Worklight-with-Rotating-Stand-and-Handle.jpg\",\"contentUrl\":\"https:\\\/\\\/ksproducts.ca\\\/wp-content\\\/uploads\\\/2026\\\/03\\\/CAT-Lighting-3000-Lumen-LED-Job-Site-Worklight-with-Rotating-Stand-and-Handle.jpg\",\"width\":679,\"height\":477,\"caption\":\"CAT Lighting 3000 Lumen LED Job Site Worklight with Rotating Stand and Handle\"},{\"@type\":\"BreadcrumbList\",\"@id\":\"https:\\\/\\\/ksproducts.ca\\\/product\\\/cat-lighting-3000-lumen-led-job-site-worklight-with-rotating-stand-and-handle\\\/#breadcrumb\",\"itemListElement\":[{\"@type\":\"ListItem\",\"position\":1,\"name\":\"Home\",\"item\":\"https:\\\/\\\/ksproducts.ca\\\/\"},{\"@type\":\"ListItem\",\"position\":2,\"name\":\"Shop\",\"item\":\"https:\\\/\\\/ksproducts.ca\\\/shop\\\/\"},{\"@type\":\"ListItem\",\"position\":3,\"name\":\"CAT Lighting 3000 Lumen LED Job Site Worklight with Rotating Stand and Handle\"}]},{\"@type\":\"WebSite\",\"@id\":\"https:\\\/\\\/ksproducts.ca\\\/#website\",\"url\":\"https:\\\/\\\/ksproducts.ca\\\/\",\"name\":\"Ks Products\",\"description\":\"Outdoor cooking and living, made easy in Canada\",\"publisher\":{\"@id\":\"https:\\\/\\\/ksproducts.ca\\\/#organization\"},\"potentialAction\":[{\"@type\":\"SearchAction\",\"target\":{\"@type\":\"EntryPoint\",\"urlTemplate\":\"https:\\\/\\\/ksproducts.ca\\\/?s={search_term_string}\"},\"query-input\":{\"@type\":\"PropertyValueSpecification\",\"valueRequired\":true,\"valueName\":\"search_term_string\"}}],\"inLanguage\":\"fr-CA\"},{\"@type\":\"Organization\",\"@id\":\"https:\\\/\\\/ksproducts.ca\\\/#organization\",\"name\":\"Ks Products\",\"url\":\"https:\\\/\\\/ksproducts.ca\\\/\",\"logo\":{\"@type\":\"ImageObject\",\"inLanguage\":\"fr-CA\",\"@id\":\"https:\\\/\\\/ksproducts.ca\\\/#\\\/schema\\\/logo\\\/image\\\/\",\"url\":\"https:\\\/\\\/ksproducts.ca\\\/wp-content\\\/uploads\\\/2023\\\/09\\\/Kennedy-Sales-Logo-header-1.png\",\"contentUrl\":\"https:\\\/\\\/ksproducts.ca\\\/wp-content\\\/uploads\\\/2023\\\/09\\\/Kennedy-Sales-Logo-header-1.png\",\"width\":150,\"height\":77,\"caption\":\"Ks Products\"},\"image\":{\"@id\":\"https:\\\/\\\/ksproducts.ca\\\/#\\\/schema\\\/logo\\\/image\\\/\"}}]}<\/script>\n<!-- \/ Yoast SEO plugin. -->","yoast_head_json":{"title":"CAT Lighting Lampe de travail de chantier \u00e0 LED 3000 lumens avec support et poign\u00e9e rotatifs - Ks Products","robots":{"index":"index","follow":"follow","max-snippet":"max-snippet:-1","max-image-preview":"max-image-preview:large","max-video-preview":"max-video-preview:-1"},"canonical":"https:\/\/ksproducts.ca\/fr\/product\/cat-lighting-3000-lumen-led-job-site-worklight-with-rotating-stand-and-handle\/","og_locale":"fr_CA","og_type":"article","og_title":"CAT Lighting 3000 Lumen LED Job Site Worklight with Rotating Stand and Handle - Ks Products","og_description":"The Stationary Worklight boasts a rugged and heavy duty aluminum body with bumper protection, to withstand the toughest job sites. The COB LED produces 3000 lumens, plenty of illumination for even the most demanding situations. The ratcheting handle provides easy portability and doubles as an adjustable stand to easily position the light wherever it is needed. Powered by A\/C cord, this dependable worklight is always ready to go, and never runs out of power.","og_url":"https:\/\/ksproducts.ca\/fr\/product\/cat-lighting-3000-lumen-led-job-site-worklight-with-rotating-stand-and-handle\/","og_site_name":"Ks Products","og_image":[{"width":679,"height":477,"url":"https:\/\/ksproducts.ca\/wp-content\/uploads\/2026\/03\/CAT-Lighting-3000-Lumen-LED-Job-Site-Worklight-with-Rotating-Stand-and-Handle.jpg","type":"image\/jpeg"}],"twitter_card":"summary_large_image","twitter_misc":{"Estimation du temps de lecture":"1 minute"},"schema":{"@context":"https:\/\/schema.org","@graph":[{"@type":"WebPage","@id":"https:\/\/ksproducts.ca\/product\/cat-lighting-3000-lumen-led-job-site-worklight-with-rotating-stand-and-handle\/","url":"https:\/\/ksproducts.ca\/product\/cat-lighting-3000-lumen-led-job-site-worklight-with-rotating-stand-and-handle\/","name":"CAT Lighting Lampe de travail de chantier \u00e0 LED 3000 lumens avec support et poign\u00e9e rotatifs - Ks Products","isPartOf":{"@id":"https:\/\/ksproducts.ca\/#website"},"primaryImageOfPage":{"@id":"https:\/\/ksproducts.ca\/product\/cat-lighting-3000-lumen-led-job-site-worklight-with-rotating-stand-and-handle\/#primaryimage"},"image":{"@id":"https:\/\/ksproducts.ca\/product\/cat-lighting-3000-lumen-led-job-site-worklight-with-rotating-stand-and-handle\/#primaryimage"},"thumbnailUrl":"https:\/\/ksproducts.ca\/wp-content\/uploads\/2026\/03\/CAT-Lighting-3000-Lumen-LED-Job-Site-Worklight-with-Rotating-Stand-and-Handle.jpg","datePublished":"2026-03-16T18:01:28+00:00","breadcrumb":{"@id":"https:\/\/ksproducts.ca\/product\/cat-lighting-3000-lumen-led-job-site-worklight-with-rotating-stand-and-handle\/#breadcrumb"},"inLanguage":"fr-CA","potentialAction":[{"@type":"ReadAction","target":["https:\/\/ksproducts.ca\/product\/cat-lighting-3000-lumen-led-job-site-worklight-with-rotating-stand-and-handle\/"]}]},{"@type":"ImageObject","inLanguage":"fr-CA","@id":"https:\/\/ksproducts.ca\/product\/cat-lighting-3000-lumen-led-job-site-worklight-with-rotating-stand-and-handle\/#primaryimage","url":"https:\/\/ksproducts.ca\/wp-content\/uploads\/2026\/03\/CAT-Lighting-3000-Lumen-LED-Job-Site-Worklight-with-Rotating-Stand-and-Handle.jpg","contentUrl":"https:\/\/ksproducts.ca\/wp-content\/uploads\/2026\/03\/CAT-Lighting-3000-Lumen-LED-Job-Site-Worklight-with-Rotating-Stand-and-Handle.jpg","width":679,"height":477,"caption":"CAT Lighting 3000 Lumen LED Job Site Worklight with Rotating Stand and Handle"},{"@type":"BreadcrumbList","@id":"https:\/\/ksproducts.ca\/product\/cat-lighting-3000-lumen-led-job-site-worklight-with-rotating-stand-and-handle\/#breadcrumb","itemListElement":[{"@type":"ListItem","position":1,"name":"Home","item":"https:\/\/ksproducts.ca\/"},{"@type":"ListItem","position":2,"name":"Shop","item":"https:\/\/ksproducts.ca\/shop\/"},{"@type":"ListItem","position":3,"name":"CAT Lighting 3000 Lumen LED Job Site Worklight with Rotating Stand and Handle"}]},{"@type":"WebSite","@id":"https:\/\/ksproducts.ca\/#website","url":"https:\/\/ksproducts.ca\/","name":"Produits Ks","description":"Cuisiner et vivre en plein air, c'est facile au Canada","publisher":{"@id":"https:\/\/ksproducts.ca\/#organization"},"potentialAction":[{"@type":"SearchAction","target":{"@type":"EntryPoint","urlTemplate":"https:\/\/ksproducts.ca\/?s={search_term_string}"},"query-input":{"@type":"PropertyValueSpecification","valueRequired":true,"valueName":"search_term_string"}}],"inLanguage":"fr-CA"},{"@type":"Organization","@id":"https:\/\/ksproducts.ca\/#organization","name":"Produits Ks","url":"https:\/\/ksproducts.ca\/","logo":{"@type":"ImageObject","inLanguage":"fr-CA","@id":"https:\/\/ksproducts.ca\/#\/schema\/logo\/image\/","url":"https:\/\/ksproducts.ca\/wp-content\/uploads\/2023\/09\/Kennedy-Sales-Logo-header-1.png","contentUrl":"https:\/\/ksproducts.ca\/wp-content\/uploads\/2023\/09\/Kennedy-Sales-Logo-header-1.png","width":150,"height":77,"caption":"Ks Products"},"image":{"@id":"https:\/\/ksproducts.ca\/#\/schema\/logo\/image\/"}}]}},"_links":{"self":[{"href":"https:\/\/ksproducts.ca\/fr\/wp-json\/wp\/v2\/product\/12741","targetHints":{"allow":["GET"]}}],"collection":[{"href":"https:\/\/ksproducts.ca\/fr\/wp-json\/wp\/v2\/product"}],"about":[{"href":"https:\/\/ksproducts.ca\/fr\/wp-json\/wp\/v2\/types\/product"}],"replies":[{"embeddable":true,"href":"https:\/\/ksproducts.ca\/fr\/wp-json\/wp\/v2\/comments?post=12741"}],"version-history":[{"count":1,"href":"https:\/\/ksproducts.ca\/fr\/wp-json\/wp\/v2\/product\/12741\/revisions"}],"predecessor-version":[{"id":12743,"href":"https:\/\/ksproducts.ca\/fr\/wp-json\/wp\/v2\/product\/12741\/revisions\/12743"}],"wp:featuredmedia":[{"embeddable":true,"href":"https:\/\/ksproducts.ca\/fr\/wp-json\/wp\/v2\/media\/12742"}],"wp:attachment":[{"href":"https:\/\/ksproducts.ca\/fr\/wp-json\/wp\/v2\/media?parent=12741"}],"wp:term":[{"taxonomy":"product_cat","embeddable":true,"href":"https:\/\/ksproducts.ca\/fr\/wp-json\/wp\/v2\/product_cat?post=12741"},{"taxonomy":"product_tag","embeddable":true,"href":"https:\/\/ksproducts.ca\/fr\/wp-json\/wp\/v2\/product_tag?post=12741"}],"curies":[{"name":"wp","href":"https:\/\/api.w.org\/{rel}","templated":true}]}}